{"id":64140,"date":"2025-01-10T14:30:20","date_gmt":"2025-01-10T14:30:20","guid":{"rendered":"https:\/\/www.star-ts.com\/kundrecensioner\/"},"modified":"2025-01-10T14:30:21","modified_gmt":"2025-01-10T14:30:21","slug":"kundrecensioner","status":"publish","type":"page","link":"https:\/\/www.star-ts.com\/sv\/kundrecensioner\/","title":{"rendered":"Kundrecensioner"},"content":{"rendered":"\n\n<style type=\"text\/css\" data-created_by=\"avia_inline_auto\" id=\"style-css-av-ia9rmr-3cdb3cc7a942eb948d4c44dfdcf92c7e\">\n.flex_column.av-ia9rmr-3cdb3cc7a942eb948d4c44dfdcf92c7e{\nborder-radius:0px 0px 0px 0px;\npadding:0px 0px 0px 0px;\n}\n<\/style>\n<div  class='flex_column av-ia9rmr-3cdb3cc7a942eb948d4c44dfdcf92c7e av_one_full  avia-builder-el-1  el_after_av_codeblock  el_before_av_one_full  first flex_column_div av-zero-column-padding  '     ><section  class='av_textblock_section av-klmc8pzr-3b0f8616c759a87cffafd8a2c8732d14 '   itemscope=\"itemscope\" itemtype=\"https:\/\/schema.org\/CreativeWork\" ><div class='avia_textblock'  itemprop=\"text\" ><h1>Kundrecensioner<\/h1>\n<p>S\u00e5 h\u00e4r s\u00e4ger v\u00e5ra kunder om oss.<\/p>\n<p><strong><a href=\"https:\/\/g.page\/startranslation\/review?rc\">Recension f\u00f6r STAR Translation p\u00e5 Google<\/a><\/strong><\/p>\n<p>Vi skulle uppskatta din \u00e5terkoppling. Den hj\u00e4lper oss att f\u00f6rb\u00e4ttras och hj\u00e4lper andra som letar efter \u00f6vers\u00e4ttningstj\u00e4nster att ta ett beslut.<\/p>\n<\/div><\/section><\/div>\n\n<style type=\"text\/css\" data-created_by=\"avia_inline_auto\" id=\"style-css-av-n1uw6b-d3fa0957191b093b48994a91f31855cb\">\n.flex_column.av-n1uw6b-d3fa0957191b093b48994a91f31855cb{\nborder-radius:0px 0px 0px 0px;\npadding:0px 0px 0px 0px;\n}\n<\/style>\n<div  class='flex_column av-n1uw6b-d3fa0957191b093b48994a91f31855cb av_one_full  avia-builder-el-3  el_after_av_one_full  avia-builder-el-last  first flex_column_div av-zero-column-padding  column-top-margin'     ><section  class='av_textblock_section av-klmcwo81-4bf23f3074e11f241e7f25b10734b452 '   itemscope=\"itemscope\" itemtype=\"https:\/\/schema.org\/CreativeWork\" ><div class='avia_textblock'  itemprop=\"text\" ><h2><strong>Google-recensioner:<\/strong><\/h2>\n<\/div><\/section><br \/>\n<br \/>\n<\/p><\/div>\n","protected":false},"excerpt":{"rendered":"<p>Kundrecensioner: S\u00e5 h\u00e4r s\u00e4ger v\u00e5ra kunder om oss. L\u00e4s v\u00e5ra kunders Google-recensioner.<\/p>\n","protected":false},"author":1,"featured_media":0,"parent":0,"menu_order":0,"comment_status":"closed","ping_status":"closed","template":"","meta":{"footnotes":""},"class_list":["post-64140","page","type-page","status-publish","hentry"],"_links":{"self":[{"href":"https:\/\/www.star-ts.com\/sv\/wp-json\/wp\/v2\/pages\/64140","targetHints":{"allow":["GET"]}}],"collection":[{"href":"https:\/\/www.star-ts.com\/sv\/wp-json\/wp\/v2\/pages"}],"about":[{"href":"https:\/\/www.star-ts.com\/sv\/wp-json\/wp\/v2\/types\/page"}],"author":[{"embeddable":true,"href":"https:\/\/www.star-ts.com\/sv\/wp-json\/wp\/v2\/users\/1"}],"replies":[{"embeddable":true,"href":"https:\/\/www.star-ts.com\/sv\/wp-json\/wp\/v2\/comments?post=64140"}],"version-history":[{"count":0,"href":"https:\/\/www.star-ts.com\/sv\/wp-json\/wp\/v2\/pages\/64140\/revisions"}],"wp:attachment":[{"href":"https:\/\/www.star-ts.com\/sv\/wp-json\/wp\/v2\/media?parent=64140"}],"curies":[{"name":"wp","href":"https:\/\/api.w.org\/{rel}","templated":true}]}}