{"id":64005,"date":"2025-01-06T12:37:46","date_gmt":"2025-01-06T12:37:46","guid":{"rendered":"https:\/\/www.star-ts.com\/varfor-valja-star\/"},"modified":"2025-03-13T10:16:02","modified_gmt":"2025-03-13T10:16:02","slug":"varfor-valja-star","status":"publish","type":"page","link":"https:\/\/www.star-ts.com\/sv\/varfor-valja-star\/","title":{"rendered":"Varf\u00f6r v\u00e4lja STAR?"},"content":{"rendered":"<div id='full_slider_1'  class='avia-fullwidth-slider main_color avia-shadow av-small-hide av-mini-hide  avia-builder-el-0  el_before_av_one_full  avia-builder-el-first   container_wrap sidebar_right'  ><div  class='avia-slideshow av-klcao0se-fac136216d0ea1526c04dc90703d8579 avia-slideshow-featured av_slideshow_full avia-slide-slider av-small-hide av-mini-hide av-slideshow-ui av-control-default av-slideshow-manual av-loop-once av-loop-manual-endless av-default-height-applied   avia-slideshow-1' data-slideshow-options=\"{&quot;animation&quot;:&quot;slide&quot;,&quot;autoplay&quot;:false,&quot;loop_autoplay&quot;:&quot;once&quot;,&quot;interval&quot;:5,&quot;loop_manual&quot;:&quot;manual-endless&quot;,&quot;autoplay_stopper&quot;:false,&quot;noNavigation&quot;:false,&quot;bg_slider&quot;:false,&quot;keep_padding&quot;:false,&quot;hoverpause&quot;:false,&quot;show_slide_delay&quot;:0}\"  itemprop=\"image\" itemscope=\"itemscope\" itemtype=\"https:\/\/schema.org\/ImageObject\" ><ul class='avia-slideshow-inner ' style='padding-bottom: 28.666666666667%;'><li  class='avia-slideshow-slide av-klcao0se-fac136216d0ea1526c04dc90703d8579__0  av-single-slide slide-1 slide-odd'><div data-rel='slideshow-1' class='avia-slide-wrap '   ><img decoding=\"async\" fetchpriority=\"high\" class=\"wp-image-71932 avia-img-lazy-loading-not-71932\"  src=\"https:\/\/www.star-ts.com\/wp-content\/uploads\/2018\/04\/people-photos-1500x430.jpg\" width=\"1500\" height=\"430\" title='Allt handlar om m\u00e4nniskor.' alt='M\u00e4nniskor'  itemprop=\"thumbnailUrl\"   \/><\/div><\/li><\/ul><\/div><\/div><div id='after_full_slider_1'  class='main_color av_default_container_wrap container_wrap sidebar_right'  ><div class='container av-section-cont-open' ><div class='template-page content  av-content-small alpha units'><div class='post-entry post-entry-type-page post-entry-64005'><div class='entry-content-wrapper clearfix'>\n\n<style type=\"text\/css\" data-created_by=\"avia_inline_auto\" id=\"style-css-av-3ve02e2-d4cf126e183294843c387446abad501c\">\n.flex_column.av-3ve02e2-d4cf126e183294843c387446abad501c{\nborder-radius:0px 0px 0px 0px;\npadding:0px 0px 0px 0px;\n}\n<\/style>\n<div  class='flex_column av-3ve02e2-d4cf126e183294843c387446abad501c av_one_full  avia-builder-el-1  el_after_av_slideshow_full  el_before_av_one_full  avia-builder-el-first  first flex_column_div av-zero-column-padding  '     ><section  class='av_textblock_section av-fsevq2-0206f48b5518bb3f8458cbc26244d696 '   itemscope=\"itemscope\" itemtype=\"https:\/\/schema.org\/CreativeWork\" ><div class='avia_textblock'  itemprop=\"text\" ><h1>Varf\u00f6r v\u00e4lja STAR Translation?<\/h1>\n<p>Vi arbetar med f\u00f6retag v\u00e4rlden \u00f6ver och \u00f6vers\u00e4tter deras material s\u00e5 att de kan \u00f6ka f\u00f6rs\u00e4ljningen internationellt. S\u00e5 h\u00e4r s\u00e4ger v\u00e5ra kunder om oss.<\/p>\n<\/div><\/section><\/div>\n\n<style type=\"text\/css\" data-created_by=\"avia_inline_auto\" id=\"style-css-av-3dayke2-4c423a56193509261098345985f9c15a\">\n.flex_column.av-3dayke2-4c423a56193509261098345985f9c15a{\nborder-radius:0px 0px 0px 0px;\npadding:0px 0px 0px 0px;\n}\n<\/style>\n<div  class='flex_column av-3dayke2-4c423a56193509261098345985f9c15a av_one_full  avia-builder-el-3  el_after_av_one_full  el_before_av_one_full  first flex_column_div av-zero-column-padding  column-top-margin'     ><section  class='av_textblock_section av-3ghe2uy-4a1551541daaf496a1d20848feb579b6 '   itemscope=\"itemscope\" itemtype=\"https:\/\/schema.org\/CreativeWork\" ><div class='avia_textblock'  itemprop=\"text\" ><h2>Allt p\u00e5 ett st\u00e4lle<\/h2>\n<p>\u201dDet \u00e4r enkelt att kommunicera med STAR. De fixar allt fr\u00e5n \u00f6vers\u00e4ttning och spr\u00e5k\u00f6vergripande desktop publishing till narration, undertexter och till och med webbdesign. De \u00e4r snabba, p\u00e5litliga och erbjuder allt p\u00e5 ett st\u00e4lle; tekniska kunskaper i kombination med branscherfarenhet som \u00e4r relevant f\u00f6r oss.\u201d<\/p>\n<\/div><\/section><\/div>\n\n<style type=\"text\/css\" data-created_by=\"avia_inline_auto\" id=\"style-css-av-2sz8tx6-168ec6f62b238013309eec7e95663be8\">\n.flex_column.av-2sz8tx6-168ec6f62b238013309eec7e95663be8{\nborder-radius:0px 0px 0px 0px;\npadding:0px 0px 0px 0px;\n}\n<\/style>\n<div  class='flex_column av-2sz8tx6-168ec6f62b238013309eec7e95663be8 av_one_full  avia-builder-el-5  el_after_av_one_full  el_before_av_one_full  first flex_column_div av-zero-column-padding  column-top-margin'     ><section  class='av_textblock_section av-2nneyt6-06ce277d1a68b2bd9519078b6129992f '   itemscope=\"itemscope\" itemtype=\"https:\/\/schema.org\/CreativeWork\" ><div class='avia_textblock'  itemprop=\"text\" ><h2>Certifierad kvalitet<\/h2>\n<p>\u201dSTAR levererar \u00f6vers\u00e4ttningar med konsekvent kvalitetsniv\u00e5 till konkurrenskraftiga priser och har representanter v\u00e4rlden \u00f6ver som hj\u00e4lper oss med det vi beh\u00f6ver.\u201d\u00a0 \u201dSTAR \u00e4r fantastiska p\u00e5 l\u00e5nga, ing\u00e5ende texter: de \u00f6versatte 1\u00a0000 sidor \u00e5t oss utan omarbetningar.\u201d\u00a0 Det \u00e4r vad ISO 9001- och ISO 17100-certifieringarna betyder f\u00f6r oss.<\/p>\n<\/div><\/section><\/div>\n\n<style type=\"text\/css\" data-created_by=\"avia_inline_auto\" id=\"style-css-av-2k9yjei-ca8470171b913f7bf4a8450d1dc5d62b\">\n.flex_column.av-2k9yjei-ca8470171b913f7bf4a8450d1dc5d62b{\nborder-radius:0px 0px 0px 0px;\npadding:0px 0px 0px 0px;\n}\n<\/style>\n<div  class='flex_column av-2k9yjei-ca8470171b913f7bf4a8450d1dc5d62b av_one_full  avia-builder-el-7  el_after_av_one_full  el_before_av_one_full  first flex_column_div av-zero-column-padding  column-top-margin'     ><section  class='av_textblock_section av-1sj7w4a-fbb2ca74a76f73eb719fc477c638598c '   itemscope=\"itemscope\" itemtype=\"https:\/\/schema.org\/CreativeWork\" ><div class='avia_textblock'  itemprop=\"text\" ><h2>Enkel och smidig projekthantering<\/h2>\n<p>\u201dDe har v\u00e4ldigt bra projekthantering. Projektinformationen \u00e4r korrekt och utf\u00f6rlig, och v\u00e5r projektledare \u00e4r kundfokuserad, \u00e4rlig, praktisk och l\u00e4tt att f\u00e5 tag p\u00e5. Det g\u00e5r alltid att ringa n\u00e4r vi beh\u00f6ver.\u201d<\/p>\n<\/div><\/section><\/div>\n\n<style type=\"text\/css\" data-created_by=\"avia_inline_auto\" id=\"style-css-av-q5anwa-b2f9ddf1094e55f21880189a99002e68\">\n.flex_column.av-q5anwa-b2f9ddf1094e55f21880189a99002e68{\nborder-radius:0px 0px 0px 0px;\npadding:0px 0px 0px 0px;\n}\n<\/style>\n<div  class='flex_column av-q5anwa-b2f9ddf1094e55f21880189a99002e68 av_one_full  avia-builder-el-9  el_after_av_one_full  el_before_av_one_full  first flex_column_div av-zero-column-padding  column-top-margin'     ><section  class='av_textblock_section av-km0lpklc-d5b9cd49b88aa5edb10b90bd13f5ae9b '   itemscope=\"itemscope\" itemtype=\"https:\/\/schema.org\/CreativeWork\" ><div class='avia_textblock'  itemprop=\"text\" ><h2>Kundrecensioner<\/h2>\n<p>L\u00e4s vad v\u00e5ra kunder tycker om oss p\u00e5 <a href=\"https:\/\/www.star-ts.com\/sv\/kundrecensioner\/\">Google Review<\/a>.<\/p>\n<\/div><\/section><\/div>\n<div  class='flex_column av-1qkfgai-9d45e6ffbf26484e88de04c9d8477737 av_one_full  avia-builder-el-11  el_after_av_one_full  avia-builder-el-last  first flex_column_div  column-top-margin'     ><section  class='av_textblock_section av-1388jei-d0e115fde34c2d3ccf1e9d36c6c2c7f8 '   itemscope=\"itemscope\" itemtype=\"https:\/\/schema.org\/CreativeWork\" ><div class='avia_textblock'  itemprop=\"text\" ><div  class='avia-button-wrap avia-button-center  avia-builder-el-13  avia-builder-el-no-sibling '>\n<style type=\"text\/css\" data-created_by=\"avia_inline_auto\" id=\"style-css-av-miyvkq-d887c640e49132dfa3563daaf67a848a\">\n#top #wrap_all .avia-button.av-miyvkq-d887c640e49132dfa3563daaf67a848a:hover{\ncolor:white;\ntransition:all 0.4s ease-in-out;\n}\n#top #wrap_all .avia-button.av-miyvkq-d887c640e49132dfa3563daaf67a848a:hover .avia-svg-icon svg:first-child{\nfill:white;\nstroke:white;\n}\n<\/style>\n<a href='https:\/\/www.star-ts.com\/contact\/' class='avia-color-theme-color avia-font-color-theme-color avia-button avia-button-fullwidth av-miyvkq-d887c640e49132dfa3563daaf67a848a avia-icon_select-no avia-color-theme-color'  title=\"Contact Us\" aria-label=\"Contact Us\"><span class='avia_iconbox_title' >Kontakta oss<\/span><span class='avia_button_background avia-button avia-button-fullwidth avia-color-theme-color-highlight'><\/span><\/a><\/div>\n<\/div><\/section><\/div>\n","protected":false},"excerpt":{"rendered":"<p>Vi arbetar med f\u00f6retag v\u00e4rlden \u00f6ver och \u00f6vers\u00e4tter deras material s\u00e5 att de kan \u00f6ka f\u00f6rs\u00e4ljningen internationellt. S\u00e5 h\u00e4r s\u00e4ger v\u00e5ra kunder om oss.<\/p>\n","protected":false},"author":1,"featured_media":0,"parent":0,"menu_order":7,"comment_status":"closed","ping_status":"closed","template":"","meta":{"footnotes":""},"class_list":["post-64005","page","type-page","status-publish","hentry"],"_links":{"self":[{"href":"https:\/\/www.star-ts.com\/sv\/wp-json\/wp\/v2\/pages\/64005","targetHints":{"allow":["GET"]}}],"collection":[{"href":"https:\/\/www.star-ts.com\/sv\/wp-json\/wp\/v2\/pages"}],"about":[{"href":"https:\/\/www.star-ts.com\/sv\/wp-json\/wp\/v2\/types\/page"}],"author":[{"embeddable":true,"href":"https:\/\/www.star-ts.com\/sv\/wp-json\/wp\/v2\/users\/1"}],"replies":[{"embeddable":true,"href":"https:\/\/www.star-ts.com\/sv\/wp-json\/wp\/v2\/comments?post=64005"}],"version-history":[{"count":0,"href":"https:\/\/www.star-ts.com\/sv\/wp-json\/wp\/v2\/pages\/64005\/revisions"}],"wp:attachment":[{"href":"https:\/\/www.star-ts.com\/sv\/wp-json\/wp\/v2\/media?parent=64005"}],"curies":[{"name":"wp","href":"https:\/\/api.w.org\/{rel}","templated":true}]}}