{"id":63996,"date":"2025-01-06T12:37:44","date_gmt":"2025-01-06T12:37:44","guid":{"rendered":"https:\/\/www.star-ts.com\/teknikoversattningstjanster\/"},"modified":"2025-12-08T14:10:59","modified_gmt":"2025-12-08T14:10:59","slug":"teknikoversattningstjanster","status":"publish","type":"page","link":"https:\/\/www.star-ts.com\/sv\/translation-services\/teknikoversattningstjanster\/","title":{"rendered":"Teknik\u00f6vers\u00e4ttningstj\u00e4nster"},"content":{"rendered":"<div id='full_slider_1'  class='avia-fullwidth-slider main_color avia-shadow   avia-builder-el-0  el_before_av_one_full  avia-builder-el-first   container_wrap sidebar_right'  ><div  class='avia-slideshow av-kna8dtog-854dd1fcaeaff948e42a2d9f92a7cf7c avia-slideshow-featured av_slideshow_full avia-slide-slider av-slideshow-ui av-control-default av-slideshow-manual av-loop-once av-loop-manual-endless av-default-height-applied   avia-slideshow-1' data-slideshow-options=\"{&quot;animation&quot;:&quot;slide&quot;,&quot;autoplay&quot;:false,&quot;loop_autoplay&quot;:&quot;once&quot;,&quot;interval&quot;:5,&quot;loop_manual&quot;:&quot;manual-endless&quot;,&quot;autoplay_stopper&quot;:false,&quot;noNavigation&quot;:false,&quot;bg_slider&quot;:false,&quot;keep_padding&quot;:false,&quot;hoverpause&quot;:false,&quot;show_slide_delay&quot;:0}\"  itemprop=\"image\" itemscope=\"itemscope\" itemtype=\"https:\/\/schema.org\/ImageObject\" ><ul class='avia-slideshow-inner ' style='padding-bottom: 28.666666666667%;'><li  class='avia-slideshow-slide av-kna8dtog-854dd1fcaeaff948e42a2d9f92a7cf7c__0  av-single-slide slide-1 slide-odd'><div data-rel='slideshow-1' class='avia-slide-wrap '   ><div class='av-slideshow-caption av-kna8dtog-854dd1fcaeaff948e42a2d9f92a7cf7c__0 caption_fullwidth caption_center caption_center_framed caption_framed'><div class=\"container caption_container\"><div class=\"slideshow_caption\"><div class=\"slideshow_inner_caption\"><div class=\"slideshow_align_caption\"><h2 class='avia-caption-title '  itemprop=\"name\" >Teknik\u00f6vers\u00e4ttningstj\u00e4nster<\/h2><div class='avia-caption-content '  itemprop=\"description\" ><p>Teknik\u00f6vers\u00e4ttning<\/p>\n<\/div><\/div><\/div><\/div><\/div><\/div><img decoding=\"async\" fetchpriority=\"high\" class=\"wp-image-71947 avia-img-lazy-loading-not-71947\"  src=\"https:\/\/www.star-ts.com\/wp-content\/uploads\/2018\/04\/engineering-hp-1500x430.jpg\" width=\"1500\" height=\"430\" title='En kvinnlig industriingenj\u00f6r arbetar p\u00e5 sin personliga dator i en fabrik inom tung industri. Hon designar 3D-turbinmodeller och hennes manliga kollega pratar med henne och anv\u00e4nder en surfplatta.' alt='Teknik'  itemprop=\"thumbnailUrl\"   \/><\/div><\/li><\/ul><\/div><\/div><div id='after_full_slider_1'  class='main_color av_default_container_wrap container_wrap sidebar_right'  ><div class='container av-section-cont-open' ><div class='template-page content  av-content-small alpha units'><div class='post-entry post-entry-type-page post-entry-63996'><div class='entry-content-wrapper clearfix'>\n\n<style type=\"text\/css\" data-created_by=\"avia_inline_auto\" id=\"style-css-av-2luaqpp-8befd5bb5ad5546af01fd388b9100ef7\">\n.flex_column.av-2luaqpp-8befd5bb5ad5546af01fd388b9100ef7{\nborder-radius:0px 0px 0px 0px;\npadding:0px 0px 0px 0px;\n}\n<\/style>\n<div  class='flex_column av-2luaqpp-8befd5bb5ad5546af01fd388b9100ef7 av_one_full  avia-builder-el-1  el_after_av_slideshow_full  el_before_av_one_full  avia-builder-el-first  first flex_column_div av-zero-column-padding  '     ><section  class='av_textblock_section av-kna87eax-77535d5dd37d07e54ed7f0ef45f04b29 '   itemscope=\"itemscope\" itemtype=\"https:\/\/schema.org\/CreativeWork\" ><div class='avia_textblock'  itemprop=\"text\" ><h1>TEKNIK\u00d6VERS\u00c4TTNINGSTJ\u00c4NSTER<\/h1>\n<p>Vi har arbetat inom teknik och industri sedan 1984 och tillhandah\u00e5llit \u00f6vers\u00e4ttningar f\u00f6r internationella Fortune 500-f\u00f6retag som Siemens och Bosch. Vi har arbetat upp betydande tekniska kunskaper efter m\u00e5nga \u00e5rs arbete f\u00f6r framst\u00e5ende kundf\u00f6retag.<\/p>\n<p>Teknik\u00f6vers\u00e4ttning \u00e4r ett kr\u00e4vande omr\u00e5de \u2013 terminologin \u00e4r ofta komplex och \u00f6vers\u00e4ttningarna m\u00e5ste vara korrekta. \u00d6vers\u00e4ttaren m\u00e5ste ha goda kunskaper om branschen f\u00f6r att kunna f\u00f6rmedla tekniska begrepp p\u00e5 ett tydligt s\u00e4tt.<\/p>\n<p>Vi f\u00f6rst\u00e5r behovet av tekniska kunskaper f\u00f6r att \u00f6vers\u00e4ttningarna ska bli bra. V\u00e5ra \u00f6vers\u00e4ttare \u00e4r utbildade i enlighet med ISO:s kvalitetsstandarder och har erfarenhet av utvecklingen p\u00e5 teknikinformationsomr\u00e5det. Vi kan hj\u00e4lpa dig att skapa, bygga upp, \u00f6vers\u00e4tta och underh\u00e5lla ditt f\u00f6retags tekniska dokumentation och ordlistor.<\/p>\n<\/div><\/section><\/div>\n<div  class='flex_column av-1rhyr4t-a7ec5762ac37165fbaec7069d717e78a av_one_full  avia-builder-el-3  el_after_av_one_full  avia-builder-el-last  first flex_column_div  column-top-margin'     ><section  class='av_textblock_section av-17b9259-3f39d8f1583a21bcadeb47328adf089f '   itemscope=\"itemscope\" itemtype=\"https:\/\/schema.org\/CreativeWork\" ><div class='avia_textblock'  itemprop=\"text\" ><div  class='avia-button-wrap avia-button-center  avia-builder-el-5  avia-builder-el-no-sibling '>\n<style type=\"text\/css\" data-created_by=\"avia_inline_auto\" id=\"style-css-av-llgrp9-2edf252de3cbb027ecb6544611c3f663\">\n#top #wrap_all .avia-button.av-llgrp9-2edf252de3cbb027ecb6544611c3f663:hover{\ncolor:white;\ntransition:all 0.4s ease-in-out;\n}\n#top #wrap_all .avia-button.av-llgrp9-2edf252de3cbb027ecb6544611c3f663:hover .avia-svg-icon svg:first-child{\nfill:white;\nstroke:white;\n}\n<\/style>\n<a href='https:\/\/www.star-ts.com\/sv\/kontakt\/' class='avia-color-theme-color avia-font-color-theme-color avia-button avia-button-fullwidth av-llgrp9-2edf252de3cbb027ecb6544611c3f663 avia-icon_select-no avia-color-theme-color'  title=\"Contact Us\" aria-label=\"Contact Us\"><span class='avia_iconbox_title' >Kontakta oss<\/span><span class='avia_button_background avia-button avia-button-fullwidth avia-color-theme-color-highlight'><\/span><\/a><\/div>\n<\/div><\/section><\/div>\n","protected":false},"excerpt":{"rendered":"","protected":false},"author":1,"featured_media":71947,"parent":120566,"menu_order":0,"comment_status":"closed","ping_status":"closed","template":"","meta":{"footnotes":""},"class_list":["post-63996","page","type-page","status-publish","has-post-thumbnail","hentry"],"_links":{"self":[{"href":"https:\/\/www.star-ts.com\/sv\/wp-json\/wp\/v2\/pages\/63996","targetHints":{"allow":["GET"]}}],"collection":[{"href":"https:\/\/www.star-ts.com\/sv\/wp-json\/wp\/v2\/pages"}],"about":[{"href":"https:\/\/www.star-ts.com\/sv\/wp-json\/wp\/v2\/types\/page"}],"author":[{"embeddable":true,"href":"https:\/\/www.star-ts.com\/sv\/wp-json\/wp\/v2\/users\/1"}],"replies":[{"embeddable":true,"href":"https:\/\/www.star-ts.com\/sv\/wp-json\/wp\/v2\/comments?post=63996"}],"version-history":[{"count":0,"href":"https:\/\/www.star-ts.com\/sv\/wp-json\/wp\/v2\/pages\/63996\/revisions"}],"up":[{"embeddable":true,"href":"https:\/\/www.star-ts.com\/sv\/wp-json\/wp\/v2\/pages\/120566"}],"wp:featuredmedia":[{"embeddable":true,"href":"https:\/\/www.star-ts.com\/sv\/wp-json\/wp\/v2\/media\/71947"}],"wp:attachment":[{"href":"https:\/\/www.star-ts.com\/sv\/wp-json\/wp\/v2\/media?parent=63996"}],"curies":[{"name":"wp","href":"https:\/\/api.w.org\/{rel}","templated":true}]}}