{"id":63989,"date":"2025-01-06T12:37:43","date_gmt":"2025-01-06T12:37:43","guid":{"rendered":"https:\/\/www.star-ts.com\/webbplatsoversattning-och-lokaliseringstjanster\/"},"modified":"2025-12-08T14:10:59","modified_gmt":"2025-12-08T14:10:59","slug":"webbplatsoversattning-och-lokaliseringstjanster","status":"publish","type":"page","link":"https:\/\/www.star-ts.com\/sv\/translation-services\/webbplatsoversattning-och-lokaliseringstjanster\/","title":{"rendered":"Webbplats\u00f6vers\u00e4ttning och lokaliseringstj\u00e4nster"},"content":{"rendered":"<div id='full_slider_1'  class='avia-fullwidth-slider main_color avia-shadow av-small-hide av-mini-hide  avia-builder-el-0  el_before_av_one_third  avia-builder-el-first   container_wrap sidebar_right'  >\n<style type=\"text\/css\" data-created_by=\"avia_inline_auto\" id=\"style-css-av-1174ptl-230dc17fcfba33fb64eb8cae05c805ef\">\n#top #wrap_all .avia-slideshow .av-slideshow-caption.av-1174ptl-230dc17fcfba33fb64eb8cae05c805ef__0 .avia-caption-title{\ncolor:#ffffff;\n}\n<\/style>\n<div  class='avia-slideshow av-1174ptl-230dc17fcfba33fb64eb8cae05c805ef avia-slideshow-featured av_slideshow_full avia-slide-slider av-small-hide av-mini-hide av-slideshow-ui av-control-default av-slideshow-manual av-loop-once av-loop-manual-endless av-default-height-applied   avia-slideshow-1' data-slideshow-options=\"{&quot;animation&quot;:&quot;slide&quot;,&quot;autoplay&quot;:false,&quot;loop_autoplay&quot;:&quot;once&quot;,&quot;interval&quot;:5,&quot;loop_manual&quot;:&quot;manual-endless&quot;,&quot;autoplay_stopper&quot;:false,&quot;noNavigation&quot;:false,&quot;bg_slider&quot;:false,&quot;keep_padding&quot;:false,&quot;hoverpause&quot;:false,&quot;show_slide_delay&quot;:0}\"  itemprop=\"image\" itemscope=\"itemscope\" itemtype=\"https:\/\/schema.org\/ImageObject\" ><ul class='avia-slideshow-inner ' style='padding-bottom: 28.666666666667%;'><li  class='avia-slideshow-slide av-1174ptl-230dc17fcfba33fb64eb8cae05c805ef__0  av-single-slide slide-1 slide-odd'><div data-rel='slideshow-1' class='avia-slide-wrap '   ><div class='av-slideshow-caption av-1174ptl-230dc17fcfba33fb64eb8cae05c805ef__0 caption_fullwidth caption_center caption_center_framed caption_framed'><div class=\"container caption_container\"><div class=\"slideshow_caption\"><div class=\"slideshow_inner_caption\"><div class=\"slideshow_align_caption\"><h2 class='avia-caption-title '  itemprop=\"name\" >\u00d6vers\u00e4ttningstj\u00e4nster f\u00f6r webbplatser<\/h2><div class='avia-caption-content av_inherit_color'  itemprop=\"description\" ><p>Global skala | 200 spr\u00e5k | 1 lokaliseringspartner<\/p>\n<\/div><\/div><\/div><\/div><\/div><\/div><img decoding=\"async\" fetchpriority=\"high\" class=\"wp-image-71957 avia-img-lazy-loading-not-71957\"  src=\"https:\/\/www.star-ts.com\/wp-content\/uploads\/2018\/05\/website-man-sm-1500x430.jpg\" width=\"1500\" height=\"430\" title='Young business man using laptop and digital tablet cityscape background' alt=''  itemprop=\"thumbnailUrl\"   \/><\/div><\/li><\/ul><\/div><\/div><div id='after_full_slider_1'  class='main_color av_default_container_wrap container_wrap sidebar_right'  ><div class='container av-section-cont-open' ><div class='template-page content  av-content-small alpha units'><div class='post-entry post-entry-type-page post-entry-63989'><div class='entry-content-wrapper clearfix'>\n<div  class='flex_column av-xgqr5l-a49a75efc150b27e40fdf8f159cb304d av_one_third  avia-builder-el-1  el_after_av_slideshow_full  el_before_av_two_third  avia-builder-el-first  first flex_column_div  '     ><section  class='av_textblock_section av-wzjbrt-d5c14ceb7c493243d909da2eb3471ef1 '   itemscope=\"itemscope\" itemtype=\"https:\/\/schema.org\/CreativeWork\" ><div class='avia_textblock'  itemprop=\"text\" ><p><img decoding=\"async\" class=\"aligncenter wp-image-19587 size-full\" title=\"Website translation, website, mobile, responsive, laptop, mobile phone, iphone, ipad, tablet\" src=\"https:\/\/www.star-ts.com\/wp-content\/uploads\/2018\/04\/iStock_000018713708Small.jpg\" alt=\"Website translation, website, mobile, responsive, laptop, mobile phone, iphone, ipad, tablet\" width=\"800\" height=\"600\" srcset=\"https:\/\/www.star-ts.com\/wp-content\/uploads\/2018\/04\/iStock_000018713708Small.jpg 800w, https:\/\/www.star-ts.com\/wp-content\/uploads\/2018\/04\/iStock_000018713708Small-80x60.jpg 80w, https:\/\/www.star-ts.com\/wp-content\/uploads\/2018\/04\/iStock_000018713708Small-300x225.jpg 300w, https:\/\/www.star-ts.com\/wp-content\/uploads\/2018\/04\/iStock_000018713708Small-768x576.jpg 768w, https:\/\/www.star-ts.com\/wp-content\/uploads\/2018\/04\/iStock_000018713708Small-705x529.jpg 705w, https:\/\/www.star-ts.com\/wp-content\/uploads\/2018\/04\/iStock_000018713708Small-450x338.jpg 450w\" sizes=\"(max-width: 800px) 100vw, 800px\" \/><\/p>\n<\/div><\/section><\/div>\n<style type=\"text\/css\" data-created_by=\"avia_inline_auto\" id=\"style-css-av-b906h-c8dc3e692f177e8635c3f574d997ff4d\">\n.flex_column.av-b906h-c8dc3e692f177e8635c3f574d997ff4d{\nborder-radius:0px 0px 0px 0px;\npadding:0px 0px 0px 0px;\n}\n<\/style>\n<div  class='flex_column av-b906h-c8dc3e692f177e8635c3f574d997ff4d av_two_third  avia-builder-el-3  el_after_av_one_third  el_before_av_one_full  flex_column_div av-zero-column-padding  '     ><section  class='av_textblock_section av-sw9jkp-e9c9a4e2ce189e63092a2ab48e51f444 '   itemscope=\"itemscope\" itemtype=\"https:\/\/schema.org\/CreativeWork\" ><div class='avia_textblock'  itemprop=\"text\" ><h1>Hur \u00f6vers\u00e4tter du din webbplats p\u00e5 b\u00e4sta s\u00e4tt?<\/h1>\n<p>Det kan vara n\u00e5got av en utmaning att \u00f6vers\u00e4tta webbplatser. Oavsett om du har en enklare webbplats f\u00f6r att s\u00e4lja ditt f\u00f6retags produkter eller en komplex e-handelsapp \u00e4r flera av utmaningarna de samma. Vad \u00e4r det smartaste s\u00e4ttet att ta fram och publicera text f\u00f6r \u00f6vers\u00e4ttning? Hur ser det ut med s\u00f6kordsoptimering? Kommer webbplatsen att vara anv\u00e4ndarv\u00e4nlig?<\/p>\n<p>Med flera olika inneh\u00e5llshanteringssystem \u00e4r det inte l\u00e4tt att v\u00e4lja r\u00e4tt metod f\u00f6r webbplats\u00f6vers\u00e4ttning eller r\u00e4tt \u00f6vers\u00e4ttningsf\u00f6retag.<\/p>\n<p>Vi har arbetat med \u00f6vers\u00e4ttning f\u00f6r webben i \u00f6ver tio \u00e5r. D\u00e4rmed har vi stor erfarenhet av m\u00e5nga olika plattformar och metoder, som till exempel att arbeta med s\u00f6kmotoroptimering. Vi hj\u00e4lper dig att ta fram de b\u00e4sta \u00f6vers\u00e4ttningarna f\u00f6r ditt f\u00f6retag och dina kunder.<\/p>\n<p>Vi <a href=\"https:\/\/www.star-ts.com\/sv\/how-do-you-translate-a-wordpress-website-with-wpml\/\">\u00f6vers\u00e4tter WordPress<\/a>, <a href=\"https:\/\/www.star-ts.com\/sv\/dnn-evoq-translation\/\">DNN Evoq<\/a>, Drupal och Joomla, f\u00f6r att bara n\u00e4mna n\u00e5gra av de system vi arbetar med.<\/p>\n<\/div><\/section><\/div><\/p>\n<div  class='flex_column av-rwqtmh-e1e095afb82ef64c5f816c65a4d20bd5 av_one_full  avia-builder-el-5  el_after_av_two_third  el_before_av_one_full  first flex_column_div  column-top-margin'     ><section  class='av_textblock_section av-q2v7jd-23e20f21415bbb9d2d01d131edbb000e '   itemscope=\"itemscope\" itemtype=\"https:\/\/schema.org\/CreativeWork\" ><div class='avia_textblock'  itemprop=\"text\" ><h3>Hur man skapar en flerspr\u00e5kig webbplats<\/h3>\n<p>Beh\u00f6ver ditt f\u00f6retags webbplats \u00f6vers\u00e4ttas till spanska, eller kanske tyska och franska? Vi levererar webb\u00f6vers\u00e4ttningar till en rad olika spr\u00e5k. V\u00e5ra tekniker kan bidra med expertkunskaperna som kr\u00e4vs f\u00f6r att ditt f\u00f6retags nya hemsida ska fungera p\u00e5 olika spr\u00e5k i flera l\u00e4nder. Vi hj\u00e4lper dig att v\u00e4lja b\u00e4st plattform f\u00f6r webbplats\u00f6vers\u00e4ttning och ge tips om hur du b\u00e4st optimerar inneh\u00e5llet f\u00f6r s\u00f6kmotoroptimering (SEO) p\u00e5 flera spr\u00e5k.<\/p>\n<p><strong>Hur \u00e4r det med s\u00e5dant som SEO och s\u00f6kord? <\/strong><strong>Kommer webbplatsen att finnas med i Googles index?<br \/>\n<\/strong><\/p>\n<p>Webbplats\u00f6vers\u00e4ttning handlar inte bara om att \u00f6vers\u00e4tta texten till ett annat spr\u00e5k. V\u00e5ra medarbetare \u00e4r modersm\u00e5lstalare med erfarenhet av att \u00f6vers\u00e4tta webbsidor f\u00f6r sina respektive l\u00e4nder. De f\u00f6rst\u00e5r kraven p\u00e5 s\u00e4ljande inneh\u00e5ll, nyckelord, Google AdWords och s\u00f6kmotoroptimering (SEO).<\/p>\n<p>Vi erbjuder <a href=\"https:\/\/www.star-ts.com\/sv\/seo\/\">SEO-tj\u00e4nster<\/a> som hj\u00e4lper ditt f\u00f6retag att n\u00e5 ut globalt.<\/p>\n<p>SEO best\u00e5r i sj\u00e4lva verket av tv\u00e5 separata delar och Google h\u00e5ller st\u00e4ndigt koll p\u00e5 b\u00e5da tv\u00e5.<\/p>\n<p><strong>L\u00e4sbarhet: <\/strong><strong>m\u00e4nniskov\u00e4nligt inneh\u00e5ll<br \/>\n<\/strong><\/p>\n<p>F\u00f6r det f\u00f6rsta ska sidan faktiskt vara anv\u00e4ndbar f\u00f6r bes\u00f6kare. Den m\u00e5ste vara tydlig och ha text som g\u00e5r att l\u00e4sa f\u00f6r en m\u00e4nniska. Bra webbplatsinneh\u00e5ll kommer alltid att rankas h\u00f6gt av Google. Google anv\u00e4nder sig av m\u00e5nga rankningsfaktorer och avancerad AI (artificiell intelligens) f\u00f6r att kontrollera webbtexternas l\u00e4sbarhet.<\/p>\n<p><strong>Indexerbarhet: <\/strong><strong>Google-v\u00e4nligt inneh\u00e5ll<\/strong><\/p>\n<p>Den andra delen \u00e4r den tekniska SEO-aspekten. N\u00e4r det kommer till kritan m\u00e5ste Google kunna l\u00e4sa webbsidorna, analysera inneh\u00e5llet och indexera det. Vi kan g\u00e5 igenom din webbplats och se till att hundratals tekniska faktorer fungerar som de ska. Vi kontrollerar om sidor inneh\u00e5ller trasiga l\u00e4nkar, granskar metabeskrivningar och rubriktaggar, r\u00e4ttar till hreflang-taggar och mycket mer. Allt s\u00e5dant som Google analyserar. Det g\u00f6r att du f\u00e5r en fungerande sajt som \u00e4r optimerad f\u00f6r internationella s\u00f6kmotorer.<\/p>\n<p>L\u00e4r dig mer om s\u00f6kmotorer och SEO-faktorer med v\u00e5r <a href=\"https:\/\/www.star-ts.com\/business\/seo\/worlds-shortest-seo-training-course\/\">kostnadsfria SEO-kurs<\/a>.<\/p>\n<\/div><\/section><\/div>\n\n<style type=\"text\/css\" data-created_by=\"avia_inline_auto\" id=\"style-css-av-krskd5-506fb7499f0792d56736a6ec6e858e33\">\n.flex_column.av-krskd5-506fb7499f0792d56736a6ec6e858e33{\nborder-radius:0px 0px 0px 0px;\npadding:0px 0px 0px 0px;\n}\n<\/style>\n<div  class='flex_column av-krskd5-506fb7499f0792d56736a6ec6e858e33 av_one_full  avia-builder-el-7  el_after_av_one_full  el_before_av_one_full  first flex_column_div av-zero-column-padding  column-top-margin'     ><section  class='av_textblock_section av-jj3c9l-18a66556bbe804556479ff4e4f952f9d '   itemscope=\"itemscope\" itemtype=\"https:\/\/schema.org\/CreativeWork\" ><div class='avia_textblock'  itemprop=\"text\" ><h3>Vad v\u00e5ra kunder s\u00e4ger<\/h3>\n<p>\u201d<em>De har relevant erfarenhet av b\u00e5de B2B och B2C.<\/em>\u201d<\/p>\n<p>\u201d<em>STAR hj\u00e4lpte oss att ta fram ett smidigt arbetsfl\u00f6de och en enkel process att jobba med.<\/em>\u201d<\/p>\n<p>\u201d<em>Ett \u00f6vers\u00e4ttningsf\u00f6retag med b\u00e5de specialiserad programvara och expertkunskaper.<\/em>\u201d<\/p>\n<\/div><\/section><\/div>\n<div  class='flex_column av-hn7hvd-ec06382300c6e2ccaef24c16cb76fc25 av_one_full  avia-builder-el-9  el_after_av_one_full  el_before_av_one_half  first flex_column_div  column-top-margin'     ><section  class='av_textblock_section av-fyzpqx-a06c6e0dc459f1323a108c4606fde412 '   itemscope=\"itemscope\" itemtype=\"https:\/\/schema.org\/CreativeWork\" ><div class='avia_textblock'  itemprop=\"text\" ><p><img decoding=\"async\" class=\"alignnone wp-image-16500 size-full\" title=\"Results Icon\" src=\"https:\/\/www.star-ts.com\/wp-content\/uploads\/2014\/03\/results.png\" alt=\"Results icon\" width=\"90\" height=\"77\" srcset=\"https:\/\/www.star-ts.com\/wp-content\/uploads\/2014\/03\/results.png 90w, https:\/\/www.star-ts.com\/wp-content\/uploads\/2014\/03\/results-80x68.png 80w\" sizes=\"(max-width: 90px) 100vw, 90px\" \/><\/p>\n<h3>Se resultat med flerspr\u00e5kig SEO<\/h3>\n<p>Marknadsf\u00f6ringsavdelningar fokuserar p\u00e5 <a href=\"https:\/\/www.star-ts.com\/sv\/seo\/\">s\u00f6kmotoroptimering (SEO<\/a>), s\u00f6kmotormarknadsf\u00f6ring (SEM) och att m\u00e4ta faktorer som CPC (kostnad per klick) och CPA (kostnad per h\u00e4ndelse).<\/p>\n<p>Din hemsida och dess undersidor beh\u00f6ver flerspr\u00e5kiga s\u00f6kord och metabeskrivningar, bland mycket annat. Vi f\u00f6rst\u00e5r tekniken som ligger bakom processen och har kunskaperna som kr\u00e4vs f\u00f6r att leverera \u00f6versatt inneh\u00e5ll som ger resultat. Med v\u00e5r \u00f6vers\u00e4ttningsteknik kan den m\u00e4nskliga \u00f6vers\u00e4ttaren se all text p\u00e5 sajten som s\u00f6kmotorerna ser. Det bidrar till att \u00f6vers\u00e4ttningen och lokaliseringen blir r\u00e4tt.<\/p>\n<p>Webbplatser p\u00e5 flera spr\u00e5k m\u00e5ste inneh\u00e5lla bra \u00f6vers\u00e4ttningar samtidigt som de uppfyller Googles strikta krav p\u00e5 indexerbarhet och SEO-riktlinjer. Med hj\u00e4lp av det senaste inom <a href=\"https:\/\/www.star-ts.com\/business\/seo\/worlds-shortest-seo-training-course\/\">SEO-teknik<\/a> hj\u00e4lper vi dig att f\u00e5 bra rankning i alla l\u00e4nder f\u00f6retaget vill n\u00e5. Processen \u00e4r kostnadseffektiv och vi samarbetar g\u00e4rna f\u00f6r att ta fram de b\u00e4sta s\u00f6korden och strategierna f\u00f6r din webbplats.<\/p>\n<p><strong>WooCommerce-\u00f6vers\u00e4ttning<\/strong><\/p>\n<p>Om du beh\u00f6ver <a href=\"https:\/\/www.star-ts.com\/sv\/how-do-you-translate-a-wordpress-website-with-wpml\/\">\u00f6vers\u00e4tta WooCommerce<\/a> som en del av ditt f\u00f6retags e-handelsplattform kan WPML-l\u00f6sningen vi erbjuder \u00e4ven \u00f6vers\u00e4tta produktinformation. V\u00e5ra spr\u00e5ksajter har bra rankning och n\u00e5r ut globalt.<\/p>\n<\/div><\/section><\/div>\n<div  class='flex_column av-ec9y2h-590641bd1187af57b96b9e4f3bc14187 av_one_half  avia-builder-el-11  el_after_av_one_full  el_before_av_one_half  first flex_column_div  column-top-margin'     ><section  class='av_textblock_section av-cv0iah-64973e07a9f8fcfc26decfd81fb4f145 '   itemscope=\"itemscope\" itemtype=\"https:\/\/schema.org\/CreativeWork\" ><div class='avia_textblock'  itemprop=\"text\" ><h3>V\u00e5ra \u00f6vers\u00e4ttare<\/h3>\n<p>V\u00e5ra \u00f6vers\u00e4ttare arbetar i en skyddad milj\u00f6, vilket g\u00f6r det m\u00f6jligt f\u00f6r dem att skicka tillbaka rena \u00f6versatta filer till dig. Oavsett om du anv\u00e4nder statisk HTML, ASP, XML, XLIFF eller ett eget system f\u00f6r inneh\u00e5llshantering (CMS, Content Management System) hj\u00e4lper vi dig att ta fram ditt f\u00f6retags internationella webbplats. Be webbdesignerna p\u00e5 ditt f\u00f6retag ta kontakt med v\u00e5ra projektledare direkt f\u00f6r mer att f\u00e5 mer information.<\/p>\n<p>Till skillnad fr\u00e5n realtidstj\u00e4nster som Google Translate \u00e4r professionella \u00f6vers\u00e4ttare utbildade i att f\u00f6rst\u00e5 kontext och sammanhang. De hanterar separata ordlistor f\u00f6r varje omr\u00e5de och f\u00f6retag de jobbar med, vilket inneb\u00e4r att kvaliteten kan m\u00e4tas och blir b\u00e4ttre f\u00f6r varje projekt. Vid webbplats\u00f6vers\u00e4ttning \u00e4r m\u00e5let att locka och intressera kunder p\u00e5 olika spr\u00e5k. \u00d6vers\u00e4ttningen m\u00e5ste utf\u00f6ras av m\u00e4nniskor f\u00f6r m\u00e4nniskor.<\/p>\n<\/div><\/section><\/div>\n\n<style type=\"text\/css\" data-created_by=\"avia_inline_auto\" id=\"style-css-av-ar8o4p-6cdee85c6344d4efeb90b9ce222dc41f\">\n.flex_column.av-ar8o4p-6cdee85c6344d4efeb90b9ce222dc41f{\nborder-radius:0px 0px 0px 0px;\npadding:0px 0px 0px 0px;\n}\n<\/style>\n<div  class='flex_column av-ar8o4p-6cdee85c6344d4efeb90b9ce222dc41f av_one_half  avia-builder-el-13  el_after_av_one_half  el_before_av_one_full  flex_column_div av-zero-column-padding  column-top-margin'     ><section  class='av_textblock_section av-90aamh-b43616e57407a27eaeaa4cef73331780 '   itemscope=\"itemscope\" itemtype=\"https:\/\/schema.org\/CreativeWork\" ><div class='avia_textblock'  itemprop=\"text\" ><h3>WordPress-\u00f6vers\u00e4ttning<\/h3>\n<p>Med v\u00e5r avancerade \u00f6vers\u00e4ttningsl\u00f6sning f\u00f6r WordPress f\u00e5r du allt ditt WordPress-inneh\u00e5ll effektivt exporterat f\u00f6r \u00f6vers\u00e4ttning.<\/p>\n<p>STAR samarbetar med WPML f\u00f6r webb\u00f6vers\u00e4ttningar f\u00f6r WordPress.<\/p>\n<p><a href=\"https:\/\/wpml.org\/translation-service\/star-translation\/?tsid=f807fe74b8dcd708a354eca5dd3b0e05\" target=\"_blank\" rel=\"noopener\">L\u00e4s mer om \u00f6vers\u00e4ttning f\u00f6r WordPress..<\/a><\/p>\n<h4>G\u00f6r sajten \u00f6vers\u00e4ttningsbar<\/h4>\n<p>Rent tekniskt m\u00e5ste webbplatsen ha st\u00f6d f\u00f6r det relevanta spr\u00e5kets tecken och \u00f6vers\u00e4ttarna m\u00e5ste kunna leverera ren kod f\u00f6r integration till sajten. Hur g\u00f6r man f\u00f6r att l\u00f6pande uppdatera det \u00f6versatta webbplatsinneh\u00e5llet? Vi hj\u00e4lper g\u00e4rna till att ta fram smarta processer f\u00f6r ditt f\u00f6retag.<\/p>\n<h4>Lokaliseringstj\u00e4nster f\u00f6r webbplatser<\/h4>\n<p>Vi hj\u00e4lper dig att lokalisera och \u00f6vers\u00e4tta ditt f\u00f6retags sajt f\u00f6r specifika l\u00e4nder och marknader. Med 50 kontor v\u00e4rlden \u00f6ver kan vi till och med testa sajten \u00e5t dig.<\/p>\n<\/div><\/section><\/div>\n<div  class='flex_column av-7psrpl-b9f34aa565680eee859e4bf38c885c49 av_one_full  avia-builder-el-15  el_after_av_one_half  el_before_av_one_full  first flex_column_div  column-top-margin'     ><section  class='av_textblock_section av-6h0jl5-2b5f936b329ba54c8660cdadec4011ac '   itemscope=\"itemscope\" itemtype=\"https:\/\/schema.org\/CreativeWork\" ><div class='avia_textblock'  itemprop=\"text\" ><p><img decoding=\"async\" class=\"alignnone wp-image-16516 size-full\" title=\"ecommerce icon\" src=\"https:\/\/www.star-ts.com\/wp-content\/uploads\/2014\/03\/e-commerce-icon.png\" alt=\"E-commerce icon\" width=\"102\" height=\"81\" srcset=\"https:\/\/www.star-ts.com\/wp-content\/uploads\/2014\/03\/e-commerce-icon.png 102w, https:\/\/www.star-ts.com\/wp-content\/uploads\/2014\/03\/e-commerce-icon-80x64.png 80w\" sizes=\"(max-width: 102px) 100vw, 102px\" \/><\/p>\n<h3>WooCommerce | E-handel: S\u00e4lj mer online<\/h3>\n<p>Lokala \u00f6vers\u00e4ttare och tekniker kan i samarbete med ditt f\u00f6retag ta fram den b\u00e4sta strategin f\u00f6r att \u00f6vers\u00e4tta, publicera och optimera inneh\u00e5llet p\u00e5 flera spr\u00e5k f\u00f6r \u00f6kad f\u00f6rs\u00e4ljning online. Vi hj\u00e4lper f\u00f6retag att leverera produkter och dokumentation i elektroniskt format f\u00f6r e-handelsverksamhet.<\/p>\n<p>N\u00e5gra av v\u00e5ra tj\u00e4nster:<\/p>\n<ul>\n<li>Webbplats\u00f6vers\u00e4ttning f\u00f6r hemsidor och onlinekataloger<\/li>\n<li>Terminologihantering<\/li>\n<li>Global informationsf\u00f6rvaltning<\/li>\n<li>System f\u00f6r dokumenthantering<\/li>\n<li>SEO-tj\u00e4nster<\/li>\n<\/ul>\n<p>Vi hj\u00e4lper v\u00e5ra kunder med exportdokument, digital logistik, lokalisering av programvara, flerspr\u00e5kig kundtj\u00e4nst, flerspr\u00e5kig s\u00f6kmotoroptimering och strategisk marknadsf\u00f6ring. STAR arbetar med mer \u00e4n 200 spr\u00e5k. <a href=\"https:\/\/www.star-ts.com\/sv\/sprak\/\">L\u00e4s mer om v\u00e5ra \u00f6vers\u00e4ttningsspr\u00e5k<\/a>.<\/p>\n<\/div><\/section><\/div>\n<div  class='flex_column av-5vfkwp-c2bd06808e3f0c3d240c32c418273735 av_one_full  avia-builder-el-17  el_after_av_one_full  avia-builder-el-last  first flex_column_div  column-top-margin'     ><section  class='av_textblock_section av-dsixl-945ed50496699194342726264ff705c2 '   itemscope=\"itemscope\" itemtype=\"https:\/\/schema.org\/CreativeWork\" ><div class='avia_textblock'  itemprop=\"text\" ><div  class='avia-button-wrap avia-button-center  avia-builder-el-19  avia-builder-el-no-sibling '>\n<style type=\"text\/css\" data-created_by=\"avia_inline_auto\" id=\"style-css-av-27guo9-a2a349843d6e327c29f0ea3194470ae1\">\n#top #wrap_all .avia-button.av-27guo9-a2a349843d6e327c29f0ea3194470ae1:hover{\ncolor:white;\ntransition:all 0.4s ease-in-out;\n}\n#top #wrap_all .avia-button.av-27guo9-a2a349843d6e327c29f0ea3194470ae1:hover .avia-svg-icon svg:first-child{\nfill:white;\nstroke:white;\n}\n<\/style>\n<a href=\"https:\/\/www.star-ts.com\/contact\/\" class=\"avia-color-theme-color avia-font-color-theme-color avia-button avia-button-fullwidth av-27guo9-a2a349843d6e327c29f0ea3194470ae1 avia-icon_select-no avia-color-theme-color\" title=\"Contact Us\" aria-label=\"Contact Us\"><span class='avia_iconbox_title' >Kontakta oss<\/span><span class='avia_button_background avia-button avia-button-fullwidth avia-color-theme-color-highlight'><\/span><\/a><\/div>\n<\/div><\/section><\/div>\n","protected":false},"excerpt":{"rendered":"<p>Att \u00f6vers\u00e4tta f\u00f6r webben kan vara n\u00e5got av en utmaning. Enkel webbplats\u00f6vers\u00e4ttning. Oavsett om du har en enklare webbplats f\u00f6r att s\u00e4lja ditt f\u00f6retags produkter eller en komplex e-handelsapp \u00e4r flera av utmaningarna de samma. Vi hj\u00e4lper dig att \u00f6vers\u00e4tta webbplatsinneh\u00e5ll i WordPress, DNN Evoq, Drupal och Joomla, f\u00f6r att bara n\u00e4mna n\u00e5gra av verktygen vi jobbar med.<\/p>\n","protected":false},"author":1,"featured_media":71882,"parent":120566,"menu_order":2,"comment_status":"open","ping_status":"closed","template":"","meta":{"footnotes":""},"class_list":["post-63989","page","type-page","status-publish","has-post-thumbnail","hentry"],"_links":{"self":[{"href":"https:\/\/www.star-ts.com\/sv\/wp-json\/wp\/v2\/pages\/63989","targetHints":{"allow":["GET"]}}],"collection":[{"href":"https:\/\/www.star-ts.com\/sv\/wp-json\/wp\/v2\/pages"}],"about":[{"href":"https:\/\/www.star-ts.com\/sv\/wp-json\/wp\/v2\/types\/page"}],"author":[{"embeddable":true,"href":"https:\/\/www.star-ts.com\/sv\/wp-json\/wp\/v2\/users\/1"}],"replies":[{"embeddable":true,"href":"https:\/\/www.star-ts.com\/sv\/wp-json\/wp\/v2\/comments?post=63989"}],"version-history":[{"count":0,"href":"https:\/\/www.star-ts.com\/sv\/wp-json\/wp\/v2\/pages\/63989\/revisions"}],"up":[{"embeddable":true,"href":"https:\/\/www.star-ts.com\/sv\/wp-json\/wp\/v2\/pages\/120566"}],"wp:featuredmedia":[{"embeddable":true,"href":"https:\/\/www.star-ts.com\/sv\/wp-json\/wp\/v2\/media\/71882"}],"wp:attachment":[{"href":"https:\/\/www.star-ts.com\/sv\/wp-json\/wp\/v2\/media?parent=63989"}],"curies":[{"name":"wp","href":"https:\/\/api.w.org\/{rel}","templated":true}]}}