{"id":63981,"date":"2025-01-06T12:37:41","date_gmt":"2025-01-06T12:37:41","guid":{"rendered":"https:\/\/www.star-ts.com\/om\/"},"modified":"2025-11-07T13:10:22","modified_gmt":"2025-11-07T13:10:22","slug":"about","status":"publish","type":"page","link":"https:\/\/www.star-ts.com\/sv\/about\/","title":{"rendered":"Om"},"content":{"rendered":"<div id='full_slider_1'  class='avia-fullwidth-slider main_color avia-shadow av-small-hide av-mini-hide  avia-builder-el-0  el_before_av_one_fifth  avia-builder-el-first   container_wrap sidebar_right'  ><div  class='avia-slideshow av-k1j1h7r4-17fad0c04e97232114a4dbde8c055e8e avia-slideshow-featured av_slideshow_full avia-slide-slider av-small-hide av-mini-hide av-slideshow-ui av-control-default av-slideshow-manual av-loop-once av-loop-manual-endless av-default-height-applied   avia-slideshow-1' data-slideshow-options=\"{&quot;animation&quot;:&quot;slide&quot;,&quot;autoplay&quot;:false,&quot;loop_autoplay&quot;:&quot;once&quot;,&quot;interval&quot;:5,&quot;loop_manual&quot;:&quot;manual-endless&quot;,&quot;autoplay_stopper&quot;:false,&quot;noNavigation&quot;:false,&quot;bg_slider&quot;:false,&quot;keep_padding&quot;:false,&quot;hoverpause&quot;:false,&quot;show_slide_delay&quot;:0}\"  itemprop=\"image\" itemscope=\"itemscope\" itemtype=\"https:\/\/schema.org\/ImageObject\" ><ul class='avia-slideshow-inner ' style='padding-bottom: 28.666666666667%;'><li  class='avia-slideshow-slide av-k1j1h7r4-17fad0c04e97232114a4dbde8c055e8e__0  av-single-slide slide-1 slide-odd'><div data-rel='slideshow-1' class='avia-slide-wrap '   ><div class='av-slideshow-caption av-k1j1h7r4-17fad0c04e97232114a4dbde8c055e8e__0 caption_fullwidth caption_center caption_center_framed caption_framed'><div class=\"container caption_container\"><div class=\"slideshow_caption\"><div class=\"slideshow_inner_caption\"><div class=\"slideshow_align_caption\"><h2 class='avia-caption-title '  itemprop=\"name\" >\u00d6ka global f\u00f6rs\u00e4ljning<\/h2><div class='avia-caption-content '  itemprop=\"description\" ><p>Utveckla ditt f\u00f6retag internationellt<\/p>\n<\/div><\/div><\/div><\/div><\/div><\/div><img decoding=\"async\" fetchpriority=\"high\" class=\"wp-image-106340 avia-img-lazy-loading-not-106340\"  src=\"https:\/\/www.star-ts.com\/wp-content\/uploads\/2019\/10\/businessman-2682712_1920-1500x430.jpg\" width=\"1500\" height=\"430\" title='aff\u00e4rsman-\u00f6vers\u00e4ttning-v\u00e4rld' alt='\u00d6vers\u00e4ttning | \u00d6vers\u00e4ttare | V\u00e4rldsomfattande'  itemprop=\"thumbnailUrl\"   \/><\/div><\/li><\/ul><\/div><\/div><div id='after_full_slider_1'  class='main_color av_default_container_wrap container_wrap sidebar_right'  ><div class='container av-section-cont-open' ><div class='template-page content  av-content-small alpha units'><div class='post-entry post-entry-type-page post-entry-63981'><div class='entry-content-wrapper clearfix'>\n<div  class='flex_column av-g7jxfb-6e6ec50eeb5e70e42272fb416bac5cd4 av_one_fifth  avia-builder-el-1  el_after_av_slideshow_full  el_before_av_one_fifth  avia-builder-el-first  first flex_column_div  '     ><p>\n<style type=\"text\/css\" data-created_by=\"avia_inline_auto\" id=\"style-css-av-kwxgdpfw-afd3464fd9680604f84e98e8cb03a05b\">\n.avia-image-container.av-kwxgdpfw-afd3464fd9680604f84e98e8cb03a05b img.avia_image{\nbox-shadow:none;\n}\n.avia-image-container.av-kwxgdpfw-afd3464fd9680604f84e98e8cb03a05b .av-image-caption-overlay-center{\ncolor:#ffffff;\n}\n<\/style>\n<div  class='avia-image-container av-kwxgdpfw-afd3464fd9680604f84e98e8cb03a05b av-styling- avia-align-center  avia-builder-el-2  el_before_av_textblock  avia-builder-el-first '   itemprop=\"image\" itemscope=\"itemscope\" itemtype=\"https:\/\/schema.org\/ImageObject\" ><div class=\"avia-image-container-inner\"><div class=\"avia-image-overlay-wrap\"><img decoding=\"async\" fetchpriority=\"high\" class='wp-image-107825 avia-img-lazy-loading-not-107825 avia_image ' src=\"https:\/\/www.star-ts.com\/wp-content\/uploads\/software-localization-icon.png\" alt='World Icon' title='World Icon'  height=\"59\" width=\"59\"  itemprop=\"thumbnailUrl\" srcset=\"https:\/\/www.star-ts.com\/wp-content\/uploads\/software-localization-icon.png 59w, https:\/\/www.star-ts.com\/wp-content\/uploads\/software-localization-icon-36x36.png 36w\" sizes=\"(max-width: 59px) 100vw, 59px\" \/><\/div><\/div><\/div><br \/>\n<section  class='av_textblock_section av-kwxgd5ps-a747ca99b1bcb708a8278b9e19a052d5 '   itemscope=\"itemscope\" itemtype=\"https:\/\/schema.org\/CreativeWork\" ><div class='avia_textblock'  itemprop=\"text\" ><p style=\"text-align: center;\"><strong><a href=\"https:\/\/www.star-ts.com\/sv\/about\/customer-references\/\">Kundrefererenser<\/a><\/strong><\/p>\n<\/div><\/section><\/p><\/div>\n<div  class='flex_column av-dq21rr-5ae656272341adcd095d03d9dc0c39f5 av_one_fifth  avia-builder-el-4  el_after_av_one_fifth  el_before_av_one_fifth  flex_column_div  '     ><p>\n<style type=\"text\/css\" data-created_by=\"avia_inline_auto\" id=\"style-css-av-bv6n3r-5c01a047f2ab57c069f8175b958e1d67\">\n.avia-image-container.av-bv6n3r-5c01a047f2ab57c069f8175b958e1d67 img.avia_image{\nbox-shadow:none;\n}\n.avia-image-container.av-bv6n3r-5c01a047f2ab57c069f8175b958e1d67 .av-image-caption-overlay-center{\ncolor:#ffffff;\n}\n<\/style>\n<div  class='avia-image-container av-bv6n3r-5c01a047f2ab57c069f8175b958e1d67 av-styling- avia-align-center  avia-builder-el-5  el_before_av_textblock  avia-builder-el-first '   itemprop=\"image\" itemscope=\"itemscope\" itemtype=\"https:\/\/schema.org\/ImageObject\" ><div class=\"avia-image-container-inner\"><div class=\"avia-image-overlay-wrap\"><img decoding=\"async\" fetchpriority=\"high\" class='wp-image-107825 avia-img-lazy-loading-not-107825 avia_image ' src=\"https:\/\/www.star-ts.com\/wp-content\/uploads\/software-localization-icon.png\" alt='World Icon' title='World Icon'  height=\"59\" width=\"59\"  itemprop=\"thumbnailUrl\" srcset=\"https:\/\/www.star-ts.com\/wp-content\/uploads\/software-localization-icon.png 59w, https:\/\/www.star-ts.com\/wp-content\/uploads\/software-localization-icon-36x36.png 36w\" sizes=\"(max-width: 59px) 100vw, 59px\" \/><\/div><\/div><\/div><br \/>\n<section  class='av_textblock_section av-kwxgetif-bf7dd112043e0737bd068b82e9917f8d '   itemscope=\"itemscope\" itemtype=\"https:\/\/schema.org\/CreativeWork\" ><div class='avia_textblock'  itemprop=\"text\" ><p style=\"text-align: center;\"><strong><a href=\"https:\/\/www.star-ts.com\/sv\/varfor-valja-star\/\">Varf\u00f6r STAR?<\/a><\/strong><\/p>\n<\/div><\/section><\/p><\/div>\n<div  class='flex_column av-aopd3b-97b851b1e22c52b7e739a5f4e33e8cb6 av_one_fifth  avia-builder-el-7  el_after_av_one_fifth  el_before_av_one_fifth  flex_column_div  '     ><p>\n<style type=\"text\/css\" data-created_by=\"avia_inline_auto\" id=\"style-css-av-9jmgcn-7ef671359b2764ae075e904c5ca51bc8\">\n.avia-image-container.av-9jmgcn-7ef671359b2764ae075e904c5ca51bc8 img.avia_image{\nbox-shadow:none;\n}\n.avia-image-container.av-9jmgcn-7ef671359b2764ae075e904c5ca51bc8 .av-image-caption-overlay-center{\ncolor:#ffffff;\n}\n<\/style>\n<div  class='avia-image-container av-9jmgcn-7ef671359b2764ae075e904c5ca51bc8 av-styling- avia-align-center  avia-builder-el-8  el_before_av_textblock  avia-builder-el-first '   itemprop=\"image\" itemscope=\"itemscope\" itemtype=\"https:\/\/schema.org\/ImageObject\" ><div class=\"avia-image-container-inner\"><div class=\"avia-image-overlay-wrap\"><img decoding=\"async\" fetchpriority=\"high\" class='wp-image-107825 avia-img-lazy-loading-not-107825 avia_image ' src=\"https:\/\/www.star-ts.com\/wp-content\/uploads\/software-localization-icon.png\" alt='World Icon' title='World Icon'  height=\"59\" width=\"59\"  itemprop=\"thumbnailUrl\" srcset=\"https:\/\/www.star-ts.com\/wp-content\/uploads\/software-localization-icon.png 59w, https:\/\/www.star-ts.com\/wp-content\/uploads\/software-localization-icon-36x36.png 36w\" sizes=\"(max-width: 59px) 100vw, 59px\" \/><\/div><\/div><\/div><br \/>\n<section  class='av_textblock_section av-kwxgfger-8474580a4abc3f25c90c24fef0c2d304 '   itemscope=\"itemscope\" itemtype=\"https:\/\/schema.org\/CreativeWork\" ><div class='avia_textblock'  itemprop=\"text\" ><p style=\"text-align: center;\"><strong><a href=\"https:\/\/www.star-ts.com\/sv\/about\/blogg\/\">\u00d6vers\u00e4ttningsblogg<\/a><\/strong><\/p>\n<\/div><\/section><\/p><\/div>\n<div  class='flex_column av-7gvhcn-21c39b8ce51f459a56797afcc52264d9 av_one_fifth  avia-builder-el-10  el_after_av_one_fifth  el_before_av_one_fifth  flex_column_div  '     ><p>\n<style type=\"text\/css\" data-created_by=\"avia_inline_auto\" id=\"style-css-av-59hbtz-0655fd0b6bd862601b4171974201ba3b\">\n.avia-image-container.av-59hbtz-0655fd0b6bd862601b4171974201ba3b img.avia_image{\nbox-shadow:none;\n}\n.avia-image-container.av-59hbtz-0655fd0b6bd862601b4171974201ba3b .av-image-caption-overlay-center{\ncolor:#ffffff;\n}\n<\/style>\n<div  class='avia-image-container av-59hbtz-0655fd0b6bd862601b4171974201ba3b av-styling- avia-align-center  avia-builder-el-11  el_before_av_textblock  avia-builder-el-first '   itemprop=\"image\" itemscope=\"itemscope\" itemtype=\"https:\/\/schema.org\/ImageObject\" ><div class=\"avia-image-container-inner\"><div class=\"avia-image-overlay-wrap\"><img decoding=\"async\" fetchpriority=\"high\" class='wp-image-107825 avia-img-lazy-loading-not-107825 avia_image ' src=\"https:\/\/www.star-ts.com\/wp-content\/uploads\/software-localization-icon.png\" alt='World Icon' title='World Icon'  height=\"59\" width=\"59\"  itemprop=\"thumbnailUrl\" srcset=\"https:\/\/www.star-ts.com\/wp-content\/uploads\/software-localization-icon.png 59w, https:\/\/www.star-ts.com\/wp-content\/uploads\/software-localization-icon-36x36.png 36w\" sizes=\"(max-width: 59px) 100vw, 59px\" \/><\/div><\/div><\/div><br \/>\n<section  class='av_textblock_section av-kwxgfz18-65154d89f89456e53c6b01af6609dbed '   itemscope=\"itemscope\" itemtype=\"https:\/\/schema.org\/CreativeWork\" ><div class='avia_textblock'  itemprop=\"text\" ><p style=\"text-align: center;\"><strong><a href=\"https:\/\/www.star-ts.com\/sv\/about\/jobs\/\">Jobb<\/a><\/strong><\/p>\n<\/div><\/section><\/p><\/div>\n<div  class='flex_column av-3hfauv-8df89ba850ba27673666b6f5a34f4d7a av_one_fifth  avia-builder-el-13  el_after_av_one_fifth  el_before_av_one_full  flex_column_div  '     ><p>\n<style type=\"text\/css\" data-created_by=\"avia_inline_auto\" id=\"style-css-av-9kcjb-d1ae901ca4e33e31f20d05263dd26079\">\n.avia-image-container.av-9kcjb-d1ae901ca4e33e31f20d05263dd26079 img.avia_image{\nbox-shadow:none;\n}\n.avia-image-container.av-9kcjb-d1ae901ca4e33e31f20d05263dd26079 .av-image-caption-overlay-center{\ncolor:#ffffff;\n}\n<\/style>\n<div  class='avia-image-container av-9kcjb-d1ae901ca4e33e31f20d05263dd26079 av-styling- avia-align-center  avia-builder-el-14  el_before_av_textblock  avia-builder-el-first '   itemprop=\"image\" itemscope=\"itemscope\" itemtype=\"https:\/\/schema.org\/ImageObject\" ><div class=\"avia-image-container-inner\"><div class=\"avia-image-overlay-wrap\"><img decoding=\"async\" fetchpriority=\"high\" class='wp-image-107825 avia-img-lazy-loading-not-107825 avia_image ' src=\"https:\/\/www.star-ts.com\/wp-content\/uploads\/software-localization-icon.png\" alt='World Icon' title='World Icon'  height=\"59\" width=\"59\"  itemprop=\"thumbnailUrl\" srcset=\"https:\/\/www.star-ts.com\/wp-content\/uploads\/software-localization-icon.png 59w, https:\/\/www.star-ts.com\/wp-content\/uploads\/software-localization-icon-36x36.png 36w\" sizes=\"(max-width: 59px) 100vw, 59px\" \/><\/div><\/div><\/div><br \/>\n<section  class='av_textblock_section av-kwxggrw6-2a65de680b1b998c2371dadc671a6613 '   itemscope=\"itemscope\" itemtype=\"https:\/\/schema.org\/CreativeWork\" ><div class='avia_textblock'  itemprop=\"text\" ><p style=\"text-align: center;\"><strong><a href=\"https:\/\/www.star-ts.com\/sv\/about\/payment\/\">G\u00f6r en betalning<\/a><\/strong><\/p>\n<\/div><\/section><\/p><\/div>\n<p>\n<style type=\"text\/css\" data-created_by=\"avia_inline_auto\" id=\"style-css-av-ahgaxz-8c8ce2147b87757624d0a0ab1bd4bb5a\">\n.flex_column.av-ahgaxz-8c8ce2147b87757624d0a0ab1bd4bb5a{\nborder-radius:0px 0px 0px 0px;\npadding:0px 0px 0px 0px;\n}\n<\/style>\n<div  class='flex_column av-ahgaxz-8c8ce2147b87757624d0a0ab1bd4bb5a av_one_full  avia-builder-el-16  el_after_av_one_fifth  el_before_av_one_half  first flex_column_div av-zero-column-padding  column-top-margin'     ><section  class='av_textblock_section av-19qrtiv-910241feb0257e42c4d374023846b3df '   itemscope=\"itemscope\" itemtype=\"https:\/\/schema.org\/CreativeWork\" ><div class='avia_textblock'  itemprop=\"text\" ><h1>Tj\u00e4nster och marknader<\/h1>\n<p>Med \u00f6ver 50 kontor i mer \u00e4n 30 l\u00e4nder \u00f6vers\u00e4tter vi ditt inneh\u00e5ll f\u00f6r att hj\u00e4lpa dig n\u00e5 nya kunder.<\/p>\n<p>I \u00f6ver fyra decennier har STAR tillhandah\u00e5llit spr\u00e5ktj\u00e4nster till v\u00e5ra kunder i Australien, Kanada, Danmark, Finland, Irland, Nederl\u00e4nderna, Nya Zeeland, Norge, Sverige, Schweiz och USA.<\/p>\n<\/div><\/section><br \/>\n\n<style type=\"text\/css\" data-created_by=\"avia_inline_auto\" id=\"style-css-av-m0xn1n85-cf8cd17a8ea45e799fa7e1243c10b786\">\n.avia-video.av-m0xn1n85-cf8cd17a8ea45e799fa7e1243c10b786{\nbackground-image:url(https:\/\/www.star-ts.com\/wp-content\/uploads\/dynamic_avia\/avia_video_thumbnails\/youtube\/PLGqWTR_EhE\/PLGqWTR_EhE-300x169.jpg);\n}\n<\/style>\n<div  class='avia-video av-m0xn1n85-cf8cd17a8ea45e799fa7e1243c10b786 avia-video-16-9 av-small-hide av-mini-hide av-preview-image avia-video-load-always avia-video-html5'  itemprop=\"video\" itemtype=\"https:\/\/schema.org\/VideoObject\"  data-original_url='https:\/\/www.star-ts.com\/wp-content\/uploads\/STAR-Future-Translation.mp4'><video class='avia_video' poster=\"https:\/\/www.star-ts.com\/wp-content\/uploads\/dynamic_avia\/avia_video_thumbnails\/youtube\/PLGqWTR_EhE\/PLGqWTR_EhE-300x169.jpg\" autoplay playsinline  preload=\"auto\" muted controls id='player_63981_474508830_53940591'><source src='https:\/\/www.star-ts.com\/wp-content\/uploads\/STAR-Future-Translation.mp4' type='video\/mp4' \/><\/video><\/div><\/p><\/div>\n<style type=\"text\/css\" data-created_by=\"avia_inline_auto\" id=\"style-css-av-17f827b-d880bef81056a72227febc38001653d8\">\n.flex_column.av-17f827b-d880bef81056a72227febc38001653d8{\nborder-radius:0px 0px 0px 0px;\npadding:0px 0px 0px 0px;\n}\n<\/style>\n<div  class='flex_column av-17f827b-d880bef81056a72227febc38001653d8 av_one_half  avia-builder-el-19  el_after_av_one_full  el_before_av_one_half  first flex_column_div av-zero-column-padding  column-top-margin'     ><section  class='av_textblock_section av-16dfw5j-90c7e7ef725fe6aa8d99d2a8ce123a52 '   itemscope=\"itemscope\" itemtype=\"https:\/\/schema.org\/CreativeWork\" ><div class='avia_textblock'  itemprop=\"text\" ><h3>Tj\u00e4nster och system<\/h3>\n<p><strong>Dokument och webbplatser<br \/>\n<\/strong><\/p>\n<ul>\n<li>Professionell \u00f6vers\u00e4ttning av dokument och webbplatser till \u00f6ver 200 spr\u00e5k. Vi arbetar med myndigheter och kommersiella f\u00f6retag. <\/li>\n<\/ul>\n<p><strong>F\u00f6rs\u00e4ljning och marknadsf\u00f6ring <\/strong><\/p>\n<ul>\n<li>\u00d6vers\u00e4tt dina broschyrer, reklam och webbplats f\u00f6r att n\u00e5 fler internationella kunder.<\/li>\n<\/ul>\n<p><strong>Teknisk dokumentation <\/strong><\/p>\n<ul>\n<li>Vi \u00f6vers\u00e4tter manualer, tekniska datablad och dokument f\u00f6r att hj\u00e4lpa kunder f\u00e5 ut det mesta av era produkter.<\/li>\n<\/ul>\n<p><strong>Programvarusystem <\/strong><\/p>\n<ul>\n<li>Vi arbetar med olika inneh\u00e5llshanteringssystem, programutvecklings- och lokaliseringsteam f\u00f6r att ge liv \u00e5t ert system \u00f6ver hela v\u00e4rlden.<\/li>\n<\/ul>\n<p><strong>Flerspr\u00e5kig desktop publishing <\/strong><\/p>\n<ul>\n<li>Vi kan hj\u00e4lpa er att leverera era tekniska dokument och layout p\u00e5 vilket spr\u00e5k som helst. Vi arbetar med v\u00e4rldens ledande system inklusive Adobe Creative Cloud, QuarkXpress, FrameMaker och m\u00e5nga fler. <\/li>\n<\/ul>\n<\/div><\/section><\/div><\/p>\n\n<style type=\"text\/css\" data-created_by=\"avia_inline_auto\" id=\"style-css-av-14k82jr-10d24a8d539c4526ea1dcbf93cf39c51\">\n.flex_column.av-14k82jr-10d24a8d539c4526ea1dcbf93cf39c51{\nborder-radius:0px 0px 0px 0px;\npadding:0px 0px 0px 0px;\n}\n<\/style>\n<div  class='flex_column av-14k82jr-10d24a8d539c4526ea1dcbf93cf39c51 av_one_half  avia-builder-el-21  el_after_av_one_half  el_before_av_one_full  flex_column_div av-zero-column-padding  column-top-margin'     ><section  class='av_textblock_section av-13e0v6v-b17e867d1a0dd1dc104186208d969720 '   itemscope=\"itemscope\" itemtype=\"https:\/\/schema.org\/CreativeWork\" ><div class='avia_textblock'  itemprop=\"text\" ><h3>Varf\u00f6r STAR?<\/h3>\n<p><strong>Allt under ett tak <\/strong><\/p>\n<ul>\n<li>Kommunikation \u00e4r enkel med STAR. Vi \u00e4r snabba och p\u00e5litliga, tekniskt kunniga, med relevant branschexpertis som ni beh\u00f6ver. <\/li>\n<\/ul>\n<p><strong>Certifierad kvalitet <\/strong><\/p>\n<ul>\n<li>Vi levererar konsekvent \u00f6vers\u00e4ttningskvalitet till konkurrenskraftiga priser. Vi anv\u00e4nder \u00f6vers\u00e4ttare med m\u00e5lspr\u00e5ket som modersm\u00e5l f\u00f6r h\u00f6gsta m\u00f6jliga \u00f6vers\u00e4ttningskvalitet. <\/li>\n<\/ul>\n<p><strong>Utm\u00e4rkt projektledning <\/strong><\/p>\n<ul>\n<li>Du f\u00e5r en dedikerad projektledare som \u00e4r kundfokuserad, \u00e4rlig och tillg\u00e4nglig n\u00e4r du beh\u00f6ver dem. S\u00e5 du kommer alltid att vara p\u00e5 r\u00e4tt sp\u00e5r. <\/li>\n<\/ul>\n<\/div><\/section><\/div>\n\n<style type=\"text\/css\" data-created_by=\"avia_inline_auto\" id=\"style-css-av-11szr5j-c8aaf4f42e6a2a60217fc689ee3ac23b\">\n.flex_column.av-11szr5j-c8aaf4f42e6a2a60217fc689ee3ac23b{\nborder-radius:0px 0px 0px 0px;\npadding:0px 0px 0px 0px;\n}\n<\/style>\n<div  class='flex_column av-11szr5j-c8aaf4f42e6a2a60217fc689ee3ac23b av_one_full  avia-builder-el-23  el_after_av_one_half  el_before_av_one_full  first flex_column_div av-zero-column-padding  column-top-margin'     ><section  class='av_textblock_section av-cug2v-bd6352501c20ef8ea669b5bfd921d3fe '   itemscope=\"itemscope\" itemtype=\"https:\/\/schema.org\/CreativeWork\" ><div class='avia_textblock'  itemprop=\"text\" ><h3>V\u00e5ra kunder<\/h3>\n<p>Vi arbetar med kunder inom digital marknadsf\u00f6ring, jordbruksteknik, teknisk konstruktion, maskiner och programvaruutgivning. Bland kunderna finns <strong>BMW<\/strong>, <strong>CRH<\/strong>, <strong>Hilti<\/strong>, <strong>APC<\/strong>, <strong>Schneider Electric<\/strong>, <strong>Cummins<\/strong>, <strong>FG Wilson<\/strong>, <strong>IDA Ireland<\/strong>, <strong>International Dairy Queen<\/strong>, <strong>Kingspan<\/strong>, <strong>Tomra<\/strong>, <strong>TRW<\/strong> och m\u00e5nga fler.<\/p>\n<\/div><\/section><\/div>\n\n<style type=\"text\/css\" data-created_by=\"avia_inline_auto\" id=\"style-css-av-xaamo7-d0464085e2cb199c3d8132d9bed4146b\">\n.flex_column.av-xaamo7-d0464085e2cb199c3d8132d9bed4146b{\nborder-radius:0px 0px 0px 0px;\npadding:0px 0px 0px 0px;\n}\n<\/style>\n<div  class='flex_column av-xaamo7-d0464085e2cb199c3d8132d9bed4146b av_one_full  avia-builder-el-25  el_after_av_one_full  el_before_av_one_full  first flex_column_div av-zero-column-padding  column-top-margin'     ><section  class='av_textblock_section av-kke622ts-7e15d354c96490f5cf76a88605e081d1 '   itemscope=\"itemscope\" itemtype=\"https:\/\/schema.org\/CreativeWork\" ><div class='avia_textblock'  itemprop=\"text\" ><h3>\u00d6vers\u00e4ttningstj\u00e4nster<\/h3>\n<p>Vi \u00e4r specialiserade p\u00e5 teknisk \u00f6vers\u00e4ttning och hj\u00e4lper v\u00e5ra kunder att leverera utm\u00e4rkta tekniska publikationer \u00f6ver hela v\u00e4rlden.<\/p>\n<p>\u00d6vers\u00e4ttningstj\u00e4nster f\u00f6r:<\/p>\n<ul>\n<li>WordPress, DNN Evoq, Joomla, Adobe AEM etc<\/li>\n<li>Adobe InDesign och FrameMaker; Microsoft Word, Excel och PowerPoint; QuarkXpress<\/li>\n<li>XML; XLIFF; ASP; HTML och mycket mer<\/li>\n<\/ul>\n<\/div><\/section><br \/>\n<section  class='av_textblock_section av-ky8ydld7-8e779c11c128747cd35e54381f406fd8 '   itemscope=\"itemscope\" itemtype=\"https:\/\/schema.org\/CreativeWork\" ><div class='avia_textblock'  itemprop=\"text\" ><h3>F\u00f6retagsnamn<\/h3>\n<p>F\u00f6retaget handlar under f\u00f6ljande namn.<\/p>\n<p>Den officiella f\u00f6retagsregistreringen \u00e4r under <strong><a href=\"https:\/\/www.star-ts.com\/sv\/about\/key-performance-solutions-limited\/\">Key Performance Solutions Limited<\/a><\/strong>.<\/p>\n<p>Vi handlar under f\u00f6retagsnamnen <strong>STAR Translation Services<\/strong> och <strong>STAR Technology Solutions<\/strong>.<\/p>\n<\/div><\/section><\/p><\/div>\n<div  class='flex_column av-29cxz-dd98d4a63592beefb9f457a198be344c av_one_full  avia-builder-el-28  el_after_av_one_full  avia-builder-el-last  first flex_column_div  column-top-margin'     ><section  class='av_textblock_section av-43ohg7-dbfff5385f47723fe978891c8db1db1a '   itemscope=\"itemscope\" itemtype=\"https:\/\/schema.org\/CreativeWork\" ><div class='avia_textblock'  itemprop=\"text\" ><div  class='avia-button-wrap avia-button-center  avia-builder-el-30  avia-builder-el-no-sibling '>\n<style type=\"text\/css\" data-created_by=\"avia_inline_auto\" id=\"style-css-av-29tasn-780480ad34aed791e7794e170c13382a\">\n#top #wrap_all .avia-button.av-29tasn-780480ad34aed791e7794e170c13382a:hover{\ncolor:white;\ntransition:all 0.4s ease-in-out;\n}\n#top #wrap_all .avia-button.av-29tasn-780480ad34aed791e7794e170c13382a:hover .avia-svg-icon svg:first-child{\nfill:white;\nstroke:white;\n}\n<\/style>\n<a href='https:\/\/www.star-ts.com\/sv\/kontakt\/' class='avia-color-theme-color avia-font-color-theme-color avia-button avia-button-fullwidth av-29tasn-780480ad34aed791e7794e170c13382a avia-icon_select-no avia-color-theme-color'  title=\"Contact Us\" aria-label=\"Contact Us\"><span class='avia_iconbox_title' >Kontakta oss<\/span><span class='avia_button_background avia-button avia-button-fullwidth avia-color-theme-color-highlight'><\/span><\/a><\/div>\n<\/div><\/section><\/div>\n","protected":false},"excerpt":{"rendered":"<p>Om STAR: Vi \u00f6vers\u00e4tter dokument, webbplatser och broschyrer till \u00f6ver 200 spr\u00e5k \u2014 \u00d6ka din globala f\u00f6rs\u00e4ljning idag.<\/p>\n","protected":false},"author":1,"featured_media":106340,"parent":0,"menu_order":5,"comment_status":"closed","ping_status":"closed","template":"","meta":{"footnotes":""},"class_list":["post-63981","page","type-page","status-publish","has-post-thumbnail","hentry"],"_links":{"self":[{"href":"https:\/\/www.star-ts.com\/sv\/wp-json\/wp\/v2\/pages\/63981","targetHints":{"allow":["GET"]}}],"collection":[{"href":"https:\/\/www.star-ts.com\/sv\/wp-json\/wp\/v2\/pages"}],"about":[{"href":"https:\/\/www.star-ts.com\/sv\/wp-json\/wp\/v2\/types\/page"}],"author":[{"embeddable":true,"href":"https:\/\/www.star-ts.com\/sv\/wp-json\/wp\/v2\/users\/1"}],"replies":[{"embeddable":true,"href":"https:\/\/www.star-ts.com\/sv\/wp-json\/wp\/v2\/comments?post=63981"}],"version-history":[{"count":0,"href":"https:\/\/www.star-ts.com\/sv\/wp-json\/wp\/v2\/pages\/63981\/revisions"}],"wp:featuredmedia":[{"embeddable":true,"href":"https:\/\/www.star-ts.com\/sv\/wp-json\/wp\/v2\/media\/106340"}],"wp:attachment":[{"href":"https:\/\/www.star-ts.com\/sv\/wp-json\/wp\/v2\/media?parent=63981"}],"curies":[{"name":"wp","href":"https:\/\/api.w.org\/{rel}","templated":true}]}}