{"id":63980,"date":"2025-01-06T12:37:41","date_gmt":"2025-01-06T12:37:41","guid":{"rendered":"https:\/\/www.star-ts.com\/branscher\/"},"modified":"2025-03-13T10:16:01","modified_gmt":"2025-03-13T10:16:01","slug":"branscher","status":"publish","type":"page","link":"https:\/\/www.star-ts.com\/sv\/branscher\/","title":{"rendered":"Branscher"},"content":{"rendered":"<div id='full_slider_1'  class='avia-fullwidth-slider main_color avia-shadow av-medium-hide av-small-hide av-mini-hide  avia-builder-el-0  el_before_av_one_third  avia-builder-el-first   container_wrap sidebar_right'  ><div  class='avia-slideshow av-k0ghbnd3-ee020a3f2ae88ab800428e789113851e avia-slideshow-featured av_slideshow_full avia-slide-slider av-medium-hide av-small-hide av-mini-hide av-slideshow-ui av-control-default av-slideshow-manual av-loop-once av-loop-manual-endless av-default-height-applied   avia-slideshow-1' data-slideshow-options=\"{&quot;animation&quot;:&quot;slide&quot;,&quot;autoplay&quot;:false,&quot;loop_autoplay&quot;:&quot;once&quot;,&quot;interval&quot;:5,&quot;loop_manual&quot;:&quot;manual-endless&quot;,&quot;autoplay_stopper&quot;:false,&quot;noNavigation&quot;:false,&quot;bg_slider&quot;:false,&quot;keep_padding&quot;:false,&quot;hoverpause&quot;:false,&quot;show_slide_delay&quot;:0}\"  itemprop=\"image\" itemscope=\"itemscope\" itemtype=\"https:\/\/schema.org\/ImageObject\" ><ul class='avia-slideshow-inner ' style='padding-bottom: 28.666666666667%;'><li  class='avia-slideshow-slide av-k0ghbnd3-ee020a3f2ae88ab800428e789113851e__0  av-single-slide slide-1 slide-odd'><div data-rel='slideshow-1' class='avia-slide-wrap '   ><div class='av-slideshow-caption av-k0ghbnd3-ee020a3f2ae88ab800428e789113851e__0 caption_fullwidth caption_center caption_center_framed caption_framed'><div class=\"container caption_container\"><div class=\"slideshow_caption\"><div class=\"slideshow_inner_caption\"><div class=\"slideshow_align_caption\"><h2 class='avia-caption-title '  itemprop=\"name\" >Specialiserade bransch\u00f6vers\u00e4ttningar<\/h2><\/div><\/div><\/div><\/div><\/div><img decoding=\"async\" fetchpriority=\"high\" class=\"wp-image-71832 avia-img-lazy-loading-not-71832\"  src=\"https:\/\/www.star-ts.com\/wp-content\/uploads\/2018\/04\/document-working-1500x430.jpg\" width=\"1500\" height=\"430\" title='aff\u00e4rskvinna som tittar p\u00e5 dokument' alt='aff\u00e4rskvinna som tittar p\u00e5 dokument'  itemprop=\"thumbnailUrl\"   \/><\/div><\/li><\/ul><\/div><\/div><div id='after_full_slider_1'  class='main_color av_default_container_wrap container_wrap sidebar_right'  ><div class='container av-section-cont-open' ><div class='template-page content  av-content-small alpha units'><div class='post-entry post-entry-type-page post-entry-63980'><div class='entry-content-wrapper clearfix'>\n\n<style type=\"text\/css\" data-created_by=\"avia_inline_auto\" id=\"style-css-av-5qoc2m-e3a736c97c2e683713b60252c80c37b9\">\n.flex_column.av-5qoc2m-e3a736c97c2e683713b60252c80c37b9{\nborder-radius:0px 0px 0px 0px;\npadding:0px 0px 0px 0px;\n}\n<\/style>\n<div  class='flex_column av-5qoc2m-e3a736c97c2e683713b60252c80c37b9 av_one_third  avia-builder-el-1  el_after_av_slideshow_full  el_before_av_two_third  avia-builder-el-first  first flex_column_div av-zero-column-padding  '     ><style type=\"text\/css\" data-created_by=\"avia_inline_auto\" id=\"style-css-av-k0ghcc4e-61b6456ea0937270574a77f30d956fee\">\n@keyframes av_boxShadowEffect_av-k0ghcc4e-61b6456ea0937270574a77f30d956fee {\n0%   { box-shadow:  0 0 0 0 ; opacity: 1; }\n100% { box-shadow:  0 0 10px 0 ; opacity: 1; }\n}\n.avia-image-container.av-k0ghcc4e-61b6456ea0937270574a77f30d956fee img.avia_image{\nbox-shadow: 0 0 10px 0 ;\n}\n.avia-image-container.av-k0ghcc4e-61b6456ea0937270574a77f30d956fee .av-image-caption-overlay-center{\ncolor:#ffffff;\n}\n<\/style>\n<div  class='avia-image-container av-k0ghcc4e-61b6456ea0937270574a77f30d956fee av-styling- avia-align-center  avia-builder-el-2  avia-builder-el-no-sibling  av-img-box-shadow av-box-shadow-not-animated'   itemprop=\"image\" itemscope=\"itemscope\" itemtype=\"https:\/\/schema.org\/ImageObject\" ><div class=\"avia-image-container-inner\"><div class=\"avia-image-overlay-wrap\"><img decoding=\"async\" loading=\"lazy\" class='wp-image-71822 avia-img-lazy-loading-71822 avia_image shadow-not-animated' src=\"https:\/\/www.star-ts.com\/wp-content\/uploads\/2018\/04\/STAR_Deutschland_GmbH-495x400.jpg\" alt='STAR Office' title='STAR office'  height=\"400\" width=\"495\"  itemprop=\"thumbnailUrl\"  \/><\/div><\/div><\/div><\/div>\n<style type=\"text\/css\" data-created_by=\"avia_inline_auto\" id=\"style-css-av-14atuwu-eb3630d98d622af72d70977760570902\">\n.flex_column.av-14atuwu-eb3630d98d622af72d70977760570902{\nborder-radius:0px 0px 0px 0px;\npadding:0px 0px 0px 0px;\n}\n<\/style>\n<div  class='flex_column av-14atuwu-eb3630d98d622af72d70977760570902 av_two_third  avia-builder-el-3  el_after_av_one_third  el_before_av_one_full  flex_column_div av-zero-column-padding  '     ><section  class='av_textblock_section av-k0ghe3jh-f418e6244f11ad1ba57e1eb2e42a5276 '   itemscope=\"itemscope\" itemtype=\"https:\/\/schema.org\/CreativeWork\" ><div class='avia_textblock'  itemprop=\"text\" ><h1>Specialiserad branschk\u00e4nnedom<\/h1>\n<p>Vi arbetar med specialiserade \u00f6vers\u00e4ttare inom flera olika branscher.<\/p>\n<p>Som v\u00e4rldsomsp\u00e4nnande f\u00f6retag arbetar vi med mer \u00e4n 200 spr\u00e5k och en rad olika system och processer. V\u00e5ra team arbetar tillsammans med v\u00e5ra kunder f\u00f6r att ta fram skr\u00e4ddarsydda l\u00f6sningar oavsett omr\u00e5de och bransch.<\/p>\n<hr \/>\n<\/div><\/section><\/div><\/p>\n\n<style type=\"text\/css\" data-created_by=\"avia_inline_auto\" id=\"style-css-av-3spqpdq-daba2755921a91d2c247743a7cb6b88c\">\n.flex_column.av-3spqpdq-daba2755921a91d2c247743a7cb6b88c{\nborder-radius:0px 0px 0px 0px;\npadding:0px 0px 0px 0px;\n}\n<\/style>\n<div  class='flex_column av-3spqpdq-daba2755921a91d2c247743a7cb6b88c av_one_full  avia-builder-el-5  el_after_av_two_third  el_before_av_one_fourth  first flex_column_div av-zero-column-padding  column-top-margin'     ><section  class='av_textblock_section av-ko1l4jxy-6ab00f5691878d38c2130466ceef9455 '   itemscope=\"itemscope\" itemtype=\"https:\/\/schema.org\/CreativeWork\" ><div class='avia_textblock'  itemprop=\"text\" ><h2>Branscher vi \u00e4r verksamma inom &#8230;<\/h2>\n<p>Vi \u00f6vers\u00e4tter handb\u00f6cker, bruksanvisningar, webbplatser, marknadsf\u00f6ringsmaterial, datablad och mycket mer till kunder inom f\u00f6ljande branscher.<\/p>\n<\/div><\/section><\/div>\n\n<style type=\"text\/css\" data-created_by=\"avia_inline_auto\" id=\"style-css-av-3mmem4e-741db8509b7951a9825c3eece64b9404\">\n.flex_column.av-3mmem4e-741db8509b7951a9825c3eece64b9404{\nborder-radius:0px 0px 0px 0px;\npadding:0px 0px 0px 0px;\n}\n<\/style>\n<div  class='flex_column av-3mmem4e-741db8509b7951a9825c3eece64b9404 av_one_fourth  avia-builder-el-7  el_after_av_one_full  el_before_av_one_fourth  first flex_column_div av-zero-column-padding  column-top-margin'     ><article  class='iconbox iconbox_left av-ko1l7j4n-2bcc7cab9c6cef2f966365ed453a054f  avia-builder-el-8  avia-builder-el-no-sibling '  itemscope=\"itemscope\" itemtype=\"https:\/\/schema.org\/CreativeWork\" ><div class=\"iconbox_content\"><header class=\"entry-content-header\" aria-label=\"Icon: Jordbruk\/jordbruksteknik\"><div class='iconbox_icon heading-color avia-iconfont avia-font-entypo-fontello' data-av_icon='\ue8b1' data-av_iconfont='entypo-fontello'  ><\/div><h3 class='iconbox_content_title '  itemprop=\"headline\" >Jordbruk\/jordbruksteknik<\/h3><\/header><div class='iconbox_content_container '  itemprop=\"text\" ><p>Vi levererar helt\u00e4ckande \u00f6vers\u00e4ttningsl\u00f6sningar f\u00f6r jordbruksindustrin, med fokus p\u00e5 kvalitetstj\u00e4nster riktade till tillverkare, \u00e5terf\u00f6rs\u00e4ljare och slutkunder. Vi \u00f6vers\u00e4tter handb\u00f6cker, webbplatser och broschyrer, och arbetar lika g\u00e4rna med f\u00f6retagets utvecklare som med marknadsf\u00f6ringsavdelningen.\u00a0 <a href=\"https:\/\/www.star-ts.com\/sv\/agriculture\/\">Tj\u00e4nster f\u00f6r jordbruk och jordbruksteknik\u00a0<\/a><\/p>\n<\/div><\/div><footer class=\"entry-footer\"><\/footer><\/article><\/div>\n\n<style type=\"text\/css\" data-created_by=\"avia_inline_auto\" id=\"style-css-av-374wb9a-0bd9b3da7d065d4e80331ecc12b88948\">\n.flex_column.av-374wb9a-0bd9b3da7d065d4e80331ecc12b88948{\nborder-radius:0px 0px 0px 0px;\npadding:0px 0px 0px 0px;\n}\n<\/style>\n<div  class='flex_column av-374wb9a-0bd9b3da7d065d4e80331ecc12b88948 av_one_fourth  avia-builder-el-9  el_after_av_one_fourth  el_before_av_one_fourth  flex_column_div av-zero-column-padding  column-top-margin'     ><article  class='iconbox iconbox_left av-ko1l8xke-c793437be98c3306b93eea67a3bf2e85  avia-builder-el-10  avia-builder-el-no-sibling '  itemscope=\"itemscope\" itemtype=\"https:\/\/schema.org\/CreativeWork\" ><div class=\"iconbox_content\"><header class=\"entry-content-header\" aria-label=\"Icon: Fordonsindustrin\"><div class='iconbox_icon heading-color avia-iconfont avia-font-entypo-fontello' data-av_icon='\ue8da' data-av_iconfont='entypo-fontello'  ><\/div><h3 class='iconbox_content_title '  itemprop=\"headline\" >Fordonsindustrin<\/h3><\/header><div class='iconbox_content_container '  itemprop=\"text\" ><p>60\u00a0% av v\u00e4rldens ledande <a href=\"https:\/\/www.star-ts.com\/sv\/about\/customer-references\/\">OEM-f\u00f6retag inom bilindustrin<\/a> arbetar med oss.<\/p>\n<p>Vi \u00f6vers\u00e4tter stora volymer av tekniska handb\u00f6cker snabbt och exakt. V\u00e5r erfarenhet av <a href=\"https:\/\/www.star-ts.com\/sv\/oversattningstjanster-for-fordonsindustrin-teknik\/\">fordonsindustrin<\/a> under de senaste 30 \u00e5ren g\u00f6r att vi kan leverera korrekta teknik\u00f6vers\u00e4ttningar.<\/p>\n<\/div><\/div><footer class=\"entry-footer\"><\/footer><\/article><\/div>\n\n<style type=\"text\/css\" data-created_by=\"avia_inline_auto\" id=\"style-css-av-2oykxfi-5483b3d2021a12fd099d1003188a2168\">\n.flex_column.av-2oykxfi-5483b3d2021a12fd099d1003188a2168{\nborder-radius:0px 0px 0px 0px;\npadding:0px 0px 0px 0px;\n}\n<\/style>\n<div  class='flex_column av-2oykxfi-5483b3d2021a12fd099d1003188a2168 av_one_fourth  avia-builder-el-11  el_after_av_one_fourth  el_before_av_one_fourth  flex_column_div av-zero-column-padding  column-top-margin'     ><article  class='iconbox iconbox_left av-ko1lbc26-fcb476c4d32fee273609290a95b12ec5  avia-builder-el-12  avia-builder-el-no-sibling '  itemscope=\"itemscope\" itemtype=\"https:\/\/schema.org\/CreativeWork\" ><div class=\"iconbox_content\"><header class=\"entry-content-header\" aria-label=\"Icon: Cybers\u00e4kerhet\"><div class='iconbox_icon heading-color avia-iconfont avia-font-entypo-fontello' data-av_icon='\ue824' data-av_iconfont='entypo-fontello'  ><\/div><h3 class='iconbox_content_title '  itemprop=\"headline\" >Cybers\u00e4kerhet<\/h3><\/header><div class='iconbox_content_container '  itemprop=\"text\" ><p><a href=\"https:\/\/www.star-ts.com\/sv\/cybersakerhet-oversattning-och-lokalisering\/\">\u00d6vers\u00e4ttning och lokalisering av programvara:<\/a> Vi levererar specialiserade \u00f6vers\u00e4ttningar f\u00f6r s\u00e4kerhetsprodukter \u00e5t ledande program- och apputvecklare. Vi \u00f6vers\u00e4tter antivirusprogram och s\u00e4kerhetssystem som skyddar mot malware p\u00e5 40+ spr\u00e5k.<\/p>\n<\/div><\/div><footer class=\"entry-footer\"><\/footer><\/article><\/div>\n\n<style type=\"text\/css\" data-created_by=\"avia_inline_auto\" id=\"style-css-av-14atuwu-1-7a7780de5a52032dc6c87a489b6dd50d\">\n.flex_column.av-14atuwu-1-7a7780de5a52032dc6c87a489b6dd50d{\nborder-radius:0px 0px 0px 0px;\npadding:0px 0px 0px 0px;\n}\n<\/style>\n<div  class='flex_column av-14atuwu-1-7a7780de5a52032dc6c87a489b6dd50d av_one_fourth  avia-builder-el-13  el_after_av_one_fourth  el_before_av_one_fourth  flex_column_div av-zero-column-padding  column-top-margin'     ><article  class='iconbox iconbox_left av-ko1kyygt-11f6a9ad6ce478323943b279eb731caf  avia-builder-el-14  avia-builder-el-no-sibling '  itemscope=\"itemscope\" itemtype=\"https:\/\/schema.org\/CreativeWork\" ><div class=\"iconbox_content\"><header class=\"entry-content-header\" aria-label=\"Icon: Elektronik\"><div class='iconbox_icon heading-color avia-iconfont avia-font-entypo-fontello' data-av_icon='\ue8a9' data-av_iconfont='entypo-fontello'  ><\/div><h3 class='iconbox_content_title '  itemprop=\"headline\" >Elektronik<\/h3><\/header><div class='iconbox_content_container '  itemprop=\"text\" ><p><a href=\"https:\/\/www.star-ts.com\/sv\/translation-services\/electronics-translation\/\">Hemelektronik<\/a> \u00e4r en av de branscher som v\u00e4xer snabbast i dagsl\u00e4get. Inom elektroniksektorn \u00e4r det viktigt att \u00f6vers\u00e4ttningarna \u00e4r tekniskt korrekta och samtidigt anv\u00e4ndarv\u00e4nliga.<\/p>\n<\/div><\/div><footer class=\"entry-footer\"><\/footer><\/article><\/div>\n\n<style type=\"text\/css\" data-created_by=\"avia_inline_auto\" id=\"style-css-av-25r8dry-0595a1949c3254043565d930f810adc4\">\n.flex_column.av-25r8dry-0595a1949c3254043565d930f810adc4{\nborder-radius:0px 0px 0px 0px;\npadding:0px 0px 0px 0px;\n}\n<\/style>\n<div  class='flex_column av-25r8dry-0595a1949c3254043565d930f810adc4 av_one_fourth  avia-builder-el-15  el_after_av_one_fourth  el_before_av_one_fourth  first flex_column_div av-zero-column-padding  column-top-margin'     ><article  class='iconbox iconbox_left av-ko1ljuoh-bad584345404409a66d261f0ac6e7582  avia-builder-el-16  avia-builder-el-no-sibling '  itemscope=\"itemscope\" itemtype=\"https:\/\/schema.org\/CreativeWork\" ><div class=\"iconbox_content\"><header class=\"entry-content-header\" aria-label=\"Icon: Teknik\"><div class='iconbox_icon heading-color avia-iconfont avia-font-entypo-fontello' data-av_icon='\ue856' data-av_iconfont='entypo-fontello'  ><\/div><h3 class='iconbox_content_title '  itemprop=\"headline\" >Teknik<\/h3><\/header><div class='iconbox_content_container '  itemprop=\"text\" ><p>Specialiserade <a href=\"https:\/\/www.star-ts.com\/sv\/teknikoversattningstjanster\/\">tekniktj\u00e4nster<\/a>. Teknik\u00f6vers\u00e4ttning \u00e4r ett kr\u00e4vande omr\u00e5de \u2013 terminologin \u00e4r ofta komplex och \u00f6vers\u00e4ttningarna m\u00e5ste vara korrekta. \u00d6vers\u00e4ttaren m\u00e5ste ha goda kunskaper om branschen f\u00f6r att kunna f\u00f6rmedla tekniska begrepp p\u00e5 ett tydligt s\u00e4tt.<\/p>\n<\/div><\/div><footer class=\"entry-footer\"><\/footer><\/article><\/div>\n\n<style type=\"text\/css\" data-created_by=\"avia_inline_auto\" id=\"style-css-av-1p20v3y-93ab19007bc6cd0156a7b7dc7c84a8c8\">\n.flex_column.av-1p20v3y-93ab19007bc6cd0156a7b7dc7c84a8c8{\nborder-radius:0px 0px 0px 0px;\npadding:0px 0px 0px 0px;\n}\n<\/style>\n<div  class='flex_column av-1p20v3y-93ab19007bc6cd0156a7b7dc7c84a8c8 av_one_fourth  avia-builder-el-17  el_after_av_one_fourth  el_before_av_one_fourth  flex_column_div av-zero-column-padding  column-top-margin'     ><article  class='iconbox iconbox_left av-ko1le6rl-1970d2f045616f72229d94849aa65664  avia-builder-el-18  avia-builder-el-no-sibling '  itemscope=\"itemscope\" itemtype=\"https:\/\/schema.org\/CreativeWork\" ><div class=\"iconbox_content\"><header class=\"entry-content-header\" aria-label=\"Icon: Myndigheter\"><div class='iconbox_icon heading-color avia-iconfont avia-font-entypo-fontello' data-av_icon='\ue80b' data-av_iconfont='entypo-fontello'  ><\/div><h3 class='iconbox_content_title '  itemprop=\"headline\" >Myndigheter<\/h3><\/header><div class='iconbox_content_container '  itemprop=\"text\" ><p>\u00d6vers\u00e4ttningstj\u00e4nster f\u00f6r myndigheter hj\u00e4lper offentliga institutioner att kommunicera effektivt med fler nationaliteter utan att spr\u00e4nga budgeten. Vi \u00f6vers\u00e4tter bland annat styrdokument, informationsbroschyrer och \u00e5rsrapporter f\u00f6r en rad offentliga organ och <a href=\"https:\/\/www.star-ts.com\/sv\/translation-services\/government-translation-services\/\">statliga myndigheter<\/a>.<\/p>\n<\/div><\/div><footer class=\"entry-footer\"><\/footer><\/article><\/div>\n\n<style type=\"text\/css\" data-created_by=\"avia_inline_auto\" id=\"style-css-av-405tjy-638365bcf4c11d9c646d449f514f7254\">\n.flex_column.av-405tjy-638365bcf4c11d9c646d449f514f7254{\nborder-radius:0px 0px 0px 0px;\npadding:0px 0px 0px 0px;\n}\n<\/style>\n<div  class='flex_column av-405tjy-638365bcf4c11d9c646d449f514f7254 av_one_fourth  avia-builder-el-19  el_after_av_one_fourth  el_before_av_one_fourth  flex_column_div av-zero-column-padding  column-top-margin'     ><article  class='iconbox iconbox_left av-ko1lg2ke-9459eac1da16eb2758bcce49b5fef29e  avia-builder-el-20  avia-builder-el-no-sibling '  itemscope=\"itemscope\" itemtype=\"https:\/\/schema.org\/CreativeWork\" ><div class=\"iconbox_content\"><header class=\"entry-content-header\" aria-label=\"Icon: Tillverkning\"><div class='iconbox_icon heading-color avia-iconfont avia-font-entypo-fontello' data-av_icon='\ue855' data-av_iconfont='entypo-fontello'  ><\/div><h3 class='iconbox_content_title '  itemprop=\"headline\" >Tillverkning<\/h3><\/header><div class='iconbox_content_container '  itemprop=\"text\" ><p>STAR \u00e4r en av v\u00e4rldens ledande tj\u00e4nsteleverant\u00f6rer p\u00e5 omr\u00e5det teknik\u00f6vers\u00e4ttning. Vi har \u00f6ver 950 specialister i fler \u00e4n 30 l\u00e4nder. D\u00e4rmed kan vi hj\u00e4lpa ditt f\u00f6retag att leverera globalt. Vi arbetar med v\u00e4rldsledande <a href=\"https:\/\/www.star-ts.com\/sv\/manufacturing-translation\/\">tillverkare<\/a>.<\/p>\n<\/div><\/div><footer class=\"entry-footer\"><\/footer><\/article><\/div>\n\n<style type=\"text\/css\" data-created_by=\"avia_inline_auto\" id=\"style-css-av-s7juji-f736a5387ae81ec0138456f0e1eed9be\">\n.flex_column.av-s7juji-f736a5387ae81ec0138456f0e1eed9be{\nborder-radius:0px 0px 0px 0px;\npadding:0px 0px 0px 0px;\n}\n<\/style>\n<div  class='flex_column av-s7juji-f736a5387ae81ec0138456f0e1eed9be av_one_fourth  avia-builder-el-21  el_after_av_one_fourth  el_before_av_one_full  flex_column_div av-zero-column-padding  column-top-margin'     ><\/div>\n<div  class='flex_column av-l5nz2-8f161f77530d1a61217b7933eda02a11 av_one_full  avia-builder-el-22  el_after_av_one_fourth  avia-builder-el-last  first flex_column_div  column-top-margin'     ><section  class='av_textblock_section av-1bqe266-fb96495898625f4703fafdcfaf26c0be '   itemscope=\"itemscope\" itemtype=\"https:\/\/schema.org\/CreativeWork\" ><div class='avia_textblock'  itemprop=\"text\" ><div  class='avia-button-wrap avia-button-center  avia-builder-el-24  avia-builder-el-no-sibling '>\n<style type=\"text\/css\" data-created_by=\"avia_inline_auto\" id=\"style-css-av-sbavni-05ee7303059a7a95c09c662eb56947ec\">\n#top #wrap_all .avia-button.av-sbavni-05ee7303059a7a95c09c662eb56947ec:hover{\ncolor:white;\ntransition:all 0.4s ease-in-out;\n}\n#top #wrap_all .avia-button.av-sbavni-05ee7303059a7a95c09c662eb56947ec:hover .avia-svg-icon svg:first-child{\nfill:white;\nstroke:white;\n}\n<\/style>\n<a href='https:\/\/www.star-ts.com\/contact\/' class='avia-color-theme-color avia-font-color-theme-color avia-button avia-button-fullwidth av-sbavni-05ee7303059a7a95c09c662eb56947ec avia-icon_select-no avia-color-theme-color'  title=\"Contact Us\" aria-label=\"Contact Us\"><span class='avia_iconbox_title' >Kontakta oss<\/span><span class='avia_button_background avia-button avia-button-fullwidth avia-color-theme-color-highlight'><\/span><\/a><\/div>\n<\/div><\/section><\/div>\n","protected":false},"excerpt":{"rendered":"<p>Som v\u00e4rldsomsp\u00e4nnande f\u00f6retag arbetar vi med mer \u00e4n 200 spr\u00e5k och en rad olika system och processer. V\u00e5ra team arbetar tillsammans med v\u00e5ra kunder f\u00f6r att ta fram skr\u00e4ddarsydda l\u00f6sningar oavsett omr\u00e5de och bransch.<\/p>\n","protected":false},"author":1,"featured_media":72412,"parent":0,"menu_order":0,"comment_status":"closed","ping_status":"closed","template":"","meta":{"footnotes":""},"class_list":["post-63980","page","type-page","status-publish","has-post-thumbnail","hentry"],"_links":{"self":[{"href":"https:\/\/www.star-ts.com\/sv\/wp-json\/wp\/v2\/pages\/63980","targetHints":{"allow":["GET"]}}],"collection":[{"href":"https:\/\/www.star-ts.com\/sv\/wp-json\/wp\/v2\/pages"}],"about":[{"href":"https:\/\/www.star-ts.com\/sv\/wp-json\/wp\/v2\/types\/page"}],"author":[{"embeddable":true,"href":"https:\/\/www.star-ts.com\/sv\/wp-json\/wp\/v2\/users\/1"}],"replies":[{"embeddable":true,"href":"https:\/\/www.star-ts.com\/sv\/wp-json\/wp\/v2\/comments?post=63980"}],"version-history":[{"count":0,"href":"https:\/\/www.star-ts.com\/sv\/wp-json\/wp\/v2\/pages\/63980\/revisions"}],"wp:featuredmedia":[{"embeddable":true,"href":"https:\/\/www.star-ts.com\/sv\/wp-json\/wp\/v2\/media\/72412"}],"wp:attachment":[{"href":"https:\/\/www.star-ts.com\/sv\/wp-json\/wp\/v2\/media?parent=63980"}],"curies":[{"name":"wp","href":"https:\/\/api.w.org\/{rel}","templated":true}]}}