{"id":120982,"date":"2026-01-05T12:20:15","date_gmt":"2026-01-05T12:20:15","guid":{"rendered":"https:\/\/www.star-ts.com\/software\/translation-memory-transit-nxt\/overview\/"},"modified":"2026-01-05T12:20:26","modified_gmt":"2026-01-05T12:20:26","slug":"overview","status":"publish","type":"page","link":"https:\/\/www.star-ts.com\/sv\/software\/translation-memory-transit-nxt\/overview\/","title":{"rendered":"\u00d6versikt"},"content":{"rendered":"<p>\n<style type=\"text\/css\" data-created_by=\"avia_inline_auto\" id=\"style-css-av-71xho-2ed3e973dba253c601d027ab88330a12\">\n.flex_column.av-71xho-2ed3e973dba253c601d027ab88330a12{\nborder-radius:0px 0px 0px 0px;\npadding:0px 0px 0px 0px;\n}\n<\/style>\n<div  class='flex_column av-71xho-2ed3e973dba253c601d027ab88330a12 av_one_full  avia-builder-el-0  el_before_av_one_full  avia-builder-el-first  first flex_column_div av-zero-column-padding  '     ><section  class='av_textblock_section av-odp5z0-18a25a0e12238c7869ae41f328f8a573 '   itemscope=\"itemscope\" itemtype=\"https:\/\/schema.org\/CreativeWork\" ><div class='avia_textblock'  itemprop=\"text\" ><h1>Transit NXT \u00d6versikt<\/h1>\n<\/div><\/section><br \/>\n<section  class='av_textblock_section av-mgh3gs-464093f630deaad644c98fc2826b2bd9 '   itemscope=\"itemscope\" itemtype=\"https:\/\/schema.org\/CreativeWork\" ><div class='avia_textblock'  itemprop=\"text\" ><p>\u00d6vers\u00e4ttningsminnesteknik f\u00f6r professionella \u00f6vers\u00e4ttare.<\/p>\n<\/div><\/section><\/p><\/div><div  class='flex_column av-lhmdpo-a364b0fb69da7255b9e354a5962e277e av_one_full  avia-builder-el-3  el_after_av_one_full  el_before_av_one_full  first flex_column_div  column-top-margin'     ><section  class='av_textblock_section av-jamdgc-0418d9768aeac29c7a9fa681e5cf0853 '   itemscope=\"itemscope\" itemtype=\"https:\/\/schema.org\/CreativeWork\" ><div class='avia_textblock'  itemprop=\"text\" ><h3>Gr\u00e4nssnittet<\/h3>\n<p>I Transit NXT hj\u00e4lper den enhetliga anv\u00e4ndningen av f\u00e4rger i f\u00f6nstrens namnlist, l\u00e4ttf\u00f6rst\u00e5eliga ikoner och f\u00f6rb\u00e4ttrad synkronisering mellan de olika f\u00f6nstren b\u00e5de nyb\u00f6rjare och erfarna anv\u00e4ndare att hitta r\u00e4tt i alla situationer.<\/p>\n<p>Viktiga Transit-funktioner:<\/p>\n<ul>\n<li>F\u00f6rb\u00e4ttrad dokumentintelligens<\/li>\n<li>Delar upp uppgifter<\/li>\n<li>Kraftfulla funktioner<\/li>\n<\/ul>\n<figure class=\"Xpl\"><img decoding=\"async\" src=\"https:\/\/www.star-ts.com\/wp-content\/uploads\/2014\/07\/transit-ui-legend.png\" alt=\"Teckenf\u00f6rklaring f\u00f6r Transit NXT:s anv\u00e4ndargr\u00e4nssnitt\" width=\"400\" height=\"320\"\/><\/figure>\n<\/div><\/section><\/div><div  class='flex_column av-gr84do-0efbfcf93aaabd808587de286b5c4a87 av_one_full  avia-builder-el-5  el_after_av_one_full  el_before_av_one_full  first flex_column_div  column-top-margin'     ><section  class='av_textblock_section av-f6wq9o-e0837bed216e49f570feccd00c21e0ef '   itemscope=\"itemscope\" itemtype=\"https:\/\/schema.org\/CreativeWork\" ><div class='avia_textblock'  itemprop=\"text\" ><h3>Samarbete i alla dess former<\/h3>\n<figure><img decoding=\"async\" src=\"https:\/\/www.star-ts.com\/wp-content\/uploads\/2014\/07\/transit-ui.jpg\" alt=\"Transit NXT \u00f6versikt, anv\u00e4ndargr\u00e4nssnitt\" width=\"822\" height=\"599\"\/><figcaption>En \u00f6versikt \u00f6ver Transit NXT \u2013 anv\u00e4ndargr\u00e4nssnitt<\/figcaption><\/figure>\n<p>Transit NXT \u2013 \u00f6vers\u00e4ttningsminne i sitt sammanhang.<\/p>\n<p>Meningen \u00e4r den grundl\u00e4ggande spr\u00e5kenheten. Det \u00e4r dock inte n\u00f6dv\u00e4ndigtvis den grundl\u00e4ggande betydelseenheten. \u00d6vers\u00e4ttare l\u00e4ser meningar i k\u00e4lltexten, men kan bara g\u00f6ra ett effektivt jobb med att \u00f6vers\u00e4tta dem om de kan h\u00e4rleda och f\u00f6rst\u00e5 deras betydelse fr\u00e5n sammanhanget. Detta \u00e4r en princip som beaktades i den f\u00f6rsta versionen av Transit, f\u00f6r \u00f6ver 20 \u00e5r sedan. I motsats till andra \u00f6vers\u00e4ttningsminnessystem avskaffar Transit en databas som uteslutande \u00e4r meningsbaserad. Ist\u00e4llet f\u00f6rblir hela bredden av den intelligens som finns i ett dokument tillg\u00e4nglig i Transits referensmaterial.     <\/p>\n<p>Denna teknik som anv\u00e4nds i Transit f\u00f6r att l\u00e4nka k\u00e4ll- och m\u00e5ldokument p\u00e5 menings-, avsnitts- eller styckeniv\u00e5 (Transits referensmaterial) blir \u00e4nnu mer v\u00e4rdefull om \u00f6vers\u00e4ttningsmatchningarna senare kommer att anv\u00e4ndas f\u00f6r att skapa k\u00e4lltexter. Transit NXT lyfter fram denna f\u00f6rdel \u00e4nnu mer f\u00f6r att s\u00e4kerst\u00e4lla att det viktiga arbetet med \u00f6vers\u00e4ttning och dokumentskapande aldrig sker utan n\u00f6dv\u00e4ndig kontextuell information. P\u00e5 samma s\u00e4tt till\u00e5ter Dynamic Linking ocks\u00e5 att terminologiposter och fuzzy matchningar relateras till l\u00e4mpligt referensmaterial.  <\/p>\n<h4>F\u00f6rb\u00e4ttrad dokumentintelligens<\/h4>\n<p>Transit NXT till\u00e5ter \u00f6vers\u00e4ttaren att koncentrera sig enbart p\u00e5 texten. Markeringar (taggar) kan bearbetas separat fr\u00e5n sj\u00e4lva \u00f6vers\u00e4ttningsprocessen och hanteras till stor del av systemet sj\u00e4lvt. Detta inneb\u00e4r att Transits unika dokumentintelligens kompletteras av det lika viktiga till\u00e4gget av intelligent formatering och sk\u00e4rmlayout (markeringar och f\u00f6nsterpositioner). Dokumentstrukturer och hierarkier visas ocks\u00e5 av indent-level indicator.   <\/p>\n<h4>Dela upp uppgifter hur du vill<\/h4>\n<p>Transit NXT, som \u00e4r utformad med den professionella \u00f6vers\u00e4ttaren i \u00e5tanke, har nu olika f\u00f6rinst\u00e4llningar f\u00f6r att minska utbudet av funktioner som visas genom att dela upp den komplexa \u00f6vers\u00e4ttningsprocessen i mindre deluppgifter (eller roller) \u2013 som \u00f6vers\u00e4ttning, lokalisering, projekt- och terminologihantering, markeringar etc. Tack vare denna nya id\u00e9 om att dela upp uppgifter kan \u00e4ven en nyb\u00f6rjare arbeta mycket effektivt. <\/p>\n<h4>Kraftfulla funktioner<\/h4>\n<p>Alla k\u00e4rnkomponenter i Transit NXT \u00e4r synliga f\u00f6r anv\u00e4ndaren med ett \u00f6gonkast. Detta g\u00f6r att Transit-anv\u00e4ndargr\u00e4nssnittet snabbt kan anpassas till olika jobbprofiler, processer och arbetsmetoder. <\/p>\n<p>Funktionsknappar som Anv\u00e4ndarroller, Ordb\u00f6cker och Referensmaterial ger direkt tillg\u00e5ng till relaterade uppgifter. De kan ocks\u00e5 anv\u00e4ndas och konfigureras av en projektledare eller annan process\u00e4gare som inte arbetar med projektet. Funktionsknappar som Gr\u00e4nssnitt, STAR James och Maskin\u00f6vers\u00e4ttning uppfyller b\u00e5de aktiva och passiva krav f\u00f6r gr\u00e4nssnitt mot andra system, vilket g\u00f6r integrationen med Transit \u00e4nnu enklare. Som ett exempel inneh\u00e5ller Gr\u00e4nssnittsfunktionen Transit-filter f\u00f6r redigeringssystem fr\u00e5n praktiskt taget alla anv\u00e4ndningsomr\u00e5den (MS Office, DTP, CMS\/DMS-system etc.). Standardformat som XLIFF och TBX st\u00f6ds ocks\u00e5. Lokalisering, fuzzy search i k\u00e4ll- och m\u00e5ltext och synkroniserad visning av de ursprungliga k\u00e4ll- och m\u00e5ldokumenten (PDF\/HTML\/XML) n\u00e5s och konfigureras via respektive knapp.<\/p>\n<\/div><\/section><\/div><div  class='flex_column av-dvi730-71871b02ae6cc49094472cb30e0ad7ae av_one_full  avia-builder-el-7  el_after_av_one_full  el_before_av_one_full  first flex_column_div  column-top-margin'     ><section  class='av_textblock_section av-d4d1m4-4a95eb6a8288cf7c1434f81395ac994b '   itemscope=\"itemscope\" itemtype=\"https:\/\/schema.org\/CreativeWork\" ><div class='avia_textblock'  itemprop=\"text\" ><h3>Transit NXT \u2013 \u00d6vers\u00e4ttning och lokalisering i ett enda steg<\/h3>\n<h4>Fler tr\u00e4ffar i TermSTAR<\/h4>\n<p>Fuzzy-s\u00f6kningen i TermStar hittar inte bara poster som exakt motsvarar din s\u00f6kterm, utan \u00e4ven alla liknande poster som finns i ordlistan. Den ut\u00f6kade datamodellen f\u00f6r TermStar g\u00f6r det ocks\u00e5 m\u00f6jligt att definiera &#8221;otill\u00e5tna&#8221; termer, bland annat. Transit NXT identifierar alla otill\u00e5tna termer i texten, som i en automatisk stavningskontroll, och kan korrigera dem omedelbart.  <\/p>\n<figure><img decoding=\"async\" src=\"https:\/\/www.star-ts.com\/wp-content\/uploads\/2014\/07\/transit-resource-editor.jpg\" alt=\"Transit NXT resursredigerare\" width=\"822\" height=\"583\"\/><figcaption>Lokalisering med dynamisk f\u00f6rhandsvisning i Resursredigeraren<\/figcaption><\/figure>\n<h4>Projekthantering i ett \u00f6gonkast<\/h4>\n<p>Tack vare sin nya Projektbl\u00e4ddrare kan Transit NXT visa upp till tolv attribut (beroende p\u00e5 jobbinst\u00e4llningarna och kunden) i ett tabellformat. Dessa kan prioriteras, grupperas eller d\u00f6ljas efter behov. <\/p>\n<h4>Textl\u00e4ngdskontroll<\/h4>\n<p>F\u00f6r m\u00e5ltext med en f\u00f6rdefinierad l\u00e4ngd b\u00f6rjar Transit NXT omedelbart kontrollera textl\u00e4ngden i bakgrunden. Textl\u00e4ngdskorrigeringar kan g\u00f6ras b\u00e5de under och efter \u00f6vers\u00e4ttningen. <\/p>\n<h4>Lokalisering i Resursredigeraren<\/h4>\n<p>Transit NXT st\u00f6der anv\u00e4ndningen av bin\u00e4ra format (.exe, .dll). Resursredigeraren kan anv\u00e4ndas f\u00f6r att enkelt justera och anpassa positionen och storleken p\u00e5 dialogelement (dynamisk f\u00f6rhandsvisning). Alla justeringar som g\u00f6rs lagras som koordinater i m\u00e5lspr\u00e5ksfilerna och kan d\u00e4rf\u00f6r beaktas automatiskt i nya projekt (\u00e5teranv\u00e4ndning av referensmaterialet). En lista \u00f6ver modifierade dialogrutor genereras ocks\u00e5 (\u00e5terkoppling f\u00f6r utvecklare).   <\/p>\n<h4>Virtuell segmentkoppling<\/h4>\n<p>I Transit NXT \u00e4r matchande inneh\u00e5ll i k\u00e4ll- och m\u00e5lspr\u00e5ket tydligt l\u00e4nkat, \u00e4ven om antalet segment skiljer sig mellan k\u00e4ll- och m\u00e5ltexten. Denna konceptuella innovation g\u00f6r att Transit och referensmaterialet kan anv\u00e4ndas i valfri spr\u00e5kriktning (flerriktad). Spr\u00e5kprojekt med olika redigeringsspr\u00e5k kan nu hanteras effektivt i Transit med hj\u00e4lp av standardprocesser, i linje med principen om en enda k\u00e4lla.  <\/p>\n<h4>Automatiserad Transit <abbr title=\"Filformatdefinitionsfil\">FFD<\/abbr>-filskapande f\u00f6r XML-projekt<\/h4>\n<p>Det ut\u00f6kade XML-gr\u00e4nssnittet i Transit NXT g\u00f6r det nu m\u00f6jligt att automatiskt skapa Transit FFD-filer med hj\u00e4lp av en interaktiv guide, p\u00e5 samma s\u00e4tt som projektspecifika DTD-filer.<\/p>\n<h3>Kraftfullare funktioner<\/h3>\n<h4>F\u00f6rb\u00e4ttrad synkronisering<\/h4>\n<p>I Transit NXT har den bepr\u00f6vade synkroniseringsfunktionaliteten fr\u00e5n tidigare versioner ut\u00f6kats f\u00f6r att underl\u00e4tta navigering mellan den ursprungliga dokumentvyn, Transit-spr\u00e5kpar, terminologiposter och motsvarande referensdokument p\u00e5 k\u00e4ll- och m\u00e5lspr\u00e5ket.<\/p>\n<figure><img decoding=\"async\" src=\"https:\/\/www.star-ts.com\/wp-content\/uploads\/2014\/07\/transit-synchronization.jpg\" alt=\"Transit NXT synkronisering\" width=\"800\" height=\"577\"\/><figcaption>Synkronisering mellan f\u00f6nster<\/figcaption><\/figure>\n<h4>Transit NXT &#8211; \u00f6vers\u00e4ttningsminne i sitt sammanhang<\/h4>\n<p>Transit NXT anv\u00e4nder den h\u00f6gra kanten av sk\u00e4rmen f\u00f6r att visa flikar f\u00f6r flytande f\u00f6nster. Dessa till\u00e5ter anv\u00e4ndaren att konsultera situationsspecifik ytterligare information efter behov, utan att avbryta den huvudsakliga \u00f6vers\u00e4ttningsprocessen. Anv\u00e4ndningsomr\u00e5den inkluderar visning av PDF\/HTML\/XML-k\u00e4ll- och m\u00e5ltexter f\u00f6r gransknings\u00e4ndam\u00e5l (synkroniserat med Transit-spr\u00e5kparet), en Mark-up viewer f\u00f6r hantering av markeringar och Resursredigeraren f\u00f6r att g\u00f6ra justeringar av anv\u00e4ndargr\u00e4nssnitt (\u00e4ndra storlek i lokaliseringsprojekt).  <\/p>\n<h4>Fuzzy matchningar i farten &#8211; bubbelf\u00f6nster<\/h4>\n<p>F\u00f6r varje nytt segment som ska \u00f6vers\u00e4ttas kan fuzzy matchningar nu ocks\u00e5 visas i farten i bubbelf\u00f6nster. Varje avvikelse fr\u00e5n det aktuella segmentet markeras i K\u00e4ll-fuzzy-f\u00f6nstret och sammanhanget f\u00f6r den fuzzy matchningen kan ses n\u00e4r som helst via en l\u00e4nk till referensmaterialet. <\/p>\n<h4>Dubbel Fuzzy &#8211; nu \u00e4ven med m\u00e5lmatchningar<\/h4>\n<p>Om \u00f6vers\u00e4ttaren anger en ny \u00f6vers\u00e4ttning \u00f6ppnas M\u00e5l-fuzzy-f\u00f6nstret i farten och visar alla relevanta matchningar fr\u00e5n m\u00e5lspr\u00e5kets referensfiler och f\u00f6rb\u00e4ttrar d\u00e4rmed automatiskt konsistensen mellan texter. En permanent, direkt l\u00e4nk fr\u00e5n detta f\u00f6nster till referensmaterialet tillhandah\u00e5lls via den tillh\u00f6rande knappen. <\/p>\n<h4>F\u00f6rb\u00e4ttrad f\u00f6reg\u00e5ende \u00f6vers\u00e4ttning &#8211; b\u00e4ttre terminologikonsistens<\/h4>\n<p>Anv\u00e4ndningen av TermStar-ordb\u00f6cker f\u00f6r f\u00f6reg\u00e5ende \u00f6vers\u00e4ttning \u00e4r till st\u00f6rst nytta f\u00f6r \u00f6vers\u00e4ttningsprojekt som reservdelslistor, reservdelslistor, visningstext etc., vilket automatiskt ger st\u00f6rre konsistens n\u00e4r det g\u00e4ller terminologi (f\u00f6retagsformulering).<\/p>\n<\/div><\/section><\/div><div  class='flex_column av-ac9foc-94e032b76bc6bc73321f9e46d658812c av_one_full  avia-builder-el-9  el_after_av_one_full  el_before_av_section  avia-builder-el-last  first flex_column_div  column-top-margin'     ><section  class='av_textblock_section av-9c7mzw-396638ecedb278d4890b18a98fd76828 '   itemscope=\"itemscope\" itemtype=\"https:\/\/schema.org\/CreativeWork\" ><div class='avia_textblock'  itemprop=\"text\" ><h3>Transparent optimering av anv\u00e4ndarroller och uppgifter<\/h3>\n<h4>Processoptimerat anv\u00e4ndargr\u00e4nssnitt<\/h4>\n<p>Projekt optimerade f\u00f6r specifika anv\u00e4ndarroller.<\/p>\n<p>Vinster i projekteffektivitet kommer fr\u00e5n att hitta den b\u00e4sta m\u00f6jliga kombinationen av f\u00f6rdefinierade deluppgifter och de tillg\u00e4ngliga f\u00e4rdigheterna. Det omdesignade anv\u00e4ndargr\u00e4nssnittet i Transit NXT f\u00f6ljer denna princip. Detta tar h\u00e4nsyn till det faktum att de tv\u00e5 aspekterna (uppdelning av uppgifter i processen och specialistkunskaper hos de som \u00e4r involverade i processen) kan viktas och prioriteras olika. Det praktiska resultatet av detta \u00e4r knappen Anv\u00e4ndarroller, som automatiskt konfigurerar Transit-anv\u00e4ndargr\u00e4nssnittet och tar h\u00e4nsyn till de enskilda anv\u00e4ndarnas specifika expertis. Detta inneb\u00e4r att endast de n\u00f6dv\u00e4ndiga funktionerna och vyerna visas f\u00f6r varje anv\u00e4ndarroll. Anv\u00e4ndaren kan \u00e4ndra sin roll n\u00e4r som helst eller f\u00f6rb\u00e4ttra den med ytterligare funktioner.     <\/p>\n<h4>Dela upp uppgifter inom projekt<\/h4>\n<p>Av praktiska sk\u00e4l utf\u00f6rs m\u00e5nga uppgifter som \u00e4r en del av \u00f6vers\u00e4ttnings- och lokaliseringsprocessen inte under sj\u00e4lva \u00f6vers\u00e4ttningen. Anv\u00e4ndargr\u00e4nssnittsdesignen i Transit NXT st\u00f6der att dessa typer av aktiviteter utf\u00f6rs oberoende och separat, vilket fr\u00e4mjar uppdelningen av \u00f6vers\u00e4ttningsprocessen bland l\u00e4mpliga specialister (optimering genom den logiska uppdelningen av arbetet). Transit NXT g\u00f6r det m\u00f6jligt att kombinera flera projektvyer hur du vill, vilket g\u00f6r att det optimala arbetsfl\u00f6det kan v\u00e4ljas f\u00f6r varje uppgift, baserat p\u00e5 personalens f\u00f6rm\u00e5gor och tillg\u00e4nglighet.  <\/p>\n<figure><img decoding=\"async\" src=\"https:\/\/www.star-ts.com\/wp-content\/uploads\/2014\/07\/transit-optimization-user-role.jpg\" alt=\"Transit NXT optimering efter anv\u00e4ndarroll\" width=\"568\" height=\"663\"\/><figcaption>Optimering efter anv\u00e4ndarroll i Transit<\/figcaption><\/figure>\n<h3>Kontextk\u00e4nsligt \u00f6vers\u00e4ttningsminne \u2013 \u00e4nnu mer dataintelligens och integration<\/h3>\n<h4>Bekv\u00e4mlighet med flerspr\u00e5kiga dokumentresurser<\/h4>\n<figure><img decoding=\"async\" src=\"https:\/\/www.star-ts.com\/wp-content\/uploads\/2014\/07\/transit-integrated-system.jpg\" alt=\"Transit NXT integrerat system\" width=\"800\" height=\"579\"\/><figcaption>Ett integrerat system som passar f\u00f6r alla uppgifter<\/figcaption><\/figure>\n<p>Transits koncept med kontextk\u00e4nsligt \u00f6vers\u00e4ttningsminne baserat p\u00e5 referensmaterial inneb\u00e4r att flerspr\u00e5kiga dokumentresurser kan anv\u00e4ndas f\u00f6r f\u00f6reg\u00e5ende \u00f6vers\u00e4ttning omedelbart. Anpassningen mellan spr\u00e5ksegmenten \u00e4r till stor del automatiserad. <\/p>\n<h4>Processautomatisering<\/h4>\n<p>Perfekt integration av Transit NXT i STAR James arbetsfl\u00f6desl\u00f6sning ger m\u00f6jlighet att automatiskt utnyttja anv\u00e4ndarroller, uppgifter och tillh\u00f6rande anv\u00e4ndargr\u00e4nssnittsinst\u00e4llningar och d\u00e4rmed integrera erfarenheten fr\u00e5n projektet i det automatiserade processarbetsfl\u00f6det.<\/p>\n<h4>Webbs\u00f6kning \u2013 integrerad onlines\u00f6kning<\/h4>\n<p>Den nya webbs\u00f6kningsfunktionen l\u00e5ter dig s\u00f6ka efter terminologi online n\u00e4r som helst inifr\u00e5n Transit NXT.<\/p>\n<h4>Toppmodernt anv\u00e4ndargr\u00e4nssnitt<\/h4>\n<p>Alla de senaste, bepr\u00f6vade anv\u00e4ndargr\u00e4nssnittsteknikerna har bidragit till Transit NXT-gr\u00e4nssnittet. Detta ger anv\u00e4ndarna en h\u00f6g grad av f\u00f6rtrogenhet med gr\u00e4nssnittet, vilket g\u00f6r det m\u00f6jligt f\u00f6r dem att hitta r\u00e4tt i den nya produkten b\u00e5de snabbt och med sj\u00e4lvf\u00f6rtroende (t.ex. menyfliksomr\u00e5den, placering av f\u00f6nster etc.)<\/p>\n<\/div><\/section><br \/>\n<section  class='av_textblock_section av-6yoaik-17988b7950816523f1b146a2ae2b9b80 '   itemscope=\"itemscope\" itemtype=\"https:\/\/schema.org\/CreativeWork\" ><div class='avia_textblock'  itemprop=\"text\" ><p><iframe src=\"https:\/\/player.vimeo.com\/video\/217515149\" width=\"640\" height=\"480\" frameborder=\"0\" allowfullscreen=\"allowfullscreen\"><\/iframe><\/p>\n<p><a href=\"https:\/\/vimeo.com\/217515149\" target=\"_blank\" rel=\"noopener\">Transit NXT &#8211; \u00d6vers\u00e4ttningsteknik f\u00f6r \u00f6vers\u00e4ttare Introduktion<\/a>.<\/p>\n<\/div><\/section><\/p><\/div><\/div><\/div><\/div><!-- close content main div --><\/div><\/div><div id='relxa'  class='avia-section av-69s5po-9e997b8c02398876a9594edf46f6ac7c main_color avia-section-default avia-no-shadow  avia-builder-el-12  el_after_av_one_full  avia-builder-el-last  avia-bg-style-scroll container_wrap sidebar_right'  ><div class='container av-section-cont-open' ><div class='template-page content  av-content-small alpha units'><div class='post-entry post-entry-type-page post-entry-120982'><div class='entry-content-wrapper clearfix'>\n<section  class='av_textblock_section av-co9fw-6d82a7a7fdbf387932c32c348443958a '   itemscope=\"itemscope\" itemtype=\"https:\/\/schema.org\/CreativeWork\" ><div class='avia_textblock'  itemprop=\"text\" ><h3 style=\"text-align: center;\">Prata med v\u00e5rt teknikteam<\/h3>\n<p style=\"text-align: center;\">Om du \u00e4r intresserad av att l\u00e4ra dig mer om hur v\u00e5ra verktyg och teknik kan hj\u00e4lpa ditt f\u00f6retag, kontakta v\u00e5rt team idag.<\/p>\n<p style=\"text-align: center;\"><a class=\"xtr button translate\" href=\"https:\/\/www.star-ts.com\/sv\/kontakt\/\">Kontakta oss<\/a><\/p>\n<\/div><\/section>\n<\/div><\/div><\/div><!-- close content main div --><\/div><\/div><div id='after_section_1'  class='main_color av_default_container_wrap container_wrap sidebar_right'  ><div class='container av-section-cont-open' ><div class='template-page content  av-content-small alpha units'><div class='post-entry post-entry-type-page post-entry-120982'><div class='entry-content-wrapper clearfix'><\/p>\n","protected":false},"excerpt":{"rendered":"","protected":false},"author":1,"featured_media":0,"parent":120644,"menu_order":1,"comment_status":"closed","ping_status":"closed","template":"","meta":{"footnotes":""},"class_list":["post-120982","page","type-page","status-publish","hentry"],"_links":{"self":[{"href":"https:\/\/www.star-ts.com\/sv\/wp-json\/wp\/v2\/pages\/120982","targetHints":{"allow":["GET"]}}],"collection":[{"href":"https:\/\/www.star-ts.com\/sv\/wp-json\/wp\/v2\/pages"}],"about":[{"href":"https:\/\/www.star-ts.com\/sv\/wp-json\/wp\/v2\/types\/page"}],"author":[{"embeddable":true,"href":"https:\/\/www.star-ts.com\/sv\/wp-json\/wp\/v2\/users\/1"}],"replies":[{"embeddable":true,"href":"https:\/\/www.star-ts.com\/sv\/wp-json\/wp\/v2\/comments?post=120982"}],"version-history":[{"count":0,"href":"https:\/\/www.star-ts.com\/sv\/wp-json\/wp\/v2\/pages\/120982\/revisions"}],"up":[{"embeddable":true,"href":"https:\/\/www.star-ts.com\/sv\/wp-json\/wp\/v2\/pages\/120644"}],"wp:attachment":[{"href":"https:\/\/www.star-ts.com\/sv\/wp-json\/wp\/v2\/media?parent=120982"}],"curies":[{"name":"wp","href":"https:\/\/api.w.org\/{rel}","templated":true}]}}