{"id":120968,"date":"2026-01-05T12:20:02","date_gmt":"2026-01-05T12:20:02","guid":{"rendered":"https:\/\/www.star-ts.com\/software\/star-translation-cloud\/about\/"},"modified":"2026-01-05T12:20:24","modified_gmt":"2026-01-05T12:20:24","slug":"about","status":"publish","type":"page","link":"https:\/\/www.star-ts.com\/sv\/software\/star-translation-cloud\/about\/","title":{"rendered":"Om Translation Cloud"},"content":{"rendered":"<p>\n<style type=\"text\/css\" data-created_by=\"avia_inline_auto\" id=\"style-css-av-33j1ob-a990ff14924d999624e01ac4f72e519e\">\n.flex_column.av-33j1ob-a990ff14924d999624e01ac4f72e519e{\nborder-radius:0px 0px 0px 0px;\npadding:0px 0px 0px 0px;\n}\n<\/style>\n<div  class='flex_column av-33j1ob-a990ff14924d999624e01ac4f72e519e av_one_full  avia-builder-el-0  el_before_av_one_third  avia-builder-el-first  first flex_column_div av-zero-column-padding  '     ><section  class='av_textblock_section av-qr7u97-fbe8bbd9165507f91637b546f2419280 '   itemscope=\"itemscope\" itemtype=\"https:\/\/schema.org\/CreativeWork\" ><div class='avia_textblock'  itemprop=\"text\" ><h1>STAR Translation Cloud<\/h1>\n<h3>G\u00f6r \u00f6vers\u00e4ttningshanteringen enkel<\/h3>\n<p>Med <a href=\"https:\/\/www.star-ts.com\/sv\/software\/star-translation-cloud\/\">STAR Translation Cloud<\/a> kan du hantera dina \u00f6vers\u00e4ttningsprojekt i molnet. Ladda upp filer, ta emot offerter, starta och sp\u00e5ra projekt fr\u00e5n en och samma plats. <\/p>\n<p><a class=\"xtr button translate\" href=\"https:\/\/cloud.star-ts.com\/\">Registrera dig nu<\/a><\/p>\n<\/div><\/section><\/div><div  class='flex_column av-ot11qz-719a86f1ce31e2e2a5419cdb44d54b14 av_one_third  avia-builder-el-2  el_after_av_one_full  el_before_av_two_third  first flex_column_div  column-top-margin'     ><section  class='av_textblock_section av-mbmljv-0d2ffe6903ce906b059062ee3cb1d0f8 '   itemscope=\"itemscope\" itemtype=\"https:\/\/schema.org\/CreativeWork\" ><div class='avia_textblock'  itemprop=\"text\" ><h4>Molnfunktioner<\/h4>\n<ul>\n<li>Sp\u00e5ra projekt online<\/li>\n<li>Hantera terminologi<\/li>\n<li>Best\u00e4ll ny \u00f6vers\u00e4ttning<\/li>\n<li>Ladda ner \u00f6vers\u00e4ttning<\/li>\n<li>Rapporter: \u00f6vervaka utgifter och statistik<\/li>\n<\/ul>\n<\/div><\/section><\/div><\/p>\n\n<style type=\"text\/css\" data-created_by=\"avia_inline_auto\" id=\"style-css-av-kayn63-91f7215a503a7026a323b93fe315bfdd\">\n.flex_column.av-kayn63-91f7215a503a7026a323b93fe315bfdd{\nborder-radius:0px 0px 0px 0px;\npadding:0px 0px 0px 0px;\n}\n<\/style>\n<div  class='flex_column av-kayn63-91f7215a503a7026a323b93fe315bfdd av_two_third  avia-builder-el-4  el_after_av_one_third  el_before_av_one_full  flex_column_div av-zero-column-padding  column-top-margin'     ><section  class='av_textblock_section av-j45shn-508562399a6bd4a763fcf31eb7602ea5 '   itemscope=\"itemscope\" itemtype=\"https:\/\/schema.org\/CreativeWork\" ><div class='avia_textblock'  itemprop=\"text\" ><h3>Professionell molnbaserad \u00f6vers\u00e4ttning<\/h3>\n<p class=\"special\">STAR Translation Cloud ger v\u00e5ra kunder m\u00f6jlighet att hantera sina \u00f6vers\u00e4ttningar fr\u00e5n en enda central plats online. I dagens hektiska kommersiella v\u00e4rld kan du ha flera \u00f6vers\u00e4ttningsprojekt p\u00e5 g\u00e5ng samtidigt. Att h\u00e5lla reda p\u00e5 alla filer som \u00f6vers\u00e4tts kan vara mycket tidskr\u00e4vande, s\u00e4rskilt om du \u00e4r p\u00e5 resande fot. Med STARs Translation Cloud g\u00f6r vi processen enkel f\u00f6r dig genom att samla alla dina spr\u00e5ktillg\u00e5ngar.   <\/p>\n<p><img decoding=\"async\" class=\"alignnone size-full wp-image-9877\" title=\"STAR Cloud Mini Menu Nav\" src=\"https:\/\/www.star-ts.com\/wp-content\/uploads\/2014\/03\/cloudstar_mini-menu.png\" alt=\"STAR Cloud Mini Menu Nav\" width=\"260\" height=\"300\" srcset=\"https:\/\/www.star-ts.com\/wp-content\/uploads\/2014\/03\/cloudstar_mini-menu.png 260w, https:\/\/www.star-ts.com\/wp-content\/uploads\/2014\/03\/cloudstar_mini-menu-69x80.png 69w\" sizes=\"(max-width: 260px) 100vw, 260px\" \/><\/p>\n<\/div><\/section><\/div>\n<div  class='flex_column av-1reskb-e270b185f473708b96c0f7f6ffa90e11 av_one_full  avia-builder-el-6  el_after_av_two_third  el_before_av_one_half  first flex_column_div  column-top-margin'     ><section  class='av_textblock_section av-gib0or-d35437a6e7dcf198471b24d9a62d833d '   itemscope=\"itemscope\" itemtype=\"https:\/\/schema.org\/CreativeWork\" ><div class='avia_textblock'  itemprop=\"text\" ><h3>Ladda upp filer snabbt och s\u00e4kert<\/h3>\n<p>Filer kan laddas upp s\u00e4kert till v\u00e5r \u00f6vers\u00e4ttningsserver via v\u00e5r uppladdningssektion. H\u00e4r kan du v\u00e4lja filtyper, ange vilka spr\u00e5k du beh\u00f6ver och vilka deadlines du har. Du kan ocks\u00e5 l\u00e4gga till ytterligare information som anteckningar, speciella instruktioner eller referensmaterial f\u00f6r att hj\u00e4lpa oss med \u00f6vers\u00e4ttningen.  <\/p>\n<figure><img decoding=\"async\" src=\"https:\/\/www.star-ts.com\/wp-content\/uploads\/2014\/03\/star-cloud_quotes.png\" alt=\"STAR Cloud Beg\u00e4r en offert\" width=\"950\" height=\"875\"\/><figcaption>Beg\u00e4r en offert inifr\u00e5n molnet.<\/figcaption><\/figure>\n<h4>Sp\u00e5ra dina projekt online<\/h4>\n<p>N\u00e4r du har laddat upp dina filer f\u00e5r du ett meddelande om att din fil har tagits emot, och vi skickar dig sedan en offert. Du kan sp\u00e5ra projektets status online direkt i molnet. Du kan ocks\u00e5 godk\u00e4nna offerten f\u00f6r \u00f6vers\u00e4ttning, vilket inneb\u00e4r att dina projekt startar omedelbart.  <\/p>\n<figure><img decoding=\"async\" src=\"https:\/\/www.star-ts.com\/wp-content\/uploads\/2014\/03\/star-cloud_project-tracker.png\" alt=\"STAR Cloud Project Tracker\" width=\"950\" height=\"450\"\/><figcaption>\u00d6versikt \u00f6ver projekt i molnet.<\/figcaption><\/figure>\n<h4>Hantera din terminologi i molnet<\/h4>\n<p>Du har m\u00f6jlighet att hantera all din terminologi i molnet med v\u00e5rt online-glossar\/ordbokssystem. Detta \u00e4r direkt kopplat till v\u00e5ra \u00f6vers\u00e4ttare, s\u00e5 att din terminologi \u00e4r aktuell och korrekt. Detta \u00e4r ett m\u00e5ste f\u00f6r kunders branschspecifika terminologi.  <\/p>\n<h4>Rapporter: \u00d6vervaka utgifter och statistik<\/h4>\n<p>Efter att ha slutf\u00f6rt dina \u00f6vers\u00e4ttningsprojekt kanske du ocks\u00e5 vill granska din avdelnings utgifter. V\u00e5r molnteknik g\u00f6r det m\u00f6jligt f\u00f6r dig att logga in och granska utgifter \u00f6ver spr\u00e5k s\u00e5 att du kan se hur du spenderar p\u00e5 varje spr\u00e5k. Detta hj\u00e4lper v\u00e5ra internationella kunder att f\u00f6rst\u00e5 vilka marknader som spenderar mest p\u00e5 \u00f6vers\u00e4ttning.  <\/p>\n<figure><img decoding=\"async\" src=\"https:\/\/www.star-ts.com\/wp-content\/uploads\/2014\/03\/cloud-star_reports.png\" alt=\"STAR Cloud-rapporter\" width=\"950\" height=\"630\"\/><figcaption>\u00d6vervaka utgifter f\u00f6r \u00f6vers\u00e4ttningsprojekt och granska statistik \u00f6ver tidigare projekt.<\/figcaption><\/figure>\n<h4>F\u00f6rdelar<\/h4>\n<p>N\u00e5gra av de viktigaste f\u00f6rdelarna med att hantera din \u00f6vers\u00e4ttning i molnet \u00e4r:<\/p>\n<ul>\n<li>reducerad projektledning<\/li>\n<li>centraliserat \u00f6vers\u00e4ttningsminne<\/li>\n<\/ul>\n<\/div><\/section><\/div>\n<div  class='flex_column av-1elz23-c5216f78e953eb1131aabffc81106f1e av_one_half  avia-builder-el-8  el_after_av_one_full  el_before_av_one_half  first flex_column_div  column-top-margin'     ><section  class='av_textblock_section av-chgomz-63c46d83ed413e5729df173b15d1593a '   itemscope=\"itemscope\" itemtype=\"https:\/\/schema.org\/CreativeWork\" ><div class='avia_textblock'  itemprop=\"text\" ><div class=\"ls-cont\">\n<h3>Reducerad projektledning<\/h3>\n<p>Med molnportalen f\u00f6r \u00f6vers\u00e4ttning kan du sp\u00e5ra varje fil, spr\u00e5k och projekt fr\u00e5n en enda plats. Borta \u00e4r kalkylbladen med filer, datum och spr\u00e5k. Du laddar helt enkelt upp dina filer och sp\u00e5rar dem. Vi g\u00f6r allt arbete \u00e5t dig.   <\/p>\n<\/div>\n<p>Se v\u00e5ra <a href=\"https:\/\/www.star-ts.com\/sv\/software\/star-translation-cloud\/whats-new-cloud\/\">versionsinformation<\/a> f\u00f6r de senaste f\u00f6rb\u00e4ttringarna och funktionerna.<\/p>\n<p><a href=\"https:\/\/www.star-ts.com\/sv\/software\/star-translation-cloud\/how-to\/\">Se v\u00e5ra videokurser om Translation Cloud.<\/a><\/p>\n<\/div><\/section><\/div>\n\n<style type=\"text\/css\" data-created_by=\"avia_inline_auto\" id=\"style-css-av-bg6b0r-e8bb81f7aa23a836103ffdefea169b96\">\n.flex_column.av-bg6b0r-e8bb81f7aa23a836103ffdefea169b96{\nborder-radius:0px 0px 0px 0px;\npadding:0px 0px 0px 0px;\n}\n<\/style>\n<div  class='flex_column av-bg6b0r-e8bb81f7aa23a836103ffdefea169b96 av_one_half  avia-builder-el-10  el_after_av_one_half  el_before_av_one_full  flex_column_div av-zero-column-padding  column-top-margin'     ><section  class='av_textblock_section av-98md63-8d1fa06b1a0defa41a4439b68467a519 '   itemscope=\"itemscope\" itemtype=\"https:\/\/schema.org\/CreativeWork\" ><div class='avia_textblock'  itemprop=\"text\" ><h3>Centraliserat \u00f6vers\u00e4ttningsminne<\/h3>\n<p>Alla v\u00e5ra \u00f6vers\u00e4ttare \u00e4r m\u00e4nniskor och anv\u00e4nder v\u00e5rt STAR Transit NXT-\u00f6vers\u00e4ttningsminnessystem. Vi lagrar varje \u00f6vers\u00e4ttningsrad vi g\u00f6r f\u00f6r dig centralt p\u00e5 v\u00e5ra servrar, s\u00e5 det \u00e4r tillg\u00e4ngligt f\u00f6r varje projekt direkt. Detta inneb\u00e4r att dina projekt \u00e4r mer konsekventa, eftersom v\u00e5ra \u00f6vers\u00e4ttare kan se alla dina tidigare \u00f6vers\u00e4ttningar. Vi kan granska liknande text s\u00e5 att \u00f6vers\u00e4ttningskostnaden kommer att minska med tiden f\u00f6r dig. Det finns inget behov av att hantera \u00f6vers\u00e4ttningsminne eller ladda upp <abbr title=\"Translation Memory Exchange Format\">TMX<\/abbr> \/ <abbr title=\"TermBase Exchange Format\">TBX<\/abbr>-filer. Detta hanteras centralt av STAR.     <\/p>\n<p>Kontakta v\u00e5rt s\u00e4ljteam f\u00f6r att diskutera hur vi kan hj\u00e4lpa dig att leverera \u00f6vers\u00e4ttningar av h\u00f6gsta kvalitet.<\/p>\n<\/div><\/section><\/div>\n<div  class='flex_column av-p4enf-5ee43cdf3d2089bb7e752b836f4f3dc4 av_one_full  avia-builder-el-12  el_after_av_one_half  avia-builder-el-last  first flex_column_div  column-top-margin'     ><section  class='av_textblock_section av-57y8vv-5fa9da0cfb5e682a96833fad51ef6230 '   itemscope=\"itemscope\" itemtype=\"https:\/\/schema.org\/CreativeWork\" ><div class='avia_textblock'  itemprop=\"text\" ><h3>Skaffa ett konto idag<\/h3>\n<p>Skapa ett kostnadsfritt konto och b\u00f6rja hantera dina projekt online.<\/p>\n<div class=\"btn_left\"><a class=\"xtr button translate\" href=\"https:\/\/cloud.star-ts.com\/\">Registrera dig nu<\/a><\/div>\n<\/div><\/section><br \/>\n<section  class='av_textblock_section av-3930qz-31067795707023627057573e86559d48 '   itemscope=\"itemscope\" itemtype=\"https:\/\/schema.org\/CreativeWork\" ><div class='avia_textblock'  itemprop=\"text\" ><p><a href=\"https:\/\/www.star-ts.com\/sv\/software\/star-translation-cloud\/terminology-management\/\">Molnbaserad terminologihantering<\/a><\/p>\n<p><a href=\"https:\/\/www.star-ts.com\/sv\/software\/star-translation-cloud\/language-services\/\">Molnbaserade spr\u00e5ktj\u00e4nster<\/a><\/p>\n<p><a href=\"https:\/\/www.star-ts.com\/sv\/software\/star-translation-cloud\/\">STAR Translation Cloud<\/a><\/p>\n<\/div><\/section><\/p><\/div>\n","protected":false},"excerpt":{"rendered":"<p>Med STAR Translation Cloud kan du hantera dina \u00f6vers\u00e4ttningsprojekt i molnet. Ladda upp filer, ta emot offerter, starta och sp\u00e5ra projekt fr\u00e5n en och samma plats. <\/p>\n","protected":false},"author":1,"featured_media":70308,"parent":119976,"menu_order":1,"comment_status":"closed","ping_status":"closed","template":"","meta":{"footnotes":""},"class_list":["post-120968","page","type-page","status-publish","has-post-thumbnail","hentry"],"_links":{"self":[{"href":"https:\/\/www.star-ts.com\/sv\/wp-json\/wp\/v2\/pages\/120968","targetHints":{"allow":["GET"]}}],"collection":[{"href":"https:\/\/www.star-ts.com\/sv\/wp-json\/wp\/v2\/pages"}],"about":[{"href":"https:\/\/www.star-ts.com\/sv\/wp-json\/wp\/v2\/types\/page"}],"author":[{"embeddable":true,"href":"https:\/\/www.star-ts.com\/sv\/wp-json\/wp\/v2\/users\/1"}],"replies":[{"embeddable":true,"href":"https:\/\/www.star-ts.com\/sv\/wp-json\/wp\/v2\/comments?post=120968"}],"version-history":[{"count":0,"href":"https:\/\/www.star-ts.com\/sv\/wp-json\/wp\/v2\/pages\/120968\/revisions"}],"up":[{"embeddable":true,"href":"https:\/\/www.star-ts.com\/sv\/wp-json\/wp\/v2\/pages\/119976"}],"wp:featuredmedia":[{"embeddable":true,"href":"https:\/\/www.star-ts.com\/sv\/wp-json\/wp\/v2\/media\/70308"}],"wp:attachment":[{"href":"https:\/\/www.star-ts.com\/sv\/wp-json\/wp\/v2\/media?parent=120968"}],"curies":[{"name":"wp","href":"https:\/\/api.w.org\/{rel}","templated":true}]}}