{"id":120958,"date":"2026-01-05T12:19:52","date_gmt":"2026-01-05T12:19:52","guid":{"rendered":"https:\/\/www.star-ts.com\/proofreading-services\/"},"modified":"2026-01-05T12:20:46","modified_gmt":"2026-01-05T12:20:46","slug":"proofreading-services","status":"publish","type":"page","link":"https:\/\/www.star-ts.com\/sv\/proofreading-services\/","title":{"rendered":"Flerpr\u00e5kiga korrekturtj\u00e4nster"},"content":{"rendered":"<div id='full_slider_1'  class='avia-fullwidth-slider main_color avia-shadow av-small-hide av-mini-hide  avia-builder-el-0  el_before_av_one_third  avia-builder-el-first   container_wrap sidebar_right'  ><div  class='avia-slideshow av-k1gjccva-3e5b2107a7aec30ac0635139c8c4ae11 avia-slideshow-featured av_slideshow_full avia-slide-slider av-small-hide av-mini-hide av-slideshow-ui av-control-default av-slideshow-manual av-loop-once av-loop-manual-endless av-default-height-applied   avia-slideshow-1' data-slideshow-options=\"{&quot;animation&quot;:&quot;slide&quot;,&quot;autoplay&quot;:false,&quot;loop_autoplay&quot;:&quot;once&quot;,&quot;interval&quot;:5,&quot;loop_manual&quot;:&quot;manual-endless&quot;,&quot;autoplay_stopper&quot;:false,&quot;noNavigation&quot;:false,&quot;bg_slider&quot;:false,&quot;transitionSpeed&quot;:100,&quot;keep_padding&quot;:false,&quot;hoverpause&quot;:false,&quot;show_slide_delay&quot;:0}\"  itemprop=\"image\" itemscope=\"itemscope\" itemtype=\"https:\/\/schema.org\/ImageObject\" ><ul class='avia-slideshow-inner ' style='padding-bottom: 28.666666666667%;'><li  class='avia-slideshow-slide av-k1gjccva-3e5b2107a7aec30ac0635139c8c4ae11__0  av-single-slide slide-1 slide-odd'><div data-rel='slideshow-1' class='avia-slide-wrap '   ><div class='av-slideshow-caption av-k1gjccva-3e5b2107a7aec30ac0635139c8c4ae11__0 caption_fullwidth caption_center caption_center_framed caption_framed'><div class=\"container caption_container\"><div class=\"slideshow_caption\"><div class=\"slideshow_inner_caption\"><div class=\"slideshow_align_caption\"><h2 class='avia-caption-title '  itemprop=\"name\" >Korrekturl\u00e4sning<\/h2><div class='avia-caption-content '  itemprop=\"description\" ><p>Spr\u00e5kkorrekturl\u00e4sningstj\u00e4nster<\/p>\n<\/div><\/div><\/div><\/div><\/div><\/div><img decoding=\"async\" fetchpriority=\"high\" class=\"wp-image-105950 avia-img-lazy-loading-not-105950\"  src=\"https:\/\/www.star-ts.com\/wp-content\/uploads\/2019\/10\/correcting-1351629_1920-1500x430.jpg\" width=\"1500\" height=\"430\" title='correcting-1351629_1920' alt=''  itemprop=\"thumbnailUrl\"   \/><\/div><\/li><\/ul><\/div><\/div><div id='after_full_slider_1'  class='main_color av_default_container_wrap container_wrap sidebar_right'  ><div class='container av-section-cont-open' ><div class='template-page content  av-content-small alpha units'><div class='post-entry post-entry-type-page post-entry-120958'><div class='entry-content-wrapper clearfix'>\n<div  class='flex_column av-kanb8z-4e74136f8e5b5b0e3756d70030976e9f av_one_third  avia-builder-el-1  el_after_av_slideshow_full  el_before_av_two_third  avia-builder-el-first  first flex_column_div  '     ><section  class='av_textblock_section av-j2lg77-47ce15923ead0d10ee88fc1803bf785e '   itemscope=\"itemscope\" itemtype=\"https:\/\/schema.org\/CreativeWork\" ><div class='avia_textblock'  itemprop=\"text\" ><div class=\"lp-img\"><img decoding=\"async\" class=\"alignnone size-full wp-image-37017\" src=\"https:\/\/www.star-ts.com\/wp-content\/uploads\/2019\/10\/correcting2-1870721_1920.jpg\" alt=\"\" width=\"1920\" height=\"1280\" srcset=\"https:\/\/www.star-ts.com\/wp-content\/uploads\/2019\/10\/correcting2-1870721_1920.jpg 1920w, https:\/\/www.star-ts.com\/wp-content\/uploads\/2019\/10\/correcting2-1870721_1920-80x53.jpg 80w, https:\/\/www.star-ts.com\/wp-content\/uploads\/2019\/10\/correcting2-1870721_1920-300x200.jpg 300w, https:\/\/www.star-ts.com\/wp-content\/uploads\/2019\/10\/correcting2-1870721_1920-768x512.jpg 768w, https:\/\/www.star-ts.com\/wp-content\/uploads\/2019\/10\/correcting2-1870721_1920-1030x687.jpg 1030w, https:\/\/www.star-ts.com\/wp-content\/uploads\/2019\/10\/correcting2-1870721_1920-1500x1000.jpg 1500w, https:\/\/www.star-ts.com\/wp-content\/uploads\/2019\/10\/correcting2-1870721_1920-705x470.jpg 705w\" sizes=\"(max-width: 1920px) 100vw, 1920px\" \/><\/div>\n<\/div><\/section><\/div>\n\n<style type=\"text\/css\" data-created_by=\"avia_inline_auto\" id=\"style-css-av-h16x0z-2eff6ee59a276b41c8de504bc28ac0a7\">\n.flex_column.av-h16x0z-2eff6ee59a276b41c8de504bc28ac0a7{\nborder-radius:0px 0px 0px 0px;\npadding:0px 0px 0px 0px;\n}\n<\/style>\n<div  class='flex_column av-h16x0z-2eff6ee59a276b41c8de504bc28ac0a7 av_two_third  avia-builder-el-3  el_after_av_one_third  el_before_av_one_full  flex_column_div av-zero-column-padding  '     ><section  class='av_textblock_section av-fh6gfn-0cd4decb7f64d49da753cdc05e809c04 '   itemscope=\"itemscope\" itemtype=\"https:\/\/schema.org\/CreativeWork\" ><div class='avia_textblock'  itemprop=\"text\" ><h1>Spr\u00e5kkorrekturl\u00e4sningstj\u00e4nster<\/h1>\n<p>Professionella flerspr\u00e5kiga korrekturtj\u00e4nster f\u00f6r dokument och filer.<\/p>\n<p>\u00c4r dina dokument tydliga, precisa och framf\u00f6r allt korrekta? Har du st\u00f6tt p\u00e5 stavfel eller grammatiska fel i dina manualer? <\/p>\n<p>Som leverant\u00f6r av \u00f6vers\u00e4ttnings- och spr\u00e5ktj\u00e4nster hj\u00e4lper vi v\u00e5ra kunder att skapa, kontrollera, \u00f6vers\u00e4tta och publicera dokument p\u00e5 \u00f6ver 44 spr\u00e5k.<\/p>\n<\/div><\/section><\/div>\n<div  class='flex_column av-dne237-26b5f632e219d5ed857d7bbfde7bef4c av_one_full  avia-builder-el-5  el_after_av_two_third  el_before_av_one_full  first flex_column_div  column-top-margin'     ><section  class='av_textblock_section av-ct7dpv-635dfe36fce08d97e725bfc0962af280 '   itemscope=\"itemscope\" itemtype=\"https:\/\/schema.org\/CreativeWork\" ><div class='avia_textblock'  itemprop=\"text\" ><h3>Flerpr\u00e5kiga korrekturtj\u00e4nster<\/h3>\n<p><strong>Dokument \u2022 Manualer \u2022 Webbplatser<\/strong><\/p>\n<p>Professionell korrektur: Med hj\u00e4lp av STARs modersm\u00e5lstalare kan vi hj\u00e4lpa dig att leverera dina dokument p\u00e5 valfritt spr\u00e5k med h\u00f6gsta kvalitet. Vi kan korrekturl\u00e4sa dina dokument och \u00e5tg\u00e4rda ett antal kvalitetsproblem \u00e5t dig, inklusive: <\/p>\n<ul>\n<li>Stavning<\/li>\n<li>Grammatik<\/li>\n<li>Stil<\/li>\n<li>Konsekvens<\/li>\n<li>Terminologi<\/li>\n<\/ul>\n<h4>Korrektur p\u00e5 engelska<\/h4>\n<p>Tillhandah\u00e5ller <a href=\"https:\/\/www.star-ts.com\/sv\/english-proofreading-services\/\">korrektur specifikt f\u00f6r engelska spr\u00e5kfiler<\/a>.<\/p>\n<\/div><\/section><\/div>\n<div  class='flex_column av-11yywz-c9c10152f88d2dbca66c1771a1ee0f0d av_one_full  avia-builder-el-7  el_after_av_one_full  el_before_av_one_full  first flex_column_div  column-top-margin'     ><section  class='av_textblock_section av-9p8loz-93f2805260efcccea6f6a5a3ca77e93e '   itemscope=\"itemscope\" itemtype=\"https:\/\/schema.org\/CreativeWork\" ><div class='avia_textblock'  itemprop=\"text\" ><h3>Korrektur av webbplats<\/h3>\n<p>Har du stavfel p\u00e5 din webbplats? Ger din webbplats en professionell bild av ditt f\u00f6retag? Om du beh\u00f6ver din text kontrollerad eller uppdaterad till en mer professionell bild kan vi hj\u00e4lpa dig. V\u00e5ra korrekturl\u00e4sningsteam kan arbeta i XML och HTML f\u00f6r att korrigera webbplatsfel och leverera en vinnande webbplats f\u00f6r dig p\u00e5 valfritt spr\u00e5k.   <\/p>\n<h4>Noggranna \u00f6vers\u00e4ttningar?<\/h4>\n<p>Har du nyligen \u00f6versatt ett dokument? Om \u00f6vers\u00e4ttningen l\u00e5ter som en direkt\u00f6vers\u00e4ttning och du beh\u00f6ver den flytande och professionell kan v\u00e5ra korrekturl\u00e4sningsteam hj\u00e4lpa dig. Vi kan redigera och korrigera felaktiga och ostrukturerade dokument f\u00f6r att leverera ett professionellt dokument till dig.<\/p>\n<\/div><\/section><\/div>\n<div  class='flex_column av-7kgr8j-e48a1ae6a96843cefcc9cf91b1cdfbc4 av_one_full  avia-builder-el-9  el_after_av_one_full  el_before_av_one_full  first flex_column_div  column-top-margin'     ><section  class='av_textblock_section av-5o29jn-dd7c5d8b7854425b1bd20265bfc022bf '   itemscope=\"itemscope\" itemtype=\"https:\/\/schema.org\/CreativeWork\" ><div class='avia_textblock'  itemprop=\"text\" ><p><a class=\"button\" href=\"https:\/\/www.star-ts.com\/sv\/languages\/\">Spr\u00e5k vi \u00f6vers\u00e4tter<\/a><\/p>\n<\/div><\/section><\/div>\n<div  class='flex_column av-5t3t1f-e43ef5c6c7a5e7c1eda5423c411c8342 av_one_full  avia-builder-el-11  el_after_av_one_full  avia-builder-el-last  first flex_column_div  column-top-margin'     ><section  class='av_textblock_section av-4hecc3-6810165c94aa076b81e050c21f28b963 '   itemscope=\"itemscope\" itemtype=\"https:\/\/schema.org\/CreativeWork\" ><div class='avia_textblock'  itemprop=\"text\" ><div  class='avia-button-wrap avia-button-center  avia-builder-el-13  avia-builder-el-no-sibling '>\n<style type=\"text\/css\" data-created_by=\"avia_inline_auto\" id=\"style-css-av-366gcj-224ea5c66f48fbca3bf49c4108b64dbb\">\n#top #wrap_all .avia-button.av-366gcj-224ea5c66f48fbca3bf49c4108b64dbb:hover{\ncolor:white;\ntransition:all 0.4s ease-in-out;\n}\n#top #wrap_all .avia-button.av-366gcj-224ea5c66f48fbca3bf49c4108b64dbb:hover .avia-svg-icon svg:first-child{\nfill:white;\nstroke:white;\n}\n<\/style>\n<a href='https:\/\/www.star-ts.com\/sv\/kontakt\/' class='avia-color-theme-color avia-font-color-theme-color avia-button avia-button-fullwidth av-366gcj-224ea5c66f48fbca3bf49c4108b64dbb avia-icon_select-no avia-color-theme-color'  title=\"Contact Us\" aria-label=\"Contact Us\"><span class='avia_iconbox_title' >Kontakta oss<\/span><span class='avia_button_background avia-button avia-button-fullwidth avia-color-theme-color-highlight'><\/span><\/a><\/div>\n<\/div><\/section><\/div>\n","protected":false},"excerpt":{"rendered":"<p>Professionella flerspr\u00e5kiga korrekturtj\u00e4nster f\u00f6r dokument och filer.<\/p>\n<p>\u00c4r dina dokument tydliga, precisa och framf\u00f6r allt korrekta? Har du st\u00f6tt p\u00e5 stavfel eller grammatiska fel i dina manualer? <\/p>\n<p>Som leverant\u00f6r av \u00f6vers\u00e4ttnings- och spr\u00e5ktj\u00e4nster hj\u00e4lper vi v\u00e5ra kunder att skapa, kontrollera, \u00f6vers\u00e4tta och publicera dokument p\u00e5 \u00f6ver 44 spr\u00e5k.<\/p>\n","protected":false},"author":1,"featured_media":105950,"parent":0,"menu_order":22,"comment_status":"open","ping_status":"closed","template":"","meta":{"footnotes":""},"class_list":["post-120958","page","type-page","status-publish","has-post-thumbnail","hentry"],"_links":{"self":[{"href":"https:\/\/www.star-ts.com\/sv\/wp-json\/wp\/v2\/pages\/120958","targetHints":{"allow":["GET"]}}],"collection":[{"href":"https:\/\/www.star-ts.com\/sv\/wp-json\/wp\/v2\/pages"}],"about":[{"href":"https:\/\/www.star-ts.com\/sv\/wp-json\/wp\/v2\/types\/page"}],"author":[{"embeddable":true,"href":"https:\/\/www.star-ts.com\/sv\/wp-json\/wp\/v2\/users\/1"}],"replies":[{"embeddable":true,"href":"https:\/\/www.star-ts.com\/sv\/wp-json\/wp\/v2\/comments?post=120958"}],"version-history":[{"count":0,"href":"https:\/\/www.star-ts.com\/sv\/wp-json\/wp\/v2\/pages\/120958\/revisions"}],"wp:featuredmedia":[{"embeddable":true,"href":"https:\/\/www.star-ts.com\/sv\/wp-json\/wp\/v2\/media\/105950"}],"wp:attachment":[{"href":"https:\/\/www.star-ts.com\/sv\/wp-json\/wp\/v2\/media?parent=120958"}],"curies":[{"name":"wp","href":"https:\/\/api.w.org\/{rel}","templated":true}]}}