{"id":120951,"date":"2026-01-05T12:19:45","date_gmt":"2026-01-05T12:19:45","guid":{"rendered":"https:\/\/www.star-ts.com\/english-proofreading-services\/"},"modified":"2026-01-05T12:20:46","modified_gmt":"2026-01-05T12:20:46","slug":"english-proofreading-services","status":"publish","type":"page","link":"https:\/\/www.star-ts.com\/sv\/english-proofreading-services\/","title":{"rendered":"Engelska korrekturtj\u00e4nster"},"content":{"rendered":"<div id='full_slider_1'  class='avia-fullwidth-slider main_color avia-shadow av-small-hide av-mini-hide  avia-builder-el-0  el_before_av_one_third  avia-builder-el-first   container_wrap sidebar_right'  ><div  class='avia-slideshow av-k1gkp1qe-963af511a84bd12a2ac1c16afa508ccf avia-slideshow-featured av_slideshow_full avia-slide-slider av-small-hide av-mini-hide av-slideshow-ui av-control-default av-slideshow-manual av-loop-once av-loop-manual-endless av-default-height-applied   avia-slideshow-1' data-slideshow-options=\"{&quot;animation&quot;:&quot;slide&quot;,&quot;autoplay&quot;:false,&quot;loop_autoplay&quot;:&quot;once&quot;,&quot;interval&quot;:5,&quot;loop_manual&quot;:&quot;manual-endless&quot;,&quot;autoplay_stopper&quot;:false,&quot;noNavigation&quot;:false,&quot;bg_slider&quot;:false,&quot;keep_padding&quot;:false,&quot;hoverpause&quot;:false,&quot;show_slide_delay&quot;:0}\"  itemprop=\"image\" itemscope=\"itemscope\" itemtype=\"https:\/\/schema.org\/ImageObject\" ><ul class='avia-slideshow-inner ' style='padding-bottom: 28.666666666667%;'><li  class='avia-slideshow-slide av-k1gkp1qe-963af511a84bd12a2ac1c16afa508ccf__0  av-single-slide slide-1 slide-odd'><div data-rel='slideshow-1' class='avia-slide-wrap '   ><div class='av-slideshow-caption av-k1gkp1qe-963af511a84bd12a2ac1c16afa508ccf__0 caption_fullwidth caption_center caption_center_framed caption_framed'><div class=\"container caption_container\"><div class=\"slideshow_caption\"><div class=\"slideshow_inner_caption\"><div class=\"slideshow_align_caption\"><h2 class='avia-caption-title '  itemprop=\"name\" >Engelsk korrekturl\u00e4sning<\/h2><div class='avia-caption-content '  itemprop=\"description\" ><p>Engelska korrekturtj\u00e4nster<\/p>\n<\/div><\/div><\/div><\/div><\/div><\/div><img decoding=\"async\" fetchpriority=\"high\" class=\"wp-image-106010 avia-img-lazy-loading-not-106010\"  src=\"https:\/\/www.star-ts.com\/wp-content\/uploads\/2019\/10\/correcting-1351629_1920-1-1500x430.jpg\" width=\"1500\" height=\"430\" title='correcting-1351629_1920' alt=''  itemprop=\"thumbnailUrl\"   \/><\/div><\/li><\/ul><\/div><\/div><div id='after_full_slider_1'  class='main_color av_default_container_wrap container_wrap sidebar_right'  ><div class='container av-section-cont-open' ><div class='template-page content  av-content-small alpha units'><div class='post-entry post-entry-type-page post-entry-120951'><div class='entry-content-wrapper clearfix'>\n<div  class='flex_column av-oh9c5k-276e3f62464e17f49e9a7c8bf3e37715 av_one_third  avia-builder-el-1  el_after_av_slideshow_full  el_before_av_two_third  avia-builder-el-first  first flex_column_div  '     ><section  class='av_textblock_section av-mav6xk-cb189baa2bc3b5b55523cd801332b89b '   itemscope=\"itemscope\" itemtype=\"https:\/\/schema.org\/CreativeWork\" ><div class='avia_textblock'  itemprop=\"text\" ><p><img decoding=\"async\" class=\"alignnone size-full wp-image-9174\" title=\"Engelska korrekturtj\u00e4nster\" src=\"https:\/\/www.star-ts.com\/wp-content\/uploads\/2014\/07\/english-proofreading.png\" alt=\"Engelska korrekturtj\u00e4nster\" width=\"400\" height=\"320\" srcset=\"https:\/\/www.star-ts.com\/wp-content\/uploads\/2014\/07\/english-proofreading.png 400w, https:\/\/www.star-ts.com\/wp-content\/uploads\/2014\/07\/english-proofreading-80x64.png 80w, https:\/\/www.star-ts.com\/wp-content\/uploads\/2014\/07\/english-proofreading-300x240.png 300w\" sizes=\"(max-width: 400px) 100vw, 400px\" \/><\/p>\n<\/div><\/section><\/div>\n<p>\n<style type=\"text\/css\" data-created_by=\"avia_inline_auto\" id=\"style-css-av-l3cem0-8385325580fe2226bcc6d540e4d11696\">\n.flex_column.av-l3cem0-8385325580fe2226bcc6d540e4d11696{\nborder-radius:0px 0px 0px 0px;\npadding:0px 0px 0px 0px;\n}\n<\/style>\n<div  class='flex_column av-l3cem0-8385325580fe2226bcc6d540e4d11696 av_two_third  avia-builder-el-3  el_after_av_one_third  el_before_av_two_third  flex_column_div av-zero-column-padding  '     ><section  class='av_textblock_section av-jdlyw8-39581a36e65f965323bfbd3bf1f75422 '   itemscope=\"itemscope\" itemtype=\"https:\/\/schema.org\/CreativeWork\" ><div class='avia_textblock'  itemprop=\"text\" ><h1>Engelska korrekturtj\u00e4nster<\/h1>\n<p>Engelska korrekturtj\u00e4nster av professionella korrekturl\u00e4sare.<\/p>\n<p>\u00c4r dina engelska dokument tydliga, precisa och korrekta? Har du st\u00f6tt p\u00e5 stavfel eller grammatiska fel i dina manualer? <\/p>\n<p>STAR \u00e4r en ledande leverant\u00f6r av \u00f6vers\u00e4ttnings- och spr\u00e5ktj\u00e4nster \u2013 vi hj\u00e4lper v\u00e5ra kunder att skapa, kontrollera, \u00f6vers\u00e4tta och publicera dokument p\u00e5 \u00f6ver 70 spr\u00e5k.<\/p>\n<h4>Spr\u00e5kkorrekturl\u00e4sningstj\u00e4nster<\/h4>\n<p><a href=\"https:\/\/www.star-ts.com\/sv\/proofreading-services\/\">Korrekturtj\u00e4nster<\/a> f\u00f6r fler \u00e4n 70 spr\u00e5k.<\/p>\n<\/div><\/section><\/div><div  class='flex_column av-hhqjxk-91db73fcdb0b1e97bb73f0d6d25c348a av_two_third  avia-builder-el-5  el_after_av_two_third  el_before_av_one_third  first flex_column_div  column-top-margin'     ><section  class='av_textblock_section av-gd9aig-96799da8b7d0d21cb83dd24fdf071b20 '   itemscope=\"itemscope\" itemtype=\"https:\/\/schema.org\/CreativeWork\" ><div class='avia_textblock'  itemprop=\"text\" ><h3>Professionalism<\/h3>\n<p>V\u00e5ra team i Storbritannien kan hj\u00e4lpa dig att leverera dina dokument till valfritt spr\u00e5k med h\u00f6gsta kvalitet.<\/p>\n<p>Vi korrekturl\u00e4ser dina dokument och \u00e5tg\u00e4rdar ett antal kvalitetsproblem \u00e5t dig, inklusive stavningskontroller, grammatikkontroller, stilkontroller och terminologi.<\/p>\n<\/div><\/section><\/div><\/p>\n<p>\n<style type=\"text\/css\" data-created_by=\"avia_inline_auto\" id=\"style-css-av-dj8o08-1897795ceb336747921178bd17e46e85\">\n.flex_column.av-dj8o08-1897795ceb336747921178bd17e46e85{\nborder-radius:0px 0px 0px 0px;\npadding:0px 0px 0px 0px;\n}\n<\/style>\n<div  class='flex_column av-dj8o08-1897795ceb336747921178bd17e46e85 av_one_third  avia-builder-el-7  el_after_av_two_third  el_before_av_one_full  flex_column_div av-zero-column-padding  column-top-margin'     ><section  class='av_textblock_section av-cuge3c-9419696ef4aa0692eb39e02354b3b093 '   itemscope=\"itemscope\" itemtype=\"https:\/\/schema.org\/CreativeWork\" ><div class='avia_textblock'  itemprop=\"text\" ><h4>\u00d6vers\u00e4ttningstj\u00e4nster:<\/h4>\n<ul>\n<li><a href=\"https:\/\/www.star-ts.com\/sv\/marketing-services\/marketing-campaigns\/business-document-translation\/\">F\u00f6retagsdokument<\/a><\/li>\n<li><a href=\"https:\/\/www.star-ts.com\/sv\/translation-services\/documents\/health-and-safety\/\">Handb\u00f6cker f\u00f6r h\u00e4lsa och s\u00e4kerhet<\/a><\/li>\n<li><a href=\"https:\/\/www.star-ts.com\/sv\/translation-services\/government-translation-services\/\">Myndighetsdokument<\/a><\/li>\n<li><a href=\"https:\/\/www.star-ts.com\/sv\/translation-services\/documents\/employee-handbooks\/\">Personalhandb\u00f6cker<\/a><\/li>\n<li><a href=\"https:\/\/www.star-ts.com\/sv\/translation-services\/webbplatsoversattning-och-lokaliseringstjanster\/\">Webbplatser: <abbr title=\"Extensible markup language\">XML<\/abbr>, <abbr title=\"Hypertext markup language\">HTML<\/abbr> &amp; <abbr title=\"Content management system\">CMS<\/abbr><\/a><\/li>\n<\/ul>\n<\/div><\/section><\/div><div  class='flex_column av-bbvl2g-46e53f8c47c6df5ec9e5972d8258e022 av_one_full  avia-builder-el-9  el_after_av_one_third  el_before_av_one_full  first flex_column_div  column-top-margin'     ><section  class='av_textblock_section av-vpx2g-ed43ee4b5ace9d9aabcf21446a7502e1 '   itemscope=\"itemscope\" itemtype=\"https:\/\/schema.org\/CreativeWork\" ><div class='avia_textblock'  itemprop=\"text\" ><h3>V\u00e5ra tj\u00e4nster<\/h3>\n<h4>Korrekturl\u00e4sning av webbplatser<\/h4>\n<p>\u00c4r din webbplats felfri? Finns det stavfel p\u00e5 din webbplats eller saknas l\u00e4nkar till f\u00f6ljd av skrivfel? Ger din webbplats en professionell bild av ditt f\u00f6retag? Om du beh\u00f6ver din text kontrollerad eller uppdaterad till en mer professionell bild kan vi hj\u00e4lpa dig. V\u00e5ra korrekturl\u00e4sningsteam kan arbeta i XML, XLIFF och HTML f\u00f6r att korrigera webbplatsfel och leverera en vinnande webbplats f\u00f6r dig.    <\/p>\n<h4>Precisionsengelska korrekturtj\u00e4nster<\/h4>\n<p>Har du nyligen \u00f6versatt ett dokument till engelska? Om \u00f6vers\u00e4ttningen k\u00e4nns som en direkt\u00f6vers\u00e4ttning och du beh\u00f6ver den flytande och professionell kan v\u00e5ra korrekturl\u00e4sningsteam hj\u00e4lpa dig. Vi kan redigera och korrigera ostrukturerade engelska dokument f\u00f6r att leverera ett professionellt utseende dokument \u00e5t dig.  <\/p>\n<p>F\u00f6r mer information om det engelska spr\u00e5ket, kolla in v\u00e5ra Better English-artiklar p\u00e5 v\u00e5r <a href=\"https:\/\/www.star-ts.com\/sv\/about\/blogg\/\">blogg<\/a>.<\/p>\n<\/div><\/section><\/div><div  class='flex_column av-rv12g-76753e51b5b9704a292e25795b5b870b av_one_full  avia-builder-el-11  el_after_av_one_full  el_before_av_section  avia-builder-el-last  first flex_column_div  column-top-margin'     ><section  class='av_textblock_section av-k8gt4-351bb0bb87440da3f49567d40cb91fbd '   itemscope=\"itemscope\" itemtype=\"https:\/\/schema.org\/CreativeWork\" ><div class='avia_textblock'  itemprop=\"text\" ><p><a class=\"button\" href=\"https:\/\/www.star-ts.com\/sv\/languages\/\">Spr\u00e5k vi \u00f6vers\u00e4tter<\/a><\/p>\n<\/div><\/section><\/div><\/p>\n<\/div><\/div><\/div><!-- close content main div --><\/div><\/div>\n<style type=\"text\/css\" data-created_by=\"avia_inline_auto\" id=\"style-css-av-k0gx2157-307699bb8bdeb8c22c0065ee0c218e70\">\n.avia-section.av-k0gx2157-307699bb8bdeb8c22c0065ee0c218e70{\nbackground-color:#ff7f27;\nbackground-image:unset;\n}\n<\/style>\n<div id='av_section_1'  class='avia-section av-k0gx2157-307699bb8bdeb8c22c0065ee0c218e70 main_color avia-section-default avia-no-border-styling  avia-builder-el-13  el_after_av_one_full  avia-builder-el-last  avia-bg-style-scroll container_wrap sidebar_right'  ><div class='container av-section-cont-open' ><div class='template-page content  av-content-small alpha units'><div class='post-entry post-entry-type-page post-entry-120951'><div class='entry-content-wrapper clearfix'>\n<section  class='av_textblock_section av-zffpn-9b19d1d65eda350fe1fbef528189f03e '   itemscope=\"itemscope\" itemtype=\"https:\/\/schema.org\/CreativeWork\" ><div class='avia_textblock'  itemprop=\"text\" ><h2><span style=\"color: #ffffff;\">B\u00f6rja nu<\/span><\/h2>\n<div  class='avia-button-wrap av-aaau3-e3573e676ea05f5b4bf6cbae59781945-wrap avia-button-left  avia-builder-el-15  avia-builder-el-no-sibling '><a href='https:\/\/www.star-ts.com\/sv\/kontakt\/'  class='avia-button av-aaau3-e3573e676ea05f5b4bf6cbae59781945 av-link-btn avia-icon_select-no avia-size-x-large avia-position-left avia-color-light'   aria-label=\"Kontakta oss\"><span class='avia_iconbox_title' >Kontakta oss<\/span><\/a><\/div>\n<\/div><\/section>\n<\/div><\/div><\/div><!-- close content main div --><\/div><\/div><div id='after_section_1'  class='main_color av_default_container_wrap container_wrap sidebar_right'  ><div class='container av-section-cont-open' ><div class='template-page content  av-content-small alpha units'><div class='post-entry post-entry-type-page post-entry-120951'><div class='entry-content-wrapper clearfix'>\n","protected":false},"excerpt":{"rendered":"<p>Engelska korrekturtj\u00e4nster av professionella korrekturl\u00e4sare.<\/p>\n<p>\u00c4r dina engelska dokument tydliga, precisa och korrekta? Har du st\u00f6tt p\u00e5 stavfel eller grammatiska fel i dina manualer? <\/p>\n<p>STAR \u00e4r en ledande leverant\u00f6r av \u00f6vers\u00e4ttnings- och spr\u00e5ktj\u00e4nster \u2013 vi hj\u00e4lper v\u00e5ra kunder att skapa, kontrollera, \u00f6vers\u00e4tta och publicera dokument p\u00e5 \u00f6ver 70 spr\u00e5k.<\/p>\n","protected":false},"author":1,"featured_media":105980,"parent":0,"menu_order":6,"comment_status":"closed","ping_status":"closed","template":"","meta":{"footnotes":""},"class_list":["post-120951","page","type-page","status-publish","has-post-thumbnail","hentry"],"_links":{"self":[{"href":"https:\/\/www.star-ts.com\/sv\/wp-json\/wp\/v2\/pages\/120951","targetHints":{"allow":["GET"]}}],"collection":[{"href":"https:\/\/www.star-ts.com\/sv\/wp-json\/wp\/v2\/pages"}],"about":[{"href":"https:\/\/www.star-ts.com\/sv\/wp-json\/wp\/v2\/types\/page"}],"author":[{"embeddable":true,"href":"https:\/\/www.star-ts.com\/sv\/wp-json\/wp\/v2\/users\/1"}],"replies":[{"embeddable":true,"href":"https:\/\/www.star-ts.com\/sv\/wp-json\/wp\/v2\/comments?post=120951"}],"version-history":[{"count":0,"href":"https:\/\/www.star-ts.com\/sv\/wp-json\/wp\/v2\/pages\/120951\/revisions"}],"wp:featuredmedia":[{"embeddable":true,"href":"https:\/\/www.star-ts.com\/sv\/wp-json\/wp\/v2\/media\/105980"}],"wp:attachment":[{"href":"https:\/\/www.star-ts.com\/sv\/wp-json\/wp\/v2\/media?parent=120951"}],"curies":[{"name":"wp","href":"https:\/\/api.w.org\/{rel}","templated":true}]}}