{"id":120948,"date":"2026-01-05T12:19:42","date_gmt":"2026-01-05T12:19:42","guid":{"rendered":"https:\/\/www.star-ts.com\/norwegian-translation\/"},"modified":"2026-01-05T12:20:19","modified_gmt":"2026-01-05T12:20:19","slug":"norwegian-translation","status":"publish","type":"page","link":"https:\/\/www.star-ts.com\/sv\/norwegian-translation\/","title":{"rendered":"Norska \u00f6vers\u00e4ttningstj\u00e4nster"},"content":{"rendered":"<div id='full_slider_1'  class='avia-fullwidth-slider main_color avia-shadow av-small-hide av-mini-hide  avia-builder-el-0  el_before_av_one_third  avia-builder-el-first   container_wrap sidebar_right'  ><div  class='avia-slideshow av-k1bxwi7s-6be7d89f54cf9f1d966fc442e04cefb0 avia-slideshow-featured av_slideshow_full avia-slide-slider av-small-hide av-mini-hide av-slideshow-ui av-control-default av-slideshow-manual av-loop-once av-loop-manual-endless av-default-height-applied   avia-slideshow-1' data-slideshow-options=\"{&quot;animation&quot;:&quot;slide&quot;,&quot;autoplay&quot;:false,&quot;loop_autoplay&quot;:&quot;once&quot;,&quot;interval&quot;:5,&quot;loop_manual&quot;:&quot;manual-endless&quot;,&quot;autoplay_stopper&quot;:false,&quot;noNavigation&quot;:false,&quot;bg_slider&quot;:false,&quot;keep_padding&quot;:false,&quot;hoverpause&quot;:false,&quot;show_slide_delay&quot;:0}\"  itemprop=\"image\" itemscope=\"itemscope\" itemtype=\"https:\/\/schema.org\/ImageObject\" ><ul class='avia-slideshow-inner ' style='padding-bottom: 28.666666666667%;'><li  class='avia-slideshow-slide av-k1bxwi7s-6be7d89f54cf9f1d966fc442e04cefb0__0  av-single-slide slide-1 slide-odd'><div data-rel='slideshow-1' class='avia-slide-wrap '   ><div class='av-slideshow-caption av-k1bxwi7s-6be7d89f54cf9f1d966fc442e04cefb0__0 caption_fullwidth caption_center caption_center_framed caption_framed'><div class=\"container caption_container\"><div class=\"slideshow_caption\"><div class=\"slideshow_inner_caption\"><div class=\"slideshow_align_caption\"><h2 class='avia-caption-title '  itemprop=\"name\" >Norsk \u00f6vers\u00e4ttning<\/h2><div class='avia-caption-content '  itemprop=\"description\" ><p>\u00d6vers\u00e4ttningstj\u00e4nster fr\u00e5n engelska till norska<\/p>\n<\/div><\/div><\/div><\/div><\/div><\/div><img decoding=\"async\" fetchpriority=\"high\" class=\"wp-image-105260 avia-img-lazy-loading-not-105260\"  src=\"https:\/\/www.star-ts.com\/wp-content\/uploads\/2019\/10\/norway-1890655_1920-1500x430.jpg\" width=\"1500\" height=\"430\" title='norway-1890655_1920' alt=''  itemprop=\"thumbnailUrl\"   \/><\/div><\/li><\/ul><\/div><\/div><div id='after_full_slider_1'  class='main_color av_default_container_wrap container_wrap sidebar_right'  ><div class='container av-section-cont-open' ><div class='template-page content  av-content-small alpha units'><div class='post-entry post-entry-type-page post-entry-120948'><div class='entry-content-wrapper clearfix'>\n<p><div  class='flex_column av-nrdv6t-e63c82f34ed9daf7f0db2d36118fd7cb av_one_third  avia-builder-el-1  el_after_av_slideshow_full  el_before_av_two_third  avia-builder-el-first  first flex_column_div  '     ><style type=\"text\/css\" data-created_by=\"avia_inline_auto\" id=\"style-css-av-km0uwrdr-e05279a8b0ec43cd6aa6e0921eecdecb\">\n.avia-image-container.av-km0uwrdr-e05279a8b0ec43cd6aa6e0921eecdecb img.avia_image{\nbox-shadow:none;\n}\n.avia-image-container.av-km0uwrdr-e05279a8b0ec43cd6aa6e0921eecdecb .av-image-caption-overlay-center{\ncolor:#ffffff;\n}\n<\/style>\n<div  class='avia-image-container av-km0uwrdr-e05279a8b0ec43cd6aa6e0921eecdecb av-styling- avia-align-center  avia-builder-el-2  avia-builder-el-no-sibling '   itemprop=\"image\" itemscope=\"itemscope\" itemtype=\"https:\/\/schema.org\/ImageObject\" ><div class=\"avia-image-container-inner\"><div class=\"avia-image-overlay-wrap\"><img decoding=\"async\" loading=\"lazy\" class='wp-image-66468 avia-img-lazy-loading-66468 avia_image ' src=\"https:\/\/www.star-ts.com\/wp-content\/uploads\/2014\/07\/norway.jpg\" alt='Norge' title='Norge'  height=\"300\" width=\"400\"  itemprop=\"thumbnailUrl\" srcset=\"https:\/\/www.star-ts.com\/wp-content\/uploads\/2014\/07\/norway.jpg 400w, https:\/\/www.star-ts.com\/wp-content\/uploads\/2014\/07\/norway-80x60.jpg 80w, https:\/\/www.star-ts.com\/wp-content\/uploads\/2014\/07\/norway-300x225.jpg 300w\" sizes=\"auto, (max-width: 400px) 100vw, 400px\" \/><\/div><\/div><\/div><\/div>\n<style type=\"text\/css\" data-created_by=\"avia_inline_auto\" id=\"style-css-av-krh9id-f23f92df0f22d2ba447f4dc2411e1f95\">\n.flex_column.av-krh9id-f23f92df0f22d2ba447f4dc2411e1f95{\nborder-radius:0px 0px 0px 0px;\npadding:0px 0px 0px 0px;\n}\n<\/style>\n<div  class='flex_column av-krh9id-f23f92df0f22d2ba447f4dc2411e1f95 av_two_third  avia-builder-el-3  el_after_av_one_third  el_before_av_two_third  flex_column_div av-zero-column-padding  '     ><section  class='av_textblock_section av-io2xgl-e21693089d9901cc73a4bc13e60f3745 '   itemscope=\"itemscope\" itemtype=\"https:\/\/schema.org\/CreativeWork\" ><div class='avia_textblock'  itemprop=\"text\" ><h1>Norska \u00f6vers\u00e4ttningstj\u00e4nster<\/h1>\n<p>Tillhandah\u00e5ller professionella \u00f6vers\u00e4ttningstj\u00e4nster fr\u00e5n engelska till norska av norska \u00f6vers\u00e4ttare.<\/p>\n<p>Vi tillhandah\u00e5ller spr\u00e5ktj\u00e4nster fr\u00e5n engelska till norska f\u00f6r&#8230;<\/p>\n<ul>\n<li>Webbplatser<\/li>\n<li>Dokument<\/li>\n<li>Broschyr<\/li>\n<\/ul>\n<\/div><\/section><\/div><div  class='flex_column av-h634lx-5c86fe8d9fb951be9dd00403a413cdb4 av_two_third  avia-builder-el-5  el_after_av_two_third  el_before_av_one_third  first flex_column_div  column-top-margin'     ><section  class='av_textblock_section av-fpmmhx-4c0c81e81b973bd800bfbe7dd382b912 '   itemscope=\"itemscope\" itemtype=\"https:\/\/schema.org\/CreativeWork\" ><div class='avia_textblock'  itemprop=\"text\" ><h3>Norska \u00f6vers\u00e4ttningstj\u00e4nster av h\u00f6g kvalitet<\/h3>\n<p><strong>Engelska till norska \u00f6vers\u00e4ttare<\/strong><\/p>\n<p>Genom att anlita norska \u00f6vers\u00e4ttare med specialistkompetens inom \u00f6vers\u00e4ttning kan vi leverera en komplett l\u00f6sning f\u00f6r alla dina flerspr\u00e5kiga behov.<\/p>\n<p>Vi g\u00f6r de mest komplexa norska \u00f6vers\u00e4ttningsjobben enklare f\u00f6r dig.<\/p>\n<p>Se v\u00e5r <a href=\"https:\/\/www.star-ts.com\/sv\/about\/terms-and-conditions\/kvalitetsprocess-for-oversattning\/\">kvalitetsprocess<\/a>.<\/p>\n<\/div><\/section><\/div>\n<style type=\"text\/css\" data-created_by=\"avia_inline_auto\" id=\"style-css-av-es1rz9-ca69d48227c9bd5e5caf64e4bd7ab3d0\">\n.flex_column.av-es1rz9-ca69d48227c9bd5e5caf64e4bd7ab3d0{\nborder-radius:0px 0px 0px 0px;\npadding:0px 0px 0px 0px;\n}\n<\/style>\n<div  class='flex_column av-es1rz9-ca69d48227c9bd5e5caf64e4bd7ab3d0 av_one_third  avia-builder-el-7  el_after_av_two_third  el_before_av_one_full  flex_column_div av-zero-column-padding  column-top-margin'     ><section  class='av_textblock_section av-18meqd-7dd3521c5fed69c29ea3abd6dca638c4 '   itemscope=\"itemscope\" itemtype=\"https:\/\/schema.org\/CreativeWork\" ><div class='avia_textblock'  itemprop=\"text\" ><h4>\u00d6vers\u00e4ttningstj\u00e4nster:<\/h4>\n<ul>\n<li><a href=\"https:\/\/www.star-ts.com\/sv\/translation-services\/documents\/health-and-safety\/\">H\u00e4lso- och s\u00e4kerhetsmanualer<\/a><\/li>\n<li><a href=\"https:\/\/www.star-ts.com\/sv\/translation-services\/documents\/employee-handbooks\/\">Personalhandb\u00f6cker<\/a><\/li>\n<li><a href=\"https:\/\/www.star-ts.com\/sv\/translation-services\/automotive-industry\/\">Fordonsdokument<\/a><\/li>\n<li><a href=\"https:\/\/www.star-ts.com\/sv\/translation-services\/documents\/\">Tekniska publikationer och manualer<\/a><\/li>\n<li><a href=\"https:\/\/www.star-ts.com\/sv\/translation-services\/government-translation-services\/\">Offentliga och statliga dokument<\/a><\/li>\n<li><a href=\"https:\/\/www.star-ts.com\/sv\/marketing-services\/marketing-campaigns\/e-commerce\/\">e-handelswebbplatser<\/a><\/li>\n<\/ul>\n<\/div><\/section><\/div><\/p>\n<p><div  class='flex_column av-aeqmit-a44b4de6057f88597d73b28723cc3cf7 av_one_full  avia-builder-el-9  el_after_av_one_third  el_before_av_one_full  first flex_column_div  column-top-margin'     ><section  class='av_textblock_section av-9dhymt-c58e133069640cd0e92ffe63199aa609 '   itemscope=\"itemscope\" itemtype=\"https:\/\/schema.org\/CreativeWork\" ><div class='avia_textblock'  itemprop=\"text\" ><h3>Norsk Desktop Publishing<\/h3>\n<p>Filformat: STAR kan leverera norska \u00f6vers\u00e4ttningar i praktiskt taget alla filformat. V\u00e5ra team \u00e4r experter p\u00e5 QuarkXPress, Adobe InDesign och FrameMaker, <abbr title=\"Hypertext markup language\">HTML<\/abbr>, <abbr title=\"Extensible markup language\">XML<\/abbr>, AutoCAD <abbr title=\"Drawing exchange format\">DXF<\/abbr>, Microsoft PowerPoint, Excel och Word, Acrobat <abbr title=\"Portable document format\">PDF<\/abbr>, pappers- och fax\u00f6vers\u00e4ttningar. <\/p>\n<h4>Expertis inom fordon och teknik<\/h4>\n<p>STAR har arbetat med kunder som BMW, Daimler Chrysler, Mowag och Tag Heuer i \u00f6ver 20 \u00e5r och har omfattande erfarenhet inom fordons- och tekniska ingenj\u00f6rssektorer. V\u00e5rt \u00f6vers\u00e4ttningsteams expertis levererar de b\u00e4sta tekniska \u00f6vers\u00e4ttningarna f\u00f6r dina projekt.  Detta \u00e4r en nyckelfaktor f\u00f6r att leverera kvalitetstj\u00e4nster till dina kunder.<\/p>\n<p>L\u00e4s mer om v\u00e5r tekniska \u00f6vers\u00e4ttning f\u00f6r <a href=\"https:\/\/www.star-ts.com\/sv\/translation-services\/automotive-industry\/\">fordonsindustrin<\/a> och <a href=\"https:\/\/www.star-ts.com\/sv\/translation-services\/teknikoversattningstjanster\/\">ingenj\u00f6rssektorn<\/a><\/p>\n<p><a href=\"https:\/\/www.star-ts.com\/languages\/free-translation-resources\/how-to-say-i-love-you\/\">Hur man s\u00e4ger jag \u00e4lskar dig p\u00e5 norska<\/a><\/p>\n<p><a href=\"https:\/\/www.norway.org.uk\" target=\"_blank\" rel=\"noopener\">Bes\u00f6k den officiella brittiska webbplatsen f\u00f6r Norge<\/a><\/p>\n<\/div><\/section><\/div><div  class='flex_column av-6vh091-fcdac98642988ae84fe5868f907f4d1c av_one_full  avia-builder-el-11  el_after_av_one_full  el_before_av_section  avia-builder-el-last  first flex_column_div  column-top-margin'     ><section  class='av_textblock_section av-6h5bfp-452bd2afd74b36ff5fd84d0f33b21f62 '   itemscope=\"itemscope\" itemtype=\"https:\/\/schema.org\/CreativeWork\" ><div class='avia_textblock'  itemprop=\"text\" ><p><a class=\"button\" href=\"https:\/\/www.star-ts.com\/sv\/languages\/\">Spr\u00e5k vi \u00f6vers\u00e4tter<\/a><\/p>\n<\/div><\/section><\/div><\/div><\/div><\/div><!-- close content main div --><\/div><\/div>\n<style type=\"text\/css\" data-created_by=\"avia_inline_auto\" id=\"style-css-av-k0gx2157-307699bb8bdeb8c22c0065ee0c218e70\">\n.avia-section.av-k0gx2157-307699bb8bdeb8c22c0065ee0c218e70{\nbackground-color:#ff7f27;\nbackground-image:unset;\n}\n<\/style>\n<div id='av_section_1'  class='avia-section av-k0gx2157-307699bb8bdeb8c22c0065ee0c218e70 main_color avia-section-default avia-no-border-styling  avia-builder-el-13  el_after_av_one_full  avia-builder-el-last  avia-bg-style-scroll container_wrap sidebar_right'  ><div class='container av-section-cont-open' ><div class='template-page content  av-content-small alpha units'><div class='post-entry post-entry-type-page post-entry-120948'><div class='entry-content-wrapper clearfix'>\n<section  class='av_textblock_section av-zffpn-9b19d1d65eda350fe1fbef528189f03e '   itemscope=\"itemscope\" itemtype=\"https:\/\/schema.org\/CreativeWork\" ><div class='avia_textblock'  itemprop=\"text\" ><h2><span style=\"color: #ffffff;\">B\u00f6rja nu<\/span><\/h2>\n<div  class='avia-button-wrap av-aaau3-e3573e676ea05f5b4bf6cbae59781945-wrap avia-button-left  avia-builder-el-15  avia-builder-el-no-sibling '><a href=\"https:\/\/www.star-ts.com\/sv\/kontakt\/\" class=\"avia-button av-aaau3-e3573e676ea05f5b4bf6cbae59781945 av-link-btn avia-icon_select-no avia-size-x-large avia-position-left avia-color-light\" aria-label=\"Kontakta oss\"><span class='avia_iconbox_title' >Kontakta oss<\/span><\/a><\/div>\n<\/div><\/section>\n<\/div><\/div><\/div><!-- close content main div --><\/div><\/div><div id='after_section_1'  class='main_color av_default_container_wrap container_wrap sidebar_right'  ><div class='container av-section-cont-open' ><div class='template-page content  av-content-small alpha units'><div class='post-entry post-entry-type-page post-entry-120948'><div class='entry-content-wrapper clearfix'><\/p>\n","protected":false},"excerpt":{"rendered":"<p>Genom att anlita norska \u00f6vers\u00e4ttare med specialistkompetens inom \u00f6vers\u00e4ttning kan vi leverera en komplett l\u00f6sning f\u00f6r alla dina flerspr\u00e5kiga behov.<\/p>\n<p>Vi g\u00f6r de mest komplexa norska \u00f6vers\u00e4ttningsjobben enklare f\u00f6r dig.<\/p>\n","protected":false},"author":1,"featured_media":105260,"parent":0,"menu_order":19,"comment_status":"closed","ping_status":"closed","template":"","meta":{"footnotes":""},"class_list":["post-120948","page","type-page","status-publish","has-post-thumbnail","hentry"],"_links":{"self":[{"href":"https:\/\/www.star-ts.com\/sv\/wp-json\/wp\/v2\/pages\/120948","targetHints":{"allow":["GET"]}}],"collection":[{"href":"https:\/\/www.star-ts.com\/sv\/wp-json\/wp\/v2\/pages"}],"about":[{"href":"https:\/\/www.star-ts.com\/sv\/wp-json\/wp\/v2\/types\/page"}],"author":[{"embeddable":true,"href":"https:\/\/www.star-ts.com\/sv\/wp-json\/wp\/v2\/users\/1"}],"replies":[{"embeddable":true,"href":"https:\/\/www.star-ts.com\/sv\/wp-json\/wp\/v2\/comments?post=120948"}],"version-history":[{"count":0,"href":"https:\/\/www.star-ts.com\/sv\/wp-json\/wp\/v2\/pages\/120948\/revisions"}],"wp:featuredmedia":[{"embeddable":true,"href":"https:\/\/www.star-ts.com\/sv\/wp-json\/wp\/v2\/media\/105260"}],"wp:attachment":[{"href":"https:\/\/www.star-ts.com\/sv\/wp-json\/wp\/v2\/media?parent=120948"}],"curies":[{"name":"wp","href":"https:\/\/api.w.org\/{rel}","templated":true}]}}