{"id":120945,"date":"2026-01-05T12:19:34","date_gmt":"2026-01-05T12:19:34","guid":{"rendered":"https:\/\/www.star-ts.com\/slovenian-translation\/"},"modified":"2026-01-05T12:20:19","modified_gmt":"2026-01-05T12:20:19","slug":"slovenian-translation","status":"publish","type":"page","link":"https:\/\/www.star-ts.com\/sv\/slovenian-translation\/","title":{"rendered":"Slovenska \u00f6vers\u00e4ttningstj\u00e4nster"},"content":{"rendered":"<div id='full_slider_1'  class='avia-fullwidth-slider main_color avia-shadow   avia-builder-el-0  el_before_av_one_third  avia-builder-el-first   container_wrap sidebar_right'  ><div  class='avia-slideshow av-k1c5t1d0-62857a0c172974faab0bb6f0294eba7c avia-slideshow-featured av_slideshow_full avia-slide-slider av-slideshow-ui av-control-default av-slideshow-manual av-loop-once av-loop-manual-endless av-default-height-applied   avia-slideshow-1' data-slideshow-options=\"{&quot;animation&quot;:&quot;slide&quot;,&quot;autoplay&quot;:false,&quot;loop_autoplay&quot;:&quot;once&quot;,&quot;interval&quot;:5,&quot;loop_manual&quot;:&quot;manual-endless&quot;,&quot;autoplay_stopper&quot;:false,&quot;noNavigation&quot;:false,&quot;bg_slider&quot;:false,&quot;keep_padding&quot;:false,&quot;hoverpause&quot;:false,&quot;show_slide_delay&quot;:0}\"  itemprop=\"image\" itemscope=\"itemscope\" itemtype=\"https:\/\/schema.org\/ImageObject\" ><ul class='avia-slideshow-inner ' style='padding-bottom: 28.666666666667%;'><li  class='avia-slideshow-slide av-k1c5t1d0-62857a0c172974faab0bb6f0294eba7c__0  av-single-slide slide-1 slide-odd'><div data-rel='slideshow-1' class='avia-slide-wrap '   ><div class='av-slideshow-caption av-k1c5t1d0-62857a0c172974faab0bb6f0294eba7c__0 caption_fullwidth caption_center caption_center_framed caption_framed'><div class=\"container caption_container\"><div class=\"slideshow_caption\"><div class=\"slideshow_inner_caption\"><div class=\"slideshow_align_caption\"><h2 class='avia-caption-title '  itemprop=\"name\" >Slovensk \u00f6vers\u00e4ttning<\/h2><div class='avia-caption-content '  itemprop=\"description\" ><p>Engelska till slovenska \u00f6vers\u00e4ttningstj\u00e4nster<\/p>\n<\/div><\/div><\/div><\/div><\/div><\/div><img decoding=\"async\" fetchpriority=\"high\" class=\"wp-image-105440 avia-img-lazy-loading-not-105440\"  src=\"https:\/\/www.star-ts.com\/wp-content\/uploads\/2019\/10\/lake-bled-1213397_1920-1500x430.jpg\" width=\"1500\" height=\"430\" title='lake-bled-1213397_1920' alt=''  itemprop=\"thumbnailUrl\"   \/><\/div><\/li><\/ul><\/div><\/div><div id='after_full_slider_1'  class='main_color av_default_container_wrap container_wrap sidebar_right'  ><div class='container av-section-cont-open' ><div class='template-page content  av-content-small alpha units'><div class='post-entry post-entry-type-page post-entry-120945'><div class='entry-content-wrapper clearfix'>\n<div  class='flex_column av-oh0d2q-37fdfd9a5ec480012694a5efd907d6ab av_one_third  avia-builder-el-1  el_after_av_slideshow_full  el_before_av_two_third  avia-builder-el-first  first flex_column_div  '     ><section  class='av_textblock_section av-mpu9si-5545645a1e487423e31067492f1ad74f '   itemscope=\"itemscope\" itemtype=\"https:\/\/schema.org\/CreativeWork\" ><div class='avia_textblock'  itemprop=\"text\" ><p><img decoding=\"async\" class=\"alignnone size-full wp-image-9519\" title=\"slovenska \u00f6vers\u00e4ttningstj\u00e4nster\" src=\"https:\/\/www.star-ts.com\/wp-content\/uploads\/2014\/07\/slovenian-language1.png\" alt=\"slovenska \u00f6vers\u00e4ttningstj\u00e4nster\" width=\"400\" height=\"320\" srcset=\"https:\/\/www.star-ts.com\/wp-content\/uploads\/2014\/07\/slovenian-language1.png 400w, https:\/\/www.star-ts.com\/wp-content\/uploads\/2014\/07\/slovenian-language1-80x64.png 80w, https:\/\/www.star-ts.com\/wp-content\/uploads\/2014\/07\/slovenian-language1-300x240.png 300w\" sizes=\"(max-width: 400px) 100vw, 400px\" \/><\/p>\n<\/div><\/section><\/div>\n<p>\n<style type=\"text\/css\" data-created_by=\"avia_inline_auto\" id=\"style-css-av-k4m7w2-0f1d45645ef3d8d2e3c0a0497d15f7a0\">\n.flex_column.av-k4m7w2-0f1d45645ef3d8d2e3c0a0497d15f7a0{\nborder-radius:0px 0px 0px 0px;\npadding:0px 0px 0px 0px;\n}\n<\/style>\n<div  class='flex_column av-k4m7w2-0f1d45645ef3d8d2e3c0a0497d15f7a0 av_two_third  avia-builder-el-3  el_after_av_one_third  el_before_av_two_third  flex_column_div av-zero-column-padding  '     ><section  class='av_textblock_section av-j5n03m-5ffb4b88fe09f26089f1ef9096a842e9 '   itemscope=\"itemscope\" itemtype=\"https:\/\/schema.org\/CreativeWork\" ><div class='avia_textblock'  itemprop=\"text\" ><h1>Slovensk \u00f6vers\u00e4ttning<\/h1>\n<p>Professionell engelska till slovenska <a href=\"https:\/\/www.star-ts.com\/home\/\">\u00f6vers\u00e4ttningstj\u00e4nster<\/a> f\u00f6r dokument och webbplatser.<\/p>\n<p>Genom att anlita slovenska \u00f6vers\u00e4ttare med specialistkompetens kan vi leverera en komplett l\u00f6sning f\u00f6r alla dina spr\u00e5kbehov p\u00e5 den slovenska marknaden.<\/p>\n<p>Om du exporterar kan vi hj\u00e4lpa dig med \u00f6vers\u00e4ttningen av din tekniska dokumentation, broschyrer och manualer.<\/p>\n<\/div><\/section><\/div><div  class='flex_column av-gywfci-70c36f3ca259e87a26f4614c03ecc595 av_two_third  avia-builder-el-5  el_after_av_two_third  el_before_av_one_third  first flex_column_div  column-top-margin'     ><section  class='av_textblock_section av-1m6vma-ac3683709a15f8b2097053660937ef5d '   itemscope=\"itemscope\" itemtype=\"https:\/\/schema.org\/CreativeWork\" ><div class='avia_textblock'  itemprop=\"text\" ><h2>Beh\u00f6ver du en slovensk \u00f6vers\u00e4ttare?<\/h2>\n<p>Om du beh\u00f6ver en slovensk \u00f6vers\u00e4ttare kan STAR hj\u00e4lpa dig. Alla v\u00e5ra \u00f6vers\u00e4ttare \u00e4r inf\u00f6dda talare som bor i landet. <\/p>\n<p>Vi kan \u00f6vers\u00e4tta praktiskt taget alla filformat \u00e5t dig till slovenska. V\u00e5ra team \u00e4r experter p\u00e5 QuarkXPress, Adobe InDesign och FrameMaker, <abbr title=\"Hypertext markup language\">HTML<\/abbr>, <abbr title=\"Extensible markup language\">XML<\/abbr>, AutoCAD <abbr title=\"Drawing exchange format\">DXF<\/abbr>, Microsoft PowerPoint, Excel och Word, Acrobat <abbr title=\"Portable document format\">PDF<\/abbr>, papper och fax\u00f6vers\u00e4ttningar. <\/p>\n<p>V\u00e5ra webbdesignteam kan hj\u00e4lpa dig med \u00f6vers\u00e4ttningen av din webbplats genom att arbeta direkt med ditt webbteam. Oavsett om du har ett komplext <abbr title=\"Content management system\">CMS<\/abbr>, <abbr title=\"Extensible markup language\">XML<\/abbr> eller platt <abbr title=\"Hypertext markup language\">HTML<\/abbr>, kan vi hj\u00e4lpa dig med leveransen av din webbplats till dina m\u00e5lspr\u00e5k.<\/p>\n<\/div><\/section><\/div>\n<style type=\"text\/css\" data-created_by=\"avia_inline_auto\" id=\"style-css-av-do4nvm-8bd78a5ba11e9c9aac0ec22ea48ce051\">\n.flex_column.av-do4nvm-8bd78a5ba11e9c9aac0ec22ea48ce051{\nborder-radius:0px 0px 0px 0px;\npadding:0px 0px 0px 0px;\n}\n<\/style>\n<div  class='flex_column av-do4nvm-8bd78a5ba11e9c9aac0ec22ea48ce051 av_one_third  avia-builder-el-7  el_after_av_two_third  el_before_av_one_full  flex_column_div av-zero-column-padding  column-top-margin'     ><section  class='av_textblock_section av-ccwrw2-45f7fb0a778ef88cac102c456407f2fe '   itemscope=\"itemscope\" itemtype=\"https:\/\/schema.org\/CreativeWork\" ><div class='avia_textblock'  itemprop=\"text\" ><h3>\u00d6vers\u00e4ttningstj\u00e4nster:<\/h3>\n<ul>\n<li><a href=\"https:\/\/www.star-ts.com\/sv\/translation-services\/documents\/health-and-safety\/\">H\u00e4lso- och s\u00e4kerhetsmanualer<\/a><\/li>\n<li><a href=\"https:\/\/www.star-ts.com\/sv\/translation-services\/documents\/employee-handbooks\/\">Personalhandb\u00f6cker<\/a><\/li>\n<li><a href=\"https:\/\/www.star-ts.com\/sv\/translation-services\/automotive-industry\/\">Fordonsdokument<\/a><\/li>\n<li><a href=\"https:\/\/www.star-ts.com\/sv\/translation-services\/documents\/\">Tekniska publikationer och manualer<\/a><\/li>\n<li><a href=\"https:\/\/www.star-ts.com\/sv\/translation-services\/government-translation-services\/\">Offentliga och statliga dokument<\/a><\/li>\n<li><a href=\"https:\/\/www.star-ts.com\/sv\/marketing-services\/marketing-campaigns\/e-commerce\/\">e-handelswebbplatser<\/a><\/li>\n<\/ul>\n<\/div><\/section><\/div><div  class='flex_column av-akb11e-95a3e99da55224d17540ee7c0030a89d av_one_full  avia-builder-el-9  el_after_av_one_third  el_before_av_one_full  first flex_column_div  column-top-margin'     ><section  class='av_textblock_section av-994n2a-ca0d6235245720b32e9dec5320764c54 '   itemscope=\"itemscope\" itemtype=\"https:\/\/schema.org\/CreativeWork\" ><div class='avia_textblock'  itemprop=\"text\" ><h3>Expertis inom fordon, mekanik och teknik<\/h3>\n<p>STAR har omfattande erfarenhet inom fordons- och tekniska ingenj\u00f6rssektorer. V\u00e5ra \u00f6vers\u00e4ttningsteams expertis levererar de b\u00e4sta tekniska \u00f6vers\u00e4ttningarna f\u00f6r dina projekt.  Detta \u00e4r en nyckelfaktor f\u00f6r att leverera kvalitetstj\u00e4nster till dina kunder.<\/p>\n<p>L\u00e4s mer om v\u00e5r tekniska \u00f6vers\u00e4ttning f\u00f6r <a href=\"https:\/\/www.star-ts.com\/sv\/translation-services\/automotive-industry\/\">fordonsindustrin<\/a> och <a href=\"https:\/\/www.star-ts.com\/sv\/translation-services\/teknikoversattningstjanster\/\">ingenj\u00f6rssektorerna<\/a>.<\/p>\n<h4>Vanliga slovenska fraser<\/h4>\n<p><a href=\"https:\/\/www.star-ts.com\/languages\/free-translation-resources\/how-to-say-i-love-you\/\">Hur s\u00e4ger man jag \u00e4lskar dig p\u00e5 slovenska?<\/a><\/p>\n<\/div><\/section><\/div><div  class='flex_column av-7jgznm-8e6808020b896b0a933fecab23822c4b av_one_full  avia-builder-el-11  el_after_av_one_full  el_before_av_section  avia-builder-el-last  first flex_column_div  column-top-margin'     ><section  class='av_textblock_section av-61o9fm-2c7e165f30b8f43ee20f3f4d5c191b19 '   itemscope=\"itemscope\" itemtype=\"https:\/\/schema.org\/CreativeWork\" ><div class='avia_textblock'  itemprop=\"text\" ><div class=\"return\">\n<p><a class=\"button\" href=\"https:\/\/www.star-ts.com\/sv\/languages\/\">Spr\u00e5k vi \u00f6vers\u00e4tter<\/a><\/div>\n<\/div><\/section><\/div><\/p>\n<\/div><\/div><\/div><!-- close content main div --><\/div><\/div>\n<style type=\"text\/css\" data-created_by=\"avia_inline_auto\" id=\"style-css-av-k0gx2157-307699bb8bdeb8c22c0065ee0c218e70\">\n.avia-section.av-k0gx2157-307699bb8bdeb8c22c0065ee0c218e70{\nbackground-color:#ff7f27;\nbackground-image:unset;\n}\n<\/style>\n<div id='av_section_1'  class='avia-section av-k0gx2157-307699bb8bdeb8c22c0065ee0c218e70 main_color avia-section-default avia-no-border-styling  avia-builder-el-13  el_after_av_one_full  avia-builder-el-last  avia-bg-style-scroll container_wrap sidebar_right'  ><div class='container av-section-cont-open' ><div class='template-page content  av-content-small alpha units'><div class='post-entry post-entry-type-page post-entry-120945'><div class='entry-content-wrapper clearfix'>\n<section  class='av_textblock_section av-zffpn-9b19d1d65eda350fe1fbef528189f03e '   itemscope=\"itemscope\" itemtype=\"https:\/\/schema.org\/CreativeWork\" ><div class='avia_textblock'  itemprop=\"text\" ><h2><span style=\"color: #ffffff;\">B\u00f6rja nu<\/span><\/h2>\n<div  class='avia-button-wrap av-aaau3-e3573e676ea05f5b4bf6cbae59781945-wrap avia-button-left  avia-builder-el-15  avia-builder-el-no-sibling '><a href='https:\/\/www.star-ts.com\/sv\/kontakt\/'  class='avia-button av-aaau3-e3573e676ea05f5b4bf6cbae59781945 av-link-btn avia-icon_select-no avia-size-x-large avia-position-left avia-color-light'   aria-label=\"Kontakta oss\"><span class='avia_iconbox_title' >Kontakta oss<\/span><\/a><\/div>\n<\/div><\/section>\n<\/div><\/div><\/div><!-- close content main div --><\/div><\/div><div id='after_section_1'  class='main_color av_default_container_wrap container_wrap sidebar_right'  ><div class='container av-section-cont-open' ><div class='template-page content  av-content-small alpha units'><div class='post-entry post-entry-type-page post-entry-120945'><div class='entry-content-wrapper clearfix'>\n","protected":false},"excerpt":{"rendered":"<p>Professionella engelska till slovenska \u00f6vers\u00e4ttningstj\u00e4nster f\u00f6r dokument och webbplatser.<\/p>\n<p>Genom att anlita slovenska \u00f6vers\u00e4ttare med specialistkompetens kan vi leverera en komplett l\u00f6sning f\u00f6r alla dina spr\u00e5kbehov p\u00e5 den slovenska marknaden.<\/p>\n<p>Om du exporterar kan vi hj\u00e4lpa dig med \u00f6vers\u00e4ttningen av din tekniska dokumentation, broschyrer och manualer.<\/p>\n","protected":false},"author":1,"featured_media":105440,"parent":0,"menu_order":26,"comment_status":"closed","ping_status":"closed","template":"","meta":{"footnotes":""},"class_list":["post-120945","page","type-page","status-publish","has-post-thumbnail","hentry"],"_links":{"self":[{"href":"https:\/\/www.star-ts.com\/sv\/wp-json\/wp\/v2\/pages\/120945","targetHints":{"allow":["GET"]}}],"collection":[{"href":"https:\/\/www.star-ts.com\/sv\/wp-json\/wp\/v2\/pages"}],"about":[{"href":"https:\/\/www.star-ts.com\/sv\/wp-json\/wp\/v2\/types\/page"}],"author":[{"embeddable":true,"href":"https:\/\/www.star-ts.com\/sv\/wp-json\/wp\/v2\/users\/1"}],"replies":[{"embeddable":true,"href":"https:\/\/www.star-ts.com\/sv\/wp-json\/wp\/v2\/comments?post=120945"}],"version-history":[{"count":0,"href":"https:\/\/www.star-ts.com\/sv\/wp-json\/wp\/v2\/pages\/120945\/revisions"}],"wp:featuredmedia":[{"embeddable":true,"href":"https:\/\/www.star-ts.com\/sv\/wp-json\/wp\/v2\/media\/105440"}],"wp:attachment":[{"href":"https:\/\/www.star-ts.com\/sv\/wp-json\/wp\/v2\/media?parent=120945"}],"curies":[{"name":"wp","href":"https:\/\/api.w.org\/{rel}","templated":true}]}}