{"id":120917,"date":"2026-01-05T12:19:15","date_gmt":"2026-01-05T12:19:15","guid":{"rendered":"https:\/\/www.star-ts.com\/turkish-translation\/"},"modified":"2026-01-05T12:19:28","modified_gmt":"2026-01-05T12:19:28","slug":"turkish-translation","status":"publish","type":"page","link":"https:\/\/www.star-ts.com\/sv\/turkish-translation\/","title":{"rendered":"Turkiska \u00f6vers\u00e4ttningstj\u00e4nster"},"content":{"rendered":"<div id='full_slider_1'  class='avia-fullwidth-slider main_color avia-shadow av-small-hide av-mini-hide  avia-builder-el-0  el_before_av_one_third  avia-builder-el-first   container_wrap sidebar_right'  ><div  class='avia-slideshow av-k1c62fzv-59afac4b0e39f6d1067c7e26daa60a4e avia-slideshow-featured av_slideshow_full avia-slide-slider av-small-hide av-mini-hide av-slideshow-ui av-control-default av-slideshow-manual av-loop-once av-loop-manual-endless av-default-height-applied   avia-slideshow-1' data-slideshow-options=\"{&quot;animation&quot;:&quot;slide&quot;,&quot;autoplay&quot;:false,&quot;loop_autoplay&quot;:&quot;once&quot;,&quot;interval&quot;:5,&quot;loop_manual&quot;:&quot;manual-endless&quot;,&quot;autoplay_stopper&quot;:false,&quot;noNavigation&quot;:false,&quot;bg_slider&quot;:false,&quot;keep_padding&quot;:false,&quot;hoverpause&quot;:false,&quot;show_slide_delay&quot;:0}\"  itemprop=\"image\" itemscope=\"itemscope\" itemtype=\"https:\/\/schema.org\/ImageObject\" ><ul class='avia-slideshow-inner ' style='padding-bottom: 28.666666666667%;'><li  class='avia-slideshow-slide av-k1c62fzv-59afac4b0e39f6d1067c7e26daa60a4e__0  av-single-slide slide-1 slide-odd'><div data-rel='slideshow-1' class='avia-slide-wrap '   ><div class='av-slideshow-caption av-k1c62fzv-59afac4b0e39f6d1067c7e26daa60a4e__0 caption_fullwidth caption_center caption_center_framed caption_framed'><div class=\"container caption_container\"><div class=\"slideshow_caption\"><div class=\"slideshow_inner_caption\"><div class=\"slideshow_align_caption\"><h2 class='avia-caption-title '  itemprop=\"name\" >Turkisk \u00f6vers\u00e4ttning<\/h2><div class='avia-caption-content '  itemprop=\"description\" ><p>Engelska till turkiska \u00f6vers\u00e4ttning<\/p>\n<\/div><\/div><\/div><\/div><\/div><\/div><img decoding=\"async\" fetchpriority=\"high\" class=\"wp-image-105470 avia-img-lazy-loading-not-105470\"  src=\"https:\/\/www.star-ts.com\/wp-content\/uploads\/2019\/10\/galata-4043037_1920-1500x430.jpg\" width=\"1500\" height=\"430\" title='galata-4043037_1920' alt=''  itemprop=\"thumbnailUrl\"   \/><\/div><\/li><\/ul><\/div><\/div><div id='after_full_slider_1'  class='main_color av_default_container_wrap container_wrap sidebar_right'  ><div class='container av-section-cont-open' ><div class='template-page content  av-content-small alpha units'><div class='post-entry post-entry-type-page post-entry-120917'><div class='entry-content-wrapper clearfix'>\n<div  class='flex_column av-or1qca-8d839e32031443de3e1a0a426f110620 av_one_third  avia-builder-el-1  el_after_av_slideshow_full  el_before_av_two_third  avia-builder-el-first  first flex_column_div  '     ><style type=\"text\/css\" data-created_by=\"avia_inline_auto\" id=\"style-css-av-klqs0p77-eb4f183970966ce8596569f5db5a4399\">\n.avia-image-container.av-klqs0p77-eb4f183970966ce8596569f5db5a4399 img.avia_image{\nbox-shadow:none;\n}\n.avia-image-container.av-klqs0p77-eb4f183970966ce8596569f5db5a4399 .av-image-caption-overlay-center{\ncolor:#ffffff;\n}\n<\/style>\n<div  class='avia-image-container av-klqs0p77-eb4f183970966ce8596569f5db5a4399 av-styling- avia-align-center  avia-builder-el-2  avia-builder-el-no-sibling '   itemprop=\"image\" itemscope=\"itemscope\" itemtype=\"https:\/\/schema.org\/ImageObject\" ><div class=\"avia-image-container-inner\"><div class=\"avia-image-overlay-wrap\"><img decoding=\"async\" loading=\"lazy\" class='wp-image-66488 avia-img-lazy-loading-66488 avia_image ' src=\"https:\/\/www.star-ts.com\/wp-content\/uploads\/2014\/07\/turkey.jpg\" alt='Turkisk byggnad' title='Turkisk byggnad'  height=\"300\" width=\"400\"  itemprop=\"thumbnailUrl\" srcset=\"https:\/\/www.star-ts.com\/wp-content\/uploads\/2014\/07\/turkey.jpg 400w, https:\/\/www.star-ts.com\/wp-content\/uploads\/2014\/07\/turkey-80x60.jpg 80w, https:\/\/www.star-ts.com\/wp-content\/uploads\/2014\/07\/turkey-300x225.jpg 300w\" sizes=\"auto, (max-width: 400px) 100vw, 400px\" \/><\/div><\/div><\/div><\/div>\n<p>\n<style type=\"text\/css\" data-created_by=\"avia_inline_auto\" id=\"style-css-av-kvkaqi-85e701f936e8c691ae9b5bd095d27f45\">\n.flex_column.av-kvkaqi-85e701f936e8c691ae9b5bd095d27f45{\nborder-radius:0px 0px 0px 0px;\npadding:0px 0px 0px 0px;\n}\n<\/style>\n<div  class='flex_column av-kvkaqi-85e701f936e8c691ae9b5bd095d27f45 av_two_third  avia-builder-el-3  el_after_av_one_third  el_before_av_two_third  flex_column_div av-zero-column-padding  '     ><section  class='av_textblock_section av-iujhe2-6375868fed31c4f7945bbc24fcb3655c '   itemscope=\"itemscope\" itemtype=\"https:\/\/schema.org\/CreativeWork\" ><div class='avia_textblock'  itemprop=\"text\" ><h1>Turkiska \u00f6vers\u00e4ttningstj\u00e4nster<\/h1>\n<p>Fr\u00e5n v\u00e5ra kontor i Istanbul tillhandah\u00e5ller vi turkiska \u00f6vers\u00e4ttningstj\u00e4nster f\u00f6r webbplatser, dokument och digitala marknadsf\u00f6ringsprojekt.<\/p>\n<p>Om du beh\u00f6ver en professionell turkisk \u00f6vers\u00e4ttare kan STAR hj\u00e4lpa dig.<\/p>\n<p>V\u00e5ra \u00f6vers\u00e4ttare \u00e4r inf\u00f6dda talare som bor i landet.<\/p>\n<\/div><\/section><\/div><div  class='flex_column av-h6xcl6-d2b8b3b9865995cdd5d5106d762b2699 av_two_third  avia-builder-el-5  el_after_av_two_third  el_before_av_one_third  first flex_column_div  column-top-margin'     ><section  class='av_textblock_section av-fys22y-93a289c7396355e3a6c967e6467b3e7d '   itemscope=\"itemscope\" itemtype=\"https:\/\/schema.org\/CreativeWork\" ><div class='avia_textblock'  itemprop=\"text\" ><h3>Turkiska spr\u00e5ktj\u00e4nster av h\u00f6g kvalitet<\/h3>\n<p>Genom att anlita inf\u00f6dda turkiska talare med specialistkompetens inom \u00f6vers\u00e4ttning kan vi leverera en komplett l\u00f6sning f\u00f6r alla dina flerspr\u00e5kiga behov.<\/p>\n<p>Vi g\u00f6r de mest komplexa turkiska \u00f6vers\u00e4ttningsjobben enklare f\u00f6r dig.<\/p>\n<p>L\u00e4s om v\u00e5r <a href=\"https:\/\/www.star-ts.com\/sv\/about\/terms-and-conditions\/kvalitetsprocess-for-oversattning\/\">kvalitetsprocess<\/a>.<\/p>\n<\/div><\/section><\/div><\/p>\n\n<style type=\"text\/css\" data-created_by=\"avia_inline_auto\" id=\"style-css-av-dwu0qy-b8ee631f3c4fad92d4769583e34a40d1\">\n.flex_column.av-dwu0qy-b8ee631f3c4fad92d4769583e34a40d1{\nborder-radius:0px 0px 0px 0px;\npadding:0px 0px 0px 0px;\n}\n<\/style>\n<div  class='flex_column av-dwu0qy-b8ee631f3c4fad92d4769583e34a40d1 av_one_third  avia-builder-el-7  el_after_av_two_third  el_before_av_one_full  flex_column_div av-zero-column-padding  column-top-margin'     ><section  class='av_textblock_section av-cmoa7u-8a200a9ebc88b24f72b270a7c021d154 '   itemscope=\"itemscope\" itemtype=\"https:\/\/schema.org\/CreativeWork\" ><div class='avia_textblock'  itemprop=\"text\" ><h4>\u00d6vers\u00e4ttningstj\u00e4nster:<\/h4>\n<ul>\n<li><a href=\"https:\/\/www.star-ts.com\/sv\/translation-services\/documents\/health-and-safety\/\">H\u00e4lso- och s\u00e4kerhetsmanualer<\/a><\/li>\n<li><a href=\"https:\/\/www.star-ts.com\/sv\/translation-services\/documents\/employee-handbooks\/\">Personalhandb\u00f6cker<\/a><\/li>\n<li><a href=\"https:\/\/www.star-ts.com\/sv\/translation-services\/automotive-industry\/\">Fordonsdokument<\/a><\/li>\n<li><a href=\"https:\/\/www.star-ts.com\/sv\/translation-services\/documents\/\">Tekniska publikationer och manualer<\/a><\/li>\n<li><a href=\"https:\/\/www.star-ts.com\/sv\/translation-services\/government-translation-services\/\">Myndighetsdokument<\/a><\/li>\n<li><a href=\"https:\/\/www.star-ts.com\/sv\/marketing-services\/marketing-campaigns\/e-commerce\/\">e-handelswebbplatser<\/a><\/li>\n<\/ul>\n<\/div><\/section><\/div>\n<div  class='flex_column av-alde7u-d01a4911c4ce6231f36b53161800c52e av_one_full  avia-builder-el-9  el_after_av_one_third  el_before_av_one_full  first flex_column_div  column-top-margin'     ><section  class='av_textblock_section av-9gc77e-d9fff8d7b0210ae138e05051fc2ee2b1 '   itemscope=\"itemscope\" itemtype=\"https:\/\/schema.org\/CreativeWork\" ><div class='avia_textblock'  itemprop=\"text\" ><h3>Desktop publishing p\u00e5 turkiska<\/h3>\n<p>Filformat vi \u00f6vers\u00e4tter: V\u00e5ra team \u00e4r experter p\u00e5 QuarkXPress, Adobe InDesign och FrameMaker, <abbr title=\"Hypertext markup language\">HTML<\/abbr>, <abbr title=\"Extensible markup language\">XML<\/abbr>, AutoCAD <abbr title=\"Drawing exchange format\">DXF<\/abbr>, Microsoft PowerPoint, Excel och Word, Acrobat <abbr title=\"Portable document format\">PDF<\/abbr>, pappers- och fax\u00f6vers\u00e4ttningar.<\/p>\n<p>STAR kan leverera turkisk \u00f6vers\u00e4ttning av praktiskt taget alla filformat.<\/p>\n<h4>Fordons- och teknisk expertis<\/h4>\n<p>STAR har arbetat med kunder som BMW, DaimlerChrysler, Mowag och Tag Heuer i \u00f6ver 20 \u00e5r och har omfattande erfarenhet inom <a href=\"https:\/\/www.star-ts.com\/sv\/translation-services\/automotive-industry\/\">fordons-<\/a> och <a href=\"https:\/\/www.star-ts.com\/sv\/translation-services\/teknikoversattningstjanster\/\">ingenj\u00f6rsbranschen<\/a>.<\/p>\n<\/div><\/section><\/div>\n<div  class='flex_column av-726zoq-4318076110ac4fd0d4f1157cb5caadbd av_one_full  avia-builder-el-11  el_after_av_one_full  el_before_av_section  avia-builder-el-last  first flex_column_div  column-top-margin'     ><section  class='av_textblock_section av-55hs6y-c725a16f17e51d364828008007d6129d '   itemscope=\"itemscope\" itemtype=\"https:\/\/schema.org\/CreativeWork\" ><div class='avia_textblock'  itemprop=\"text\" ><div class=\"return\">\n<p><a class=\"button\" href=\"https:\/\/www.star-ts.com\/sv\/languages\/\">Spr\u00e5k vi \u00f6vers\u00e4tter<\/a><\/p>\n<\/div>\n<\/div><\/section><\/div>\n<\/div><\/div><\/div><!-- close content main div --><\/div><\/div>\n<style type=\"text\/css\" data-created_by=\"avia_inline_auto\" id=\"style-css-av-k0gx2157-307699bb8bdeb8c22c0065ee0c218e70\">\n.avia-section.av-k0gx2157-307699bb8bdeb8c22c0065ee0c218e70{\nbackground-color:#ff7f27;\nbackground-image:unset;\n}\n<\/style>\n<div id='av_section_1'  class='avia-section av-k0gx2157-307699bb8bdeb8c22c0065ee0c218e70 main_color avia-section-default avia-no-border-styling  avia-builder-el-13  el_after_av_one_full  avia-builder-el-last  avia-bg-style-scroll container_wrap sidebar_right'  ><div class='container av-section-cont-open' ><div class='template-page content  av-content-small alpha units'><div class='post-entry post-entry-type-page post-entry-120917'><div class='entry-content-wrapper clearfix'>\n<section  class='av_textblock_section av-zffpn-9b19d1d65eda350fe1fbef528189f03e '   itemscope=\"itemscope\" itemtype=\"https:\/\/schema.org\/CreativeWork\" ><div class='avia_textblock'  itemprop=\"text\" ><h2><span style=\"color: #ffffff\">B\u00f6rja nu<\/span><\/h2>\n<div  class='avia-button-wrap av-aaau3-e3573e676ea05f5b4bf6cbae59781945-wrap avia-button-left  avia-builder-el-15  avia-builder-el-no-sibling '><a href='https:\/\/www.star-ts.com\/sv\/kontakt\/'  class='avia-button av-aaau3-e3573e676ea05f5b4bf6cbae59781945 av-link-btn avia-icon_select-no avia-size-x-large avia-position-left avia-color-light'   aria-label=\"Kontakta oss\"><span class='avia_iconbox_title' >Kontakta oss<\/span><\/a><\/div>\n<\/div><\/section>\n<\/div><\/div><\/div><!-- close content main div --><\/div><\/div><div id='after_section_1'  class='main_color av_default_container_wrap container_wrap sidebar_right'  ><div class='container av-section-cont-open' ><div class='template-page content  av-content-small alpha units'><div class='post-entry post-entry-type-page post-entry-120917'><div class='entry-content-wrapper clearfix'>\n","protected":false},"excerpt":{"rendered":"<p>Fr\u00e5n v\u00e5ra kontor i Istanbul tillhandah\u00e5ller vi turkiska \u00f6vers\u00e4ttningstj\u00e4nster f\u00f6r webbplatser, dokument och digitala marknadsf\u00f6ringsprojekt.<\/p>\n<p>Om du beh\u00f6ver en turkisk \u00f6vers\u00e4ttare kan STAR hj\u00e4lpa dig.<\/p>\n<p>V\u00e5ra \u00f6vers\u00e4ttare \u00e4r inf\u00f6dda talare som bor i landet.<\/p>\n","protected":false},"author":1,"featured_media":105470,"parent":0,"menu_order":31,"comment_status":"closed","ping_status":"closed","template":"","meta":{"footnotes":""},"class_list":["post-120917","page","type-page","status-publish","has-post-thumbnail","hentry"],"_links":{"self":[{"href":"https:\/\/www.star-ts.com\/sv\/wp-json\/wp\/v2\/pages\/120917","targetHints":{"allow":["GET"]}}],"collection":[{"href":"https:\/\/www.star-ts.com\/sv\/wp-json\/wp\/v2\/pages"}],"about":[{"href":"https:\/\/www.star-ts.com\/sv\/wp-json\/wp\/v2\/types\/page"}],"author":[{"embeddable":true,"href":"https:\/\/www.star-ts.com\/sv\/wp-json\/wp\/v2\/users\/1"}],"replies":[{"embeddable":true,"href":"https:\/\/www.star-ts.com\/sv\/wp-json\/wp\/v2\/comments?post=120917"}],"version-history":[{"count":0,"href":"https:\/\/www.star-ts.com\/sv\/wp-json\/wp\/v2\/pages\/120917\/revisions"}],"wp:featuredmedia":[{"embeddable":true,"href":"https:\/\/www.star-ts.com\/sv\/wp-json\/wp\/v2\/media\/105470"}],"wp:attachment":[{"href":"https:\/\/www.star-ts.com\/sv\/wp-json\/wp\/v2\/media?parent=120917"}],"curies":[{"name":"wp","href":"https:\/\/api.w.org\/{rel}","templated":true}]}}