{"id":120915,"date":"2026-01-05T12:19:13","date_gmt":"2026-01-05T12:19:13","guid":{"rendered":"https:\/\/www.star-ts.com\/slovak-translation\/"},"modified":"2026-01-05T12:19:25","modified_gmt":"2026-01-05T12:19:25","slug":"slovak-translation","status":"publish","type":"page","link":"https:\/\/www.star-ts.com\/sv\/slovak-translation\/","title":{"rendered":"Slovakiska \u00f6vers\u00e4ttningstj\u00e4nster | STAR | Slovakiska \u00f6vers\u00e4ttare"},"content":{"rendered":"<div id='full_slider_1'  class='avia-fullwidth-slider main_color avia-shadow   avia-builder-el-0  el_before_av_one_third  avia-builder-el-first   container_wrap sidebar_right'  ><div  class='avia-slideshow av-k1c2r448-4b5d650d24b40a22b03da65d023bc2a8 avia-slideshow-featured av_slideshow_full avia-slide-slider av-slideshow-ui av-control-default av-slideshow-manual av-loop-once av-loop-manual-endless av-default-height-applied   avia-slideshow-1' data-slideshow-options=\"{&quot;animation&quot;:&quot;slide&quot;,&quot;autoplay&quot;:false,&quot;loop_autoplay&quot;:&quot;once&quot;,&quot;interval&quot;:5,&quot;loop_manual&quot;:&quot;manual-endless&quot;,&quot;autoplay_stopper&quot;:false,&quot;noNavigation&quot;:false,&quot;bg_slider&quot;:false,&quot;keep_padding&quot;:false,&quot;hoverpause&quot;:false,&quot;show_slide_delay&quot;:0}\"  itemprop=\"image\" itemscope=\"itemscope\" itemtype=\"https:\/\/schema.org\/ImageObject\" ><ul class='avia-slideshow-inner ' style='padding-bottom: 28.666666666667%;'><li  class='avia-slideshow-slide av-k1c2r448-4b5d650d24b40a22b03da65d023bc2a8__0  av-single-slide slide-1 slide-odd'><div data-rel='slideshow-1' class='avia-slide-wrap '   ><div class='av-slideshow-caption av-k1c2r448-4b5d650d24b40a22b03da65d023bc2a8__0 caption_fullwidth caption_center caption_center_framed caption_framed'><div class=\"container caption_container\"><div class=\"slideshow_caption\"><div class=\"slideshow_inner_caption\"><div class=\"slideshow_align_caption\"><h2 class='avia-caption-title '  itemprop=\"name\" >Slovakisk \u00f6vers\u00e4ttning<\/h2><div class='avia-caption-content '  itemprop=\"description\" ><p>Engelska till slovakiska \u00f6vers\u00e4ttningstj\u00e4nster<\/p>\n<\/div><\/div><\/div><\/div><\/div><\/div><img decoding=\"async\" fetchpriority=\"high\" class=\"wp-image-105410 avia-img-lazy-loading-not-105410\"  src=\"https:\/\/www.star-ts.com\/wp-content\/uploads\/2019\/10\/bratislava-1905408_1920-1500x430.jpg\" width=\"1500\" height=\"430\" title='bratislava-1905408_1920' alt=''  itemprop=\"thumbnailUrl\"   \/><\/div><\/li><\/ul><\/div><\/div><div id='after_full_slider_1'  class='main_color av_default_container_wrap container_wrap sidebar_right'  ><div class='container av-section-cont-open' ><div class='template-page content  av-content-small alpha units'><div class='post-entry post-entry-type-page post-entry-120915'><div class='entry-content-wrapper clearfix'>\n<div  class='flex_column av-oaaldc-576cbb5040e8b304d1a4cc8689187beb av_one_third  avia-builder-el-1  el_after_av_slideshow_full  el_before_av_two_third  avia-builder-el-first  first flex_column_div  '     ><section  class='av_textblock_section av-mgpwsw-e9b9f87a56b39e9968fcc6bc44473279 '   itemscope=\"itemscope\" itemtype=\"https:\/\/schema.org\/CreativeWork\" ><div class='avia_textblock'  itemprop=\"text\" ><p><img decoding=\"async\" class=\"alignnone size-full wp-image-9517\" title=\"Slovakiska \u00f6vers\u00e4ttningstj\u00e4nster\" src=\"https:\/\/www.star-ts.com\/wp-content\/uploads\/2014\/07\/slovak-language1.png\" alt=\"Slovakiska \u00f6vers\u00e4ttningstj\u00e4nster\" width=\"400\" height=\"320\" srcset=\"https:\/\/www.star-ts.com\/wp-content\/uploads\/2014\/07\/slovak-language1.png 400w, https:\/\/www.star-ts.com\/wp-content\/uploads\/2014\/07\/slovak-language1-80x64.png 80w, https:\/\/www.star-ts.com\/wp-content\/uploads\/2014\/07\/slovak-language1-300x240.png 300w\" sizes=\"(max-width: 400px) 100vw, 400px\" \/><\/p>\n<\/div><\/section><\/div>\n<p>\n<style type=\"text\/css\" data-created_by=\"avia_inline_auto\" id=\"style-css-av-k2ammo-f2f6403fc03b539f82fecbf42e33a320\">\n.flex_column.av-k2ammo-f2f6403fc03b539f82fecbf42e33a320{\nborder-radius:0px 0px 0px 0px;\npadding:0px 0px 0px 0px;\n}\n<\/style>\n<div  class='flex_column av-k2ammo-f2f6403fc03b539f82fecbf42e33a320 av_two_third  avia-builder-el-3  el_after_av_one_third  el_before_av_two_third  flex_column_div av-zero-column-padding  '     ><section  class='av_textblock_section av-ie09ww-b760b28979891a46cd9cbb45400169f1 '   itemscope=\"itemscope\" itemtype=\"https:\/\/schema.org\/CreativeWork\" ><div class='avia_textblock'  itemprop=\"text\" ><h1>Slovakisk \u00f6vers\u00e4ttning<\/h1>\n<p>H\u00f6gkvalitativa engelska till slovakiska \u00f6vers\u00e4ttningstj\u00e4nster f\u00f6r dokument, webbplatser och digitala marknadsf\u00f6ringsprojekt.<\/p>\n<p>Vi tillhandah\u00e5ller engelska till slovakiska \u00f6vers\u00e4ttningstj\u00e4nster. Vi tillhandah\u00e5ller \u00e4ven <a href=\"https:\/\/www.star-ts.com\/sv\/czech-translation\/\">tjeckiska \u00f6vers\u00e4ttningstj\u00e4nster<\/a>. <\/p>\n<p>Oavsett om du kommunicerar med utl\u00e4ndska medborgare om kontrakt eller s\u00e4ljer direkt till Slovakien, kan vi hj\u00e4lpa dig.<\/p>\n<\/div><\/section><\/div><div  class='flex_column av-hsevsw-e95f49cb5961de92b73a5c575d520b44 av_two_third  avia-builder-el-5  el_after_av_two_third  el_before_av_one_third  first flex_column_div  column-top-margin'     ><section  class='av_textblock_section av-fktfxs-f7591e8dbadec846624a46bb30610fa9 '   itemscope=\"itemscope\" itemtype=\"https:\/\/schema.org\/CreativeWork\" ><div class='avia_textblock'  itemprop=\"text\" ><h3>Professionella slovakiska \u00f6vers\u00e4ttningstj\u00e4nster<\/h3>\n<p>Vi kan \u00f6vers\u00e4tta dokument om h\u00e4lsa och s\u00e4kerhet, komplexa bruksanvisningar f\u00f6r maskiner och tekniskt supportmaterial. Filformat: STAR kan leverera \u00f6vers\u00e4ttning av praktiskt taget alla filformat. V\u00e5ra team \u00e4r experter p\u00e5 QuarkXPress, Adobe InDesign och FrameMaker, <abbr title=\"Hypertext markup language\">HTML<\/abbr>, <abbr title=\"Extensible markup language\">XML<\/abbr>, AutoCAD <abbr title=\"Drawing exchange format\">DXF<\/abbr>, Microsoft PowerPoint, Excel och Word, Acrobat <abbr title=\"Portable document format\">PDF<\/abbr>, papper och fax\u00f6vers\u00e4ttningar.<\/p>\n<\/div><\/section><\/div><\/p>\n\n<style type=\"text\/css\" data-created_by=\"avia_inline_auto\" id=\"style-css-av-e06ovk-2ed4769ad93b9e71dacea917ce1b6448\">\n.flex_column.av-e06ovk-2ed4769ad93b9e71dacea917ce1b6448{\nborder-radius:0px 0px 0px 0px;\npadding:0px 0px 0px 0px;\n}\n<\/style>\n<div  class='flex_column av-e06ovk-2ed4769ad93b9e71dacea917ce1b6448 av_one_third  avia-builder-el-7  el_after_av_two_third  el_before_av_one_full  flex_column_div av-zero-column-padding  column-top-margin'     ><section  class='av_textblock_section av-cu8pb4-cbc3f3b72216336003b617eaab2dab13 '   itemscope=\"itemscope\" itemtype=\"https:\/\/schema.org\/CreativeWork\" ><div class='avia_textblock'  itemprop=\"text\" ><h4>\u00d6vers\u00e4ttningstj\u00e4nster:<\/h4>\n<ul>\n<li><a href=\"https:\/\/www.star-ts.com\/sv\/translation-services\/documents\/health-and-safety\/\">H\u00e4lso- och s\u00e4kerhetsmanualer<\/a><\/li>\n<li><a href=\"https:\/\/www.star-ts.com\/sv\/translation-services\/documents\/employee-handbooks\/\">Personalhandb\u00f6cker<\/a><\/li>\n<li><a href=\"https:\/\/www.star-ts.com\/sv\/translation-services\/automotive-industry\/\">Fordonsdokument<\/a><\/li>\n<li><a href=\"https:\/\/www.star-ts.com\/sv\/translation-services\/documents\/\">Tekniska publikationer och manualer<\/a><\/li>\n<li><a href=\"https:\/\/www.star-ts.com\/sv\/translation-services\/government-translation-services\/\">Offentliga och statliga dokument<\/a><\/li>\n<li><a href=\"https:\/\/www.star-ts.com\/sv\/marketing-services\/marketing-campaigns\/e-commerce\/\">e-handelswebbplatser<\/a><\/li>\n<\/ul>\n<\/div><\/section><\/div>\n<div  class='flex_column av-14gdi8-918660c41d1ed87d0926df6730329027 av_one_full  avia-builder-el-9  el_after_av_one_third  el_before_av_one_full  first flex_column_div  column-top-margin'     ><section  class='av_textblock_section av-9pihmo-7d10339e288cde3e40ce5b8800fd9d80 '   itemscope=\"itemscope\" itemtype=\"https:\/\/schema.org\/CreativeWork\" ><div class='avia_textblock'  itemprop=\"text\" ><h3>STAR \u00d6vers\u00e4ttningskvalitet<\/h3>\n<p>Genom att anst\u00e4lla modersm\u00e5lstalare med specialistkompetens inom \u00f6vers\u00e4ttning levererar vi en komplett l\u00f6sning f\u00f6r alla dina \u00f6vers\u00e4ttningsbehov. STAR \u00f6vers\u00e4tter dokument, manualer och webbplatser till <a href=\"https:\/\/www.star-ts.com\/sv\/czech-translation\/\">tjeckiska<\/a> och slovakiska f\u00f6r v\u00e5r internationella kundbas. <\/p>\n<h4>Anv\u00e4ndbara externa l\u00e4nkar<\/h4>\n<p>Bes\u00f6k webbplatsen f\u00f6r <a href=\"https:\/\/www.britcham.sk\" target=\"_blank\" rel=\"noopener\">Brittiska handelskammaren i Slovakien<\/a><\/p>\n<h4>Vanliga slovakiska fraser<\/h4>\n<p><a href=\"https:\/\/www.star-ts.com\/languages\/free-translation-resources\/free-english-to-slovak-phrases\/\">L\u00e4r dig n\u00e5gra kostnadsfria engelska till slovakiska \u00f6vers\u00e4ttningar f\u00f6r vardagsbruk<\/a><\/p>\n<p><a href=\"https:\/\/www.star-ts.com\/languages\/free-translation-resources\/how-to-say-i-love-you\/\">Hur s\u00e4ger man jag \u00e4lskar dig p\u00e5 slovakiska?<\/a><\/p>\n<\/div><\/section><\/div>\n<div  class='flex_column av-82i7v4-ef4c85766ea61282301e238f854bece8 av_one_full  avia-builder-el-11  el_after_av_one_full  el_before_av_section  avia-builder-el-last  first flex_column_div  column-top-margin'     ><section  class='av_textblock_section av-m65io-49add9739b5d0bf9e024ab2a8c9e8d43 '   itemscope=\"itemscope\" itemtype=\"https:\/\/schema.org\/CreativeWork\" ><div class='avia_textblock'  itemprop=\"text\" ><div class=\"return\">\n<p><a class=\"button\" href=\"https:\/\/www.star-ts.com\/sv\/languages\/\">Spr\u00e5k vi \u00f6vers\u00e4tter<\/a><\/div>\n<\/div><\/section><\/div>\n<\/div><\/div><\/div><!-- close content main div --><\/div><\/div>\n<style type=\"text\/css\" data-created_by=\"avia_inline_auto\" id=\"style-css-av-k0gx2157-307699bb8bdeb8c22c0065ee0c218e70\">\n.avia-section.av-k0gx2157-307699bb8bdeb8c22c0065ee0c218e70{\nbackground-color:#ff7f27;\nbackground-image:unset;\n}\n<\/style>\n<div id='av_section_1'  class='avia-section av-k0gx2157-307699bb8bdeb8c22c0065ee0c218e70 main_color avia-section-default avia-no-border-styling  avia-builder-el-13  el_after_av_one_full  avia-builder-el-last  avia-bg-style-scroll container_wrap sidebar_right'  ><div class='container av-section-cont-open' ><div class='template-page content  av-content-small alpha units'><div class='post-entry post-entry-type-page post-entry-120915'><div class='entry-content-wrapper clearfix'>\n<section  class='av_textblock_section av-zffpn-9b19d1d65eda350fe1fbef528189f03e '   itemscope=\"itemscope\" itemtype=\"https:\/\/schema.org\/CreativeWork\" ><div class='avia_textblock'  itemprop=\"text\" ><h2><span style=\"color: #ffffff\">B\u00f6rja nu<\/span><\/h2>\n<div  class='avia-button-wrap av-aaau3-e3573e676ea05f5b4bf6cbae59781945-wrap avia-button-left  avia-builder-el-15  avia-builder-el-no-sibling '><a href=\"https:\/\/www.star-ts.com\/sv\/kontakt\/\" class=\"avia-button av-aaau3-e3573e676ea05f5b4bf6cbae59781945 av-link-btn avia-icon_select-no avia-size-x-large avia-position-left avia-color-light\" aria-label=\"Kontakta oss\"><span class='avia_iconbox_title' >Kontakta oss<\/span><\/a><\/div>\n<\/div><\/section>\n<\/div><\/div><\/div><!-- close content main div --><\/div><\/div><div id='after_section_1'  class='main_color av_default_container_wrap container_wrap sidebar_right'  ><div class='container av-section-cont-open' ><div class='template-page content  av-content-small alpha units'><div class='post-entry post-entry-type-page post-entry-120915'><div class='entry-content-wrapper clearfix'>\n","protected":false},"excerpt":{"rendered":"<p>H\u00f6gkvalitativa engelska till slovakiska \u00f6vers\u00e4ttningstj\u00e4nster f\u00f6r dokument, webbplatser och digitala marknadsf\u00f6ringsprojekt.<\/p>\n<p>Vi tillhandah\u00e5ller engelska till slovakiska \u00f6vers\u00e4ttningstj\u00e4nster.<\/p>\n<p>Oavsett om du kommunicerar med utl\u00e4ndska medborgare om kontrakt eller s\u00e4ljer direkt till Slovakien, kan vi hj\u00e4lpa dig.<\/p>\n","protected":false},"author":1,"featured_media":105410,"parent":0,"menu_order":25,"comment_status":"closed","ping_status":"closed","template":"","meta":{"footnotes":""},"class_list":["post-120915","page","type-page","status-publish","has-post-thumbnail","hentry"],"_links":{"self":[{"href":"https:\/\/www.star-ts.com\/sv\/wp-json\/wp\/v2\/pages\/120915","targetHints":{"allow":["GET"]}}],"collection":[{"href":"https:\/\/www.star-ts.com\/sv\/wp-json\/wp\/v2\/pages"}],"about":[{"href":"https:\/\/www.star-ts.com\/sv\/wp-json\/wp\/v2\/types\/page"}],"author":[{"embeddable":true,"href":"https:\/\/www.star-ts.com\/sv\/wp-json\/wp\/v2\/users\/1"}],"replies":[{"embeddable":true,"href":"https:\/\/www.star-ts.com\/sv\/wp-json\/wp\/v2\/comments?post=120915"}],"version-history":[{"count":0,"href":"https:\/\/www.star-ts.com\/sv\/wp-json\/wp\/v2\/pages\/120915\/revisions"}],"wp:featuredmedia":[{"embeddable":true,"href":"https:\/\/www.star-ts.com\/sv\/wp-json\/wp\/v2\/media\/105410"}],"wp:attachment":[{"href":"https:\/\/www.star-ts.com\/sv\/wp-json\/wp\/v2\/media?parent=120915"}],"curies":[{"name":"wp","href":"https:\/\/api.w.org\/{rel}","templated":true}]}}