{"id":120913,"date":"2026-01-05T12:19:11","date_gmt":"2026-01-05T12:19:11","guid":{"rendered":"https:\/\/www.star-ts.com\/dutch-translation\/"},"modified":"2026-01-05T12:19:27","modified_gmt":"2026-01-05T12:19:27","slug":"dutch-translation","status":"publish","type":"page","link":"https:\/\/www.star-ts.com\/sv\/dutch-translation\/","title":{"rendered":"\u00d6vers\u00e4ttningstj\u00e4nster f\u00f6r nederl\u00e4ndska"},"content":{"rendered":"<div id='full_slider_1'  class='avia-fullwidth-slider main_color avia-shadow   avia-builder-el-0  el_before_av_one_third  avia-builder-el-first   container_wrap sidebar_right'  ><div  class='avia-slideshow av-u71ey1-de59ec3ac5d2a580e9fef94287f27128 avia-slideshow-featured av_slideshow_full avia-slide-slider av-slideshow-ui av-control-default av-slideshow-manual av-loop-once av-loop-manual-endless av-default-height-applied   avia-slideshow-1' data-slideshow-options=\"{&quot;animation&quot;:&quot;slide&quot;,&quot;autoplay&quot;:false,&quot;loop_autoplay&quot;:&quot;once&quot;,&quot;interval&quot;:5,&quot;loop_manual&quot;:&quot;manual-endless&quot;,&quot;autoplay_stopper&quot;:false,&quot;noNavigation&quot;:false,&quot;bg_slider&quot;:false,&quot;keep_padding&quot;:false,&quot;hoverpause&quot;:false,&quot;show_slide_delay&quot;:0}\"  itemprop=\"image\" itemscope=\"itemscope\" itemtype=\"https:\/\/schema.org\/ImageObject\" ><ul class='avia-slideshow-inner ' style='padding-bottom: 28.666666666667%;'><li  class='avia-slideshow-slide av-u71ey1-de59ec3ac5d2a580e9fef94287f27128__0  av-single-slide slide-1 slide-odd'><div data-rel='slideshow-1' class='avia-slide-wrap '   ><div class='av-slideshow-caption av-u71ey1-de59ec3ac5d2a580e9fef94287f27128__0 caption_fullwidth caption_center caption_center_framed caption_framed'><div class=\"container caption_container\"><div class=\"slideshow_caption\"><div class=\"slideshow_inner_caption\"><div class=\"slideshow_align_caption\"><h2 class='avia-caption-title '  itemprop=\"name\" >Nederl\u00e4ndsk \u00f6vers\u00e4ttning<\/h2><div class='avia-caption-content '  itemprop=\"description\" ><p>S\u00e4lj mer i Nederl\u00e4nderna med h\u00f6gkvalitativ \u00f6vers\u00e4ttning fr\u00e5n engelska till nederl\u00e4ndska.<\/p>\n<\/div><\/div><\/div><\/div><\/div><\/div><img decoding=\"async\" fetchpriority=\"high\" class=\"wp-image-72302 avia-img-lazy-loading-not-72302\"  src=\"https:\/\/www.star-ts.com\/wp-content\/uploads\/2018\/07\/tulip-3345355_1920-1500x430.jpg\" width=\"1500\" height=\"430\" title='tulip-3345355_1920' alt='Tulpaner i Nederl\u00e4nderna'  itemprop=\"thumbnailUrl\"   \/><\/div><\/li><\/ul><\/div><\/div><div id='after_full_slider_1'  class='main_color av_default_container_wrap container_wrap sidebar_right'  ><div class='container av-section-cont-open' ><div class='template-page content  av-content-small alpha units'><div class='post-entry post-entry-type-page post-entry-120913'><div class='entry-content-wrapper clearfix'>\n<div  class='flex_column av-omrerd-e24bf2bd80684e24d89f2653cb8f1c16 av_one_third  avia-builder-el-1  el_after_av_slideshow_full  el_before_av_two_third  avia-builder-el-first  first flex_column_div  '     ><section  class='av_textblock_section av-80gqh-43eddec64130a802e8a43ea3f099c6d5 '   itemscope=\"itemscope\" itemtype=\"https:\/\/schema.org\/CreativeWork\" ><div class='avia_textblock'  itemprop=\"text\" ><p><img decoding=\"async\" class=\"alignnone size-full wp-image-9502\" title=\"\u00d6vers\u00e4ttningstj\u00e4nster f\u00f6r nederl\u00e4ndska\" src=\"https:\/\/www.star-ts.com\/wp-content\/uploads\/2014\/07\/dutch-language1.png\" alt=\"\u00d6vers\u00e4ttningstj\u00e4nster f\u00f6r nederl\u00e4ndska\" width=\"400\" height=\"320\" srcset=\"https:\/\/www.star-ts.com\/wp-content\/uploads\/2014\/07\/dutch-language1.png 400w, https:\/\/www.star-ts.com\/wp-content\/uploads\/2014\/07\/dutch-language1-80x64.png 80w, https:\/\/www.star-ts.com\/wp-content\/uploads\/2014\/07\/dutch-language1-300x240.png 300w\" sizes=\"(max-width: 400px) 100vw, 400px\" \/><\/p>\n<\/div><\/section><\/div>\n\n<style type=\"text\/css\" data-created_by=\"avia_inline_auto\" id=\"style-css-av-23m8h5-b5517bebb8c191bce8695d46cf0c3a64\">\n.flex_column.av-23m8h5-b5517bebb8c191bce8695d46cf0c3a64{\nborder-radius:0px 0px 0px 0px;\npadding:0px 0px 0px 0px;\n}\n<\/style>\n<div  class='flex_column av-23m8h5-b5517bebb8c191bce8695d46cf0c3a64 av_two_third  avia-builder-el-3  el_after_av_one_third  el_before_av_two_third  flex_column_div av-zero-column-padding  '     ><section  class='av_textblock_section av-iefx61-1fd5a0178725796565c32f9efb635eab '   itemscope=\"itemscope\" itemtype=\"https:\/\/schema.org\/CreativeWork\" ><div class='avia_textblock'  itemprop=\"text\" ><h1>\u00d6vers\u00e4ttningstj\u00e4nster f\u00f6r nederl\u00e4ndska<\/h1>\n<p>Genom att anlita nederl\u00e4ndska \u00f6vers\u00e4ttare med specialistkompetens inom \u00f6vers\u00e4ttning kan vi leverera en komplett l\u00f6sning f\u00f6r alla dina spr\u00e5kbehov f\u00f6r den nederl\u00e4ndska marknaden. Om du exporterar kan vi hj\u00e4lpa dig med \u00f6vers\u00e4ttningen av din tekniska dokumentation, broschyrer och manualer. Vi \u00e4r <a href=\"https:\/\/www.star-ts.com\/sv\/translation-faq\/vad-innebar-iso-9001-certifiering\/\">ISO 9001<\/a> och <a href=\"https:\/\/www.star-ts.com\/sv\/translation-faq\/what-is-iso17100-certification\/\">ISO 17100<\/a> kvalitetscertifierade.<\/p>\n<\/div><\/section><\/div>\n<div  class='flex_column av-h53jqh-92930e583a1cd35e3ea27397a2e022a1 av_two_third  avia-builder-el-5  el_after_av_two_third  el_before_av_one_third  first flex_column_div  column-top-margin'     ><section  class='av_textblock_section av-gefr9l-8c2ce8ea939c155cbad47ebdceddc3b1 '   itemscope=\"itemscope\" itemtype=\"https:\/\/schema.org\/CreativeWork\" ><div class='avia_textblock'  itemprop=\"text\" ><h3>H\u00f6gkvalitativa \u00f6vers\u00e4ttningstj\u00e4nster f\u00f6r nederl\u00e4ndska<\/h3>\n<p>Om du beh\u00f6ver en nederl\u00e4ndsk \u00f6vers\u00e4ttare kan vi hj\u00e4lpa dig. Alla v\u00e5ra \u00f6vers\u00e4ttare \u00e4r inf\u00f6dda talare som bor i landet. Vi kan \u00f6vers\u00e4tta praktiskt taget alla filformat \u00e5t dig till det nederl\u00e4ndska spr\u00e5ket. V\u00e5ra team \u00e4r experter p\u00e5 QuarkXPress, Adobe InDesign och FrameMaker, <abbr title=\"Hypertext markup language\">HTML<\/abbr>, <abbr title=\"Extensible markup language\">XML<\/abbr>, AutoCAD <abbr title=\"Drawing exchange format\">DXF<\/abbr>, Microsoft PowerPoint, Excel och Word, Acrobat <abbr title=\"Portable document format\">PDF<\/abbr>, pappers- och fax\u00f6vers\u00e4ttningar.<\/p>\n<\/div><\/section><\/div>\n\n<style type=\"text\/css\" data-created_by=\"avia_inline_auto\" id=\"style-css-av-dx90uh-fcfbde5e0f2abecef326bade6d3e8665\">\n.flex_column.av-dx90uh-fcfbde5e0f2abecef326bade6d3e8665{\nborder-radius:0px 0px 0px 0px;\npadding:0px 0px 0px 0px;\n}\n<\/style>\n<div  class='flex_column av-dx90uh-fcfbde5e0f2abecef326bade6d3e8665 av_one_third  avia-builder-el-7  el_after_av_two_third  el_before_av_one_full  flex_column_div av-zero-column-padding  column-top-margin'     ><section  class='av_textblock_section av-19nx15-306944bd223668c7136d62cba334bfdb '   itemscope=\"itemscope\" itemtype=\"https:\/\/schema.org\/CreativeWork\" ><div class='avia_textblock'  itemprop=\"text\" ><h4>\u00d6vers\u00e4ttningstj\u00e4nster:<\/h4>\n<ul>\n<li><a href=\"https:\/\/www.star-ts.com\/sv\/translation-services\/documents\/health-and-safety\/\">H\u00e4lso- och s\u00e4kerhetsmanualer<\/a><\/li>\n<li><a href=\"https:\/\/www.star-ts.com\/sv\/translation-services\/documents\/employee-handbooks\/\">Personalhandb\u00f6cker<\/a><\/li>\n<li><a href=\"https:\/\/www.star-ts.com\/sv\/translation-services\/automotive-industry\/\">Fordonsdokument<\/a><\/li>\n<li><a href=\"https:\/\/www.star-ts.com\/sv\/translation-services\/documents\/\">Tekniska publikationer<\/a><\/li>\n<li><a href=\"https:\/\/www.star-ts.com\/sv\/translation-services\/government-translation-services\/\">Offentliga &amp; statliga dokument<\/a><\/li>\n<li><a href=\"https:\/\/www.star-ts.com\/sv\/marketing-services\/marketing-campaigns\/e-commerce\/\">e-handelswebbplatser<\/a><\/li>\n<\/ul>\n<\/div><\/section><\/div>\n<p><div  class='flex_column av-areau1-549ced46bb0744e765862cf1dd22f639 av_one_full  avia-builder-el-9  el_after_av_one_third  el_before_av_section  avia-builder-el-last  first flex_column_div  column-top-margin'     ><section  class='av_textblock_section av-9g5rp5-cb9763c765456a1d6035f03d3facf593 '   itemscope=\"itemscope\" itemtype=\"https:\/\/schema.org\/CreativeWork\" ><div class='avia_textblock'  itemprop=\"text\" ><h3>V\u00e5ra tj\u00e4nster<\/h3>\n<p>V\u00e5ra team kan hj\u00e4lpa dig med \u00f6vers\u00e4ttningen av din webbplats genom att arbeta direkt med din webbansvarige. Oavsett om du har en komplex <abbr title=\"Content management system\">CMS<\/abbr>, <abbr title=\"Extensible markup language\">XML<\/abbr> eller platt <abbr title=\"Hypertext markup language\">HTML<\/abbr>-webbplats, kan vi hj\u00e4lpa dig med leveransen av din webbplats till dina m\u00e5lspr\u00e5k. <\/p>\n<h4>Expertis inom fordon, mekanik och teknik<\/h4>\n<p>Vi har omfattande erfarenhet inom fordons- och tekniska ingenj\u00f6rssektorer. V\u00e5ra \u00f6vers\u00e4ttningsteams expertis levererar de b\u00e4sta tekniska \u00f6vers\u00e4ttningarna f\u00f6r dina projekt.  Detta \u00e4r en nyckelfaktor f\u00f6r att leverera kvalitetstj\u00e4nster till dina kunder. L\u00e4s mer om v\u00e5r tekniska \u00f6vers\u00e4ttning f\u00f6r <a href=\"https:\/\/www.star-ts.com\/sv\/translation-services\/automotive-industry\/\">fordons-<\/a> och <a href=\"https:\/\/www.star-ts.com\/sv\/translation-services\/teknikoversattningstjanster\/\">ingenj\u00f6rsindustrin<\/a>.<\/p>\n<p>V\u00e5rt team i Nederl\u00e4nderna \u00e4r baserat i Mijdrecht.<br \/>\nSTAR Vertalingen B.V.<br \/>\nIndustrieweg 9<br \/>\nNL-3641 RK Mijdrecht<br \/>\nNederl\u00e4nderna<\/p>\n<\/div><\/section><\/div><\/div><\/div><\/div><!-- close content main div --><\/div><\/div>\n<style type=\"text\/css\" data-created_by=\"avia_inline_auto\" id=\"style-css-av-k0gx2157-307699bb8bdeb8c22c0065ee0c218e70\">\n.avia-section.av-k0gx2157-307699bb8bdeb8c22c0065ee0c218e70{\nbackground-color:#ff7f27;\nbackground-image:unset;\n}\n<\/style>\n<div id='av_section_1'  class='avia-section av-k0gx2157-307699bb8bdeb8c22c0065ee0c218e70 main_color avia-section-default avia-no-border-styling  avia-builder-el-11  el_after_av_one_full  avia-builder-el-last  avia-bg-style-scroll container_wrap sidebar_right'  ><div class='container av-section-cont-open' ><div class='template-page content  av-content-small alpha units'><div class='post-entry post-entry-type-page post-entry-120913'><div class='entry-content-wrapper clearfix'>\n<section  class='av_textblock_section av-zffpn-9b19d1d65eda350fe1fbef528189f03e '   itemscope=\"itemscope\" itemtype=\"https:\/\/schema.org\/CreativeWork\" ><div class='avia_textblock'  itemprop=\"text\" ><h2><span style=\"color: #ffffff\">B\u00f6rja nu<\/span><\/h2>\n<div  class='avia-button-wrap av-aaau3-e3573e676ea05f5b4bf6cbae59781945-wrap avia-button-left  avia-builder-el-13  avia-builder-el-no-sibling '><a href='https:\/\/www.star-ts.com\/sv\/kontakt\/'  class='avia-button av-aaau3-e3573e676ea05f5b4bf6cbae59781945 av-link-btn avia-icon_select-no avia-size-x-large avia-position-left avia-color-light'   aria-label=\"Kontakta oss\"><span class='avia_iconbox_title' >Kontakta oss<\/span><\/a><\/div>\n<\/div><\/section>\n<\/div><\/div><\/div><!-- close content main div --><\/div><\/div><div id='after_section_1'  class='main_color av_default_container_wrap container_wrap sidebar_right'  ><div class='container av-section-cont-open' ><div class='template-page content  av-content-small alpha units'><div class='post-entry post-entry-type-page post-entry-120913'><div class='entry-content-wrapper clearfix'><\/p>\n","protected":false},"excerpt":{"rendered":"<p>Genom att anlita nederl\u00e4ndska \u00f6vers\u00e4ttare med specialistkompetens inom \u00f6vers\u00e4ttning kan vi leverera en komplett l\u00f6sning f\u00f6r alla dina spr\u00e5kbehov f\u00f6r den nederl\u00e4ndska marknaden. Om du exporterar kan vi hj\u00e4lpa dig med \u00f6vers\u00e4ttningen av din tekniska dokumentation, broschyrer och manualer. <\/p>\n","protected":false},"author":1,"featured_media":72302,"parent":0,"menu_order":5,"comment_status":"open","ping_status":"closed","template":"","meta":{"footnotes":""},"class_list":["post-120913","page","type-page","status-publish","has-post-thumbnail","hentry"],"_links":{"self":[{"href":"https:\/\/www.star-ts.com\/sv\/wp-json\/wp\/v2\/pages\/120913","targetHints":{"allow":["GET"]}}],"collection":[{"href":"https:\/\/www.star-ts.com\/sv\/wp-json\/wp\/v2\/pages"}],"about":[{"href":"https:\/\/www.star-ts.com\/sv\/wp-json\/wp\/v2\/types\/page"}],"author":[{"embeddable":true,"href":"https:\/\/www.star-ts.com\/sv\/wp-json\/wp\/v2\/users\/1"}],"replies":[{"embeddable":true,"href":"https:\/\/www.star-ts.com\/sv\/wp-json\/wp\/v2\/comments?post=120913"}],"version-history":[{"count":0,"href":"https:\/\/www.star-ts.com\/sv\/wp-json\/wp\/v2\/pages\/120913\/revisions"}],"wp:featuredmedia":[{"embeddable":true,"href":"https:\/\/www.star-ts.com\/sv\/wp-json\/wp\/v2\/media\/72302"}],"wp:attachment":[{"href":"https:\/\/www.star-ts.com\/sv\/wp-json\/wp\/v2\/media?parent=120913"}],"curies":[{"name":"wp","href":"https:\/\/api.w.org\/{rel}","templated":true}]}}