{"id":120888,"date":"2026-01-05T12:18:53","date_gmt":"2026-01-05T12:18:53","guid":{"rendered":"https:\/\/www.star-ts.com\/latvian-translation\/"},"modified":"2026-01-05T12:19:04","modified_gmt":"2026-01-05T12:19:04","slug":"latvian-translation","status":"publish","type":"page","link":"https:\/\/www.star-ts.com\/sv\/latvian-translation\/","title":{"rendered":"Lettiska \u00f6vers\u00e4ttningstj\u00e4nster"},"content":{"rendered":"<div id='full_slider_1'  class='avia-fullwidth-slider main_color avia-shadow av-small-hide av-mini-hide  avia-builder-el-0  el_before_av_one_third  avia-builder-el-first   container_wrap sidebar_right'  ><div  class='avia-slideshow av-k1bxf7d8-5fa88974f7d56af67fb654182dcc0dd4 avia-slideshow-featured av_slideshow_full avia-slide-slider av-small-hide av-mini-hide av-slideshow-ui av-control-default av-slideshow-manual av-loop-once av-loop-manual-endless av-default-height-applied   avia-slideshow-1' data-slideshow-options=\"{&quot;animation&quot;:&quot;slide&quot;,&quot;autoplay&quot;:false,&quot;loop_autoplay&quot;:&quot;once&quot;,&quot;interval&quot;:5,&quot;loop_manual&quot;:&quot;manual-endless&quot;,&quot;autoplay_stopper&quot;:false,&quot;noNavigation&quot;:false,&quot;bg_slider&quot;:false,&quot;keep_padding&quot;:false,&quot;hoverpause&quot;:false,&quot;show_slide_delay&quot;:0}\"  itemprop=\"image\" itemscope=\"itemscope\" itemtype=\"https:\/\/schema.org\/ImageObject\" ><ul class='avia-slideshow-inner ' style='padding-bottom: 28.666666666667%;'><li  class='avia-slideshow-slide av-k1bxf7d8-5fa88974f7d56af67fb654182dcc0dd4__0  av-single-slide slide-1 slide-odd'><div data-rel='slideshow-1' class='avia-slide-wrap '   ><div class='av-slideshow-caption av-k1bxf7d8-5fa88974f7d56af67fb654182dcc0dd4__0 caption_fullwidth caption_center caption_center_framed caption_framed'><div class=\"container caption_container\"><div class=\"slideshow_caption\"><div class=\"slideshow_inner_caption\"><div class=\"slideshow_align_caption\"><h2 class='avia-caption-title '  itemprop=\"name\" >Lettisk \u00f6vers\u00e4ttning<\/h2><div class='avia-caption-content '  itemprop=\"description\" ><p>Engelska till lettiska \u00f6vers\u00e4ttningstj\u00e4nster<\/p>\n<\/div><\/div><\/div><\/div><\/div><\/div><img decoding=\"async\" fetchpriority=\"high\" class=\"wp-image-105200 avia-img-lazy-loading-not-105200\"  src=\"https:\/\/www.star-ts.com\/wp-content\/uploads\/2019\/10\/latvia-3725546_1920-1500x430.jpg\" width=\"1500\" height=\"430\" title='latvia-3725546_1920' alt=''  itemprop=\"thumbnailUrl\"   \/><\/div><\/li><\/ul><\/div><\/div><div id='after_full_slider_1'  class='main_color av_default_container_wrap container_wrap sidebar_right'  ><div class='container av-section-cont-open' ><div class='template-page content  av-content-small alpha units'><div class='post-entry post-entry-type-page post-entry-120888'><div class='entry-content-wrapper clearfix'>\n<div  class='flex_column av-nwu733-9573845b40df1f4b77e63c2bdc4dc7c9 av_one_third  avia-builder-el-1  el_after_av_slideshow_full  el_before_av_two_third  avia-builder-el-first  first flex_column_div  '     ><section  class='av_textblock_section av-mr87m7-867cf8deeb2a61856e754c28d1b7943a '   itemscope=\"itemscope\" itemtype=\"https:\/\/schema.org\/CreativeWork\" ><div class='avia_textblock'  itemprop=\"text\" ><p><img decoding=\"async\" class=\"alignnone size-full wp-image-9506\" title=\"lettiska \u00f6vers\u00e4ttningstj\u00e4nster\" src=\"https:\/\/www.star-ts.com\/wp-content\/uploads\/2014\/07\/latvian-language1.png\" alt=\"lettiska \u00f6vers\u00e4ttningstj\u00e4nster\" width=\"400\" height=\"320\" srcset=\"https:\/\/www.star-ts.com\/wp-content\/uploads\/2014\/07\/latvian-language1.png 400w, https:\/\/www.star-ts.com\/wp-content\/uploads\/2014\/07\/latvian-language1-80x64.png 80w, https:\/\/www.star-ts.com\/wp-content\/uploads\/2014\/07\/latvian-language1-300x240.png 300w\" sizes=\"(max-width: 400px) 100vw, 400px\" \/><\/p>\n<\/div><\/section><\/div>\n<p>\n<style type=\"text\/css\" data-created_by=\"avia_inline_auto\" id=\"style-css-av-k18h5r-497995130f610253fa15094291f56c53\">\n.flex_column.av-k18h5r-497995130f610253fa15094291f56c53{\nborder-radius:0px 0px 0px 0px;\npadding:0px 0px 0px 0px;\n}\n<\/style>\n<div  class='flex_column av-k18h5r-497995130f610253fa15094291f56c53 av_two_third  avia-builder-el-3  el_after_av_one_third  el_before_av_two_third  flex_column_div av-zero-column-padding  '     ><section  class='av_textblock_section av-jkuub3-931fbc5332b986630f2683f0618cf400 '   itemscope=\"itemscope\" itemtype=\"https:\/\/schema.org\/CreativeWork\" ><div class='avia_textblock'  itemprop=\"text\" ><h1>Lettisk \u00f6vers\u00e4ttning<\/h1>\n<p>Professionella engelska till lettiska \u00f6vers\u00e4ttningstj\u00e4nster f\u00f6r dokument, webbplatser och marknadsf\u00f6ringsprojekt.<\/p>\n<p>V\u00e5ra lettiska \u00f6vers\u00e4ttningstj\u00e4nster anv\u00e4nder lettiska \u00f6vers\u00e4ttare med specialistkompetens inom \u00f6vers\u00e4ttning. Levererar en komplett l\u00f6sning f\u00f6r alla dina spr\u00e5kbehov p\u00e5 den lettiska marknaden. Om du exporterar kan vi hj\u00e4lpa dig med \u00f6vers\u00e4ttningen av din tekniska dokumentation, broschyrer och manualer.<\/p>\n<\/div><\/section><\/div><div  class='flex_column av-1qzf0v-82cae48450d4850647e515ca63a37891 av_two_third  avia-builder-el-5  el_after_av_two_third  el_before_av_one_third  first flex_column_div  column-top-margin'     ><section  class='av_textblock_section av-g9euxb-5539e3422b21acb8d1578ef3e5828bc1 '   itemscope=\"itemscope\" itemtype=\"https:\/\/schema.org\/CreativeWork\" ><div class='avia_textblock'  itemprop=\"text\" ><h2>Engelska till lettiska \u00f6vers\u00e4ttare<\/h2>\n<p>Om du beh\u00f6ver en lettisk \u00f6vers\u00e4ttare kan vi hj\u00e4lpa dig. Alla v\u00e5ra \u00f6vers\u00e4ttare \u00e4r inf\u00f6dda talare som bor i landet. <\/p>\n<p>Vi kan \u00f6vers\u00e4tta praktiskt taget alla filformat \u00e5t dig till lettiska. V\u00e5ra team \u00e4r experter p\u00e5 QuarkXpress, Adobe InDesign och FrameMaker, <abbr title=\"Hypertext markup language\">HTML<\/abbr>, <abbr title=\"Extensible markup language\">XML<\/abbr>, AutoCAD <abbr title=\"Drawing exchange format\">DXF<\/abbr>, Microsoft PowerPoint, Excel och Word, Acrobat <abbr title=\"Portable document format\">PDF<\/abbr>, papper och \u00e4ven fax\u00f6vers\u00e4ttningar. <\/p>\n<p>V\u00e5ra webbdesignteam kan hj\u00e4lpa dig med \u00f6vers\u00e4ttningen av din webbplats genom att arbeta direkt med ditt webbteam (eller webbansvarig). Oavsett om du har en komplex <abbr title=\"Content management system\">CMS<\/abbr>, <abbr title=\"Extensible markup language\">XML<\/abbr> eller platt <abbr title=\"Hypertext markup language\">HTML<\/abbr> kan vi hj\u00e4lpa dig med leveransen av din webbplats p\u00e5 dina m\u00e5lspr\u00e5k.<\/p>\n<\/div><\/section><\/div>\n<style type=\"text\/css\" data-created_by=\"avia_inline_auto\" id=\"style-css-av-dshzfz-b9bdc18665364267854884888ba2aac2\">\n.flex_column.av-dshzfz-b9bdc18665364267854884888ba2aac2{\nborder-radius:0px 0px 0px 0px;\npadding:0px 0px 0px 0px;\n}\n<\/style>\n<div  class='flex_column av-dshzfz-b9bdc18665364267854884888ba2aac2 av_one_third  avia-builder-el-7  el_after_av_two_third  el_before_av_one_full  flex_column_div av-zero-column-padding  column-top-margin'     ><section  class='av_textblock_section av-d6lntb-14b692fd11e9565e35dd774fddcd84d3 '   itemscope=\"itemscope\" itemtype=\"https:\/\/schema.org\/CreativeWork\" ><div class='avia_textblock'  itemprop=\"text\" ><h3>\u00d6vers\u00e4ttningstj\u00e4nster:<\/h3>\n<ul>\n<li><a href=\"https:\/\/www.star-ts.com\/sv\/translation-services\/documents\/health-and-safety\/\">H\u00e4lso- och s\u00e4kerhetsmanualer<\/a><\/li>\n<li><a href=\"https:\/\/www.star-ts.com\/sv\/translation-services\/documents\/employee-handbooks\/\">Personalhandb\u00f6cker<\/a><\/li>\n<li><a href=\"https:\/\/www.star-ts.com\/sv\/translation-services\/automotive-industry\/\">Fordonsdokument<\/a><\/li>\n<li><a href=\"https:\/\/www.star-ts.com\/sv\/translation-services\/documents\/\">Tekniska publikationer och manualer<\/a><\/li>\n<li><a href=\"https:\/\/www.star-ts.com\/sv\/translation-services\/government-translation-services\/\">Offentliga och statliga dokument<\/a><\/li>\n<li><a href=\"https:\/\/www.star-ts.com\/sv\/marketing-services\/marketing-campaigns\/e-commerce\/\">e-handelswebbplatser<\/a><\/li>\n<\/ul>\n<\/div><\/section><\/div><div  class='flex_column av-bkotsv-dd46ec52d741569d63bb4b8fe687e3df av_one_full  avia-builder-el-9  el_after_av_one_third  el_before_av_one_full  first flex_column_div  column-top-margin'     ><section  class='av_textblock_section av-8rqcr3-eb105aff42cb3fc24a5b777a4af83686 '   itemscope=\"itemscope\" itemtype=\"https:\/\/schema.org\/CreativeWork\" ><div class='avia_textblock'  itemprop=\"text\" ><h3>Lettisk expertis inom fordon, mekanik och teknik<\/h3>\n<p>STAR har omfattande erfarenhet inom fordons- och tekniska ingenj\u00f6rssektorer. V\u00e5ra \u00f6vers\u00e4ttningsteams expertis levererar de b\u00e4sta tekniska \u00f6vers\u00e4ttningarna f\u00f6r dina projekt.  Detta \u00e4r en nyckelfaktor f\u00f6r att leverera kvalitetstj\u00e4nster till dina kunder.<\/p>\n<p>L\u00e4s mer om v\u00e5r tekniska \u00f6vers\u00e4ttning f\u00f6r <a href=\"https:\/\/www.star-ts.com\/sv\/translation-services\/automotive-industry\/\">fordonsindustrin<\/a> och <a href=\"https:\/\/www.star-ts.com\/sv\/translation-services\/teknikoversattningstjanster\/\">ingenj\u00f6rssektorerna<\/a>.<\/p>\n<p><a href=\"https:\/\/www.star-ts.com\/languages\/free-translation-resources\/how-to-say-i-love-you\/\">Hur man s\u00e4ger jag \u00e4lskar dig p\u00e5 lettiska<\/a><\/p>\n<\/div><\/section><\/div><\/p>\n<div  class='flex_column av-rdp1r-ca4ca07086c673042a4c0d34308c707e av_one_full  avia-builder-el-11  el_after_av_one_full  el_before_av_section  avia-builder-el-last  first flex_column_div  column-top-margin'     ><section  class='av_textblock_section av-5vecpb-2e7cac8b9f7cbd4ca906d5d10c8b4c2e '   itemscope=\"itemscope\" itemtype=\"https:\/\/schema.org\/CreativeWork\" ><div class='avia_textblock'  itemprop=\"text\" ><p><a class=\"button\" href=\"https:\/\/www.star-ts.com\/sv\/languages\/\">Spr\u00e5k vi \u00f6vers\u00e4tter<\/a><\/p>\n<\/div><\/section><\/div>\n<\/div><\/div><\/div><!-- close content main div --><\/div><\/div>\n<style type=\"text\/css\" data-created_by=\"avia_inline_auto\" id=\"style-css-av-k0gx2157-307699bb8bdeb8c22c0065ee0c218e70\">\n.avia-section.av-k0gx2157-307699bb8bdeb8c22c0065ee0c218e70{\nbackground-color:#ff7f27;\nbackground-image:unset;\n}\n<\/style>\n<div id='av_section_1'  class='avia-section av-k0gx2157-307699bb8bdeb8c22c0065ee0c218e70 main_color avia-section-default avia-no-border-styling  avia-builder-el-13  el_after_av_one_full  avia-builder-el-last  avia-bg-style-scroll container_wrap sidebar_right'  ><div class='container av-section-cont-open' ><div class='template-page content  av-content-small alpha units'><div class='post-entry post-entry-type-page post-entry-120888'><div class='entry-content-wrapper clearfix'>\n<section  class='av_textblock_section av-zffpn-9b19d1d65eda350fe1fbef528189f03e '   itemscope=\"itemscope\" itemtype=\"https:\/\/schema.org\/CreativeWork\" ><div class='avia_textblock'  itemprop=\"text\" ><h2><span style=\"color: #ffffff\">B\u00f6rja nu<\/span><\/h2>\n<div  class='avia-button-wrap av-aaau3-e3573e676ea05f5b4bf6cbae59781945-wrap avia-button-left  avia-builder-el-15  avia-builder-el-no-sibling '><a href='https:\/\/www.star-ts.com\/sv\/kontakt\/'  class='avia-button av-aaau3-e3573e676ea05f5b4bf6cbae59781945 av-link-btn avia-icon_select-no avia-size-x-large avia-position-left avia-color-light'   aria-label=\"Kontakta oss\"><span class='avia_iconbox_title' >Kontakta oss<\/span><\/a><\/div>\n<\/div><\/section>\n<\/div><\/div><\/div><!-- close content main div --><\/div><\/div><div id='after_section_1'  class='main_color av_default_container_wrap container_wrap sidebar_right'  ><div class='container av-section-cont-open' ><div class='template-page content  av-content-small alpha units'><div class='post-entry post-entry-type-page post-entry-120888'><div class='entry-content-wrapper clearfix'>\n","protected":false},"excerpt":{"rendered":"<p>V\u00e5ra lettiska \u00f6vers\u00e4ttningstj\u00e4nster anv\u00e4nder lettiska \u00f6vers\u00e4ttare med specialistkompetens inom \u00f6vers\u00e4ttning. Levererar en komplett l\u00f6sning f\u00f6r alla dina spr\u00e5kbehov p\u00e5 den lettiska marknaden. Om du exporterar kan vi hj\u00e4lpa dig med \u00f6vers\u00e4ttningen av din tekniska dokumentation, broschyrer och manualer.  <\/p>\n","protected":false},"author":1,"featured_media":105200,"parent":0,"menu_order":17,"comment_status":"closed","ping_status":"closed","template":"","meta":{"footnotes":""},"class_list":["post-120888","page","type-page","status-publish","has-post-thumbnail","hentry"],"_links":{"self":[{"href":"https:\/\/www.star-ts.com\/sv\/wp-json\/wp\/v2\/pages\/120888","targetHints":{"allow":["GET"]}}],"collection":[{"href":"https:\/\/www.star-ts.com\/sv\/wp-json\/wp\/v2\/pages"}],"about":[{"href":"https:\/\/www.star-ts.com\/sv\/wp-json\/wp\/v2\/types\/page"}],"author":[{"embeddable":true,"href":"https:\/\/www.star-ts.com\/sv\/wp-json\/wp\/v2\/users\/1"}],"replies":[{"embeddable":true,"href":"https:\/\/www.star-ts.com\/sv\/wp-json\/wp\/v2\/comments?post=120888"}],"version-history":[{"count":0,"href":"https:\/\/www.star-ts.com\/sv\/wp-json\/wp\/v2\/pages\/120888\/revisions"}],"wp:featuredmedia":[{"embeddable":true,"href":"https:\/\/www.star-ts.com\/sv\/wp-json\/wp\/v2\/media\/105200"}],"wp:attachment":[{"href":"https:\/\/www.star-ts.com\/sv\/wp-json\/wp\/v2\/media?parent=120888"}],"curies":[{"name":"wp","href":"https:\/\/api.w.org\/{rel}","templated":true}]}}