{"id":120887,"date":"2026-01-05T12:18:53","date_gmt":"2026-01-05T12:18:53","guid":{"rendered":"https:\/\/www.star-ts.com\/greek-translation\/"},"modified":"2026-01-05T12:19:04","modified_gmt":"2026-01-05T12:19:04","slug":"greek-translation","status":"publish","type":"page","link":"https:\/\/www.star-ts.com\/sv\/greek-translation\/","title":{"rendered":"Grekiska \u00f6vers\u00e4ttningstj\u00e4nster"},"content":{"rendered":"<div id='full_slider_1'  class='avia-fullwidth-slider main_color avia-shadow av-small-hide av-mini-hide  avia-builder-el-0  el_before_av_one_third  avia-builder-el-first   container_wrap sidebar_right'  ><div  class='avia-slideshow av-k1bw9pjs-1d0fcdf63fd36d86fafb892fc1d1bad2 avia-slideshow-featured av_slideshow_full avia-slide-slider av-small-hide av-mini-hide av-slideshow-ui av-control-default av-slideshow-manual av-loop-once av-loop-manual-endless av-default-height-applied   avia-slideshow-1' data-slideshow-options=\"{&quot;animation&quot;:&quot;slide&quot;,&quot;autoplay&quot;:false,&quot;loop_autoplay&quot;:&quot;once&quot;,&quot;interval&quot;:5,&quot;loop_manual&quot;:&quot;manual-endless&quot;,&quot;autoplay_stopper&quot;:false,&quot;noNavigation&quot;:false,&quot;bg_slider&quot;:false,&quot;keep_padding&quot;:false,&quot;hoverpause&quot;:false,&quot;show_slide_delay&quot;:0}\"  itemprop=\"image\" itemscope=\"itemscope\" itemtype=\"https:\/\/schema.org\/ImageObject\" ><ul class='avia-slideshow-inner ' style='padding-bottom: 28.666666666667%;'><li  class='avia-slideshow-slide av-k1bw9pjs-1d0fcdf63fd36d86fafb892fc1d1bad2__0  av-single-slide slide-1 slide-odd'><div data-rel='slideshow-1' class='avia-slide-wrap '   ><div class='av-slideshow-caption av-k1bw9pjs-1d0fcdf63fd36d86fafb892fc1d1bad2__0 caption_fullwidth caption_center caption_center_framed caption_framed'><div class=\"container caption_container\"><div class=\"slideshow_caption\"><div class=\"slideshow_inner_caption\"><div class=\"slideshow_align_caption\"><h2 class='avia-caption-title '  itemprop=\"name\" >Grekisk \u00f6vers\u00e4ttning<\/h2><div class='avia-caption-content '  itemprop=\"description\" ><p>Engelska till grekiska \u00f6vers\u00e4ttningstj\u00e4nster<\/p>\n<\/div><\/div><\/div><\/div><\/div><\/div><img decoding=\"async\" fetchpriority=\"high\" class=\"wp-image-105170 avia-img-lazy-loading-not-105170\"  src=\"https:\/\/www.star-ts.com\/wp-content\/uploads\/2019\/10\/greece-1594689_1920-1500x430.jpg\" width=\"1500\" height=\"430\" title='greece-1594689_1920' alt=''  itemprop=\"thumbnailUrl\"   \/><\/div><\/li><\/ul><\/div><\/div><div id='after_full_slider_1'  class='main_color av_default_container_wrap container_wrap sidebar_right'  ><div class='container av-section-cont-open' ><div class='template-page content  av-content-small alpha units'><div class='post-entry post-entry-type-page post-entry-120887'><div class='entry-content-wrapper clearfix'>\n<div  class='flex_column av-oj6lez-9a3cbb53651261151754afd3f4e5bc36 av_one_third  avia-builder-el-1  el_after_av_slideshow_full  el_before_av_two_third  avia-builder-el-first  first flex_column_div  '     ><section  class='av_textblock_section av-msiakb-06604e8548d2efd5021801e75aa070c5 '   itemscope=\"itemscope\" itemtype=\"https:\/\/schema.org\/CreativeWork\" ><div class='avia_textblock'  itemprop=\"text\" ><p><img decoding=\"async\" class=\"alignnone size-full wp-image-9504\" title=\"grekiska \u00f6vers\u00e4ttningstj\u00e4nster\" src=\"https:\/\/www.star-ts.com\/wp-content\/uploads\/2014\/07\/greece.png\" alt=\"grekiska \u00f6vers\u00e4ttningstj\u00e4nster\" width=\"400\" height=\"320\" srcset=\"https:\/\/www.star-ts.com\/wp-content\/uploads\/2014\/07\/greece.png 400w, https:\/\/www.star-ts.com\/wp-content\/uploads\/2014\/07\/greece-80x64.png 80w, https:\/\/www.star-ts.com\/wp-content\/uploads\/2014\/07\/greece-300x240.png 300w\" sizes=\"(max-width: 400px) 100vw, 400px\" \/><\/p>\n<\/div><\/section><\/div>\n\n<style type=\"text\/css\" data-created_by=\"avia_inline_auto\" id=\"style-css-av-l94jvf-e87e626f670a32ed450a28294f2f54a2\">\n.flex_column.av-l94jvf-e87e626f670a32ed450a28294f2f54a2{\nborder-radius:0px 0px 0px 0px;\npadding:0px 0px 0px 0px;\n}\n<\/style>\n<div  class='flex_column av-l94jvf-e87e626f670a32ed450a28294f2f54a2 av_two_third  avia-builder-el-3  el_after_av_one_third  el_before_av_two_third  flex_column_div av-zero-column-padding  '     ><section  class='av_textblock_section av-izc0sb-ac56c25e64861e6d2963cd1f4a72b216 '   itemscope=\"itemscope\" itemtype=\"https:\/\/schema.org\/CreativeWork\" ><div class='avia_textblock'  itemprop=\"text\" ><h1>Grekisk \u00f6vers\u00e4ttning<\/h1>\n<p>Engelska till grekiska \u00f6vers\u00e4ttningstj\u00e4nster av grekiska \u00f6vers\u00e4ttare med spr\u00e5ket som modersm\u00e5l.<\/p>\n<p>Om du beh\u00f6ver en grekisk \u00f6vers\u00e4ttare kan vi hj\u00e4lpa dig. V\u00e5ra \u00f6vers\u00e4ttare i Grekland \u00e4r experter p\u00e5 engelska till grekiska och vice versa; de \u00e4r ocks\u00e5 specialiserade p\u00e5 teknisk \u00f6vers\u00e4ttning f\u00f6r branscher som fordon, elektronik, tillverkning och IT samt lokalisering.<\/p>\n<\/div><\/section><\/div>\n<div  class='flex_column av-h89se3-f47fd3a6a5b6745a08f8aeb967d2a52a av_two_third  avia-builder-el-5  el_after_av_two_third  el_before_av_one_third  first flex_column_div  column-top-margin'     ><section  class='av_textblock_section av-fe4j2z-fb809689f0e61bc41eba49dec809a6fa '   itemscope=\"itemscope\" itemtype=\"https:\/\/schema.org\/CreativeWork\" ><div class='avia_textblock'  itemprop=\"text\" ><h3>Grekiska \u00f6vers\u00e4ttningstj\u00e4nster av h\u00f6g kvalitet<\/h3>\n<p>V\u00e5ra kvalitetstj\u00e4nster inneb\u00e4r att vi endast anst\u00e4ller grekiska \u00f6vers\u00e4ttare med spr\u00e5ket som modersm\u00e5l och specialistkompetens inom \u00f6vers\u00e4ttning. Vi kan leverera en komplett l\u00f6sning f\u00f6r alla dina flerspr\u00e5kiga behov. Vi g\u00f6r de mest komplexa grekiska \u00f6vers\u00e4ttningsjobben enklare f\u00f6r dig. L\u00e4s om v\u00e5r kvalitetsprocess. Vi hanterar f\u00f6ljande filformat och \u00f6vers\u00e4tter dem till grekiska: QuarkXPress Adobe InDesign och FrameMaker, <abbr title=\"Hypertext markup language\">HTML<\/abbr>, <abbr title=\"Extensible markup language\">XML<\/abbr>, AutoCAD <abbr title=\"Drawing exchange format\">DXF<\/abbr>, Microsoft PowerPoint, Excel och Word, Acrobat <abbr title=\"Portable document format\">PDF<\/abbr>, papper och \u00e4ven fax\u00f6vers\u00e4ttningar.<\/p>\n<\/div><\/section><\/div>\n\n<style type=\"text\/css\" data-created_by=\"avia_inline_auto\" id=\"style-css-av-e7qgt7-38776f5abb2312105baba3ea7142926c\">\n.flex_column.av-e7qgt7-38776f5abb2312105baba3ea7142926c{\nborder-radius:0px 0px 0px 0px;\npadding:0px 0px 0px 0px;\n}\n<\/style>\n<div  class='flex_column av-e7qgt7-38776f5abb2312105baba3ea7142926c av_one_third  avia-builder-el-7  el_after_av_two_third  el_before_av_one_full  flex_column_div av-zero-column-padding  column-top-margin'     ><section  class='av_textblock_section av-c9w3u3-4248e3e8a7861e2b76211d726aec90b6 '   itemscope=\"itemscope\" itemtype=\"https:\/\/schema.org\/CreativeWork\" ><div class='avia_textblock'  itemprop=\"text\" ><h4>\u00d6vers\u00e4ttningstj\u00e4nster:<\/h4>\n<ul>\n<li><a href=\"https:\/\/www.star-ts.com\/sv\/translation-services\/documents\/health-and-safety\/\">Handb\u00f6cker f\u00f6r h\u00e4lsa och s\u00e4kerhet<\/a><\/li>\n<li><a href=\"https:\/\/www.star-ts.com\/sv\/translation-services\/documents\/employee-handbooks\/\">Personalhandb\u00f6cker<\/a><\/li>\n<li><a href=\"https:\/\/www.star-ts.com\/sv\/translation-services\/automotive-industry\/\">Fordonsdokument<\/a><\/li>\n<li><a href=\"https:\/\/www.star-ts.com\/sv\/translation-services\/documents\/\">Tekniska publikationer och manualer<\/a><\/li>\n<li><a href=\"https:\/\/www.star-ts.com\/sv\/translation-services\/government-translation-services\/\">Offentliga &amp; statliga dokument<\/a><\/li>\n<li><a href=\"https:\/\/www.star-ts.com\/sv\/marketing-services\/marketing-campaigns\/e-commerce\/\">e-handelswebbplatser<\/a><\/li>\n<\/ul>\n<\/div><\/section><\/div>\n<div  class='flex_column av-aeq72z-0baa219df1a926eaf806e23ea6b80318 av_one_full  avia-builder-el-9  el_after_av_one_third  el_before_av_one_full  first flex_column_div  column-top-margin'     ><section  class='av_textblock_section av-9qk7mz-7cf01695b7e3f19a56b51dcc93e67128 '   itemscope=\"itemscope\" itemtype=\"https:\/\/schema.org\/CreativeWork\" ><div class='avia_textblock'  itemprop=\"text\" ><h3>V\u00e5ra tj\u00e4nster<\/h3>\n<p>Vi har mer \u00e4n 20 \u00e5rs erfarenhet inom fordonsindustrin tillsammans med teknisk \u00f6vers\u00e4ttningsexpertis inom tillverkning, elektronik, <abbr title=\"Informationsteknologi\">IT<\/abbr>, Life Sciences och s\u00e5 vidare. Med kunder som BMW, DaimlerChrysler, Mowag och Tag Heuer i \u00f6ver 20 \u00e5r har STAR omfattande erfarenhet inom fordons- och tekniska ingenj\u00f6rssektorer. V\u00e5ra \u00f6vers\u00e4ttningsteams expertis levererar de b\u00e4sta tekniska \u00f6vers\u00e4ttningarna f\u00f6r dina projekt. Detta \u00e4r en nyckelfaktor f\u00f6r att leverera kvalitetstj\u00e4nster till dina kunder. L\u00e4s mer om v\u00e5r tekniska \u00f6vers\u00e4ttningsexpertis f\u00f6r fordons- och verkstadsindustrin.<\/p>\n<\/div><\/section><\/div>\n<div  class='flex_column av-6x7t1n-0e134633e3affc419f1585baddf09b02 av_one_full  avia-builder-el-11  el_after_av_one_full  el_before_av_one_full  first flex_column_div  column-top-margin'     ><section  class='av_textblock_section av-66a5mz-d1bc570d877ebe9677a6e77c70353eb9 '   itemscope=\"itemscope\" itemtype=\"https:\/\/schema.org\/CreativeWork\" ><div class='avia_textblock'  itemprop=\"text\" ><div class=\"return\">\n<p><a class=\"button\" href=\"https:\/\/www.star-ts.com\/sv\/languages\/\">Spr\u00e5k vi \u00f6vers\u00e4tter<\/a><\/div>\n<\/div><\/section><\/div>\n<div  class='flex_column av-559uob-b10e9f34d1e509529c22900c7cd8705a av_one_full  avia-builder-el-13  el_after_av_one_full  avia-builder-el-last  first flex_column_div  column-top-margin'     ><section  class='av_textblock_section av-3t68pn-7b32576d77ab9da5561c1a977f2a0817 '   itemscope=\"itemscope\" itemtype=\"https:\/\/schema.org\/CreativeWork\" ><div class='avia_textblock'  itemprop=\"text\" ><div  class='avia-button-wrap avia-button-center  avia-builder-el-15  avia-builder-el-no-sibling '>\n<style type=\"text\/css\" data-created_by=\"avia_inline_auto\" id=\"style-css-av-3b20rv-b4c4d0b94dee2638b9b05fdd09e4c889\">\n#top #wrap_all .avia-button.av-3b20rv-b4c4d0b94dee2638b9b05fdd09e4c889:hover{\ncolor:white;\ntransition:all 0.4s ease-in-out;\n}\n#top #wrap_all .avia-button.av-3b20rv-b4c4d0b94dee2638b9b05fdd09e4c889:hover .avia-svg-icon svg:first-child{\nfill:white;\nstroke:white;\n}\n<\/style>\n<a href='https:\/\/www.star-ts.com\/sv\/kontakt\/' class='avia-color-theme-color avia-font-color-theme-color avia-button avia-button-fullwidth av-3b20rv-b4c4d0b94dee2638b9b05fdd09e4c889 avia-icon_select-no avia-color-theme-color'  title=\"Contact Us\" aria-label=\"Contact Us\"><span class='avia_iconbox_title' >Kontakta oss<\/span><span class='avia_button_background avia-button avia-button-fullwidth avia-color-theme-color-highlight'><\/span><\/a><\/div>\n<\/div><\/section><\/div>\n","protected":false},"excerpt":{"rendered":"<p>Om du beh\u00f6ver en grekisk \u00f6vers\u00e4ttare kan vi hj\u00e4lpa dig. V\u00e5ra \u00f6vers\u00e4ttare i Grekland \u00e4r experter p\u00e5 engelska till grekiska och vice versa; de \u00e4r ocks\u00e5 specialiserade p\u00e5 teknisk \u00f6vers\u00e4ttning f\u00f6r branscher som fordon, elektronik, tillverkning och IT samt lokalisering. <\/p>\n","protected":false},"author":1,"featured_media":105170,"parent":0,"menu_order":10,"comment_status":"closed","ping_status":"closed","template":"","meta":{"footnotes":""},"class_list":["post-120887","page","type-page","status-publish","has-post-thumbnail","hentry"],"_links":{"self":[{"href":"https:\/\/www.star-ts.com\/sv\/wp-json\/wp\/v2\/pages\/120887","targetHints":{"allow":["GET"]}}],"collection":[{"href":"https:\/\/www.star-ts.com\/sv\/wp-json\/wp\/v2\/pages"}],"about":[{"href":"https:\/\/www.star-ts.com\/sv\/wp-json\/wp\/v2\/types\/page"}],"author":[{"embeddable":true,"href":"https:\/\/www.star-ts.com\/sv\/wp-json\/wp\/v2\/users\/1"}],"replies":[{"embeddable":true,"href":"https:\/\/www.star-ts.com\/sv\/wp-json\/wp\/v2\/comments?post=120887"}],"version-history":[{"count":0,"href":"https:\/\/www.star-ts.com\/sv\/wp-json\/wp\/v2\/pages\/120887\/revisions"}],"wp:featuredmedia":[{"embeddable":true,"href":"https:\/\/www.star-ts.com\/sv\/wp-json\/wp\/v2\/media\/105170"}],"wp:attachment":[{"href":"https:\/\/www.star-ts.com\/sv\/wp-json\/wp\/v2\/media?parent=120887"}],"curies":[{"name":"wp","href":"https:\/\/api.w.org\/{rel}","templated":true}]}}