{"id":120819,"date":"2026-01-05T12:15:25","date_gmt":"2026-01-05T12:15:25","guid":{"rendered":"https:\/\/www.star-ts.com\/translation-faq\/what-is-cloud-translation\/"},"modified":"2026-01-05T12:15:59","modified_gmt":"2026-01-05T12:15:59","slug":"what-is-cloud-translation","status":"publish","type":"page","link":"https:\/\/www.star-ts.com\/sv\/translation-faq\/what-is-cloud-translation\/","title":{"rendered":"Vad \u00e4r moln\u00f6vers\u00e4ttning?"},"content":{"rendered":"\n<style type=\"text\/css\" data-created_by=\"avia_inline_auto\" id=\"style-css-av-1w6i83-018df598374e6c74a7f035616cacd53f\">\n.flex_column.av-1w6i83-018df598374e6c74a7f035616cacd53f{\nborder-radius:0px 0px 0px 0px;\npadding:0px 0px 0px 0px;\n}\n<\/style>\n<div  class='flex_column av-1w6i83-018df598374e6c74a7f035616cacd53f av_one_full  avia-builder-el-0  el_before_av_one_full  avia-builder-el-first  first flex_column_div av-zero-column-padding  '     ><section  class='av_textblock_section av-algl0z-f6505527befa8be13c541d3162211e46 '   itemscope=\"itemscope\" itemtype=\"https:\/\/schema.org\/CreativeWork\" ><div class='avia_textblock'  itemprop=\"text\" ><h1>Moln\u00f6vers\u00e4ttning<\/h1>\n<p>Alla dina spr\u00e5ktillg\u00e5ngar lagrade p\u00e5 ett och samma st\u00e4lle.<\/p>\n<p>Moln\u00f6vers\u00e4ttning \u00e4r helt enkelt processen att \u00f6vers\u00e4tta dina dokument \u00f6ver internet med hj\u00e4lp av ett webbgr\u00e4nssnitt, s\u00e5 att alla dina tillg\u00e5ngar finns p\u00e5 ett och samma st\u00e4lle.<\/p>\n<p>Det \u00e4r snabbt, effektivt och du kan kontrollera dina projekt n\u00e4r som helst \u2013 \u00e4ven n\u00e4r du \u00e4r p\u00e5 resande fot med en mobil enhet.<\/p>\n<\/div><\/section><\/div>\n<p><div  class='flex_column av-7zpvtv-36f8363c06d0fe68f04a22cc0a4ccbea av_one_full  avia-builder-el-2  el_after_av_one_full  el_before_av_image  first flex_column_div  column-top-margin'     ><section  class='av_textblock_section av-5m2w6b-ec649ee77c47b55fc5e6372b1d15e7fd '   itemscope=\"itemscope\" itemtype=\"https:\/\/schema.org\/CreativeWork\" ><div class='avia_textblock'  itemprop=\"text\" ><h3>\u00d6vers\u00e4ttning i molnet<\/h3>\n<p>Vanligtvis sker detta via en \u00f6vers\u00e4ttningsportal som STARs Translation Cloud som l\u00e5ter dig ladda upp, sp\u00e5ra och hantera alla dina filer och projekt fr\u00e5n en central plats.<\/p>\n<p>Traditionellt sett g\u00f6rs \u00f6vers\u00e4ttning via e-post (och det g\u00f6rs fortfarande f\u00f6r vissa kunder): du skickar filer, du f\u00e5r en offert, godk\u00e4nner offerten via e-post och s\u00e5 vidare. Eftersom kundernas tid \u00e4r s\u00e5 efterfr\u00e5gad m\u00e5ste kunderna kunna sp\u00e5ra och godk\u00e4nna projekt i farten. Du kan logga in fr\u00e5n kontoret eller p\u00e5 distans om du reser f\u00f6r att kontrollera statusen f\u00f6r ett \u00f6vers\u00e4ttningsprojekt, godk\u00e4nna en offert, uppdatera terminologi eller starta ett nytt \u00f6vers\u00e4ttningsjobb.  <\/p>\n<p>Du kan interagera med v\u00e5rt \u00f6vers\u00e4ttningsteam via v\u00e5rt fr\u00e5ge- och svarssystem som hj\u00e4lper oss att klarg\u00f6ra och kontrollera problem med dig n\u00e4r vi \u00f6vers\u00e4tter.<\/p>\n<p>Efter <a href=\"https:\/\/www.star-ts.com\/sv\/software\/webcheck-online-review-system\/\">\u00f6vers\u00e4ttningsgranskning<\/a> kan ocks\u00e5 g\u00f6ras online med WebEdit, vilket inneb\u00e4r att dina filer kommer att publiceras snabbare.<\/p>\n<p>Nya kunder kan registrera sig gratis p\u00e5 <a href=\"https:\/\/cloud.star-ts.com\" target=\"_blank\" rel=\"noopener\">STAR Translation Cloud.<\/a><\/p>\n<\/div><\/section><\/div>\n<style type=\"text\/css\" data-created_by=\"avia_inline_auto\" id=\"style-css-av-klmaagvs-f7aacfec4a72183665b9cd0fdf8c3689\">\n.avia-image-container.av-klmaagvs-f7aacfec4a72183665b9cd0fdf8c3689 img.avia_image{\nbox-shadow:none;\n}\n.avia-image-container.av-klmaagvs-f7aacfec4a72183665b9cd0fdf8c3689 .av-image-caption-overlay-center{\ncolor:#ffffff;\n}\n<\/style>\n<div  class='avia-image-container av-klmaagvs-f7aacfec4a72183665b9cd0fdf8c3689 av-styling- avia-align-center  avia-builder-el-4  el_after_av_one_full  el_before_av_one_full '   itemprop=\"image\" itemscope=\"itemscope\" itemtype=\"https:\/\/schema.org\/ImageObject\" ><div class=\"avia-image-container-inner\"><div class=\"avia-image-overlay-wrap\"><img decoding=\"async\" loading=\"lazy\" class='wp-image-70028 avia-img-lazy-loading-70028 avia_image ' src=\"https:\/\/www.star-ts.com\/wp-content\/uploads\/2014\/07\/cloud-language-services.png\" alt='Molnbaserade spr\u00e5ktj\u00e4nster' title=''  height=\"320\" width=\"400\"  itemprop=\"thumbnailUrl\" srcset=\"https:\/\/www.star-ts.com\/wp-content\/uploads\/2014\/07\/cloud-language-services.png 400w, https:\/\/www.star-ts.com\/wp-content\/uploads\/2014\/07\/cloud-language-services-80x64.png 80w, https:\/\/www.star-ts.com\/wp-content\/uploads\/2014\/07\/cloud-language-services-300x240.png 300w\" sizes=\"auto, (max-width: 400px) 100vw, 400px\" \/><\/div><\/div><\/div><\/p>\n<div  class='flex_column av-4qscmb-683893612a922e572b2045ddefe5fe81 av_one_full  avia-builder-el-5  el_after_av_image  avia-builder-el-last  first flex_column_div  '     ><section  class='av_textblock_section av-36f12b-5312dd4599a5d669be6dae3dc4684702 '   itemscope=\"itemscope\" itemtype=\"https:\/\/schema.org\/CreativeWork\" ><div class='avia_textblock'  itemprop=\"text\" ><h3>STAR Translation Cloud<\/h3>\n<p>V\u00e5r Translation Cloud kan g\u00f6ra processen enkel f\u00f6r dig genom att samla alla dina spr\u00e5ktillg\u00e5ngar p\u00e5 ett och samma st\u00e4lle. S\u00e5 f\u00f6r kunder i farten, som kr\u00e4ver en online <em>portal<\/em>, ger vi dig m\u00f6jligheten att: <\/p>\n<ol>\n<li>sp\u00e5ra dina projekt online<\/li>\n<li>hantera din terminologi i molnet<\/li>\n<li>best\u00e4lla \u00f6vers\u00e4ttningar<\/li>\n<li>ladda ner dina \u00f6vers\u00e4ttningar<\/li>\n<li>visa rapporter: \u00f6vervaka utgifter och statistik<\/li>\n<li>se fakturor.<\/li>\n<\/ol>\n<\/div><\/section><\/div>\n","protected":false},"excerpt":{"rendered":"","protected":false},"author":1,"featured_media":70028,"parent":119912,"menu_order":28,"comment_status":"closed","ping_status":"closed","template":"","meta":{"footnotes":""},"class_list":["post-120819","page","type-page","status-publish","has-post-thumbnail","hentry"],"_links":{"self":[{"href":"https:\/\/www.star-ts.com\/sv\/wp-json\/wp\/v2\/pages\/120819","targetHints":{"allow":["GET"]}}],"collection":[{"href":"https:\/\/www.star-ts.com\/sv\/wp-json\/wp\/v2\/pages"}],"about":[{"href":"https:\/\/www.star-ts.com\/sv\/wp-json\/wp\/v2\/types\/page"}],"author":[{"embeddable":true,"href":"https:\/\/www.star-ts.com\/sv\/wp-json\/wp\/v2\/users\/1"}],"replies":[{"embeddable":true,"href":"https:\/\/www.star-ts.com\/sv\/wp-json\/wp\/v2\/comments?post=120819"}],"version-history":[{"count":0,"href":"https:\/\/www.star-ts.com\/sv\/wp-json\/wp\/v2\/pages\/120819\/revisions"}],"up":[{"embeddable":true,"href":"https:\/\/www.star-ts.com\/sv\/wp-json\/wp\/v2\/pages\/119912"}],"wp:featuredmedia":[{"embeddable":true,"href":"https:\/\/www.star-ts.com\/sv\/wp-json\/wp\/v2\/media\/70028"}],"wp:attachment":[{"href":"https:\/\/www.star-ts.com\/sv\/wp-json\/wp\/v2\/media?parent=120819"}],"curies":[{"name":"wp","href":"https:\/\/api.w.org\/{rel}","templated":true}]}}