{"id":120813,"date":"2026-01-05T12:15:20","date_gmt":"2026-01-05T12:15:20","guid":{"rendered":"https:\/\/www.star-ts.com\/translation-faq\/what-is-multilingual-search-engine-submission\/"},"modified":"2026-01-05T12:16:10","modified_gmt":"2026-01-05T12:16:10","slug":"what-is-multilingual-search-engine-submission","status":"publish","type":"page","link":"https:\/\/www.star-ts.com\/sv\/translation-faq\/what-is-multilingual-search-engine-submission\/","title":{"rendered":"Vad \u00e4r flerspr\u00e5kig s\u00f6kmotoroptimering?"},"content":{"rendered":"<p>\n<style type=\"text\/css\" data-created_by=\"avia_inline_auto\" id=\"style-css-av-28ue9j-a4e1562c1fc22a67e9e8dc7d79a6c495\">\n.flex_column.av-28ue9j-a4e1562c1fc22a67e9e8dc7d79a6c495{\nborder-radius:0px 0px 0px 0px;\npadding:0px 0px 0px 0px;\n}\n<\/style>\n<div  class='flex_column av-28ue9j-a4e1562c1fc22a67e9e8dc7d79a6c495 av_one_full  avia-builder-el-0  el_before_av_one_full  avia-builder-el-first  first flex_column_div av-zero-column-padding  '     ><section  class='av_textblock_section av-ko7khj-b4c950c5b7898ed7c3f09b5b2285e5b6 '   itemscope=\"itemscope\" itemtype=\"https:\/\/schema.org\/CreativeWork\" ><div class='avia_textblock'  itemprop=\"text\" ><h1>Flerspr\u00e5kig s\u00f6kmotoroptimering<\/h1>\n<p>Flerspr\u00e5kig SEO: attrahera internationella bes\u00f6kare till dina spr\u00e5ksajter.<\/p>\n<\/div><\/section><br \/>\n<section  class='av_textblock_section av-in3bon-2f61c079b8d10cc9c54638dc44820f74 '   itemscope=\"itemscope\" itemtype=\"https:\/\/schema.org\/CreativeWork\" ><div class='avia_textblock'  itemprop=\"text\" ><p>N\u00e4r det g\u00e4ller att rankas h\u00f6gt och f\u00e5 trafik p\u00e5 internet \u00e4r Google alltid det mest omtalade \u00e4mnet. Det \u00e4r verkligen den st\u00f6rsta akt\u00f6ren i v\u00e4rlden. Dina nuvarande webbdesigners kommer f\u00f6rmodligen att ber\u00e4tta om att g\u00f6ra all <abbr title=\"S\u00f6kmotoroptimering\">SEO<\/abbr> p\u00e5 den engelska webbplatsen och sedan skicka in den till Google f\u00f6r bra rankningar.<\/p>\n<\/div><\/section><\/p><\/div><div  class='flex_column av-hw9ylj-4d45b4b6b1b9184022b97951a0d16fff av_one_full  avia-builder-el-3  el_after_av_one_full  el_before_av_one_full  first flex_column_div  column-top-margin'     ><section  class='av_textblock_section av-ft5wx3-8fb144095cac4d78978457cfe58a8443 '   itemscope=\"itemscope\" itemtype=\"https:\/\/schema.org\/CreativeWork\" ><div class='avia_textblock'  itemprop=\"text\" ><h3>Inte bara Google!<\/h3>\n<p>Google \u00e4r inte den enda s\u00f6kmotorn i v\u00e4rlden, och inte heller den st\u00f6rsta i alla l\u00e4nder! Efter att du har spenderat dina surt f\u00f6rv\u00e4rvade pengar p\u00e5 att \u00f6vers\u00e4tta din webbplats och slutf\u00f6rt din s\u00f6kmotoroptimering, m\u00e5ste du fortfarande se till att din webbplats indexeras av andra s\u00f6kmotorer runt om i v\u00e4rlden.<\/p>\n<\/div><\/section><\/div><div  class='flex_column av-e83qav-0afb60743368af6278c02b219cb73c99 av_one_full  avia-builder-el-5  el_after_av_one_full  el_before_av_section  avia-builder-el-last  first flex_column_div  column-top-margin'     ><section  class='av_textblock_section av-d1j8jr-51489a1638a1fe31f74a4309c11ab52f '   itemscope=\"itemscope\" itemtype=\"https:\/\/schema.org\/CreativeWork\" ><div class='avia_textblock'  itemprop=\"text\" ><h3>Var synlig med flerspr\u00e5kig s\u00f6kmotoroptimering<\/h3>\n<p>Beroende p\u00e5 vilket land du riktar dig till, m\u00e5ste du kontrollera vilken som \u00e4r den b\u00e4sta s\u00f6kmotorn att registrera sig hos. <a href=\"http:\/\/www.baidu.com\" target=\"_blank\" rel=\"noopener\">Baidu<\/a> \u00e4r den st\u00f6rsta s\u00f6kmotorn i Kina, till exempel.  S\u00e5 du m\u00e5ste se till att du \u00e4r p\u00e5 detta f\u00f6r att vara synlig.<\/p>\n<p>Det finns hundratals s\u00f6kmotorer runt om i v\u00e4rlden; efter att din nya webbplats har lanserats m\u00e5ste du se till att dina spr\u00e5kversioner skickas in korrekt.<\/p>\n<p>V\u00e5rt webbteam kan skicka in din webbplats korrekt i varje land f\u00f6r att s\u00e4kerst\u00e4lla maximal synlighet. Oavsett ditt m\u00e5l land och s\u00f6kmotorn f\u00f6redrar det Google, Baidu eller Bing, l\u00e5t oss hj\u00e4lpa dig att v\u00e4xa din online flerspr\u00e5kig n\u00e4rvaro. <\/p>\n<p>Kontakta oss f\u00f6r att diskutera dina <abbr title=\"S\u00f6kmotoroptimering\">SEO<\/abbr>-krav.<\/p>\n<\/div><\/section><\/div><\/div><\/div><\/div><!-- close content main div --><\/div><\/div><div id='relxa'  class='avia-section av-6x92fr-cb02ee0b74e10dae630b4bf2da0b7032 main_color avia-section-default avia-no-shadow  avia-builder-el-7  el_after_av_one_full  avia-builder-el-last  avia-bg-style-scroll container_wrap sidebar_right'  ><div class='container av-section-cont-open' ><div class='template-page content  av-content-small alpha units'><div class='post-entry post-entry-type-page post-entry-120813'><div class='entry-content-wrapper clearfix'>\n<section  class='av_textblock_section av-673x9j-afac22f4dcea026a25232731ee7c792e '   itemscope=\"itemscope\" itemtype=\"https:\/\/schema.org\/CreativeWork\" ><div class='avia_textblock'  itemprop=\"text\" ><p><a href=\"https:\/\/www.star-ts.com\/sv\/how-do-you-translate-a-wordpress-website-with-wpml\/\">Hur man \u00f6vers\u00e4tter en WordPress-webbplats?<\/a><\/p>\n<p><a href=\"https:\/\/www.star-ts.com\/sv\/translation-faq\/how-should-i-get-a-translation-reviewed\/\">Hur b\u00f6r jag f\u00e5 en \u00f6vers\u00e4ttning granskad?<\/a><\/p>\n<\/div><\/section>\n<\/div><\/div><\/div><!-- close content main div --><\/div><\/div><div id='after_section_1'  class='main_color av_default_container_wrap container_wrap sidebar_right'  ><div class='container av-section-cont-open' ><div class='template-page content  av-content-small alpha units'><div class='post-entry post-entry-type-page post-entry-120813'><div class='entry-content-wrapper clearfix'><\/p>\n","protected":false},"excerpt":{"rendered":"","protected":false},"author":1,"featured_media":0,"parent":119912,"menu_order":30,"comment_status":"closed","ping_status":"closed","template":"","meta":{"footnotes":""},"class_list":["post-120813","page","type-page","status-publish","hentry"],"_links":{"self":[{"href":"https:\/\/www.star-ts.com\/sv\/wp-json\/wp\/v2\/pages\/120813","targetHints":{"allow":["GET"]}}],"collection":[{"href":"https:\/\/www.star-ts.com\/sv\/wp-json\/wp\/v2\/pages"}],"about":[{"href":"https:\/\/www.star-ts.com\/sv\/wp-json\/wp\/v2\/types\/page"}],"author":[{"embeddable":true,"href":"https:\/\/www.star-ts.com\/sv\/wp-json\/wp\/v2\/users\/1"}],"replies":[{"embeddable":true,"href":"https:\/\/www.star-ts.com\/sv\/wp-json\/wp\/v2\/comments?post=120813"}],"version-history":[{"count":0,"href":"https:\/\/www.star-ts.com\/sv\/wp-json\/wp\/v2\/pages\/120813\/revisions"}],"up":[{"embeddable":true,"href":"https:\/\/www.star-ts.com\/sv\/wp-json\/wp\/v2\/pages\/119912"}],"wp:attachment":[{"href":"https:\/\/www.star-ts.com\/sv\/wp-json\/wp\/v2\/media?parent=120813"}],"curies":[{"name":"wp","href":"https:\/\/api.w.org\/{rel}","templated":true}]}}