{"id":120812,"date":"2026-01-05T12:15:19","date_gmt":"2026-01-05T12:15:19","guid":{"rendered":"https:\/\/www.star-ts.com\/tagalog-translation\/"},"modified":"2026-01-05T12:16:07","modified_gmt":"2026-01-05T12:16:07","slug":"tagalog-translation","status":"publish","type":"page","link":"https:\/\/www.star-ts.com\/sv\/tagalog-translation\/","title":{"rendered":"\u00d6vers\u00e4ttningstj\u00e4nster f\u00f6r tagalog"},"content":{"rendered":"<div id='full_slider_1'  class='avia-fullwidth-slider main_color avia-shadow av-small-hide av-mini-hide  avia-builder-el-0  el_before_av_one_third  avia-builder-el-first   container_wrap sidebar_right'  ><div  class='avia-slideshow av-k1c8wi2r-4ae0c530ff0635fed6cb396a05fb9de5 avia-slideshow-featured av_slideshow_full avia-slide-slider av-small-hide av-mini-hide av-slideshow-ui av-control-default av-slideshow-manual av-loop-once av-loop-manual-endless av-default-height-applied   avia-slideshow-1' data-slideshow-options=\"{&quot;animation&quot;:&quot;slide&quot;,&quot;autoplay&quot;:false,&quot;loop_autoplay&quot;:&quot;once&quot;,&quot;interval&quot;:5,&quot;loop_manual&quot;:&quot;manual-endless&quot;,&quot;autoplay_stopper&quot;:false,&quot;noNavigation&quot;:false,&quot;bg_slider&quot;:false,&quot;keep_padding&quot;:false,&quot;hoverpause&quot;:false,&quot;show_slide_delay&quot;:0}\"  itemprop=\"image\" itemscope=\"itemscope\" itemtype=\"https:\/\/schema.org\/ImageObject\" ><ul class='avia-slideshow-inner ' style='padding-bottom: 28.666666666667%;'><li  class='avia-slideshow-slide av-k1c8wi2r-4ae0c530ff0635fed6cb396a05fb9de5__0  av-single-slide slide-1 slide-odd'><div data-rel='slideshow-1' class='avia-slide-wrap '   ><div class='av-slideshow-caption av-k1c8wi2r-4ae0c530ff0635fed6cb396a05fb9de5__0 caption_fullwidth caption_center caption_center_framed caption_framed'><div class=\"container caption_container\"><div class=\"slideshow_caption\"><div class=\"slideshow_inner_caption\"><div class=\"slideshow_align_caption\"><h2 class='avia-caption-title '  itemprop=\"name\" >Tagalog\u00f6vers\u00e4ttning<\/h2><div class='avia-caption-content '  itemprop=\"description\" ><p>Engelsk till tagalog \u00f6vers\u00e4ttning<\/p>\n<\/div><\/div><\/div><\/div><\/div><\/div><img decoding=\"async\" fetchpriority=\"high\" class=\"wp-image-105590 avia-img-lazy-loading-not-105590\"  src=\"https:\/\/www.star-ts.com\/wp-content\/uploads\/2019\/10\/philippines-2720588_1920-1500x430.jpg\" width=\"1500\" height=\"430\" title='philippines-2720588_1920' alt=''  itemprop=\"thumbnailUrl\"   \/><\/div><\/li><\/ul><\/div><\/div><div id='after_full_slider_1'  class='main_color av_default_container_wrap container_wrap sidebar_right'  ><div class='container av-section-cont-open' ><div class='template-page content  av-content-small alpha units'><div class='post-entry post-entry-type-page post-entry-120812'><div class='entry-content-wrapper clearfix'>\n<div  class='flex_column av-og3zz0-0bdc979686a5efa3a81c3d47a6678d94 av_one_third  avia-builder-el-1  el_after_av_slideshow_full  el_before_av_two_third  avia-builder-el-first  first flex_column_div  '     ><section  class='av_textblock_section av-m0g4v0-b66f1eae0d68b51e2e49390d3890dcc7 '   itemscope=\"itemscope\" itemtype=\"https:\/\/schema.org\/CreativeWork\" ><div class='avia_textblock'  itemprop=\"text\" ><p><img decoding=\"async\" class=\"alignnone size-full wp-image-9534\" title=\"Tagalog\u00f6vers\u00e4ttningstj\u00e4nster\" src=\"https:\/\/www.star-ts.com\/wp-content\/uploads\/2014\/07\/tagalog-language1.png\" alt=\"Tagalog\u00f6vers\u00e4ttningstj\u00e4nster\" width=\"400\" height=\"320\" srcset=\"https:\/\/www.star-ts.com\/wp-content\/uploads\/2014\/07\/tagalog-language1.png 400w, https:\/\/www.star-ts.com\/wp-content\/uploads\/2014\/07\/tagalog-language1-80x64.png 80w, https:\/\/www.star-ts.com\/wp-content\/uploads\/2014\/07\/tagalog-language1-300x240.png 300w\" sizes=\"(max-width: 400px) 100vw, 400px\" \/><\/p>\n<\/div><\/section><\/div>\n<p>\n<style type=\"text\/css\" data-created_by=\"avia_inline_auto\" id=\"style-css-av-k2ucj0-8ebef61391c24d90c45576a83fcd0274\">\n.flex_column.av-k2ucj0-8ebef61391c24d90c45576a83fcd0274{\nborder-radius:0px 0px 0px 0px;\npadding:0px 0px 0px 0px;\n}\n<\/style>\n<div  class='flex_column av-k2ucj0-8ebef61391c24d90c45576a83fcd0274 av_two_third  avia-builder-el-3  el_after_av_one_third  el_before_av_two_third  flex_column_div av-zero-column-padding  '     ><section  class='av_textblock_section av-1x3r5o-21ff905932a7f32d062aa00040e12533 '   itemscope=\"itemscope\" itemtype=\"https:\/\/schema.org\/CreativeWork\" ><div class='avia_textblock'  itemprop=\"text\" ><h1>Tagalog\u00f6vers\u00e4ttning<\/h1>\n<p>Professionell engelsk till tagalog \u00f6vers\u00e4ttningstj\u00e4nster f\u00f6r dokument och webbplatser.<\/p>\n<p>Om du s\u00e4ljer till Filippinerna kan vi hj\u00e4lpa dig med \u00f6vers\u00e4ttningen av dina dokument och broschyrer. Vi anlitar tagalog\u00f6vers\u00e4ttare med specialistkompetens inom \u00f6vers\u00e4ttning; vi kan leverera en komplett l\u00f6sning f\u00f6r alla dina spr\u00e5kbehov f\u00f6r tagalogmarknaden. Om du exporterar kan vi hj\u00e4lpa dig med \u00f6vers\u00e4ttningen av din tekniska dokumentation, broschyrer och manualer.<\/p>\n<\/div><\/section><\/div><div  class='flex_column av-h1oirg-2ced9646be6b27179cf7b4adfb943509 av_two_third  avia-builder-el-5  el_after_av_two_third  el_before_av_one_third  first flex_column_div  column-top-margin'     ><section  class='av_textblock_section av-f879ng-c47c8fb3b49d8d64c6e3954c09e56ec0 '   itemscope=\"itemscope\" itemtype=\"https:\/\/schema.org\/CreativeWork\" ><div class='avia_textblock'  itemprop=\"text\" ><h3>Kvalitativa tagalog\u00f6vers\u00e4ttningstj\u00e4nster<\/h3>\n<p>Alla v\u00e5ra tagalog\u00f6vers\u00e4ttare \u00e4r inf\u00f6dda talare som bor i Filippinerna. Vi kan \u00f6vers\u00e4tta praktiskt taget alla filformat \u00e5t dig. <\/p>\n<p>V\u00e5ra team \u00e4r experter p\u00e5 QuarkXPress, Adobe InDesign och FrameMaker, <abbr title=\"Hypertext markup language\">HTML<\/abbr>, <abbr title=\"Extensible markup language\">XML<\/abbr>, AutoCAD <abbr title=\"Drawing exchange format\">DXF<\/abbr>, Microsoft PowerPoint, Excel och Word, Acrobat <abbr title=\"Portable document format\">PDF<\/abbr>, pappers- och fax\u00f6vers\u00e4ttningar. V\u00e5rt webbdesignteam kan hj\u00e4lpa dig med \u00f6vers\u00e4ttningen av din webbplats genom att arbeta direkt med ditt webbteam. Oavsett om du har en komplex <abbr title=\"Content management system\">CMS<\/abbr>, <abbr title=\"Extensible markup language\">XML<\/abbr> eller platt <abbr title=\"Hypertext markup language\">HTML<\/abbr>-webbplats kan vi hj\u00e4lpa dig med leveransen till dina m\u00e5lspr\u00e5k.<\/p>\n<\/div><\/section><\/div><\/p>\n\n<style type=\"text\/css\" data-created_by=\"avia_inline_auto\" id=\"style-css-av-dh88zw-bfa94b656c40e8275ef35570850d4ab4\">\n.flex_column.av-dh88zw-bfa94b656c40e8275ef35570850d4ab4{\nborder-radius:0px 0px 0px 0px;\npadding:0px 0px 0px 0px;\n}\n<\/style>\n<div  class='flex_column av-dh88zw-bfa94b656c40e8275ef35570850d4ab4 av_one_third  avia-builder-el-7  el_after_av_two_third  el_before_av_one_full  flex_column_div av-zero-column-padding  column-top-margin'     ><section  class='av_textblock_section av-c5nprg-8287120b150608df54c07d318efc69e8 '   itemscope=\"itemscope\" itemtype=\"https:\/\/schema.org\/CreativeWork\" ><div class='avia_textblock'  itemprop=\"text\" ><h4>\u00d6vers\u00e4ttningstj\u00e4nster:<\/h4>\n<ul>\n<li><a href=\"https:\/\/www.star-ts.com\/sv\/translation-services\/documents\/health-and-safety\/\">H\u00e4lso- och s\u00e4kerhetsmanualer<\/a><\/li>\n<li><a href=\"https:\/\/www.star-ts.com\/sv\/translation-services\/documents\/employee-handbooks\/\">Personalhandb\u00f6cker<\/a><\/li>\n<li><a href=\"https:\/\/www.star-ts.com\/sv\/translation-services\/automotive-industry\/\">Fordonsdokument<\/a><\/li>\n<li><a href=\"https:\/\/www.star-ts.com\/sv\/translation-services\/documents\/\">Tekniska publikationer och manualer<\/a><\/li>\n<li><a href=\"https:\/\/www.star-ts.com\/sv\/translation-services\/government-translation-services\/\">Offentliga och statliga dokument<\/a><\/li>\n<li><a href=\"https:\/\/www.star-ts.com\/sv\/marketing-services\/marketing-campaigns\/e-commerce\/\">e-handelswebbplatser<\/a><\/li>\n<\/ul>\n<\/div><\/section><\/div>\n<div  class='flex_column av-b9vlho-5e1dd0b51ea523a2b6e5e3c31fd0cbe6 av_one_full  avia-builder-el-9  el_after_av_one_third  el_before_av_one_full  first flex_column_div  column-top-margin'     ><section  class='av_textblock_section av-9rbfm4-fad3aedb4a96ec2807d48a30ed389049 '   itemscope=\"itemscope\" itemtype=\"https:\/\/schema.org\/CreativeWork\" ><div class='avia_textblock'  itemprop=\"text\" ><h3>V\u00e5ra tj\u00e4nster<\/h3>\n<p>N\u00e4r det g\u00e4ller tagalog <abbr title=\"Desktop publishing\">DTP<\/abbr>-arbete kan vi leverera \u00f6vers\u00e4ttningarna i praktiskt taget alla filformat. Vi kan leverera tryckf\u00e4rdig dokumentation till dig i PDF-format om det beh\u00f6vs. <\/p>\n<h4>Fordons- och teknisk expertis<\/h4>\n<p>Vi har arbetat med kunder som BMW, DaimlerChrysler, Mowag och Tag Heuer i \u00f6ver 20 \u00e5r och har omfattande erfarenhet inom fordons- och tekniska ingenj\u00f6rssektorer. V\u00e5rt \u00f6vers\u00e4ttningsteams expertis levererar de b\u00e4sta tekniska \u00f6vers\u00e4ttningarna f\u00f6r dina projekt.  Detta \u00e4r en nyckelfaktor f\u00f6r att leverera kvalitetstj\u00e4nster till dina kunder. L\u00e4s mer om v\u00e5r tekniska \u00f6vers\u00e4ttning f\u00f6r <a href=\"https:\/\/www.star-ts.com\/sv\/translation-services\/automotive-industry\/\">fordons-<\/a> och <a href=\"https:\/\/www.star-ts.com\/sv\/translation-services\/teknikoversattningstjanster\/\">ingenj\u00f6rsindustrin<\/a>.<\/p>\n<h4>F\u00f6r er information<\/h4>\n<p>Tagalog tillh\u00f6r den austronesiska spr\u00e5kfamiljen. Det \u00e4r det officiella spr\u00e5ket i Filippinerna d\u00e4r en fj\u00e4rdedel av befolkningen talar tagalog som f\u00f6rsta spr\u00e5k. I sin standardiserade form kallas det filippinska. Andra spr\u00e5k i denna grupp \u00e4r hawaiiska, madagaskiska och indonesiska.<\/p>\n<\/div><\/section><\/div>\n<div  class='flex_column av-7qam9o-5d3ba9607088d566b3c2f6c4d596e32e av_one_full  avia-builder-el-11  el_after_av_one_full  el_before_av_section  avia-builder-el-last  first flex_column_div  column-top-margin'     ><section  class='av_textblock_section av-5ljue4-e6209c3c13b0c7c45b247912656d5491 '   itemscope=\"itemscope\" itemtype=\"https:\/\/schema.org\/CreativeWork\" ><div class='avia_textblock'  itemprop=\"text\" ><p><a class=\"button\" href=\"https:\/\/www.star-ts.com\/sv\/languages\/\">Spr\u00e5k vi \u00f6vers\u00e4tter<\/a><\/p>\n<\/div><\/section><\/div>\n<\/div><\/div><\/div><!-- close content main div --><\/div><\/div>\n<style type=\"text\/css\" data-created_by=\"avia_inline_auto\" id=\"style-css-av-k0gx2157-307699bb8bdeb8c22c0065ee0c218e70\">\n.avia-section.av-k0gx2157-307699bb8bdeb8c22c0065ee0c218e70{\nbackground-color:#ff7f27;\nbackground-image:unset;\n}\n<\/style>\n<div id='av_section_1'  class='avia-section av-k0gx2157-307699bb8bdeb8c22c0065ee0c218e70 main_color avia-section-default avia-no-border-styling  avia-builder-el-13  el_after_av_one_full  avia-builder-el-last  avia-bg-style-scroll container_wrap sidebar_right'  ><div class='container av-section-cont-open' ><div class='template-page content  av-content-small alpha units'><div class='post-entry post-entry-type-page post-entry-120812'><div class='entry-content-wrapper clearfix'>\n<section  class='av_textblock_section av-zffpn-9b19d1d65eda350fe1fbef528189f03e '   itemscope=\"itemscope\" itemtype=\"https:\/\/schema.org\/CreativeWork\" ><div class='avia_textblock'  itemprop=\"text\" ><h2><span style=\"color: #ffffff;\">B\u00f6rja nu<\/span><\/h2>\n<div  class='avia-button-wrap av-aaau3-e3573e676ea05f5b4bf6cbae59781945-wrap avia-button-left  avia-builder-el-15  avia-builder-el-no-sibling '><a href='https:\/\/www.star-ts.com\/sv\/kontakt\/'  class='avia-button av-aaau3-e3573e676ea05f5b4bf6cbae59781945 av-link-btn avia-icon_select-no avia-size-x-large avia-position-left avia-color-light'   aria-label=\"Kontakta oss\"><span class='avia_iconbox_title' >Kontakta oss<\/span><\/a><\/div>\n<\/div><\/section>\n<\/div><\/div><\/div><!-- close content main div --><\/div><\/div><div id='after_section_1'  class='main_color av_default_container_wrap container_wrap sidebar_right'  ><div class='container av-section-cont-open' ><div class='template-page content  av-content-small alpha units'><div class='post-entry post-entry-type-page post-entry-120812'><div class='entry-content-wrapper clearfix'>\n","protected":false},"excerpt":{"rendered":"<p>Om du s\u00e4ljer till Filippinerna kan vi hj\u00e4lpa dig med \u00f6vers\u00e4ttningen av dina dokument och broschyrer. Vi anlitar tagalog\u00f6vers\u00e4ttare med specialistkompetens inom \u00f6vers\u00e4ttning; vi kan leverera en komplett l\u00f6sning f\u00f6r alla dina spr\u00e5kbehov f\u00f6r tagalogmarknaden. Om du exporterar kan vi hj\u00e4lpa dig med \u00f6vers\u00e4ttningen av din tekniska dokumentation, broschyrer och manualer.  <\/p>\n","protected":false},"author":1,"featured_media":105590,"parent":0,"menu_order":29,"comment_status":"closed","ping_status":"closed","template":"","meta":{"footnotes":""},"class_list":["post-120812","page","type-page","status-publish","has-post-thumbnail","hentry"],"_links":{"self":[{"href":"https:\/\/www.star-ts.com\/sv\/wp-json\/wp\/v2\/pages\/120812","targetHints":{"allow":["GET"]}}],"collection":[{"href":"https:\/\/www.star-ts.com\/sv\/wp-json\/wp\/v2\/pages"}],"about":[{"href":"https:\/\/www.star-ts.com\/sv\/wp-json\/wp\/v2\/types\/page"}],"author":[{"embeddable":true,"href":"https:\/\/www.star-ts.com\/sv\/wp-json\/wp\/v2\/users\/1"}],"replies":[{"embeddable":true,"href":"https:\/\/www.star-ts.com\/sv\/wp-json\/wp\/v2\/comments?post=120812"}],"version-history":[{"count":0,"href":"https:\/\/www.star-ts.com\/sv\/wp-json\/wp\/v2\/pages\/120812\/revisions"}],"wp:featuredmedia":[{"embeddable":true,"href":"https:\/\/www.star-ts.com\/sv\/wp-json\/wp\/v2\/media\/105590"}],"wp:attachment":[{"href":"https:\/\/www.star-ts.com\/sv\/wp-json\/wp\/v2\/media?parent=120812"}],"curies":[{"name":"wp","href":"https:\/\/api.w.org\/{rel}","templated":true}]}}