{"id":120721,"date":"2026-01-05T12:13:29","date_gmt":"2026-01-05T12:13:29","guid":{"rendered":"https:\/\/www.star-ts.com\/hindi-translation\/"},"modified":"2026-01-05T12:13:53","modified_gmt":"2026-01-05T12:13:53","slug":"hindi-translation","status":"publish","type":"page","link":"https:\/\/www.star-ts.com\/sv\/hindi-translation\/","title":{"rendered":"Hindi \u00f6vers\u00e4ttningstj\u00e4nster"},"content":{"rendered":"<div id='full_slider_1'  class='avia-fullwidth-slider main_color avia-shadow av-small-hide av-mini-hide  avia-builder-el-0  el_before_av_one_third  avia-builder-el-first   container_wrap sidebar_right'  ><div  class='avia-slideshow av-k1c7emnb-bc3fabea2d759e90a8b605ed189b08e1 avia-slideshow-featured av_slideshow_full avia-slide-slider av-small-hide av-mini-hide av-slideshow-ui av-control-default av-slideshow-manual av-loop-once av-loop-manual-endless av-default-height-applied   avia-slideshow-1' data-slideshow-options=\"{&quot;animation&quot;:&quot;slide&quot;,&quot;autoplay&quot;:false,&quot;loop_autoplay&quot;:&quot;once&quot;,&quot;interval&quot;:5,&quot;loop_manual&quot;:&quot;manual-endless&quot;,&quot;autoplay_stopper&quot;:false,&quot;noNavigation&quot;:false,&quot;bg_slider&quot;:false,&quot;keep_padding&quot;:false,&quot;hoverpause&quot;:false,&quot;show_slide_delay&quot;:0}\"  itemprop=\"image\" itemscope=\"itemscope\" itemtype=\"https:\/\/schema.org\/ImageObject\" ><ul class='avia-slideshow-inner ' style='padding-bottom: 28.666666666667%;'><li  class='avia-slideshow-slide av-k1c7emnb-bc3fabea2d759e90a8b605ed189b08e1__0  av-single-slide slide-1 slide-odd'><div data-rel='slideshow-1' class='avia-slide-wrap '   ><div class='av-slideshow-caption av-k1c7emnb-bc3fabea2d759e90a8b605ed189b08e1__0 caption_fullwidth caption_center caption_center_framed caption_framed'><div class=\"container caption_container\"><div class=\"slideshow_caption\"><div class=\"slideshow_inner_caption\"><div class=\"slideshow_align_caption\"><h2 class='avia-caption-title '  itemprop=\"name\" >Hindi \u00f6vers\u00e4ttning<\/h2><div class='avia-caption-content '  itemprop=\"description\" ><p>Engelska till hindi \u00f6vers\u00e4ttningstj\u00e4nster<\/p>\n<\/div><\/div><\/div><\/div><\/div><\/div><img decoding=\"async\" fetchpriority=\"high\" class=\"wp-image-105500 avia-img-lazy-loading-not-105500\"  src=\"https:\/\/www.star-ts.com\/wp-content\/uploads\/2019\/10\/bada-bagh-3181803_1920-1500x430.jpg\" width=\"1500\" height=\"430\" title='bada-bagh-3181803_1920' alt=''  itemprop=\"thumbnailUrl\"   \/><\/div><\/li><\/ul><\/div><\/div><div id='after_full_slider_1'  class='main_color av_default_container_wrap container_wrap sidebar_right'  ><div class='container av-section-cont-open' ><div class='template-page content  av-content-small alpha units'><div class='post-entry post-entry-type-page post-entry-120721'><div class='entry-content-wrapper clearfix'>\n<div  class='flex_column av-orh5wg-b9931f1c9607e8d7c937ed830df93d8c av_one_third  avia-builder-el-1  el_after_av_slideshow_full  el_before_av_two_third  avia-builder-el-first  first flex_column_div  '     ><section  class='av_textblock_section av-moe6sw-e8a3c3b8a6fac229bf4d75ae6e0f19ec '   itemscope=\"itemscope\" itemtype=\"https:\/\/schema.org\/CreativeWork\" ><div class='avia_textblock'  itemprop=\"text\" ><p><img decoding=\"async\" class=\"alignnone size-full wp-image-36980\" src=\"https:\/\/www.star-ts.com\/wp-content\/uploads\/2019\/10\/india-1309206_1920.jpg\" alt=\"\" width=\"1920\" height=\"1275\" srcset=\"https:\/\/www.star-ts.com\/wp-content\/uploads\/2019\/10\/india-1309206_1920.jpg 1920w, https:\/\/www.star-ts.com\/wp-content\/uploads\/2019\/10\/india-1309206_1920-80x53.jpg 80w, https:\/\/www.star-ts.com\/wp-content\/uploads\/2019\/10\/india-1309206_1920-300x199.jpg 300w, https:\/\/www.star-ts.com\/wp-content\/uploads\/2019\/10\/india-1309206_1920-768x510.jpg 768w, https:\/\/www.star-ts.com\/wp-content\/uploads\/2019\/10\/india-1309206_1920-1030x684.jpg 1030w, https:\/\/www.star-ts.com\/wp-content\/uploads\/2019\/10\/india-1309206_1920-1500x996.jpg 1500w, https:\/\/www.star-ts.com\/wp-content\/uploads\/2019\/10\/india-1309206_1920-705x468.jpg 705w\" sizes=\"(max-width: 1920px) 100vw, 1920px\" \/><\/p>\n<\/div><\/section><\/div>\n<p>\n<style type=\"text\/css\" data-created_by=\"avia_inline_auto\" id=\"style-css-av-kwudow-67abd0a9b7f953aeaec34c0ef526c6c0\">\n.flex_column.av-kwudow-67abd0a9b7f953aeaec34c0ef526c6c0{\nborder-radius:0px 0px 0px 0px;\npadding:0px 0px 0px 0px;\n}\n<\/style>\n<div  class='flex_column av-kwudow-67abd0a9b7f953aeaec34c0ef526c6c0 av_two_third  avia-builder-el-3  el_after_av_one_third  el_before_av_two_third  flex_column_div av-zero-column-padding  '     ><section  class='av_textblock_section av-j2i1r4-eb5d5b156c1ffaa8217d1f2b6e8c517d '   itemscope=\"itemscope\" itemtype=\"https:\/\/schema.org\/CreativeWork\" ><div class='avia_textblock'  itemprop=\"text\" ><h1>Hindi \u00f6vers\u00e4ttning<\/h1>\n<p>Professionell hindi <a href=\"https:\/\/www.star-ts.com\/home\/\">\u00f6vers\u00e4ttningstj\u00e4nster<\/a> av inf\u00f6dda hindi talare.<\/p>\n<p>Vi anlitar inf\u00f6dda hindi \u00f6vers\u00e4ttare med specialistkompetens inom \u00f6vers\u00e4ttning, vi kan leverera en komplett l\u00f6sning f\u00f6r alla dina spr\u00e5kbehov f\u00f6r hindi marknaden. Om du exporterar kan vi hj\u00e4lpa dig med \u00f6vers\u00e4ttningen av din tekniska dokumentation, broschyrer och manualer.<\/p>\n<\/div><\/section><\/div><div  class='flex_column av-h58wo0-0f502d718ebeec31217444dea9d633f5 av_two_third  avia-builder-el-5  el_after_av_two_third  el_before_av_one_third  first flex_column_div  column-top-margin'     ><section  class='av_textblock_section av-fuxlio-d0c6f65e4c06ed2f4c13b243b1dbeb7d '   itemscope=\"itemscope\" itemtype=\"https:\/\/schema.org\/CreativeWork\" ><div class='avia_textblock'  itemprop=\"text\" ><h3>H\u00f6gkvalitativa hindi \u00f6vers\u00e4ttningstj\u00e4nster<\/h3>\n<p>Om du beh\u00f6ver en hindi \u00f6vers\u00e4ttare kan STAR hj\u00e4lpa dig. Alla v\u00e5ra \u00f6vers\u00e4ttare \u00e4r inf\u00f6dda talare som bor i sina respektive l\u00e4nder. Vi kan \u00f6vers\u00e4tta praktiskt taget alla filformat \u00e5t dig till hindi. V\u00e5ra team \u00e4r experter p\u00e5 QuarkXpress, Adobe InDesign och FrameMaker, HTML, XML, AutoCAD DXF, Microsoft PowerPoint och Excel, PDF, papper och fax \u00f6vers\u00e4ttningar. V\u00e5rt webbdesignteam kan hj\u00e4lpa dig med \u00f6vers\u00e4ttningen av din webbplats genom att arbeta direkt med ditt webbteam. Oavsett om du har en komplex CMS, XML eller platt HTML webbplats kan vi hj\u00e4lpa dig med leveransen av den till dina m\u00e5lspr\u00e5k.<\/p>\n<\/div><\/section><\/div><\/p>\n\n<style type=\"text\/css\" data-created_by=\"avia_inline_auto\" id=\"style-css-av-1dxlgw-fe2a684ab62a6c8a31906a6c9c92690d\">\n.flex_column.av-1dxlgw-fe2a684ab62a6c8a31906a6c9c92690d{\nborder-radius:0px 0px 0px 0px;\npadding:0px 0px 0px 0px;\n}\n<\/style>\n<div  class='flex_column av-1dxlgw-fe2a684ab62a6c8a31906a6c9c92690d av_one_third  avia-builder-el-7  el_after_av_two_third  el_before_av_one_full  flex_column_div av-zero-column-padding  column-top-margin'     ><section  class='av_textblock_section av-d3ecls-78458e602d82d1d501cd5ed97f9911ed '   itemscope=\"itemscope\" itemtype=\"https:\/\/schema.org\/CreativeWork\" ><div class='avia_textblock'  itemprop=\"text\" ><h4>\u00d6vers\u00e4ttningstj\u00e4nster:<\/h4>\n<ul>\n<li><a href=\"https:\/\/www.star-ts.com\/sv\/translation-services\/documents\/health-and-safety\/\">Handb\u00f6cker f\u00f6r h\u00e4lsa och s\u00e4kerhet<\/a><\/li>\n<li><a href=\"https:\/\/www.star-ts.com\/sv\/translation-services\/documents\/employee-handbooks\/\">Personalhandb\u00f6cker<\/a><\/li>\n<li><a href=\"https:\/\/www.star-ts.com\/sv\/translation-services\/automotive-industry\/\">Fordonsdokument<\/a><\/li>\n<li><a href=\"https:\/\/www.star-ts.com\/sv\/translation-services\/documents\/\">Tekniska publikationer och manualer<\/a><\/li>\n<li><a href=\"https:\/\/www.star-ts.com\/sv\/translation-services\/government-translation-services\/\">Offentliga &amp; statliga dokument<\/a><\/li>\n<li><a href=\"https:\/\/www.star-ts.com\/sv\/marketing-services\/marketing-campaigns\/e-commerce\/\">e-handelswebbplatser<\/a><\/li>\n<\/ul>\n<\/div><\/section><\/div>\n<div  class='flex_column av-b45u2o-a507b8f5013c03d211f1c90e71e91fc0 av_one_full  avia-builder-el-9  el_after_av_one_third  el_before_av_one_full  first flex_column_div  column-top-margin'     ><section  class='av_textblock_section av-y4jcw-9bf16a3a97926f8e3f78f93d13bbef8d '   itemscope=\"itemscope\" itemtype=\"https:\/\/schema.org\/CreativeWork\" ><div class='avia_textblock'  itemprop=\"text\" ><h3>V\u00e5ra tj\u00e4nster<\/h3>\n<p>N\u00e4r det g\u00e4ller att arbeta med hindi spr\u00e5ket kan vi leverera \u00f6vers\u00e4ttningarna i praktiskt taget alla filformat. V\u00e5ra team \u00e4r experter p\u00e5 QuarkXPress, Adobe InDesign och FrameMaker, <abbr title=\"Hypertext markup language\">HTML<\/abbr>, <abbr title=\"Extensible markup language\">XML<\/abbr>, AutoCAD <abbr title=\"Drawing exchange format\">DXF<\/abbr>, Microsoft PowerPoint, Excel och Word, Acrobat <abbr title=\"Portable document format\">PDF<\/abbr>, papper och fax \u00f6vers\u00e4ttningar. <\/p>\n<h4>Fordons- och teknisk expertis<\/h4>\n<p>Vi har arbetat med kunder som BMW, DaimlerChrysler, Mowag och Tag Heuer i \u00f6ver 20 \u00e5r och har omfattande erfarenhet inom fordons- och tekniska ingenj\u00f6rssektorer. V\u00e5rt \u00f6vers\u00e4ttningsteams expertis levererar de b\u00e4sta tekniska \u00f6vers\u00e4ttningarna f\u00f6r dina projekt.  Detta \u00e4r en nyckelfaktor f\u00f6r att leverera kvalitetstj\u00e4nster till dina kunder. L\u00e4s mer om v\u00e5r tekniska \u00f6vers\u00e4ttning f\u00f6r <a href=\"https:\/\/www.star-ts.com\/sv\/translation-services\/automotive-industry\/\">fordons<\/a>industrin och <a href=\"https:\/\/www.star-ts.com\/sv\/translation-services\/teknikoversattningstjanster\/\">ingenj\u00f6rs<\/a>industrin.<\/p>\n<\/div><\/section><\/div>\n<div  class='flex_column av-7os6ds-a5ea64d6d726a955e60f4e3ec2462d9d av_one_full  avia-builder-el-11  el_after_av_one_full  el_before_av_section  avia-builder-el-last  first flex_column_div  column-top-margin'     ><section  class='av_textblock_section av-57savk-842cfe5e3b4e58f996db42871000b491 '   itemscope=\"itemscope\" itemtype=\"https:\/\/schema.org\/CreativeWork\" ><div class='avia_textblock'  itemprop=\"text\" ><div class=\"return\">\n<p><a class=\"button\" href=\"https:\/\/www.star-ts.com\/sv\/languages\/\">Spr\u00e5k vi \u00f6vers\u00e4tter<\/a><\/div>\n<\/div><\/section><\/div>\n<\/div><\/div><\/div><!-- close content main div --><\/div><\/div>\n<style type=\"text\/css\" data-created_by=\"avia_inline_auto\" id=\"style-css-av-k0gx2157-307699bb8bdeb8c22c0065ee0c218e70\">\n.avia-section.av-k0gx2157-307699bb8bdeb8c22c0065ee0c218e70{\nbackground-color:#ff7f27;\nbackground-image:unset;\n}\n<\/style>\n<div id='av_section_1'  class='avia-section av-k0gx2157-307699bb8bdeb8c22c0065ee0c218e70 main_color avia-section-default avia-no-border-styling  avia-builder-el-13  el_after_av_one_full  avia-builder-el-last  avia-bg-style-scroll container_wrap sidebar_right'  ><div class='container av-section-cont-open' ><div class='template-page content  av-content-small alpha units'><div class='post-entry post-entry-type-page post-entry-120721'><div class='entry-content-wrapper clearfix'>\n<section  class='av_textblock_section av-zffpn-9b19d1d65eda350fe1fbef528189f03e '   itemscope=\"itemscope\" itemtype=\"https:\/\/schema.org\/CreativeWork\" ><div class='avia_textblock'  itemprop=\"text\" ><h2><span style=\"color: #ffffff\">B\u00f6rja nu<\/span><\/h2>\n<div  class='avia-button-wrap av-aaau3-e3573e676ea05f5b4bf6cbae59781945-wrap avia-button-left  avia-builder-el-15  avia-builder-el-no-sibling '><a href='https:\/\/www.star-ts.com\/sv\/kontakt\/'  class='avia-button av-aaau3-e3573e676ea05f5b4bf6cbae59781945 av-link-btn avia-icon_select-no avia-size-x-large avia-position-left avia-color-light'   aria-label=\"Kontakta oss\"><span class='avia_iconbox_title' >Kontakta oss<\/span><\/a><\/div>\n<\/div><\/section>\n<\/div><\/div><\/div><!-- close content main div --><\/div><\/div><div id='after_section_1'  class='main_color av_default_container_wrap container_wrap sidebar_right'  ><div class='container av-section-cont-open' ><div class='template-page content  av-content-small alpha units'><div class='post-entry post-entry-type-page post-entry-120721'><div class='entry-content-wrapper clearfix'>\n","protected":false},"excerpt":{"rendered":"<p>Professionella hindi \u00f6vers\u00e4ttningstj\u00e4nster av inf\u00f6dda hindi talare.<\/p>\n<p>Vi anlitar inf\u00f6dda hindi \u00f6vers\u00e4ttare med specialistkompetens inom \u00f6vers\u00e4ttning, vi kan leverera en komplett l\u00f6sning f\u00f6r alla dina spr\u00e5kbehov f\u00f6r hindi marknaden. Om du exporterar kan vi hj\u00e4lpa dig med \u00f6vers\u00e4ttningen av din tekniska dokumentation, broschyrer och manualer. <\/p>\n","protected":false},"author":1,"featured_media":105500,"parent":0,"menu_order":11,"comment_status":"closed","ping_status":"closed","template":"","meta":{"footnotes":""},"class_list":["post-120721","page","type-page","status-publish","has-post-thumbnail","hentry"],"_links":{"self":[{"href":"https:\/\/www.star-ts.com\/sv\/wp-json\/wp\/v2\/pages\/120721","targetHints":{"allow":["GET"]}}],"collection":[{"href":"https:\/\/www.star-ts.com\/sv\/wp-json\/wp\/v2\/pages"}],"about":[{"href":"https:\/\/www.star-ts.com\/sv\/wp-json\/wp\/v2\/types\/page"}],"author":[{"embeddable":true,"href":"https:\/\/www.star-ts.com\/sv\/wp-json\/wp\/v2\/users\/1"}],"replies":[{"embeddable":true,"href":"https:\/\/www.star-ts.com\/sv\/wp-json\/wp\/v2\/comments?post=120721"}],"version-history":[{"count":0,"href":"https:\/\/www.star-ts.com\/sv\/wp-json\/wp\/v2\/pages\/120721\/revisions"}],"wp:featuredmedia":[{"embeddable":true,"href":"https:\/\/www.star-ts.com\/sv\/wp-json\/wp\/v2\/media\/105500"}],"wp:attachment":[{"href":"https:\/\/www.star-ts.com\/sv\/wp-json\/wp\/v2\/media?parent=120721"}],"curies":[{"name":"wp","href":"https:\/\/api.w.org\/{rel}","templated":true}]}}