{"id":120685,"date":"2026-01-05T12:12:51","date_gmt":"2026-01-05T12:12:51","guid":{"rendered":"https:\/\/www.star-ts.com\/chinese-translation\/chinese-website-design-tips\/"},"modified":"2026-01-05T12:13:03","modified_gmt":"2026-01-05T12:13:03","slug":"chinese-website-design-tips","status":"publish","type":"page","link":"https:\/\/www.star-ts.com\/sv\/chinese-translation\/chinese-website-design-tips\/","title":{"rendered":"Tips f\u00f6r kinesisk webbdesign"},"content":{"rendered":"<div  class='flex_column av-4kqgweb-88b7501358cb005f7ceb019c7468c5fb av_one_half  avia-builder-el-0  el_before_av_one_half  avia-builder-el-first  first flex_column_div  '     ><section  class='av_textblock_section av-3yoh81v-fd12495f7b81a3878c34c87c32277cce '   itemscope=\"itemscope\" itemtype=\"https:\/\/schema.org\/CreativeWork\" ><div class='avia_textblock'  itemprop=\"text\" ><h1>Topp 10 tips f\u00f6r kinesisk webbdesign \u2013 en snabbguide<\/h1>\n<\/div><\/section><br \/>\n<section  class='av_textblock_section av-3coxfab-da351d395fb653b1f3d0840148ef3b3f '   itemscope=\"itemscope\" itemtype=\"https:\/\/schema.org\/CreativeWork\" ><div class='avia_textblock'  itemprop=\"text\" ><p>Ladda ner din kostnadsfria guide om b\u00e4sta praxis f\u00f6r kinesisk webbdesign<\/p>\n<\/div><\/section><\/p><\/div>\n<p>\n<style type=\"text\/css\" data-created_by=\"avia_inline_auto\" id=\"style-css-av-2csb7sz-2eed9f34bf7ea92e70acc895fd19c8f3\">\n.flex_column.av-2csb7sz-2eed9f34bf7ea92e70acc895fd19c8f3{\nborder-radius:0px 0px 0px 0px;\npadding:0px 0px 0px 0px;\n}\n<\/style>\n<div  class='flex_column av-2csb7sz-2eed9f34bf7ea92e70acc895fd19c8f3 av_one_half  avia-builder-el-3  el_after_av_one_half  el_before_av_two_third  flex_column_div av-zero-column-padding  '     ><style type=\"text\/css\" data-created_by=\"avia_inline_auto\" id=\"style-css-av-kevgss4b-975b46ab5f1442e2b9d91c82291138cc\">\n.avia-image-container.av-kevgss4b-975b46ab5f1442e2b9d91c82291138cc img.avia_image{\nbox-shadow:none;\n}\n.avia-image-container.av-kevgss4b-975b46ab5f1442e2b9d91c82291138cc .av-image-caption-overlay-center{\ncolor:#ffffff;\n}\n<\/style>\n<div  class='avia-image-container av-kevgss4b-975b46ab5f1442e2b9d91c82291138cc av-styling- avia-align-center  avia-builder-el-4  avia-builder-el-no-sibling '   itemprop=\"image\" itemscope=\"itemscope\" itemtype=\"https:\/\/schema.org\/ImageObject\" ><div class=\"avia-image-container-inner\"><div class=\"avia-image-overlay-wrap\"><img decoding=\"async\" loading=\"lazy\" class='wp-image-64828 avia-img-lazy-loading-64828 avia_image ' src=\"https:\/\/www.star-ts.com\/wp-content\/uploads\/2012\/02\/china1.jpg\" alt='Kinas stadsbild' title='Kinas stadsbild'  height=\"310\" width=\"600\"  itemprop=\"thumbnailUrl\" srcset=\"https:\/\/www.star-ts.com\/wp-content\/uploads\/2012\/02\/china1.jpg 600w, https:\/\/www.star-ts.com\/wp-content\/uploads\/2012\/02\/china1-300x155.jpg 300w\" sizes=\"auto, (max-width: 600px) 100vw, 600px\" \/><\/div><\/div><\/div><\/div><div  class='flex_column av-336y1er-07e284ebd21b46e13b2addf7b633f3c2 av_two_third  avia-builder-el-5  el_after_av_one_half  el_before_av_one_third  first flex_column_div  column-top-margin'     ><section  class='av_textblock_section av-2o49fib-154078f9c95a6be373e21a6f587d90cd '   itemscope=\"itemscope\" itemtype=\"https:\/\/schema.org\/CreativeWork\" ><div class='avia_textblock'  itemprop=\"text\" ><h3>Kostnadsfri e-bok<\/h3>\n<p>\u00c4r din webbplats redo att \u00f6vers\u00e4ttas till kinesiska? Hur s\u00e4kerst\u00e4ller du att den \u00e4r SEO-redo? Och vilka \u00e4r de b\u00e4sta teckensnitten att anv\u00e4nda?  <\/p>\n<p>Den h\u00e4r snabbguiden hj\u00e4lper dig genom processen att f\u00f6rbereda din webbplats f\u00f6r den kinesiska marknaden. Du kommer att vara redo f\u00f6r \u00f6vers\u00e4ttning fr\u00e5n dag ett. <\/p>\n<p>Vi har expertisen och erfarenheten f\u00f6r att hj\u00e4lpa dig att leverera dina produkter till det kinesiska spr\u00e5ket med kontor i Peking, Shanghai och Taiwan. Vi erbjuder DTP-tj\u00e4nster f\u00f6r att s\u00e4kerst\u00e4lla att dina filer ser rena och professionella ut. <\/p>\n<p><a href=\"https:\/\/www.star-ts.com\/download\/cta\/star-chinese-web.pdf\">Ladda ner ditt exemplar nu<\/a>.<\/p>\n<\/div><\/section><\/div><\/p>\n\n<style type=\"text\/css\" data-created_by=\"avia_inline_auto\" id=\"style-css-av-7kiccj-5299bfee751178d6f08d49b3612589ee\">\n.flex_column.av-7kiccj-5299bfee751178d6f08d49b3612589ee{\nborder-radius:0px 0px 0px 0px;\npadding:0px 0px 0px 0px;\n}\n<\/style>\n<div  class='flex_column av-7kiccj-5299bfee751178d6f08d49b3612589ee av_one_third  avia-builder-el-7  el_after_av_two_third  el_before_av_one_full  flex_column_div av-zero-column-padding  column-top-margin'     ><section  class='av_textblock_section av-1p9kj9f-226e2a1bd618c884a11b690ed3f84cb3 '   itemscope=\"itemscope\" itemtype=\"https:\/\/schema.org\/CreativeWork\" ><div class='avia_textblock'  itemprop=\"text\" ><h4>De b\u00e4sta tipsen f\u00f6r kinesisk webbdesign:<\/h4>\n<ul>\n<li>Ange UTF\u20138<\/li>\n<li>Anv\u00e4nd kinesiska teckensnitt<\/li>\n<li>CSS: Engelska teckensnitt f\u00f6rst<\/li>\n<li>SEO: M\u00e5lgruppsl\u00e4nder<\/li>\n<li>CSS: V\u00e4rden f\u00f6r teckensnittsfamilj<\/li>\n<li>CSS: Teckensnitt f\u00f6r Mac &amp; PC<\/li>\n<li>H\u00e5ll teckensnitten enkla<\/li>\n<\/ul>\n<\/div><\/section><\/div>\n<div  class='flex_column av-1a1vvvn-365d36fd75343438f4a86254475ca686 av_one_full  avia-builder-el-9  el_after_av_one_third  el_before_av_one_half  first flex_column_div  column-top-margin'     ><section  class='av_textblock_section av-s7aqo3-43e865736378a6d96ace9fad94f5ebde '   itemscope=\"itemscope\" itemtype=\"https:\/\/schema.org\/CreativeWork\" ><div class='avia_textblock'  itemprop=\"text\" ><p>Du kanske \u00e4r intresserad av&#8230;<\/p>\n<p><a href=\"https:\/\/www.star-ts.com\/sv\/chinese-translation\/\">Kinesiska \u00f6vers\u00e4ttningstj\u00e4nster<\/a><\/p>\n<p><a href=\"https:\/\/www.star-ts.com\/translation\/why-translate-chinese-for-china-and-chinese-for-taiwan\/\">Varf\u00f6r \u00f6vers\u00e4tta b\u00e5de kinesiska f\u00f6r Kina och kinesiska f\u00f6r Taiwan?<\/a><\/p>\n<\/div><\/section><\/div>\n\n<style type=\"text\/css\" data-created_by=\"avia_inline_auto\" id=\"style-css-av-271w8df-a42372321475063d55c500485b4d755c\">\n.flex_column.av-271w8df-a42372321475063d55c500485b4d755c{\nborder-radius:0px 0px 0px 0px;\npadding:0px 0px 0px 0px;\n}\n<\/style>\n<div  class='flex_column av-271w8df-a42372321475063d55c500485b4d755c av_one_half  avia-builder-el-11  el_after_av_one_full  el_before_av_one_half  first flex_column_div av-zero-column-padding  column-top-margin'     ><section  class='av_textblock_section av-kecpzm7g-10459406923501180c7f6f740a01db4f '   itemscope=\"itemscope\" itemtype=\"https:\/\/schema.org\/CreativeWork\" ><div class='avia_textblock'  itemprop=\"text\" ><div  class='avia-button-wrap avia-button-center  avia-builder-el-13  avia-builder-el-no-sibling '>\n<style type=\"text\/css\" data-created_by=\"avia_inline_auto\" id=\"style-css-av-1jqnm1v-c82ddafb741a1baddeb0263fbd18b8fa\">\n#top #wrap_all .avia-button.av-1jqnm1v-c82ddafb741a1baddeb0263fbd18b8fa:hover{\ncolor:#ffffff;\ntransition:all 0.4s ease-in-out;\n}\n#top #wrap_all .avia-button.av-1jqnm1v-c82ddafb741a1baddeb0263fbd18b8fa:hover .avia-svg-icon svg:first-child{\nfill:#ffffff;\nstroke:#ffffff;\n}\n<\/style>\n<a href='https:\/\/www.star-ts.com\/sv\/kontakt\/' class='avia-color-dark avia-font-color-black avia-button avia-button-fullwidth av-1jqnm1v-c82ddafb741a1baddeb0263fbd18b8fa avia-icon_select-no avia-color-dark'   aria-label=\"Kontakta oss\"><span class='avia_iconbox_title' >Kontakta oss<\/span><span class='avia_button_background avia-button avia-button-fullwidth avia-color-theme-color-subtle'><\/span><\/a><\/div>\n<\/div><\/section><\/div>\n\n<style type=\"text\/css\" data-created_by=\"avia_inline_auto\" id=\"style-css-av-1b6b7ur-3784876ce7383c13a60d2ce6ce5455df\">\n.flex_column.av-1b6b7ur-3784876ce7383c13a60d2ce6ce5455df{\nborder-radius:0px 0px 0px 0px;\npadding:0px 0px 0px 0px;\n}\n<\/style>\n<div  class='flex_column av-1b6b7ur-3784876ce7383c13a60d2ce6ce5455df av_one_half  avia-builder-el-14  el_after_av_one_half  avia-builder-el-last  flex_column_div av-zero-column-padding  column-top-margin'     ><section  class='av_textblock_section av-kecpvkh2-1fff26377e9754166b01c392c38510e9 '   itemscope=\"itemscope\" itemtype=\"https:\/\/schema.org\/CreativeWork\" ><div class='avia_textblock'  itemprop=\"text\" ><div  class='avia-button-wrap avia-button-center  avia-builder-el-16  avia-builder-el-no-sibling '>\n<style type=\"text\/css\" data-created_by=\"avia_inline_auto\" id=\"style-css-av-lwtg5f-0b93f0014953055c36a70b261aa34fce\">\n#top #wrap_all .avia-button.av-lwtg5f-0b93f0014953055c36a70b261aa34fce{\nbackground-color:#08a742;\nborder-color:#08a742;\ncolor:#ffffff;\ntransition:all 0.4s ease-in-out;\n}\n#top #wrap_all .avia-button.av-lwtg5f-0b93f0014953055c36a70b261aa34fce:hover{\nbackground-color:#07b207;\ncolor:#ffffff;\ntransition:all 0.4s ease-in-out;\n}\n#top #wrap_all .avia-button.av-lwtg5f-0b93f0014953055c36a70b261aa34fce .avia-svg-icon svg:first-child{\nfill:#ffffff;\nstroke:#ffffff;\n}\n#top #wrap_all .avia-button.av-lwtg5f-0b93f0014953055c36a70b261aa34fce:hover .avia-svg-icon svg:first-child{\nfill:#ffffff;\nstroke:#ffffff;\n}\n<\/style>\n<a href='https:\/\/www.star-ts.com\/sv\/translate-now\/' class='avia-button avia-button-fullwidth av-lwtg5f-0b93f0014953055c36a70b261aa34fce avia-icon_select-no avia-color-custom'   aria-label=\"F\u00e5 en offert\"><span class='avia_iconbox_title' >F\u00e5 en offert<\/span><\/a><\/div>\n<\/div><\/section><\/div>\n","protected":false},"excerpt":{"rendered":"","protected":false},"author":1,"featured_media":64828,"parent":119938,"menu_order":1,"comment_status":"closed","ping_status":"open","template":"","meta":{"footnotes":""},"class_list":["post-120685","page","type-page","status-publish","has-post-thumbnail","hentry"],"_links":{"self":[{"href":"https:\/\/www.star-ts.com\/sv\/wp-json\/wp\/v2\/pages\/120685","targetHints":{"allow":["GET"]}}],"collection":[{"href":"https:\/\/www.star-ts.com\/sv\/wp-json\/wp\/v2\/pages"}],"about":[{"href":"https:\/\/www.star-ts.com\/sv\/wp-json\/wp\/v2\/types\/page"}],"author":[{"embeddable":true,"href":"https:\/\/www.star-ts.com\/sv\/wp-json\/wp\/v2\/users\/1"}],"replies":[{"embeddable":true,"href":"https:\/\/www.star-ts.com\/sv\/wp-json\/wp\/v2\/comments?post=120685"}],"version-history":[{"count":0,"href":"https:\/\/www.star-ts.com\/sv\/wp-json\/wp\/v2\/pages\/120685\/revisions"}],"up":[{"embeddable":true,"href":"https:\/\/www.star-ts.com\/sv\/wp-json\/wp\/v2\/pages\/119938"}],"wp:featuredmedia":[{"embeddable":true,"href":"https:\/\/www.star-ts.com\/sv\/wp-json\/wp\/v2\/media\/64828"}],"wp:attachment":[{"href":"https:\/\/www.star-ts.com\/sv\/wp-json\/wp\/v2\/media?parent=120685"}],"curies":[{"name":"wp","href":"https:\/\/api.w.org\/{rel}","templated":true}]}}