{"id":120615,"date":"2025-12-08T14:11:20","date_gmt":"2025-12-08T14:11:20","guid":{"rendered":"https:\/\/www.star-ts.com\/marketing-services\/design\/"},"modified":"2025-12-08T14:11:27","modified_gmt":"2025-12-08T14:11:27","slug":"design","status":"publish","type":"page","link":"https:\/\/www.star-ts.com\/sv\/marketing-services\/design\/","title":{"rendered":"Design"},"content":{"rendered":"<div id='full_slider_1'  class='avia-fullwidth-slider main_color avia-shadow av-small-hide av-mini-hide  avia-builder-el-0  el_before_av_one_full  avia-builder-el-first   container_wrap sidebar_right'  ><div  class='avia-slideshow av-k7kn5t0j-28bb2f86bd38e701da31869da46c1812 avia-slideshow-featured av_slideshow_full avia-slide-slider av-small-hide av-mini-hide av-slideshow-ui av-control-default av-slideshow-manual av-loop-once av-loop-manual-endless av-default-height-applied   avia-slideshow-1' data-slideshow-options=\"{&quot;animation&quot;:&quot;slide&quot;,&quot;autoplay&quot;:false,&quot;loop_autoplay&quot;:&quot;once&quot;,&quot;interval&quot;:5,&quot;loop_manual&quot;:&quot;manual-endless&quot;,&quot;autoplay_stopper&quot;:false,&quot;noNavigation&quot;:false,&quot;bg_slider&quot;:false,&quot;keep_padding&quot;:false,&quot;hoverpause&quot;:false,&quot;show_slide_delay&quot;:0}\"  itemprop=\"image\" itemscope=\"itemscope\" itemtype=\"https:\/\/schema.org\/ImageObject\" ><ul class='avia-slideshow-inner ' style='padding-bottom: 28.666666666667%;'><li  class='avia-slideshow-slide av-k7kn5t0j-28bb2f86bd38e701da31869da46c1812__0  av-single-slide slide-1 slide-odd'><div data-rel='slideshow-1' class='avia-slide-wrap '   ><div class='av-slideshow-caption av-k7kn5t0j-28bb2f86bd38e701da31869da46c1812__0 caption_fullwidth caption_center caption_center_framed caption_framed'><div class=\"container caption_container\"><div class=\"slideshow_caption\"><div class=\"slideshow_inner_caption\"><div class=\"slideshow_align_caption\"><h2 class='avia-caption-title '  itemprop=\"name\" >Designtj\u00e4nster<\/h2><div class='avia-caption-content '  itemprop=\"description\" ><p>Skapa, designa och \u00f6vers\u00e4tt din webbplats med stil<\/p>\n<\/div><\/div><\/div><\/div><\/div><\/div><img decoding=\"async\" fetchpriority=\"high\" class=\"wp-image-105770 avia-img-lazy-loading-not-105770\"  src=\"https:\/\/www.star-ts.com\/wp-content\/uploads\/2019\/10\/student-849825_1920-1500x430.jpg\" width=\"1500\" height=\"430\" title='Offert' alt='Designtj\u00e4nster'  itemprop=\"thumbnailUrl\"   \/><\/div><\/li><\/ul><\/div><\/div><div id='after_full_slider_1'  class='main_color av_default_container_wrap container_wrap sidebar_right'  ><div class='container av-section-cont-open' ><div class='template-page content  av-content-small alpha units'><div class='post-entry post-entry-type-page post-entry-120615'><div class='entry-content-wrapper clearfix'>\n<p>\n<style type=\"text\/css\" data-created_by=\"avia_inline_auto\" id=\"style-css-av-2vuc4c-dcb17a31fe7545c95969af79d7850ba4\">\n.flex_column.av-2vuc4c-dcb17a31fe7545c95969af79d7850ba4{\nborder-radius:0px 0px 0px 0px;\npadding:0px 0px 0px 0px;\n}\n<\/style>\n<div  class='flex_column av-2vuc4c-dcb17a31fe7545c95969af79d7850ba4 av_one_full  avia-builder-el-1  el_after_av_slideshow_full  el_before_av_one_half  avia-builder-el-first  first flex_column_div av-zero-column-padding  '     ><section  class='av_textblock_section av-wb4rmk-4376790bdfd29357bbb795db7fe0628c '   itemscope=\"itemscope\" itemtype=\"https:\/\/schema.org\/CreativeWork\" ><div class='avia_textblock'  itemprop=\"text\" ><h1>Marknadsf\u00f6ringstj\u00e4nster<\/h1>\n<p><a href=\"https:\/\/www.star-ts.com\/sv\/marketing-services\/\">Marknadsf\u00f6ringstj\u00e4nster<\/a><br \/>\n<a href=\"https:\/\/www.star-ts.com\/sv\/marketing-services\/digital-marketing\/\">Digital marknadsf\u00f6ring<\/a><br \/>\n<a href=\"https:\/\/www.star-ts.com\/sv\/marketing-services\/marketing-campaigns\/\">Marknadsf\u00f6ringskampanjer<\/a><\/p>\n<\/div><\/section><\/div><div  class='flex_column av-rqj9q4-273a7280624e870a082a151fe19df328 av_one_half  avia-builder-el-3  el_after_av_one_full  el_before_av_one_half  first flex_column_div  column-top-margin'     ><section  class='av_textblock_section av-p17br0-d9a49928a6763668517bb46307356c6e '   itemscope=\"itemscope\" itemtype=\"https:\/\/schema.org\/CreativeWork\" ><div class='avia_textblock'  itemprop=\"text\" ><h2>Tj\u00e4nster f\u00f6r webbplats\u00f6vers\u00e4ttning<\/h2>\n<p>V\u00e5ra professionella \u00f6vers\u00e4ttare arbetar med m\u00e5nga av de ledande systemen inklusive DNN Evoq, WordPress, Joomla och Drupal.<\/p>\n<p>Vi kommer att \u00f6ppna nya d\u00f6rrar f\u00f6r dig till kunder runt om i v\u00e4rlden.<\/p>\n<p><a href=\"https:\/\/www.star-ts.com\/marketing-services\/design\/web-design\/\">\u00d6vers\u00e4ttning f\u00f6r webbdesign<\/a><\/p>\n<p><img decoding=\"async\" class=\"alignnone size-full wp-image-9310\" title=\"\u00d6vers\u00e4ttning f\u00f6r webbdesign\" src=\"https:\/\/www.star-ts.com\/wp-content\/uploads\/2014\/02\/web-design.png\" alt=\"\u00d6vers\u00e4ttning f\u00f6r webbdesign\" width=\"400\" height=\"320\" srcset=\"https:\/\/www.star-ts.com\/wp-content\/uploads\/2014\/02\/web-design.png 400w, https:\/\/www.star-ts.com\/wp-content\/uploads\/2014\/02\/web-design-80x64.png 80w, https:\/\/www.star-ts.com\/wp-content\/uploads\/2014\/02\/web-design-300x240.png 300w\" sizes=\"(max-width: 400px) 100vw, 400px\" \/><\/p>\n<\/div><\/section><\/div><div  class='flex_column av-lbesos-505c00ff35bcf6e2f628e7cb9f01968e av_one_half  avia-builder-el-5  el_after_av_one_half  el_before_av_one_half  flex_column_div  column-top-margin'     ><section  class='av_textblock_section av-ieufpo-51c95f6e09b62a8fd3437ea735dba979 '   itemscope=\"itemscope\" itemtype=\"https:\/\/schema.org\/CreativeWork\" ><div class='avia_textblock'  itemprop=\"text\" ><p><img decoding=\"async\" class=\"alignnone size-full wp-image-8866\" title=\"Desktop Publishing-\u00f6vers\u00e4ttning\" src=\"https:\/\/www.star-ts.com\/wp-content\/uploads\/2014\/02\/dtp2.jpg\" alt=\"Desktop Publishing-\u00f6vers\u00e4ttning\" width=\"400\" height=\"320\" srcset=\"https:\/\/www.star-ts.com\/wp-content\/uploads\/2014\/02\/dtp2.jpg 400w, https:\/\/www.star-ts.com\/wp-content\/uploads\/2014\/02\/dtp2-80x64.jpg 80w, https:\/\/www.star-ts.com\/wp-content\/uploads\/2014\/02\/dtp2-300x240.jpg 300w\" sizes=\"(max-width: 400px) 100vw, 400px\" \/><\/p>\n<h2>Desktop publishing<\/h2>\n<p>Vi \u00f6vers\u00e4tter \u00e4ven manualer, broschyrer och flygblad, oavsett om du beh\u00f6ver dem online eller offline. Med \u00f6ver 200 spr\u00e5k t\u00e4ckta, inklusive asiatiska, mellan\u00f6stern och v\u00e4sterl\u00e4ndska spr\u00e5k, kommer vi att f\u00e5 dig att se exceptionell ut p\u00e5 vilket spr\u00e5k som helst. <\/p>\n<p><a href=\"https:\/\/www.star-ts.com\/sv\/tjanster\/desktop-publishing-dtp\/\">Desktop Publishing-\u00f6vers\u00e4ttning<\/a><\/p>\n<\/div><\/section><\/div><div  class='flex_column av-dzb4gc-296d75ad33ff4e8ba506019c036f026e av_one_half  avia-builder-el-7  el_after_av_one_half  el_before_av_one_half  first flex_column_div  column-top-margin'     ><section  class='av_textblock_section av-c97ecc-0a4ba27db10c3565edda4b19a344201e '   itemscope=\"itemscope\" itemtype=\"https:\/\/schema.org\/CreativeWork\" ><div class='avia_textblock'  itemprop=\"text\" ><h2>Inventise<\/h2>\n<p>V\u00e5rt partnern\u00e4tverk ut\u00f6kar v\u00e5r f\u00f6rm\u00e5ga att leverera webbdesigntj\u00e4nster i v\u00e4rldsklass till v\u00e5ra kunder. Vi samarbetar med <g id=\"gid_0\">Inventise<\/g> f\u00f6r att leverera webbdesign f\u00f6r DNN Evoq och m\u00e5nga andra system. Om du letar efter en briljant ny webbplats som s\u00e4ljer p\u00e5 engelska, eller n\u00e5got annat spr\u00e5k f\u00f6r den delen, ring oss och l\u00e5t oss starta n\u00e5got viktigt tillsammans.  <\/p>\n<p><a href=\"https:\/\/www.inventise.com\" rel=\"noopener noreferrer\" target=\"_blank\">Webbdesign av Inventise<\/a><\/p>\n<\/div><\/section><\/div><div  class='flex_column av-dzb4gc-471a486e4be203247129f0499b1374dd av_one_half  avia-builder-el-9  el_after_av_one_half  el_before_av_one_half  flex_column_div  column-top-margin'     ><style type=\"text\/css\" data-created_by=\"avia_inline_auto\" id=\"style-css-av-k7kn8srz-7e41122d945275d1720b5532ffec7a3f\">\n.avia-image-container.av-k7kn8srz-7e41122d945275d1720b5532ffec7a3f img.avia_image{\nbox-shadow:none;\n}\n.avia-image-container.av-k7kn8srz-7e41122d945275d1720b5532ffec7a3f .av-image-caption-overlay-center{\ncolor:#ffffff;\n}\n<\/style>\n<div  class='avia-image-container av-k7kn8srz-7e41122d945275d1720b5532ffec7a3f av-styling- avia-align-center  avia-builder-el-10  avia-builder-el-no-sibling '   itemprop=\"image\" itemscope=\"itemscope\" itemtype=\"https:\/\/schema.org\/ImageObject\" ><div class=\"avia-image-container-inner\"><div class=\"avia-image-overlay-wrap\"><img decoding=\"async\" fetchpriority=\"high\" class='wp-image-68258 avia-img-lazy-loading-not-68258 avia_image ' src=\"https:\/\/www.star-ts.com\/wp-content\/uploads\/2014\/02\/inventise-logo.jpg\" alt='Inventise' title='Inventise'  height=\"320\" width=\"400\"  itemprop=\"thumbnailUrl\" srcset=\"https:\/\/www.star-ts.com\/wp-content\/uploads\/2014\/02\/inventise-logo.jpg 400w, https:\/\/www.star-ts.com\/wp-content\/uploads\/2014\/02\/inventise-logo-80x64.jpg 80w, https:\/\/www.star-ts.com\/wp-content\/uploads\/2014\/02\/inventise-logo-300x240.jpg 300w\" sizes=\"(max-width: 400px) 100vw, 400px\" \/><\/div><\/div><\/div><\/div><div  class='flex_column av-8636rg-181f0c09e9193f7a14a2fa16c27511e5 av_one_half  avia-builder-el-11  el_after_av_one_half  el_before_av_one_half  first flex_column_div  column-top-margin'     ><style type=\"text\/css\" data-created_by=\"avia_inline_auto\" id=\"style-css-av-k7knaubt-2960a60126b1dd05f708b8c86196b0d7\">\n.avia-image-container.av-k7knaubt-2960a60126b1dd05f708b8c86196b0d7 img.avia_image{\nbox-shadow:none;\n}\n.avia-image-container.av-k7knaubt-2960a60126b1dd05f708b8c86196b0d7 .av-image-caption-overlay-center{\ncolor:#ffffff;\n}\n<\/style>\n<div  class='avia-image-container av-k7knaubt-2960a60126b1dd05f708b8c86196b0d7 av-styling- avia-align-center  avia-builder-el-12  avia-builder-el-no-sibling '   itemprop=\"image\" itemscope=\"itemscope\" itemtype=\"https:\/\/schema.org\/ImageObject\" ><div class=\"avia-image-container-inner\"><div class=\"avia-image-overlay-wrap\"><img decoding=\"async\" fetchpriority=\"high\" class='wp-image-70508 avia-img-lazy-loading-not-70508 avia_image ' src=\"https:\/\/www.star-ts.com\/wp-content\/uploads\/2014\/02\/excel.png\" alt='' title='excel'  height=\"305\" width=\"389\"  itemprop=\"thumbnailUrl\" srcset=\"https:\/\/www.star-ts.com\/wp-content\/uploads\/2014\/02\/excel.png 389w, https:\/\/www.star-ts.com\/wp-content\/uploads\/2014\/02\/excel-80x63.png 80w, https:\/\/www.star-ts.com\/wp-content\/uploads\/2014\/02\/excel-300x235.png 300w\" sizes=\"(max-width: 389px) 100vw, 389px\" \/><\/div><\/div><\/div><\/div><\/p>\n<p><div  class='flex_column av-8636rg-b20fe38f8cdf9d79b05f150116655152 av_one_half  avia-builder-el-13  el_after_av_one_half  el_before_av_section  avia-builder-el-last  flex_column_div  column-top-margin'     ><section  class='av_textblock_section av-55sfto-cc0d75802d9f233b938365c9a8455bf2 '   itemscope=\"itemscope\" itemtype=\"https:\/\/schema.org\/CreativeWork\" ><div class='avia_textblock'  itemprop=\"text\" ><h2>WordPress-design<\/h2>\n<p>Vi samarbetar med Excel Web Design i Meath f\u00f6r webbplatser som anv\u00e4nder WordPress, Woo Commerce och andra e-handelssystem.<\/p>\n<p><a href=\"https:\/\/www.excelwebdesign.ie\" target=\"_blank\" rel=\"noopener\">Bes\u00f6k ExcelWebDesign<\/a><\/p>\n<\/div><\/section><\/div><\/div><\/div><\/div><!-- close content main div --><\/div><\/div>\n<style type=\"text\/css\" data-created_by=\"avia_inline_auto\" id=\"style-css-av-k0gx2157-307699bb8bdeb8c22c0065ee0c218e70\">\n.avia-section.av-k0gx2157-307699bb8bdeb8c22c0065ee0c218e70{\nbackground-color:#ff7f27;\nbackground-image:unset;\n}\n<\/style>\n<div id='av_section_1'  class='avia-section av-k0gx2157-307699bb8bdeb8c22c0065ee0c218e70 main_color avia-section-default avia-no-border-styling  avia-builder-el-15  el_after_av_one_half  avia-builder-el-last  avia-bg-style-scroll container_wrap sidebar_right'  ><div class='container av-section-cont-open' ><div class='template-page content  av-content-small alpha units'><div class='post-entry post-entry-type-page post-entry-120615'><div class='entry-content-wrapper clearfix'>\n<section  class='av_textblock_section av-zffpn-9b19d1d65eda350fe1fbef528189f03e '   itemscope=\"itemscope\" itemtype=\"https:\/\/schema.org\/CreativeWork\" ><div class='avia_textblock'  itemprop=\"text\" ><h2><span style=\"color: #ffffff;\">B\u00f6rja nu<\/span><\/h2>\n<div  class='avia-button-wrap av-aaau3-e3573e676ea05f5b4bf6cbae59781945-wrap avia-button-left  avia-builder-el-17  avia-builder-el-no-sibling '><a href=\"https:\/\/www.star-ts.com\/sv\/kontakt\/\" class=\"avia-button av-aaau3-e3573e676ea05f5b4bf6cbae59781945 av-link-btn avia-icon_select-no avia-size-x-large avia-position-left avia-color-light\" aria-label=\"Kontakta oss\"><span class='avia_iconbox_title' >Kontakta oss<\/span><\/a><\/div>\n<\/div><\/section>\n<\/div><\/div><\/div><!-- close content main div --><\/div><\/div><div id='after_section_1'  class='main_color av_default_container_wrap container_wrap sidebar_right'  ><div class='container av-section-cont-open' ><div class='template-page content  av-content-small alpha units'><div class='post-entry post-entry-type-page post-entry-120615'><div class='entry-content-wrapper clearfix'><\/p>\n","protected":false},"excerpt":{"rendered":"<p>Vi \u00f6vers\u00e4tter \u00e4ven manualer, broschyrer och flygblad, oavsett om du beh\u00f6ver dem online eller offline. Med \u00f6ver 200 spr\u00e5k t\u00e4ckta, inklusive asiatiska, mellan\u00f6stern och v\u00e4sterl\u00e4ndska spr\u00e5k, kommer vi att f\u00e5 dig att se exceptionell ut p\u00e5 vilket spr\u00e5k som helst. <\/p>\n","protected":false},"author":1,"featured_media":105770,"parent":120032,"menu_order":3,"comment_status":"closed","ping_status":"closed","template":"","meta":{"footnotes":""},"class_list":["post-120615","page","type-page","status-publish","has-post-thumbnail","hentry"],"_links":{"self":[{"href":"https:\/\/www.star-ts.com\/sv\/wp-json\/wp\/v2\/pages\/120615","targetHints":{"allow":["GET"]}}],"collection":[{"href":"https:\/\/www.star-ts.com\/sv\/wp-json\/wp\/v2\/pages"}],"about":[{"href":"https:\/\/www.star-ts.com\/sv\/wp-json\/wp\/v2\/types\/page"}],"author":[{"embeddable":true,"href":"https:\/\/www.star-ts.com\/sv\/wp-json\/wp\/v2\/users\/1"}],"replies":[{"embeddable":true,"href":"https:\/\/www.star-ts.com\/sv\/wp-json\/wp\/v2\/comments?post=120615"}],"version-history":[{"count":0,"href":"https:\/\/www.star-ts.com\/sv\/wp-json\/wp\/v2\/pages\/120615\/revisions"}],"up":[{"embeddable":true,"href":"https:\/\/www.star-ts.com\/sv\/wp-json\/wp\/v2\/pages\/120032"}],"wp:featuredmedia":[{"embeddable":true,"href":"https:\/\/www.star-ts.com\/sv\/wp-json\/wp\/v2\/media\/105770"}],"wp:attachment":[{"href":"https:\/\/www.star-ts.com\/sv\/wp-json\/wp\/v2\/media?parent=120615"}],"curies":[{"name":"wp","href":"https:\/\/api.w.org\/{rel}","templated":true}]}}