{"id":120608,"date":"2025-12-08T14:11:07","date_gmt":"2025-12-08T14:11:07","guid":{"rendered":"https:\/\/www.star-ts.com\/marketing-services\/marketing-campaigns\/website-marketing\/"},"modified":"2025-12-08T14:11:12","modified_gmt":"2025-12-08T14:11:12","slug":"website-marketing","status":"publish","type":"page","link":"https:\/\/www.star-ts.com\/sv\/marketing-services\/marketing-campaigns\/website-marketing\/","title":{"rendered":"\u00d6vers\u00e4ttning av webbplatsmarknadsf\u00f6ring"},"content":{"rendered":"<p>\n<style type=\"text\/css\" data-created_by=\"avia_inline_auto\" id=\"style-css-av-4ljhnk-ab6907286ef6549d629f4b7da93ca31b\">\n.flex_column.av-4ljhnk-ab6907286ef6549d629f4b7da93ca31b{\nborder-radius:0px 0px 0px 0px;\npadding:0px 0px 0px 0px;\n}\n<\/style>\n<div  class='flex_column av-4ljhnk-ab6907286ef6549d629f4b7da93ca31b av_one_full  avia-builder-el-0  el_before_av_one_full  avia-builder-el-first  first flex_column_div av-zero-column-padding  '     ><section  class='av_textblock_section av-zvr99s-63789325d674fb9aebe8abda534b1e48 '   itemscope=\"itemscope\" itemtype=\"https:\/\/schema.org\/CreativeWork\" ><div class='avia_textblock'  itemprop=\"text\" ><h1>\u00d6vers\u00e4ttningstj\u00e4nster f\u00f6r webbplatsmarknadsf\u00f6ring<\/h1>\n<h3>S\u00e4lj mer online med \u00f6vers\u00e4ttning av din webbplats <abbr title=\"S\u00f6kmotoroptimering\">SEO<\/abbr>-, <abbr title=\"S\u00f6kmotormarknadsf\u00f6ring\">SEM<\/abbr>&#8211; och <abbr title=\"Betalning per klick\">PPC<\/abbr>-inneh\u00e5ll<\/h3>\n<\/div><\/section><\/div>\n<style type=\"text\/css\" data-created_by=\"avia_inline_auto\" id=\"style-css-av-2kvqzk-c8bf2667a9862162cc5590a0cf9f42fd\">\n.flex_column.av-2kvqzk-c8bf2667a9862162cc5590a0cf9f42fd{\nborder-radius:0px 0px 0px 0px;\npadding:0px 0px 0px 0px;\n}\n<\/style>\n<div  class='flex_column av-2kvqzk-c8bf2667a9862162cc5590a0cf9f42fd av_one_full  avia-builder-el-2  el_after_av_one_full  el_before_av_two_third  first flex_column_div av-zero-column-padding  column-top-margin'     ><section  class='av_textblock_section av-wkpukw-4ff4cc83d969aa405cd3b789beca7761 '   itemscope=\"itemscope\" itemtype=\"https:\/\/schema.org\/CreativeWork\" ><div class='avia_textblock'  itemprop=\"text\" ><h3>Marknadsf\u00f6ringstj\u00e4nster<\/h3>\n<p><a href=\"https:\/\/www.star-ts.com\/sv\/marketing-services\/\">Marknadsf\u00f6ringstj\u00e4nster<\/a><\/p>\n<p><a href=\"https:\/\/www.star-ts.com\/sv\/marketing-services\/digital-marketing\/\">Digital marknadsf\u00f6ring<\/a><\/p>\n<p><a href=\"https:\/\/www.star-ts.com\/sv\/marketing-services\/marketing-campaigns\/\">Marknadsf\u00f6ringskampanjer<\/a><\/p>\n<\/div><\/section><\/div><div  class='flex_column av-ux9i40-94b329e8a2588938d01395615efd28be av_two_third  avia-builder-el-4  el_after_av_one_full  el_before_av_one_third  first flex_column_div  column-top-margin'     ><section  class='av_textblock_section av-tbxo9s-c01dfae7048942c46e4946f4acf52bed '   itemscope=\"itemscope\" itemtype=\"https:\/\/schema.org\/CreativeWork\" ><div class='avia_textblock'  itemprop=\"text\" ><p>Att \u00f6vers\u00e4tta f\u00f6r webben \u00e4r en utmanande process f\u00f6r alla f\u00f6retag. Oavsett om du har en enkel webbplats som marknadsf\u00f6r dina produkter eller en komplex e-handelsapp \u00e4r utmaningarna desamma. STAR kan hj\u00e4lpa dig att aktivera, \u00f6vers\u00e4tta och leverera din webbplats till praktiskt taget alla internationella spr\u00e5k.<\/p>\n<\/div><\/section><\/div>\n<style type=\"text\/css\" data-created_by=\"avia_inline_auto\" id=\"style-css-av-r1dhtc-bed9a57cff4b0b2d1a8314f1379e9a5a\">\n.flex_column.av-r1dhtc-bed9a57cff4b0b2d1a8314f1379e9a5a{\nborder-radius:0px 0px 0px 0px;\npadding:0px 0px 0px 0px;\n}\n<\/style>\n<div  class='flex_column av-r1dhtc-bed9a57cff4b0b2d1a8314f1379e9a5a av_one_third  avia-builder-el-6  el_after_av_two_third  el_before_av_one_third  flex_column_div av-zero-column-padding  column-top-margin'     ><section  class='av_textblock_section av-qfvbg0-6fa91c48ea15e21e21a2f90d6c51fd82 '   itemscope=\"itemscope\" itemtype=\"https:\/\/schema.org\/CreativeWork\" ><div class='avia_textblock'  itemprop=\"text\" ><p><img decoding=\"async\" class=\"alignnone size-full wp-image-8791\" title=\"Webbplats \u00d6vers\u00e4ttning\" src=\"https:\/\/www.star-ts.com\/wp-content\/uploads\/2014\/03\/website-translation.jpg\" alt=\"Webbplats \u00d6vers\u00e4ttning\" width=\"400\" height=\"320\" srcset=\"https:\/\/www.star-ts.com\/wp-content\/uploads\/2014\/03\/website-translation.jpg 400w, https:\/\/www.star-ts.com\/wp-content\/uploads\/2014\/03\/website-translation-80x64.jpg 80w, https:\/\/www.star-ts.com\/wp-content\/uploads\/2014\/03\/website-translation-300x240.jpg 300w\" sizes=\"(max-width: 400px) 100vw, 400px\" \/><\/p>\n<\/div><\/section><\/div><div  class='flex_column av-op35pc-adc7fc2cf631d9ff493ad2cce04363f4 av_one_third  avia-builder-el-8  el_after_av_one_third  el_before_av_two_third  first flex_column_div  column-top-margin'     ><section  class='av_textblock_section av-ltp0sg-2da21e76ad939a5fc7af8abae48bc8c7 '   itemscope=\"itemscope\" itemtype=\"https:\/\/schema.org\/CreativeWork\" ><div class='avia_textblock'  itemprop=\"text\" ><h4>Filer vi accepterar f\u00f6r \u00f6vers\u00e4ttning<\/h4>\n<ul>\n<li><abbr title=\"Extensible markup language\">XML<\/abbr><\/li>\n<li><abbr title=\"Hypertext markup language\">HTML<\/abbr><\/li>\n<li><abbr title=\"Acrobat Portable Document Format\">PDF<\/abbr><\/li>\n<li><abbr title=\"Microsoft Excel-kalkylbladsfilformat\">XLSX<\/abbr><\/li>\n<li><abbr title=\"Adobe InDesign-dokument\">INDD<\/abbr> \/ <abbr title=\"Adobe InDesign Markup Language\">IDML<\/abbr><\/li>\n<li><abbr title=\"Microsoft Word-dokument\">DOCX<\/abbr><\/li>\n<li><abbr title=\"Microsoft PowerPoint-filformat\">PPTX<\/abbr><\/li>\n<li><abbr title=\"QuarkXPress-dokument\">QXD<\/abbr><\/li>\n<li><abbr title=\"AutoCAD Drawing Exchange Format\">DXF<\/abbr><\/li>\n<\/ul>\n<\/div><\/section><\/div>\n<style type=\"text\/css\" data-created_by=\"avia_inline_auto\" id=\"style-css-av-l4dvv4-d89f91f2ce5b4ca4222a7ef0381bce66\">\n.flex_column.av-l4dvv4-d89f91f2ce5b4ca4222a7ef0381bce66{\nborder-radius:0px 0px 0px 0px;\npadding:0px 0px 0px 0px;\n}\n<\/style>\n<div  class='flex_column av-l4dvv4-d89f91f2ce5b4ca4222a7ef0381bce66 av_two_third  avia-builder-el-10  el_after_av_one_third  el_before_av_one_full  flex_column_div av-zero-column-padding  column-top-margin'     ><section  class='av_textblock_section av-j442qo-6a28e5bdebc0ce6dad7b6d064c48a61e '   itemscope=\"itemscope\" itemtype=\"https:\/\/schema.org\/CreativeWork\" ><div class='avia_textblock'  itemprop=\"text\" ><h3>Webb\u00f6vers\u00e4ttningstj\u00e4nster<\/h3>\n<p>STAR kan hj\u00e4lpa dig att leverera din webbplats p\u00e5 vilket spr\u00e5k som helst. V\u00e5ra tekniska team kan bist\u00e5 dig med den kunskap som kr\u00e4vs f\u00f6r att s\u00e4kerst\u00e4lla att din nya webbplats kan fungera i en flerspr\u00e5kig milj\u00f6, s\u00e5 du kan lita p\u00e5 att din webbplats kan \u00f6vers\u00e4ttas och fungera p\u00e5 vilket spr\u00e5k som helst. <\/p>\n<p>V\u00e5ra \u00f6vers\u00e4ttningsteam anv\u00e4nder inf\u00f6dda \u00f6vers\u00e4ttare med erfarenhet av webbplats\u00f6vers\u00e4ttning. Detta inneb\u00e4r att vi f\u00f6rst\u00e5r dina krav f\u00f6r \u00f6vers\u00e4ttning av nyckelord, dina Google AdWords och till och med ditt <g id=\"gid_0\">SEM<\/g>-inneh\u00e5ll. Vi hj\u00e4lper dig att f\u00f6rmedla budskapet till dina kunder p\u00e5 deras eget spr\u00e5k.<\/p>\n<\/div><\/section><\/div><div  class='flex_column av-1p8rwg-f39005a5abc9cea080f75959cb644707 av_one_full  avia-builder-el-12  el_after_av_two_third  el_before_av_one_half  first flex_column_div  column-top-margin'     ><section  class='av_textblock_section av-1jmvds-1389035143c3b7b1a8530ffc42978841 '   itemscope=\"itemscope\" itemtype=\"https:\/\/schema.org\/CreativeWork\" ><div class='avia_textblock'  itemprop=\"text\" ><h3>Webbplats\u00f6vers\u00e4ttare<\/h3>\n<p>V\u00e5ra webbplats\u00f6vers\u00e4ttare arbetar i en skyddad milj\u00f6, vilket g\u00f6r det m\u00f6jligt f\u00f6r oss att leverera rena \u00f6versatta webbfiler tillbaka till dig. Oavsett om du anv\u00e4nder statisk HTML, ASP, XML eller ditt eget inneh\u00e5llshanteringssystem (CMS) har vi den tekniska expertisen f\u00f6r att hj\u00e4lpa dig lansera din n\u00e4sta webbplats p\u00e5 vilket spr\u00e5k som helst. Vi kan \u00f6vers\u00e4tta i praktiskt taget alla filformat f\u00f6r dig.<\/p>\n<\/div><\/section><\/div><div  class='flex_column av-dx9lyo-7e5b3fe3ae95e6018b30badf2fe1c7c5 av_one_half  avia-builder-el-14  el_after_av_one_full  el_before_av_one_half  first flex_column_div  column-top-margin'     ><section  class='av_textblock_section av-cf10r4-6b98885638b02054656d0b270d4ed7c0 '   itemscope=\"itemscope\" itemtype=\"https:\/\/schema.org\/CreativeWork\" ><div class='avia_textblock'  itemprop=\"text\" ><h3>Flerspr\u00e5kig SEO<\/h3>\n<p>Ditt marknadsf\u00f6ringsteam fokuserar p\u00e5 s\u00f6kmotoroptimering (SEO), s\u00f6kmotormarknadsf\u00f6ring (SEM) och m\u00e4tning av resultaten av kostnad per klick (CPC) och kostnad per \u00e5tg\u00e4rd (CPA). Vi vet att din webbplats beh\u00f6ver hantera flerspr\u00e5kiga nyckelord och meta-taggbeskrivningar. <\/p>\n<p>Att f\u00f6rst\u00e5 tekniken bakom detta och de f\u00e4rdigheter som kr\u00e4vs f\u00f6r att leverera \u00f6versatt inneh\u00e5ll \u00e4r vad vi g\u00f6r. F\u00e5 resultat med kvalitets\u00f6vers\u00e4ttning.<\/p>\n<\/div><\/section><\/div>\n<style type=\"text\/css\" data-created_by=\"avia_inline_auto\" id=\"style-css-av-a46rn4-289c04e548d0e70ad5dea0d2d4f4171e\">\n.flex_column.av-a46rn4-289c04e548d0e70ad5dea0d2d4f4171e{\nborder-radius:0px 0px 0px 0px;\npadding:0px 0px 0px 0px;\n}\n<\/style>\n<div  class='flex_column av-a46rn4-289c04e548d0e70ad5dea0d2d4f4171e av_one_half  avia-builder-el-16  el_after_av_one_half  el_before_av_one_full  flex_column_div av-zero-column-padding  column-top-margin'     ><section  class='av_textblock_section av-8wmwqo-2db6737020aeb8dc8354c6173656ae5b '   itemscope=\"itemscope\" itemtype=\"https:\/\/schema.org\/CreativeWork\" ><div class='avia_textblock'  itemprop=\"text\" ><h3>Flerspr\u00e5kig webbplatsaktivering<\/h3>\n<p>P\u00e5 teknisk niv\u00e5 beh\u00f6ver din webbplats hantera st\u00f6d f\u00f6r utl\u00e4ndska tecken och \u00f6vers\u00e4ttare beh\u00f6ver leverera ren kod tillbaka f\u00f6r webbplatsintegration.<\/p>\n<p>Hur kommer du att uppdatera \u00f6vers\u00e4ttningen l\u00f6pande?<\/p>\n<\/div><\/section><\/div><div  class='flex_column av-t483k-ba973d434256dc9fb5a87c51f5b21b8c av_one_full  avia-builder-el-18  el_after_av_one_half  el_before_av_one_full  first flex_column_div  column-top-margin'     ><section  class='av_textblock_section av-6dgl5s-bc2e6496ca84f7979096bd06b2131747 '   itemscope=\"itemscope\" itemtype=\"https:\/\/schema.org\/CreativeWork\" ><div class='avia_textblock'  itemprop=\"text\" ><h3>S\u00e4lj mer online!<\/h3>\n<p>Baserade i respektive land kan v\u00e5ra \u00f6vers\u00e4ttare och tekniska team hj\u00e4lpa dig med den b\u00e4sta strategin f\u00f6r att \u00f6vers\u00e4tta, leverera och optimera ditt inneh\u00e5ll f\u00f6r flerspr\u00e5kig leverans s\u00e5 att du kan s\u00e4lja mer online.<\/p>\n<p>Vi hj\u00e4lper f\u00f6retag att leverera produkter och dokument i elektroniskt format f\u00f6r e-handelsverksamhet. Genom att erbjuda \u00f6vers\u00e4ttningstj\u00e4nster, terminologihantering, global informationshantering och dokumentsystem hj\u00e4lper vi v\u00e5ra kunder med exportdokumentation, digital produktleverans och programvarulokalisering, flerspr\u00e5kig kundservice, flerspr\u00e5kig SEO och strategiska marknadsf\u00f6ringstj\u00e4nster.<\/p>\n<\/div><\/section><\/div><div  class='flex_column av-4314gg-dab3f1791c5cb8a360a93abfe6d6dbe7 av_one_full  avia-builder-el-20  el_after_av_one_full  avia-builder-el-last  first flex_column_div  column-top-margin'     ><section  class='av_textblock_section av-28c59s-62dc5098f5d14a98557d26d6f80016bf '   itemscope=\"itemscope\" itemtype=\"https:\/\/schema.org\/CreativeWork\" ><div class='avia_textblock'  itemprop=\"text\" ><p><a class=\"button\" href=\"https:\/\/www.star-ts.com\/sv\/marketing-services\/marketing-campaigns\/e-commerce\/\">E-handels\u00f6vers\u00e4ttning<\/a><\/p>\n<p><a class=\"button\" href=\"https:\/\/www.star-ts.com\/sv\/languages\/\">Spr\u00e5k<\/a><\/p>\n<\/div><\/section><\/div><\/p>\n","protected":false},"excerpt":{"rendered":"","protected":false},"author":1,"featured_media":0,"parent":120553,"menu_order":4,"comment_status":"closed","ping_status":"closed","template":"","meta":{"footnotes":""},"class_list":["post-120608","page","type-page","status-publish","hentry"],"_links":{"self":[{"href":"https:\/\/www.star-ts.com\/sv\/wp-json\/wp\/v2\/pages\/120608","targetHints":{"allow":["GET"]}}],"collection":[{"href":"https:\/\/www.star-ts.com\/sv\/wp-json\/wp\/v2\/pages"}],"about":[{"href":"https:\/\/www.star-ts.com\/sv\/wp-json\/wp\/v2\/types\/page"}],"author":[{"embeddable":true,"href":"https:\/\/www.star-ts.com\/sv\/wp-json\/wp\/v2\/users\/1"}],"replies":[{"embeddable":true,"href":"https:\/\/www.star-ts.com\/sv\/wp-json\/wp\/v2\/comments?post=120608"}],"version-history":[{"count":0,"href":"https:\/\/www.star-ts.com\/sv\/wp-json\/wp\/v2\/pages\/120608\/revisions"}],"up":[{"embeddable":true,"href":"https:\/\/www.star-ts.com\/sv\/wp-json\/wp\/v2\/pages\/120553"}],"wp:attachment":[{"href":"https:\/\/www.star-ts.com\/sv\/wp-json\/wp\/v2\/media?parent=120608"}],"curies":[{"name":"wp","href":"https:\/\/api.w.org\/{rel}","templated":true}]}}