{"id":120574,"date":"2025-12-08T14:10:34","date_gmt":"2025-12-08T14:10:34","guid":{"rendered":"https:\/\/www.star-ts.com\/marketing-services\/marketing-campaigns\/business-document-translation\/"},"modified":"2025-12-08T14:10:38","modified_gmt":"2025-12-08T14:10:38","slug":"business-document-translation","status":"publish","type":"page","link":"https:\/\/www.star-ts.com\/sv\/marketing-services\/marketing-campaigns\/business-document-translation\/","title":{"rendered":"\u00d6vers\u00e4ttning av aff\u00e4rsdokument"},"content":{"rendered":"<p>\n<style type=\"text\/css\" data-created_by=\"avia_inline_auto\" id=\"style-css-av-b8kss-045a868b4adc785c75496331dedb4104\">\n.flex_column.av-b8kss-045a868b4adc785c75496331dedb4104{\nborder-radius:0px 0px 0px 0px;\npadding:0px 0px 0px 0px;\n}\n<\/style>\n<div  class='flex_column av-b8kss-045a868b4adc785c75496331dedb4104 av_one_full  avia-builder-el-0  el_before_av_one_third  avia-builder-el-first  first flex_column_div av-zero-column-padding  '     ><section  class='av_textblock_section av-q417xo-8f3df39e6b647ebdc8d83b797c317847 '   itemscope=\"itemscope\" itemtype=\"https:\/\/schema.org\/CreativeWork\" ><div class='avia_textblock'  itemprop=\"text\" ><h1>\u00d6vers\u00e4ttningstj\u00e4nster f\u00f6r aff\u00e4rsdokument<\/h1>\n<h3>Vi hj\u00e4lper er att g\u00f6ra aff\u00e4rer p\u00e5 flera spr\u00e5k<\/h3>\n<\/div><\/section><br \/>\n<section  class='av_textblock_section av-m2gqj0-9a6ef062835fdc93a6df4fdaa13ef85f '   itemscope=\"itemscope\" itemtype=\"https:\/\/schema.org\/CreativeWork\" ><div class='avia_textblock'  itemprop=\"text\" ><h3>Marknadsf\u00f6ringstj\u00e4nster<\/h3>\n<div class=\"imT X3s\"><a href=\"https:\/\/www.star-ts.com\/sv\/marketing-services\/\">Marknadsf\u00f6ringstj\u00e4nster<\/a><\/div>\n<div class=\"imT X3s\"><a href=\"https:\/\/www.star-ts.com\/sv\/marketing-services\/digital-marketing\/\">Digital marknadsf\u00f6ring<\/a><\/div>\n<div class=\"imT X3s\"><a href=\"https:\/\/www.star-ts.com\/sv\/marketing-services\/design\/\">Design<\/a><\/div>\n<\/div><\/section><\/p><\/div><div  class='flex_column av-k33i8s-bf1b1b09af96810e5def5e6c74b2ab18 av_one_third  avia-builder-el-3  el_after_av_one_full  el_before_av_two_third  first flex_column_div  column-top-margin'     ><section  class='av_textblock_section av-jja78c-e2e95e4497e96080e137f23c541225b4 '   itemscope=\"itemscope\" itemtype=\"https:\/\/schema.org\/CreativeWork\" ><div class='avia_textblock'  itemprop=\"text\" ><p><img decoding=\"async\" class=\"alignnone wp-image-8868 size-full\" src=\"https:\/\/www.star-ts.com\/wp-content\/uploads\/2014\/02\/business-docs.jpg\" alt=\"\u00d6vers\u00e4ttningstj\u00e4nster f\u00f6r aff\u00e4rsdokument\" width=\"400\" height=\"320\" srcset=\"https:\/\/www.star-ts.com\/wp-content\/uploads\/2014\/02\/business-docs.jpg 400w, https:\/\/www.star-ts.com\/wp-content\/uploads\/2014\/02\/business-docs-80x64.jpg 80w, https:\/\/www.star-ts.com\/wp-content\/uploads\/2014\/02\/business-docs-300x240.jpg 300w\" sizes=\"(max-width: 400px) 100vw, 400px\" \/><\/p>\n<\/div><\/section><\/div><\/p>\n\n<style type=\"text\/css\" data-created_by=\"avia_inline_auto\" id=\"style-css-av-gzgqbg-be8b311838e88053242b93e7c95d2d56\">\n.flex_column.av-gzgqbg-be8b311838e88053242b93e7c95d2d56{\nborder-radius:0px 0px 0px 0px;\npadding:0px 0px 0px 0px;\n}\n<\/style>\n<div  class='flex_column av-gzgqbg-be8b311838e88053242b93e7c95d2d56 av_two_third  avia-builder-el-5  el_after_av_one_third  el_before_av_two_third  flex_column_div av-zero-column-padding  column-top-margin'     ><section  class='av_textblock_section av-fsjdlo-367f79fb2eac64853ba8dacd86dafac8 '   itemscope=\"itemscope\" itemtype=\"https:\/\/schema.org\/CreativeWork\" ><div class='avia_textblock'  itemprop=\"text\" ><p>Att vara framg\u00e5ngsrik inom aff\u00e4rsverksamhet handlar om tydlighet, precision och kvalitet. Alla era aff\u00e4rsdokument \u00e4r v\u00e4rdefulla eftersom de representerar er och ert f\u00f6retag. N\u00e4r ni arbetar med internationella f\u00f6retag runt om i v\u00e4rlden b\u00f6r ni tala till dem p\u00e5 deras eget spr\u00e5k. STAR translation arbetar med kunder \u00f6ver hela v\u00e4rlden och levererar enast\u00e5ende \u00f6vers\u00e4ttningar f\u00f6r deras dokument, broschyrer, webbplatser och andra aff\u00e4rsdokument.<\/p>\n<\/div><\/section><\/div>\n<div  class='flex_column av-ec5nss-dc02d0c1a3c17a8254d8bff9d2f5c55b av_two_third  avia-builder-el-7  el_after_av_two_third  el_before_av_one_third  first flex_column_div  column-top-margin'     ><section  class='av_textblock_section av-ckgpi4-94a1a335e14a0ea7db96ac71f3260267 '   itemscope=\"itemscope\" itemtype=\"https:\/\/schema.org\/CreativeWork\" ><div class='avia_textblock'  itemprop=\"text\" ><h3>6 sk\u00e4l att \u00f6vers\u00e4tta era aff\u00e4rsdokument<\/h3>\n<p><strong>1. \u00d6ka internationell f\u00f6rs\u00e4ljning.<\/strong><br \/>\nDet \u00e4r ett k\u00e4nt faktum att kunder f\u00f6redrar att k\u00f6pa p\u00e5 sitt eget spr\u00e5k.<\/p>\n<p><strong>2. Ligga steget f\u00f6re konkurrenterna.<\/strong><br \/>\n\u00d6vers\u00e4ttning ger er m\u00f6jligheten att s\u00e4lja i l\u00e4nder som era konkurrenter kanske inte har t\u00e4nkt p\u00e5 \u00e4nnu.<\/p>\n<p><strong>3. Kostnadseffektivt marknadsf\u00f6ringsverktyg<\/strong><br \/>\nJ\u00e4mf\u00f6rt med kostnaden f\u00f6r att utveckla en ny produkt \u00e4r \u00f6vers\u00e4ttning av er webbplats ett billigt s\u00e4tt att ut\u00f6ka era f\u00f6rs\u00e4ljningskanaler till ett annat land. \u00d6vers\u00e4ttning av mikrosajter eller landningssidor \u00e4r ett billigt s\u00e4tt att testa en ny marknad. <\/p>\n<p><strong>4. F\u00f6rtroende<\/strong><br \/>\nOm ni talar till era kunder p\u00e5 deras spr\u00e5k med professionell kvalitets\u00f6vers\u00e4ttning visar det att ni bryr er om dem. Det bygger f\u00f6rtroende och kundlojalitet. <\/p>\n<p><strong>5. Rikta in er lokalt<\/strong><br \/>\n\u00d6vers\u00e4ttning kombinerat med riktade landningssidor inneb\u00e4r att ni kan rikta in er p\u00e5 mycket specifika regioner f\u00f6r ny f\u00f6rs\u00e4ljning f\u00f6r b\u00e4sta ROI.<\/p>\n<p><strong>6. S\u00f6kmotorer<\/strong><br \/>\nS\u00f6kmotorer \u00e4lskar \u00f6versatta webbplatser. Gjort p\u00e5 r\u00e4tt s\u00e4tt kommer det att f\u00f6rb\u00e4ttra er s\u00f6kmotorrankning i specifika l\u00e4nder och f\u00f6rb\u00e4ttra er globala SEO-rankning.<\/p>\n<\/div><\/section><\/div>\n\n<style type=\"text\/css\" data-created_by=\"avia_inline_auto\" id=\"style-css-av-aq9b18-6c28f21368938b8338c48c77991f075f\">\n.flex_column.av-aq9b18-6c28f21368938b8338c48c77991f075f{\nborder-radius:0px 0px 0px 0px;\npadding:0px 0px 0px 0px;\n}\n<\/style>\n<div  class='flex_column av-aq9b18-6c28f21368938b8338c48c77991f075f av_one_third  avia-builder-el-9  el_after_av_two_third  el_before_av_one_full  flex_column_div av-zero-column-padding  column-top-margin'     ><section  class='av_textblock_section av-988v18-726410862e0d90be05d57e380db3b395 '   itemscope=\"itemscope\" itemtype=\"https:\/\/schema.org\/CreativeWork\" ><div class='avia_textblock'  itemprop=\"text\" ><h4>Vad vi accepterar f\u00f6r \u00f6vers\u00e4ttning<\/h4>\n<ul>\n<li>Personalhandb\u00f6cker<\/li>\n<li>Kontrakt<\/li>\n<li>Aff\u00e4rsbrev<\/li>\n<li>Avtal<\/li>\n<li>Produktbroschyrer<\/li>\n<li>PowerPoint-presentationer<\/li>\n<li>Finansiella rapporter<\/li>\n<li>Meddelanden i sociala medier<\/li>\n<\/ul>\n<\/div><\/section><\/div>\n<div  class='flex_column av-7h0evg-e6b9b1e186b6003a22ba1527e727c073 av_one_full  avia-builder-el-11  el_after_av_one_third  el_before_av_section  avia-builder-el-last  first flex_column_div  column-top-margin'     ><section  class='av_textblock_section av-5xkygc-d178ba30fd54c29e682b0e53b70a3086 '   itemscope=\"itemscope\" itemtype=\"https:\/\/schema.org\/CreativeWork\" ><div class='avia_textblock'  itemprop=\"text\" ><h3>Kontakta oss<\/h3>\n<p>STAR verkar i 44 l\u00e4nder s\u00e5 vi f\u00f6rst\u00e5r utmaningarna med att g\u00f6ra global aff\u00e4rsverksamhet. Vi arbetar med kunder inom m\u00e5nga olika branscher och sektorer s\u00e5 vi kan hj\u00e4lpa er att f\u00e5 ut det mesta av era marknadsf\u00f6ringsbudgetar. Vi skulle g\u00e4rna vilja prata med er om era marknadsf\u00f6ringsplaner och hur vi kan hj\u00e4lpa er att g\u00f6ra mer global aff\u00e4rsverksamhet.<\/p>\n<\/div><\/section><\/div>\n<\/div><\/div><\/div><!-- close content main div --><\/div><\/div>\n<style type=\"text\/css\" data-created_by=\"avia_inline_auto\" id=\"style-css-av-k0gx2157-307699bb8bdeb8c22c0065ee0c218e70\">\n.avia-section.av-k0gx2157-307699bb8bdeb8c22c0065ee0c218e70{\nbackground-color:#ff7f27;\nbackground-image:unset;\n}\n<\/style>\n<div id='av_section_1'  class='avia-section av-k0gx2157-307699bb8bdeb8c22c0065ee0c218e70 main_color avia-section-default avia-no-border-styling  avia-builder-el-13  el_after_av_one_full  avia-builder-el-last  avia-bg-style-scroll container_wrap sidebar_right'  ><div class='container av-section-cont-open' ><div class='template-page content  av-content-small alpha units'><div class='post-entry post-entry-type-page post-entry-120574'><div class='entry-content-wrapper clearfix'>\n<section  class='av_textblock_section av-zffpn-9b19d1d65eda350fe1fbef528189f03e '   itemscope=\"itemscope\" itemtype=\"https:\/\/schema.org\/CreativeWork\" ><div class='avia_textblock'  itemprop=\"text\" ><h2><span style=\"color: #ffffff;\">B\u00f6rja nu<\/span><\/h2>\n<div  class='avia-button-wrap av-aaau3-e3573e676ea05f5b4bf6cbae59781945-wrap avia-button-left  avia-builder-el-15  avia-builder-el-no-sibling '><a href='https:\/\/www.star-ts.com\/sv\/kontakt\/'  class='avia-button av-aaau3-e3573e676ea05f5b4bf6cbae59781945 av-link-btn avia-icon_select-no avia-size-x-large avia-position-left avia-color-light'   aria-label=\"Kontakta oss\"><span class='avia_iconbox_title' >Kontakta oss<\/span><\/a><\/div>\n<\/div><\/section>\n<\/div><\/div><\/div><!-- close content main div --><\/div><\/div><div id='after_section_1'  class='main_color av_default_container_wrap container_wrap sidebar_right'  ><div class='container av-section-cont-open' ><div class='template-page content  av-content-small alpha units'><div class='post-entry post-entry-type-page post-entry-120574'><div class='entry-content-wrapper clearfix'>\n","protected":false},"excerpt":{"rendered":"","protected":false},"author":1,"featured_media":66643,"parent":120553,"menu_order":2,"comment_status":"open","ping_status":"closed","template":"","meta":{"footnotes":""},"class_list":["post-120574","page","type-page","status-publish","has-post-thumbnail","hentry"],"_links":{"self":[{"href":"https:\/\/www.star-ts.com\/sv\/wp-json\/wp\/v2\/pages\/120574","targetHints":{"allow":["GET"]}}],"collection":[{"href":"https:\/\/www.star-ts.com\/sv\/wp-json\/wp\/v2\/pages"}],"about":[{"href":"https:\/\/www.star-ts.com\/sv\/wp-json\/wp\/v2\/types\/page"}],"author":[{"embeddable":true,"href":"https:\/\/www.star-ts.com\/sv\/wp-json\/wp\/v2\/users\/1"}],"replies":[{"embeddable":true,"href":"https:\/\/www.star-ts.com\/sv\/wp-json\/wp\/v2\/comments?post=120574"}],"version-history":[{"count":0,"href":"https:\/\/www.star-ts.com\/sv\/wp-json\/wp\/v2\/pages\/120574\/revisions"}],"up":[{"embeddable":true,"href":"https:\/\/www.star-ts.com\/sv\/wp-json\/wp\/v2\/pages\/120553"}],"wp:featuredmedia":[{"embeddable":true,"href":"https:\/\/www.star-ts.com\/sv\/wp-json\/wp\/v2\/media\/66643"}],"wp:attachment":[{"href":"https:\/\/www.star-ts.com\/sv\/wp-json\/wp\/v2\/media?parent=120574"}],"curies":[{"name":"wp","href":"https:\/\/api.w.org\/{rel}","templated":true}]}}