{"id":120566,"date":"2025-12-08T14:10:14","date_gmt":"2025-12-08T14:10:14","guid":{"rendered":"https:\/\/www.star-ts.com\/translation-services\/"},"modified":"2025-12-08T14:11:36","modified_gmt":"2025-12-08T14:11:36","slug":"translation-services","status":"publish","type":"page","link":"https:\/\/www.star-ts.com\/sv\/translation-services\/","title":{"rendered":"\u00d6vers\u00e4ttningstj\u00e4nster"},"content":{"rendered":"<div id='full_slider_1'  class='avia-fullwidth-slider main_color avia-shadow av-medium-hide av-small-hide av-mini-hide  avia-builder-el-0  el_before_av_one_third  avia-builder-el-first   container_wrap sidebar_right'  >\n<style type=\"text\/css\" data-created_by=\"avia_inline_auto\" id=\"style-css-av-mcx6fgxp-154e3a5c603603b2092159f89a46f9c8\">\n\n@media only screen and (max-width: 479px){ \n#top .avia-slideshow .av-slideshow-caption.av-mcx6fgxp-154e3a5c603603b2092159f89a46f9c8__0 .avia-caption-content{\ndisplay:none;\n}\n#top .avia-slideshow .av-slideshow-caption.av-mcx6fgxp-154e3a5c603603b2092159f89a46f9c8__0 .avia-caption-content p{\ndisplay:none;\n}\n}\n<\/style>\n<div  class='avia-slideshow av-mcx6fgxp-154e3a5c603603b2092159f89a46f9c8 avia-slideshow-featured av_slideshow_full avia-slide-slider av-medium-hide av-small-hide av-mini-hide av-slideshow-ui av-control-default av-slideshow-manual av-loop-once av-loop-manual-endless av-default-height-applied   avia-slideshow-1' data-slideshow-options=\"{&quot;animation&quot;:&quot;slide&quot;,&quot;autoplay&quot;:false,&quot;loop_autoplay&quot;:&quot;once&quot;,&quot;interval&quot;:5,&quot;loop_manual&quot;:&quot;manual-endless&quot;,&quot;autoplay_stopper&quot;:false,&quot;noNavigation&quot;:false,&quot;bg_slider&quot;:false,&quot;keep_padding&quot;:false,&quot;hoverpause&quot;:false,&quot;show_slide_delay&quot;:0}\"  itemprop=\"image\" itemscope=\"itemscope\" itemtype=\"https:\/\/schema.org\/ImageObject\" ><ul class='avia-slideshow-inner ' style='padding-bottom: 28.666666666667%;'><li  class='avia-slideshow-slide av-mcx6fgxp-154e3a5c603603b2092159f89a46f9c8__0  av-single-slide slide-1 slide-odd'><div data-rel='slideshow-1' class='avia-slide-wrap '   ><div class='av-slideshow-caption av-mcx6fgxp-154e3a5c603603b2092159f89a46f9c8__0 caption_fullwidth caption_center caption_center_framed caption_framed'><div class=\"container caption_container\"><div class=\"slideshow_caption\"><div class=\"slideshow_inner_caption\"><div class=\"slideshow_align_caption\"><h2 class='avia-caption-title '  itemprop=\"name\" >Professionella m\u00e4nskliga \u00f6vers\u00e4ttningstj\u00e4nster<\/h2><div class='avia-caption-content '  itemprop=\"description\" ><p>\u00d6vers\u00e4ttningstj\u00e4nster av h\u00f6g kvalitet inom r\u00e4ckh\u00e5ll<\/p>\n<\/div><\/div><\/div><\/div><\/div><\/div><img decoding=\"async\" fetchpriority=\"high\" class=\"wp-image-106340 avia-img-lazy-loading-not-106340\"  src=\"https:\/\/www.star-ts.com\/wp-content\/uploads\/2019\/10\/businessman-2682712_1920-1500x430.jpg\" width=\"1500\" height=\"430\" title='aff\u00e4rsman-\u00f6vers\u00e4ttning-v\u00e4rld' alt='\u00d6vers\u00e4ttning | \u00d6vers\u00e4ttare | V\u00e4rldsomfattande'  itemprop=\"thumbnailUrl\"   \/><\/div><\/li><\/ul><\/div><\/div><div id='after_full_slider_1'  class='main_color av_default_container_wrap container_wrap sidebar_right'  ><div class='container av-section-cont-open' ><div class='template-page content  av-content-small alpha units'><div class='post-entry post-entry-type-page post-entry-120566'><div class='entry-content-wrapper clearfix'>\n\n<style type=\"text\/css\" data-created_by=\"avia_inline_auto\" id=\"style-css-av-1cfz1kv-6bc8ac6f19731975e53956e57f3bf149\">\n.flex_column.av-1cfz1kv-6bc8ac6f19731975e53956e57f3bf149{\nborder-radius:0px 0px 0px 0px;\npadding:0px 0px 0px 0px;\n}\n<\/style>\n<div  class='flex_column av-1cfz1kv-6bc8ac6f19731975e53956e57f3bf149 av_one_third  avia-builder-el-1  el_after_av_slideshow_full  el_before_av_two_third  avia-builder-el-first  first flex_column_div av-zero-column-padding  '     ><style type=\"text\/css\" data-created_by=\"avia_inline_auto\" id=\"style-css-av-kls2lfop-98a249198ee262ad9a9a55c69bb5110e\">\n.avia-image-container.av-kls2lfop-98a249198ee262ad9a9a55c69bb5110e img.avia_image{\nbox-shadow:none;\n}\n.avia-image-container.av-kls2lfop-98a249198ee262ad9a9a55c69bb5110e .av-image-caption-overlay-center{\ncolor:#ffffff;\n}\n<\/style>\n<div  class='avia-image-container av-kls2lfop-98a249198ee262ad9a9a55c69bb5110e av-styling- avia_animated_image av-animated-when-visible-95 pop-up avia-align-center  avia-builder-el-2  avia-builder-el-no-sibling '   itemprop=\"image\" itemscope=\"itemscope\" itemtype=\"https:\/\/schema.org\/ImageObject\" ><div class=\"avia-image-container-inner\"><div class=\"avia-image-overlay-wrap\"><img decoding=\"async\" loading=\"lazy\" class='wp-image-69698 avia-img-lazy-loading-69698 avia_image ' src=\"https:\/\/www.star-ts.com\/wp-content\/uploads\/2014\/02\/star-computer.png\" alt='b\u00e4rbar dator med v\u00e4rlden p\u00e5 sk\u00e4rmen' title='b\u00e4rbar dator med v\u00e4rlden p\u00e5 sk\u00e4rmen'  height=\"320\" width=\"400\"  itemprop=\"thumbnailUrl\" srcset=\"https:\/\/www.star-ts.com\/wp-content\/uploads\/2014\/02\/star-computer.png 400w, https:\/\/www.star-ts.com\/wp-content\/uploads\/2014\/02\/star-computer-80x64.png 80w, https:\/\/www.star-ts.com\/wp-content\/uploads\/2014\/02\/star-computer-300x240.png 300w\" sizes=\"auto, (max-width: 400px) 100vw, 400px\" \/><\/div><\/div><\/div><\/div>\n<p><div  class='flex_column av-1ftv49b-cae652297cb6a3c2e86a6d10c055068e av_two_third  avia-builder-el-3  el_after_av_one_third  el_before_av_two_third  flex_column_div  '     ><section  class='av_textblock_section av-533k27-3698d938a988e3f15d65b4954c026ed1 '   itemscope=\"itemscope\" itemtype=\"https:\/\/schema.org\/CreativeWork\" ><div class='avia_textblock'  itemprop=\"text\" ><h1>Nyckeln till global framg\u00e5ng: STAR tar dig dit<\/h1>\n<p>\u00c4r du redo att er\u00f6vra v\u00e4rlden? F\u00f6rest\u00e4ll dig ditt varum\u00e4rke som resonerar s\u00f6ml\u00f6st \u00f6ver gr\u00e4nser, kulturer och spr\u00e5k. P\u00e5 STAR omvandlar vi ditt inneh\u00e5ll till en kraftfull global styrka.  <\/p>\n<ul>\n<li><strong>Precision:<\/strong> V\u00e5ra expertlingvister utformar noggrant \u00f6vers\u00e4ttningar som f\u00e5ngar essensen i ditt budskap. Oavsett om det g\u00e4ller juridiska dokument, marknadsf\u00f6ringsmaterial eller tekniska manualer s\u00e4kerst\u00e4ller vi noggrannhet och tydlighet. <\/li>\n<li><strong>Varum\u00e4rkeskonsistens:<\/strong> Ditt varum\u00e4rke \u00e4r din identitet. Vi f\u00f6rst\u00e5r det. Med STAR f\u00f6rblir din varum\u00e4rkesr\u00f6st konsekvent p\u00e5 alla spr\u00e5k. Inga fler f\u00f6rlorade nyanser eller felriktade budskap.   <\/li>\n<li><strong>Global r\u00e4ckvidd:<\/strong> Vi arbetar med \u00f6ver 200 spr\u00e5k. Fr\u00e5n mandarin till spanska, arabiska till ryska, vi t\u00e4cker allt. V\u00e5rt omfattande n\u00e4tverk av modersm\u00e5lstalare s\u00e4kerst\u00e4ller kulturell k\u00e4nslighet och relevans.  <\/li>\n<\/ul>\n<\/div><\/section><\/div>\n<style type=\"text\/css\" data-created_by=\"avia_inline_auto\" id=\"style-css-av-168z4y7-a6a2bdca7ede95a4f704cdfadd9fb6f6\">\n.flex_column.av-168z4y7-a6a2bdca7ede95a4f704cdfadd9fb6f6{\nborder-radius:0px 0px 0px 0px;\npadding:0px 0px 0px 0px;\n}\n<\/style>\n<div  class='flex_column av-168z4y7-a6a2bdca7ede95a4f704cdfadd9fb6f6 av_two_third  avia-builder-el-5  el_after_av_two_third  el_before_av_one_third  first flex_column_div av-zero-column-padding  column-top-margin'     ><section  class='av_textblock_section av-41pqzj-bc37a0fda9ce4e9b7d7c2d3fca9b6492 '   itemscope=\"itemscope\" itemtype=\"https:\/\/schema.org\/CreativeWork\" ><div class='avia_textblock'  itemprop=\"text\" ><h3>Varf\u00f6r arbeta med oss?<\/h3>\n<p>Med mer \u00e4n 50 kontor runt om i v\u00e4rlden som syssels\u00e4tter \u00f6ver 950 specialister hj\u00e4lper vi dig att kommunicera effektivt genom att f\u00e5 dina dokument, filer och inneh\u00e5ll \u00f6versatta till praktiskt taget vilket spr\u00e5k som helst. V\u00e5ra \u00f6vers\u00e4ttningstj\u00e4nster \u00e4r certifierade enligt kvalitetsstandarderna <a href=\"https:\/\/www.star-ts.com\/sv\/translation-faq\/vad-innebar-iso-9001-certifiering\/\">ISO 9001<\/a> och <a href=\"https:\/\/www.star-ts.com\/sv\/translation-faq\/what-is-iso17100-certification\/\">ISO 17100<\/a>. F\u00f6retag som BMW, Ferrari samt statliga myndigheter runt om i v\u00e4rlden f\u00f6rlitar sig p\u00e5 oss varje dag f\u00f6r att leverera. Du \u00e4r i trygga h\u00e4nder med STAR.   <\/p>\n<h3>Kundreferenser:<\/h3>\n<p>L\u00e4s vad <a href=\"https:\/\/www.star-ts.com\/sv\/about\/customer-references\/\">v\u00e5ra kunder s\u00e4ger om oss<\/a>.<\/p>\n<\/div><\/section><\/div><\/p>\n<div  class='flex_column av-193feq7-87165a96367a8d5535d0a6895069be35 av_one_third  avia-builder-el-7  el_after_av_two_third  el_before_av_one_third  flex_column_div  column-top-margin'     ><section  class='av_textblock_section av-1878i1r-02b57c86630e8e5cfe3404b003df5a95 '   itemscope=\"itemscope\" itemtype=\"https:\/\/schema.org\/CreativeWork\" ><div class='avia_textblock'  itemprop=\"text\" ><h4>Viktiga \u00f6vers\u00e4ttningstj\u00e4nster<\/h4>\n<ul>\n<li><a href=\"https:\/\/www.star-ts.com\/sv\/translation-services\/webbplatsoversattning-och-lokaliseringstjanster\/\">Webbplats\u00f6vers\u00e4ttning<\/a><\/li>\n<li><a href=\"https:\/\/www.star-ts.com\/sv\/translation-services\/technical-translation\/\">Teknisk publikation<\/a><\/li>\n<li><a href=\"https:\/\/www.star-ts.com\/sv\/translation-services\/automotive-industry\/\">Fordons\u00f6vers\u00e4ttning<\/a><\/li>\n<li><a href=\"https:\/\/www.star-ts.com\/sv\/translation-services\/government-translation-services\/\">\u00d6vers\u00e4ttning f\u00f6r offentlig sektor<\/a><\/li>\n<li><a href=\"https:\/\/www.star-ts.com\/sv\/translation-services\/documents\/oversattning-av-handbocker-och-bruksanvisningar\/\">\u00d6vers\u00e4ttning av anv\u00e4ndarmanual<\/a><\/li>\n<\/ul>\n<\/div><\/section><\/div>\n\n<style type=\"text\/css\" data-created_by=\"avia_inline_auto\" id=\"style-css-av-d37n4f-0ea079f556f8cff5359eb176d0a83653\">\n.flex_column.av-d37n4f-0ea079f556f8cff5359eb176d0a83653{\nborder-radius:0px 0px 0px 0px;\npadding:0px 0px 0px 0px;\n}\n<\/style>\n<div  class='flex_column av-d37n4f-0ea079f556f8cff5359eb176d0a83653 av_one_third  avia-builder-el-9  el_after_av_one_third  el_before_av_two_third  first flex_column_div av-zero-column-padding  column-top-margin'     ><style type=\"text\/css\" data-created_by=\"avia_inline_auto\" id=\"style-css-av-kls2pnv2-41206c460a36e6409dbf6b9dd5d0c9d9\">\n.avia-image-container.av-kls2pnv2-41206c460a36e6409dbf6b9dd5d0c9d9 img.avia_image{\nbox-shadow:none;\n}\n.avia-image-container.av-kls2pnv2-41206c460a36e6409dbf6b9dd5d0c9d9 .av-image-caption-overlay-center{\ncolor:#ffffff;\n}\n<\/style>\n<div  class='avia-image-container av-kls2pnv2-41206c460a36e6409dbf6b9dd5d0c9d9 av-styling- avia_animated_image av-animated-when-visible-95 left-to-right avia-align-center  avia-builder-el-10  avia-builder-el-no-sibling '   itemprop=\"image\" itemscope=\"itemscope\" itemtype=\"https:\/\/schema.org\/ImageObject\" ><div class=\"avia-image-container-inner\"><div class=\"avia-image-overlay-wrap\"><img decoding=\"async\" loading=\"lazy\" class='wp-image-66688 avia-img-lazy-loading-66688 avia_image ' src=\"https:\/\/www.star-ts.com\/wp-content\/uploads\/2014\/03\/languages1.png\" alt='V\u00e4rlden Jord \u00d6vers\u00e4ttningsfiler' title='V\u00e4rlden Jord \u00d6vers\u00e4ttningsfiler'  height=\"320\" width=\"400\"  itemprop=\"thumbnailUrl\" srcset=\"https:\/\/www.star-ts.com\/wp-content\/uploads\/2014\/03\/languages1.png 400w, https:\/\/www.star-ts.com\/wp-content\/uploads\/2014\/03\/languages1-80x64.png 80w, https:\/\/www.star-ts.com\/wp-content\/uploads\/2014\/03\/languages1-300x240.png 300w\" sizes=\"auto, (max-width: 400px) 100vw, 400px\" \/><\/div><\/div><\/div><\/div>\n<div  class='flex_column av-136ty1b-bd5c82257f8e0b03d339ea8849e633fa av_two_third  avia-builder-el-11  el_after_av_one_third  el_before_av_one_full  flex_column_div  column-top-margin'     ><section  class='av_textblock_section av-11ockgv-f7a58ac6adf3ab5683da8029c6827bac '   itemscope=\"itemscope\" itemtype=\"https:\/\/schema.org\/CreativeWork\" ><div class='avia_textblock'  itemprop=\"text\" ><h3>Aff\u00e4rer \u00e4r globala<\/h3>\n<p>Det \u00e4r viktigt att tala med dina kunder p\u00e5 deras eget spr\u00e5k. P\u00e5 STAR hj\u00e4lper vi dig att leverera inneh\u00e5ll p\u00e5 det spr\u00e5k dina kunder beh\u00f6ver. \u00d6vers\u00e4ttningstj\u00e4nster hj\u00e4lper till att betj\u00e4na dina globala kunder.  <\/p>\n<h3>&#8221;72,4 % av konsumenterna sa att de skulle vara mer ben\u00e4gna att k\u00f6pa en produkt med information p\u00e5 sitt eget spr\u00e5k.&#8221;<\/h3>\n<\/div><\/section><\/div>\n\n<style type=\"text\/css\" data-created_by=\"avia_inline_auto\" id=\"style-css-av-wngngf-6ef84785b2c1bc8f108ee3be0c977fd0\">\n.flex_column.av-wngngf-6ef84785b2c1bc8f108ee3be0c977fd0{\nborder-radius:0px 0px 0px 0px;\npadding:0px 0px 0px 0px;\n}\n<\/style>\n<div  class='flex_column av-wngngf-6ef84785b2c1bc8f108ee3be0c977fd0 av_one_full  avia-builder-el-13  el_after_av_two_third  el_before_av_one_full  first flex_column_div av-zero-column-padding  column-top-margin'     ><section  class='av_textblock_section av-ugnptr-1da3d32625dc2e231aec140cd5234bf3 '   itemscope=\"itemscope\" itemtype=\"https:\/\/schema.org\/CreativeWork\" ><div class='avia_textblock'  itemprop=\"text\" ><h3>Tj\u00e4nster f\u00f6r webbplats\u00f6vers\u00e4ttning<\/h3>\n<p>\u00d6vers\u00e4tt din webbplats och n\u00e5 nya kunder p\u00e5 nya marknader eller f\u00f6r att b\u00e4ttre betj\u00e4na befintliga. Vi \u00f6vers\u00e4tter m\u00e5nga av de ledande systemen inklusive WordPress, DNN, Joomla, Expression Engine och mer. Vi arbetar med kund-CMS-system och tekniska filformat som XLIFF. Vi kan ge r\u00e5d om CMS-kopplingar till m\u00e5nga av de ledande inneh\u00e5llshanteringssystemen.   <\/p>\n<p><a href=\"https:\/\/www.star-ts.com\/sv\/translation-services\/webbplatsoversattning-och-lokaliseringstjanster\/\">Webbplats \u00d6vers\u00e4ttning<\/a><\/p>\n<\/div><\/section><\/div>\n\n<style type=\"text\/css\" data-created_by=\"avia_inline_auto\" id=\"style-css-av-penxmn-ad136c597849124732bf11481b96ef4d\">\n.flex_column.av-penxmn-ad136c597849124732bf11481b96ef4d{\nborder-radius:0px 0px 0px 0px;\npadding:0px 0px 0px 0px;\n}\n<\/style>\n<div  class='flex_column av-penxmn-ad136c597849124732bf11481b96ef4d av_one_full  avia-builder-el-15  el_after_av_one_full  el_before_av_one_full  first flex_column_div av-zero-column-padding  column-top-margin'     ><section  class='av_textblock_section av-oov09r-fdc5680d9170bfa5f85c25ac05429af0 '   itemscope=\"itemscope\" itemtype=\"https:\/\/schema.org\/CreativeWork\" ><div class='avia_textblock'  itemprop=\"text\" ><h3>Dokument\u00f6vers\u00e4ttningstj\u00e4nster<\/h3>\n<p>Oavsett om det \u00e4r en teknisk manual eller en personalhandbok kommer vi att hantera din dokument\u00f6vers\u00e4ttning \u00e5t dig fr\u00e5n originaldokumentet till den slutliga layouten i PDF, om det beh\u00f6vs.<\/p>\n<p><a href=\"https:\/\/www.star-ts.com\/sv\/translation-services\/documents\/\">Dokument \u00d6vers\u00e4ttning<\/a><\/p>\n<\/div><\/section><\/div>\n\n<style type=\"text\/css\" data-created_by=\"avia_inline_auto\" id=\"style-css-av-j2d9pr-a6324b9d5f901ceef1f2295b1d59d9af\">\n.flex_column.av-j2d9pr-a6324b9d5f901ceef1f2295b1d59d9af{\nborder-radius:0px 0px 0px 0px;\npadding:0px 0px 0px 0px;\n}\n<\/style>\n<div  class='flex_column av-j2d9pr-a6324b9d5f901ceef1f2295b1d59d9af av_one_full  avia-builder-el-17  el_after_av_one_full  el_before_av_one_full  first flex_column_div av-zero-column-padding  column-top-margin'     ><section  class='av_textblock_section av-h7wfqn-50c9fe0aa9ced3245e4d4c779463f9ea '   itemscope=\"itemscope\" itemtype=\"https:\/\/schema.org\/CreativeWork\" ><div class='avia_textblock'  itemprop=\"text\" ><h3>Digital marknadsf\u00f6ring och SEO-excellens<\/h3>\n<p>I den dynamiska sf\u00e4ren av digital marknadsf\u00f6ring och SEO r\u00e4cker inte bara ord. Du beh\u00f6ver en kraftstation som \u00f6verskrider gr\u00e4nser, talar till olika m\u00e5lgrupper och f\u00f6rst\u00e4rker ditt varum\u00e4rkes genomslag. V\u00e4lkommen till STAR Translations\u2014bron mellan din vision och global framg\u00e5ng.  <\/p>\n<p><strong>Digital marknadsf\u00f6rings\u00f6vers\u00e4ttning: Bortom ord<\/strong><\/p>\n<ul>\n<li><strong>Video\u00f6vers\u00e4ttning:<\/strong> Din varum\u00e4rkesber\u00e4ttelse f\u00f6rtj\u00e4nar en global publik. STAR Translations omvandlar dina videor och s\u00e4kerst\u00e4ller s\u00f6ml\u00f6s kommunikation \u00f6ver spr\u00e5k. Fr\u00e5n produktdemonstrationer till f\u00f6retagsmeddelanden har vi dig t\u00e4ckt.  <\/li>\n<li><strong>Voice-overs:<\/strong> F\u00f6rh\u00f6j ditt multimediainneh\u00e5ll med professionella voice-overs. Oavsett om det \u00e4r en f\u00f6rklarande video eller en podcast infuser v\u00e5ra lingvister autenticitet och tydlighet. <\/li>\n<li><strong>Marknadsf\u00f6ringsmaterial:<\/strong> Broschyrer, flygblad och reklammaterial\u2014STAR Translations skapar \u00f6vertygande inneh\u00e5ll som resonerar med dina m\u00e5lmarknader. Inga f\u00f6rlorade nyanser, bara slagkraftiga budskap. <\/li>\n<li><strong>Google-annons\u00f6vers\u00e4ttning:<\/strong> Missa inte internationella klick. V\u00e5ra experter anpassar dina Google-annonser felfritt och s\u00e4kerst\u00e4ller maximal r\u00e4ckvidd och avkastning. <\/li>\n<\/ul>\n<p><strong>SEO-hanterade tj\u00e4nster: Navigera i det digitala landskapet<\/strong><\/p>\n<ul>\n<li><strong>Webbplatsoptimering:<\/strong> STAR Translations samarbetar med v\u00e5rt SEO-hanterade tj\u00e4nsteteam f\u00f6r att finjustera din webbplats f\u00f6r global synlighet. Nyckelord, metataggar och inneh\u00e5ll\u2014allt anpassat f\u00f6r s\u00f6kmotorframg\u00e5ng. <\/li>\n<li><strong>Inneh\u00e5llslokalisering:<\/strong> Ut\u00f6ver \u00f6vers\u00e4ttning optimerar vi ditt webbinneh\u00e5ll f\u00f6r lokala s\u00f6kmotorer. Kulturell kontext \u00e4r viktig, och vi s\u00e4kerst\u00e4ller att ditt budskap tr\u00e4ffar r\u00e4tt toner. <\/li>\n<li><strong>L\u00e4nkbyggnadsstrategier:<\/strong> V\u00e5ra SEO-experter bygger auktoritativa bak\u00e5tl\u00e4nkar som f\u00f6rb\u00e4ttrar din webbplats trov\u00e4rdighet och s\u00f6krankningar.<\/li>\n<\/ul>\n<p>Bli global med STAR<\/p>\n<p>Din digitala resa b\u00f6rjar h\u00e4r. STAR Translations handlar inte bara om spr\u00e5k; det handlar om genomslag. L\u00e5t oss er\u00f6vra marknader, engagera publiker och driva ditt varum\u00e4rke till nya h\u00f6jder.  <\/p>\n<p><a href=\"https:\/\/www.star-ts.com\/sv\/marketing-services\/digital-marketing\/\">Digital marknadsf\u00f6rings\u00f6vers\u00e4ttning<\/a><\/p>\n<\/div><\/section><\/div>\n<p>\n<style type=\"text\/css\" data-created_by=\"avia_inline_auto\" id=\"style-css-av-2ua6en-42d1d2a77b09e3723c3aed61f8ed035a\">\n.flex_column.av-2ua6en-42d1d2a77b09e3723c3aed61f8ed035a{\nborder-radius:0px 0px 0px 0px;\npadding:0px 0px 0px 0px;\n}\n<\/style>\n<div  class='flex_column av-2ua6en-42d1d2a77b09e3723c3aed61f8ed035a av_one_full  avia-builder-el-19  el_after_av_one_full  el_before_av_one_full  first flex_column_div av-zero-column-padding  column-top-margin'     ><section  class='av_textblock_section av-ltpo0bzb-60d7048c865c3d06eeefcc631533dfa0 '   itemscope=\"itemscope\" itemtype=\"https:\/\/schema.org\/CreativeWork\" ><div class='avia_textblock'  itemprop=\"text\" ><h3>Vanliga fr\u00e5gor (FAQ)<\/h3>\n<p><strong>Vilka spr\u00e5k erbjuder ni?<\/strong><\/p>\n<ul>\n<li>Vi tillhandah\u00e5ller m\u00e4nskliga \u00f6vers\u00e4ttningstj\u00e4nster p\u00e5 mer \u00e4n 200 spr\u00e5k. Oavsett om du beh\u00f6ver dokument \u00f6versatta till spanska, kinesiska, arabiska eller n\u00e5got annat spr\u00e5k har vi dig t\u00e4ckt\u2014med professionella \u00f6vers\u00e4ttare som tillf\u00f6r m\u00e4nsklig expertis till varje projekt. <\/li>\n<\/ul>\n<p><strong>Hur l\u00e4nge har ni varit verksamma?<\/strong><\/p>\n<ul>\n<li>STAR har varit i branschen i 40 \u00e5r och s\u00e4kerst\u00e4ller kvalitet och tillf\u00f6rlitlighet. V\u00e5r omfattande erfarenhet och djupa m\u00e4nskliga insikt i spr\u00e5k g\u00f6r att vi kan hantera olika projekt inom olika dom\u00e4ner. <\/li>\n<\/ul>\n<p><strong>Vad g\u00f6r er annorlunda fr\u00e5n andra \u00f6vers\u00e4ttningsf\u00f6retag?<\/strong><\/p>\n<ul>\n<li>Vi utm\u00e4rker oss genom v\u00e5r <strong>globala n\u00e4rvaro<\/strong> med <strong>50 kontor v\u00e4rlden \u00f6ver<\/strong> och ett team p\u00e5 <strong>\u00f6ver 950 specialister<\/strong>. V\u00e5ra tj\u00e4nster \u00e4r <strong>ISO 9001- och ISO 17100-certifierade<\/strong>, vilket garanterar kvalitetsleveranser <\/li>\n<\/ul>\n<p><strong>Erbjuder ni webbplats\u00f6vers\u00e4ttningstj\u00e4nster?<\/strong><\/p>\n<ul>\n<li>Ja, vi specialiserar oss p\u00e5 <strong>webbplats\u00f6vers\u00e4ttning<\/strong>. Oavsett om du riktar dig mot nya marknader eller f\u00f6rb\u00e4ttrar befintlig kundservice kan v\u00e5rt team \u00f6vers\u00e4tta inneh\u00e5ll fr\u00e5n plattformar som <a href=\"https:\/\/wordpress.com\/\" target=\"_blank\" rel=\"noopener\">WordPress<\/a>, <a href=\"https:\/\/www.joomla.org\/\" target=\"_blank\" rel=\"noopener\">Joomla<\/a> och mer <\/li>\n<\/ul>\n<p><strong>Kan ni hantera tekniska publikationer och anv\u00e4ndarmanualer?<\/strong><\/p>\n<ul>\n<li>Absolut! Vi hanterar <strong>teknisk dokument\u00f6vers\u00e4ttning<\/strong>, inklusive manualer, handb\u00f6cker och guider. Fr\u00e5n originaldokumentet till den slutliga layouten i PDF har vi dig t\u00e4ckt  <\/li>\n<\/ul>\n<p><strong>Hur \u00e4r det med digital marknadsf\u00f6ring och SEO?<\/strong><\/p>\n<ul>\n<li>V\u00e5ra tj\u00e4nster omfattar digital marknadsf\u00f6rings\u00f6vers\u00e4ttning, videolokalisering, voice-overs och \u00e4ven Google-annons\u00f6vers\u00e4ttning. V\u00e5rt SEO-hanterade tj\u00e4nsteteam kombinerar teknisk strategi med den m\u00e4nskliga touchen f\u00f6r att s\u00e4kerst\u00e4lla att ditt inneh\u00e5ll n\u00e5r verkliga m\u00e5lgrupper. <\/li>\n<\/ul>\n<p>Effektiv kommunikation p\u00e5 flera spr\u00e5k \u00e4r avg\u00f6rande f\u00f6r global aff\u00e4rsframg\u00e5ng. STAR finns h\u00e4r f\u00f6r att hj\u00e4lpa dig \u00f6verbrygga spr\u00e5kklyftor och ut\u00f6ka din r\u00e4ckvidd\u2014driven av m\u00e4nsklig \u00f6vers\u00e4ttning och m\u00e4nsklig expertis du kan lita p\u00e5. <\/p>\n<p>F\u00f6r mer information om v\u00e5ra tj\u00e4nster, se v\u00e5r omfattande <a href=\"https:\/\/www.star-ts.com\/sv\/translation-faq\/\">FAQ-sektion<\/a><\/p>\n<\/div><\/section><\/div><div  class='flex_column av-5qqgrz-ce66aabe620dd5d668413bc898f0f3c0 av_one_full  avia-builder-el-21  el_after_av_one_full  avia-builder-el-last  first flex_column_div  column-top-margin'     ><section  class='av_textblock_section av-46o2qn-b4cc681f143a87363df098395ba4613e '   itemscope=\"itemscope\" itemtype=\"https:\/\/schema.org\/CreativeWork\" ><div class='avia_textblock'  itemprop=\"text\" ><div  class='avia-button-wrap avia-button-center  avia-builder-el-23  avia-builder-el-no-sibling '>\n<style type=\"text\/css\" data-created_by=\"avia_inline_auto\" id=\"style-css-av-2mqm67-753e2ce0fa3bd322501a1598137026fa\">\n#top #wrap_all .avia-button.av-2mqm67-753e2ce0fa3bd322501a1598137026fa:hover{\ncolor:white;\ntransition:all 0.4s ease-in-out;\n}\n#top #wrap_all .avia-button.av-2mqm67-753e2ce0fa3bd322501a1598137026fa:hover .avia-svg-icon svg:first-child{\nfill:white;\nstroke:white;\n}\n<\/style>\n<a href=\"https:\/\/www.star-ts.com\/sv\/kontakt\/\" class=\"avia-color-theme-color avia-font-color-theme-color avia-button avia-button-fullwidth av-2mqm67-753e2ce0fa3bd322501a1598137026fa avia-icon_select-no avia-color-theme-color\" title=\"Contact Us\" aria-label=\"Contact Us\"><span class='avia_iconbox_title' >Kontakta oss<\/span><span class='avia_button_background avia-button avia-button-fullwidth avia-color-theme-color-highlight'><\/span><\/a><\/div>\n<\/div><\/section><\/div><\/p>\n","protected":false},"excerpt":{"rendered":"<p>Redo att bli global?<br \/>\nOm du beh\u00f6ver \u00f6vers\u00e4tta dina dokument, webbplatser eller videor f\u00f6r den internationella marknaden kan vi hj\u00e4lpa dig att leverera information av h\u00f6gsta kvalitet till dina kunder. Som ett av v\u00e4rldens st\u00f6rsta \u00f6vers\u00e4ttningsf\u00f6retag f\u00f6rst\u00e5r vi vikten av varum\u00e4rke och kvalitet och hur det \u00e5terspeglas p\u00e5 flera spr\u00e5k. <\/p>\n","protected":false},"author":1,"featured_media":106340,"parent":0,"menu_order":1,"comment_status":"closed","ping_status":"closed","template":"","meta":{"footnotes":""},"class_list":["post-120566","page","type-page","status-publish","has-post-thumbnail","hentry"],"_links":{"self":[{"href":"https:\/\/www.star-ts.com\/sv\/wp-json\/wp\/v2\/pages\/120566","targetHints":{"allow":["GET"]}}],"collection":[{"href":"https:\/\/www.star-ts.com\/sv\/wp-json\/wp\/v2\/pages"}],"about":[{"href":"https:\/\/www.star-ts.com\/sv\/wp-json\/wp\/v2\/types\/page"}],"author":[{"embeddable":true,"href":"https:\/\/www.star-ts.com\/sv\/wp-json\/wp\/v2\/users\/1"}],"replies":[{"embeddable":true,"href":"https:\/\/www.star-ts.com\/sv\/wp-json\/wp\/v2\/comments?post=120566"}],"version-history":[{"count":0,"href":"https:\/\/www.star-ts.com\/sv\/wp-json\/wp\/v2\/pages\/120566\/revisions"}],"wp:featuredmedia":[{"embeddable":true,"href":"https:\/\/www.star-ts.com\/sv\/wp-json\/wp\/v2\/media\/106340"}],"wp:attachment":[{"href":"https:\/\/www.star-ts.com\/sv\/wp-json\/wp\/v2\/media?parent=120566"}],"curies":[{"name":"wp","href":"https:\/\/api.w.org\/{rel}","templated":true}]}}