{"id":120565,"date":"2025-12-08T14:10:11","date_gmt":"2025-12-08T14:10:11","guid":{"rendered":"https:\/\/www.star-ts.com\/marketing-services\/marketing-campaigns\/e-commerce\/"},"modified":"2025-12-08T14:10:42","modified_gmt":"2025-12-08T14:10:42","slug":"e-commerce","status":"publish","type":"page","link":"https:\/\/www.star-ts.com\/sv\/marketing-services\/marketing-campaigns\/e-commerce\/","title":{"rendered":"E-handel"},"content":{"rendered":"<div id='full_slider_1'  class='avia-fullwidth-slider main_color avia-shadow   avia-builder-el-0  el_before_av_one_full  avia-builder-el-first   container_wrap sidebar_right'  ><div  class='avia-slideshow av-k21kn1od-e257be7a7d1f772f194f0fbdf1fab752 avia-slideshow-featured av_slideshow_full avia-slide-slider av-slideshow-ui av-control-default av-slideshow-manual av-loop-once av-loop-manual-endless av-default-height-applied   avia-slideshow-1' data-slideshow-options=\"{&quot;animation&quot;:&quot;slide&quot;,&quot;autoplay&quot;:false,&quot;loop_autoplay&quot;:&quot;once&quot;,&quot;interval&quot;:5,&quot;loop_manual&quot;:&quot;manual-endless&quot;,&quot;autoplay_stopper&quot;:false,&quot;noNavigation&quot;:false,&quot;bg_slider&quot;:false,&quot;keep_padding&quot;:false,&quot;hoverpause&quot;:false,&quot;show_slide_delay&quot;:0}\"  itemprop=\"image\" itemscope=\"itemscope\" itemtype=\"https:\/\/schema.org\/ImageObject\" ><ul class='avia-slideshow-inner ' style='padding-bottom: 28.666666666667%;'><li  class='avia-slideshow-slide av-k21kn1od-e257be7a7d1f772f194f0fbdf1fab752__0  av-single-slide slide-1 slide-odd'><div data-rel='slideshow-1' class='avia-slide-wrap '   ><div class='av-slideshow-caption av-k21kn1od-e257be7a7d1f772f194f0fbdf1fab752__0 caption_fullwidth caption_center caption_center_framed caption_framed'><div class=\"container caption_container\"><div class=\"slideshow_caption\"><div class=\"slideshow_inner_caption\"><div class=\"slideshow_align_caption\"><h2 class='avia-caption-title '  itemprop=\"name\" >E-handels\u00f6vers\u00e4ttning<\/h2><div class='avia-caption-content '  itemprop=\"description\" ><p>S\u00e4lj mer online<\/p>\n<\/div><\/div><\/div><\/div><\/div><\/div><img decoding=\"async\" fetchpriority=\"high\" class=\"wp-image-106340 avia-img-lazy-loading-not-106340\"  src=\"https:\/\/www.star-ts.com\/wp-content\/uploads\/2019\/10\/businessman-2682712_1920-1500x430.jpg\" width=\"1500\" height=\"430\" title='aff\u00e4rsman-\u00f6vers\u00e4ttning-v\u00e4rld' alt='\u00d6vers\u00e4ttning | \u00d6vers\u00e4ttare | V\u00e4rldsomfattande'  itemprop=\"thumbnailUrl\"   \/><\/div><\/li><\/ul><\/div><\/div><div id='after_full_slider_1'  class='main_color av_default_container_wrap container_wrap sidebar_right'  ><div class='container av-section-cont-open' ><div class='template-page content  av-content-small alpha units'><div class='post-entry post-entry-type-page post-entry-120565'><div class='entry-content-wrapper clearfix'>\n<p>\n<style type=\"text\/css\" data-created_by=\"avia_inline_auto\" id=\"style-css-av-2x59xq-f374bda35abde18de887d82668237a62\">\n.flex_column.av-2x59xq-f374bda35abde18de887d82668237a62{\nborder-radius:0px 0px 0px 0px;\npadding:0px 0px 0px 0px;\n}\n<\/style>\n<div  class='flex_column av-2x59xq-f374bda35abde18de887d82668237a62 av_one_full  avia-builder-el-1  el_after_av_slideshow_full  el_before_av_one_third  avia-builder-el-first  first flex_column_div av-zero-column-padding  '     ><section  class='av_textblock_section av-2l8tjy-a97ca4b67165d0c2516258d26843c8be '   itemscope=\"itemscope\" itemtype=\"https:\/\/schema.org\/CreativeWork\" ><div class='avia_textblock'  itemprop=\"text\" ><h1>\u00d6vers\u00e4ttningstj\u00e4nster f\u00f6r e-handel<\/h1>\n<h3>S\u00e4lj mer online internationellt<\/h3>\n<\/div><\/section><\/div><div  class='flex_column av-kgc6mm-12b09575faf36493349abd4b4e780aeb av_one_third  avia-builder-el-3  el_after_av_one_full  el_before_av_two_third  first flex_column_div  column-top-margin'     ><section  class='av_textblock_section av-iqu3u6-9520e18053bc5a47a1ca1d126431b780 '   itemscope=\"itemscope\" itemtype=\"https:\/\/schema.org\/CreativeWork\" ><div class='avia_textblock'  itemprop=\"text\" ><p><img decoding=\"async\" class=\"alignnone size-full wp-image-8874\" src=\"https:\/\/www.star-ts.com\/wp-content\/uploads\/2014\/02\/e-commerce.jpg\" alt=\"E-handels\u00f6vers\u00e4ttningstj\u00e4nster\" width=\"400\" height=\"320\" srcset=\"https:\/\/www.star-ts.com\/wp-content\/uploads\/2014\/02\/e-commerce.jpg 400w, https:\/\/www.star-ts.com\/wp-content\/uploads\/2014\/02\/e-commerce-80x64.jpg 80w, https:\/\/www.star-ts.com\/wp-content\/uploads\/2014\/02\/e-commerce-300x240.jpg 300w\" sizes=\"(max-width: 400px) 100vw, 400px\" \/><\/p>\n<\/div><\/section><\/div>\n<style type=\"text\/css\" data-created_by=\"avia_inline_auto\" id=\"style-css-av-h72066-1db03ca2e770ec3a9c05872bab89b9e1\">\n.flex_column.av-h72066-1db03ca2e770ec3a9c05872bab89b9e1{\nborder-radius:0px 0px 0px 0px;\npadding:0px 0px 0px 0px;\n}\n<\/style>\n<div  class='flex_column av-h72066-1db03ca2e770ec3a9c05872bab89b9e1 av_two_third  avia-builder-el-5  el_after_av_one_third  el_before_av_two_third  flex_column_div av-zero-column-padding  column-top-margin'     ><section  class='av_textblock_section av-f4rjb2-8d2511661491912a2c0d24620983dfe5 '   itemscope=\"itemscope\" itemtype=\"https:\/\/schema.org\/CreativeWork\" ><div class='avia_textblock'  itemprop=\"text\" ><p><strong>\u00d6vers\u00e4ttning som s\u00e4ljer:<\/strong><\/p>\n<p>Vi \u00f6vers\u00e4tter webbplatser och onlinebutiker f\u00f6r n\u00e5gra av de st\u00f6rsta e-handelsleverant\u00f6rerna i v\u00e4rlden. V\u00e5ra tj\u00e4nster hj\u00e4lper v\u00e5ra kunder att \u00f6ka sina globala int\u00e4kter. Vi f\u00f6rst\u00e5r din ambition att driva din verksamhet globalt. L\u00e5t oss s\u00e4tta fart p\u00e5 din globala f\u00f6rs\u00e4ljning.   <\/p>\n<p><a href=\"https:\/\/www.star-ts.com\/sv\/marketing-services\/\">Marknadsf\u00f6ringstj\u00e4nster<\/a><\/p>\n<p><a href=\"https:\/\/www.star-ts.com\/sv\/marketing-services\/digital-marketing\/\">Digital marknadsf\u00f6ring<\/a><\/p>\n<p><a href=\"https:\/\/www.star-ts.com\/sv\/marketing-services\/design\/\">Design<\/a><\/p>\n<\/div><\/section><\/div><div  class='flex_column av-elulf2-1885cf98b9180317b57659a3428c700f av_two_third  avia-builder-el-7  el_after_av_two_third  el_before_av_one_third  first flex_column_div  column-top-margin'     ><section  class='av_textblock_section av-cr8tz2-7ebf3c7705d1fb6b3fa10d343d383559 '   itemscope=\"itemscope\" itemtype=\"https:\/\/schema.org\/CreativeWork\" ><div class='avia_textblock'  itemprop=\"text\" ><h3>\u00d6ka onlinef\u00f6rs\u00e4ljningen<\/h3>\n<p>Att utveckla dina globala marknader \u00e4r nyckeln till varje f\u00f6retags framg\u00e5ng. Internet v\u00e4xer i en fantastisk hastighet och v\u00e4rlden \u00e4r nu en smartare och mindre plats. <\/p>\n<p>Vi har expertisen att \u00f6vers\u00e4tta din onlinebutik eller webbplats till praktiskt taget alla spr\u00e5k. Vi \u00f6vers\u00e4tter webbplatser till europeiska, asiatiska och Mellan\u00f6sterns spr\u00e5k, inklusive spr\u00e5k som skrivs fr\u00e5n h\u00f6ger till v\u00e4nster (RTL) som arabiska. Med mer \u00e4n 30 \u00e5rs erfarenhet av programvaruutveckling och lokalisering kan vi hj\u00e4lpa ditt team att leverera en e-handelsplattform i v\u00e4rldsklass.  <\/p>\n<p>Med hj\u00e4lp av \u00f6vers\u00e4ttare som har spr\u00e5ket som modersm\u00e5l och som arbetar i landet levererar vi \u00f6vers\u00e4ttningar som driver onlinef\u00f6rs\u00e4ljningen.<\/p>\n<p>V\u00e5ra team utf\u00f6r spr\u00e5ktestning, om det kr\u00e4vs, f\u00f6r att se hur din butik faktiskt fungerar f\u00f6r en kund i m\u00e5llandet. Vi arbetar med n\u00e5gra av v\u00e4rldens st\u00f6rsta e-handelsf\u00f6retag och hj\u00e4lper dem att s\u00e4lja mer varje dag. Inom e-handel s\u00e4ljer bra \u00f6vers\u00e4ttningar fler produkter; l\u00e5t oss hj\u00e4lpa dig att \u00f6ka den globala f\u00f6rs\u00e4ljningen.<\/p>\n<\/div><\/section><\/div><\/p>\n\n<style type=\"text\/css\" data-created_by=\"avia_inline_auto\" id=\"style-css-av-bidltq-c8aae047ee62f53eaaf6ef0297788a93\">\n.flex_column.av-bidltq-c8aae047ee62f53eaaf6ef0297788a93{\nborder-radius:0px 0px 0px 0px;\npadding:0px 0px 0px 0px;\n}\n<\/style>\n<div  class='flex_column av-bidltq-c8aae047ee62f53eaaf6ef0297788a93 av_one_third  avia-builder-el-9  el_after_av_two_third  el_before_av_one_full  flex_column_div av-zero-column-padding  column-top-margin'     ><section  class='av_textblock_section av-8o3rj2-006b16bc67133892af232481f0642b7b '   itemscope=\"itemscope\" itemtype=\"https:\/\/schema.org\/CreativeWork\" ><div class='avia_textblock'  itemprop=\"text\" ><h4>Vi accepterar f\u00f6ljande filer<\/h4>\n<ul>\n<li><abbr title=\"Extensible markup language\">XLIFF<\/abbr><\/li>\n<li><abbr title=\"Extensible markup language\">XML \/ <\/abbr>HTML<\/li>\n<li>Excel och <abbr title=\"Kommaseparerade v\u00e4rden\">CSV<\/abbr><\/li>\n<li>Microsoft Word<\/li>\n<li><abbr title=\"Portable Object-fil f\u00f6r Drupal\">PO<\/abbr><\/li>\n<li><abbr title=\"Win32-filresurstill\u00e4gg\">RES \/ ASP<\/abbr><\/li>\n<li><abbr title=\"Dynamic Library Link-till\u00e4gg\">DLL<\/abbr><\/li>\n<\/ul>\n<\/div><\/section><\/div>\n<p><div  class='flex_column av-7d9t32-923a12a1a0a1a2e67b2a547c0ede7129 av_one_full  avia-builder-el-11  el_after_av_one_third  el_before_av_section  avia-builder-el-last  first flex_column_div  column-top-margin'     ><section  class='av_textblock_section av-kenem-4d404bfbc379b3be4a45de39cfb91918 '   itemscope=\"itemscope\" itemtype=\"https:\/\/schema.org\/CreativeWork\" ><div class='avia_textblock'  itemprop=\"text\" ><h3>E-marknadsf\u00f6ring<\/h3>\n<p>Ett bra onlinef\u00f6rs\u00e4ljningsteam backas upp av ett bra e-marknadsf\u00f6ringsteam. Leverera onlinekampanjer, e-postnyhetsbrev, virala annonser och bloggar f\u00f6r att driva din onlinef\u00f6rs\u00e4ljning. Vi hj\u00e4lper dig att n\u00e5 nya kunder genom att tillhandah\u00e5lla de spr\u00e5ktj\u00e4nster som beh\u00f6vs f\u00f6r dina marknadsf\u00f6ringsteam. Vi kan \u00f6vers\u00e4tta webbplatser och dokument, \u00e4ven videor och ljud. Om du beh\u00f6ver din n\u00e4sta Google-annons eller YouTube-video \u00f6versatt kan vi hj\u00e4lpa dig.    <\/p>\n<p>F\u00f6r marknadsf\u00f6rare: oavsett om du utvecklar ett pressmeddelande eller lokaliserar en app kan vi hj\u00e4lpa dig att tala till dina kunder p\u00e5 deras spr\u00e5k.<\/p>\n<\/div><\/section><\/div><\/div><\/div><\/div><!-- close content main div --><\/div><\/div>\n<style type=\"text\/css\" data-created_by=\"avia_inline_auto\" id=\"style-css-av-k0gx2157-307699bb8bdeb8c22c0065ee0c218e70\">\n.avia-section.av-k0gx2157-307699bb8bdeb8c22c0065ee0c218e70{\nbackground-color:#ff7f27;\nbackground-image:unset;\n}\n<\/style>\n<div id='av_section_1'  class='avia-section av-k0gx2157-307699bb8bdeb8c22c0065ee0c218e70 main_color avia-section-default avia-no-border-styling  avia-builder-el-13  el_after_av_one_full  avia-builder-el-last  avia-bg-style-scroll container_wrap sidebar_right'  ><div class='container av-section-cont-open' ><div class='template-page content  av-content-small alpha units'><div class='post-entry post-entry-type-page post-entry-120565'><div class='entry-content-wrapper clearfix'>\n<section  class='av_textblock_section av-zffpn-9b19d1d65eda350fe1fbef528189f03e '   itemscope=\"itemscope\" itemtype=\"https:\/\/schema.org\/CreativeWork\" ><div class='avia_textblock'  itemprop=\"text\" ><h2><span style=\"color: #ffffff\">B\u00f6rja nu<\/span><\/h2>\n<div  class='avia-button-wrap av-aaau3-e3573e676ea05f5b4bf6cbae59781945-wrap avia-button-left  avia-builder-el-15  avia-builder-el-no-sibling '><a href='https:\/\/www.star-ts.com\/sv\/kontakt\/'  class='avia-button av-aaau3-e3573e676ea05f5b4bf6cbae59781945 av-link-btn avia-icon_select-no avia-size-x-large avia-position-left avia-color-light'   aria-label=\"Kontakta oss\"><span class='avia_iconbox_title' >Kontakta oss<\/span><\/a><\/div>\n<\/div><\/section>\n<\/div><\/div><\/div><!-- close content main div --><\/div><\/div><div id='after_section_1'  class='main_color av_default_container_wrap container_wrap sidebar_right'  ><div class='container av-section-cont-open' ><div class='template-page content  av-content-small alpha units'><div class='post-entry post-entry-type-page post-entry-120565'><div class='entry-content-wrapper clearfix'><\/p>\n","protected":false},"excerpt":{"rendered":"<p>\u00d6vers\u00e4tt din e-handelswebbplats och s\u00e4lj mer internationellt med STAR-\u00f6vers\u00e4ttning. Vi st\u00f6der ledande inneh\u00e5llssystem och 200 spr\u00e5k \u2013 bli global med STAR. <\/p>\n","protected":false},"author":1,"featured_media":106340,"parent":120553,"menu_order":1,"comment_status":"closed","ping_status":"closed","template":"","meta":{"footnotes":""},"class_list":["post-120565","page","type-page","status-publish","has-post-thumbnail","hentry"],"_links":{"self":[{"href":"https:\/\/www.star-ts.com\/sv\/wp-json\/wp\/v2\/pages\/120565","targetHints":{"allow":["GET"]}}],"collection":[{"href":"https:\/\/www.star-ts.com\/sv\/wp-json\/wp\/v2\/pages"}],"about":[{"href":"https:\/\/www.star-ts.com\/sv\/wp-json\/wp\/v2\/types\/page"}],"author":[{"embeddable":true,"href":"https:\/\/www.star-ts.com\/sv\/wp-json\/wp\/v2\/users\/1"}],"replies":[{"embeddable":true,"href":"https:\/\/www.star-ts.com\/sv\/wp-json\/wp\/v2\/comments?post=120565"}],"version-history":[{"count":0,"href":"https:\/\/www.star-ts.com\/sv\/wp-json\/wp\/v2\/pages\/120565\/revisions"}],"up":[{"embeddable":true,"href":"https:\/\/www.star-ts.com\/sv\/wp-json\/wp\/v2\/pages\/120553"}],"wp:featuredmedia":[{"embeddable":true,"href":"https:\/\/www.star-ts.com\/sv\/wp-json\/wp\/v2\/media\/106340"}],"wp:attachment":[{"href":"https:\/\/www.star-ts.com\/sv\/wp-json\/wp\/v2\/media?parent=120565"}],"curies":[{"name":"wp","href":"https:\/\/api.w.org\/{rel}","templated":true}]}}