{"id":120553,"date":"2025-12-08T14:09:42","date_gmt":"2025-12-08T14:09:42","guid":{"rendered":"https:\/\/www.star-ts.com\/marketing-services\/marketing-campaigns\/"},"modified":"2025-12-08T14:10:02","modified_gmt":"2025-12-08T14:10:02","slug":"marketing-campaigns","status":"publish","type":"page","link":"https:\/\/www.star-ts.com\/sv\/marketing-services\/marketing-campaigns\/","title":{"rendered":"Marknadsf\u00f6ringskampanjer"},"content":{"rendered":"<p>\n<style type=\"text\/css\" data-created_by=\"avia_inline_auto\" id=\"style-css-av-bccww3-5dea549b51700d24eaebce3ea092f00f\">\n.flex_column.av-bccww3-5dea549b51700d24eaebce3ea092f00f{\nborder-radius:0px 0px 0px 0px;\npadding:0px 0px 0px 0px;\n}\n<\/style>\n<div  class='flex_column av-bccww3-5dea549b51700d24eaebce3ea092f00f av_one_half  avia-builder-el-0  el_before_av_one_half  avia-builder-el-first  first flex_column_div av-zero-column-padding  '     ><section  class='av_textblock_section av-zpjx0z-a91d065a64371da42187b324775b3707 '   itemscope=\"itemscope\" itemtype=\"https:\/\/schema.org\/CreativeWork\" ><div class='avia_textblock'  itemprop=\"text\" ><h1>\u00d6vers\u00e4ttning av marknadsf\u00f6ringskampanjer<\/h1>\n<h2>\u00d6vers\u00e4ttning som s\u00e4ljer!<\/h2>\n<p><a href=\"https:\/\/www.star-ts.com\/sv\/marketing-services\/digital-marketing\/\">Marknadsf\u00f6ringskampanjer<\/a> m\u00e5ste n\u00e5 sin publik p\u00e5 alla spr\u00e5k. De m\u00e5ste bibeh\u00e5lla k\u00e4nslan och s\u00e4lja samtidigt. Vi \u00f6vers\u00e4tter kampanjer och digitalt <a href=\"https:\/\/www.star-ts.com\/sv\/marketing-services\/marketing-campaigns\/website-marketing\/\">marknadsf\u00f6ringsmaterial<\/a> f\u00f6r att hj\u00e4lpa dig att utveckla din verksamhet internationellt.<\/p>\n<\/div><\/section><\/div>\n<style type=\"text\/css\" data-created_by=\"avia_inline_auto\" id=\"style-css-av-8xrmo3-000317ed8a8af1619f71124f394a78b5\">\n.flex_column.av-8xrmo3-000317ed8a8af1619f71124f394a78b5{\nborder-radius:0px 0px 0px 0px;\npadding:0px 0px 0px 0px;\n}\n<\/style>\n<div  class='flex_column av-8xrmo3-000317ed8a8af1619f71124f394a78b5 av_one_half  avia-builder-el-2  el_after_av_one_half  el_before_av_one_half  flex_column_div av-zero-column-padding  '     ><section  class='av_textblock_section av-36ja4z-29be6be23be7bac06b49955b00699a1d '   itemscope=\"itemscope\" itemtype=\"https:\/\/schema.org\/CreativeWork\" ><div class='avia_textblock'  itemprop=\"text\" ><p><img decoding=\"async\" class=\"alignnone size-full wp-image-8847\" src=\"https:\/\/www.star-ts.com\/wp-content\/uploads\/2014\/02\/target1.jpg\" alt=\"\u00d6vers\u00e4ttningstj\u00e4nster f\u00f6r marknadsf\u00f6ringskampanjer\" width=\"400\" height=\"320\" srcset=\"https:\/\/www.star-ts.com\/wp-content\/uploads\/2014\/02\/target1.jpg 400w, https:\/\/www.star-ts.com\/wp-content\/uploads\/2014\/02\/target1-80x64.jpg 80w, https:\/\/www.star-ts.com\/wp-content\/uploads\/2014\/02\/target1-300x240.jpg 300w\" sizes=\"(max-width: 400px) 100vw, 400px\" \/><\/p>\n<\/div><\/section><\/div><\/p>\n<p><div  class='flex_column av-vbez1f-73d4159749672cda83cfc2bf5ec23bc5 av_one_half  avia-builder-el-4  el_after_av_one_half  el_before_av_one_half  first flex_column_div  column-top-margin'     ><section  class='av_textblock_section av-2xta4j-75bf89fba5bfe2de575df6b3bd5d5bec '   itemscope=\"itemscope\" itemtype=\"https:\/\/schema.org\/CreativeWork\" ><div class='avia_textblock'  itemprop=\"text\" ><h3>E-handel<\/h3>\n<p>Vi arbetar med n\u00e5gra av v\u00e4rldens st\u00f6rsta e-handelsf\u00f6retag. <g id=\"gid_0\">\u00d6vers\u00e4ttning<\/g> m\u00e5ste s\u00e4lja online: varje ord r\u00e4knas. L\u00e5t oss hj\u00e4lpa ditt team att \u00f6ka onlinef\u00f6rs\u00e4ljningen.  <\/p>\n<p><a href=\"https:\/\/www.star-ts.com\/sv\/marketing-services\/marketing-campaigns\/e-commerce\/\">E-handels\u00f6vers\u00e4ttning<\/a><\/p>\n<\/div><\/section><\/div><div  class='flex_column av-rdadib-a9d39ecb4044921fa2dd5a47e233b48d av_one_half  avia-builder-el-6  el_after_av_one_half  el_before_av_one_half  flex_column_div  column-top-margin'     ><section  class='av_textblock_section av-pxz8lf-256c6dd96f356a36daccf8f9ff99828e '   itemscope=\"itemscope\" itemtype=\"https:\/\/schema.org\/CreativeWork\" ><div class='avia_textblock'  itemprop=\"text\" ><div class=\"block\">\n<div class=\"left-column\">\n<\/div>\n<div class=\"right-img\"><img decoding=\"async\" class=\"alignnone size-full wp-image-8874\" src=\"https:\/\/www.star-ts.com\/wp-content\/uploads\/2014\/02\/e-commerce.jpg\" alt=\"E-handels\u00f6vers\u00e4ttning\" width=\"400\" height=\"320\" srcset=\"https:\/\/www.star-ts.com\/wp-content\/uploads\/2014\/02\/e-commerce.jpg 400w, https:\/\/www.star-ts.com\/wp-content\/uploads\/2014\/02\/e-commerce-80x64.jpg 80w, https:\/\/www.star-ts.com\/wp-content\/uploads\/2014\/02\/e-commerce-300x240.jpg 300w\" sizes=\"(max-width: 400px) 100vw, 400px\" \/><\/div>\n<\/div>\n<\/div><\/section><\/div><\/p>\n<div  class='flex_column av-o72ktf-282753b6adb5060c7beef90f0edace5f av_one_half  avia-builder-el-8  el_after_av_one_half  el_before_av_one_half  first flex_column_div  column-top-margin'     ><section  class='av_textblock_section av-mkpvtf-2ace39e84c1433c326324544663e6ee5 '   itemscope=\"itemscope\" itemtype=\"https:\/\/schema.org\/CreativeWork\" ><div class='avia_textblock'  itemprop=\"text\" ><h3>F\u00f6retagsdokumentation<\/h3>\n<p>L\u00e5t STAR \u00f6vers\u00e4tta alla dina viktiga f\u00f6retagsdokument, oavsett om de \u00e4r elektroniska eller p\u00e5 papper. Att visa att du kan interagera med dina kunder p\u00e5 deras eget spr\u00e5k kan skapa ett livsl\u00e5ngt band. <\/p>\n<p><a href=\"https:\/\/www.star-ts.com\/sv\/marketing-services\/marketing-campaigns\/business-document-translation\/\">\u00d6vers\u00e4ttning av aff\u00e4rsdokument<\/a><\/p>\n<\/div><\/section><\/div>\n<div  class='flex_column av-lg4jsj-a67826014c1969c49aef2d6b44bddf3e av_one_half  avia-builder-el-10  el_after_av_one_half  el_before_av_one_half  flex_column_div  column-top-margin'     ><section  class='av_textblock_section av-ifaxub-8cfd85fda240f877bbe59cdac3788879 '   itemscope=\"itemscope\" itemtype=\"https:\/\/schema.org\/CreativeWork\" ><div class='avia_textblock'  itemprop=\"text\" ><div class=\"block\">\n<div class=\"left-img\"><img decoding=\"async\" class=\"alignnone size-full wp-image-8868\" title=\"\u00d6vers\u00e4ttning av f\u00f6retagsdokumentation\" src=\"https:\/\/www.star-ts.com\/wp-content\/uploads\/2014\/02\/business-docs.jpg\" alt=\"\u00d6vers\u00e4ttning av f\u00f6retagsdokumentation\" width=\"400\" height=\"320\" srcset=\"https:\/\/www.star-ts.com\/wp-content\/uploads\/2014\/02\/business-docs.jpg 400w, https:\/\/www.star-ts.com\/wp-content\/uploads\/2014\/02\/business-docs-80x64.jpg 80w, https:\/\/www.star-ts.com\/wp-content\/uploads\/2014\/02\/business-docs-300x240.jpg 300w\" sizes=\"(max-width: 400px) 100vw, 400px\" \/><\/div>\n<div class=\"right-column\">\n<\/div>\n<\/div>\n<\/div><\/section><\/div>\n<div  class='flex_column av-h9b8jn-d20c16eb1a549d39f624c86bc60b3adb av_one_half  avia-builder-el-12  el_after_av_one_half  el_before_av_one_half  first flex_column_div  column-top-margin'     ><section  class='av_textblock_section av-fn5tw3-57e29dbe6739d39233738b10c7799bd7 '   itemscope=\"itemscope\" itemtype=\"https:\/\/schema.org\/CreativeWork\" ><div class='avia_textblock'  itemprop=\"text\" ><h3>Webbplatser<\/h3>\n<p>Att \u00f6vers\u00e4tta f\u00f6r webben \u00e4r en utmanande process f\u00f6r alla f\u00f6retag. Oavsett om du har en enkel webbplats som annonserar dina produkter eller en komplex e-handelsapp, \u00e4r utmaningarna desamma. Vi kan hj\u00e4lpa dig att aktivera, \u00f6vers\u00e4tta och leverera din webbplats inneh\u00e5ll till praktiskt taget alla spr\u00e5k.  <\/p>\n<p><a href=\"https:\/\/www.star-ts.com\/sv\/marketing-services\/\">Webbplatsmarknadsf\u00f6ringstj\u00e4nster<\/a><\/p>\n<\/div><\/section><\/div>\n<div  class='flex_column av-dv7g37-f8b7f71ee3095ea2a0da0637dca915e5 av_one_half  avia-builder-el-14  el_after_av_one_half  el_before_av_one_half  flex_column_div  column-top-margin'     ><section  class='av_textblock_section av-c51d3n-3b60a4100e2efe5f2195f6750a45f992 '   itemscope=\"itemscope\" itemtype=\"https:\/\/schema.org\/CreativeWork\" ><div class='avia_textblock'  itemprop=\"text\" ><div class=\"block\">\n<div class=\"left-column\">\n<\/div>\n<div class=\"right-img\"><img decoding=\"async\" class=\"alignnone size-full wp-image-8791\" title=\"Webbplats \u00d6vers\u00e4ttning\" src=\"https:\/\/www.star-ts.com\/wp-content\/uploads\/2014\/03\/website-translation.jpg\" alt=\"Webbplats \u00d6vers\u00e4ttning\" width=\"400\" height=\"320\" srcset=\"https:\/\/www.star-ts.com\/wp-content\/uploads\/2014\/03\/website-translation.jpg 400w, https:\/\/www.star-ts.com\/wp-content\/uploads\/2014\/03\/website-translation-80x64.jpg 80w, https:\/\/www.star-ts.com\/wp-content\/uploads\/2014\/03\/website-translation-300x240.jpg 300w\" sizes=\"(max-width: 400px) 100vw, 400px\" \/><\/div>\n<\/div>\n<\/div><\/section><\/div>\n<div  class='flex_column av-10k51f-014e43ef3854e6ae96722edfa2fbf689 av_one_half  avia-builder-el-16  el_after_av_one_half  el_before_av_one_half  first flex_column_div  column-top-margin'     ><section  class='av_textblock_section av-97zuub-c70d492952a8b11fefbdc428c03ffb65 '   itemscope=\"itemscope\" itemtype=\"https:\/\/schema.org\/CreativeWork\" ><div class='avia_textblock'  itemprop=\"text\" ><h3>SSI webbplats\u00f6vers\u00e4ttning<\/h3>\n<p>Webbaserade unders\u00f6kningar ger dig v\u00e4rdefull kundfeedback om alla kampanjer. Om du anv\u00e4nder SSI, med \u00f6vers\u00e4ttning av din unders\u00f6kning, kommer du att kunna n\u00e5 internationella kunder och ta reda p\u00e5 hur de bed\u00f6mer dina produkter och tj\u00e4nster. <\/p>\n<p><a href=\"https:\/\/www.star-ts.com\/marketing-services\/marketing-campaigns\/ssi-web-translation\/\">SSI webbplats\u00f6vers\u00e4ttning<\/a><\/p>\n<\/div><\/section><\/div>\n<div  class='flex_column av-7l55oz-4fcc7d62967aab2f38e7927563b24801 av_one_half  avia-builder-el-18  el_after_av_one_half  el_before_av_one_half  flex_column_div  column-top-margin'     ><section  class='av_textblock_section av-5nknnn-82248ddfd5a8c9d80b5a78fd55b9ffc7 '   itemscope=\"itemscope\" itemtype=\"https:\/\/schema.org\/CreativeWork\" ><div class='avia_textblock'  itemprop=\"text\" ><div class=\"block\">\n<div class=\"left-img\"><img decoding=\"async\" class=\"alignnone size-full wp-image-9859\" title=\"SSI webbplats\u00f6vers\u00e4ttning\" src=\"https:\/\/www.star-ts.com\/wp-content\/uploads\/2014\/09\/SSI-Web-01.png\" alt=\"SSI webbplats\u00f6vers\u00e4ttning\" width=\"400\" height=\"320\" srcset=\"https:\/\/www.star-ts.com\/wp-content\/uploads\/2014\/09\/SSI-Web-01.png 400w, https:\/\/www.star-ts.com\/wp-content\/uploads\/2014\/09\/SSI-Web-01-80x64.png 80w, https:\/\/www.star-ts.com\/wp-content\/uploads\/2014\/09\/SSI-Web-01-300x240.png 300w\" sizes=\"(max-width: 400px) 100vw, 400px\" \/><\/div>\n<div class=\"right-column\">\n<\/div>\n<\/div>\n<\/div><\/section><\/div>\n\n<style type=\"text\/css\" data-created_by=\"avia_inline_auto\" id=\"style-css-av-7uglb7-4d8de99061e2d2d3f12a241db4999727\">\n.flex_column.av-7uglb7-4d8de99061e2d2d3f12a241db4999727{\nborder-radius:0px 0px 0px 0px;\npadding:0px 0px 0px 0px;\n}\n<\/style>\n<div  class='flex_column av-7uglb7-4d8de99061e2d2d3f12a241db4999727 av_one_half  avia-builder-el-20  el_after_av_one_half  el_before_av_one_half  first flex_column_div av-zero-column-padding  column-top-margin'     ><section  class='av_textblock_section av-kecpvkh2-1fff26377e9754166b01c392c38510e9 '   itemscope=\"itemscope\" itemtype=\"https:\/\/schema.org\/CreativeWork\" ><div class='avia_textblock'  itemprop=\"text\" ><div  class='avia-button-wrap avia-button-center  avia-builder-el-22  avia-builder-el-no-sibling '>\n<style type=\"text\/css\" data-created_by=\"avia_inline_auto\" id=\"style-css-av-6lzapf-cdc05557136c77f24488920414e50d39\">\n#top #wrap_all .avia-button.av-6lzapf-cdc05557136c77f24488920414e50d39{\nbackground-color:#08a742;\nborder-color:#08a742;\ncolor:#ffffff;\ntransition:all 0.4s ease-in-out;\n}\n#top #wrap_all .avia-button.av-6lzapf-cdc05557136c77f24488920414e50d39:hover{\nbackground-color:#07b207;\ncolor:#ffffff;\ntransition:all 0.4s ease-in-out;\n}\n#top #wrap_all .avia-button.av-6lzapf-cdc05557136c77f24488920414e50d39 .avia-svg-icon svg:first-child{\nfill:#ffffff;\nstroke:#ffffff;\n}\n#top #wrap_all .avia-button.av-6lzapf-cdc05557136c77f24488920414e50d39:hover .avia-svg-icon svg:first-child{\nfill:#ffffff;\nstroke:#ffffff;\n}\n<\/style>\n<a href='https:\/\/www.star-ts.com\/sv\/translate-now\/' class='avia-button avia-button-fullwidth av-6lzapf-cdc05557136c77f24488920414e50d39 avia-icon_select-no avia-color-custom'   aria-label=\"F\u00e5 en offert\"><span class='avia_iconbox_title' >F\u00e5 en offert<\/span><\/a><\/div>\n<\/div><\/section><\/div>\n\n<style type=\"text\/css\" data-created_by=\"avia_inline_auto\" id=\"style-css-av-433oxf-35a27e5a6727954bdad36f83991e772a\">\n.flex_column.av-433oxf-35a27e5a6727954bdad36f83991e772a{\nborder-radius:0px 0px 0px 0px;\npadding:0px 0px 0px 0px;\n}\n<\/style>\n<div  class='flex_column av-433oxf-35a27e5a6727954bdad36f83991e772a av_one_half  avia-builder-el-23  el_after_av_one_half  avia-builder-el-last  flex_column_div av-zero-column-padding  column-top-margin'     ><section  class='av_textblock_section av-kecpzm7g-10459406923501180c7f6f740a01db4f '   itemscope=\"itemscope\" itemtype=\"https:\/\/schema.org\/CreativeWork\" ><div class='avia_textblock'  itemprop=\"text\" ><div  class='avia-button-wrap avia-button-center  avia-builder-el-25  avia-builder-el-no-sibling '>\n<style type=\"text\/css\" data-created_by=\"avia_inline_auto\" id=\"style-css-av-2l9oer-8d085a8e4939d8ca0fed440d9a3296a2\">\n#top #wrap_all .avia-button.av-2l9oer-8d085a8e4939d8ca0fed440d9a3296a2:hover{\ncolor:#ffffff;\ntransition:all 0.4s ease-in-out;\n}\n#top #wrap_all .avia-button.av-2l9oer-8d085a8e4939d8ca0fed440d9a3296a2:hover .avia-svg-icon svg:first-child{\nfill:#ffffff;\nstroke:#ffffff;\n}\n<\/style>\n<a href='https:\/\/www.star-ts.com\/sv\/kontakt\/' class='avia-color-dark avia-font-color-black avia-button avia-button-fullwidth av-2l9oer-8d085a8e4939d8ca0fed440d9a3296a2 avia-icon_select-no avia-color-dark'   aria-label=\"Kontakta oss\"><span class='avia_iconbox_title' >Kontakta oss<\/span><span class='avia_button_background avia-button avia-button-fullwidth avia-color-theme-color-subtle'><\/span><\/a><\/div>\n<\/div><\/section><\/div>\n","protected":false},"excerpt":{"rendered":"<p>\u00d6vers\u00e4ttning av marknadsf\u00f6ringskampanjer f\u00f6r digitalt marknadsf\u00f6ringsinneh\u00e5ll. Utveckla din verksamhet internationellt med professionell marknadsf\u00f6rings\u00f6vers\u00e4ttning fr\u00e5n STAR. <\/p>\n","protected":false},"author":1,"featured_media":66633,"parent":120032,"menu_order":4,"comment_status":"closed","ping_status":"closed","template":"","meta":{"footnotes":""},"class_list":["post-120553","page","type-page","status-publish","has-post-thumbnail","hentry"],"_links":{"self":[{"href":"https:\/\/www.star-ts.com\/sv\/wp-json\/wp\/v2\/pages\/120553","targetHints":{"allow":["GET"]}}],"collection":[{"href":"https:\/\/www.star-ts.com\/sv\/wp-json\/wp\/v2\/pages"}],"about":[{"href":"https:\/\/www.star-ts.com\/sv\/wp-json\/wp\/v2\/types\/page"}],"author":[{"embeddable":true,"href":"https:\/\/www.star-ts.com\/sv\/wp-json\/wp\/v2\/users\/1"}],"replies":[{"embeddable":true,"href":"https:\/\/www.star-ts.com\/sv\/wp-json\/wp\/v2\/comments?post=120553"}],"version-history":[{"count":0,"href":"https:\/\/www.star-ts.com\/sv\/wp-json\/wp\/v2\/pages\/120553\/revisions"}],"up":[{"embeddable":true,"href":"https:\/\/www.star-ts.com\/sv\/wp-json\/wp\/v2\/pages\/120032"}],"wp:featuredmedia":[{"embeddable":true,"href":"https:\/\/www.star-ts.com\/sv\/wp-json\/wp\/v2\/media\/66633"}],"wp:attachment":[{"href":"https:\/\/www.star-ts.com\/sv\/wp-json\/wp\/v2\/media?parent=120553"}],"curies":[{"name":"wp","href":"https:\/\/api.w.org\/{rel}","templated":true}]}}