{"id":120515,"date":"2025-12-08T14:07:07","date_gmt":"2025-12-08T14:07:07","guid":{"rendered":"https:\/\/www.star-ts.com\/electronics-translation\/"},"modified":"2025-12-08T14:10:59","modified_gmt":"2025-12-08T14:10:59","slug":"electronics-translation","status":"publish","type":"page","link":"https:\/\/www.star-ts.com\/sv\/translation-services\/electronics-translation\/","title":{"rendered":"\u00d6vers\u00e4ttningstj\u00e4nster f\u00f6r hemelektronik | Tillverkare"},"content":{"rendered":"<div id='full_slider_1'  class='avia-fullwidth-slider main_color avia-shadow   avia-builder-el-0  el_before_av_one_third  avia-builder-el-first   container_wrap sidebar_right'  ><div  class='avia-slideshow av-hah1bp-0280a72ec00316a8ab671964c24450a3 avia-slideshow-featured av_slideshow_full avia-slide-slider av-slideshow-ui av-control-default av-slideshow-manual av-loop-once av-loop-manual-endless av-default-height-applied   avia-slideshow-1' data-slideshow-options=\"{&quot;animation&quot;:&quot;slide&quot;,&quot;autoplay&quot;:false,&quot;loop_autoplay&quot;:&quot;once&quot;,&quot;interval&quot;:5,&quot;loop_manual&quot;:&quot;manual-endless&quot;,&quot;autoplay_stopper&quot;:false,&quot;noNavigation&quot;:false,&quot;bg_slider&quot;:false,&quot;keep_padding&quot;:false,&quot;hoverpause&quot;:false,&quot;show_slide_delay&quot;:0}\"  itemprop=\"image\" itemscope=\"itemscope\" itemtype=\"https:\/\/schema.org\/ImageObject\" ><ul class='avia-slideshow-inner ' style='padding-bottom: 28.666666666667%;'><li  class='avia-slideshow-slide av-hah1bp-0280a72ec00316a8ab671964c24450a3__0  av-single-slide slide-1 slide-odd'><div data-rel='slideshow-1' class='avia-slide-wrap '   ><div class='av-slideshow-caption av-hah1bp-0280a72ec00316a8ab671964c24450a3__0 caption_fullwidth caption_center caption_center_framed caption_framed'><div class=\"container caption_container\"><div class=\"slideshow_caption\"><div class=\"slideshow_inner_caption\"><div class=\"slideshow_align_caption\"><h2 class='avia-caption-title '  itemprop=\"name\" >\u00d6vers\u00e4ttning f\u00f6r hemelektronikindustrin<\/h2><div class='avia-caption-content '  itemprop=\"description\" ><p>Anv\u00e4ndarguider, manualer, marknadsf\u00f6ringsmaterial, webbplatser och tekniska specifikationer.<\/p>\n<\/div><\/div><\/div><\/div><\/div><\/div><img decoding=\"async\" fetchpriority=\"high\" class=\"wp-image-71892 avia-img-lazy-loading-not-71892\"  src=\"https:\/\/www.star-ts.com\/wp-content\/uploads\/2018\/04\/electronics-chips-1500x430.jpg\" width=\"1500\" height=\"430\" title='Gulgl\u00f6dande kretskort \u2013 n\u00e4rbild' alt=''  itemprop=\"thumbnailUrl\"   \/><\/div><\/li><\/ul><\/div><\/div><div id='after_full_slider_1'  class='main_color av_default_container_wrap container_wrap sidebar_right'  ><div class='container av-section-cont-open' ><div class='template-page content  av-content-small alpha units'><div class='post-entry post-entry-type-page post-entry-120515'><div class='entry-content-wrapper clearfix'>\n<div  class='flex_column av-dfg3ut-ce42eb991d8a2537d4d52abd4cc867f2 av_one_third  avia-builder-el-1  el_after_av_slideshow_full  el_before_av_two_third  avia-builder-el-first  first flex_column_div  '     ><section  class='av_textblock_section av-4mgat-33710afbae0e034bdaf083c94c67de38 '   itemscope=\"itemscope\" itemtype=\"https:\/\/schema.org\/CreativeWork\" ><div class='avia_textblock'  itemprop=\"text\" ><p><img decoding=\"async\" class=\"aligncenter wp-image-19593 size-full\" title=\"\u00d6vers\u00e4ttning av hemelektronik\" src=\"https:\/\/www.star-ts.com\/wp-content\/uploads\/2018\/04\/microchip.jpg\" alt=\"N\u00e4rbild av en datorprocessor isolerad p\u00e5 en vit bakgrund. Elektronik. Chip. Processor\" width=\"5184\" height=\"3456\" srcset=\"https:\/\/www.star-ts.com\/wp-content\/uploads\/2018\/04\/microchip.jpg 5184w, https:\/\/www.star-ts.com\/wp-content\/uploads\/2018\/04\/microchip-80x53.jpg 80w, https:\/\/www.star-ts.com\/wp-content\/uploads\/2018\/04\/microchip-300x200.jpg 300w, https:\/\/www.star-ts.com\/wp-content\/uploads\/2018\/04\/microchip-768x512.jpg 768w, https:\/\/www.star-ts.com\/wp-content\/uploads\/2018\/04\/microchip-1030x687.jpg 1030w, https:\/\/www.star-ts.com\/wp-content\/uploads\/2018\/04\/microchip-1500x1000.jpg 1500w, https:\/\/www.star-ts.com\/wp-content\/uploads\/2018\/04\/microchip-705x470.jpg 705w, https:\/\/www.star-ts.com\/wp-content\/uploads\/2018\/04\/microchip-450x300.jpg 450w\" sizes=\"(max-width: 5184px) 100vw, 5184px\" \/><\/p>\n<\/div><\/section><\/div>\n\n<style type=\"text\/css\" data-created_by=\"avia_inline_auto\" id=\"style-css-av-b0itj9-ce2c88c79bfdfbf012621357ef26d1f6\">\n.flex_column.av-b0itj9-ce2c88c79bfdfbf012621357ef26d1f6{\nborder-radius:0px 0px 0px 0px;\npadding:0px 0px 0px 0px;\n}\n<\/style>\n<div  class='flex_column av-b0itj9-ce2c88c79bfdfbf012621357ef26d1f6 av_two_third  avia-builder-el-3  el_after_av_one_third  el_before_av_one_full  flex_column_div av-zero-column-padding  '     ><section  class='av_textblock_section av-9e5p3p-e8c77f59fbef1e816246fbae616b4188 '   itemscope=\"itemscope\" itemtype=\"https:\/\/schema.org\/CreativeWork\" ><div class='avia_textblock'  itemprop=\"text\" ><h1>\u00d6vers\u00e4ttning av hemelektronik<\/h1>\n<p>Hemelektronik \u00e4r en av de snabbast v\u00e4xande branscherna idag. \u00d6vers\u00e4ttning f\u00f6r elektronikindustrin m\u00e5ste vara tekniskt korrekt och kundv\u00e4nlig. Det finns en v\u00e4xande efterfr\u00e5gan p\u00e5 ny teknik inom alla omr\u00e5den av livet och aff\u00e4rsv\u00e4rlden.  <\/p>\n<p>Med den efterfr\u00e5gan kommer ett konsumentkrav p\u00e5 tekniskt korrekta \u00f6vers\u00e4ttningar av anv\u00e4ndarmanualer och supportdokumentation. F\u00f6retag m\u00e5ste leverera dessa produkter \u00f6ver hela v\u00e4rlden. <\/p>\n<p>H\u00f6gkvalitativ anv\u00e4ndardokumentation hj\u00e4lper till att bygga ditt varum\u00e4rke och minska dina supportkostnader.<\/p>\n<p>Vi har stor expertis inom \u00f6vers\u00e4ttning av hemelektronik och arbetar med m\u00e5nga ledande elektroniktillverkare.<\/p>\n<p><a href=\"https:\/\/www.star-ts.com\/sv\/technical-translation\/\">Tekniska \u00f6vers\u00e4ttningstj\u00e4nster<\/a><\/p>\n<\/div><\/section><\/div>\n<div  class='flex_column av-qm7dx-ae6ccf9968d6dc884dbf80308d89b6e4 av_one_full  avia-builder-el-5  el_after_av_two_third  el_before_av_one_full  first flex_column_div  column-top-margin'     ><section  class='av_textblock_section av-6eytcl-0af905811524c4db9c06c689f05dcdcb '   itemscope=\"itemscope\" itemtype=\"https:\/\/schema.org\/CreativeWork\" ><div class='avia_textblock'  itemprop=\"text\" ><h3>Tekniskt korrekt \u00f6vers\u00e4ttning<\/h3>\n<p>Med all teknik \u00e4r f\u00f6rst\u00e5else och uppr\u00e4tth\u00e5llande av korrekt terminologi nyckeln till en framg\u00e5ngsrik \u00f6vers\u00e4ttning. Konsumentdokumentation m\u00e5ste vara tydlig, koncis och korrekt. <\/p>\n<p>V\u00e5ra \u00f6vers\u00e4ttare \u00e4r utbildade i specifika branschmetoder f\u00f6r att hantera termer och leverera h\u00f6gkvalitativ, konsekvent \u00f6vers\u00e4ttning. Vi f\u00f6rst\u00e5r pressen att leverera \u00f6ver hela v\u00e4rlden till kr\u00e4vande konsumenter. Om du beh\u00f6ver tekniska datablad, broschyrer, manualer eller webbplatser p\u00e5 valfritt spr\u00e5k kan vi hj\u00e4lpa dig. Vi st\u00f6der \u00f6ver 200 spr\u00e5k.   <\/p>\n<p>\u00d6vers\u00e4ttningen utf\u00f6rs enligt kvalitetsstandarderna <a href=\"https:\/\/www.star-ts.com\/sv\/translation-faq\/what-is-iso17100-certification\/\">ISO 17100<\/a> och <a href=\"https:\/\/www.star-ts.com\/sv\/translation-faq\/vad-innebar-iso-9001-certifiering\/\">ISO 9001<\/a>.<\/p>\n<p><strong>STAR GROUPs kundreferenser inkluderar:<\/strong><br \/>\nBSH Hausger\u00e4te GmbH | General Electric | Konica Minolta | Nestl\u00e9 Nespresso | Unilever<\/p>\n<p><strong>En partnerskapsprocess f\u00f6r att leverera framg\u00e5ng.<\/strong><\/p>\n<p>Att f\u00e5 teknisk \u00f6vers\u00e4ttning r\u00e4tt inneb\u00e4r att arbeta i partnerskap med din \u00f6vers\u00e4ttningsbyr\u00e5. Ofta beh\u00f6ver du klarg\u00f6ra inneb\u00f6rden av diagram, programvarustr\u00e4ngar och webbplatstext \u2013 f\u00f6r att s\u00e4kerst\u00e4lla att allt \u00e4r precis r\u00e4tt. V\u00e5rt team arbetar n\u00e4ra v\u00e5ra kunder f\u00f6r att bygga r\u00e4tt teknik, mening och f\u00f6rst\u00e5else f\u00f6r varje projekt.  <\/p>\n<p>Vi hj\u00e4lper dig att bygga den b\u00e4sta dokumentationsprocessen och leverera \u00f6vers\u00e4ttning i v\u00e4rldsklass som matchar.<\/p>\n<p>Vi \u00f6vers\u00e4tter<\/p>\n<ul>\n<li>Datablad f\u00f6r elektroniska komponenter<\/li>\n<li>Guider och manualer f\u00f6r elektroniska produkter<\/li>\n<li>Chipdesigner och anv\u00e4ndarguider<\/li>\n<li>Webbplatser<\/li>\n<li>Anv\u00e4ndardokumentation och produktf\u00f6rpackning<\/li>\n<\/ul>\n<p><strong>\u00d6vers\u00e4ttningstj\u00e4nster f\u00f6r hemelektronik<\/strong><\/p>\n<p>Vi agerar som en professionell partner i din dokumentationsleveranskedja. V\u00e5rt \u00f6vers\u00e4ttningsminnessystem g\u00f6r det m\u00f6jligt f\u00f6r oss att lagra \u00f6vers\u00e4ttningar f\u00f6r v\u00e5ra kunder, vilket s\u00e4kerst\u00e4ller konsekventa, tekniskt korrekta resultat.<\/p>\n<\/div><\/section><\/div>\n<div  class='flex_column av-63jxol-0533b92c0b41d5cbf334a56fe46f1cff av_one_full  avia-builder-el-7  el_after_av_one_full  avia-builder-el-last  first flex_column_div  column-top-margin'     ><section  class='av_textblock_section av-4vixhx-e49fc30681a5bcd579098c6d8556afbf '   itemscope=\"itemscope\" itemtype=\"https:\/\/schema.org\/CreativeWork\" ><div class='avia_textblock'  itemprop=\"text\" ><div  class='avia-button-wrap avia-button-center  avia-builder-el-9  avia-builder-el-no-sibling '>\n<style type=\"text\/css\" data-created_by=\"avia_inline_auto\" id=\"style-css-av-34s21x-ddd8ac17b621fad8d68aee38523c587a\">\n#top #wrap_all .avia-button.av-34s21x-ddd8ac17b621fad8d68aee38523c587a:hover{\ncolor:white;\ntransition:all 0.4s ease-in-out;\n}\n#top #wrap_all .avia-button.av-34s21x-ddd8ac17b621fad8d68aee38523c587a:hover .avia-svg-icon svg:first-child{\nfill:white;\nstroke:white;\n}\n<\/style>\n<a href='https:\/\/www.star-ts.com\/sv\/kontakt\/' class='avia-color-theme-color avia-font-color-theme-color avia-button avia-button-fullwidth av-34s21x-ddd8ac17b621fad8d68aee38523c587a avia-icon_select-no avia-color-theme-color'  title=\"Contact Us\" aria-label=\"Contact Us\"><span class='avia_iconbox_title' >Kontakta oss<\/span><span class='avia_button_background avia-button avia-button-fullwidth avia-color-theme-color-highlight'><\/span><\/a><\/div>\n<\/div><\/section><\/div>\n","protected":false},"excerpt":{"rendered":"<p>Hemelektronik \u00e4r en av de snabbast v\u00e4xande branscherna idag. \u00d6vers\u00e4ttning f\u00f6r elektronikindustrin m\u00e5ste vara tekniskt korrekt och kundv\u00e4nlig. <\/p>\n","protected":false},"author":1,"featured_media":71892,"parent":120566,"menu_order":5,"comment_status":"open","ping_status":"closed","template":"","meta":{"footnotes":""},"class_list":["post-120515","page","type-page","status-publish","has-post-thumbnail","hentry"],"_links":{"self":[{"href":"https:\/\/www.star-ts.com\/sv\/wp-json\/wp\/v2\/pages\/120515","targetHints":{"allow":["GET"]}}],"collection":[{"href":"https:\/\/www.star-ts.com\/sv\/wp-json\/wp\/v2\/pages"}],"about":[{"href":"https:\/\/www.star-ts.com\/sv\/wp-json\/wp\/v2\/types\/page"}],"author":[{"embeddable":true,"href":"https:\/\/www.star-ts.com\/sv\/wp-json\/wp\/v2\/users\/1"}],"replies":[{"embeddable":true,"href":"https:\/\/www.star-ts.com\/sv\/wp-json\/wp\/v2\/comments?post=120515"}],"version-history":[{"count":0,"href":"https:\/\/www.star-ts.com\/sv\/wp-json\/wp\/v2\/pages\/120515\/revisions"}],"up":[{"embeddable":true,"href":"https:\/\/www.star-ts.com\/sv\/wp-json\/wp\/v2\/pages\/120566"}],"wp:featuredmedia":[{"embeddable":true,"href":"https:\/\/www.star-ts.com\/sv\/wp-json\/wp\/v2\/media\/71892"}],"wp:attachment":[{"href":"https:\/\/www.star-ts.com\/sv\/wp-json\/wp\/v2\/media?parent=120515"}],"curies":[{"name":"wp","href":"https:\/\/api.w.org\/{rel}","templated":true}]}}