{"id":120496,"date":"2025-12-08T14:06:03","date_gmt":"2025-12-08T14:06:03","guid":{"rendered":"https:\/\/www.star-ts.com\/content-management-systems-cms\/"},"modified":"2025-12-08T14:09:49","modified_gmt":"2025-12-08T14:09:49","slug":"content-management-systems-cms","status":"publish","type":"page","link":"https:\/\/www.star-ts.com\/sv\/software\/content-management-systems-cms\/","title":{"rendered":"Inneh\u00e5llshanteringssystem (CMS)"},"content":{"rendered":"<div  class='flex_column av-1yfy2h9-250ea371951489aeb5a38295ea93f7d1 av_one_full  avia-builder-el-0  el_before_av_one_full  avia-builder-el-first  first flex_column_div  '     ><section  class='av_textblock_section av-1wuj0wd-7d711c42c4fcb0afc5a2ee4523e4c80c '   itemscope=\"itemscope\" itemtype=\"https:\/\/schema.org\/CreativeWork\" ><div class='avia_textblock'  itemprop=\"text\" ><h1>Integration av inneh\u00e5llshanteringssystem<\/h1>\n<\/div><\/section><br \/>\n<section  class='av_textblock_section av-1uqitt9-272a14ded43526c71fddcb6d145d1488 '   itemscope=\"itemscope\" itemtype=\"https:\/\/schema.org\/CreativeWork\" ><div class='avia_textblock'  itemprop=\"text\" ><p>\u00d6vers\u00e4ttning f\u00f6r inneh\u00e5llshanteringssystem<\/p>\n<\/div><\/section><\/p><\/div>\n<div  class='flex_column av-1t6zxxp-5e1bfdb6dd0e0b5b497b2d84025da11d av_one_full  avia-builder-el-3  el_after_av_one_full  el_before_av_one_full  first flex_column_div  column-top-margin'     ><style type=\"text\/css\" data-created_by=\"avia_inline_auto\" id=\"style-css-av-m9wvpha4-479dc3a5680f1375afa0b76f6e52f4bf\">\n.avia-image-container.av-m9wvpha4-479dc3a5680f1375afa0b76f6e52f4bf img.avia_image{\nbox-shadow:none;\n}\n.avia-image-container.av-m9wvpha4-479dc3a5680f1375afa0b76f6e52f4bf .av-image-caption-overlay-center{\ncolor:#ffffff;\n}\n<\/style>\n<div  class='avia-image-container av-m9wvpha4-479dc3a5680f1375afa0b76f6e52f4bf av-styling- avia-align-center  avia-builder-el-4  avia-builder-el-no-sibling '   itemprop=\"image\" itemscope=\"itemscope\" itemtype=\"https:\/\/schema.org\/ImageObject\" ><div class=\"avia-image-container-inner\"><div class=\"avia-image-overlay-wrap\"><img decoding=\"async\" fetchpriority=\"high\" class='wp-image-100530 avia-img-lazy-loading-not-100530 avia_image ' src=\"https:\/\/www.star-ts.com\/wp-content\/uploads\/2018\/05\/website-man-sm-1500x630.jpg\" alt='' title='Ung aff\u00e4rsman som anv\u00e4nder b\u00e4rbar dator och surfplatta med stadsbild i bakgrunden'  height=\"630\" width=\"1500\"  itemprop=\"thumbnailUrl\"  \/><\/div><\/div><\/div><\/div>\n\n<style type=\"text\/css\" data-created_by=\"avia_inline_auto\" id=\"style-css-av-1qdqyst-0a82c220b88345d1b6b64be26b3b59f0\">\n.flex_column.av-1qdqyst-0a82c220b88345d1b6b64be26b3b59f0{\nborder-radius:0px 0px 0px 0px;\npadding:0px 0px 0px 0px;\n}\n<\/style>\n<div  class='flex_column av-1qdqyst-0a82c220b88345d1b6b64be26b3b59f0 av_one_full  avia-builder-el-5  el_after_av_one_full  el_before_av_one_full  first flex_column_div av-zero-column-padding  column-top-margin'     ><section  class='av_textblock_section av-1outat9-41142fa9fa9e48e2b5c541fa7769ffbb '   itemscope=\"itemscope\" itemtype=\"https:\/\/schema.org\/CreativeWork\" ><div class='avia_textblock'  itemprop=\"text\" ><p>STAR kan \u00f6vers\u00e4tta inneh\u00e5ll fr\u00e5n m\u00e5nga popul\u00e4ra inneh\u00e5llshanteringssystem (CMS). Utmaningen med CMS-system \u00e4r hur man b\u00e4st extraherar texten f\u00f6r \u00f6vers\u00e4ttning &#8211; och efter \u00f6vers\u00e4ttning laddar det \u00f6versatta inneh\u00e5llet tillbaka in i ditt aktiva system. Det finns m\u00e5nga s\u00e4tt att g\u00f6ra detta p\u00e5, XML, XLIFF, CSV, etc. V\u00e5ra tekniska team kan hj\u00e4lpa er att v\u00e4lja r\u00e4tt system och process f\u00f6r att \u00f6vers\u00e4tta ert inneh\u00e5ll. S\u00e5 oavsett om det \u00e4r Joomla, WordPress, DNN Evoq eller andra system, prata med oss. Vi har till och med utvecklat ett antal plugins sj\u00e4lva som kan g\u00f6ra jobbet enklare f\u00f6r er.<\/p>\n<\/div><\/section><\/div>\n<div  class='flex_column av-5us09p-068e237bfb8292732c40e2bc68a28492 av_one_full  avia-builder-el-7  el_after_av_one_full  el_before_av_two_third  first flex_column_div  column-top-margin'     ><section  class='av_textblock_section av-5qxz4t-14cbfc3329981f30408ef9dfa4226b3e '   itemscope=\"itemscope\" itemtype=\"https:\/\/schema.org\/CreativeWork\" ><div class='avia_textblock'  itemprop=\"text\" ><h3>WordPress\u2122<\/h3>\n<\/div><\/section><\/div>\n<div  class='flex_column av-1jqb2fx-821a6e66069f3587e1fc65aae6b16eb4 av_two_third  avia-builder-el-9  el_after_av_one_full  el_before_av_one_third  first flex_column_div  column-top-margin'     ><section  class='av_textblock_section av-1i7atv1-91484eca27a7a184898f469a28c30a2c '   itemscope=\"itemscope\" itemtype=\"https:\/\/schema.org\/CreativeWork\" ><div class='avia_textblock'  itemprop=\"text\" ><p>Det kostnadsfria, \u00f6ppna k\u00e4llkods-bloggverktyget och inneh\u00e5llshanteringssystemet som anv\u00e4nds av miljoner, m\u00f6jligg\u00f6r enkel \u00f6vers\u00e4ttning av ert inneh\u00e5ll och media. Skicka er WordPress-information s\u00e4kert och genom v\u00e5r \u00f6vers\u00e4ttningsplugin. L\u00e5t STAR experthantera och arbeta med er flerspr\u00e5kiga webbplats.  <\/p>\n<p><a href=\"https:\/\/www.star-ts.com\/sv\/how-do-you-translate-a-wordpress-website-with-wpml\/\">Starta ert n\u00e4sta WordPress-projekt<\/a><\/p>\n<\/div><\/section><\/div>\n\n<style type=\"text\/css\" data-created_by=\"avia_inline_auto\" id=\"style-css-av-1fh7vnx-4ac14acd283e7403496a05045fbd5f9b\">\n.flex_column.av-1fh7vnx-4ac14acd283e7403496a05045fbd5f9b{\nborder-radius:0px 0px 0px 0px;\npadding:0px 0px 0px 0px;\n}\n<\/style>\n<div  class='flex_column av-1fh7vnx-4ac14acd283e7403496a05045fbd5f9b av_one_third  avia-builder-el-11  el_after_av_two_third  el_before_av_one_full  flex_column_div av-zero-column-padding  column-top-margin'     ><style type=\"text\/css\" data-created_by=\"avia_inline_auto\" id=\"style-css-av-m9wvq8wy-3cbceeaebea52e9d22a25805f979b203\">\n.avia-image-container.av-m9wvq8wy-3cbceeaebea52e9d22a25805f979b203 img.avia_image{\nbox-shadow:none;\n}\n.avia-image-container.av-m9wvq8wy-3cbceeaebea52e9d22a25805f979b203 .av-image-caption-overlay-center{\ncolor:#ffffff;\n}\n<\/style>\n<div  class='avia-image-container av-m9wvq8wy-3cbceeaebea52e9d22a25805f979b203 av-styling- avia-align-center  avia-builder-el-12  avia-builder-el-no-sibling '   itemprop=\"image\" itemscope=\"itemscope\" itemtype=\"https:\/\/schema.org\/ImageObject\" ><div class=\"avia-image-container-inner\"><div class=\"avia-image-overlay-wrap\"><img decoding=\"async\" fetchpriority=\"high\" class='wp-image-102900 avia-img-lazy-loading-not-102900 avia_image ' src=\"https:\/\/www.star-ts.com\/wp-content\/uploads\/2018\/07\/wordpress-845x684.jpg\" alt='' title='wordpress'  height=\"684\" width=\"845\"  itemprop=\"thumbnailUrl\" srcset=\"https:\/\/www.star-ts.com\/wp-content\/uploads\/2018\/07\/wordpress-845x684.jpg 845w, https:\/\/www.star-ts.com\/wp-content\/uploads\/2018\/07\/wordpress-495x400.jpg 495w\" sizes=\"(max-width: 845px) 100vw, 845px\" \/><\/div><\/div><\/div><\/div>\n<div  class='flex_column av-1cumqsd-1c096f03d11ea8dad7ebe11458382476 av_one_full  avia-builder-el-13  el_after_av_one_third  el_before_av_one_third  first flex_column_div  column-top-margin'     ><section  class='av_textblock_section av-1aontel-0d5502f00a1796ab586f96f6708bce79 '   itemscope=\"itemscope\" itemtype=\"https:\/\/schema.org\/CreativeWork\" ><div class='avia_textblock'  itemprop=\"text\" ><h3>Joomla!\u2122<\/h3>\n<\/div><\/section><\/div>\n<div  class='flex_column av-1a4efot-019c362b82dc32b4ca311e3e7be959d7 av_one_third  avia-builder-el-15  el_after_av_one_full  el_before_av_two_third  first flex_column_div  column-top-margin'     ><style type=\"text\/css\" data-created_by=\"avia_inline_auto\" id=\"style-css-av-m9wvr394-65e4ac94ddfbb16cf761d9d6e2c1b40f\">\n.avia-image-container.av-m9wvr394-65e4ac94ddfbb16cf761d9d6e2c1b40f img.avia_image{\nbox-shadow:none;\n}\n.avia-image-container.av-m9wvr394-65e4ac94ddfbb16cf761d9d6e2c1b40f .av-image-caption-overlay-center{\ncolor:#ffffff;\n}\n<\/style>\n<div  class='avia-image-container av-m9wvr394-65e4ac94ddfbb16cf761d9d6e2c1b40f av-styling- avia-align-center  avia-builder-el-16  avia-builder-el-no-sibling '   itemprop=\"image\" itemscope=\"itemscope\" itemtype=\"https:\/\/schema.org\/ImageObject\" ><div class=\"avia-image-container-inner\"><div class=\"avia-image-overlay-wrap\"><img decoding=\"async\" fetchpriority=\"high\" class='wp-image-81382 avia-img-lazy-loading-not-81382 avia_image ' src=\"https:\/\/www.star-ts.com\/wp-content\/uploads\/2014\/03\/joomla-logo.png\" alt='' title='Joomla-logotyp'  height=\"320\" width=\"400\"  itemprop=\"thumbnailUrl\" srcset=\"https:\/\/www.star-ts.com\/wp-content\/uploads\/2014\/03\/joomla-logo.png 400w, https:\/\/www.star-ts.com\/wp-content\/uploads\/2014\/03\/joomla-logo-80x64.png 80w, https:\/\/www.star-ts.com\/wp-content\/uploads\/2014\/03\/joomla-logo-300x240.png 300w\" sizes=\"(max-width: 400px) 100vw, 400px\" \/><\/div><\/div><\/div><\/div>\n\n<style type=\"text\/css\" data-created_by=\"avia_inline_auto\" id=\"style-css-av-15k3nl9-540ee54b5756aac996fddd3ef81e86dd\">\n.flex_column.av-15k3nl9-540ee54b5756aac996fddd3ef81e86dd{\nborder-radius:0px 0px 0px 0px;\npadding:0px 0px 0px 0px;\n}\n<\/style>\n<div  class='flex_column av-15k3nl9-540ee54b5756aac996fddd3ef81e86dd av_two_third  avia-builder-el-17  el_after_av_one_third  el_before_av_one_full  flex_column_div av-zero-column-padding  column-top-margin'     ><section  class='av_textblock_section av-14xuwfh-31930f0b73c3e5aa482df728587fde1a '   itemscope=\"itemscope\" itemtype=\"https:\/\/schema.org\/CreativeWork\" ><div class='avia_textblock'  itemprop=\"text\" ><p>Om ni anv\u00e4nder detta kostnadsfria inneh\u00e5llshanteringssystem med \u00f6ppen k\u00e4llkod, \u00e4r \u00f6vers\u00e4ttning av allt ert inneh\u00e5ll en enkel process. Joomla! har redan st\u00f6d f\u00f6r spr\u00e5kinternationalisering. L\u00e5t STAR \u00f6vers\u00e4tta ert inneh\u00e5ll och media, och stimulera globala f\u00f6rs\u00e4ljningar f\u00f6r ert f\u00f6retag.  <\/p>\n<p><a href=\"https:\/\/www.star-ts.com\/sv\/kontakt\/\">Starta ert n\u00e4sta Joomla-projekt<\/a><\/p>\n<\/div><\/section><\/div>\n<div  class='flex_column av-12q6gjh-225d81bfd5a7734a123a8fcccad0c406 av_one_full  avia-builder-el-19  el_after_av_two_third  el_before_av_two_third  first flex_column_div  column-top-margin'     ><section  class='av_textblock_section av-10pa58d-8603fa0f4506c70ce8f41f83ea995118 '   itemscope=\"itemscope\" itemtype=\"https:\/\/schema.org\/CreativeWork\" ><div class='avia_textblock'  itemprop=\"text\" ><h3>DNN Evoq\u2122<\/h3>\n<\/div><\/section><\/div>\n<div  class='flex_column av-z5lh0t-07fecf7a195d598458689660746e6c7e av_two_third  avia-builder-el-21  el_after_av_one_full  el_before_av_one_third  first flex_column_div  column-top-margin'     ><section  class='av_textblock_section av-c3fzh-2d9eac17a8285df625ea8a04ee60ef85 '   itemscope=\"itemscope\" itemtype=\"https:\/\/schema.org\/CreativeWork\" ><div class='avia_textblock'  itemprop=\"text\" ><p>Ett annat webbaserat inneh\u00e5llshanteringssystem med \u00f6ppen k\u00e4llkod baserat p\u00e5 Microsoft .NET. Genom att \u00f6vers\u00e4tta ert inneh\u00e5ll genom att exportera XML-filerna med .resx-till\u00e4gget kan v\u00e5ra professionella \u00f6vers\u00e4ttare bekv\u00e4mt komma \u00e5t och \u00f6vers\u00e4tta er v\u00e4rdefulla information. Vi kan till och med hj\u00e4lpa er att skapa och designa er nya webbplats i DNN Evoq.<\/p>\n<p><a href=\"https:\/\/www.star-ts.com\/sv\/dnn-evoq-translation\/\">Starta ert n\u00e4sta DNN Evoq-projekt<\/a><\/p>\n<\/div><\/section><\/div>\n\n<style type=\"text\/css\" data-created_by=\"avia_inline_auto\" id=\"style-css-av-w0wbx9-76fd3f95d632c424eda05800ee862051\">\n.flex_column.av-w0wbx9-76fd3f95d632c424eda05800ee862051{\nborder-radius:0px 0px 0px 0px;\npadding:0px 0px 0px 0px;\n}\n<\/style>\n<div  class='flex_column av-w0wbx9-76fd3f95d632c424eda05800ee862051 av_one_third  avia-builder-el-23  el_after_av_two_third  el_before_av_one_full  flex_column_div av-zero-column-padding  column-top-margin'     ><style type=\"text\/css\" data-created_by=\"avia_inline_auto\" id=\"style-css-av-m9wvrscv-7fe5867e60db54c23e1b9d245a90f32c\">\n.avia-image-container.av-m9wvrscv-7fe5867e60db54c23e1b9d245a90f32c img.avia_image{\nbox-shadow:none;\n}\n.avia-image-container.av-m9wvrscv-7fe5867e60db54c23e1b9d245a90f32c .av-image-caption-overlay-center{\ncolor:#ffffff;\n}\n<\/style>\n<div  class='avia-image-container av-m9wvrscv-7fe5867e60db54c23e1b9d245a90f32c av-styling- avia-align-center  avia-builder-el-24  avia-builder-el-no-sibling '   itemprop=\"image\" itemscope=\"itemscope\" itemtype=\"https:\/\/schema.org\/ImageObject\" ><div class=\"avia-image-container-inner\"><div class=\"avia-image-overlay-wrap\"><img decoding=\"async\" fetchpriority=\"high\" class='wp-image-93016 avia-img-lazy-loading-not-93016 avia_image ' src=\"https:\/\/www.star-ts.com\/wp-content\/uploads\/2016\/07\/EvoqPoweredByDNN.png\" alt='' title=''  height=\"242\" width=\"400\"  itemprop=\"thumbnailUrl\" srcset=\"https:\/\/www.star-ts.com\/wp-content\/uploads\/2016\/07\/EvoqPoweredByDNN.png 400w, https:\/\/www.star-ts.com\/wp-content\/uploads\/2016\/07\/EvoqPoweredByDNN-80x48.png 80w, https:\/\/www.star-ts.com\/wp-content\/uploads\/2016\/07\/EvoqPoweredByDNN-300x182.png 300w\" sizes=\"(max-width: 400px) 100vw, 400px\" \/><\/div><\/div><\/div><\/div>\n<div  class='flex_column av-tkhob1-1b0e98fa76619ff0341fc946b7e226e5 av_one_full  avia-builder-el-25  el_after_av_one_third  el_before_av_one_third  first flex_column_div  column-top-margin'     ><section  class='av_textblock_section av-rqw4vh-a777bd8b86ef8dce5dbc0a3a09db0126 '   itemscope=\"itemscope\" itemtype=\"https:\/\/schema.org\/CreativeWork\" ><div class='avia_textblock'  itemprop=\"text\" ><h3>Skr\u00e4ddarsytt CMS<\/h3>\n<\/div><\/section><\/div>\n<div  class='flex_column av-p1c1ot-32b3d798c2891df287d70cb40c667a24 av_one_third  avia-builder-el-27  el_after_av_one_full  el_before_av_two_third  first flex_column_div  column-top-margin'     ><style type=\"text\/css\" data-created_by=\"avia_inline_auto\" id=\"style-css-av-m9wvshr4-befb42fb4da8b04d4a8b9d1108ac1eb0\">\n.avia-image-container.av-m9wvshr4-befb42fb4da8b04d4a8b9d1108ac1eb0 img.avia_image{\nbox-shadow:none;\n}\n.avia-image-container.av-m9wvshr4-befb42fb4da8b04d4a8b9d1108ac1eb0 .av-image-caption-overlay-center{\ncolor:#ffffff;\n}\n<\/style>\n<div  class='avia-image-container av-m9wvshr4-befb42fb4da8b04d4a8b9d1108ac1eb0 av-styling- avia-align-center  avia-builder-el-28  avia-builder-el-no-sibling '   itemprop=\"image\" itemscope=\"itemscope\" itemtype=\"https:\/\/schema.org\/ImageObject\" ><div class=\"avia-image-container-inner\"><div class=\"avia-image-overlay-wrap\"><img decoding=\"async\" fetchpriority=\"high\" class='wp-image-116516 avia-img-lazy-loading-not-116516 avia_image ' src=\"https:\/\/www.star-ts.com\/wp-content\/uploads\/041525_1637_TuislAistri1-300x200.jpg\" alt='City Building - Business' title='041525_1637_TuislAistri1.jpg'  height=\"200\" width=\"300\"  itemprop=\"thumbnailUrl\" srcset=\"https:\/\/www.star-ts.com\/wp-content\/uploads\/041525_1637_TuislAistri1-300x200.jpg 300w, https:\/\/www.star-ts.com\/wp-content\/uploads\/041525_1637_TuislAistri1-80x53.jpg 80w, https:\/\/www.star-ts.com\/wp-content\/uploads\/041525_1637_TuislAistri1-705x471.jpg 705w, https:\/\/www.star-ts.com\/wp-content\/uploads\/041525_1637_TuislAistri1.jpg 752w\" sizes=\"(max-width: 300px) 100vw, 300px\" \/><\/div><\/div><\/div><\/div>\n\n<style type=\"text\/css\" data-created_by=\"avia_inline_auto\" id=\"style-css-av-molul9-2d672fced9c855c8770d6099a2f057b4\">\n.flex_column.av-molul9-2d672fced9c855c8770d6099a2f057b4{\nborder-radius:0px 0px 0px 0px;\npadding:0px 0px 0px 0px;\n}\n<\/style>\n<div  class='flex_column av-molul9-2d672fced9c855c8770d6099a2f057b4 av_two_third  avia-builder-el-29  el_after_av_one_third  el_before_av_one_full  flex_column_div av-zero-column-padding  column-top-margin'     ><section  class='av_textblock_section av-kwrje5-7ab5250e5df856b6c23acc12b2783f2e '   itemscope=\"itemscope\" itemtype=\"https:\/\/schema.org\/CreativeWork\" ><div class='avia_textblock'  itemprop=\"text\" ><p>Att sj\u00e4lvst\u00e4ndigt hantera era filer f\u00f6r \u00f6vers\u00e4ttning \u00e4r v\u00e5r verksamhet. Professionalism och skicklighet g\u00f6r det m\u00f6jligt f\u00f6r STAR att utf\u00f6ra processen genom att exportera och \u00f6vers\u00e4tta allt ert v\u00e4rdefulla inneh\u00e5ll internt. L\u00e5t STAR f\u00f6rse er med de b\u00e4sta alternativen och utf\u00f6ra allt tekniskt arbete \u00e5t er.  <\/p>\n<p><a href=\"https:\/\/www.star-ts.com\/sv\/kontakt\/\">Starta ert n\u00e4sta projekt med STAR<\/a><\/p>\n<\/div><\/section><\/div>\n<div  class='flex_column av-j63g99-d08a1c393a1e621beeacb873afe0940e av_one_full  avia-builder-el-31  el_after_av_two_third  el_before_av_two_third  first flex_column_div  column-top-margin'     ><section  class='av_textblock_section av-i50kp9-d6eca655ec9634d7f44307dca2346969 '   itemscope=\"itemscope\" itemtype=\"https:\/\/schema.org\/CreativeWork\" ><div class='avia_textblock'  itemprop=\"text\" ><h3>Drupal\u2122<\/h3>\n<\/div><\/section><\/div>\n<div  class='flex_column av-ggoi99-3c741471ddf35820894afd68e54bc021 av_two_third  avia-builder-el-33  el_after_av_one_full  el_before_av_one_third  first flex_column_div  column-top-margin'     ><section  class='av_textblock_section av-dgch0t-8cfcf452563d2c5c38cda6ade794f9b2 '   itemscope=\"itemscope\" itemtype=\"https:\/\/schema.org\/CreativeWork\" ><div class='avia_textblock'  itemprop=\"text\" ><ul>\n<li>S\u00e4kerst\u00e4ll att ert Drupal-inneh\u00e5ll n\u00e5r en global publik utan anstr\u00e4ngning.<\/li>\n<li>Anv\u00e4nd v\u00e5ra expert\u00f6vers\u00e4ttare f\u00f6r att lokalisera era filer med precision.<\/li>\n<li>Integrera s\u00f6ml\u00f6st med Drupals Translation Management-arbetsfl\u00f6de eller i18n-till\u00e4gg.<\/li>\n<li>Dra nytta av v\u00e5r bepr\u00f6vade erfarenhet av att \u00f6vers\u00e4tta m\u00e5nga Drupal-webbplatser.<\/li>\n<\/ul>\n<p>Som ett inneh\u00e5llshanteringsramverk \u00e4r Drupal tillg\u00e4ngligt p\u00e5 flera spr\u00e5k. L\u00e5t v\u00e5ra professionella \u00f6vers\u00e4ttare \u00f6vers\u00e4tta ert inneh\u00e5ll med hj\u00e4lp av <g id=\"gid_0\">Drupals Translation Management<\/g>-arbetsfl\u00f6de, eller i18n-till\u00e4gget, f\u00f6r att hantera alla spr\u00e5k. Med erfarenhet av att \u00f6vers\u00e4tta m\u00e5nga Drupal-webbplatser kan STAR hj\u00e4lpa er med era globala ambitioner.  <\/p>\n<p><a href=\"https:\/\/www.star-ts.com\/sv\/kontakt\/\">Starta ert n\u00e4sta projekt med Drupal<\/a><\/p>\n<\/div><\/section><\/div>\n\n<style type=\"text\/css\" data-created_by=\"avia_inline_auto\" id=\"style-css-av-crscbh-1674bcc17155a499534d3b5aee034a53\">\n.flex_column.av-crscbh-1674bcc17155a499534d3b5aee034a53{\nborder-radius:0px 0px 0px 0px;\npadding:0px 0px 0px 0px;\n}\n<\/style>\n<div  class='flex_column av-crscbh-1674bcc17155a499534d3b5aee034a53 av_one_third  avia-builder-el-35  el_after_av_two_third  el_before_av_section  avia-builder-el-last  flex_column_div av-zero-column-padding  column-top-margin'     ><style type=\"text\/css\" data-created_by=\"avia_inline_auto\" id=\"style-css-av-m9wvtl96-03f2d587ba50c2a4d813676accf6a671\">\n.avia-image-container.av-m9wvtl96-03f2d587ba50c2a4d813676accf6a671 img.avia_image{\nbox-shadow:none;\n}\n.avia-image-container.av-m9wvtl96-03f2d587ba50c2a4d813676accf6a671 .av-image-caption-overlay-center{\ncolor:#ffffff;\n}\n<\/style>\n<div  class='avia-image-container av-m9wvtl96-03f2d587ba50c2a4d813676accf6a671 av-styling- avia-align-center  avia-builder-el-36  avia-builder-el-no-sibling '   itemprop=\"image\" itemscope=\"itemscope\" itemtype=\"https:\/\/schema.org\/ImageObject\" ><div class=\"avia-image-container-inner\"><div class=\"avia-image-overlay-wrap\"><img decoding=\"async\" fetchpriority=\"high\" class='wp-image-116649 avia-img-lazy-loading-not-116649 avia_image ' src=\"https:\/\/www.star-ts.com\/wp-content\/uploads\/Drupal-Logo-300x111.png\" alt='Drupal-logotyp' title='Drupal-logotyp'  height=\"111\" width=\"300\"  itemprop=\"thumbnailUrl\" srcset=\"https:\/\/www.star-ts.com\/wp-content\/uploads\/Drupal-Logo-300x111.png 300w, https:\/\/www.star-ts.com\/wp-content\/uploads\/Drupal-Logo-80x30.png 80w, https:\/\/www.star-ts.com\/wp-content\/uploads\/Drupal-Logo.png 617w\" sizes=\"(max-width: 300px) 100vw, 300px\" \/><\/div><\/div><\/div><\/div>\n<\/div><\/div><\/div><!-- close content main div --><\/div><\/div>\n<style type=\"text\/css\" data-created_by=\"avia_inline_auto\" id=\"style-css-av-k0gx2157-307699bb8bdeb8c22c0065ee0c218e70\">\n.avia-section.av-k0gx2157-307699bb8bdeb8c22c0065ee0c218e70{\nbackground-color:#ff7f27;\nbackground-image:unset;\n}\n<\/style>\n<div id='av_section_1'  class='avia-section av-k0gx2157-307699bb8bdeb8c22c0065ee0c218e70 main_color avia-section-default avia-no-border-styling  avia-builder-el-37  el_after_av_one_third  avia-builder-el-last  avia-bg-style-scroll container_wrap sidebar_right'  ><div class='container av-section-cont-open' ><div class='template-page content  av-content-small alpha units'><div class='post-entry post-entry-type-page post-entry-120496'><div class='entry-content-wrapper clearfix'>\n<section  class='av_textblock_section av-zffpn-9b19d1d65eda350fe1fbef528189f03e '   itemscope=\"itemscope\" itemtype=\"https:\/\/schema.org\/CreativeWork\" ><div class='avia_textblock'  itemprop=\"text\" ><h2><span style=\"color: #ffffff;\">B\u00f6rja nu<\/span><\/h2>\n<div  class='avia-button-wrap av-aaau3-e3573e676ea05f5b4bf6cbae59781945-wrap avia-button-left  avia-builder-el-39  avia-builder-el-no-sibling '><a href='https:\/\/www.star-ts.com\/sv\/kontakt\/'  class='avia-button av-aaau3-e3573e676ea05f5b4bf6cbae59781945 av-link-btn avia-icon_select-no avia-size-x-large avia-position-left avia-color-light'   aria-label=\"Kontakta oss\"><span class='avia_iconbox_title' >Kontakta oss<\/span><\/a><\/div>\n<\/div><\/section>\n<\/div><\/div><\/div><!-- close content main div --><\/div><\/div><div id='after_section_1'  class='main_color av_default_container_wrap container_wrap sidebar_right'  ><div class='container av-section-cont-open' ><div class='template-page content  av-content-small alpha units'><div class='post-entry post-entry-type-page post-entry-120496'><div class='entry-content-wrapper clearfix'>\n","protected":false},"excerpt":{"rendered":"<p>STAR kan \u00f6vers\u00e4tta inneh\u00e5ll fr\u00e5n m\u00e5nga popul\u00e4ra inneh\u00e5llshanteringssystem (CMS). Utmaningen med CMS-system \u00e4r hur man b\u00e4st extraherar texten f\u00f6r \u00f6vers\u00e4ttning &#8211; och efter \u00f6vers\u00e4ttning laddar det \u00f6versatta inneh\u00e5llet tillbaka in i ditt aktiva system. Det finns m\u00e5nga s\u00e4tt att g\u00f6ra detta p\u00e5, XML, XLIFF, CSV, etc. V\u00e5ra tekniska team kan hj\u00e4lpa er att v\u00e4lja r\u00e4tt system och process f\u00f6r att \u00f6vers\u00e4tta ert inneh\u00e5ll. S\u00e5 oavsett om det \u00e4r Joomla, WordPress, DNN Evoq eller andra system, prata med oss. Vi har till och med utvecklat ett antal plugins sj\u00e4lva som kan g\u00f6ra jobbet enklare f\u00f6r er.     <\/p>\n","protected":false},"author":1,"featured_media":66533,"parent":120548,"menu_order":1,"comment_status":"closed","ping_status":"closed","template":"","meta":{"footnotes":""},"class_list":["post-120496","page","type-page","status-publish","has-post-thumbnail","hentry"],"_links":{"self":[{"href":"https:\/\/www.star-ts.com\/sv\/wp-json\/wp\/v2\/pages\/120496","targetHints":{"allow":["GET"]}}],"collection":[{"href":"https:\/\/www.star-ts.com\/sv\/wp-json\/wp\/v2\/pages"}],"about":[{"href":"https:\/\/www.star-ts.com\/sv\/wp-json\/wp\/v2\/types\/page"}],"author":[{"embeddable":true,"href":"https:\/\/www.star-ts.com\/sv\/wp-json\/wp\/v2\/users\/1"}],"replies":[{"embeddable":true,"href":"https:\/\/www.star-ts.com\/sv\/wp-json\/wp\/v2\/comments?post=120496"}],"version-history":[{"count":0,"href":"https:\/\/www.star-ts.com\/sv\/wp-json\/wp\/v2\/pages\/120496\/revisions"}],"up":[{"embeddable":true,"href":"https:\/\/www.star-ts.com\/sv\/wp-json\/wp\/v2\/pages\/120548"}],"wp:featuredmedia":[{"embeddable":true,"href":"https:\/\/www.star-ts.com\/sv\/wp-json\/wp\/v2\/media\/66533"}],"wp:attachment":[{"href":"https:\/\/www.star-ts.com\/sv\/wp-json\/wp\/v2\/media?parent=120496"}],"curies":[{"name":"wp","href":"https:\/\/api.w.org\/{rel}","templated":true}]}}