{"id":120323,"date":"2025-11-07T13:11:24","date_gmt":"2025-11-07T13:11:24","guid":{"rendered":"https:\/\/www.star-ts.com\/star-translation-cloud\/language-services\/"},"modified":"2025-11-07T13:11:34","modified_gmt":"2025-11-07T13:11:34","slug":"language-services","status":"publish","type":"page","link":"https:\/\/www.star-ts.com\/sv\/software\/star-translation-cloud\/language-services\/","title":{"rendered":"Molnbaserade spr\u00e5ktj\u00e4nster"},"content":{"rendered":"<div id='full_slider_1'  class='avia-fullwidth-slider main_color avia-shadow av-small-hide av-mini-hide  avia-builder-el-0  el_before_av_one_full  avia-builder-el-first   container_wrap sidebar_right'  ><div  class='avia-slideshow av-k6w53h5u-4010ab037cca7ef37a07b160670120ab avia-slideshow-featured av_slideshow_full avia-slide-slider av-small-hide av-mini-hide av-slideshow-ui av-control-default av-slideshow-manual av-loop-once av-loop-manual-endless av-default-height-applied   avia-slideshow-1' data-slideshow-options=\"{&quot;animation&quot;:&quot;slide&quot;,&quot;autoplay&quot;:false,&quot;loop_autoplay&quot;:&quot;once&quot;,&quot;interval&quot;:5,&quot;loop_manual&quot;:&quot;manual-endless&quot;,&quot;autoplay_stopper&quot;:false,&quot;noNavigation&quot;:false,&quot;bg_slider&quot;:false,&quot;keep_padding&quot;:false,&quot;hoverpause&quot;:false,&quot;show_slide_delay&quot;:0}\"  itemprop=\"image\" itemscope=\"itemscope\" itemtype=\"https:\/\/schema.org\/ImageObject\" ><ul class='avia-slideshow-inner ' style='padding-bottom: 33.59375%;'><li  class='avia-slideshow-slide av-k6w53h5u-4010ab037cca7ef37a07b160670120ab__0  av-single-slide slide-1 slide-odd'><div data-rel='slideshow-1' class='avia-slide-wrap '   ><div class='av-slideshow-caption av-k6w53h5u-4010ab037cca7ef37a07b160670120ab__0 caption_fullwidth caption_center caption_center_framed caption_framed'><div class=\"container caption_container\"><div class=\"slideshow_caption\"><div class=\"slideshow_inner_caption\"><div class=\"slideshow_align_caption\"><h2 class='avia-caption-title '  itemprop=\"name\" >STAR Translation Cloud<\/h2><div class='avia-caption-content '  itemprop=\"description\" ><p>Molnbaserad hantering av \u00f6vers\u00e4ttningsprojekt<\/p>\n<\/div><\/div><\/div><\/div><\/div><\/div><img decoding=\"async\" fetchpriority=\"high\" class=\"wp-image-104810 avia-img-lazy-loading-not-104810\"  src=\"https:\/\/www.star-ts.com\/wp-content\/uploads\/2019\/09\/blue-mesh-1430107_1280-1-1280x430.png\" width=\"1280\" height=\"430\" title='\u00d6vers\u00e4ttning bl\u00e5tt n\u00e4t' alt='\u00d6vers\u00e4ttning bl\u00e5tt n\u00e4t'  itemprop=\"thumbnailUrl\"   \/><\/div><\/li><\/ul><\/div><\/div><div id='after_full_slider_1'  class='main_color av_default_container_wrap container_wrap sidebar_right'  ><div class='container av-section-cont-open' ><div class='template-page content  av-content-small alpha units'><div class='post-entry post-entry-type-page post-entry-120323'><div class='entry-content-wrapper clearfix'>\n<div  class='flex_column av-lzfwrm-53ca65484be62614cb94fc431f19e03b av_one_full  avia-builder-el-1  el_after_av_slideshow_full  el_before_av_one_full  avia-builder-el-first  first flex_column_div  '     ><section  class='av_textblock_section av-l35576-d3da4dd4207f0b3968a68e053baf1ff4 '   itemscope=\"itemscope\" itemtype=\"https:\/\/schema.org\/CreativeWork\" ><div class='avia_textblock'  itemprop=\"text\" ><h1>STARs molnbaserade spr\u00e5ktj\u00e4nster<\/h1>\n<\/div><\/section><br \/>\n<section  class='av_textblock_section av-itkz1e-256dac5c9f57c15d7a7064a5218d984c '   itemscope=\"itemscope\" itemtype=\"https:\/\/schema.org\/CreativeWork\" ><div class='avia_textblock'  itemprop=\"text\" ><p>G\u00f6r \u00f6vers\u00e4ttning enklare genom att hantera dina projekt och spr\u00e5ktillg\u00e5ngar online.<\/p>\n<\/div><\/section><\/p><\/div>\n<div  class='flex_column av-1psc1u-2d447bb37ab02bc3fc6aa6a520e1dc0f av_one_full  avia-builder-el-4  el_after_av_one_full  el_before_av_one_full  first flex_column_div  column-top-margin'     ><section  class='av_textblock_section av-fjraf6-e952c25671868bb7d2909ed7a98e38e3 '   itemscope=\"itemscope\" itemtype=\"https:\/\/schema.org\/CreativeWork\" ><div class='avia_textblock'  itemprop=\"text\" ><h2>Vanliga problem som chefer har med \u00f6vers\u00e4ttningsprojekt<\/h2>\n<ul>\n<li>Vet du vilka projekt som \u00f6vers\u00e4tts just nu?<\/li>\n<li>Hur mycket spenderade du f\u00f6rra \u00e5ret?<\/li>\n<li>Har du utf\u00e4rdat ink\u00f6psordrar f\u00f6r projekt som beh\u00f6ver det?<\/li>\n<li>\u00c4r ditt \u00f6vers\u00e4ttningsminne centraliserat?<\/li>\n<li>Hur hanterar du dina ordlistor?<\/li>\n<\/ul>\n<p>STARs molntj\u00e4nster g\u00f6r det m\u00f6jligt f\u00f6r dig att hantera och centralisera din information i molnet.<\/p>\n<\/div><\/section><\/div>\n<p><div  class='flex_column av-aau0qq-15991240440ae0aaee0cc70afd5b250a av_one_full  avia-builder-el-6  el_after_av_one_full  el_before_av_section  avia-builder-el-last  first flex_column_div  column-top-margin'     ><section  class='av_textblock_section av-8zox2a-190a9767d29c5cb6111e4c94f24a3b0e '   itemscope=\"itemscope\" itemtype=\"https:\/\/schema.org\/CreativeWork\" ><div class='avia_textblock'  itemprop=\"text\" ><h3>Spr\u00e5kteknologi och tj\u00e4nster i <em>molnet<\/em><\/h3>\n<h4>Hur f\u00e5r du ut det mesta av dina spr\u00e5ktillg\u00e5ngar?<\/h4>\n<p>N\u00e4r ditt f\u00f6retag \u00f6vers\u00e4tter och s\u00e4ljer globalt b\u00f6rjar du utveckla och bygga upp ett stort lager av ordb\u00f6cker, terminologi och \u00f6versatt material. Dessa blir spr\u00e5kliga tillg\u00e5ngar f\u00f6r ditt f\u00f6retag, tillg\u00e5ngar som kan \u00e5teranv\u00e4ndas, delas och har v\u00e4rde f\u00f6r dig. Vi hj\u00e4lper v\u00e5ra kunder att maximera v\u00e4rdet av deras spr\u00e5ktillg\u00e5ngar genom anv\u00e4ndning av v\u00e5r molnbaserade spr\u00e5kteknologi och spr\u00e5ktj\u00e4nster.  <\/p>\n<p>STAR tillhandah\u00e5ller ett antal system och processer f\u00f6r <a href=\"https:\/\/www.star-ts.com\/sv\/software\/corporate-language-management-clm\/\">f\u00f6retagsspr\u00e5khantering.<\/a><\/p>\n<ul>\n<li>Ordlistehantering<\/li>\n<li>Hantering av \u00f6vers\u00e4ttningsprojekt<\/li>\n<li>Arbetsfl\u00f6dessystem<\/li>\n<li>Online-granskning och korrekturl\u00e4sning<\/li>\n<li>Projekt- och ekonomisk rapportering<\/li>\n<\/ul>\n<h4>Hantering av \u00f6vers\u00e4ttningsprojekt<\/h4>\n<p>V\u00e5rt <a href=\"https:\/\/www.star-ts.com\/sv\/star-translation-cloud\/\">molnbaserade projekthanteringssystem<\/a> l\u00e5ter kunder s\u00e4kert ladda upp filer f\u00f6r \u00f6vers\u00e4ttning. Du kan f\u00e5 offerter online, godk\u00e4nna offerter och ladda ner f\u00e4rdiga \u00f6vers\u00e4ttningar fr\u00e5n en enda plats \u2013 dygnet runt. <\/p>\n<h4>Arbetsfl\u00f6dessystem<\/h4>\n<p>STARs <a href=\"https:\/\/www.star-ts.com\/sv\/software\/corporate-language-management-clm\/\">arbetsfl\u00f6dessystem<\/a> hj\u00e4lper v\u00e5ra kunder att automatisera de dagliga uppgifter som kr\u00e4vs f\u00f6r att s\u00e4kerst\u00e4lla att din dokumentf\u00f6rfattning och \u00f6vers\u00e4ttningsprocess \u00e4r s\u00e5 effektiv som m\u00f6jligt.<\/p>\n<h4>Online-granskning och korrekturl\u00e4sning<\/h4>\n<p>Det senaste tillskottet i v\u00e5r molnfamilj g\u00f6r det m\u00f6jligt f\u00f6r anv\u00e4ndare att korrekturl\u00e4sa sina \u00f6vers\u00e4ttningar online. Du kan g\u00f6ra \u00e4ndringar i \u00f6vers\u00e4ttningen och detta matas direkt tillbaka till ditt f\u00f6retags \u00f6vers\u00e4ttningsminne. <\/p>\n<h4>Projekt- och ekonomisk rapportering<\/h4>\n<p>Med v\u00e5rt online-projekthanteringssystem kan du f\u00e5 omedelbara uppdateringar om dina projekts status och utgifter. S\u00e5 du kan se \u00f6ver dina spr\u00e5kutgifter, vilka spr\u00e5k du spenderar pengar p\u00e5 och planera d\u00e4refter.<\/p>\n<\/div><\/section><br \/>\n\n<style type=\"text\/css\" data-created_by=\"avia_inline_auto\" id=\"style-css-av-6gn3iq-683c6c9c642f51afdb706f0dbb21dad1\">\n#top .av_textblock_section.av-6gn3iq-683c6c9c642f51afdb706f0dbb21dad1 .avia_textblock{\ncolor:#f4f4f4;\n}\n<\/style>\n<section  class='av_textblock_section av-6gn3iq-683c6c9c642f51afdb706f0dbb21dad1 '   itemscope=\"itemscope\" itemtype=\"https:\/\/schema.org\/CreativeWork\" ><div class='avia_textblock av_inherit_color'  itemprop=\"text\" ><p><strong>Molnbaserade \u00f6vers\u00e4ttningstj\u00e4nster<\/strong><\/p>\n<ul>\n<li><a href=\"https:\/\/www.star-ts.com\/sv\/software\/star-translation-cloud\/about\/\">Om Translation Cloud<\/a><\/li>\n<li><a href=\"https:\/\/www.star-ts.com\/sv\/star-translation-cloud\/\">STAR Translation Cloud<\/a><\/li>\n<li><a href=\"https:\/\/www.star-ts.com\/sv\/software\/star-translation-cloud\/terminology-management\/\">Molnbaserad terminologihantering<\/a><\/li>\n<\/ul>\n<\/div><\/section><\/p><\/div><\/div><\/div><\/div><!-- close content main div --><\/div><\/div>\n<style type=\"text\/css\" data-created_by=\"avia_inline_auto\" id=\"style-css-av-k0gx2157-307699bb8bdeb8c22c0065ee0c218e70\">\n.avia-section.av-k0gx2157-307699bb8bdeb8c22c0065ee0c218e70{\nbackground-color:#ff7f27;\nbackground-image:unset;\n}\n<\/style>\n<div id='av_section_1'  class='avia-section av-k0gx2157-307699bb8bdeb8c22c0065ee0c218e70 main_color avia-section-default avia-no-border-styling  avia-builder-el-9  el_after_av_one_full  avia-builder-el-last  avia-bg-style-scroll container_wrap sidebar_right'  ><div class='container av-section-cont-open' ><div class='template-page content  av-content-small alpha units'><div class='post-entry post-entry-type-page post-entry-120323'><div class='entry-content-wrapper clearfix'>\n<section  class='av_textblock_section av-zffpn-9b19d1d65eda350fe1fbef528189f03e '   itemscope=\"itemscope\" itemtype=\"https:\/\/schema.org\/CreativeWork\" ><div class='avia_textblock'  itemprop=\"text\" ><h2><span style=\"color: #ffffff;\">B\u00f6rja nu<\/span><\/h2>\n<div  class='avia-button-wrap av-aaau3-e3573e676ea05f5b4bf6cbae59781945-wrap avia-button-left  avia-builder-el-11  avia-builder-el-no-sibling '><a href='https:\/\/www.star-ts.com\/sv\/kontakt\/'  class='avia-button av-aaau3-e3573e676ea05f5b4bf6cbae59781945 av-link-btn avia-icon_select-no avia-size-x-large avia-position-left avia-color-light'   aria-label=\"Kontakta oss\"><span class='avia_iconbox_title' >Kontakta oss<\/span><\/a><\/div>\n<\/div><\/section>\n<\/div><\/div><\/div><!-- close content main div --><\/div><\/div><div id='after_section_1'  class='main_color av_default_container_wrap container_wrap sidebar_right'  ><div class='container av-section-cont-open' ><div class='template-page content  av-content-small alpha units'><div class='post-entry post-entry-type-page post-entry-120323'><div class='entry-content-wrapper clearfix'><\/p>\n","protected":false},"excerpt":{"rendered":"<p>G\u00f6r \u00f6vers\u00e4ttning enklare genom att hantera dina projekt och spr\u00e5ktillg\u00e5ngar online. STAR Translation Cloud ger dig m\u00f6jligheten att starta, sp\u00e5ra och hantera \u00f6vers\u00e4ttningar online. <\/p>\n","protected":false},"author":1,"featured_media":68303,"parent":119976,"menu_order":2,"comment_status":"closed","ping_status":"closed","template":"","meta":{"footnotes":""},"class_list":["post-120323","page","type-page","status-publish","has-post-thumbnail","hentry"],"_links":{"self":[{"href":"https:\/\/www.star-ts.com\/sv\/wp-json\/wp\/v2\/pages\/120323","targetHints":{"allow":["GET"]}}],"collection":[{"href":"https:\/\/www.star-ts.com\/sv\/wp-json\/wp\/v2\/pages"}],"about":[{"href":"https:\/\/www.star-ts.com\/sv\/wp-json\/wp\/v2\/types\/page"}],"author":[{"embeddable":true,"href":"https:\/\/www.star-ts.com\/sv\/wp-json\/wp\/v2\/users\/1"}],"replies":[{"embeddable":true,"href":"https:\/\/www.star-ts.com\/sv\/wp-json\/wp\/v2\/comments?post=120323"}],"version-history":[{"count":0,"href":"https:\/\/www.star-ts.com\/sv\/wp-json\/wp\/v2\/pages\/120323\/revisions"}],"up":[{"embeddable":true,"href":"https:\/\/www.star-ts.com\/sv\/wp-json\/wp\/v2\/pages\/119976"}],"wp:featuredmedia":[{"embeddable":true,"href":"https:\/\/www.star-ts.com\/sv\/wp-json\/wp\/v2\/media\/68303"}],"wp:attachment":[{"href":"https:\/\/www.star-ts.com\/sv\/wp-json\/wp\/v2\/media?parent=120323"}],"curies":[{"name":"wp","href":"https:\/\/api.w.org\/{rel}","templated":true}]}}