{"id":120319,"date":"2025-11-07T13:11:20","date_gmt":"2025-11-07T13:11:20","guid":{"rendered":"https:\/\/www.star-ts.com\/translation-faq\/how-to-translate-a-wordpress-site\/"},"modified":"2026-01-05T12:15:47","modified_gmt":"2026-01-05T12:15:47","slug":"how-to-translate-a-wordpress-site","status":"publish","type":"page","link":"https:\/\/www.star-ts.com\/sv\/translation-faq\/how-to-translate-a-wordpress-site\/","title":{"rendered":"Hur man \u00f6vers\u00e4tter en WordPress-webbplats"},"content":{"rendered":"<div id='full_slider_1'  class='avia-fullwidth-slider main_color avia-shadow av-small-hide av-mini-hide  avia-builder-el-0  el_before_av_section  avia-builder-el-first   container_wrap sidebar_right'  ><div  class='avia-slideshow av-k3zq52ny-0f3aad2f9237c690d82e7a42d98b050c avia-slideshow-featured av_slideshow_full avia-slide-slider av-small-hide av-mini-hide av-slideshow-ui av-control-default av-slideshow-manual av-loop-once av-loop-manual-endless av-default-height-applied   avia-slideshow-1' data-slideshow-options=\"{&quot;animation&quot;:&quot;slide&quot;,&quot;autoplay&quot;:false,&quot;loop_autoplay&quot;:&quot;once&quot;,&quot;interval&quot;:5,&quot;loop_manual&quot;:&quot;manual-endless&quot;,&quot;autoplay_stopper&quot;:false,&quot;noNavigation&quot;:false,&quot;bg_slider&quot;:false,&quot;keep_padding&quot;:false,&quot;hoverpause&quot;:false,&quot;show_slide_delay&quot;:0}\"  itemprop=\"image\" itemscope=\"itemscope\" itemtype=\"https:\/\/schema.org\/ImageObject\" ><ul class='avia-slideshow-inner ' style='padding-bottom: 28.666666666667%;'><li  class='avia-slideshow-slide av-k3zq52ny-0f3aad2f9237c690d82e7a42d98b050c__0  av-single-slide slide-1 slide-odd'><div data-rel='slideshow-1' class='avia-slide-wrap '   ><div class='av-slideshow-caption av-k3zq52ny-0f3aad2f9237c690d82e7a42d98b050c__0 caption_fullwidth caption_center caption_center_framed caption_framed'><div class=\"container caption_container\"><div class=\"slideshow_caption\"><div class=\"slideshow_inner_caption\"><div class=\"slideshow_align_caption\"><h2 class='avia-caption-title '  itemprop=\"name\" >Hur man \u00f6vers\u00e4tter WordPress-webbplatser<\/h2><div class='avia-caption-content '  itemprop=\"description\" ><p>WPML &#8211; g\u00f6r WordPress flerspr\u00e5kigt<\/p>\n<\/div><\/div><\/div><\/div><\/div><\/div><img decoding=\"async\" fetchpriority=\"high\" class=\"wp-image-72422 avia-img-lazy-loading-not-72422\"  src=\"https:\/\/www.star-ts.com\/wp-content\/uploads\/2018\/07\/wordpress-1500x430.jpg\" width=\"1500\" height=\"430\" title='wordpress' alt=''  itemprop=\"thumbnailUrl\"   \/><\/div><\/li><\/ul><\/div><\/div>\n<div id='f102'  class='avia-section av-krf3g3-d2be4b7463283481120bd39348f73208 main_color avia-section-default avia-no-shadow  avia-builder-el-1  el_after_av_slideshow_full  el_before_av_one_full  avia-bg-style-scroll container_wrap sidebar_right'  ><div class='container av-section-cont-open' ><div class='template-page content  av-content-small alpha units'><div class='post-entry post-entry-type-page post-entry-120319'><div class='entry-content-wrapper clearfix'>\n<section  class='av_textblock_section av-ipgmoj-469eee9c8a697757674cb752df551a7e '   itemscope=\"itemscope\" itemtype=\"https:\/\/schema.org\/CreativeWork\" ><div class='avia_textblock'  itemprop=\"text\" ><h1>\u00d6vers\u00e4ttning av WordPress-webbplatser<\/h1>\n<p>G\u00f6r WordPress-webbplats\u00f6vers\u00e4ttning enklare med WPML-till\u00e4gget.<\/p>\n<\/div><\/section>\n<\/div><\/div><\/div><!-- close content main div --><\/div><\/div><div id='after_section_1'  class='main_color av_default_container_wrap container_wrap sidebar_right'  ><div class='container av-section-cont-open' ><div class='template-page content  av-content-small alpha units'><div class='post-entry post-entry-type-page post-entry-120319'><div class='entry-content-wrapper clearfix'>\n<p><div  class='flex_column av-hgpour-8511f905fac825ce98bf7904fa7edf41 av_one_full  avia-builder-el-3  el_after_av_section  el_before_av_one_full  avia-builder-el-first  first flex_column_div  '     ><section  class='av_textblock_section av-gf2vpf-883c75cb6c1c43179f8eb3d63f8ff632 '   itemscope=\"itemscope\" itemtype=\"https:\/\/schema.org\/CreativeWork\" ><div class='avia_textblock'  itemprop=\"text\" ><h3>\u00d6vers\u00e4ttningsprocessen.<\/h3>\n<p><a href=\"https:\/\/wpml.org\/?aid=91693&amp;affiliate_key=ZHZlpBNI3wIg\" target=\"_blank\" rel=\"noopener\">WPML-till\u00e4gget<\/a> g\u00f6r WordPress-\u00f6vers\u00e4ttning enklare.<\/p>\n<ul>\n<li>Installera till\u00e4gget p\u00e5 din webbplats.<\/li>\n<li>V\u00e4lj allt inneh\u00e5ll som du vill f\u00e5 \u00f6versatt.<\/li>\n<li>Skicka batchen till oss f\u00f6r professionell, m\u00e4nsklig \u00f6vers\u00e4ttning.<\/li>\n<li>V\u00e4nta tills \u00f6vers\u00e4ttningarna automatiskt importeras tillbaka till webbplatsen.<\/li>\n<li>Kontrollera din layout och lansera din nya webbplats.<\/li>\n<\/ul>\n<p>Den kontrollerade processen g\u00f6r det snabbare att ta sig in p\u00e5 nya internationella marknader. Vi \u00f6vers\u00e4tter till \u00f6ver 70 spr\u00e5k s\u00e5 att du snabbt och effektivt kan expandera till nya marknader. <\/p>\n<p><a href=\"https:\/\/wpml.org\/documentation\/translating-your-contents\/professional-translation-via-wpml\/?tsid=f807fe74b8dcd708a354eca5dd3b0e05\" target=\"_blank\" rel=\"noopener\">L\u00e4r dig hur du anv\u00e4nder v\u00e5rt WordPress-till\u00e4gg f\u00f6r \u00f6vers\u00e4ttning<\/a>.<\/p>\n<\/div><\/section><\/div><div  class='flex_column av-dfds37-9261c5553bf8ab780c9659cecc0ea627 av_one_full  avia-builder-el-5  el_after_av_one_full  el_before_av_section  avia-builder-el-last  first flex_column_div  column-top-margin'     ><section  class='av_textblock_section av-cil0df-4a4ac2c8abee743e0f949348e4215e43 '   itemscope=\"itemscope\" itemtype=\"https:\/\/schema.org\/CreativeWork\" ><div class='avia_textblock'  itemprop=\"text\" ><h3>Spara tid och pengar<\/h3>\n<p>F\u00f6rdelen med att anv\u00e4nda till\u00e4gget \u00e4r att det inte finns n\u00e5got behov av att klippa och klistra text. Det \u00e4r enkelt att f\u00e5 ut texten f\u00f6r \u00f6vers\u00e4ttning och tillbaka in p\u00e5 din webbplats. <\/p>\n<p>Det \u00e4r snabbare, billigare och mindre felben\u00e4get &#8211; s\u00e5 du f\u00e5r det r\u00e4tt f\u00f6rsta g\u00e5ngen. Med kontor runt om i v\u00e4rlden \u00f6vers\u00e4tter vi flera spr\u00e5k samtidigt. Vi st\u00f6djer cirka 200 spr\u00e5k och hj\u00e4lper dig att s\u00e4lja i v\u00e4rldens alla h\u00f6rn.  <\/p>\n<p>Om du vill expandera, kontakta oss idag.<\/p>\n<\/div><\/section><\/div><\/p>\n<\/div><\/div><\/div><!-- close content main div --><\/div><\/div><div id='relxa'  class='avia-section av-7pry1f-52c69be18a1b40f41960dd46771096d7 main_color avia-section-default avia-no-shadow  avia-builder-el-7  el_after_av_one_full  el_before_av_section  avia-bg-style-scroll container_wrap sidebar_right'  ><div class='container av-section-cont-open' ><div class='template-page content  av-content-small alpha units'><div class='post-entry post-entry-type-page post-entry-120319'><div class='entry-content-wrapper clearfix'>\n<section  class='av_textblock_section av-6grsf7-f6d89d3300b4e7473dced133c56227c6 '   itemscope=\"itemscope\" itemtype=\"https:\/\/schema.org\/CreativeWork\" ><div class='avia_textblock'  itemprop=\"text\" ><p>Du kanske ocks\u00e5 vill l\u00e4sa: <a href=\"https:\/\/www.star-ts.com\/sv\/translation-faq\/app-translation-for-android-and-ios\/\">App-\u00f6vers\u00e4ttning f\u00f6r Android och iOS<\/a><\/p>\n<\/div><\/section>\n\n<\/div><\/div><\/div><!-- close content main div --><\/div><\/div>\n<style type=\"text\/css\" data-created_by=\"avia_inline_auto\" id=\"style-css-av-k0gx2157-307699bb8bdeb8c22c0065ee0c218e70\">\n.avia-section.av-k0gx2157-307699bb8bdeb8c22c0065ee0c218e70{\nbackground-color:#ff7f27;\nbackground-image:unset;\n}\n<\/style>\n<div id='av_section_3'  class='avia-section av-k0gx2157-307699bb8bdeb8c22c0065ee0c218e70 main_color avia-section-default avia-no-border-styling  avia-builder-el-9  el_after_av_section  avia-builder-el-last  avia-bg-style-scroll container_wrap sidebar_right'  ><div class='container av-section-cont-open' ><div class='template-page content  av-content-small alpha units'><div class='post-entry post-entry-type-page post-entry-120319'><div class='entry-content-wrapper clearfix'>\n<section  class='av_textblock_section av-zffpn-9b19d1d65eda350fe1fbef528189f03e '   itemscope=\"itemscope\" itemtype=\"https:\/\/schema.org\/CreativeWork\" ><div class='avia_textblock'  itemprop=\"text\" ><h2><span style=\"color: #ffffff;\">B\u00f6rja nu<\/span><\/h2>\n<div  class='avia-button-wrap av-aaau3-e3573e676ea05f5b4bf6cbae59781945-wrap avia-button-left  avia-builder-el-11  avia-builder-el-no-sibling '><a href=\"https:\/\/www.star-ts.com\/sv\/kontakt\/\" class=\"avia-button av-aaau3-e3573e676ea05f5b4bf6cbae59781945 av-link-btn avia-icon_select-no avia-size-x-large avia-position-left avia-color-light\" aria-label=\"Kontakta oss\"><span class='avia_iconbox_title' >Kontakta oss<\/span><\/a><\/div>\n<\/div><\/section>\n<\/div><\/div><\/div><!-- close content main div --><\/div><\/div><div id='after_section_3'  class='main_color av_default_container_wrap container_wrap sidebar_right'  ><div class='container av-section-cont-open' ><div class='template-page content  av-content-small alpha units'><div class='post-entry post-entry-type-page post-entry-120319'><div class='entry-content-wrapper clearfix'>\n","protected":false},"excerpt":{"rendered":"<p>Hur man \u00f6vers\u00e4tter WordPress-webbplatser. WPML-till\u00e4gget g\u00f6r det enklare och snabbare att \u00f6vers\u00e4tta webbplatser byggda p\u00e5 WordPress. Som WPML-partner hj\u00e4lper vi dig att n\u00e5 nya marknader enkelt.  <\/p>\n","protected":false},"author":1,"featured_media":68703,"parent":119912,"menu_order":36,"comment_status":"open","ping_status":"closed","template":"","meta":{"footnotes":""},"class_list":["post-120319","page","type-page","status-publish","has-post-thumbnail","hentry"],"_links":{"self":[{"href":"https:\/\/www.star-ts.com\/sv\/wp-json\/wp\/v2\/pages\/120319","targetHints":{"allow":["GET"]}}],"collection":[{"href":"https:\/\/www.star-ts.com\/sv\/wp-json\/wp\/v2\/pages"}],"about":[{"href":"https:\/\/www.star-ts.com\/sv\/wp-json\/wp\/v2\/types\/page"}],"author":[{"embeddable":true,"href":"https:\/\/www.star-ts.com\/sv\/wp-json\/wp\/v2\/users\/1"}],"replies":[{"embeddable":true,"href":"https:\/\/www.star-ts.com\/sv\/wp-json\/wp\/v2\/comments?post=120319"}],"version-history":[{"count":0,"href":"https:\/\/www.star-ts.com\/sv\/wp-json\/wp\/v2\/pages\/120319\/revisions"}],"up":[{"embeddable":true,"href":"https:\/\/www.star-ts.com\/sv\/wp-json\/wp\/v2\/pages\/119912"}],"wp:featuredmedia":[{"embeddable":true,"href":"https:\/\/www.star-ts.com\/sv\/wp-json\/wp\/v2\/media\/68703"}],"wp:attachment":[{"href":"https:\/\/www.star-ts.com\/sv\/wp-json\/wp\/v2\/media?parent=120319"}],"curies":[{"name":"wp","href":"https:\/\/api.w.org\/{rel}","templated":true}]}}