{"id":120310,"date":"2025-11-07T13:11:12","date_gmt":"2025-11-07T13:11:12","guid":{"rendered":"https:\/\/www.star-ts.com\/translation-faq\/app-translation-for-android-and-ios\/"},"modified":"2025-11-07T13:11:34","modified_gmt":"2025-11-07T13:11:34","slug":"app-translation-for-android-and-ios","status":"publish","type":"page","link":"https:\/\/www.star-ts.com\/sv\/translation-faq\/app-translation-for-android-and-ios\/","title":{"rendered":"\u00d6vers\u00e4ttningstj\u00e4nster f\u00f6r appar"},"content":{"rendered":"<div id='full_slider_1'  class='avia-fullwidth-slider main_color avia-shadow av-small-hide av-mini-hide  avia-builder-el-0  el_before_av_one_full  avia-builder-el-first   container_wrap sidebar_right'  ><div  class='avia-slideshow av-1of0hf-0e5f7e716faa25b9053bdcaf8e265681 avia-slideshow-featured av_slideshow_full avia-slide-slider av-small-hide av-mini-hide av-slideshow-ui av-control-default av-slideshow-manual av-loop-once av-loop-manual-endless av-default-height-applied   avia-slideshow-1' data-slideshow-options=\"{&quot;animation&quot;:&quot;slide&quot;,&quot;autoplay&quot;:false,&quot;loop_autoplay&quot;:&quot;once&quot;,&quot;interval&quot;:5,&quot;loop_manual&quot;:&quot;manual-endless&quot;,&quot;autoplay_stopper&quot;:false,&quot;noNavigation&quot;:false,&quot;bg_slider&quot;:false,&quot;keep_padding&quot;:false,&quot;hoverpause&quot;:false,&quot;show_slide_delay&quot;:0}\"  itemprop=\"image\" itemscope=\"itemscope\" itemtype=\"https:\/\/schema.org\/ImageObject\" ><ul class='avia-slideshow-inner ' style='padding-bottom: 28.666666666667%;'><li  class='avia-slideshow-slide av-1of0hf-0e5f7e716faa25b9053bdcaf8e265681__0  av-single-slide slide-1 slide-odd'><div data-rel='slideshow-1' class='avia-slide-wrap '   ><div class='av-slideshow-caption av-1of0hf-0e5f7e716faa25b9053bdcaf8e265681__0 caption_fullwidth caption_center caption_center_framed caption_framed'><div class=\"container caption_container\"><div class=\"slideshow_caption\"><div class=\"slideshow_inner_caption\"><div class=\"slideshow_align_caption\"><h2 class='avia-caption-title '  itemprop=\"name\" >App\u00f6vers\u00e4ttning f\u00f6r Android och iOS<\/h2><div class='avia-caption-content '  itemprop=\"description\" ><p>Ta din Android-, iPhone- eller iPad-app till en global marknad.<\/p>\n<\/div><\/div><\/div><\/div><\/div><\/div><img decoding=\"async\" fetchpriority=\"high\" class=\"wp-image-72407 avia-img-lazy-loading-not-72407\"  src=\"https:\/\/www.star-ts.com\/wp-content\/uploads\/2018\/07\/app-translation-2-1500x430.jpg\" width=\"1500\" height=\"430\" title='CrowdIn-\u00f6vers\u00e4ttning' alt='Mobilapp'  itemprop=\"thumbnailUrl\"   \/><\/div><\/li><\/ul><\/div><\/div><div id='after_full_slider_1'  class='main_color av_default_container_wrap container_wrap sidebar_right'  ><div class='container av-section-cont-open' ><div class='template-page content  av-content-small alpha units'><div class='post-entry post-entry-type-page post-entry-120310'><div class='entry-content-wrapper clearfix'>\n<p><div  class='flex_column av-eiy17n-b5362bf0352805acca497c085b5e1853 av_one_full  avia-builder-el-1  el_after_av_slideshow_full  el_before_av_section  avia-builder-el-no-sibling  first flex_column_div  '     ><section  class='av_textblock_section av-ccqj6r-99fe473d2a1938f008e7a8cf4fc23bac '   itemscope=\"itemscope\" itemtype=\"https:\/\/schema.org\/CreativeWork\" ><div class='avia_textblock'  itemprop=\"text\" ><h1>\u00d6vers\u00e4ttningstj\u00e4nster f\u00f6r appar<\/h1>\n<p>V\u00e4rlden \u00e4r nu mer mobil och n\u00e4rmare sammankopplad \u00e4n n\u00e5gonsin tidigare med mobil teknik som leder v\u00e4gen fram\u00e5t. Om ni har tagit steget in i v\u00e4rlden av appskapande, vare sig det \u00e4r f\u00f6r Android, iOS (iPhone och iPad), l\u00e5t oss ta er produkt ut i v\u00e4rlden. Vi \u00f6vers\u00e4tter den till praktiskt taget vilket spr\u00e5k som helst.  <\/p>\n<h3>\u00d6vers\u00e4ttning f\u00f6r mobila enheter<\/h3>\n<dl>\n<dt>\u00d6vers\u00e4ttningstj\u00e4nster f\u00f6r Android-appar<\/dt>\n<dd>Om ni har en applikation redo att lanseras p\u00e5 Google Play kan vi hj\u00e4lpa er att \u00f6vers\u00e4tta den till \u00f6ver 50 spr\u00e5k, s\u00e5 att ni kan s\u00e4lja mer v\u00e4rlden \u00f6ver. Vi \u00f6vers\u00e4tter era resursfiler som ni sedan kan kompilera om i er applikation. <\/dd>\n<dt>\u00d6vers\u00e4ttningstj\u00e4nster f\u00f6r iPhone-appar (iOS)<\/dt>\n<dd>Vi kan \u00f6vers\u00e4tta er iPhone-app f\u00f6r att \u00f6ka f\u00f6rs\u00e4ljningen p\u00e5 App Store. De flesta mobila enheter har sm\u00e5 gr\u00e4nssnitt och kan d\u00e4rf\u00f6r \u00f6vers\u00e4ttas snabbt och kostnadseffektivt. Detta \u00f6ppnar upp nya marknader f\u00f6r er.  <\/dd>\n<dt>\u00d6vers\u00e4ttningstj\u00e4nster f\u00f6r iPad-appar (iOS)<\/dt>\n<dd>Ta er n\u00e4sta iPad-applikation ut i v\u00e4rlden. Kontakta oss f\u00f6r att diskutera era krav och l\u00e5t oss hj\u00e4lpa er att lansera er n\u00e4sta produkt. <\/dd>\n<\/dl>\n<figure class=\"Xpl\"><img decoding=\"async\" src=\"https:\/\/www.star-ts.com\/wp-content\/uploads\/2014\/07\/app-translation-1.png\" alt=\"App-\u00f6vers\u00e4ttning f\u00f6r Android och iOS\" width=\"400\" height=\"320\"\/><\/figure>\n<\/div><\/section><br \/>\n<section  class='av_textblock_section av-5r0krn-36552e7623cc36e99983a1b18f024e32 '   itemscope=\"itemscope\" itemtype=\"https:\/\/schema.org\/CreativeWork\" ><div class='avia_textblock'  itemprop=\"text\" ><p><a href=\"https:\/\/www.star-ts.com\/sv\/translation-faq\/why-is-the-length-of-a-translation-important\/\">Varf\u00f6r \u00e4r l\u00e4ngden p\u00e5 en \u00f6vers\u00e4ttning viktig?<\/a><\/p>\n<p><a href=\"https:\/\/www.star-ts.com\/sv\/translation-faq\/what-is-a-pseudo-translation\/\">Vad \u00e4r en pseudo-\u00f6vers\u00e4ttning?<\/a><\/p>\n<\/div><\/section><\/p><\/div><\/div><\/div><\/div><!-- close content main div --><\/div><\/div>\n<style type=\"text\/css\" data-created_by=\"avia_inline_auto\" id=\"style-css-av-k0gx2157-307699bb8bdeb8c22c0065ee0c218e70\">\n.avia-section.av-k0gx2157-307699bb8bdeb8c22c0065ee0c218e70{\nbackground-color:#ff7f27;\nbackground-image:unset;\n}\n<\/style>\n<div id='av_section_1'  class='avia-section av-k0gx2157-307699bb8bdeb8c22c0065ee0c218e70 main_color avia-section-default avia-no-border-styling  avia-builder-el-4  el_after_av_one_full  avia-builder-el-last  avia-bg-style-scroll container_wrap sidebar_right'  ><div class='container av-section-cont-open' ><div class='template-page content  av-content-small alpha units'><div class='post-entry post-entry-type-page post-entry-120310'><div class='entry-content-wrapper clearfix'>\n<section  class='av_textblock_section av-zffpn-9b19d1d65eda350fe1fbef528189f03e '   itemscope=\"itemscope\" itemtype=\"https:\/\/schema.org\/CreativeWork\" ><div class='avia_textblock'  itemprop=\"text\" ><h2><span style=\"color: #ffffff;\">B\u00f6rja nu<\/span><\/h2>\n<div  class='avia-button-wrap av-aaau3-e3573e676ea05f5b4bf6cbae59781945-wrap avia-button-left  avia-builder-el-6  avia-builder-el-no-sibling '><a href='https:\/\/www.star-ts.com\/sv\/kontakt\/'  class='avia-button av-aaau3-e3573e676ea05f5b4bf6cbae59781945 av-link-btn avia-icon_select-no avia-size-x-large avia-position-left avia-color-light'   aria-label=\"Kontakta oss\"><span class='avia_iconbox_title' >Kontakta oss<\/span><\/a><\/div>\n<\/div><\/section>\n<\/div><\/div><\/div><!-- close content main div --><\/div><\/div><div id='after_section_1'  class='main_color av_default_container_wrap container_wrap sidebar_right'  ><div class='container av-section-cont-open' ><div class='template-page content  av-content-small alpha units'><div class='post-entry post-entry-type-page post-entry-120310'><div class='entry-content-wrapper clearfix'><\/p>\n","protected":false},"excerpt":{"rendered":"","protected":false},"author":1,"featured_media":72407,"parent":119912,"menu_order":20,"comment_status":"open","ping_status":"closed","template":"","meta":{"footnotes":""},"class_list":["post-120310","page","type-page","status-publish","has-post-thumbnail","hentry"],"_links":{"self":[{"href":"https:\/\/www.star-ts.com\/sv\/wp-json\/wp\/v2\/pages\/120310","targetHints":{"allow":["GET"]}}],"collection":[{"href":"https:\/\/www.star-ts.com\/sv\/wp-json\/wp\/v2\/pages"}],"about":[{"href":"https:\/\/www.star-ts.com\/sv\/wp-json\/wp\/v2\/types\/page"}],"author":[{"embeddable":true,"href":"https:\/\/www.star-ts.com\/sv\/wp-json\/wp\/v2\/users\/1"}],"replies":[{"embeddable":true,"href":"https:\/\/www.star-ts.com\/sv\/wp-json\/wp\/v2\/comments?post=120310"}],"version-history":[{"count":0,"href":"https:\/\/www.star-ts.com\/sv\/wp-json\/wp\/v2\/pages\/120310\/revisions"}],"up":[{"embeddable":true,"href":"https:\/\/www.star-ts.com\/sv\/wp-json\/wp\/v2\/pages\/119912"}],"wp:featuredmedia":[{"embeddable":true,"href":"https:\/\/www.star-ts.com\/sv\/wp-json\/wp\/v2\/media\/72407"}],"wp:attachment":[{"href":"https:\/\/www.star-ts.com\/sv\/wp-json\/wp\/v2\/media?parent=120310"}],"curies":[{"name":"wp","href":"https:\/\/api.w.org\/{rel}","templated":true}]}}