{"id":120291,"date":"2025-11-07T13:10:39","date_gmt":"2025-11-07T13:10:39","guid":{"rendered":"https:\/\/www.star-ts.com\/korean-translation\/"},"modified":"2026-01-05T12:16:07","modified_gmt":"2026-01-05T12:16:07","slug":"korean-translation","status":"publish","type":"page","link":"https:\/\/www.star-ts.com\/sv\/korean-translation\/","title":{"rendered":"Koreanska \u00f6vers\u00e4ttningstj\u00e4nster"},"content":{"rendered":"<div id='full_slider_1'  class='avia-fullwidth-slider main_color avia-shadow av-small-hide av-mini-hide  avia-builder-el-0  el_before_av_one_third  avia-builder-el-first   container_wrap sidebar_right'  ><div  class='avia-slideshow av-k1g6t2ur-ca81a54bf6897ec9d39bd696e9052b4f avia-slideshow-featured av_slideshow_full avia-slide-slider av-small-hide av-mini-hide av-slideshow-ui av-control-default av-slideshow-manual av-loop-once av-loop-manual-endless av-default-height-applied   avia-slideshow-1' data-slideshow-options=\"{&quot;animation&quot;:&quot;slide&quot;,&quot;autoplay&quot;:false,&quot;loop_autoplay&quot;:&quot;once&quot;,&quot;interval&quot;:5,&quot;loop_manual&quot;:&quot;manual-endless&quot;,&quot;autoplay_stopper&quot;:false,&quot;noNavigation&quot;:false,&quot;bg_slider&quot;:false,&quot;keep_padding&quot;:false,&quot;hoverpause&quot;:false,&quot;show_slide_delay&quot;:0}\"  itemprop=\"image\" itemscope=\"itemscope\" itemtype=\"https:\/\/schema.org\/ImageObject\" ><ul class='avia-slideshow-inner ' style='padding-bottom: 28.666666666667%;'><li  class='avia-slideshow-slide av-k1g6t2ur-ca81a54bf6897ec9d39bd696e9052b4f__0  av-single-slide slide-1 slide-odd'><div data-rel='slideshow-1' class='avia-slide-wrap '   ><div class='av-slideshow-caption av-k1g6t2ur-ca81a54bf6897ec9d39bd696e9052b4f__0 caption_fullwidth caption_center caption_center_framed caption_framed'><div class=\"container caption_container\"><div class=\"slideshow_caption\"><div class=\"slideshow_inner_caption\"><div class=\"slideshow_align_caption\"><h2 class='avia-caption-title '  itemprop=\"name\" >Koreansk \u00f6vers\u00e4ttning<\/h2><div class='avia-caption-content '  itemprop=\"description\" ><p>\u00d6vers\u00e4ttningstj\u00e4nster fr\u00e5n engelska till koreanska<\/p>\n<\/div><\/div><\/div><\/div><\/div><\/div><img decoding=\"async\" fetchpriority=\"high\" class=\"wp-image-105800 avia-img-lazy-loading-not-105800\"  src=\"https:\/\/www.star-ts.com\/wp-content\/uploads\/2019\/10\/lotte-world-tower-1791802_1920-1500x430.jpg\" width=\"1500\" height=\"430\" title='lotte-world-tower-1791802_1920' alt=''  itemprop=\"thumbnailUrl\"   \/><\/div><\/li><\/ul><\/div><\/div><div id='after_full_slider_1'  class='main_color av_default_container_wrap container_wrap sidebar_right'  ><div class='container av-section-cont-open' ><div class='template-page content  av-content-small alpha units'><div class='post-entry post-entry-type-page post-entry-120291'><div class='entry-content-wrapper clearfix'>\n<p><div  class='flex_column av-or1ax7-aa857fcc6f677ed37689301bd09f3c05 av_one_third  avia-builder-el-1  el_after_av_slideshow_full  el_before_av_two_third  avia-builder-el-first  first flex_column_div  '     ><style type=\"text\/css\" data-created_by=\"avia_inline_auto\" id=\"style-css-av-mix93krn-26dd17948d783a16422dfb631ae23bff\">\n@keyframes av_boxShadowEffect_av-mix93krn-26dd17948d783a16422dfb631ae23bff {\n0%   { box-shadow:  0 0 0 0 ; opacity: 1; }\n100% { box-shadow:  0 0 10px 0 ; opacity: 1; }\n}\n.avia-image-container.av-mix93krn-26dd17948d783a16422dfb631ae23bff img.avia_image{\nbox-shadow: 0 0 10px 0 ;\n}\n.avia-image-container.av-mix93krn-26dd17948d783a16422dfb631ae23bff .av-image-caption-overlay-center{\ncolor:#ffffff;\n}\n<\/style>\n<div  class='avia-image-container av-mix93krn-26dd17948d783a16422dfb631ae23bff av-styling- avia-align-center  avia-builder-el-2  avia-builder-el-no-sibling  av-img-box-shadow av-box-shadow-not-animated'   itemprop=\"image\" itemscope=\"itemscope\" itemtype=\"https:\/\/schema.org\/ImageObject\" ><div class=\"avia-image-container-inner\"><div class=\"avia-image-overlay-wrap\"><img decoding=\"async\" fetchpriority=\"high\" class='wp-image-113654 avia-img-lazy-loading-not-113654 avia_image shadow-not-animated' src=\"https:\/\/www.star-ts.com\/wp-content\/uploads\/2012\/01\/iStock_000000242435XSmall_KOREA.webp\" alt='Bild av koreanskt tempel, som representerar koreanska \u00f6vers\u00e4ttningstj\u00e4nster' title='iStock_000000242435XSmall_KOREA'  height=\"300\" width=\"400\"  itemprop=\"thumbnailUrl\" srcset=\"https:\/\/www.star-ts.com\/wp-content\/uploads\/2012\/01\/iStock_000000242435XSmall_KOREA.webp 400w, https:\/\/www.star-ts.com\/wp-content\/uploads\/2012\/01\/iStock_000000242435XSmall_KOREA-300x225.webp 300w, https:\/\/www.star-ts.com\/wp-content\/uploads\/2012\/01\/iStock_000000242435XSmall_KOREA-80x60.webp 80w\" sizes=\"(max-width: 400px) 100vw, 400px\" \/><\/div><\/div><\/div><\/div>\n<style type=\"text\/css\" data-created_by=\"avia_inline_auto\" id=\"style-css-av-lhkh9n-2235f817c9a269e913c2bcaf8ef8c97f\">\n.flex_column.av-lhkh9n-2235f817c9a269e913c2bcaf8ef8c97f{\nborder-radius:0px 0px 0px 0px;\npadding:0px 0px 0px 0px;\n}\n<\/style>\n<div  class='flex_column av-lhkh9n-2235f817c9a269e913c2bcaf8ef8c97f av_two_third  avia-builder-el-3  el_after_av_one_third  el_before_av_two_third  flex_column_div av-zero-column-padding  '     ><section  class='av_textblock_section av-ik4tqz-9ee2a18dc665901fd8b460143575186c '   itemscope=\"itemscope\" itemtype=\"https:\/\/schema.org\/CreativeWork\" ><div class='avia_textblock'  itemprop=\"text\" ><h1>Koreanska \u00f6vers\u00e4ttningstj\u00e4nster<\/h1>\n<p>\u00d6vers\u00e4ttningstj\u00e4nster fr\u00e5n engelska till koreanska av <a href=\"https:\/\/www.star-ts.com\/home\/\">\u00f6vers\u00e4ttare<\/a> med koreanska som modersm\u00e5l.<\/p>\n<p>Fr\u00e5n v\u00e5rt kontor i Seoul, Korea \u00f6vers\u00e4tter vi webbplatser och dokument f\u00f6r v\u00e5ra kunder. STAR \u00e4r specialiserade p\u00e5 teknisk dokumentation och arbetar med n\u00e5gra av v\u00e4rldens st\u00f6rsta f\u00f6retag med \u00f6vers\u00e4ttning till koreanska. <\/p>\n<ul>\n<li>Anpassa kulturella nyanser: Koreansk kultur p\u00e5verkar spr\u00e5ket starkt, s\u00e5 se till att \u00f6vers\u00e4ttningen respekterar traditioner och v\u00e4rderingar.<\/li>\n<li>Hantera subjektsutel\u00e4mning: Koreanska utel\u00e4mnar ofta subjekt och objekt, vilket kr\u00e4ver kontext f\u00f6r att tolka betydelsen korrekt.<\/li>\n<li>Navigera meningsstrukturskillnader: Koreanska anv\u00e4nder subjekt-objekt-verb-ordning, till skillnad fr\u00e5n engelskans subjekt-verb-objekt-ordning.<\/li>\n<li>Tolka artighetsformer: Koreanska har komplexa artighetsformer som m\u00e5ste matcha publikens sociala kontext.<\/li>\n<li>\u00d6vers\u00e4tt idiomatiska uttryck: Koreanska idiom saknar ofta direkta motsvarigheter och kr\u00e4ver kreativ lokalisering.<\/li>\n<li>Ta h\u00e4nsyn till agglutinerande natur: Koreanska kombinerar ord och partiklar, vilket kan komplicera \u00f6vers\u00e4ttningen.<\/li>\n<li>Undvik ordagranna \u00f6vers\u00e4ttningsf\u00e4llor: Fokusera p\u00e5 att f\u00f6rmedla betydelse snarare \u00e4n att \u00f6vers\u00e4tta ord f\u00f6r ord.<\/li>\n<\/ul>\n<\/div><\/section><\/div><\/p>\n<p><div  class='flex_column av-gssip7-f6b53a7b87982f11b316a484bd2ffbc8 av_two_third  avia-builder-el-5  el_after_av_two_third  el_before_av_one_third  first flex_column_div  column-top-margin'     ><section  class='av_textblock_section av-fld5u3-40d69221b3b819e961974e2b9a6ccae4 '   itemscope=\"itemscope\" itemtype=\"https:\/\/schema.org\/CreativeWork\" ><div class='avia_textblock'  itemprop=\"text\" ><h2>Kvalitativa koreanska \u00f6vers\u00e4ttningstj\u00e4nster<\/h2>\n<p>P\u00e5 STAR inneb\u00e4r kvalitet att g\u00f6ra ditt liv enklare. Vi arbetar uteslutande med koreanska \u00f6vers\u00e4ttare som har spr\u00e5ket som modersm\u00e5l och som inte bara \u00e4r flytande lingvister, utan \u00e4ven specialister inom sina egna omr\u00e5den \u2013 fr\u00e5n teknik och ingenj\u00f6rsvetenskap till programvara, marknadsf\u00f6ring och myndighetsdokumentation. Det inneb\u00e4r att ditt inneh\u00e5ll inte bara \u00f6vers\u00e4tts, utan \u00e4ven f\u00f6rst\u00e5s, anpassas och levereras p\u00e5 tydlig, naturlig koreanska som dina kunder och partners kan lita p\u00e5.  <\/p>\n<p>Vi vet att hantering av flerspr\u00e5kiga projekt kan k\u00e4nnas komplext och tidskr\u00e4vande. V\u00e5r roll \u00e4r att ta bort den pressen fr\u00e5n dig. Fr\u00e5n den f\u00f6rsta offerten till den slutliga leveransen tillhandah\u00e5ller vi en komplett koreansk \u00f6vers\u00e4ttningsl\u00f6sning \u2013 \u00f6vers\u00e4ttning, granskning, terminologihantering, DTP\/layout och filhantering \u2013 s\u00e5 att du har en partner, ett arbetsfl\u00f6de och en tydlig kontaktpunkt.  <\/p>\n<p>Oavsett om du beh\u00f6ver tekniska manualer, webbplatser, anbud, programvara eller f\u00f6retagskommunikation p\u00e5 koreanska, fokuserar vi p\u00e5 konsekvens, noggrannhet och varum\u00e4rkets ton. Vi arbetar med dina f\u00f6redragna format och verktyg, h\u00e5ller din terminologi anpassad och kommunicerar tydligt i varje steg. Kort sagt, vi g\u00f6r \u00e4ven de mest komplexa koreanska \u00f6vers\u00e4ttningsprojekten enkla, f\u00f6ruts\u00e4gbara och bekymmersfria f\u00f6r dig och ditt team.<\/p>\n<\/div><\/section><\/div>\n<style type=\"text\/css\" data-created_by=\"avia_inline_auto\" id=\"style-css-av-dui7sb-eaf88d680a959825704ac7230c2f7886\">\n.flex_column.av-dui7sb-eaf88d680a959825704ac7230c2f7886{\nborder-radius:0px 0px 0px 0px;\npadding:0px 0px 0px 0px;\n}\n<\/style>\n<div  class='flex_column av-dui7sb-eaf88d680a959825704ac7230c2f7886 av_one_third  avia-builder-el-7  el_after_av_two_third  el_before_av_one_third  flex_column_div av-zero-column-padding  column-top-margin'     ><p>\n<style type=\"text\/css\" data-created_by=\"avia_inline_auto\" id=\"style-css-av-mix9wy4w-0145047485383062092afa92f5b965c5\">\n.avia-image-container.av-mix9wy4w-0145047485383062092afa92f5b965c5 img.avia_image{\nbox-shadow:none;\n}\n.avia-image-container.av-mix9wy4w-0145047485383062092afa92f5b965c5 .av-image-caption-overlay-center{\ncolor:#ffffff;\n}\n<\/style>\n<div  class='avia-image-container av-mix9wy4w-0145047485383062092afa92f5b965c5 av-styling- avia-align-center  avia-builder-el-8  el_before_av_textblock  avia-builder-el-first '   itemprop=\"image\" itemscope=\"itemscope\" itemtype=\"https:\/\/schema.org\/ImageObject\" ><div class=\"avia-image-container-inner\"><div class=\"avia-image-overlay-wrap\"><img decoding=\"async\" fetchpriority=\"high\" class='wp-image-112079 avia-img-lazy-loading-not-112079 avia_image ' src=\"https:\/\/www.star-ts.com\/wp-content\/uploads\/2014\/07\/engineering.webp\" alt='Motor' title='Motor'  height=\"320\" width=\"400\"  itemprop=\"thumbnailUrl\" srcset=\"https:\/\/www.star-ts.com\/wp-content\/uploads\/2014\/07\/engineering.webp 400w, https:\/\/www.star-ts.com\/wp-content\/uploads\/2014\/07\/engineering-300x240.webp 300w, https:\/\/www.star-ts.com\/wp-content\/uploads\/2014\/07\/engineering-80x64.webp 80w\" sizes=\"(max-width: 400px) 100vw, 400px\" \/><\/div><\/div><\/div><br \/>\n<section  class='av_textblock_section av-czy90r-39e99e5a3353c418c205531aabe55d21 '   itemscope=\"itemscope\" itemtype=\"https:\/\/schema.org\/CreativeWork\" ><div class='avia_textblock'  itemprop=\"text\" ><h4>\u00d6vers\u00e4ttningstj\u00e4nster:<\/h4>\n<ul>\n<li><a href=\"https:\/\/www.star-ts.com\/sv\/translation-services\/documents\/health-and-safety\/\">H\u00e4lso- och s\u00e4kerhetsmanualer<\/a><\/li>\n<li><a href=\"https:\/\/www.star-ts.com\/sv\/translation-services\/documents\/employee-handbooks\/\">Personalhandb\u00f6cker<\/a><\/li>\n<li><a href=\"https:\/\/www.star-ts.com\/sv\/translation-services\/automotive-industry\/\">Fordonsdokument<\/a><\/li>\n<li><a href=\"https:\/\/www.star-ts.com\/sv\/translation-services\/documents\/\">Tekniska publikationer och manualer<\/a><\/li>\n<li><a href=\"https:\/\/www.star-ts.com\/sv\/translation-services\/government-translation-services\/\">Offentliga och statliga dokument<\/a><\/li>\n<li><a href=\"https:\/\/www.star-ts.com\/sv\/marketing-services\/marketing-campaigns\/e-commerce\/\">e-handelswebbplatser<\/a><\/li>\n<\/ul>\n<\/div><\/section><\/p><\/div>\n<style type=\"text\/css\" data-created_by=\"avia_inline_auto\" id=\"style-css-av-76bix7-f44c9be0513f7a1fbaccb46c7926fd57\">\n.flex_column.av-76bix7-f44c9be0513f7a1fbaccb46c7926fd57{\nborder-radius:0px 0px 0px 0px;\npadding:0px 0px 0px 0px;\n}\n<\/style>\n<div  class='flex_column av-76bix7-f44c9be0513f7a1fbaccb46c7926fd57 av_one_third  avia-builder-el-10  el_after_av_one_third  el_before_av_two_third  first flex_column_div av-zero-column-padding  column-top-margin'     ><style type=\"text\/css\" data-created_by=\"avia_inline_auto\" id=\"style-css-av-mix9uz6p-00b5e89cdac51f67a9df54671e47b32c\">\n@keyframes av_boxShadowEffect_av-mix9uz6p-00b5e89cdac51f67a9df54671e47b32c {\n0%   { box-shadow:  0 0 0 0 ; opacity: 1; }\n100% { box-shadow:  0 0 10px 0 ; opacity: 1; }\n}\n.avia-image-container.av-mix9uz6p-00b5e89cdac51f67a9df54671e47b32c img.avia_image{\nbox-shadow: 0 0 10px 0 ;\n}\n.avia-image-container.av-mix9uz6p-00b5e89cdac51f67a9df54671e47b32c .av-image-caption-overlay-center{\ncolor:#ffffff;\n}\n<\/style>\n<div  class='avia-image-container av-mix9uz6p-00b5e89cdac51f67a9df54671e47b32c av-styling- avia-align-center  avia-builder-el-11  avia-builder-el-no-sibling  av-img-box-shadow av-box-shadow-not-animated'   itemprop=\"image\" itemscope=\"itemscope\" itemtype=\"https:\/\/schema.org\/ImageObject\" ><div class=\"avia-image-container-inner\"><div class=\"avia-image-overlay-wrap\"><img decoding=\"async\" fetchpriority=\"high\" class='wp-image-102915 avia-img-lazy-loading-not-102915 avia_image shadow-not-animated' src=\"https:\/\/www.star-ts.com\/wp-content\/uploads\/2018\/07\/checking-reviews-1030x625.jpg\" alt='Kvalitetskontroll' title='Kvalitetskontroll'  height=\"625\" width=\"1030\"  itemprop=\"thumbnailUrl\" srcset=\"https:\/\/www.star-ts.com\/wp-content\/uploads\/2018\/07\/checking-reviews-1030x625.jpg 1030w, https:\/\/www.star-ts.com\/wp-content\/uploads\/2018\/07\/checking-reviews-80x49.jpg 80w, https:\/\/www.star-ts.com\/wp-content\/uploads\/2018\/07\/checking-reviews-300x182.jpg 300w, https:\/\/www.star-ts.com\/wp-content\/uploads\/2018\/07\/checking-reviews-768x466.jpg 768w, https:\/\/www.star-ts.com\/wp-content\/uploads\/2018\/07\/checking-reviews-1500x910.jpg 1500w, https:\/\/www.star-ts.com\/wp-content\/uploads\/2018\/07\/checking-reviews-705x428.jpg 705w, https:\/\/www.star-ts.com\/wp-content\/uploads\/2018\/07\/checking-reviews-450x273.jpg 450w, https:\/\/www.star-ts.com\/wp-content\/uploads\/2018\/07\/checking-reviews.jpg 1920w\" sizes=\"(max-width: 1030px) 100vw, 1030px\" \/><\/div><\/div><\/div><\/div><div  class='flex_column av-b15lh7-bcbbe1bd380b01ed7c1c86bdbbaf1eaa av_two_third  avia-builder-el-12  el_after_av_one_third  el_before_av_one_full  flex_column_div  column-top-margin'     ><section  class='av_textblock_section av-8n3tez-439589e392b880675d3e84b1fa55a296 '   itemscope=\"itemscope\" itemtype=\"https:\/\/schema.org\/CreativeWork\" ><div class='avia_textblock'  itemprop=\"text\" ><h2>Dokument \u2013 Koreansk dokument\u00f6vers\u00e4ttning och DTP<\/h2>\n<p>N\u00e4r det g\u00e4ller DTP-arbete p\u00e5 det koreanska spr\u00e5ket kan vi leverera din \u00f6vers\u00e4ttning i praktiskt taget alla filformat. V\u00e5ra team \u00e4r experter p\u00e5 QuarkXPress, Adobe InDesign och FrameMaker, HTML, XML, AutoCAD DXF, Microsoft PowerPoint, Excel, Word med mera. <\/p>\n<p>Vi tillhandah\u00e5ller \u00f6vers\u00e4ttning fr\u00e5n engelska till koreanska och fr\u00e5n koreanska till engelska f\u00f6r:<\/p>\n<ul>\n<li>Tekniska manualer och anv\u00e4ndarhandb\u00f6cker<\/li>\n<li>S\u00e4kerhetsdokumentation och efterlevnadsdokument<\/li>\n<li>Anbud, offertf\u00f6rfr\u00e5gningar och myndighetsinlagor<\/li>\n<li>Utbildningsmaterial och produktbroschyrer<\/li>\n<\/ul>\n<p>V\u00e5ra koreanska DTP-specialister hanterar teckensnitt, radbrytningar och layoutproblem som \u00e4r specifika f\u00f6r Hangul, s\u00e5 att dina koreanska PDF-filer och tryckf\u00e4rdiga filer ser lika professionella ut som dina original. F\u00f6r st\u00f6rre projekt kombinerar vi \u00f6vers\u00e4ttningsminne och terminologihantering f\u00f6r att h\u00e5lla din koreanska dokumentation konsekvent \u00f6ver alla versioner.<\/p>\n<\/div><\/section><\/div><div  class='flex_column av-6775y3-53e6c432cf6fe8ae04c607037761766d av_one_full  avia-builder-el-14  el_after_av_two_third  el_before_av_one_full  first flex_column_div  column-top-margin'     ><section  class='av_textblock_section av-4chjm3-aa3b32f15988af96998550aa1bbbcd59 '   itemscope=\"itemscope\" itemtype=\"https:\/\/schema.org\/CreativeWork\" ><div class='avia_textblock'  itemprop=\"text\" ><h2>Webbplatser \u2013 Koreansk webbplats\u00f6vers\u00e4ttning och SEO<\/h2>\n<p>Vi arbetar med m\u00e5nga inneh\u00e5llshanteringssystem inklusive Joomla, WordPress och DNN. Kontakta oss idag ang\u00e5ende er n\u00e4sta webbplats\u00f6vers\u00e4ttning. <\/p>\n<p>Om du riktar dig mot Korea eller koreansktalande kunder \u00f6ver hela v\u00e4rlden erbjuder vi:<\/p>\n<ul>\n<li>Koreansk webbplats\u00f6vers\u00e4ttning och koreansk lokalisering f\u00f6r WordPress, Joomla, DNN och anpassade CMS<\/li>\n<li>Optimering av menyer, knappar och uppmaningar till handling f\u00f6r koreanska anv\u00e4ndare<\/li>\n<li>St\u00f6d f\u00f6r flerspr\u00e5kig SEO (koreanska s\u00f6kord, metatitlar och beskrivningar)<\/li>\n<li>Integration med ditt CMS f\u00f6r att f\u00f6renkla regelbundna inneh\u00e5llsuppdateringar<\/li>\n<\/ul>\n<p>Oavsett om du beh\u00f6ver en enda koreansk landningssida eller en fullst\u00e4ndig koreansk version av din webbplats, hj\u00e4lper vi dig att rankas p\u00e5 m\u00e5lmarknaden.<\/p>\n<\/div><\/section><br \/>\n<section  class='av_textblock_section av-260tsr-37eb1d93aef2b72277491cf6edc29132 '   itemscope=\"itemscope\" itemtype=\"https:\/\/schema.org\/CreativeWork\" ><div class='avia_textblock'  itemprop=\"text\" ><h2>Expertis inom fordon och teknik \u2013 Koreansk teknisk \u00f6vers\u00e4ttning<\/h2>\n<p>Vi har arbetat med kunder som BMW, DaimlerChrysler, Mowag och Tag Heuer i \u00f6ver 20 \u00e5r och har omfattande erfarenhet inom fordons- och tekniska ingenj\u00f6rssektorer. V\u00e5rt \u00f6vers\u00e4ttningsteams expertis levererar de b\u00e4sta tekniska \u00f6vers\u00e4ttningarna f\u00f6r dina projekt.  Detta \u00e4r en nyckelfaktor f\u00f6r att leverera kvalitetstj\u00e4nster till dina kunder.<\/p>\n<p>F\u00f6r koreanska kombinerar vi denna tekniska expertis med koreanska \u00f6vers\u00e4ttare som har spr\u00e5ket som modersm\u00e5l och som f\u00f6rst\u00e5r:<\/p>\n<ul>\n<li>Terminologi inom fordon och teknik p\u00e5 b\u00e5de koreanska och engelska<\/li>\n<li>Servicehandb\u00f6cker, diagnostiska guider och reparationsanvisningar<\/li>\n<li>CAD-ritningar, reservdelslistor och tillverkningsdokumentation<\/li>\n<li>Programvarugr\u00e4nssnitt, HMI, inbyggda system och tekniska anv\u00e4ndargr\u00e4nssnitt<\/li>\n<\/ul>\n<p>Detta g\u00f6r oss till en stark partner om du s\u00f6ker koreansk teknisk \u00f6vers\u00e4ttning, koreansk fordons\u00f6vers\u00e4ttning eller koreanska \u00f6vers\u00e4ttningstj\u00e4nster f\u00f6r ingenj\u00f6rsvetenskap \u2013 s\u00e4rskilt f\u00f6r stora flerspr\u00e5kiga projekt.<\/p>\n<p>L\u00e4s mer om v\u00e5ra tekniska \u00f6vers\u00e4ttnings- och fordons\u00f6vers\u00e4ttningstj\u00e4nster:<\/p>\n<ul>\n<li><a href=\"https:\/\/www.star-ts.com\/sv\/translation-services\/technical-translation\/\">Tekniska \u00f6vers\u00e4ttningstj\u00e4nster<\/a><\/li>\n<li><a href=\"https:\/\/www.star-ts.com\/sv\/translation-services\/automotive-industry\/\">Automotive Industry \u00d6vers\u00e4ttning<\/a><\/li>\n<\/ul>\n<p>Om ditt f\u00f6retag beh\u00f6ver p\u00e5litlig koreansk \u00f6vers\u00e4ttning och lokalisering f\u00f6r komplext, tekniskt eller h\u00f6gvolyminneh\u00e5ll kan vi hj\u00e4lpa dig fr\u00e5n f\u00f6rsta utkast till slutliga tryckf\u00e4rdiga eller webbf\u00e4rdiga filer.<\/p>\n<\/div><\/section><\/p><\/div><div  class='flex_column av-7idrmz-b526393fdb9dc2c8dacfdd1e9eb5c28c av_one_full  avia-builder-el-17  el_after_av_one_full  el_before_av_section  avia-builder-el-last  first flex_column_div  column-top-margin'     ><section  class='av_textblock_section av-mhihn-598cfc53984254fa29d1cca04617db6f '   itemscope=\"itemscope\" itemtype=\"https:\/\/schema.org\/CreativeWork\" ><div class='avia_textblock'  itemprop=\"text\" ><p><a class=\"button\" href=\"https:\/\/www.star-ts.com\/sv\/languages\/\">Spr\u00e5k vi \u00f6vers\u00e4tter<\/a><\/p>\n<\/div><\/section><\/div><\/p>\n<\/div><\/div><\/div><!-- close content main div --><\/div><\/div>\n<style type=\"text\/css\" data-created_by=\"avia_inline_auto\" id=\"style-css-av-k0gx2157-307699bb8bdeb8c22c0065ee0c218e70\">\n.avia-section.av-k0gx2157-307699bb8bdeb8c22c0065ee0c218e70{\nbackground-color:#ff7f27;\nbackground-image:unset;\n}\n<\/style>\n<div id='av_section_1'  class='avia-section av-k0gx2157-307699bb8bdeb8c22c0065ee0c218e70 main_color avia-section-default avia-no-border-styling  avia-builder-el-19  el_after_av_one_full  avia-builder-el-last  avia-bg-style-scroll container_wrap sidebar_right'  ><div class='container av-section-cont-open' ><div class='template-page content  av-content-small alpha units'><div class='post-entry post-entry-type-page post-entry-120291'><div class='entry-content-wrapper clearfix'>\n<section  class='av_textblock_section av-zffpn-9b19d1d65eda350fe1fbef528189f03e '   itemscope=\"itemscope\" itemtype=\"https:\/\/schema.org\/CreativeWork\" ><div class='avia_textblock'  itemprop=\"text\" ><h2><span style=\"color: #ffffff;\">B\u00f6rja nu<\/span><\/h2>\n<div  class='avia-button-wrap av-aaau3-e3573e676ea05f5b4bf6cbae59781945-wrap avia-button-left  avia-builder-el-21  avia-builder-el-no-sibling '><a href='https:\/\/www.star-ts.com\/sv\/kontakt\/'  class='avia-button av-aaau3-e3573e676ea05f5b4bf6cbae59781945 av-link-btn avia-icon_select-no avia-size-x-large avia-position-left avia-color-light'   aria-label=\"Kontakta oss\"><span class='avia_iconbox_title' >Kontakta oss<\/span><\/a><\/div>\n<\/div><\/section>\n<\/div><\/div><\/div><!-- close content main div --><\/div><\/div><div id='after_section_1'  class='main_color av_default_container_wrap container_wrap sidebar_right'  ><div class='container av-section-cont-open' ><div class='template-page content  av-content-small alpha units'><div class='post-entry post-entry-type-page post-entry-120291'><div class='entry-content-wrapper clearfix'>\n","protected":false},"excerpt":{"rendered":"<p>\u00d6vers\u00e4ttningstj\u00e4nster fr\u00e5n engelska till koreanska.<\/p>\n<p>Fr\u00e5n v\u00e5rt koreanska kontor i Seoul \u00f6vers\u00e4tter vi webbplatser och dokument f\u00f6r v\u00e5ra kunder. STAR \u00e4r specialiserade p\u00e5 teknisk dokumentation och arbetar med n\u00e5gra av v\u00e4rldens st\u00f6rsta f\u00f6retag med \u00f6vers\u00e4ttning till koreanska. <\/p>\n","protected":false},"author":1,"featured_media":105800,"parent":0,"menu_order":16,"comment_status":"closed","ping_status":"closed","template":"","meta":{"footnotes":""},"class_list":["post-120291","page","type-page","status-publish","has-post-thumbnail","hentry"],"_links":{"self":[{"href":"https:\/\/www.star-ts.com\/sv\/wp-json\/wp\/v2\/pages\/120291","targetHints":{"allow":["GET"]}}],"collection":[{"href":"https:\/\/www.star-ts.com\/sv\/wp-json\/wp\/v2\/pages"}],"about":[{"href":"https:\/\/www.star-ts.com\/sv\/wp-json\/wp\/v2\/types\/page"}],"author":[{"embeddable":true,"href":"https:\/\/www.star-ts.com\/sv\/wp-json\/wp\/v2\/users\/1"}],"replies":[{"embeddable":true,"href":"https:\/\/www.star-ts.com\/sv\/wp-json\/wp\/v2\/comments?post=120291"}],"version-history":[{"count":0,"href":"https:\/\/www.star-ts.com\/sv\/wp-json\/wp\/v2\/pages\/120291\/revisions"}],"wp:featuredmedia":[{"embeddable":true,"href":"https:\/\/www.star-ts.com\/sv\/wp-json\/wp\/v2\/media\/105800"}],"wp:attachment":[{"href":"https:\/\/www.star-ts.com\/sv\/wp-json\/wp\/v2\/media?parent=120291"}],"curies":[{"name":"wp","href":"https:\/\/api.w.org\/{rel}","templated":true}]}}