{"id":120286,"date":"2025-11-07T13:10:34","date_gmt":"2025-11-07T13:10:34","guid":{"rendered":"https:\/\/www.star-ts.com\/polish-translation\/"},"modified":"2025-11-07T13:10:54","modified_gmt":"2025-11-07T13:10:54","slug":"polish-translation","status":"publish","type":"page","link":"https:\/\/www.star-ts.com\/sv\/polish-translation\/","title":{"rendered":"Polska \u00f6vers\u00e4ttningstj\u00e4nster"},"content":{"rendered":"<div id='full_slider_1'  class='avia-fullwidth-slider main_color avia-shadow av-small-hide av-mini-hide  avia-builder-el-0  el_before_av_one_full  avia-builder-el-first   container_wrap sidebar_right'  ><div  class='avia-slideshow av-k1byrzq2-fe1436b74d4240b07c8caf9121aef7e6 avia-slideshow-featured av_slideshow_full avia-slide-slider av-small-hide av-mini-hide av-slideshow-ui av-control-default av-slideshow-manual av-loop-once av-loop-manual-endless av-default-height-applied   avia-slideshow-1' data-slideshow-options=\"{&quot;animation&quot;:&quot;slide&quot;,&quot;autoplay&quot;:false,&quot;loop_autoplay&quot;:&quot;once&quot;,&quot;interval&quot;:5,&quot;loop_manual&quot;:&quot;manual-endless&quot;,&quot;autoplay_stopper&quot;:false,&quot;noNavigation&quot;:false,&quot;bg_slider&quot;:false,&quot;keep_padding&quot;:false,&quot;hoverpause&quot;:false,&quot;show_slide_delay&quot;:0}\"  itemprop=\"image\" itemscope=\"itemscope\" itemtype=\"https:\/\/schema.org\/ImageObject\" ><ul class='avia-slideshow-inner ' style='padding-bottom: 28.666666666667%;'><li  class='avia-slideshow-slide av-k1byrzq2-fe1436b74d4240b07c8caf9121aef7e6__0  av-single-slide slide-1 slide-odd'><div data-rel='slideshow-1' class='avia-slide-wrap '   ><div class='av-slideshow-caption av-k1byrzq2-fe1436b74d4240b07c8caf9121aef7e6__0 caption_fullwidth caption_center caption_center_framed caption_framed'><div class=\"container caption_container\"><div class=\"slideshow_caption\"><div class=\"slideshow_inner_caption\"><div class=\"slideshow_align_caption\"><h2 class='avia-caption-title '  itemprop=\"name\" >Polsk \u00f6vers\u00e4ttning<\/h2><div class='avia-caption-content '  itemprop=\"description\" ><p>\u00d6vers\u00e4ttningstj\u00e4nster fr\u00e5n engelska till polska<\/p>\n<\/div><\/div><\/div><\/div><\/div><\/div><img decoding=\"async\" fetchpriority=\"high\" class=\"wp-image-105290 avia-img-lazy-loading-not-105290\"  src=\"https:\/\/www.star-ts.com\/wp-content\/uploads\/2019\/10\/krakow-966774_1920-1500x430.jpg\" width=\"1500\" height=\"430\" title='krakow-966774_1920' alt=''  itemprop=\"thumbnailUrl\"   \/><\/div><\/li><\/ul><\/div><\/div><div id='after_full_slider_1'  class='main_color av_default_container_wrap container_wrap sidebar_right'  ><div class='container av-section-cont-open' ><div class='template-page content  av-content-small alpha units'><div class='post-entry post-entry-type-page post-entry-120286'><div class='entry-content-wrapper clearfix'>\n\n<style type=\"text\/css\" data-created_by=\"avia_inline_auto\" id=\"style-css-av-4wba13-e77651ae94994b35a80e90eb1c2aadca\">\n.flex_column.av-4wba13-e77651ae94994b35a80e90eb1c2aadca{\nborder-radius:0px 0px 0px 0px;\npadding:0px 0px 0px 0px;\n}\n<\/style>\n<div  class='flex_column av-4wba13-e77651ae94994b35a80e90eb1c2aadca av_one_full  avia-builder-el-1  el_after_av_slideshow_full  el_before_av_two_third  avia-builder-el-first  first flex_column_div av-zero-column-padding  '     ><section  class='av_textblock_section av-klqgvi0p-5a9b2a08095029d2c626c03ce8e5d791 '   itemscope=\"itemscope\" itemtype=\"https:\/\/schema.org\/CreativeWork\" ><div class='avia_textblock'  itemprop=\"text\" ><h1>Polska \u00f6vers\u00e4ttningstj\u00e4nster<\/h1>\n<h3>Vi erbjuder polska \u00f6vers\u00e4ttningstj\u00e4nster fr\u00e5n v\u00e5ra kontor i Warszawa<\/h3>\n<p>Professionell kvalitets\u00f6vers\u00e4ttning fr\u00e5n engelska till polska av inf\u00f6dda polska \u00f6vers\u00e4ttare. Vi arbetar med kunder som exporterar till Polen och anst\u00e4ller polsk personal och beh\u00f6ver HR-material \u00f6versatt.<\/p>\n<\/div><\/section><\/div>\n<div  class='flex_column av-gtybav-41b73fde03dab6504641ef8c7ed57fd9 av_two_third  avia-builder-el-3  el_after_av_one_full  el_before_av_one_third  first flex_column_div  column-top-margin'     ><section  class='av_textblock_section av-gigflz-06b1993ef209d37e65c146261993bd41 '   itemscope=\"itemscope\" itemtype=\"https:\/\/schema.org\/CreativeWork\" ><div class='avia_textblock'  itemprop=\"text\" ><h3>Exporttj\u00e4nster<\/h3>\n<p><strong>Polsk export:<\/strong> Med v\u00e5rt eget kontor i Polen \u00f6vers\u00e4tter vi dina tekniska manualer, broschyrer och webbplatser f\u00f6r att st\u00f6dja din exportf\u00f6rs\u00e4ljning.<\/p>\n<p><strong>Polska i Storbritannien<\/strong>: Den senaste folkr\u00e4kningen i Storbritannien visar en polsk befolkning p\u00e5 \u00f6ver 260 000.<\/p>\n<p><strong>Polska i Irland<\/strong>: Den senaste folkr\u00e4kningen visar att \u00f6ver 120 000 polacker \u00e4r bosatta i Irland. I verkligheten kan siffran vara dubbelt s\u00e5 h\u00f6g. Vi \u00f6vers\u00e4tter dokument som h\u00e4lso- och s\u00e4kerhetsdokumentation och anst\u00e4llningsavtal f\u00f6r f\u00f6retag i Storbritannien och Irland f\u00f6r deras utl\u00e4ndska medborgare.<\/p>\n<\/div><\/section><\/div>\n\n<style type=\"text\/css\" data-created_by=\"avia_inline_auto\" id=\"style-css-av-dybtgn-fbd995c2439e0b8f7e6a0b861c9263d6\">\n.flex_column.av-dybtgn-fbd995c2439e0b8f7e6a0b861c9263d6{\nborder-radius:0px 0px 0px 0px;\npadding:0px 0px 0px 0px;\n}\n<\/style>\n<div  class='flex_column av-dybtgn-fbd995c2439e0b8f7e6a0b861c9263d6 av_one_third  avia-builder-el-5  el_after_av_two_third  el_before_av_one_full  flex_column_div av-zero-column-padding  column-top-margin'     ><section  class='av_textblock_section av-bvsk8n-5035a5131e0c5f96eb31403e829368d1 '   itemscope=\"itemscope\" itemtype=\"https:\/\/schema.org\/CreativeWork\" ><div class='avia_textblock'  itemprop=\"text\" ><h4>\u00d6vers\u00e4ttningstj\u00e4nster<\/h4>\n<ul>\n<li><a href=\"https:\/\/www.star-ts.com\/sv\/documents\/health-and-safety\/\">H\u00e4lso- och s\u00e4kerhetsmanualer<\/a><\/li>\n<li><a href=\"https:\/\/www.star-ts.com\/sv\/translation-services\/documents\/employee-handbooks\/\">Personalhandb\u00f6cker<\/a><\/li>\n<li><a href=\"https:\/\/www.star-ts.com\/sv\/documents\/\">Dokument och manualer<\/a><\/li>\n<li><a href=\"https:\/\/www.star-ts.com\/sv\/translation-services\/government-translation-services\/\">Offentliga sektorns dokument<\/a><\/li>\n<li><a href=\"https:\/\/www.star-ts.com\/sv\/marketing-services\/marketing-campaigns\/e-commerce\/\">E-handelswebbplatser<\/a><\/li>\n<\/ul>\n<\/div><\/section><\/div>\n<div  class='flex_column av-al3j9j-7e78cde08482eef2e2518c6feb64e450 av_one_full  avia-builder-el-7  el_after_av_one_third  el_before_av_one_full  first flex_column_div  column-top-margin'     ><section  class='av_textblock_section av-8vaqo7-203f9bbd6c84c2a8b26a26c24c6f3d10 '   itemscope=\"itemscope\" itemtype=\"https:\/\/schema.org\/CreativeWork\" ><div class='avia_textblock'  itemprop=\"text\" ><h3>Inf\u00f6dda polska \u00f6vers\u00e4ttare<\/h3>\n<p>Om du beh\u00f6ver en polsk \u00f6vers\u00e4ttare kan STAR hj\u00e4lpa dig. Alla v\u00e5ra \u00f6vers\u00e4ttare \u00e4r inf\u00f6dda talare som bor i landet. STAR erbjuder \u00f6vers\u00e4ttningstj\u00e4nster fr\u00e5n engelska till polska fr\u00e5n v\u00e5ra kontor i Warszawa. Vi \u00e4r specialister p\u00e5 \u00f6vers\u00e4ttning av tekniska dokument.   <\/p>\n<p>Vi anv\u00e4nder en 6-stegsmetod f\u00f6r kvalitet f\u00f6r v\u00e5ra kunder; l\u00e4s om v\u00e5r <a href=\"https:\/\/www.star-ts.com\/sv\/about\/terms-and-conditions\/kvalitetsprocess-for-oversattning\/\">kvalitetsprocess<\/a>.<\/p>\n<h4>Industrispecialister<\/h4>\n<p>STAR fokuserar p\u00e5 att leverera den b\u00e4sta kvalitets\u00f6vers\u00e4ttningen f\u00f6r varje kund. V\u00e5r strategi \u00e4r enkel: vi anv\u00e4nder alltid lokalt hanterade \u00f6vers\u00e4ttningsteam i landet f\u00f6r att f\u00e5 b\u00e4sta lokala kvalitet. V\u00e5ra \u00f6vers\u00e4ttare \u00e4r utbildade att anv\u00e4nda samma \u00f6vers\u00e4ttningsprocess och verktyg, vilket ger en konsekvent kvalitet. Slutligen \u00e4r v\u00e5ra \u00f6vers\u00e4ttare specialiserade inom en viss bransch s\u00e5 att de har expertis f\u00f6r specialistjobb. N\u00e5gra av de omr\u00e5den vi \u00e4r specialiserade p\u00e5 \u00e4r bil- och teknisk \u00f6vers\u00e4ttning.    <\/p>\n<p>STAR har arbetat med kunder som BMW, Daimler Chrysler, Mowag och Tag Heuer i \u00f6ver 20 \u00e5r och har omfattande erfarenhet inom fordons- och tekniska ingenj\u00f6rssektorer. V\u00e5ra \u00f6vers\u00e4ttningsteams expertis levererar de b\u00e4sta tekniska \u00f6vers\u00e4ttningarna f\u00f6r dina projekt. <\/p>\n<p>Detta \u00e4r en nyckelfaktor f\u00f6r att leverera kvalitetstj\u00e4nster till dina kunder.<\/p>\n<p>L\u00e4s mer om v\u00e5r tekniska \u00f6vers\u00e4ttning f\u00f6r <a href=\"https:\/\/www.star-ts.com\/sv\/oversattningstjanster-for-fordonsindustrin-teknik\/\">fordonsindustrin<\/a> och <a href=\"https:\/\/www.star-ts.com\/sv\/teknikoversattningstjanster\/\">ingenj\u00f6rssektorerna<\/a>.<\/p>\n<h4>Gratis polsk \u00f6vers\u00e4ttning<\/h4>\n<p>H\u00e4r \u00e4r n\u00e5gra enkla fraser som hj\u00e4lper dig att b\u00f6rja tala polska.<\/p>\n<table>\n<tbody>\n<tr>\n<th>Engelska<\/th>\n<th>Polska<\/th>\n<th>uttal<\/th>\n<\/tr>\n<tr>\n<td>Hur m\u00e5r du?<\/td>\n<td>Jak sie masz?<\/td>\n<td>yahk syiom-mashh<\/td>\n<\/tr>\n<tr>\n<td>God dag<\/td>\n<td>Dzien dobry<\/td>\n<td>Dzhehn dobri<\/td>\n<\/tr>\n<tr>\n<td>Adj\u00f6!<\/td>\n<td>Do widzenia!<\/td>\n<td>Do veedzehnyah<\/td>\n<\/tr>\n<tr>\n<td>Tack!<\/td>\n<td>Dziekuje<\/td>\n<td>Dzhen koo yeh<\/td>\n<\/tr>\n<\/tbody>\n<\/table>\n<\/div><\/section><\/div>\n<p>\n<style type=\"text\/css\" data-created_by=\"avia_inline_auto\" id=\"style-css-av-83ohj-de911855b190e6989eccf2ddf0fc76c1\">\n.flex_column.av-83ohj-de911855b190e6989eccf2ddf0fc76c1{\nborder-radius:0px 0px 0px 0px;\npadding:0px 0px 0px 0px;\n}\n<\/style>\n<div  class='flex_column av-83ohj-de911855b190e6989eccf2ddf0fc76c1 av_one_full  avia-builder-el-9  el_after_av_one_full  el_before_av_one_full  first flex_column_div av-zero-column-padding  column-top-margin'     ><section  class='av_textblock_section av-m783b-80ffef9d542ea3743832089f8a2cbbf6 '   itemscope=\"itemscope\" itemtype=\"https:\/\/schema.org\/CreativeWork\" ><div class='avia_textblock'  itemprop=\"text\" ><p><a href=\"https:\/\/www.star-ts.com\/languages\/free-translation-resources\/how-to-say-i-love-you\/\">Hur man s\u00e4ger jag \u00e4lskar dig p\u00e5 polska<\/a><\/p>\n<\/div><\/section><\/div><div  class='flex_column av-5u1wvr-d2c3c5c114109c89998a7c79e80058e0 av_one_full  avia-builder-el-11  el_after_av_one_full  avia-builder-el-last  first flex_column_div  column-top-margin'     ><section  class='av_textblock_section av-4vlcdz-0563aa56e9cc108101f86faab56f2a2b '   itemscope=\"itemscope\" itemtype=\"https:\/\/schema.org\/CreativeWork\" ><div class='avia_textblock'  itemprop=\"text\" ><div  class='avia-button-wrap avia-button-center  avia-builder-el-13  avia-builder-el-no-sibling '>\n<style type=\"text\/css\" data-created_by=\"avia_inline_auto\" id=\"style-css-av-2ys2af-8d17da4fc54ed6a622fb6f8943ac67e1\">\n#top #wrap_all .avia-button.av-2ys2af-8d17da4fc54ed6a622fb6f8943ac67e1:hover{\ncolor:white;\ntransition:all 0.4s ease-in-out;\n}\n#top #wrap_all .avia-button.av-2ys2af-8d17da4fc54ed6a622fb6f8943ac67e1:hover .avia-svg-icon svg:first-child{\nfill:white;\nstroke:white;\n}\n<\/style>\n<a href='https:\/\/www.star-ts.com\/sv\/kontakt\/' class='avia-color-theme-color avia-font-color-theme-color avia-button avia-button-fullwidth av-2ys2af-8d17da4fc54ed6a622fb6f8943ac67e1 avia-icon_select-no avia-color-theme-color'  title=\"Contact Us\" aria-label=\"Contact Us\"><span class='avia_iconbox_title' >Kontakta oss<\/span><span class='avia_button_background avia-button avia-button-fullwidth avia-color-theme-color-highlight'><\/span><\/a><\/div>\n<\/div><\/section><\/div><\/p>\n","protected":false},"excerpt":{"rendered":"<p>Professionell kvalitets\u00f6vers\u00e4ttning fr\u00e5n engelska till polska av inf\u00f6dda polska \u00f6vers\u00e4ttare. Vi arbetar med kunder som exporterar till Polen och anst\u00e4ller polsk personal och beh\u00f6ver HR-material \u00f6versatt. <\/p>\n","protected":false},"author":1,"featured_media":105290,"parent":0,"menu_order":20,"comment_status":"closed","ping_status":"closed","template":"","meta":{"footnotes":""},"class_list":["post-120286","page","type-page","status-publish","has-post-thumbnail","hentry"],"_links":{"self":[{"href":"https:\/\/www.star-ts.com\/sv\/wp-json\/wp\/v2\/pages\/120286","targetHints":{"allow":["GET"]}}],"collection":[{"href":"https:\/\/www.star-ts.com\/sv\/wp-json\/wp\/v2\/pages"}],"about":[{"href":"https:\/\/www.star-ts.com\/sv\/wp-json\/wp\/v2\/types\/page"}],"author":[{"embeddable":true,"href":"https:\/\/www.star-ts.com\/sv\/wp-json\/wp\/v2\/users\/1"}],"replies":[{"embeddable":true,"href":"https:\/\/www.star-ts.com\/sv\/wp-json\/wp\/v2\/comments?post=120286"}],"version-history":[{"count":0,"href":"https:\/\/www.star-ts.com\/sv\/wp-json\/wp\/v2\/pages\/120286\/revisions"}],"wp:featuredmedia":[{"embeddable":true,"href":"https:\/\/www.star-ts.com\/sv\/wp-json\/wp\/v2\/media\/105290"}],"wp:attachment":[{"href":"https:\/\/www.star-ts.com\/sv\/wp-json\/wp\/v2\/media?parent=120286"}],"curies":[{"name":"wp","href":"https:\/\/api.w.org\/{rel}","templated":true}]}}