{"id":120282,"date":"2025-11-07T13:10:31","date_gmt":"2025-11-07T13:10:31","guid":{"rendered":"https:\/\/www.star-ts.com\/danish-translation\/"},"modified":"2025-11-07T13:10:54","modified_gmt":"2025-11-07T13:10:54","slug":"danish-translation","status":"publish","type":"page","link":"https:\/\/www.star-ts.com\/sv\/danish-translation\/","title":{"rendered":"Danska \u00f6vers\u00e4ttningstj\u00e4nster"},"content":{"rendered":"<div id='full_slider_1'  class='avia-fullwidth-slider main_color avia-shadow av-small-hide av-mini-hide  avia-builder-el-0  el_before_av_one_third  avia-builder-el-first   container_wrap sidebar_right'  ><div  class='avia-slideshow av-k1bvxn96-3ce00170f7bb7b4ea43b3e56b8faa693 avia-slideshow-featured av_slideshow_full avia-slide-slider av-small-hide av-mini-hide av-slideshow-ui av-control-default av-slideshow-manual av-loop-once av-loop-manual-endless av-default-height-applied   avia-slideshow-1' data-slideshow-options=\"{&quot;animation&quot;:&quot;slide&quot;,&quot;autoplay&quot;:false,&quot;loop_autoplay&quot;:&quot;once&quot;,&quot;interval&quot;:5,&quot;loop_manual&quot;:&quot;manual-endless&quot;,&quot;autoplay_stopper&quot;:false,&quot;noNavigation&quot;:false,&quot;bg_slider&quot;:false,&quot;keep_padding&quot;:false,&quot;hoverpause&quot;:false,&quot;show_slide_delay&quot;:0}\"  itemprop=\"image\" itemscope=\"itemscope\" itemtype=\"https:\/\/schema.org\/ImageObject\" ><ul class='avia-slideshow-inner ' style='padding-bottom: 29.351535836177%;'><li  class='avia-slideshow-slide av-k1bvxn96-3ce00170f7bb7b4ea43b3e56b8faa693__0  av-single-slide slide-1 slide-odd'><div data-rel='slideshow-1' class='avia-slide-wrap '   ><div class='av-slideshow-caption av-k1bvxn96-3ce00170f7bb7b4ea43b3e56b8faa693__0 caption_fullwidth caption_center caption_center_framed caption_framed'><div class=\"container caption_container\"><div class=\"slideshow_caption\"><div class=\"slideshow_inner_caption\"><div class=\"slideshow_align_caption\"><h2 class='avia-caption-title '  itemprop=\"name\" >Dansk \u00f6vers\u00e4ttning<\/h2><div class='avia-caption-content '  itemprop=\"description\" ><p>\u00d6vers\u00e4ttningstj\u00e4nster engelska till danska<\/p>\n<\/div><\/div><\/div><\/div><\/div><\/div><img decoding=\"async\" fetchpriority=\"high\" class=\"wp-image-105140 avia-img-lazy-loading-not-105140\"  src=\"https:\/\/www.star-ts.com\/wp-content\/uploads\/2019\/10\/copenhagen2-4052654_1920-1465x430.jpg\" width=\"1465\" height=\"430\" title='copenhagen2-4052654_1920' alt=''  itemprop=\"thumbnailUrl\"   \/><\/div><\/li><\/ul><\/div><\/div><div id='after_full_slider_1'  class='main_color av_default_container_wrap container_wrap sidebar_right'  ><div class='container av-section-cont-open' ><div class='template-page content  av-content-small alpha units'><div class='post-entry post-entry-type-page post-entry-120282'><div class='entry-content-wrapper clearfix'>\n<div  class='flex_column av-okkqyk-c84d5d109afedc315a26c89cec0ef0c1 av_one_third  avia-builder-el-1  el_after_av_slideshow_full  el_before_av_two_third  avia-builder-el-first  first flex_column_div  '     ><section  class='av_textblock_section av-monm9o-d27be0262ba9cd116a5bc1a8f6f4eaec '   itemscope=\"itemscope\" itemtype=\"https:\/\/schema.org\/CreativeWork\" ><div class='avia_textblock'  itemprop=\"text\" ><p><img decoding=\"async\" class=\"alignnone size-full wp-image-8697\" title=\"Danska \u00f6vers\u00e4ttningstj\u00e4nster\" src=\"https:\/\/www.star-ts.com\/wp-content\/uploads\/2014\/07\/denmark.jpg\" alt=\"Danska \u00f6vers\u00e4ttningstj\u00e4nster\" width=\"400\" height=\"300\" srcset=\"https:\/\/www.star-ts.com\/wp-content\/uploads\/2014\/07\/denmark.jpg 400w, https:\/\/www.star-ts.com\/wp-content\/uploads\/2014\/07\/denmark-80x60.jpg 80w, https:\/\/www.star-ts.com\/wp-content\/uploads\/2014\/07\/denmark-300x225.jpg 300w\" sizes=\"(max-width: 400px) 100vw, 400px\" \/><\/p>\n<\/div><\/section><\/div>\n<p>\n<style type=\"text\/css\" data-created_by=\"avia_inline_auto\" id=\"style-css-av-krk9ik-2588224ca72bf5164ca3ba60c97ed712\">\n.flex_column.av-krk9ik-2588224ca72bf5164ca3ba60c97ed712{\nborder-radius:0px 0px 0px 0px;\npadding:0px 0px 0px 0px;\n}\n<\/style>\n<div  class='flex_column av-krk9ik-2588224ca72bf5164ca3ba60c97ed712 av_two_third  avia-builder-el-3  el_after_av_one_third  el_before_av_two_third  flex_column_div av-zero-column-padding  '     ><section  class='av_textblock_section av-6wt98-805b020418a75026ce28b4bd58e1ea3e '   itemscope=\"itemscope\" itemtype=\"https:\/\/schema.org\/CreativeWork\" ><div class='avia_textblock'  itemprop=\"text\" ><h1>Danska \u00f6vers\u00e4ttningstj\u00e4nster<\/h1>\n<p>Kvalitets\u00f6vers\u00e4ttning fr\u00e5n engelska till danska levererad av professionella danska \u00f6vers\u00e4ttare.<\/p>\n<p>Vi kan leverera en komplett l\u00f6sning f\u00f6r alla era flerspr\u00e5kiga krav; vi anst\u00e4ller inf\u00f6dda danska \u00f6vers\u00e4ttare med specialiserad \u00f6vers\u00e4ttningsexpertis inom f\u00f6ljande omr\u00e5den:<\/p>\n<ul>\n<li>\u00d6vers\u00e4ttning: \u00d6vers\u00e4ttning engelska till danska,<\/li>\n<li><abbr title=\"Desktop publishing\">Desktop publishing: DTP<\/abbr> och<\/li>\n<li>Lokaliseringstj\u00e4nster<\/li>\n<\/ul>\n<\/div><\/section><\/div><div  class='flex_column av-hxckdo-254d7ee8508a5591081eca20944442db av_two_third  avia-builder-el-5  el_after_av_two_third  el_before_av_one_third  first flex_column_div  column-top-margin'     ><section  class='av_textblock_section av-fcyiq4-3d14f0008c4ee47085a7e041affd665c '   itemscope=\"itemscope\" itemtype=\"https:\/\/schema.org\/CreativeWork\" ><div class='avia_textblock'  itemprop=\"text\" ><h3>Kvalitativ dansk \u00f6vers\u00e4ttning<\/h3>\n<p>Vi g\u00f6r de mest komplexa danska \u00f6vers\u00e4ttningsjobben enklare f\u00f6r er. L\u00e4s v\u00e5r \u00f6vers\u00e4ttningskvalitetsprocess f\u00f6r mer information. Vi hanterar f\u00f6ljande filformat n\u00e4r det g\u00e4ller dansk <abbr title=\"Desktop publishing\">DTP<\/abbr>: QuarkXPress, Adobe InDesign och FrameMaker, <abbr title=\"Hypertext markup language\">HTML<\/abbr>, <abbr title=\"Extensible markup language\">XML<\/abbr>, AutoCAD <abbr title=\"Drawing exchange format\">DXF<\/abbr>, Microsoft PowerPoint, Excel och Word, Acrobat <abbr title=\"Portable document format\">PDF<\/abbr>, papper och fax\u00f6vers\u00e4ttningar.<\/p>\n<\/div><\/section><\/div>\n<style type=\"text\/css\" data-created_by=\"avia_inline_auto\" id=\"style-css-av-1canik-89b26a1ee3d1315eddbb0d52673c6dec\">\n.flex_column.av-1canik-89b26a1ee3d1315eddbb0d52673c6dec{\nborder-radius:0px 0px 0px 0px;\npadding:0px 0px 0px 0px;\n}\n<\/style>\n<div  class='flex_column av-1canik-89b26a1ee3d1315eddbb0d52673c6dec av_one_third  avia-builder-el-7  el_after_av_two_third  el_before_av_one_full  flex_column_div av-zero-column-padding  column-top-margin'     ><section  class='av_textblock_section av-bvy4u4-4253bf612c295750d8606bf6e824f321 '   itemscope=\"itemscope\" itemtype=\"https:\/\/schema.org\/CreativeWork\" ><div class='avia_textblock'  itemprop=\"text\" ><h4>\u00d6vers\u00e4ttningstj\u00e4nster:<\/h4>\n<ul>\n<li><a href=\"https:\/\/www.star-ts.com\/sv\/documents\/health-and-safety\/\">H\u00e4lso- och s\u00e4kerhetshandb\u00f6cker<\/a><\/li>\n<li><a href=\"https:\/\/www.star-ts.com\/sv\/translation-services\/documents\/employee-handbooks\/\">Personalhandb\u00f6cker<\/a><\/li>\n<li><a href=\"https:\/\/www.star-ts.com\/sv\/oversattningstjanster-for-fordonsindustrin-teknik\/\">Fordonsdokument<\/a><\/li>\n<li><a href=\"https:\/\/www.star-ts.com\/sv\/documents\/oversattning-av-handbocker-och-bruksanvisningar\/\">Operat\u00f6rs- och anv\u00e4ndarhandb\u00f6cker<\/a><\/li>\n<li><a href=\"https:\/\/www.star-ts.com\/sv\/translation-services\/government-translation-services\/\">\u00c5rsrapporter<\/a><\/li>\n<li><a href=\"https:\/\/www.star-ts.com\/sv\/marketing-services\/marketing-campaigns\/website-marketing\/\">Webbplatsmarknadsf\u00f6ring<\/a><\/li>\n<li><a href=\"https:\/\/www.star-ts.com\/sv\/marketing-services\/marketing-campaigns\/e-commerce\/\">e-handelsappar<\/a><\/li>\n<\/ul>\n<\/div><\/section><\/div><div  class='flex_column av-b6mcrg-bc74438dc3bbb4b659fa2a3344a80e34 av_one_full  avia-builder-el-9  el_after_av_one_third  el_before_av_one_full  first flex_column_div  column-top-margin'     ><section  class='av_textblock_section av-97zp9o-73ba4e5a0b87d1a1eca53525b3da10dc '   itemscope=\"itemscope\" itemtype=\"https:\/\/schema.org\/CreativeWork\" ><div class='avia_textblock'  itemprop=\"text\" ><h3>Expertis inom fordon och teknik<\/h3>\n<p>Genom att arbeta med kunder som BMW, Mowag och Tag Heuer i \u00f6ver 20 \u00e5r har STAR omfattande erfarenhet inom bil- och teknisk ingenj\u00f6rssektorn. V\u00e5rt \u00f6vers\u00e4ttningsteams expertis levererar de b\u00e4sta tekniska \u00f6vers\u00e4ttningarna f\u00f6r era projekt. Detta \u00e4r en nyckelfaktor f\u00f6r att leverera kvalitetstj\u00e4nster till era kunder.<\/p>\n<\/div><\/section><\/div><div  class='flex_column av-83uvdo-7044b3b5a2d9cd6fd3fca5f5fc2afc91 av_one_full  avia-builder-el-11  el_after_av_one_full  el_before_av_section  avia-builder-el-last  first flex_column_div  column-top-margin'     ><section  class='av_textblock_section av-in9l8-6906f79022e7e02d2ccfe10a1dd3d749 '   itemscope=\"itemscope\" itemtype=\"https:\/\/schema.org\/CreativeWork\" ><div class='avia_textblock'  itemprop=\"text\" ><p><a class=\"button\" href=\"https:\/\/www.star-ts.com\/sv\/languages\/\">Spr\u00e5k vi \u00f6vers\u00e4tter<\/a><\/p>\n<\/div><\/section><\/div><\/div><\/div><\/div><!-- close content main div --><\/div><\/div>\n<style type=\"text\/css\" data-created_by=\"avia_inline_auto\" id=\"style-css-av-k0gx2157-307699bb8bdeb8c22c0065ee0c218e70\">\n.avia-section.av-k0gx2157-307699bb8bdeb8c22c0065ee0c218e70{\nbackground-color:#ff7f27;\nbackground-image:unset;\n}\n<\/style>\n<div id='av_section_1'  class='avia-section av-k0gx2157-307699bb8bdeb8c22c0065ee0c218e70 main_color avia-section-default avia-no-border-styling  avia-builder-el-13  el_after_av_one_full  avia-builder-el-last  avia-bg-style-scroll container_wrap sidebar_right'  ><div class='container av-section-cont-open' ><div class='template-page content  av-content-small alpha units'><div class='post-entry post-entry-type-page post-entry-120282'><div class='entry-content-wrapper clearfix'>\n<section  class='av_textblock_section av-zffpn-9b19d1d65eda350fe1fbef528189f03e '   itemscope=\"itemscope\" itemtype=\"https:\/\/schema.org\/CreativeWork\" ><div class='avia_textblock'  itemprop=\"text\" ><h2><span style=\"color: #ffffff;\">B\u00f6rja nu<\/span><\/h2>\n<div  class='avia-button-wrap av-aaau3-e3573e676ea05f5b4bf6cbae59781945-wrap avia-button-left  avia-builder-el-15  avia-builder-el-no-sibling '><a href='https:\/\/www.star-ts.com\/sv\/kontakt\/'  class='avia-button av-aaau3-e3573e676ea05f5b4bf6cbae59781945 av-link-btn avia-icon_select-no avia-size-x-large avia-position-left avia-color-light'   aria-label=\"Kontakta oss\"><span class='avia_iconbox_title' >Kontakta oss<\/span><\/a><\/div>\n<\/div><\/section>\n<\/div><\/div><\/div><!-- close content main div --><\/div><\/div><div id='after_section_1'  class='main_color av_default_container_wrap container_wrap sidebar_right'  ><div class='container av-section-cont-open' ><div class='template-page content  av-content-small alpha units'><div class='post-entry post-entry-type-page post-entry-120282'><div class='entry-content-wrapper clearfix'><\/p>\n","protected":false},"excerpt":{"rendered":"<p>Kvalitets\u00f6vers\u00e4ttningstj\u00e4nster fr\u00e5n engelska till danska levererade av professionella danska \u00f6vers\u00e4ttare.<\/p>\n","protected":false},"author":1,"featured_media":105110,"parent":0,"menu_order":4,"comment_status":"open","ping_status":"closed","template":"","meta":{"footnotes":""},"class_list":["post-120282","page","type-page","status-publish","has-post-thumbnail","hentry"],"_links":{"self":[{"href":"https:\/\/www.star-ts.com\/sv\/wp-json\/wp\/v2\/pages\/120282","targetHints":{"allow":["GET"]}}],"collection":[{"href":"https:\/\/www.star-ts.com\/sv\/wp-json\/wp\/v2\/pages"}],"about":[{"href":"https:\/\/www.star-ts.com\/sv\/wp-json\/wp\/v2\/types\/page"}],"author":[{"embeddable":true,"href":"https:\/\/www.star-ts.com\/sv\/wp-json\/wp\/v2\/users\/1"}],"replies":[{"embeddable":true,"href":"https:\/\/www.star-ts.com\/sv\/wp-json\/wp\/v2\/comments?post=120282"}],"version-history":[{"count":0,"href":"https:\/\/www.star-ts.com\/sv\/wp-json\/wp\/v2\/pages\/120282\/revisions"}],"wp:featuredmedia":[{"embeddable":true,"href":"https:\/\/www.star-ts.com\/sv\/wp-json\/wp\/v2\/media\/105110"}],"wp:attachment":[{"href":"https:\/\/www.star-ts.com\/sv\/wp-json\/wp\/v2\/media?parent=120282"}],"curies":[{"name":"wp","href":"https:\/\/api.w.org\/{rel}","templated":true}]}}