{"id":120279,"date":"2025-11-07T13:10:26","date_gmt":"2025-11-07T13:10:26","guid":{"rendered":"https:\/\/www.star-ts.com\/czech-translation\/"},"modified":"2025-11-07T13:10:54","modified_gmt":"2025-11-07T13:10:54","slug":"czech-translation","status":"publish","type":"page","link":"https:\/\/www.star-ts.com\/sv\/czech-translation\/","title":{"rendered":"Tjeckiska \u00f6vers\u00e4ttningstj\u00e4nster | STAR | Tjeckiska \u00f6vers\u00e4ttare"},"content":{"rendered":"\n<p><\/p>\n\n\n<div id='full_slider_1'  class='avia-fullwidth-slider main_color avia-shadow av-small-hide av-mini-hide  avia-builder-el-0  el_before_av_one_third  avia-builder-el-first   container_wrap sidebar_right'  ><div  class='avia-slideshow av-k1bvlq9m-fd45af9d351a6f84b0cf195f5dad2b9c avia-slideshow-featured av_slideshow_full avia-slide-slider av-small-hide av-mini-hide av-slideshow-ui av-control-default av-slideshow-manual av-loop-once av-loop-manual-endless av-default-height-applied   avia-slideshow-1' data-slideshow-options=\"{&quot;animation&quot;:&quot;slide&quot;,&quot;autoplay&quot;:false,&quot;loop_autoplay&quot;:&quot;once&quot;,&quot;interval&quot;:5,&quot;loop_manual&quot;:&quot;manual-endless&quot;,&quot;autoplay_stopper&quot;:false,&quot;noNavigation&quot;:false,&quot;bg_slider&quot;:false,&quot;keep_padding&quot;:false,&quot;hoverpause&quot;:false,&quot;show_slide_delay&quot;:0}\"  itemprop=\"image\" itemscope=\"itemscope\" itemtype=\"https:\/\/schema.org\/ImageObject\" ><ul class='avia-slideshow-inner ' style='padding-bottom: 28.666666666667%;'><li  class='avia-slideshow-slide av-k1bvlq9m-fd45af9d351a6f84b0cf195f5dad2b9c__0  av-single-slide slide-1 slide-odd'><div data-rel='slideshow-1' class='avia-slide-wrap '   ><div class='av-slideshow-caption av-k1bvlq9m-fd45af9d351a6f84b0cf195f5dad2b9c__0 caption_fullwidth caption_center caption_center_framed caption_framed'><div class=\"container caption_container\"><div class=\"slideshow_caption\"><div class=\"slideshow_inner_caption\"><div class=\"slideshow_align_caption\"><h2 class='avia-caption-title '  itemprop=\"name\" >Tjeckisk \u00f6vers\u00e4ttning<\/h2><div class='avia-caption-content '  itemprop=\"description\" ><p>\u00d6vers\u00e4ttningstj\u00e4nster fr\u00e5n engelska till tjeckiska<\/p>\n<\/div><\/div><\/div><\/div><\/div><\/div><img decoding=\"async\" fetchpriority=\"high\" class=\"wp-image-105080 avia-img-lazy-loading-not-105080\"  src=\"https:\/\/www.star-ts.com\/wp-content\/uploads\/2019\/10\/prague-3540876_1920-1500x430.jpg\" width=\"1500\" height=\"430\" title='prague-3540876_1920' alt=''  itemprop=\"thumbnailUrl\"   \/><\/div><\/li><\/ul><\/div><\/div><div id='after_full_slider_1'  class='main_color av_default_container_wrap container_wrap sidebar_right'  ><div class='container av-section-cont-open' ><div class='template-page content  av-content-small alpha units'><div class='post-entry post-entry-type-page post-entry-120279'><div class='entry-content-wrapper clearfix'>\n<p><div  class='flex_column av-ntlljf-a50b67091a2e136d82da4833086bdc35 av_one_third  avia-builder-el-1  el_after_av_slideshow_full  el_before_av_two_third  avia-builder-el-first  first flex_column_div  '     ><style type=\"text\/css\" data-created_by=\"avia_inline_auto\" id=\"style-css-av-klmdw0yc-365108e04cfe47e64027b4a949a7a313\">\n.avia-image-container.av-klmdw0yc-365108e04cfe47e64027b4a949a7a313 img.avia_image{\nbox-shadow:none;\n}\n.avia-image-container.av-klmdw0yc-365108e04cfe47e64027b4a949a7a313 .av-image-caption-overlay-center{\ncolor:#ffffff;\n}\n<\/style>\n<div  class='avia-image-container av-klmdw0yc-365108e04cfe47e64027b4a949a7a313 av-styling- avia-align-center  avia-builder-el-2  avia-builder-el-no-sibling '   itemprop=\"image\" itemscope=\"itemscope\" itemtype=\"https:\/\/schema.org\/ImageObject\" ><div class=\"avia-image-container-inner\"><div class=\"avia-image-overlay-wrap\"><img decoding=\"async\" loading=\"lazy\" class='wp-image-69168 avia-img-lazy-loading-69168 avia_image ' src=\"https:\/\/www.star-ts.com\/wp-content\/uploads\/2014\/07\/czech-translation-services1-e1589544910656.jpg\" alt='Tjeckiska \u00f6vers\u00e4ttningstj\u00e4nster' title='Tjeckiska \u00f6vers\u00e4ttningstj\u00e4nster'  height=\"320\" width=\"400\"  itemprop=\"thumbnailUrl\" srcset=\"https:\/\/www.star-ts.com\/wp-content\/uploads\/2014\/07\/czech-translation-services1-e1589544910656.jpg 400w, https:\/\/www.star-ts.com\/wp-content\/uploads\/2014\/07\/czech-translation-services1-e1589544910656-80x64.jpg 80w, https:\/\/www.star-ts.com\/wp-content\/uploads\/2014\/07\/czech-translation-services1-e1589544910656-300x240.jpg 300w\" sizes=\"auto, (max-width: 400px) 100vw, 400px\" \/><\/div><\/div><\/div><\/div>\n<style type=\"text\/css\" data-created_by=\"avia_inline_auto\" id=\"style-css-av-l10evv-0a33f0cf66350c0db17d850e600c7ea6\">\n.flex_column.av-l10evv-0a33f0cf66350c0db17d850e600c7ea6{\nborder-radius:0px 0px 0px 0px;\npadding:0px 0px 0px 0px;\n}\n<\/style>\n<div  class='flex_column av-l10evv-0a33f0cf66350c0db17d850e600c7ea6 av_two_third  avia-builder-el-3  el_after_av_one_third  el_before_av_two_third  flex_column_div av-zero-column-padding  '     ><section  class='av_textblock_section av-j1ajcr-ea5c4d278d83fb37f5984bd3fca59467 '   itemscope=\"itemscope\" itemtype=\"https:\/\/schema.org\/CreativeWork\" ><div class='avia_textblock'  itemprop=\"text\" ><h1>Tjeckiska \u00f6vers\u00e4ttningstj\u00e4nster<\/h1>\n<p>Professionella \u00f6vers\u00e4ttningstj\u00e4nster fr\u00e5n engelska till tjeckiska fr\u00e5n v\u00e5ra kontor i Prag i Tjeckien<\/p>\n<p>Oavsett om ni kommunicerar med utl\u00e4ndska medborgare i Irland, Storbritannien eller USA, eller s\u00e4ljer direkt till Tjeckien, kan vi hj\u00e4lpa er.<\/p>\n<p>Vi levererar professionell kvalitets\u00f6vers\u00e4ttning f\u00f6r dokument, webbplatser och broschyrer.<\/p>\n<p><a href=\"https:\/\/www.star-ts.com\/sv\/slovak-translation\/\">Slovakiska \u00f6vers\u00e4ttningstj\u00e4nster<\/a> kan tillhandah\u00e5llas om ni beh\u00f6ver dem.<\/p>\n<\/div><\/section><\/div><div  class='flex_column av-i2wyvv-f6111c10ed0895305e9aa6f14e63034f av_two_third  avia-builder-el-5  el_after_av_two_third  el_before_av_one_third  first flex_column_div  column-top-margin'     ><section  class='av_textblock_section av-f2dv0r-ecaa7c530d05af8ecd7eb43dae68a3bf '   itemscope=\"itemscope\" itemtype=\"https:\/\/schema.org\/CreativeWork\" ><div class='avia_textblock'  itemprop=\"text\" ><h3>Kvalificerade tjeckiska \u00f6vers\u00e4ttare<\/h3>\n<p>Vi t\u00e4cker ett brett spektrum av branscher och omr\u00e5den. Vi kan tillhandah\u00e5lla tjeckisk dokument\u00f6vers\u00e4ttning f\u00f6r allm\u00e4nna aff\u00e4rsdokument, h\u00e4lso- och s\u00e4kerhetsinformation och \u00e4ven de mest komplexa maskinoperations- och supportmanualer. Genom att anst\u00e4lla modersm\u00e5lstalare med specialiserad \u00f6vers\u00e4ttningsexpertis levererar vi en komplett l\u00f6sning f\u00f6r alla era \u00f6vers\u00e4ttningsbehov.  <\/p>\n<p><strong>Branschexpertis<\/strong><\/p>\n<p>Vi arbetar med m\u00e5nga ledande bil- och maskintillverkare. STAR \u00e4r ett av v\u00e4rldens ledande spr\u00e5kf\u00f6retag. Kontakta oss idag ang\u00e5ende eventuella s\u00e4rskilda krav ert f\u00f6retag har.<\/p>\n<\/div><\/section><\/div><\/p>\n<p>\n<style type=\"text\/css\" data-created_by=\"avia_inline_auto\" id=\"style-css-av-er920b-91f808e193a6517d93501e832e6deb31\">\n.flex_column.av-er920b-91f808e193a6517d93501e832e6deb31{\nborder-radius:0px 0px 0px 0px;\npadding:0px 0px 0px 0px;\n}\n<\/style>\n<div  class='flex_column av-er920b-91f808e193a6517d93501e832e6deb31 av_one_third  avia-builder-el-7  el_after_av_two_third  el_before_av_one_full  flex_column_div av-zero-column-padding  column-top-margin'     ><section  class='av_textblock_section av-bz6qd7-9680c71c14dd560642933c1f32ef04d2 '   itemscope=\"itemscope\" itemtype=\"https:\/\/schema.org\/CreativeWork\" ><div class='avia_textblock'  itemprop=\"text\" ><h4>\u00d6vers\u00e4ttningstj\u00e4nster:<\/h4>\n<ul>\n<li><a href=\"https:\/\/www.star-ts.com\/sv\/documents\/health-and-safety\/\">H\u00e4lso- och s\u00e4kerhetshandb\u00f6cker<\/a><\/li>\n<li><a href=\"https:\/\/www.star-ts.com\/sv\/translation-services\/documents\/employee-handbooks\/\">Personalhandb\u00f6cker<\/a><\/li>\n<li><a href=\"https:\/\/www.star-ts.com\/sv\/oversattningstjanster-for-fordonsindustrin-teknik\/\">Fordonsdokument<\/a><\/li>\n<li><a href=\"https:\/\/www.star-ts.com\/sv\/documents\/\">Manualer och broschyrer<\/a><\/li>\n<li><a href=\"https:\/\/www.star-ts.com\/sv\/translation-services\/government-translation-services\/\">\u00c5rsrapporter<\/a><\/li>\n<li><a href=\"https:\/\/www.star-ts.com\/sv\/marketing-services\/marketing-campaigns\/website-marketing\/\">Webbplatsmarknadsf\u00f6ring<\/a><\/li>\n<li><a href=\"https:\/\/www.star-ts.com\/sv\/marketing-services\/marketing-campaigns\/e-commerce\/\">e-handelsappar<\/a><\/li>\n<\/ul>\n<\/div><\/section><\/div><div  class='flex_column av-bh6sqz-2605200d56684cc91647a820afad188e av_one_full  avia-builder-el-9  el_after_av_one_third  el_before_av_one_full  first flex_column_div  column-top-margin'     ><section  class='av_textblock_section av-8jrcy3-a6c6413742a30434017181f36080dc3f '   itemscope=\"itemscope\" itemtype=\"https:\/\/schema.org\/CreativeWork\" ><div class='avia_textblock'  itemprop=\"text\" ><h3>Det tjeckiska spr\u00e5ket<\/h3>\n<p>Om ni beh\u00f6ver en tjeckisk \u00f6vers\u00e4ttare kan ni lita p\u00e5 STAR. Alla v\u00e5ra \u00f6vers\u00e4ttare \u00e4r modersm\u00e5lstalare och bor i landet. <\/p>\n<h4>Tj\u00e4nster<\/h4>\n<p>Vi kan \u00f6vers\u00e4tta till praktiskt taget vilket filformat som helst. Dokument fr\u00e5n engelska till tjeckiska kan ocks\u00e5 \u00f6vers\u00e4ttas av branschexperter. Vi har specialistteam inom ett antal omr\u00e5den inklusive offentlig sektor, fordonsindustri samt teknik och elektronik.<\/p>\n<\/div><\/section><\/div><\/p>\n<p><div  class='flex_column av-7u3shn-4cb9dbd28712db61af0418db982dad84 av_one_full  avia-builder-el-11  el_after_av_one_full  el_before_av_section  avia-builder-el-last  first flex_column_div  column-top-margin'     ><section  class='av_textblock_section av-5a3w3f-97d5e504ac48cf6644ebd738b71d3f1f '   itemscope=\"itemscope\" itemtype=\"https:\/\/schema.org\/CreativeWork\" ><div class='avia_textblock'  itemprop=\"text\" ><p><a class=\"button\" href=\"https:\/\/www.star-ts.com\/sv\/languages\/\">Spr\u00e5k vi \u00f6vers\u00e4tter<\/a><\/p>\n<\/div><\/section><\/div><\/div><\/div><\/div><!-- close content main div --><\/div><\/div>\n<style type=\"text\/css\" data-created_by=\"avia_inline_auto\" id=\"style-css-av-k0gx2157-307699bb8bdeb8c22c0065ee0c218e70\">\n.avia-section.av-k0gx2157-307699bb8bdeb8c22c0065ee0c218e70{\nbackground-color:#ff7f27;\nbackground-image:unset;\n}\n<\/style>\n<div id='av_section_1'  class='avia-section av-k0gx2157-307699bb8bdeb8c22c0065ee0c218e70 main_color avia-section-default avia-no-border-styling  avia-builder-el-13  el_after_av_one_full  avia-builder-el-last  avia-bg-style-scroll container_wrap sidebar_right'  ><div class='container av-section-cont-open' ><div class='template-page content  av-content-small alpha units'><div class='post-entry post-entry-type-page post-entry-120279'><div class='entry-content-wrapper clearfix'>\n<section  class='av_textblock_section av-zffpn-9b19d1d65eda350fe1fbef528189f03e '   itemscope=\"itemscope\" itemtype=\"https:\/\/schema.org\/CreativeWork\" ><div class='avia_textblock'  itemprop=\"text\" ><h2><span style=\"color: #ffffff;\">B\u00f6rja nu<\/span><\/h2>\n<div  class='avia-button-wrap av-aaau3-e3573e676ea05f5b4bf6cbae59781945-wrap avia-button-left  avia-builder-el-15  avia-builder-el-no-sibling '><a href='https:\/\/www.star-ts.com\/sv\/kontakt\/'  class='avia-button av-aaau3-e3573e676ea05f5b4bf6cbae59781945 av-link-btn avia-icon_select-no avia-size-x-large avia-position-left avia-color-light'   aria-label=\"Kontakta oss\"><span class='avia_iconbox_title' >Kontakta oss<\/span><\/a><\/div>\n<\/div><\/section>\n<\/div><\/div><\/div><!-- close content main div --><\/div><\/div><div id='after_section_1'  class='main_color av_default_container_wrap container_wrap sidebar_right'  ><div class='container av-section-cont-open' ><div class='template-page content  av-content-small alpha units'><div class='post-entry post-entry-type-page post-entry-120279'><div class='entry-content-wrapper clearfix'><\/p>\n","protected":false},"excerpt":{"rendered":"<p>Professionella tjeckiska \u00f6vers\u00e4ttningstj\u00e4nster f\u00f6r webbplatser och dokument. ISO-certifierade | Tekniska \u00f6vers\u00e4ttare | Webbplats\u00f6vers\u00e4ttningstj\u00e4nster <\/p>\n<p>V\u00e5rt team baserat i Prag kan tillhandah\u00e5lla de \u00f6vers\u00e4ttningstj\u00e4nster ni beh\u00f6ver f\u00f6r att n\u00e5 den tjeckiska marknaden.<\/p>\n","protected":false},"author":1,"featured_media":105080,"parent":0,"menu_order":3,"comment_status":"closed","ping_status":"closed","template":"","meta":{"footnotes":""},"class_list":["post-120279","page","type-page","status-publish","has-post-thumbnail","hentry"],"_links":{"self":[{"href":"https:\/\/www.star-ts.com\/sv\/wp-json\/wp\/v2\/pages\/120279","targetHints":{"allow":["GET"]}}],"collection":[{"href":"https:\/\/www.star-ts.com\/sv\/wp-json\/wp\/v2\/pages"}],"about":[{"href":"https:\/\/www.star-ts.com\/sv\/wp-json\/wp\/v2\/types\/page"}],"author":[{"embeddable":true,"href":"https:\/\/www.star-ts.com\/sv\/wp-json\/wp\/v2\/users\/1"}],"replies":[{"embeddable":true,"href":"https:\/\/www.star-ts.com\/sv\/wp-json\/wp\/v2\/comments?post=120279"}],"version-history":[{"count":0,"href":"https:\/\/www.star-ts.com\/sv\/wp-json\/wp\/v2\/pages\/120279\/revisions"}],"wp:featuredmedia":[{"embeddable":true,"href":"https:\/\/www.star-ts.com\/sv\/wp-json\/wp\/v2\/media\/105080"}],"wp:attachment":[{"href":"https:\/\/www.star-ts.com\/sv\/wp-json\/wp\/v2\/media?parent=120279"}],"curies":[{"name":"wp","href":"https:\/\/api.w.org\/{rel}","templated":true}]}}