{"id":120252,"date":"2025-11-07T13:09:52","date_gmt":"2025-11-07T13:09:52","guid":{"rendered":"https:\/\/www.star-ts.com\/cookie-policy\/"},"modified":"2025-11-07T13:10:08","modified_gmt":"2025-11-07T13:10:08","slug":"cookie-policy","status":"publish","type":"page","link":"https:\/\/www.star-ts.com\/sv\/cookie-policy\/","title":{"rendered":"Cookiepolicy"},"content":{"rendered":"<div  class='flex_column av-7xt2ui-7235abd57b2f83f0883a776ca5466911 av_one_full  avia-builder-el-0  el_before_av_one_full  avia-builder-el-first  first flex_column_div  '     ><section  class='av_textblock_section av-5zwczu-d9a391493ab6606237a7ba84840c2970 '   itemscope=\"itemscope\" itemtype=\"https:\/\/schema.org\/CreativeWork\" ><div class='avia_textblock'  itemprop=\"text\" ><h1>Cookiepolicy<\/h1>\n<\/div><\/section><\/div>\n<div  class='flex_column av-42xaka-8d21b8ef8ff9b49161bec09b98be6773 av_one_full  avia-builder-el-2  el_after_av_one_full  avia-builder-el-last  first flex_column_div  column-top-margin'     ><section  class='av_textblock_section av-9zt56-bfc3c4819f7863215dd8d109a6968341 '   itemscope=\"itemscope\" itemtype=\"https:\/\/schema.org\/CreativeWork\" ><div class='avia_textblock'  itemprop=\"text\" ><div class=\"avia_textblock avia_textblock_style\" data-update_with=\"content\">\n<p>Denna webbplats anv\u00e4nder cookies. Cookies \u00e4r sm\u00e5 textfiler som lagras p\u00e5 din dator; de kommer aldrig att inneh\u00e5lla n\u00e5gon personligt identifierbar information. Du kan radera och blockera cookies som du vill, men delar av v\u00e5r webbplats kanske inte fungerar utan dem! Vi anv\u00e4nder cookies f\u00f6r att leverera b\u00e4sta m\u00f6jliga service till v\u00e5ra kunder, tillhandah\u00e5lla en s\u00e4ker och effektiv tj\u00e4nst samt f\u00f6r att kunna visa riktad annonsering online. Genom att anv\u00e4nda v\u00e5r webbplats godk\u00e4nner du att vi f\u00e5r lagra och komma \u00e5t cookies p\u00e5 din enhet.    <\/p>\n<\/div>\n<\/div><\/section><\/div>\n","protected":false},"excerpt":{"rendered":"<p>Cookiepolicy. Denna webbplats anv\u00e4nder cookies. Cookies \u00e4r sm\u00e5 textfiler som lagras p\u00e5 din dator; de kommer aldrig att inneh\u00e5lla n\u00e5gon personligt identifierbar information. Du kan radera och blockera cookies som du vill, men delar av v\u00e5r webbplats kanske inte fungerar utan dem!   <\/p>\n","protected":false},"author":1,"featured_media":69268,"parent":0,"menu_order":0,"comment_status":"closed","ping_status":"closed","template":"","meta":{"footnotes":""},"class_list":["post-120252","page","type-page","status-publish","has-post-thumbnail","hentry"],"_links":{"self":[{"href":"https:\/\/www.star-ts.com\/sv\/wp-json\/wp\/v2\/pages\/120252","targetHints":{"allow":["GET"]}}],"collection":[{"href":"https:\/\/www.star-ts.com\/sv\/wp-json\/wp\/v2\/pages"}],"about":[{"href":"https:\/\/www.star-ts.com\/sv\/wp-json\/wp\/v2\/types\/page"}],"author":[{"embeddable":true,"href":"https:\/\/www.star-ts.com\/sv\/wp-json\/wp\/v2\/users\/1"}],"replies":[{"embeddable":true,"href":"https:\/\/www.star-ts.com\/sv\/wp-json\/wp\/v2\/comments?post=120252"}],"version-history":[{"count":0,"href":"https:\/\/www.star-ts.com\/sv\/wp-json\/wp\/v2\/pages\/120252\/revisions"}],"wp:featuredmedia":[{"embeddable":true,"href":"https:\/\/www.star-ts.com\/sv\/wp-json\/wp\/v2\/media\/69268"}],"wp:attachment":[{"href":"https:\/\/www.star-ts.com\/sv\/wp-json\/wp\/v2\/media?parent=120252"}],"curies":[{"name":"wp","href":"https:\/\/api.w.org\/{rel}","templated":true}]}}