{"id":120243,"date":"2025-11-07T13:09:43","date_gmt":"2025-11-07T13:09:43","guid":{"rendered":"https:\/\/www.star-ts.com\/about\/customer-references\/"},"modified":"2025-11-07T13:10:08","modified_gmt":"2025-11-07T13:10:08","slug":"customer-references","status":"publish","type":"page","link":"https:\/\/www.star-ts.com\/sv\/about\/customer-references\/","title":{"rendered":"Kundrefererenser"},"content":{"rendered":"\n<style type=\"text\/css\" data-created_by=\"avia_inline_auto\" id=\"style-css-av-37wtlk-2ae727a48694eab658d5a9c35aebbf31\">\n.flex_column.av-37wtlk-2ae727a48694eab658d5a9c35aebbf31{\nborder-radius:0px 0px 0px 0px;\npadding:0px 0px 0px 0px;\n}\n<\/style>\n<div  class='flex_column av-37wtlk-2ae727a48694eab658d5a9c35aebbf31 av_one_full  avia-builder-el-0  el_before_av_one_full  avia-builder-el-first  first flex_column_div av-zero-column-padding  '     ><section  class='av_textblock_section av-164nk94-c7210aaf7caeade56c0bdadbec0db143 '   itemscope=\"itemscope\" itemtype=\"https:\/\/schema.org\/CreativeWork\" ><div class='avia_textblock'  itemprop=\"text\" ><h1>Internationella kundreferenser<\/h1>\n<p>Kundreferenser fr\u00e5n nystartade f\u00f6retag till n\u00e5gra av v\u00e4rldens ledande varum\u00e4rken, vi arbetar med f\u00f6retag inom m\u00e5nga sektorer runt om i v\u00e4rlden.<br \/>\nLevererar kvalitets\u00f6vers\u00e4ttningstj\u00e4nster till v\u00e5ra kunder sedan mer \u00e4n 30 \u00e5r.<\/p>\n<\/div><\/section><br \/>\n<section  class='av_textblock_section av-12fp95k-ca6f10207e725cad82b7a3f93f4dd0b5 '   itemscope=\"itemscope\" itemtype=\"https:\/\/schema.org\/CreativeWork\" ><div class='avia_textblock'  itemprop=\"text\" ><h3>Vad v\u00e5ra kunder s\u00e4ger<\/h3>\n<p>&#8221;<em>Specialistexpertis: de matchar r\u00e4tt \u00f6vers\u00e4ttare till r\u00e4tt inneh\u00e5llsdel.<\/em><\/p>\n<p><em>Teknisk expertis: de k\u00e4nner till och kan arbeta med flera filformat, t.ex. InDesign-filer, etc.<\/em><\/p>\n<p><em>Process: Att ha \u00f6vers\u00e4ttare och granskare i landet ger utm\u00e4rkt lokalisering, i motsats till \u00f6vers\u00e4ttning.<\/em><\/p>\n<\/div><\/section><\/p><\/div>\n<p><div  class='flex_column av-11lkxns-5af54b5db406341f55c0c9fcd69a2ba1 av_one_full  avia-builder-el-3  el_after_av_one_full  el_before_av_one_full  first flex_column_div  column-top-margin'     ><section  class='av_textblock_section av-zmo7ig-70f07d1fbd65df045ddfb83f37521a37 '   itemscope=\"itemscope\" itemtype=\"https:\/\/schema.org\/CreativeWork\" ><div class='avia_textblock'  itemprop=\"text\" ><h3>STAR Group \u2022 internationella kunder<\/h3>\n<table>\n<tbody>\n<tr>\n<th colspan=\"4\">Biltillverkare<\/th>\n<\/tr>\n<tr>\n<td>Audi<\/td>\n<td>BMW<\/td>\n<td>citro\u00ebn<\/td>\n<td>Daimler<\/td>\n<\/tr>\n<tr>\n<td>Evobus<\/td>\n<td>Ferrari<\/td>\n<td>fiat group<\/td>\n<td>General Motors<\/td>\n<\/tr>\n<tr>\n<td><a href=\"http:\/\/www.gwm-global.com\/\" target=\"_blank\" rel=\"noopener\">Great Wall<\/a><\/td>\n<td>Honda<\/td>\n<td>jaguar<\/td>\n<td>KTM sportmotorcycles<\/td>\n<\/tr>\n<tr>\n<td>Land rover<\/td>\n<td>MAN\/neoplan<\/td>\n<td>MAN truck<\/td>\n<td>mazda<\/td>\n<\/tr>\n<tr>\n<td>Nissan<\/td>\n<td>peugeot<\/td>\n<td>piaggio<\/td>\n<td>porsche<\/td>\n<\/tr>\n<tr>\n<td>Renault<\/td>\n<td>\u0161koda<\/td>\n<td>Subaru<\/td>\n<td>Toyota<\/td>\n<\/tr>\n<tr>\n<td>Volkswagen<\/td>\n<td>volvo<\/td>\n<\/tr>\n<\/tbody>\n<\/table>\n<\/div><\/section><\/div><div  class='flex_column av-ypmv5k-3ea4d7ff117d293779f5a264eaedc610 av_one_full  avia-builder-el-5  el_after_av_one_full  el_before_av_one_full  first flex_column_div  column-top-margin'     ><section  class='av_textblock_section av-vxfm1k-92377a5f8e9d1926fd91fad6181ee84f '   itemscope=\"itemscope\" itemtype=\"https:\/\/schema.org\/CreativeWork\" ><div class='avia_textblock'  itemprop=\"text\" ><table>\n<tbody>\n<tr>\n<th colspan=\"4\">Fordonsleverant\u00f6rer<\/th>\n<\/tr>\n<tr>\n<td>AVL DiTest<\/td>\n<td>bertrandt<\/td>\n<td>bosch<\/td>\n<td>centrauto<\/td>\n<\/tr>\n<tr>\n<td>Graziano Tortona (gildemeister)<\/td>\n<td>Henkel<\/td>\n<td>lenze<\/td>\n<td>mahle<\/td>\n<\/tr>\n<tr>\n<td>Renk AG<\/td>\n<td>rieter<\/td>\n<td>sachsenring<\/td>\n<td>Sandvik group<\/td>\n<\/tr>\n<tr>\n<td>Steyr motors<\/td>\n<td>TRW automotive<\/td>\n<td>voith Turbo<\/td>\n<td>wabco<\/td>\n<\/tr>\n<\/tbody>\n<\/table>\n<\/div><\/section><\/div><div  class='flex_column av-auo6w-c708d41de0cd6e0b1597cb22a162620e av_one_full  avia-builder-el-7  el_after_av_one_full  el_before_av_one_full  first flex_column_div  column-top-margin'     ><section  class='av_textblock_section av-tg93c8-e7c9856ec51b7788fc6076d68736d1c5 '   itemscope=\"itemscope\" itemtype=\"https:\/\/schema.org\/CreativeWork\" ><div class='avia_textblock'  itemprop=\"text\" ><table>\n<tbody>\n<tr>\n<th colspan=\"4\">Specialfordonstillverkning \/ j\u00e4rnv\u00e4gstrafik \/ flyg- och sj\u00f6trafik \/ f\u00f6rsvar<\/th>\n<\/tr>\n<tr>\n<td>AGCO GmbH &amp; co. Fendt products <\/td>\n<td>ALSTOM ferroviaria Italia<\/td>\n<td>Amazone<\/td>\n<td>Ansaldo Breda<\/td>\n<\/tr>\n<tr>\n<td>Azimut<\/td>\n<td>bombardier<\/td>\n<td>celli<\/td>\n<td>CLAAS<\/td>\n<\/tr>\n<tr>\n<td>CLAAS Renault agriculture<\/td>\n<td>cranchi<\/td>\n<td>deutsche bahn<\/td>\n<td>EADS<\/td>\n<\/tr>\n<tr>\n<td>John deere<\/td>\n<td>Komatsu<\/td>\n<td>kverneland<\/td>\n<td>mowag (General dynamics)<\/td>\n<\/tr>\n<tr>\n<td>Mallaghan<\/td>\n<td>Manitowoc<\/td>\n<td>MATISA<\/td>\n<td>SBB<\/td>\n<\/tr>\n<tr>\n<td>MTU (tognum)<\/td>\n<td>Rheinmetall technical publications GmbH<\/td>\n<td>ROTINOR<\/td>\n<td>Steyr Daimler puch (General dynamics)<\/td>\n<\/tr>\n<tr>\n<td><\/td>\n<\/tr>\n<\/tbody>\n<\/table>\n<\/div><\/section><\/div><div  class='flex_column av-rqr89k-2aa78f1090f94366dc62e6eeac5d6cd2 av_one_full  avia-builder-el-9  el_after_av_one_full  el_before_av_one_full  first flex_column_div  column-top-margin'     ><section  class='av_textblock_section av-pg9eoo-2cfe8ed3dc7bc31f26d1fccdf8720b65 '   itemscope=\"itemscope\" itemtype=\"https:\/\/schema.org\/CreativeWork\" ><div class='avia_textblock'  itemprop=\"text\" ><table>\n<tbody>\n<tr>\n<th colspan=\"4\">Industriella maskiner<\/th>\n<\/tr>\n<tr>\n<td>Akzo Nobel coatings AG<\/td>\n<td>alm\u00e9<\/td>\n<td>amazonen-werke<\/td>\n<td>austrotherm<\/td>\n<\/tr>\n<tr>\n<td>Bernina<\/td>\n<td>boehringer<\/td>\n<td>bruderer<\/td>\n<td>b\u00fchler<\/td>\n<\/tr>\n<tr>\n<td>Bystronic<\/td>\n<td>conergy<\/td>\n<td>demag<\/td>\n<td>doppelmayr<\/td>\n<\/tr>\n<tr>\n<td>D\u00fcrr Paintshop Systems<\/td>\n<td>Endress+Hauser<\/td>\n<td>Ex-Cello<\/td>\n<td>Hargassner<\/td>\n<\/tr>\n<tr>\n<td>Harreither<\/td>\n<td>hauni<\/td>\n<td>heidelberger druckmaschinen<\/td>\n<td>hilti<\/td>\n<\/tr>\n<tr>\n<td>Illig<\/td>\n<td>krauss maffei<\/td>\n<td>lazersafe<\/td>\n<td>Linde<\/td>\n<\/tr>\n<tr>\n<td>Maag<\/td>\n<td>maillefer<\/td>\n<td>manroland<\/td>\n<td>manitou<\/td>\n<\/tr>\n<tr>\n<td>Metabo<\/td>\n<td>m\u00fcller martini<\/td>\n<td>putzmeister<\/td>\n<td>rieter<\/td>\n<\/tr>\n<tr>\n<td>Sandvik<\/td>\n<td>saurer hamel<\/td>\n<td>schindler<\/td>\n<td>somfy<\/td>\n<\/tr>\n<tr>\n<td>Sulzer burckhardt<\/td>\n<td>tanner<\/td>\n<td>ThyssenKrupp<\/td>\n<td>tornos<\/td>\n<\/tr>\n<tr>\n<td>Trane<\/td>\n<td>trumpf<\/td>\n<td>tuboly<\/td>\n<td>walter<\/td>\n<\/tr>\n<tr>\n<td>Weko<\/td>\n<\/tr>\n<\/tbody>\n<\/table>\n<\/div><\/section><\/div><div  class='flex_column av-nvmvc8-39c489fcc6c7d2e2efe8d89489d19b2d av_one_full  avia-builder-el-11  el_after_av_one_full  el_before_av_one_full  first flex_column_div  column-top-margin'     ><section  class='av_textblock_section av-mfudfc-8e2c151428dc36d9d00a8444ca404b7e '   itemscope=\"itemscope\" itemtype=\"https:\/\/schema.org\/CreativeWork\" ><div class='avia_textblock'  itemprop=\"text\" ><table>\n<tbody>\n<tr>\n<th colspan=\"4\">Medicinsk teknik<\/th>\n<\/tr>\n<tr>\n<td>Abbott<\/td>\n<td>bien-air<\/td>\n<td>boehringer Ingelheim<\/td>\n<td>dr\u00e4ger<\/td>\n<\/tr>\n<tr>\n<td>D\u00fcrr dental<\/td>\n<td>harro h\u00f6fliger <abbr title=\"L\u00e4kemedelsf\u00f6rpackning\">PP<\/abbr><\/td>\n<td>hoechst-biotika<\/td>\n<td>horiba<\/td>\n<\/tr>\n<tr>\n<td>Johnson &amp; Johnson<\/td>\n<td>leica microsystems<\/td>\n<td>MAQUET<\/td>\n<td>mediseal<\/td>\n<\/tr>\n<tr>\n<td>Mettler Toledo<\/td>\n<td>Roche schweiz<\/td>\n<td>schiller AG<\/td>\n<td>straumann AG<\/td>\n<\/tr>\n<tr>\n<td>Uhlmann <abbr title=\"L\u00e4kemedelsf\u00f6rpackning\">PP<\/abbr><\/td>\n<td>venner medical<\/td>\n<td>villa sistemi medicali<\/td>\n<\/tr>\n<\/tbody>\n<\/table>\n<\/div><\/section><\/div><div  class='flex_column av-klcol4-43bc62778b124e835651ecc401b759c3 av_one_full  avia-builder-el-13  el_after_av_one_full  el_before_av_one_full  first flex_column_div  column-top-margin'     ><section  class='av_textblock_section av-iepbko-59036325d9ca972eeae3aaa5cfec09a3 '   itemscope=\"itemscope\" itemtype=\"https:\/\/schema.org\/CreativeWork\" ><div class='avia_textblock'  itemprop=\"text\" ><table>\n<tbody>\n<tr>\n<th colspan=\"4\">IT \/ programvara \/ h\u00e5rdvara \/ automation \/ elektronik<\/th>\n<\/tr>\n<tr>\n<td>Autodesk<\/td>\n<td>corel<\/td>\n<td>dell<\/td>\n<td>d SPACE<\/td>\n<\/tr>\n<tr>\n<td>Endress+Hauser<\/td>\n<td>Graphisoft<\/td>\n<td>Hewlett-Packard<\/td>\n<td>IBM<\/td>\n<\/tr>\n<tr>\n<td>ISD<\/td>\n<td>kenwood<\/td>\n<td><abbr title=\"Life's good\">LG Electronics<\/abbr><\/td>\n<td>lucent technologies<\/td>\n<\/tr>\n<tr>\n<td>Microsoft<\/td>\n<td>Mitsubishi Electric<\/td>\n<td>motorola<\/td>\n<td>OpenMind technology<\/td>\n<\/tr>\n<tr>\n<td>Panasonic<\/td>\n<td>PCS<\/td>\n<td>pioneer<\/td>\n<td>ProSoft technology<\/td>\n<\/tr>\n<tr>\n<td>Ricoh<\/td>\n<td>Rockwell Automation<\/td>\n<td>sanyo electric<\/td>\n<td>SAP<\/td>\n<\/tr>\n<tr>\n<td>SAS institute<\/td>\n<td>Siemens<\/td>\n<td>somfy<\/td>\n<\/tr>\n<\/tbody>\n<\/table>\n<\/div><\/section><\/div><div  class='flex_column av-h4pst4-68e347555a1005a9aa9974b32165e044 av_one_full  avia-builder-el-15  el_after_av_one_full  el_before_av_one_full  first flex_column_div  column-top-margin'     ><section  class='av_textblock_section av-flbueg-ef5bbac76cc0968b68735f36ca0ce628 '   itemscope=\"itemscope\" itemtype=\"https:\/\/schema.org\/CreativeWork\" ><div class='avia_textblock'  itemprop=\"text\" ><table>\n<tbody>\n<tr>\n<th colspan=\"4\">Banker \/ f\u00f6rs\u00e4kringsbolag \/ statliga myndigheter<\/th>\n<\/tr>\n<tr>\n<td>Aflac<\/td>\n<td>credit suisse<\/td>\n<td>ministry of finance of the Czech Republic<\/td>\n<td>groupe mutuel<\/td>\n<\/tr>\n<tr>\n<td>i-flex Solutions<\/td>\n<td>Rothschild Bank AG<\/td>\n<td>Suva<\/td>\n<td>UNESCO<\/td>\n<\/tr>\n<tr>\n<td>World bank<\/td>\n<td>WTO<\/td>\n<\/tr>\n<\/tbody>\n<\/table>\n<\/div><\/section><\/div><div  class='flex_column av-e10o08-2a48c8a8faf72790210a9bec9f325863 av_one_full  avia-builder-el-17  el_after_av_one_full  el_before_av_one_full  first flex_column_div  column-top-margin'     ><section  class='av_textblock_section av-buhdlk-64c39e86b6e9fb9632d6f6f55a283180 '   itemscope=\"itemscope\" itemtype=\"https:\/\/schema.org\/CreativeWork\" ><div class='avia_textblock'  itemprop=\"text\" ><table>\n<tbody>\n<tr>\n<th colspan=\"4\">\u00d6vrigt<\/th>\n<\/tr>\n<tr>\n<td>BSH<\/td>\n<td>colombini<\/td>\n<td>europages<\/td>\n<td>GAMELOFT<\/td>\n<\/tr>\n<tr>\n<td>General electric<\/td>\n<td>goethe institut<\/td>\n<td>h\u00e4nel<\/td>\n<td>hapimag<\/td>\n<\/tr>\n<tr>\n<td>Hotels.com<\/td>\n<td>International Olive Council<\/td>\n<td>Konica Minolta<\/td>\n<td>LIDL<\/td>\n<\/tr>\n<tr>\n<td>Nestl\u00e9 nespresso<\/td>\n<td>OTTO-versand<\/td>\n<td>Opodo<\/td>\n<td>Unilever<\/td>\n<\/tr>\n<tr>\n<td>UNOPS<\/td>\n<td>w\u00fcrth<\/td>\n<\/tr>\n<\/tbody>\n<\/table>\n<\/div><\/section><\/div><div  class='flex_column av-azwzeg-a95a6d9284a08da6358cd2f3781a76c9 av_one_full  avia-builder-el-19  el_after_av_one_full  el_before_av_one_full  first flex_column_div  column-top-margin'     ><section  class='av_textblock_section av-8s842w-c25e2ba311145fc28e3fb28da3b0d7ba '   itemscope=\"itemscope\" itemtype=\"https:\/\/schema.org\/CreativeWork\" ><div class='avia_textblock'  itemprop=\"text\" ><h3><a name=\"partners\"><\/a>Partners<\/h3>\n<p>Vi hj\u00e4lper v\u00e5ra kunder att kontinuerligt utveckla sin verksamhet internationellt. F\u00f6retag beh\u00f6ver m\u00e5nga tj\u00e4nster fr\u00e5n webbdesign till tryck, design och s\u00e4ljst\u00f6d p\u00e5 plats f\u00f6r att framg\u00e5ngsrikt expandera sin marknad. <\/p>\n<p>Vi arbetar med ett antal partners som hj\u00e4lper v\u00e5ra kunder att g\u00f6ra just det.<\/p>\n<h4>Internationell produktsourcing och marknadsf\u00f6ring<\/h4>\n<p><img decoding=\"async\" class=\"ptnrl alignnone size-full wp-image-11491\" src=\"\/wp-content\/uploads\/2014\/06\/goodada-logo.png\" alt=\"Goodada Logo\" width=\"360\" height=\"88\" srcset=\"https:\/\/www.star-ts.com\/wp-content\/uploads\/2014\/06\/goodada-logo.png 360w, https:\/\/www.star-ts.com\/wp-content\/uploads\/2014\/06\/goodada-logo-80x19.png 80w, https:\/\/www.star-ts.com\/wp-content\/uploads\/2014\/06\/goodada-logo-300x73.png 300w\" sizes=\"(max-width: 360px) 100vw, 360px\" \/><\/p>\n<p><em><a title=\"Goodada: Tillhandah\u00e5ller internationella aff\u00e4rsm\u00f6jligheter\" href=\"https:\/\/www.goodada.com\" target=\"_blank\" rel=\"noopener\">Goodada<\/a><\/em> ger dig tillg\u00e5ng till produkter som tillverkas av sm\u00e5 till medelstora f\u00f6retag \u00f6ver hela v\u00e4rlden. Om du \u00e4r tillverkare kan du anv\u00e4nda Goodada f\u00f6r att marknadsf\u00f6ra dina produkter och hitta nya \u00e5terf\u00f6rs\u00e4ljare. <\/p>\n<h4>Design och webbdesign<\/h4>\n<p><img decoding=\"async\" class=\"ptnrl alignnone size-full wp-image-11492\" src=\"\/wp-content\/uploads\/2014\/06\/inventise-logo.png\" alt=\"Inventise Logo\" width=\"360\" height=\"88\" srcset=\"https:\/\/www.star-ts.com\/wp-content\/uploads\/2014\/06\/inventise-logo.png 360w, https:\/\/www.star-ts.com\/wp-content\/uploads\/2014\/06\/inventise-logo-80x19.png 80w, https:\/\/www.star-ts.com\/wp-content\/uploads\/2014\/06\/inventise-logo-300x73.png 300w\" sizes=\"(max-width: 360px) 100vw, 360px\" \/><\/p>\n<p>Vi samarbetar med <em><a href=\"https:\/\/www.inventise.com\/\" target=\"_blank\" rel=\"noopener\">Inventise<\/a><\/em> f\u00f6r att leverera webbdesign f\u00f6r DNN Evoq och m\u00e5nga andra system. Om du letar efter en fantastisk ny webbplats som s\u00e4ljer p\u00e5 engelska, eller vilket annat spr\u00e5k f\u00f6r den delen, ring oss s\u00e5 startar vi n\u00e5got viktigt tillsammans. <\/p>\n<h4>Utbildning inom sociala medier och bloggtj\u00e4nster<\/h4>\n<p><img decoding=\"async\" class=\"ptnrl alignnone size-full wp-image-11493\" src=\"\/wp-content\/uploads\/2014\/06\/spiderworking-logo.png\" alt=\"Spiderworking Logo\" width=\"360\" height=\"88\" srcset=\"https:\/\/www.star-ts.com\/wp-content\/uploads\/2014\/06\/spiderworking-logo.png 360w, https:\/\/www.star-ts.com\/wp-content\/uploads\/2014\/06\/spiderworking-logo-80x19.png 80w, https:\/\/www.star-ts.com\/wp-content\/uploads\/2014\/06\/spiderworking-logo-300x73.png 300w\" sizes=\"(max-width: 360px) 100vw, 360px\" \/><\/p>\n<p>Om du \u00e4r ett litet f\u00f6retag och beh\u00f6ver hj\u00e4lp med Facebook, Twitter, YouTube, LinkedIn, bloggning eller Google+, kontakta oss idag f\u00f6r att boka en kostnadsfri konsultation. Ta reda p\u00e5 mer om utbildning, konsultationer och andra tj\u00e4nster med <em><a href=\"https:\/\/www.spiderworking.com\" target=\"_blank\" rel=\"noopener\">Spiderworking<\/a><\/em>. <\/p>\n<h4>Reklam och medieproduktion<\/h4>\n<p><img decoding=\"async\" class=\"ptnrl alignnone size-full wp-image-11494\" src=\"\/wp-content\/uploads\/2014\/06\/tv-in-a-card-logo.png\" alt=\"TV-in-a-card Logo\" width=\"360\" height=\"88\" srcset=\"https:\/\/www.star-ts.com\/wp-content\/uploads\/2014\/06\/tv-in-a-card-logo.png 360w, https:\/\/www.star-ts.com\/wp-content\/uploads\/2014\/06\/tv-in-a-card-logo-80x19.png 80w, https:\/\/www.star-ts.com\/wp-content\/uploads\/2014\/06\/tv-in-a-card-logo-300x73.png 300w\" sizes=\"(max-width: 360px) 100vw, 360px\" \/><\/p>\n<p>Om du beh\u00f6ver videoproduktionsj\u00e4nster \u00e4r <em><a href=\"https:\/\/www.tvinacard.co.uk\" target=\"_blank\" rel=\"noopener\">TV-in-a-Card<\/a><\/em> r\u00e4tt st\u00e4lle att v\u00e4nda sig till. De kan producera unika videor \u00e5t dig som du kan leverera till dina kunder. Deras kunder inkluderar Bacardi, Blackberry, Bentley, BBC, BT Sports, Clarks Shoes, CK Fashion, Converse, East Coast Railways, Finlux, Rimmel och St Tropez.  <\/p>\n<blockquote>\n<p>Om du skulle vilja samarbeta med oss, eller har en id\u00e9 till oss, skulle vi g\u00e4rna h\u00f6ra fr\u00e5n dig.<\/p>\n<\/blockquote>\n<p>Prata med v\u00e5r verkst\u00e4llande direkt\u00f6r, <em>Damian Scattergood<\/em> f\u00f6r att diskutera partnerskap med STAR Translation. Du kan ringa oss p\u00e5 <strong>(01) 836 5614<\/strong> eller <a href=\"https:\/\/www.star-ts.com\/sv\/kontakt\/\">kontakta<\/a> oss via v\u00e5r webbplats.<\/p>\n<\/div><\/section><\/div><\/p>\n<div  class='flex_column av-7vfzig-7a2d0ded1c45ac5a59221a685c2d064b av_one_full  avia-builder-el-21  el_after_av_one_full  el_before_av_one_full  first flex_column_div  column-top-margin'     ><section  class='av_textblock_section av-5vagpk-7abdd75835a7a0ee679e51fcac5855f1 '   itemscope=\"itemscope\" itemtype=\"https:\/\/schema.org\/CreativeWork\" ><div class='avia_textblock'  itemprop=\"text\" ><h3>Irish immigrant Council of Ireland<\/h3>\n<p>Vi har arbetat med Immigrant Council of Ireland och producerat dokumentation f\u00f6r att hj\u00e4lpa utl\u00e4ndska medborgare i Irland. F\u00f6r mer information, bes\u00f6k <a href=\"http:\/\/www.immigrantcouncil.ie\" target=\"_blank\" rel=\"noopener\">Immigrant Council of Ireland<\/a> eller anv\u00e4nd de specifika l\u00e4nkarna nedan: <\/p>\n<p>R\u00e4ttigheter till familje\u00e5terf\u00f6rening i Irland:<\/p>\n<ul class=\"inline\">\n<li><a href=\"http:\/\/www.star-ts.com\/download\/pdf\/immigrants-council-ireland\/fam_en.pdf\" target=\"_blank\" rel=\"noopener\">Engelska<\/a><\/li>\n<li><a href=\"http:\/\/www.star-ts.com\/download\/pdf\/immigrants-council-ireland\/fam_ar.pdf\" target=\"_blank\" rel=\"noopener\">Arabiska<\/a><\/li>\n<li><a href=\"http:\/\/www.star-ts.com\/download\/pdf\/immigrants-council-ireland\/fam_ch.pdf\" target=\"_blank\" rel=\"noopener\">Kinesiska<\/a><\/li>\n<li><a href=\"http:\/\/www.star-ts.com\/download\/pdf\/immigrants-council-ireland\/fam_fr.pdf\" target=\"_blank\" rel=\"noopener\">Franska<\/a><\/li>\n<li><a href=\"http:\/\/www.star-ts.com\/download\/pdf\/immigrants-council-ireland\/fam_ro.pdf\" target=\"_blank\" rel=\"noopener\">Rum\u00e4nska<\/a><\/li>\n<li><a href=\"http:\/\/www.star-ts.com\/download\/pdf\/immigrants-council-ireland\/fam_ru.pdf\" target=\"_blank\" rel=\"noopener\">Ryska<\/a><\/li>\n<\/ul>\n<p>L\u00e5ngsiktigt uppeh\u00e5llstillst\u00e5nd och medborgarskap i Irland:<\/p>\n<ul class=\"inline\">\n<li><a href=\"http:\/\/www.star-ts.com\/download\/pdf\/immigrants-council-ireland\/res_en.pdf\" target=\"_blank\" rel=\"noopener\">Engelska<\/a><\/li>\n<li><a href=\"http:\/\/www.star-ts.com\/download\/pdf\/immigrants-council-ireland\/res_ab.pdf\" target=\"_blank\" rel=\"noopener\">Arabiska<\/a><\/li>\n<li><a href=\"http:\/\/www.star-ts.com\/download\/pdf\/immigrants-council-ireland\/res_ch.pdf\" target=\"_blank\" rel=\"noopener\">Kinesiska<\/a><\/li>\n<li><a href=\"http:\/\/www.star-ts.com\/download\/pdf\/immigrants-council-ireland\/res_fr.pdf\" target=\"_blank\" rel=\"noopener\">Franska<\/a><\/li>\n<li><a href=\"http:\/\/www.star-ts.com\/download\/pdf\/immigrants-council-ireland\/res_ro.pdf\" target=\"_blank\" rel=\"noopener\">Rum\u00e4nska<\/a><\/li>\n<li><a href=\"http:\/\/www.star-ts.com\/download\/pdf\/immigrants-council-ireland\/res_ru.pdf\" target=\"_blank\" rel=\"noopener\">  Ryska<\/a><\/li>\n<\/ul>\n<p>Internationella studenter i Irland<\/p>\n<ul class=\"inline\">\n<li><a href=\"http:\/\/www.star-ts.com\/download\/pdf\/immigrants-council-ireland\/std_en.pdf\" target=\"_blank\" rel=\"noopener\">Engelska<\/a><\/li>\n<li><a href=\"http:\/\/www.star-ts.com\/download\/pdf\/immigrants-council-ireland\/std_ab.pdf\" target=\"_blank\" rel=\"noopener\">Arabiska<\/a><\/li>\n<li><a href=\"http:\/\/www.star-ts.com\/download\/pdf\/immigrants-council-ireland\/std_ch.pdf\" target=\"_blank\" rel=\"noopener\">Kinesiska<\/a><\/li>\n<li><a href=\"http:\/\/www.star-ts.com\/download\/pdf\/immigrants-council-ireland\/std_fr.pdf\" target=\"_blank\" rel=\"noopener\">Franska<\/a><\/li>\n<li><a href=\"http:\/\/www.star-ts.com\/download\/pdf\/immigrants-council-ireland\/std_ro.pdf\" target=\"_blank\" rel=\"noopener\">Rum\u00e4nska<\/a><\/li>\n<li><a href=\"http:\/\/www.star-ts.com\/download\/pdf\/immigrants-council-ireland\/std_ru.pdf\" target=\"_blank\" rel=\"noopener\">Ryska<\/a><\/li>\n<\/ul>\n<p>Tillst\u00e5nd att stanna i Irland<\/p>\n<ul class=\"inline\">\n<li><a href=\"http:\/\/www.star-ts.com\/download\/pdf\/immigrants-council-ireland\/l2r_en.pdf\" target=\"_blank\" rel=\"noopener\">Engelska<\/a><\/li>\n<li><a href=\"http:\/\/www.star-ts.com\/download\/pdf\/immigrants-council-ireland\/l2r_ar.pdf\" target=\"_blank\" rel=\"noopener\">Arabiska<\/a><\/li>\n<li><a href=\"http:\/\/www.star-ts.com\/download\/pdf\/immigrants-council-ireland\/l2r_ch.pdf\" target=\"_blank\" rel=\"noopener\">Kinesiska<\/a><\/li>\n<li><a href=\"http:\/\/www.star-ts.com\/download\/pdf\/immigrants-council-ireland\/l2r_fr.pdf\" target=\"_blank\" rel=\"noopener\">Franska<\/a><\/li>\n<li><a href=\"http:\/\/www.star-ts.com\/download\/pdf\/immigrants-council-ireland\/l2r_ro.pdf\" target=\"_blank\" rel=\"noopener\">Rum\u00e4nska<\/a><\/li>\n<li><a href=\"http:\/\/www.star-ts.com\/download\/pdf\/immigrants-council-ireland\/l2r_ru.pdf\" target=\"_blank\" rel=\"noopener\">Ryska<\/a><\/li>\n<\/ul>\n<h4>Statliga referenser<\/h4>\n<p>Statliga kunder inkluderar  <a href=\"http:\/\/www.welfare.ie\/en\/Pages\/home.aspx\" target=\"_blank\" rel=\"noopener\">Department of social and family affairs in Ireland<\/a><\/p>\n<\/div><\/section><\/div>\n<div  class='flex_column av-5imcyg-67d3b102a8cd41a1f19d2f950cd7f1db av_one_full  avia-builder-el-23  el_after_av_one_full  avia-builder-el-last  first flex_column_div  column-top-margin'     ><section  class='av_textblock_section av-4chxwo-9e9d07368da348e6b3306092b11dfe61 '   itemscope=\"itemscope\" itemtype=\"https:\/\/schema.org\/CreativeWork\" ><div class='avia_textblock'  itemprop=\"text\" ><div  class='avia-button-wrap avia-button-center  avia-builder-el-25  avia-builder-el-no-sibling '>\n<style type=\"text\/css\" data-created_by=\"avia_inline_auto\" id=\"style-css-av-2qwwa0-94e9fdfb965d5f9b8ddb95c61139cf0c\">\n#top #wrap_all .avia-button.av-2qwwa0-94e9fdfb965d5f9b8ddb95c61139cf0c:hover{\ncolor:white;\ntransition:all 0.4s ease-in-out;\n}\n#top #wrap_all .avia-button.av-2qwwa0-94e9fdfb965d5f9b8ddb95c61139cf0c:hover .avia-svg-icon svg:first-child{\nfill:white;\nstroke:white;\n}\n<\/style>\n<a href=\"https:\/\/www.star-ts.com\/sv\/kontakt\/\" class=\"avia-color-theme-color avia-font-color-theme-color avia-button avia-button-fullwidth av-2qwwa0-94e9fdfb965d5f9b8ddb95c61139cf0c avia-icon_select-no avia-color-theme-color\" title=\"Contact Us\" aria-label=\"Contact Us\"><span class='avia_iconbox_title' >Kontakta oss<\/span><span class='avia_button_background avia-button avia-button-fullwidth avia-color-theme-color-highlight'><\/span><\/a><\/div>\n<\/div><\/section><\/div>\n","protected":false},"excerpt":{"rendered":"","protected":false},"author":1,"featured_media":68238,"parent":63981,"menu_order":2,"comment_status":"closed","ping_status":"closed","template":"","meta":{"footnotes":""},"class_list":["post-120243","page","type-page","status-publish","has-post-thumbnail","hentry"],"_links":{"self":[{"href":"https:\/\/www.star-ts.com\/sv\/wp-json\/wp\/v2\/pages\/120243","targetHints":{"allow":["GET"]}}],"collection":[{"href":"https:\/\/www.star-ts.com\/sv\/wp-json\/wp\/v2\/pages"}],"about":[{"href":"https:\/\/www.star-ts.com\/sv\/wp-json\/wp\/v2\/types\/page"}],"author":[{"embeddable":true,"href":"https:\/\/www.star-ts.com\/sv\/wp-json\/wp\/v2\/users\/1"}],"replies":[{"embeddable":true,"href":"https:\/\/www.star-ts.com\/sv\/wp-json\/wp\/v2\/comments?post=120243"}],"version-history":[{"count":0,"href":"https:\/\/www.star-ts.com\/sv\/wp-json\/wp\/v2\/pages\/120243\/revisions"}],"up":[{"embeddable":true,"href":"https:\/\/www.star-ts.com\/sv\/wp-json\/wp\/v2\/pages\/63981"}],"wp:featuredmedia":[{"embeddable":true,"href":"https:\/\/www.star-ts.com\/sv\/wp-json\/wp\/v2\/media\/68238"}],"wp:attachment":[{"href":"https:\/\/www.star-ts.com\/sv\/wp-json\/wp\/v2\/media?parent=120243"}],"curies":[{"name":"wp","href":"https:\/\/api.w.org\/{rel}","templated":true}]}}