{"id":120181,"date":"2025-11-07T13:08:57","date_gmt":"2025-11-07T13:08:57","guid":{"rendered":"https:\/\/www.star-ts.com\/agriculture\/"},"modified":"2025-12-08T14:10:59","modified_gmt":"2025-12-08T14:10:59","slug":"agriculture","status":"publish","type":"page","link":"https:\/\/www.star-ts.com\/sv\/translation-services\/agriculture\/","title":{"rendered":"Jordbruk \u00d6vers\u00e4ttningstj\u00e4nster"},"content":{"rendered":"<div id='full_slider_1'  class='avia-fullwidth-slider main_color avia-shadow av-small-hide av-mini-hide  avia-builder-el-0  el_before_av_one_fourth  avia-builder-el-first   container_wrap sidebar_right'  ><div  class='avia-slideshow av-jrhph4ih-747547f69cfa624501df8afdd49fe3e4 avia-slideshow-featured av_slideshow_full avia-slide-slider av-small-hide av-mini-hide av-slideshow-ui av-control-default av-slideshow-manual av-loop-once av-loop-manual-endless av-default-height-applied   avia-slideshow-1' data-slideshow-options=\"{&quot;animation&quot;:&quot;slide&quot;,&quot;autoplay&quot;:false,&quot;loop_autoplay&quot;:&quot;once&quot;,&quot;interval&quot;:5,&quot;loop_manual&quot;:&quot;manual-endless&quot;,&quot;autoplay_stopper&quot;:false,&quot;noNavigation&quot;:false,&quot;bg_slider&quot;:false,&quot;keep_padding&quot;:false,&quot;hoverpause&quot;:false,&quot;show_slide_delay&quot;:0}\"  itemprop=\"image\" itemscope=\"itemscope\" itemtype=\"https:\/\/schema.org\/ImageObject\" ><ul class='avia-slideshow-inner ' style='padding-bottom: 28.666666666667%;'><li  class='avia-slideshow-slide av-jrhph4ih-747547f69cfa624501df8afdd49fe3e4__0  av-single-slide slide-1 slide-odd'><div data-rel='slideshow-1' class='avia-slide-wrap '   ><div class='av-slideshow-caption av-jrhph4ih-747547f69cfa624501df8afdd49fe3e4__0 caption_fullwidth caption_center caption_center_framed caption_framed'><div class=\"container caption_container\"><div class=\"slideshow_caption\"><div class=\"slideshow_inner_caption\"><div class=\"slideshow_align_caption\"><h2 class='avia-caption-title '  itemprop=\"name\" >Tj\u00e4nster f\u00f6r jordbruk och jordbruksteknik<\/h2><div class='avia-caption-content '  itemprop=\"description\" ><p>Tekniska manualer och bruksanvisningar<\/p>\n<\/div><\/div><\/div><\/div><\/div><\/div><img decoding=\"async\" fetchpriority=\"high\" class=\"wp-image-72517 avia-img-lazy-loading-not-72517\"  src=\"https:\/\/www.star-ts.com\/wp-content\/uploads\/2019\/01\/red-tractor-wide2-1500x430.jpg\" width=\"1500\" height=\"430\" title='Lantbrukare med traktor som s\u00e5r gr\u00f6dor p\u00e5 f\u00e4lt' alt='Traktor, jordbruk'  itemprop=\"thumbnailUrl\"   \/><\/div><\/li><\/ul><\/div><\/div><div id='after_full_slider_1'  class='main_color av_default_container_wrap container_wrap sidebar_right'  ><div class='container av-section-cont-open' ><div class='template-page content  av-content-small alpha units'><div class='post-entry post-entry-type-page post-entry-120181'><div class='entry-content-wrapper clearfix'>\n\n<style type=\"text\/css\" data-created_by=\"avia_inline_auto\" id=\"style-css-av-1mmhy96-657b5ee606618087a5e92cc3dcf83847\">\n.flex_column.av-1mmhy96-657b5ee606618087a5e92cc3dcf83847{\nborder-radius:0px 0px 0px 0px;\npadding:0px 0px 0px 0px;\n}\n<\/style>\n<div  class='flex_column av-1mmhy96-657b5ee606618087a5e92cc3dcf83847 av_one_fourth  avia-builder-el-1  el_after_av_slideshow_full  el_before_av_three_fourth  avia-builder-el-first  first flex_column_div av-zero-column-padding  '     ><style type=\"text\/css\" data-created_by=\"avia_inline_auto\" id=\"style-css-av-k0qpwytm-c54f4536c5dbdebe8e58c928ea269088\">\n.avia-image-container.av-k0qpwytm-c54f4536c5dbdebe8e58c928ea269088 img.avia_image{\nbox-shadow:none;\n}\n.avia-image-container.av-k0qpwytm-c54f4536c5dbdebe8e58c928ea269088 .av-image-caption-overlay-center{\ncolor:#ffffff;\n}\n<\/style>\n<div  class='avia-image-container av-k0qpwytm-c54f4536c5dbdebe8e58c928ea269088 av-styling- avia-align-center  avia-builder-el-2  avia-builder-el-no-sibling '   itemprop=\"image\" itemscope=\"itemscope\" itemtype=\"https:\/\/schema.org\/ImageObject\" ><div class=\"avia-image-container-inner\"><div class=\"avia-image-overlay-wrap\"><img decoding=\"async\" fetchpriority=\"high\" class='wp-image-65308 avia-img-lazy-loading-not-65308 avia_image ' src=\"https:\/\/www.star-ts.com\/wp-content\/uploads\/2012\/09\/farm-animals.jpg\" alt='Jordbruk - kor' title='kor-lantbruksdjur-jordbruk'  height=\"347\" width=\"520\"  itemprop=\"thumbnailUrl\" srcset=\"https:\/\/www.star-ts.com\/wp-content\/uploads\/2012\/09\/farm-animals.jpg 520w, https:\/\/www.star-ts.com\/wp-content\/uploads\/2012\/09\/farm-animals-300x200.jpg 300w\" sizes=\"(max-width: 520px) 100vw, 520px\" \/><\/div><\/div><\/div><\/div>\n\n<style type=\"text\/css\" data-created_by=\"avia_inline_auto\" id=\"style-css-av-45ko8a-55d48c9f04ee93c2c9410b45ebb1dedd\">\n.flex_column.av-45ko8a-55d48c9f04ee93c2c9410b45ebb1dedd{\nborder-radius:0px 0px 0px 0px;\npadding:0px 0px 0px 0px;\n}\n<\/style>\n<div  class='flex_column av-45ko8a-55d48c9f04ee93c2c9410b45ebb1dedd av_three_fourth  avia-builder-el-3  el_after_av_one_fourth  el_before_av_one_full  flex_column_div av-zero-column-padding  '     ><section  class='av_textblock_section av-k0qq73hi-0dfc59f5444c7bc05677446ac0ec1297 '   itemscope=\"itemscope\" itemtype=\"https:\/\/schema.org\/CreativeWork\" ><div class='avia_textblock'  itemprop=\"text\" ><h1>\u00d6vers\u00e4ttning och l\u00f6sningar f\u00f6r jordbruk och jordbruksteknik<\/h1>\n<p>Som ett irl\u00e4ndskt f\u00f6retag har vi en unik f\u00f6rst\u00e5else f\u00f6r jordbrukets betydelse. Vi arbetar med f\u00f6retag i USA, Storbritannien och Irland som tillverkar maskiner, livsmedel och jordbrukstekniska system. Vi hj\u00e4lper dem att v\u00e4xa internationellt.  <\/p>\n<p>Vi hanterar hela \u00f6vers\u00e4ttningsprocessen fr\u00e5n b\u00f6rjan till slut f\u00f6r jordbruksindustrin med fokus p\u00e5 kvalitetsleveranser till tillverkare, \u00e5terf\u00f6rs\u00e4ljare och slutkund. Vi \u00f6vers\u00e4tter manualer, webbplatser och broschyrer och arbetar d\u00e4rf\u00f6r med b\u00e5de utvecklings- och marknadsf\u00f6ringsteamen. <\/p>\n<p>V\u00e5ra spr\u00e5k\u00f6vers\u00e4ttningstj\u00e4nster hj\u00e4lper till att <a href=\"https:\/\/www.star-ts.com\/sv\/translation-faq\/what-is-terminology\/\" target=\"_blank\" rel=\"noopener\">uppr\u00e4tth\u00e5lla terminologi<\/a>, <a href=\"https:\/\/www.star-ts.com\/sv\/documents\/\" target=\"_blank\" rel=\"noopener\">skapa manualer<\/a> och leverera ert inneh\u00e5ll v\u00e4rlden \u00f6ver. Med <a href=\"https:\/\/www.star-ts.com\/sv\/webbplatsoversattning-och-lokaliseringstjanster\/\" target=\"_blank\" rel=\"noopener\">webbplats\u00f6vers\u00e4ttning<\/a> f\u00e5r vi \u00e4ven ut ert budskap p\u00e5 webben. <\/p>\n<p>Vi kan till och med tillhandah\u00e5lla voice-over och textning med video\u00f6vers\u00e4ttningstj\u00e4nster f\u00f6r att demonstrera era produkter f\u00f6r en global publik.<\/p>\n<h2>Jordbruk \u00d6vers\u00e4ttningstj\u00e4nster<\/h2>\n<p><strong>Vilka jordbruksomr\u00e5den \u00f6vers\u00e4tter vi?<\/strong><\/p>\n<ul>\n<li>Jordbruksmaskiner<\/li>\n<li>Jordbruksprogramvara<\/li>\n<li>Industriell automation och robotik<\/li>\n<li>Foder och livsmedel<\/li>\n<li>System f\u00f6r n\u00f6tkreatur (bes\u00e4ttning och mejeri)<\/li>\n<li>V\u00e4xtvetenskap<\/li>\n<li>Jordbruksprodukter<\/li>\n<\/ul>\n<p>F\u00f6r manualer kan vi \u00f6vers\u00e4tta ert inneh\u00e5ll och vid behov leverera tryckf\u00e4rdiga PDF:er till er, s\u00e5 att ni kan anv\u00e4nda oss som en helhetsleverant\u00f6r f\u00f6r alla era kommunikationsbehov.<\/p>\n<p>V\u00e5rt team f\u00f6r webbplats\u00f6vers\u00e4ttning kan arbeta direkt med era webbutvecklare\/webbdesigners f\u00f6r att s\u00e4kerst\u00e4lla att er webbplats \u00e4r f\u00f6rberedd f\u00f6r \u00f6vers\u00e4ttning i f\u00f6rv\u00e4g. Vi kan tillhandah\u00e5lla SEO-tj\u00e4nster f\u00f6r att s\u00e4kerst\u00e4lla att er webbplats rankas i m\u00e5ll\u00e4nderna och \u00f6kar er produkts webbtrafik. <\/p>\n<p>Om ni vill veta mer om europeiska standarder f\u00f6r jordbruksmaskiner och traktorer, bes\u00f6k Europeiska kommissionens webbplats: <a href=\"https:\/\/ec.europa.eu\/growth\/sectors\/automotive\/legislation\/tractors_en\" target=\"_blank\" rel=\"noopener\">EU-standarder och lagstiftning<\/a><\/p>\n<\/div><\/section><\/div>\n\n<style type=\"text\/css\" data-created_by=\"avia_inline_auto\" id=\"style-css-av-vxmh1m-14b20a94ae93457f355670d76dfb6dfc\">\n.flex_column.av-vxmh1m-14b20a94ae93457f355670d76dfb6dfc{\nborder-radius:0px 0px 0px 0px;\npadding:0px 0px 0px 0px;\n}\n<\/style>\n<div  class='flex_column av-vxmh1m-14b20a94ae93457f355670d76dfb6dfc av_one_full  avia-builder-el-5  el_after_av_three_fourth  el_before_av_one_full  first flex_column_div av-zero-column-padding  column-top-margin'     ><section  class='av_textblock_section av-k0qq73hi-0dfc59f5444c7bc05677446ac0ec1297 '   itemscope=\"itemscope\" itemtype=\"https:\/\/schema.org\/CreativeWork\" ><div class='avia_textblock'  itemprop=\"text\" ><h2>\u00d6vers\u00e4ttningstj\u00e4nster f\u00f6r jordbruk | Globala jordbrukskunder<\/h2>\n<p>Vi arbetar med m\u00e5nga av de ledande tillverkarna av jordbruksmaskiner. V\u00e5rt arbete str\u00e4cker sig \u00f6ver hela jordbrukssektorn inklusive b\u00e5de jordbruksteknik och jordbruk. Vi \u00f6vers\u00e4tter manualer, broschyrer, webbplatser, maskindokumentation, anv\u00e4ndargr\u00e4nssnitt och mer. Om ni beh\u00f6ver \u00f6vers\u00e4ttningstj\u00e4nster f\u00f6r jordbruksteknik hj\u00e4lper vi er att leverera inneh\u00e5ll till era kunder p\u00e5 deras spr\u00e5k.   <\/p>\n<p><img decoding=\"async\" class=\"aligncenter size-entry_without_sidebar wp-image-36474\" src=\"https:\/\/www.star-ts.com\/wp-content\/uploads\/2019\/09\/agriculture-references-1210x165.png\" alt=\"\" width=\"1210\" height=\"165\" srcset=\"https:\/\/www.star-ts.com\/wp-content\/uploads\/2019\/09\/agriculture-references-1210x165.png 1210w, https:\/\/www.star-ts.com\/wp-content\/uploads\/2019\/09\/agriculture-references-80x10.png 80w\" sizes=\"(max-width: 1210px) 100vw, 1210px\" \/><\/p>\n<\/div><\/section><\/div>\n<div  class='flex_column av-1o4utsa-355d00da8adc176140de4239b17f79cd av_one_full  avia-builder-el-7  el_after_av_one_full  avia-builder-el-last  first flex_column_div  column-top-margin'     ><section  class='av_textblock_section av-10k7k3u-557686bf9cbab27e6266a4474b74d504 '   itemscope=\"itemscope\" itemtype=\"https:\/\/schema.org\/CreativeWork\" ><div class='avia_textblock'  itemprop=\"text\" ><div  class='avia-button-wrap avia-button-center  avia-builder-el-9  avia-builder-el-no-sibling '>\n<style type=\"text\/css\" data-created_by=\"avia_inline_auto\" id=\"style-css-av-ur44ga-afe00e5c567533c0b131c259beddc2cc\">\n#top #wrap_all .avia-button.av-ur44ga-afe00e5c567533c0b131c259beddc2cc:hover{\ncolor:white;\ntransition:all 0.4s ease-in-out;\n}\n#top #wrap_all .avia-button.av-ur44ga-afe00e5c567533c0b131c259beddc2cc:hover .avia-svg-icon svg:first-child{\nfill:white;\nstroke:white;\n}\n<\/style>\n<a href=\"https:\/\/www.star-ts.com\/sv\/kontakt\/\" class=\"avia-color-theme-color avia-font-color-theme-color avia-button avia-button-fullwidth av-ur44ga-afe00e5c567533c0b131c259beddc2cc avia-icon_select-no avia-color-theme-color\" title=\"Contact Us\" aria-label=\"Contact Us\"><span class='avia_iconbox_title' >Kontakta oss<\/span><span class='avia_button_background avia-button avia-button-fullwidth avia-color-theme-color-highlight'><\/span><\/a><\/div>\n<\/div><\/section><\/div>\n","protected":false},"excerpt":{"rendered":"<p>\u00d6vers\u00e4ttning f\u00f6r jordbruk och jordbruksteknik. Vi \u00f6vers\u00e4tter tekniska manualer, bruksanvisningar, broschyrer och IT-system f\u00f6r att hj\u00e4lpa er komma ig\u00e5ng internationellt. Bli global med STAR.  <\/p>\n","protected":false},"author":1,"featured_media":72517,"parent":120566,"menu_order":0,"comment_status":"closed","ping_status":"closed","template":"","meta":{"footnotes":""},"class_list":["post-120181","page","type-page","status-publish","has-post-thumbnail","hentry"],"_links":{"self":[{"href":"https:\/\/www.star-ts.com\/sv\/wp-json\/wp\/v2\/pages\/120181","targetHints":{"allow":["GET"]}}],"collection":[{"href":"https:\/\/www.star-ts.com\/sv\/wp-json\/wp\/v2\/pages"}],"about":[{"href":"https:\/\/www.star-ts.com\/sv\/wp-json\/wp\/v2\/types\/page"}],"author":[{"embeddable":true,"href":"https:\/\/www.star-ts.com\/sv\/wp-json\/wp\/v2\/users\/1"}],"replies":[{"embeddable":true,"href":"https:\/\/www.star-ts.com\/sv\/wp-json\/wp\/v2\/comments?post=120181"}],"version-history":[{"count":0,"href":"https:\/\/www.star-ts.com\/sv\/wp-json\/wp\/v2\/pages\/120181\/revisions"}],"up":[{"embeddable":true,"href":"https:\/\/www.star-ts.com\/sv\/wp-json\/wp\/v2\/pages\/120566"}],"wp:featuredmedia":[{"embeddable":true,"href":"https:\/\/www.star-ts.com\/sv\/wp-json\/wp\/v2\/media\/72517"}],"wp:attachment":[{"href":"https:\/\/www.star-ts.com\/sv\/wp-json\/wp\/v2\/media?parent=120181"}],"curies":[{"name":"wp","href":"https:\/\/api.w.org\/{rel}","templated":true}]}}