{"id":120172,"date":"2025-11-07T13:08:51","date_gmt":"2025-11-07T13:08:51","guid":{"rendered":"https:\/\/www.star-ts.com\/about\/payment\/"},"modified":"2025-11-07T13:09:00","modified_gmt":"2025-11-07T13:09:00","slug":"payment","status":"publish","type":"page","link":"https:\/\/www.star-ts.com\/sv\/about\/payment\/","title":{"rendered":"PayPal Betalning"},"content":{"rendered":"<div  class='flex_column av-7lyrj7-6293baac08fd70facb9c6343fcce4b06 av_one_full  avia-builder-el-0  el_before_av_one_full  avia-builder-el-first  first flex_column_div  '     ><section  class='av_textblock_section av-6iyfz7-3398e09bcaaf3e0228130e9b81bee6f1 '   itemscope=\"itemscope\" itemtype=\"https:\/\/schema.org\/CreativeWork\" ><div class='avia_textblock'  itemprop=\"text\" ><h1>Betala med kreditkort eller PayPal.<\/h1>\n<p>Det \u00e4r enkelt att g\u00f6ra en onlinebetalning till STAR. Du kan nu betala med PayPal eller kreditkort genom att fylla i uppgifterna i detta formul\u00e4r. <\/p>\n<p>Klicka p\u00e5 PayPal-knappen f\u00f6r att betala med ett PayPal-konto.<\/p>\n<p>Klicka p\u00e5 knappen f\u00f6r betal-\/kreditkort f\u00f6r att betala med kredit- eller betalkort.<\/p>\n<h4>Elektronisk \u00f6verf\u00f6ring<\/h4>\n<p>F\u00f6r f\u00f6retagskonton kan ni betala via bank\u00f6verf\u00f6ring eller EFT. Kontakta v\u00e5r ekonomiavdelning f\u00f6r att skapa ett konto hos oss:<br \/>\nTelefon <strong>+353 (0)1 836 5614<\/strong>.<\/p>\n<\/div><\/section><\/div>\n<div  class='flex_column av-43dslv-c38272082fdbd8b75ab9939e4fcb2fef av_one_full  avia-builder-el-2  el_after_av_one_full  el_before_av_one_third  first flex_column_div  column-top-margin'     ><section  class='av_textblock_section av-1to1tv-1523a02b1970cdd86388259e4e4de6a9 '   itemscope=\"itemscope\" itemtype=\"https:\/\/schema.org\/CreativeWork\" ><div class='avia_textblock'  itemprop=\"text\" ><p><a href=\"https:\/\/www.star-ts.com\/sv\/about\/terms-and-conditions\/\">V\u00e5ra regler och villkor<\/a><\/p>\n<p><a href=\"https:\/\/www.star-ts.com\/sv\/service-level-agreement\/\">serviceniv\u00e5avtal<\/a><\/p>\n<\/div><\/section><\/div>\n<div  class='flex_column av-5ui65v-aab8ad147d7d308af18d760f47fae98f av_one_third  avia-builder-el-4  el_after_av_one_full  el_before_av_one_third  first flex_column_div  column-top-margin'     ><\/div>\n<p><div  class='flex_column av-3rf72b-71715590f1cb359d9b95b5fcc41aa05f av_one_third  avia-builder-el-5  el_after_av_one_third  el_before_av_one_third  flex_column_div  column-top-margin'     ><\/div><div  class='flex_column av-2nvss3-82cdadebca3ac9937ebeee5625e583fd av_one_third  avia-builder-el-7  el_after_av_one_third  avia-builder-el-last  flex_column_div  column-top-margin'     ><\/div><\/p>\n","protected":false},"excerpt":{"rendered":"","protected":false},"author":1,"featured_media":0,"parent":63981,"menu_order":5,"comment_status":"closed","ping_status":"closed","template":"","meta":{"footnotes":""},"class_list":["post-120172","page","type-page","status-publish","hentry"],"_links":{"self":[{"href":"https:\/\/www.star-ts.com\/sv\/wp-json\/wp\/v2\/pages\/120172","targetHints":{"allow":["GET"]}}],"collection":[{"href":"https:\/\/www.star-ts.com\/sv\/wp-json\/wp\/v2\/pages"}],"about":[{"href":"https:\/\/www.star-ts.com\/sv\/wp-json\/wp\/v2\/types\/page"}],"author":[{"embeddable":true,"href":"https:\/\/www.star-ts.com\/sv\/wp-json\/wp\/v2\/users\/1"}],"replies":[{"embeddable":true,"href":"https:\/\/www.star-ts.com\/sv\/wp-json\/wp\/v2\/comments?post=120172"}],"version-history":[{"count":0,"href":"https:\/\/www.star-ts.com\/sv\/wp-json\/wp\/v2\/pages\/120172\/revisions"}],"up":[{"embeddable":true,"href":"https:\/\/www.star-ts.com\/sv\/wp-json\/wp\/v2\/pages\/63981"}],"wp:attachment":[{"href":"https:\/\/www.star-ts.com\/sv\/wp-json\/wp\/v2\/media?parent=120172"}],"curies":[{"name":"wp","href":"https:\/\/api.w.org\/{rel}","templated":true}]}}