{"id":120150,"date":"2025-11-07T13:08:35","date_gmt":"2025-11-07T13:08:35","guid":{"rendered":"https:\/\/www.star-ts.com\/dnn-evoq-translation\/"},"modified":"2025-11-07T13:09:18","modified_gmt":"2025-11-07T13:09:18","slug":"dnn-evoq-translation","status":"publish","type":"page","link":"https:\/\/www.star-ts.com\/sv\/dnn-evoq-translation\/","title":{"rendered":"DNN evoq-\u00f6vers\u00e4ttning"},"content":{"rendered":"<div id='full_slider_1'  class='avia-fullwidth-slider main_color avia-shadow av-small-hide av-mini-hide  avia-builder-el-0  el_before_av_one_fourth  avia-builder-el-first   container_wrap sidebar_right'  ><div  class='avia-slideshow av-k0w9c5n7-a5d9330d543451ea7ed487895e233876 avia-slideshow-featured av_slideshow_full avia-slide-slider av-small-hide av-mini-hide av-slideshow-ui av-control-default av-slideshow-manual av-loop-once av-loop-manual-endless av-default-height-applied   avia-slideshow-1' data-slideshow-options=\"{&quot;animation&quot;:&quot;slide&quot;,&quot;autoplay&quot;:false,&quot;loop_autoplay&quot;:&quot;once&quot;,&quot;interval&quot;:5,&quot;loop_manual&quot;:&quot;manual-endless&quot;,&quot;autoplay_stopper&quot;:false,&quot;noNavigation&quot;:false,&quot;bg_slider&quot;:false,&quot;keep_padding&quot;:false,&quot;hoverpause&quot;:false,&quot;show_slide_delay&quot;:0}\"  itemprop=\"image\" itemscope=\"itemscope\" itemtype=\"https:\/\/schema.org\/ImageObject\" ><ul class='avia-slideshow-inner ' style='padding-bottom: 33.59375%;'><li  class='avia-slideshow-slide av-k0w9c5n7-a5d9330d543451ea7ed487895e233876__0  av-single-slide slide-1 slide-odd'><div data-rel='slideshow-1' class='avia-slide-wrap '   ><div class='av-slideshow-caption av-k0w9c5n7-a5d9330d543451ea7ed487895e233876__0 caption_fullwidth caption_center caption_center_framed caption_framed'><div class=\"container caption_container\"><div class=\"slideshow_caption\"><div class=\"slideshow_inner_caption\"><div class=\"slideshow_align_caption\"><h2 class='avia-caption-title '  itemprop=\"name\" >DNN evoq-\u00f6vers\u00e4ttning<\/h2><div class='avia-caption-content '  itemprop=\"description\" ><p>CMS-\u00f6vers\u00e4ttning som st\u00f6djer 200 spr\u00e5k<\/p>\n<\/div><\/div><\/div><\/div><\/div><\/div><img decoding=\"async\" fetchpriority=\"high\" class=\"wp-image-104780 avia-img-lazy-loading-not-104780\"  src=\"https:\/\/www.star-ts.com\/wp-content\/uploads\/2019\/09\/blue-mesh-1430107_1280-1280x430.png\" width=\"1280\" height=\"430\" title='blue-mesh-1430107_1280' alt=''  itemprop=\"thumbnailUrl\"   \/><\/div><\/li><\/ul><\/div><\/div><div id='after_full_slider_1'  class='main_color av_default_container_wrap container_wrap sidebar_right'  ><div class='container av-section-cont-open' ><div class='template-page content  av-content-small alpha units'><div class='post-entry post-entry-type-page post-entry-120150'><div class='entry-content-wrapper clearfix'>\n\n<style type=\"text\/css\" data-created_by=\"avia_inline_auto\" id=\"style-css-av-5yiysi8-3ff7b39e72c8a884cb4ca00c4464ec9b\">\n.flex_column.av-5yiysi8-3ff7b39e72c8a884cb4ca00c4464ec9b{\nborder-radius:0px 0px 0px 0px;\npadding:0px 0px 0px 0px;\n}\n<\/style>\n<div  class='flex_column av-5yiysi8-3ff7b39e72c8a884cb4ca00c4464ec9b av_one_fourth  avia-builder-el-1  el_after_av_slideshow_full  el_before_av_three_fourth  avia-builder-el-first  first flex_column_div av-zero-column-padding  '     ><style type=\"text\/css\" data-created_by=\"avia_inline_auto\" id=\"style-css-av-kxhg9e9m-2c89db6bfc9b3d4c49ae3b1cdb9ed510\">\n.avia-image-container.av-kxhg9e9m-2c89db6bfc9b3d4c49ae3b1cdb9ed510 img.avia_image{\nbox-shadow:none;\n}\n.avia-image-container.av-kxhg9e9m-2c89db6bfc9b3d4c49ae3b1cdb9ed510 .av-image-caption-overlay-center{\ncolor:#ffffff;\n}\n<\/style>\n<div  class='avia-image-container av-kxhg9e9m-2c89db6bfc9b3d4c49ae3b1cdb9ed510 av-styling- avia-align-center  avia-builder-el-2  avia-builder-el-no-sibling '   itemprop=\"image\" itemscope=\"itemscope\" itemtype=\"https:\/\/schema.org\/ImageObject\" ><div class=\"avia-image-container-inner\"><div class=\"avia-image-overlay-wrap\"><img decoding=\"async\" fetchpriority=\"high\" class='wp-image-68263 avia-img-lazy-loading-not-68263 avia_image ' src=\"https:\/\/www.star-ts.com\/wp-content\/uploads\/2014\/03\/dnn-evoq.png\" alt='DNN evoq' title='DNN evoq'  height=\"320\" width=\"400\"  itemprop=\"thumbnailUrl\" srcset=\"https:\/\/www.star-ts.com\/wp-content\/uploads\/2014\/03\/dnn-evoq.png 400w, https:\/\/www.star-ts.com\/wp-content\/uploads\/2014\/03\/dnn-evoq-80x64.png 80w, https:\/\/www.star-ts.com\/wp-content\/uploads\/2014\/03\/dnn-evoq-300x240.png 300w\" sizes=\"(max-width: 400px) 100vw, 400px\" \/><\/div><\/div><\/div><\/div>\n\n<style type=\"text\/css\" data-created_by=\"avia_inline_auto\" id=\"style-css-av-5yiysi8-35b6951e52d93355f4b671d0fec96a3e\">\n.flex_column.av-5yiysi8-35b6951e52d93355f4b671d0fec96a3e{\nborder-radius:0px 0px 0px 0px;\npadding:0px 0px 0px 0px;\n}\n<\/style>\n<div  class='flex_column av-5yiysi8-35b6951e52d93355f4b671d0fec96a3e av_three_fourth  avia-builder-el-3  el_after_av_one_fourth  el_before_av_one_full  flex_column_div av-zero-column-padding  '     ><section  class='av_textblock_section av-5a9hqwg-ec9185f05d19cbf599bfd8a51dc9b531 '   itemscope=\"itemscope\" itemtype=\"https:\/\/schema.org\/CreativeWork\" ><div class='avia_textblock'  itemprop=\"text\" ><h1>DNN evoq-\u00f6vers\u00e4ttning och webbplatsanpassning<\/h1>\n<p>DNN evoq-programvara \u2013 kraftfullt webb-CMS<\/p>\n<p>DNN-system driver \u00f6ver 750 000 webbplatser v\u00e4rlden \u00f6ver och st\u00f6djer cirka 1 800 kunder i 40 l\u00e4nder. Att n\u00e5 ut globalt med DNN Evoq \u00e4r enkelt. STAR kan \u00f6vers\u00e4tta och publicera er webbplats p\u00e5 vilket spr\u00e5k som helst.<\/p>\n<\/div><\/section><\/div>\n\n<style type=\"text\/css\" data-created_by=\"avia_inline_auto\" id=\"style-css-av-1h7xakw-f9c1f42732bc829e6e259abb9c831361\">\n.flex_column.av-1h7xakw-f9c1f42732bc829e6e259abb9c831361{\nborder-radius:0px 0px 0px 0px;\npadding:0px 0px 0px 0px;\n}\n<\/style>\n<div  class='flex_column av-1h7xakw-f9c1f42732bc829e6e259abb9c831361 av_one_full  avia-builder-el-5  el_after_av_three_fourth  el_before_av_two_third  first flex_column_div av-zero-column-padding  column-top-margin'     ><section  class='av_textblock_section av-6evbci8-9464a60d4a8be0df73d0aa629f4897fa '   itemscope=\"itemscope\" itemtype=\"https:\/\/schema.org\/CreativeWork\" ><div class='avia_textblock'  itemprop=\"text\" ><h2>DNN evoq-\u00f6vers\u00e4ttning och lokalisering<\/h2>\n<h3>\u00d6vers\u00e4tt och publicera p\u00e5 vilket spr\u00e5k som helst<\/h3>\n<p>Professionell \u00f6vers\u00e4ttning och lokalisering f\u00f6r DNN Evoq.<\/p>\n<\/div><\/section><\/div>\n\n<style type=\"text\/css\" data-created_by=\"avia_inline_auto\" id=\"style-css-av-5yiysi8-3ff7b39e72c8a884cb4ca00c4464ec9b\">\n.flex_column.av-5yiysi8-3ff7b39e72c8a884cb4ca00c4464ec9b{\nborder-radius:0px 0px 0px 0px;\npadding:0px 0px 0px 0px;\n}\n<\/style>\n<div  class='flex_column av-5yiysi8-3ff7b39e72c8a884cb4ca00c4464ec9b av_two_third  avia-builder-el-7  el_after_av_one_full  el_before_av_one_third  first flex_column_div av-zero-column-padding  column-top-margin'     ><section  class='av_textblock_section av-5a9hqwg-c4f491cf68f4b58b8eee60d48c5beb9c '   itemscope=\"itemscope\" itemtype=\"https:\/\/schema.org\/CreativeWork\" ><div class='avia_textblock'  itemprop=\"text\" ><h2>Lokalisering f\u00f6r DNN evoq<\/h2>\n<p>V\u00e5r kraftfulla teknik hj\u00e4lper er att skapa och hantera en flerspr\u00e5kig DNN-webbplats. Med \u00f6ver 900 lokala \u00f6vers\u00e4ttare runt om i v\u00e4rlden kan vi \u00f6ppna ert f\u00f6retag f\u00f6r en global marknad. Hur mycket pengar f\u00f6rlorar ni genom att inte \u00f6vers\u00e4tta er webbplats? L\u00e5t v\u00e5rt team hj\u00e4lpa er att \u00f6ka er internationella f\u00f6rs\u00e4ljning idag.<\/p>\n<\/div><\/section><br \/>\n<section  class='av_textblock_section av-5a9hqwg-7015e7691701d3cf02e6d7726427f7a5 '   itemscope=\"itemscope\" itemtype=\"https:\/\/schema.org\/CreativeWork\" ><div class='avia_textblock'  itemprop=\"text\" ><h3>Flerspr\u00e5kig fr\u00e5n grunden<\/h3>\n<p><a href=\"https:\/\/www.inventise.com\" rel=\"noopener\" target=\"_blank\">Inventise<\/a>, v\u00e5r globala DNN-certifierade partner, g\u00f6r det enkelt att aktivera er webbplats f\u00f6r nya spr\u00e5k. De tillhandah\u00e5ller \u00e4ven Evoq-webbutveckling. Webbplatser designade av teamet \u00e4r mobilanpassade, helt responsiva och SEO-optimerade.<\/p>\n<\/div><\/section><\/p><\/div>\n\n<style type=\"text\/css\" data-created_by=\"avia_inline_auto\" id=\"style-css-av-5yiysi8-35b6951e52d93355f4b671d0fec96a3e\">\n.flex_column.av-5yiysi8-35b6951e52d93355f4b671d0fec96a3e{\nborder-radius:0px 0px 0px 0px;\npadding:0px 0px 0px 0px;\n}\n<\/style>\n<div  class='flex_column av-5yiysi8-35b6951e52d93355f4b671d0fec96a3e av_one_third  avia-builder-el-10  el_after_av_two_third  el_before_av_one_full  flex_column_div av-zero-column-padding  column-top-margin'     ><style type=\"text\/css\" data-created_by=\"avia_inline_auto\" id=\"style-css-av-kxhgc2fe-29951e9150774998fa90922707736c66\">\n.avia-image-container.av-kxhgc2fe-29951e9150774998fa90922707736c66 img.avia_image{\nbox-shadow:none;\n}\n.avia-image-container.av-kxhgc2fe-29951e9150774998fa90922707736c66 .av-image-caption-overlay-center{\ncolor:#ffffff;\n}\n<\/style>\n<div  class='avia-image-container av-kxhgc2fe-29951e9150774998fa90922707736c66 av-styling- avia-align-center  avia-builder-el-11  avia-builder-el-no-sibling '   itemprop=\"image\" itemscope=\"itemscope\" itemtype=\"https:\/\/schema.org\/ImageObject\" ><div class=\"avia-image-container-inner\"><div class=\"avia-image-overlay-wrap\"><img decoding=\"async\" fetchpriority=\"high\" class='wp-image-107160 avia-img-lazy-loading-not-107160 avia_image ' src=\"https:\/\/www.star-ts.com\/wp-content\/uploads\/2020\/05\/top-world-lr2-495x400.jpg\" alt='Global aff\u00e4rsplanering' title='V\u00e4rldskarta'  height=\"400\" width=\"495\"  itemprop=\"thumbnailUrl\" srcset=\"https:\/\/www.star-ts.com\/wp-content\/uploads\/2020\/05\/top-world-lr2.jpg 495w, https:\/\/www.star-ts.com\/wp-content\/uploads\/2020\/05\/top-world-lr2-300x242.jpg 300w, https:\/\/www.star-ts.com\/wp-content\/uploads\/2020\/05\/top-world-lr2-80x65.jpg 80w\" sizes=\"(max-width: 495px) 100vw, 495px\" \/><\/div><\/div><\/div><\/div>\n<p>\n<style type=\"text\/css\" data-created_by=\"avia_inline_auto\" id=\"style-css-av-18bdihc-8e1bd60045fd316d2ac3628da9621410\">\n.flex_column.av-18bdihc-8e1bd60045fd316d2ac3628da9621410{\nborder-radius:0px 0px 0px 0px;\npadding:0px 0px 0px 0px;\n}\n<\/style>\n<div  class='flex_column av-18bdihc-8e1bd60045fd316d2ac3628da9621410 av_one_full  avia-builder-el-12  el_after_av_one_third  el_before_av_one_half  first flex_column_div av-zero-column-padding  column-top-margin'     ><section  class='av_textblock_section av-3h9m2c0-6ac350e81fecc839df306df5b0824fdb '   itemscope=\"itemscope\" itemtype=\"https:\/\/schema.org\/CreativeWork\" ><div class='avia_textblock'  itemprop=\"text\" ><h3>Fallstudier<\/h3>\n<p>Vi \u00f6vers\u00e4tter f\u00f6r m\u00e5nga branscher och sektorer.<\/p>\n<p>Bland v\u00e5ra kunder finns <a href=\"https:\/\/www.airastana.com\" rel=\"noopener\" target=\"_blank\">Air Astana,<\/a> det kommersiella flygbolaget och <a href=\"https:\/\/rotunda.ie\/\" rel=\"noopener\" target=\"_blank\">Rotunda Hospital<\/a>, ett av de ledande f\u00f6rlossningssjukhusen i Irland.<\/p>\n<\/div><\/section><\/div>\n<style type=\"text\/css\" data-created_by=\"avia_inline_auto\" id=\"style-css-av-5yiysi8-3ff7b39e72c8a884cb4ca00c4464ec9b\">\n.flex_column.av-5yiysi8-3ff7b39e72c8a884cb4ca00c4464ec9b{\nborder-radius:0px 0px 0px 0px;\npadding:0px 0px 0px 0px;\n}\n<\/style>\n<div  class='flex_column av-5yiysi8-3ff7b39e72c8a884cb4ca00c4464ec9b av_one_half  avia-builder-el-14  el_after_av_one_full  el_before_av_one_half  first flex_column_div av-zero-column-padding  column-top-margin'     ><section  class='av_textblock_section av-5a9hqwg-df9a4ee70beaded95daeb1651e5c3b70 '   itemscope=\"itemscope\" itemtype=\"https:\/\/schema.org\/CreativeWork\" ><div class='avia_textblock'  itemprop=\"text\" ><p><img decoding=\"async\" class=\"aligncenter\" src=\"https:\/\/www.star-ts.com\/wp-content\/uploads\/2016\/07\/air-astana.png\" alt=\"Air Astana, e-handelswebbplats.\" width=\"284\" height=\"200\"\/><\/p>\n<\/div><\/section><\/div><\/p>\n\n<style type=\"text\/css\" data-created_by=\"avia_inline_auto\" id=\"style-css-av-5yiysi8-35b6951e52d93355f4b671d0fec96a3e\">\n.flex_column.av-5yiysi8-35b6951e52d93355f4b671d0fec96a3e{\nborder-radius:0px 0px 0px 0px;\npadding:0px 0px 0px 0px;\n}\n<\/style>\n<div  class='flex_column av-5yiysi8-35b6951e52d93355f4b671d0fec96a3e av_one_half  avia-builder-el-16  el_after_av_one_half  el_before_av_one_full  flex_column_div av-zero-column-padding  column-top-margin'     ><section  class='av_textblock_section av-5a9hqwg-df9a4ee70beaded95daeb1651e5c3b70 '   itemscope=\"itemscope\" itemtype=\"https:\/\/schema.org\/CreativeWork\" ><div class='avia_textblock'  itemprop=\"text\" ><p><img decoding=\"async\" class=\"aligncenter\" src=\"https:\/\/www.star-ts.com\/wp-content\/uploads\/2016\/07\/rotunda-hospital.png\" alt=\"Rotunda-sjukhuset i Dublin.\" width=\"284\" height=\"200\"\/><\/p>\n<\/div><\/section><\/div>\n\n<style type=\"text\/css\" data-created_by=\"avia_inline_auto\" id=\"style-css-av-27p6f8w-75239d4ec65895c0d342379143ff23bb\">\n.flex_column.av-27p6f8w-75239d4ec65895c0d342379143ff23bb{\nborder-radius:0px 0px 0px 0px;\npadding:0px 0px 0px 0px;\n}\n<\/style>\n<div  class='flex_column av-27p6f8w-75239d4ec65895c0d342379143ff23bb av_one_full  avia-builder-el-18  el_after_av_one_half  el_before_av_one_full  first flex_column_div av-zero-column-padding  column-top-margin'     ><section  class='av_textblock_section av-1h52evk-9895654db152752442ff048c0ef844f2 '   itemscope=\"itemscope\" itemtype=\"https:\/\/schema.org\/CreativeWork\" ><div class='avia_textblock'  itemprop=\"text\" ><h3>DNN-moduler f\u00f6r \u00f6vers\u00e4ttning<\/h3>\n<p>STAR-\u00f6vers\u00e4ttningsmodulen kr\u00e4ver DNN version 6 eller senare installerad, modulen st\u00f6djer lokalisering och IPortable-gr\u00e4nssnittet.<\/p>\n<p>Vi kommer sedan att installera v\u00e5r anpassade \u00f6vers\u00e4ttningsst\u00f6dmodul f\u00f6r att exportera hela portalen till XML. Som en del av denna process har ni m\u00f6jlighet att exkludera vissa sidor fr\u00e5n utdata, dvs. sidor som inte kr\u00e4ver \u00f6vers\u00e4ttning. <\/p>\n<p>Denna XML-fil importeras sedan f\u00f6r \u00f6vers\u00e4ttning och STAR:s \u00f6vers\u00e4ttningsprocess p\u00e5 industriniv\u00e5 utf\u00f6rs. STAR-systemen f\u00f6rst\u00e5r formatet p\u00e5 exportfilen och kan d\u00e4rf\u00f6r automatiskt extrahera relevant inneh\u00e5ll f\u00f6r \u00f6vers\u00e4ttning, vilket g\u00e5r \u00e4nda ner till att \u00f6vers\u00e4tta <em>alt<\/em>-attributen f\u00f6r bilder. Denna process skapar sedan en ny XML-fil med de korrekta spr\u00e5k\u00f6vers\u00e4ttningarna.  <\/p>\n<p>Ett nytt spr\u00e5k l\u00e4ggs sedan till i DNN, t.ex. spanska (es-es), och detta skapar i sin tur automatiskt en portal f\u00f6r detta spr\u00e5k, enligt standardfunktionaliteten i DNN.<\/p>\n<p>Vi anv\u00e4nder sedan en andra anpassad modul f\u00f6r att importera det \u00f6versatta XML-dokumentet till den nya spr\u00e5kportalen. Efter detta hanteras allt inneh\u00e5ll som inte omfattas av denna process manuellt. Detta best\u00e5r vanligtvis av text inb\u00e4ddad i bilder och moduler som inte implementerar IPortable-gr\u00e4nssnittet.  <\/p>\n<p>Inneh\u00e5ll fr\u00e5n moduler som inte st\u00f6djer IPortable \u00f6vers\u00e4tts vanligtvis med hj\u00e4lp av CSV- och\/eller RESX-filer.<\/p>\n<h4>Pseudo\u00f6vers\u00e4ttning<\/h4>\n<p>Innan \u00f6vers\u00e4ttningen p\u00e5b\u00f6rjas rekommenderar vi att ni f\u00f6ljer STAR:s <a href=\"https:\/\/www.star-ts.com\/sv\/translation-faq\/what-is-a-pseudo-translation\/\">pseudo\u00f6vers\u00e4ttningsprocess<\/a> s\u00e5 att ni kan verifiera att allt inneh\u00e5ll f\u00f6r \u00f6vers\u00e4ttning har inkluderats.<\/p>\n<\/div><\/section><\/div>\n<div  class='flex_column av-1o7cncg-e16fcc282d03659e362e97eb93c963d3 av_one_full  avia-builder-el-20  el_after_av_one_full  avia-builder-el-last  first flex_column_div  column-top-margin'     ><section  class='av_textblock_section av-12oeucw-e1be9b07791cd1de876b3c9c03d50779 '   itemscope=\"itemscope\" itemtype=\"https:\/\/schema.org\/CreativeWork\" ><div class='avia_textblock'  itemprop=\"text\" ><div  class='avia-button-wrap avia-button-center  avia-builder-el-22  avia-builder-el-no-sibling '>\n<style type=\"text\/css\" data-created_by=\"avia_inline_auto\" id=\"style-css-av-2plbxs-718834633f0c80b036fac03abc4265b3\">\n#top #wrap_all .avia-button.av-2plbxs-718834633f0c80b036fac03abc4265b3:hover{\ncolor:white;\ntransition:all 0.4s ease-in-out;\n}\n#top #wrap_all .avia-button.av-2plbxs-718834633f0c80b036fac03abc4265b3:hover .avia-svg-icon svg:first-child{\nfill:white;\nstroke:white;\n}\n<\/style>\n<a href=\"https:\/\/www.star-ts.com\/sv\/kontakt\/\" class=\"avia-color-theme-color avia-font-color-theme-color avia-button avia-button-fullwidth av-2plbxs-718834633f0c80b036fac03abc4265b3 avia-icon_select-no avia-color-theme-color\" title=\"Contact Us\" aria-label=\"Contact Us\"><span class='avia_iconbox_title' >Kontakta oss<\/span><span class='avia_button_background avia-button avia-button-fullwidth avia-color-theme-color-highlight'><\/span><\/a><\/div>\n<\/div><\/section><\/div>\n","protected":false},"excerpt":{"rendered":"<p>DNN-system driver \u00f6ver 750 000 webbplatser v\u00e4rlden \u00f6ver och st\u00f6djer cirka 1 800 kunder i 40 l\u00e4nder. Att n\u00e5 ut globalt med Eovq-\u00f6vers\u00e4ttning fr\u00e5n STAR \u00e4r enkelt. <\/p>\n","protected":false},"author":1,"featured_media":70478,"parent":0,"menu_order":0,"comment_status":"closed","ping_status":"closed","template":"","meta":{"footnotes":""},"class_list":["post-120150","page","type-page","status-publish","has-post-thumbnail","hentry"],"_links":{"self":[{"href":"https:\/\/www.star-ts.com\/sv\/wp-json\/wp\/v2\/pages\/120150","targetHints":{"allow":["GET"]}}],"collection":[{"href":"https:\/\/www.star-ts.com\/sv\/wp-json\/wp\/v2\/pages"}],"about":[{"href":"https:\/\/www.star-ts.com\/sv\/wp-json\/wp\/v2\/types\/page"}],"author":[{"embeddable":true,"href":"https:\/\/www.star-ts.com\/sv\/wp-json\/wp\/v2\/users\/1"}],"replies":[{"embeddable":true,"href":"https:\/\/www.star-ts.com\/sv\/wp-json\/wp\/v2\/comments?post=120150"}],"version-history":[{"count":0,"href":"https:\/\/www.star-ts.com\/sv\/wp-json\/wp\/v2\/pages\/120150\/revisions"}],"wp:featuredmedia":[{"embeddable":true,"href":"https:\/\/www.star-ts.com\/sv\/wp-json\/wp\/v2\/media\/70478"}],"wp:attachment":[{"href":"https:\/\/www.star-ts.com\/sv\/wp-json\/wp\/v2\/media?parent=120150"}],"curies":[{"name":"wp","href":"https:\/\/api.w.org\/{rel}","templated":true}]}}