{"id":120149,"date":"2025-11-07T13:08:35","date_gmt":"2025-11-07T13:08:35","guid":{"rendered":"https:\/\/www.star-ts.com\/marketing-services\/digital-marketing\/"},"modified":"2025-11-07T13:08:59","modified_gmt":"2025-11-07T13:08:59","slug":"digital-marketing","status":"publish","type":"page","link":"https:\/\/www.star-ts.com\/sv\/marketing-services\/digital-marketing\/","title":{"rendered":"Digital marknadsf\u00f6ring"},"content":{"rendered":"<p><div  class='flex_column av-9yxb1-62458b1310022510cedcd1ec503e9c17 av_one_full  avia-builder-el-0  el_before_av_one_third  avia-builder-el-first  first flex_column_div  '     ><section  class='av_textblock_section av-2pasbh-12a9eb874d432ce7dceb271d64f8fb7e '   itemscope=\"itemscope\" itemtype=\"https:\/\/schema.org\/CreativeWork\" ><div class='avia_textblock'  itemprop=\"text\" ><div class=\"top_cap\">\n<h1>\u00d6vers\u00e4ttningstj\u00e4nster f\u00f6r digital marknadsf\u00f6ring<\/h1>\n<h2>\u00d6vers\u00e4ttning f\u00f6r video, bloggar, Twitter, Facebook, AdWords-textannonser<\/h2>\n<\/div>\n<\/div><\/section><\/div><div  class='flex_column av-k1pcpp-febacd2597982d313b6bc8ef8cdc113f av_one_third  avia-builder-el-2  el_after_av_one_full  el_before_av_two_third  first flex_column_div  column-top-margin'     ><section  class='av_textblock_section av-jfxyjx-50cc3c5ada7756c4ada7b4d4895b2693 '   itemscope=\"itemscope\" itemtype=\"https:\/\/schema.org\/CreativeWork\" ><div class='avia_textblock'  itemprop=\"text\" ><div class=\"lp-img\"><img decoding=\"async\" class=\"alignnone size-full wp-image-8862\" src=\"https:\/\/www.star-ts.com\/wp-content\/uploads\/2014\/03\/digital-marketing-arrow1.jpg\" alt=\"\u00d6vers\u00e4ttningstj\u00e4nster f\u00f6r digital marknadsf\u00f6ring\" width=\"400\" height=\"320\" srcset=\"https:\/\/www.star-ts.com\/wp-content\/uploads\/2014\/03\/digital-marketing-arrow1.jpg 400w, https:\/\/www.star-ts.com\/wp-content\/uploads\/2014\/03\/digital-marketing-arrow1-80x64.jpg 80w, https:\/\/www.star-ts.com\/wp-content\/uploads\/2014\/03\/digital-marketing-arrow1-300x240.jpg 300w\" sizes=\"(max-width: 400px) 100vw, 400px\" \/><\/div>\n<\/div><\/section><\/div><\/p>\n\n<style type=\"text\/css\" data-created_by=\"avia_inline_auto\" id=\"style-css-av-i4nxel-d4eb76ca65055eb8542471d4387d9d01\">\n.flex_column.av-i4nxel-d4eb76ca65055eb8542471d4387d9d01{\nborder-radius:0px 0px 0px 0px;\npadding:0px 0px 0px 0px;\n}\n<\/style>\n<div  class='flex_column av-i4nxel-d4eb76ca65055eb8542471d4387d9d01 av_two_third  avia-builder-el-4  el_after_av_one_third  el_before_av_two_third  flex_column_div av-zero-column-padding  column-top-margin'     ><section  class='av_textblock_section av-gi4sx9-66812c85aa3e32371b227fd91e986a35 '   itemscope=\"itemscope\" itemtype=\"https:\/\/schema.org\/CreativeWork\" ><div class='avia_textblock'  itemprop=\"text\" ><div class=\"rp-column\">\n<p>Du har skapat en briljant kampanj. Visa den nu f\u00f6r v\u00e4rlden! <\/p>\n<p>\u00d6vers\u00e4tt ditt inneh\u00e5ll: v\u00e4lj fr\u00e5n \u00f6ver 70 spr\u00e5k och <em>\u00f6ka den globala f\u00f6rs\u00e4ljningen<\/em>. Vi \u00f6vers\u00e4tter s\u00f6kord f\u00f6r <g id=\"gid_1\">Google AdWords<\/g> och annonsbaserade beskrivningar, videor, bloggar, voice-overs och undertexter f\u00f6r att hj\u00e4lpa dig att lansera dina kampanjer \u00f6ver hela v\u00e4rlden. Du kan rikta in dig p\u00e5 specifika l\u00e4nder i dina AdWords-kampanjer och f\u00e5 \u00f6vers\u00e4ttning av digitalt marknadsf\u00f6ringsinneh\u00e5ll f\u00f6r att \u00f6ka konverteringarna.  <\/div>\n<\/div><\/section><\/div>\n<div  class='flex_column av-eo1h25-e3b2bcdb182d6599541397866fd8b22f av_two_third  avia-builder-el-6  el_after_av_two_third  el_before_av_one_third  first flex_column_div  column-top-margin'     ><section  class='av_textblock_section av-d68qu5-8228197ff0425f4ac5636951412f49db '   itemscope=\"itemscope\" itemtype=\"https:\/\/schema.org\/CreativeWork\" ><div class='avia_textblock'  itemprop=\"text\" ><div class=\"lp-column\">\n<h3>Digitala medier<\/h3>\n<p>N\u00e4r du har ditt digitala marknadsf\u00f6ringsinneh\u00e5ll redo att publiceras \u00e4r det bra att veta hur man skapar en vinnande marknadsf\u00f6ringsstrategi. Engagera din m\u00e5lgrupp p\u00e5 deras spr\u00e5k. Prata med v\u00e5rt mediateam om ditt n\u00e4sta projekt och hur vi kan samarbeta f\u00f6r att ut\u00f6ka dina tj\u00e4nster. Vi arbetar med m\u00e5nga digitala byr\u00e5er, webbdesigners och mediepartners.   <\/p>\n<\/div>\n<\/div><\/section><\/div>\n\n<style type=\"text\/css\" data-created_by=\"avia_inline_auto\" id=\"style-css-av-aru3t9-cb0fd658e2b0e8531350cd7131e9a41a\">\n.flex_column.av-aru3t9-cb0fd658e2b0e8531350cd7131e9a41a{\nborder-radius:0px 0px 0px 0px;\npadding:0px 0px 0px 0px;\n}\n<\/style>\n<div  class='flex_column av-aru3t9-cb0fd658e2b0e8531350cd7131e9a41a av_one_third  avia-builder-el-8  el_after_av_two_third  el_before_av_one_full  flex_column_div av-zero-column-padding  column-top-margin'     ><section  class='av_textblock_section av-96ra1p-4b016f1c5f84b85ba8037e925d8f6f22 '   itemscope=\"itemscope\" itemtype=\"https:\/\/schema.org\/CreativeWork\" ><div class='avia_textblock'  itemprop=\"text\" ><div class=\"rn-list tik\">\n<h4>Digitala marknadsf\u00f6ringstj\u00e4nster:<\/h4>\n<ul>\n<li><a href=\"https:\/\/www.star-ts.com\/sv\/documents\/\">Broschyrovers\u00e4ttning<\/a><\/li>\n<li><a href=\"https:\/\/www.star-ts.com\/sv\/translation-services\/video-voice-overs-and-subtitling\/video-subtitling\/\">Video- och undertext\u00f6vers\u00e4ttning<\/a><\/li>\n<li>S\u00f6kords\u00f6vers\u00e4ttning<\/li>\n<li>\u00d6vers\u00e4ttning av inneh\u00e5ll f\u00f6r sociala medier<\/li>\n<li>\u00d6vers\u00e4ttning av blogginl\u00e4gg f\u00f6r f\u00f6retag<\/li>\n<li>Undertexter<\/li>\n<li>\u00d6vers\u00e4ttning av annonsbaserad beskrivning<\/li>\n<\/ul>\n<\/div>\n<\/div><\/section><\/div>\n<div  class='flex_column av-7se09p-05167b5fa350d318eeafb8a5b397cb23 av_one_full  avia-builder-el-10  el_after_av_one_third  el_before_av_one_full  first flex_column_div  column-top-margin'     ><section  class='av_textblock_section av-5vrl31-cf3881fec366b6028352070175a17f88 '   itemscope=\"itemscope\" itemtype=\"https:\/\/schema.org\/CreativeWork\" ><div class='avia_textblock'  itemprop=\"text\" ><div class=\"ublock\">\n<h3>B2B-marknadsf\u00f6ring runt om i v\u00e4rlden<\/h3>\n<p>Med mer \u00e4n 50 kontor runt om i v\u00e4rlden levererar vi flerspr\u00e5kiga och tekniska marknadsf\u00f6ringstexter. F\u00e5 ditt marknadsf\u00f6ringsmaterial \u00f6versatt f\u00f6r att n\u00e5 en bredare, global publik. Vi \u00f6vers\u00e4tter texter f\u00f6r e-postmeddelanden, inl\u00e4gg i sociala medier och annonser. \u00c4ven Google AdWord-kampanjer. Kontakta oss idag f\u00f6r en kostnadsfri offert.    <\/p>\n<\/div>\n<\/div><\/section><\/div>\n<div  class='flex_column av-455utp-beee8b5b509ea0804d97e06931e1a44e av_one_full  avia-builder-el-12  el_after_av_one_full  avia-builder-el-last  first flex_column_div  column-top-margin'     ><section  class='av_textblock_section av-2j1y6l-632b18f5080376fff73ca18ab509ec35 '   itemscope=\"itemscope\" itemtype=\"https:\/\/schema.org\/CreativeWork\" ><div class='avia_textblock'  itemprop=\"text\" ><div class=\"translate\">\n<p><a class=\"button\" href=\"https:\/\/www.star-ts.com\/sv\/translation-services\/video-voice-overs-and-subtitling\/\">Video och Voice-over \u00d6vers\u00e4ttning<\/a><\/div>\n<\/div><\/section><\/div>\n","protected":false},"excerpt":{"rendered":"<p>\u00d6vers\u00e4tt dina digitala marknadsf\u00f6ringskampanjer till \u00f6ver 70 spr\u00e5k och \u00f6ka din globala f\u00f6rs\u00e4ljning med STAR Translation.<\/p>\n","protected":false},"author":1,"featured_media":66633,"parent":120032,"menu_order":1,"comment_status":"closed","ping_status":"closed","template":"","meta":{"footnotes":""},"class_list":["post-120149","page","type-page","status-publish","has-post-thumbnail","hentry"],"_links":{"self":[{"href":"https:\/\/www.star-ts.com\/sv\/wp-json\/wp\/v2\/pages\/120149","targetHints":{"allow":["GET"]}}],"collection":[{"href":"https:\/\/www.star-ts.com\/sv\/wp-json\/wp\/v2\/pages"}],"about":[{"href":"https:\/\/www.star-ts.com\/sv\/wp-json\/wp\/v2\/types\/page"}],"author":[{"embeddable":true,"href":"https:\/\/www.star-ts.com\/sv\/wp-json\/wp\/v2\/users\/1"}],"replies":[{"embeddable":true,"href":"https:\/\/www.star-ts.com\/sv\/wp-json\/wp\/v2\/comments?post=120149"}],"version-history":[{"count":0,"href":"https:\/\/www.star-ts.com\/sv\/wp-json\/wp\/v2\/pages\/120149\/revisions"}],"up":[{"embeddable":true,"href":"https:\/\/www.star-ts.com\/sv\/wp-json\/wp\/v2\/pages\/120032"}],"wp:featuredmedia":[{"embeddable":true,"href":"https:\/\/www.star-ts.com\/sv\/wp-json\/wp\/v2\/media\/66633"}],"wp:attachment":[{"href":"https:\/\/www.star-ts.com\/sv\/wp-json\/wp\/v2\/media?parent=120149"}],"curies":[{"name":"wp","href":"https:\/\/api.w.org\/{rel}","templated":true}]}}