{"id":120109,"date":"2025-11-07T13:07:08","date_gmt":"2025-11-07T13:07:08","guid":{"rendered":"https:\/\/www.star-ts.com\/translate-now\/"},"modified":"2025-11-07T13:07:11","modified_gmt":"2025-11-07T13:07:11","slug":"translate-now","status":"publish","type":"page","link":"https:\/\/www.star-ts.com\/sv\/translate-now\/","title":{"rendered":"\u00d6vers\u00e4tt nu"},"content":{"rendered":"\n<style type=\"text\/css\" data-created_by=\"avia_inline_auto\" id=\"style-css-av-lswjgq-ef0b530e641e72c59c26f6996fa9cd63\">\n.flex_column.av-lswjgq-ef0b530e641e72c59c26f6996fa9cd63{\nborder-radius:0px 0px 0px 0px;\npadding:0px 0px 0px 0px;\n}\n<\/style>\n<div  class='flex_column av-lswjgq-ef0b530e641e72c59c26f6996fa9cd63 av_one_full  avia-builder-el-0  el_before_av_hr  avia-builder-el-first  first flex_column_div av-zero-column-padding  '     ><section  class='av_textblock_section av-k1vty3ic-55d435deb13fc7e592134d224edd69b5 '   itemscope=\"itemscope\" itemtype=\"https:\/\/schema.org\/CreativeWork\" ><div class='avia_textblock'  itemprop=\"text\" ><h1>F\u00e5 en offert<\/h1>\n<p>Ladda upp dina filer s\u00e4kert f\u00f6r en \u00f6vers\u00e4ttning citat nu. Vi accepterar alla popul\u00e4ra filformat. Om du har flera filer kan du .zip dem tillsammans om du f\u00f6redrar.  <\/p>\n<p>[contact-form-7 id=&#8221;37166&#8243; title=&#8221;Translate Now Form&#8221;]<\/p>\n<\/div><\/section><\/div>\n<div  class='hr av-29er2i-b783cacd526df62802cc28aa1caaa28a hr-default  avia-builder-el-2  el_after_av_one_full  avia-builder-el-last '><span class='hr-inner '><span class=\"hr-inner-style\"><\/span><\/span><\/div>\n","protected":false},"excerpt":{"rendered":"<p>F\u00e5 en \u00f6vers\u00e4ttning Citat Nu: Ladda upp dina filer s\u00e4kert till v\u00e5r server f\u00f6r en \u00f6vers\u00e4ttning qoute. Ber\u00e4tta f\u00f6r oss de spr\u00e5k du beh\u00f6ver, n\u00e5gra speciella instruktioner och vi kommer tillbaka till dig med siffror. <\/p>\n","protected":false},"author":1,"featured_media":105770,"parent":0,"menu_order":0,"comment_status":"closed","ping_status":"closed","template":"","meta":{"footnotes":""},"class_list":["post-120109","page","type-page","status-publish","has-post-thumbnail","hentry"],"_links":{"self":[{"href":"https:\/\/www.star-ts.com\/sv\/wp-json\/wp\/v2\/pages\/120109","targetHints":{"allow":["GET"]}}],"collection":[{"href":"https:\/\/www.star-ts.com\/sv\/wp-json\/wp\/v2\/pages"}],"about":[{"href":"https:\/\/www.star-ts.com\/sv\/wp-json\/wp\/v2\/types\/page"}],"author":[{"embeddable":true,"href":"https:\/\/www.star-ts.com\/sv\/wp-json\/wp\/v2\/users\/1"}],"replies":[{"embeddable":true,"href":"https:\/\/www.star-ts.com\/sv\/wp-json\/wp\/v2\/comments?post=120109"}],"version-history":[{"count":0,"href":"https:\/\/www.star-ts.com\/sv\/wp-json\/wp\/v2\/pages\/120109\/revisions"}],"wp:featuredmedia":[{"embeddable":true,"href":"https:\/\/www.star-ts.com\/sv\/wp-json\/wp\/v2\/media\/105770"}],"wp:attachment":[{"href":"https:\/\/www.star-ts.com\/sv\/wp-json\/wp\/v2\/media?parent=120109"}],"curies":[{"name":"wp","href":"https:\/\/api.w.org\/{rel}","templated":true}]}}