{"id":120093,"date":"2025-11-07T13:07:00","date_gmt":"2025-11-07T13:07:00","guid":{"rendered":"https:\/\/www.star-ts.com\/star-translation-cloud\/whats-new-cloud\/"},"modified":"2025-11-07T13:07:21","modified_gmt":"2025-11-07T13:07:21","slug":"whats-new-cloud","status":"publish","type":"page","link":"https:\/\/www.star-ts.com\/sv\/software\/star-translation-cloud\/whats-new-cloud\/","title":{"rendered":"Vad \u00e4r nytt i molnet"},"content":{"rendered":"<p><div id='bde_cap'  class='avia-section av-2ufp67d-89d1469ab4e41c5d829f7b154dd71a89 main_color avia-section-default avia-no-shadow  avia-builder-el-0  el_before_av_one_full  avia-builder-el-first  avia-bg-style-scroll container_wrap sidebar_right'  ><div class='container av-section-cont-open' ><main  role=\"main\" itemprop=\"mainContentOfPage\"  class='template-page content  av-content-small alpha units'><div class='post-entry post-entry-type-page post-entry-120093'><div class='entry-content-wrapper clearfix'>\n<section  class='av_textblock_section av-2oqy79l-34a8c4dd6c95ddd1b01186d1efbc5ee8 '   itemscope=\"itemscope\" itemtype=\"https:\/\/schema.org\/CreativeWork\" ><div class='avia_textblock'  itemprop=\"text\" ><div class=\"top_cap X1\">\n<h1>Uppdateringar av \u00f6vers\u00e4ttningsmolnet<\/h1>\n<p>Se vad vi har arbetat med i STAR <a href=\"https:\/\/www.star-ts.com\/sv\/star-translation-cloud\/\">Translation Cloud<\/a>.<\/p>\n<p><a href=\"https:\/\/www.star-ts.com\/sv\/star-translation-cloud\/\">Molntj\u00e4nster<\/a><\/p>\n<\/div>\n<\/div><\/section>\n<\/div><\/div><\/main><!-- close content main element --><\/div><\/div><div id='after_section_1'  class='main_color av_default_container_wrap container_wrap sidebar_right'  ><div class='container av-section-cont-open' ><div class='template-page content  av-content-small alpha units'><div class='post-entry post-entry-type-page post-entry-120093'><div class='entry-content-wrapper clearfix'>\n<style type=\"text\/css\" data-created_by=\"avia_inline_auto\" id=\"style-css-av-25sj5op-547196f02e83caefd6ddef1e8e77c022\">\n.flex_column.av-25sj5op-547196f02e83caefd6ddef1e8e77c022{\nborder-radius:0px 0px 0px 0px;\npadding:0px 0px 0px 0px;\n}\n<\/style>\n<div  class='flex_column av-25sj5op-547196f02e83caefd6ddef1e8e77c022 av_one_full  avia-builder-el-2  el_after_av_section  el_before_av_one_full  avia-builder-el-first  first flex_column_div av-zero-column-padding  '     ><section  class='av_textblock_section av-5k8h49-ce5d6da689a18bc2eca7c37aa5162882 '   itemscope=\"itemscope\" itemtype=\"https:\/\/schema.org\/CreativeWork\" ><div class='avia_textblock'  itemprop=\"text\" ><div class=\"parX\">\n<h2>Utg\u00e5va 19 juli 2017<\/h2>\n<\/div>\n<div class=\"parX2\">\n<ol>\n<li><strong>Fritexts\u00f6kning av projekt:<\/strong> Nu kan ni snabbt s\u00f6ka efter ert projekt. S\u00f6k med valfri fritext ist\u00e4llet f\u00f6r enbart projektnummer. Om ni gl\u00f6mmer projektnumret men ungef\u00e4r vet namnet kan ni hitta projektet snabbt och enkelt.<br \/>\n<img decoding=\"async\" class=\"aligncenter size-large wp-image-18644\" src=\"https:\/\/www.star-ts.com\/wp-content\/uploads\/2017\/07\/cloudsearch-1030x345.png\" alt=\"molns\u00f6kning\" width=\"1030\" height=\"345\" srcset=\"https:\/\/www.star-ts.com\/wp-content\/uploads\/2017\/07\/cloudsearch-1030x345.png 1030w, https:\/\/www.star-ts.com\/wp-content\/uploads\/2017\/07\/cloudsearch-80x27.png 80w, https:\/\/www.star-ts.com\/wp-content\/uploads\/2017\/07\/cloudsearch-300x101.png 300w, https:\/\/www.star-ts.com\/wp-content\/uploads\/2017\/07\/cloudsearch-768x257.png 768w, https:\/\/www.star-ts.com\/wp-content\/uploads\/2017\/07\/cloudsearch-705x236.png 705w, https:\/\/www.star-ts.com\/wp-content\/uploads\/2017\/07\/cloudsearch-450x151.png 450w, https:\/\/www.star-ts.com\/wp-content\/uploads\/2017\/07\/cloudsearch.png 1041w\" sizes=\"(max-width: 1030px) 100vw, 1030px\" \/><\/li>\n<li> <strong>F\u00f6rb\u00e4ttrad inloggnings- och registreringsprocess:<\/strong> Vi f\u00f6renklar registrerings- och inloggningsprocessen.<\/li>\n<li><strong>Best\u00e4llarens e-postuppgifter:<\/strong> F\u00f6r v\u00e5ra st\u00f6rre f\u00f6retagskunder kan ni nu se e-postadressen till den person som best\u00e4llde ett projekt. Idealiskt f\u00f6r ekonomiansvariga eller teamchefer som vill kontrollera projektdetaljer med sitt team. <\/li>\n<\/ol>\n<\/div>\n<\/div><\/section><\/div>\n<style type=\"text\/css\" data-created_by=\"avia_inline_auto\" id=\"style-css-av-11t5ll5-602af5d41f93d535e22d3dbc4399dfad\">\n.flex_column.av-11t5ll5-602af5d41f93d535e22d3dbc4399dfad{\nborder-radius:0px 0px 0px 0px;\npadding:0px 0px 0px 0px;\n}\n<\/style>\n<div  class='flex_column av-11t5ll5-602af5d41f93d535e22d3dbc4399dfad av_one_full  avia-builder-el-4  el_after_av_one_full  avia-builder-el-last  first flex_column_div av-zero-column-padding  column-top-margin'     ><section  class='av_textblock_section av-maiko9-3ac1c5c7d1972007c7322e7d537dbc1f '   itemscope=\"itemscope\" itemtype=\"https:\/\/schema.org\/CreativeWork\" ><div class='avia_textblock'  itemprop=\"text\" ><div class=\"q_job\"><a href=\"https:\/\/cloud.star-ts.com\" target=\"_blank\" rel=\"noopener\">Logga in nu <img decoding=\"async\" src=\"https:\/\/www.star-ts.com\/wp-content\/themes\/STAR-enfold\/assets\/fwd.png\" alt=\"Pilklick\" width=\"18\" height=\"20\"\/><\/a><\/div>\n<\/div><\/section><\/div><\/p>\n","protected":false},"excerpt":{"rendered":"<p>Vad \u00e4r nytt i STAR Translation Cloud. Se v\u00e5ra utvecklingsuppdateringar f\u00f6r alla de senaste funktionsf\u00f6rb\u00e4ttringarna. <\/p>\n","protected":false},"author":1,"featured_media":0,"parent":119976,"menu_order":0,"comment_status":"closed","ping_status":"closed","template":"","meta":{"footnotes":""},"class_list":["post-120093","page","type-page","status-publish","hentry"],"_links":{"self":[{"href":"https:\/\/www.star-ts.com\/sv\/wp-json\/wp\/v2\/pages\/120093","targetHints":{"allow":["GET"]}}],"collection":[{"href":"https:\/\/www.star-ts.com\/sv\/wp-json\/wp\/v2\/pages"}],"about":[{"href":"https:\/\/www.star-ts.com\/sv\/wp-json\/wp\/v2\/types\/page"}],"author":[{"embeddable":true,"href":"https:\/\/www.star-ts.com\/sv\/wp-json\/wp\/v2\/users\/1"}],"replies":[{"embeddable":true,"href":"https:\/\/www.star-ts.com\/sv\/wp-json\/wp\/v2\/comments?post=120093"}],"version-history":[{"count":0,"href":"https:\/\/www.star-ts.com\/sv\/wp-json\/wp\/v2\/pages\/120093\/revisions"}],"up":[{"embeddable":true,"href":"https:\/\/www.star-ts.com\/sv\/wp-json\/wp\/v2\/pages\/119976"}],"wp:attachment":[{"href":"https:\/\/www.star-ts.com\/sv\/wp-json\/wp\/v2\/media?parent=120093"}],"curies":[{"name":"wp","href":"https:\/\/api.w.org\/{rel}","templated":true}]}}