{"id":120089,"date":"2025-11-07T13:06:58","date_gmt":"2025-11-07T13:06:58","guid":{"rendered":"https:\/\/www.star-ts.com\/seo\/"},"modified":"2025-11-07T13:07:14","modified_gmt":"2025-11-07T13:07:14","slug":"seo","status":"publish","type":"page","link":"https:\/\/www.star-ts.com\/sv\/seo\/","title":{"rendered":"Seo"},"content":{"rendered":"<div id='full_slider_1'  class='avia-fullwidth-slider main_color avia-shadow av-small-hide av-mini-hide  avia-builder-el-0  el_before_av_one_fourth  avia-builder-el-first   container_wrap sidebar_right'  ><div  class='avia-slideshow av-k0wcised-052563a3c23308dbd9d640e519120c1b avia-slideshow-featured av_slideshow_full avia-slide-slider av-small-hide av-mini-hide av-slideshow-ui av-control-default av-slideshow-manual av-loop-once av-loop-manual-endless av-default-height-applied   avia-slideshow-1' data-slideshow-options=\"{&quot;animation&quot;:&quot;slide&quot;,&quot;autoplay&quot;:false,&quot;loop_autoplay&quot;:&quot;once&quot;,&quot;interval&quot;:5,&quot;loop_manual&quot;:&quot;manual-endless&quot;,&quot;autoplay_stopper&quot;:false,&quot;noNavigation&quot;:false,&quot;bg_slider&quot;:false,&quot;keep_padding&quot;:false,&quot;hoverpause&quot;:false,&quot;show_slide_delay&quot;:0}\"  itemprop=\"image\" itemscope=\"itemscope\" itemtype=\"https:\/\/schema.org\/ImageObject\" ><ul class='avia-slideshow-inner ' style='padding-bottom: 33.59375%;'><li  class='avia-slideshow-slide av-k0wcised-052563a3c23308dbd9d640e519120c1b__0  av-single-slide slide-1 slide-odd'><div data-rel='slideshow-1' class='avia-slide-wrap '   ><div class='av-slideshow-caption av-k0wcised-052563a3c23308dbd9d640e519120c1b__0 caption_fullwidth caption_center caption_center_framed caption_framed'><div class=\"container caption_container\"><div class=\"slideshow_caption\"><div class=\"slideshow_inner_caption\"><div class=\"slideshow_align_caption\"><h2 class='avia-caption-title '  itemprop=\"name\" >S\u00f6kmotoroptimering (SEO)<\/h2><div class='avia-caption-content '  itemprop=\"description\" ><p>Finns p\u00e5 alla spr\u00e5k. Flerspr\u00e5kig SEO (MSEO)<\/p>\n<\/div><\/div><\/div><\/div><\/div><\/div><img decoding=\"async\" fetchpriority=\"high\" class=\"wp-image-104870 avia-img-lazy-loading-not-104870\"  src=\"https:\/\/www.star-ts.com\/wp-content\/uploads\/2019\/09\/seo-1910521_1280-1280x430.jpg\" width=\"1280\" height=\"430\" title='SEO-tj\u00e4nster' alt='SEO-tj\u00e4nster'  itemprop=\"thumbnailUrl\"   \/><\/div><\/li><\/ul><\/div><\/div><div id='after_full_slider_1'  class='main_color av_default_container_wrap container_wrap sidebar_right'  ><div class='container av-section-cont-open' ><div class='template-page content  av-content-small alpha units'><div class='post-entry post-entry-type-page post-entry-120089'><div class='entry-content-wrapper clearfix'>\n\n<style type=\"text\/css\" data-created_by=\"avia_inline_auto\" id=\"style-css-av-290gmzu-4487e22ecdf818998fe40bb50a8d573b\">\n.flex_column.av-290gmzu-4487e22ecdf818998fe40bb50a8d573b{\nborder-radius:0px 0px 0px 0px;\npadding:0px 0px 0px 0px;\n}\n<\/style>\n<div  class='flex_column av-290gmzu-4487e22ecdf818998fe40bb50a8d573b av_one_fourth  avia-builder-el-1  el_after_av_slideshow_full  el_before_av_three_fourth  avia-builder-el-first  first flex_column_div av-zero-column-padding  '     ><style type=\"text\/css\" data-created_by=\"avia_inline_auto\" id=\"style-css-av-k0wcj2oc-a0af87e712d553d8d5d595e70a61f051\">\n.avia-image-container.av-k0wcj2oc-a0af87e712d553d8d5d595e70a61f051 img.avia_image{\nbox-shadow:none;\n}\n.avia-image-container.av-k0wcj2oc-a0af87e712d553d8d5d595e70a61f051 .av-image-caption-overlay-center{\ncolor:#ffffff;\n}\n<\/style>\n<div  class='avia-image-container av-k0wcj2oc-a0af87e712d553d8d5d595e70a61f051 av-styling- avia-align-center  avia-builder-el-2  avia-builder-el-no-sibling '   itemprop=\"image\" itemscope=\"itemscope\" itemtype=\"https:\/\/schema.org\/ImageObject\" ><div class=\"avia-image-container-inner\"><div class=\"avia-image-overlay-wrap\"><img decoding=\"async\" fetchpriority=\"high\" class='wp-image-104840 avia-img-lazy-loading-not-104840 avia_image ' src=\"https:\/\/www.star-ts.com\/wp-content\/uploads\/2019\/09\/seo-1327870_1280-1210x423.png\" alt='SEO-tj\u00e4nster' title='SEO-tj\u00e4nster'  height=\"423\" width=\"1210\"  itemprop=\"thumbnailUrl\"  \/><\/div><\/div><\/div><\/div>\n\n<style type=\"text\/css\" data-created_by=\"avia_inline_auto\" id=\"style-css-av-1l61uzu-61fcd1cc76782345ba70e8f45714727f\">\n.flex_column.av-1l61uzu-61fcd1cc76782345ba70e8f45714727f{\nborder-radius:0px 0px 0px 0px;\npadding:0px 0px 0px 0px;\n}\n<\/style>\n<div  class='flex_column av-1l61uzu-61fcd1cc76782345ba70e8f45714727f av_three_fourth  avia-builder-el-3  el_after_av_one_fourth  el_before_av_one_full  flex_column_div av-zero-column-padding  '     ><section  class='av_textblock_section av-k0wcn1b1-af9de80755ae13db6e013c0b3e8caeea '   itemscope=\"itemscope\" itemtype=\"https:\/\/schema.org\/CreativeWork\" ><div class='avia_textblock'  itemprop=\"text\" ><h1>Internationell SEO<\/h1>\n<p>Innan du p\u00e5b\u00f6rjar ett SEO-projekt b\u00f6r du g\u00f6ra en SEO-granskning av din nuvarande webbplats. Detta ger dig snabbt en status \u00f6ver var du befinner dig och vart du beh\u00f6ver g\u00e5. <\/p>\n<p>Om det finns n\u00e5gra fel p\u00e5 din webbplats \u00e4r det b\u00e4st att fixa dem innan du startar ditt SEO-projekt. P\u00e5 STAR kan vi tillhandah\u00e5lla SEO-granskningar, webbplatsgranskningar och flerspr\u00e5kig SEO f\u00f6r att hj\u00e4lpa dig \u00f6ka din globala trafik. Ny till SEO? L\u00e4r dig de tv\u00e5 viktigaste aspekterna av SEO du beh\u00f6ver veta om i v\u00e5r <a href=\"https:\/\/www.star-ts.com\/business\/seo\/worlds-shortest-seo-training-course\/\">korta video p\u00e5 SEO<\/a>.<\/p>\n<\/div><\/section><\/div>\n\n<style type=\"text\/css\" data-created_by=\"avia_inline_auto\" id=\"style-css-av-17aw1ey-2cd62ee41f4b7e42cf8c9a9d58a7182e\">\n.flex_column.av-17aw1ey-2cd62ee41f4b7e42cf8c9a9d58a7182e{\nborder-radius:0px 0px 0px 0px;\npadding:0px 0px 0px 0px;\n}\n<\/style>\n<div  class='flex_column av-17aw1ey-2cd62ee41f4b7e42cf8c9a9d58a7182e av_one_full  avia-builder-el-5  el_after_av_three_fourth  el_before_av_one_full  first flex_column_div av-zero-column-padding  column-top-margin'     ><section  class='av_textblock_section av-k0wcr59r-2b72d98d5fe7cf272ffaf552fa42ccd8 '   itemscope=\"itemscope\" itemtype=\"https:\/\/schema.org\/CreativeWork\" ><div class='avia_textblock'  itemprop=\"text\" ><h2>Flerspr\u00e5kig SEO (SEO)<\/h2>\n<p>Flerspr\u00e5kig SEO har ett antal viktiga steg f\u00f6r att bli framg\u00e5ngsrik. Den f\u00f6rsta \u00e4r en ren webbplats, f\u00f6ljt av s\u00f6kord forskning och sedan professionella \u00f6vers\u00e4ttningstj\u00e4nster. <\/p>\n<p>Processen blir d\u00e5 en p\u00e5g\u00e5ende process som du \u00f6vervaka din webbplats mot din konkurrens. Du m\u00e5ste g\u00f6ra \u00e4ndringar l\u00f6pande f\u00f6r att rankas h\u00f6gt och ligga steget f\u00f6re i Googles rankningsspel. <\/p>\n<p>Det finns ett antal omr\u00e5den du kan f\u00f6rb\u00e4ttra webbplatsen inklusive hur du hanterar Du b\u00f6r l\u00e4sa <a href=\"https:\/\/www.star-ts.com\/business\/seo\/international-seo-and-impact-of-stock-images\/\">bilderna som flaggor.<\/a><\/p>\n<p><a href=\"https:\/\/www.star-ts.com\/translation-faq\/what-is-multilingual-search-engine-submission\/\">Vad \u00e4r Flerspr\u00e5kig SEO?<\/a><\/p>\n<h3>Var synlig med flerspr\u00e5kig s\u00f6kmotoroptimering<\/h3>\n<p>Beroende p\u00e5 vilket land du riktar dig till, m\u00e5ste du kontrollera vilken som \u00e4r den b\u00e4sta s\u00f6kmotorn att registrera sig hos. <a href=\"http:\/\/www.baidu.com\" target=\"_blank\" rel=\"noopener\">Baidu<\/a> \u00e4r den st\u00f6rsta s\u00f6kmotorn i Kina, till exempel.  S\u00e5 du m\u00e5ste se till att du \u00e4r p\u00e5 detta f\u00f6r att vara synlig.<\/p>\n<p>Det finns hundratals s\u00f6kmotorer runt om i v\u00e4rlden; efter att din nya webbplats har lanserats m\u00e5ste du se till att dina spr\u00e5kversioner skickas in korrekt.<\/p>\n<p>V\u00e5rt webbteam kan skicka in din webbplats korrekt i varje land f\u00f6r att s\u00e4kerst\u00e4lla maximal synlighet. Oavsett ditt m\u00e5l land och s\u00f6kmotorn f\u00f6redrar det Google, Baidu eller Bing, l\u00e5t oss hj\u00e4lpa dig att v\u00e4xa din online flerspr\u00e5kig n\u00e4rvaro. <\/p>\n<h3>Relaterade artiklar<\/h3>\n<p><a href=\"https:\/\/www.star-ts.com\/business\/seo\/how-to-develop-an-seo-strategy\/\">Hur man utvecklar en SEO-strategi<\/a><\/p>\n<p><a href=\"https:\/\/www.star-ts.com\/business\/seo\/worlds-shortest-seo-training-course\/\">V\u00e4rldens kortaste SEO-utbildning<\/a><\/p>\n<p><a href=\"https:\/\/www.star-ts.com\/translation\/is-there-a-limit-to-how-many-301-redirects-you-can-use-seo\/\">Finns det en gr\u00e4ns f\u00f6r hur m\u00e5nga 301-omdirigeringar du kan anv\u00e4nda? | Seo <\/a><\/p>\n<p><a href=\"https:\/\/www.star-ts.com\/business\/seo\/international-seo-and-impact-of-stock-images\/\">Internationell SEO och inverkan av Stock Images<\/a><\/p>\n<p><a href=\"https:\/\/www.star-ts.com\/business\/google-to-penalize-seo-experts-for-over-optimization\/\">Google varnar SEO Experter f\u00f6r \u00d6ver-optimering<\/a><\/p>\n<p><a href=\"https:\/\/www.star-ts.com\/business\/seo\/killer-landing-pages-by-google\/\">Killer M\u00e5lsidor Av Google<\/a><\/p>\n<\/div><\/section><\/div>\n\n<style type=\"text\/css\" data-created_by=\"avia_inline_auto\" id=\"style-css-av-t2qyui-1e59587698cb99310f1839fced11ee83\">\n.flex_column.av-t2qyui-1e59587698cb99310f1839fced11ee83{\nborder-radius:0px 0px 0px 0px;\npadding:0px 0px 0px 0px;\n}\n<\/style>\n<div  class='flex_column av-t2qyui-1e59587698cb99310f1839fced11ee83 av_one_full  avia-builder-el-7  el_after_av_one_full  el_before_av_one_full  first flex_column_div av-zero-column-padding  column-top-margin'     ><section  class='av_textblock_section av-k0wcurin-b969aeeef44df7bfd4d41a6a9e8b8b80 '   itemscope=\"itemscope\" itemtype=\"https:\/\/schema.org\/CreativeWork\" ><div class='avia_textblock'  itemprop=\"text\" ><h2>Hur rankar din webbplats?<\/h2>\n<p>Vill du se precis hur bra din webbplats \u00e4r att g\u00f6ra? Ta v\u00e5r kostnadsfria webbplatsgranskning s\u00e5 skickar vi en kostnadsfri rapport f\u00f6r att komma ig\u00e5ng. <\/p>\n<p>Vi tillhandah\u00e5ller m\u00e5natliga SEO-tj\u00e4nster till kunder f\u00f6r att \u00f6vervaka din webbplats, och skickar dig regelbundna f\u00f6rb\u00e4ttringar som hj\u00e4lper dig att flytta upp alla viktiga Google leden.<\/p>\n<\/div><\/section><\/div>\n<div  class='flex_column av-1smdxca-7ef54c8c0f2a1990e904664a5da40932 av_one_full  avia-builder-el-9  el_after_av_one_full  avia-builder-el-last  first flex_column_div  column-top-margin'     ><section  class='av_textblock_section av-13f1bey-a31d5cfed7d0ec9c28b0beba5486cbc4 '   itemscope=\"itemscope\" itemtype=\"https:\/\/schema.org\/CreativeWork\" ><div class='avia_textblock'  itemprop=\"text\" ><div  class='avia-button-wrap avia-button-center  avia-builder-el-11  avia-builder-el-no-sibling '>\n<style type=\"text\/css\" data-created_by=\"avia_inline_auto\" id=\"style-css-av-1xmctm-e371be19ecbf87c6824678ddaba54084\">\n#top #wrap_all .avia-button.av-1xmctm-e371be19ecbf87c6824678ddaba54084:hover{\ncolor:white;\ntransition:all 0.4s ease-in-out;\n}\n#top #wrap_all .avia-button.av-1xmctm-e371be19ecbf87c6824678ddaba54084:hover .avia-svg-icon svg:first-child{\nfill:white;\nstroke:white;\n}\n<\/style>\n<a href=\"https:\/\/www.star-ts.com\/sv\/kontakt\/\" class=\"avia-color-theme-color avia-font-color-theme-color avia-button avia-button-fullwidth av-1xmctm-e371be19ecbf87c6824678ddaba54084 avia-icon_select-no avia-color-theme-color\" title=\"Contact Us\" aria-label=\"Contact Us\"><span class='avia_iconbox_title' >Kontakta oss<\/span><span class='avia_button_background avia-button avia-button-fullwidth avia-color-theme-color-highlight'><\/span><\/a><\/div>\n<\/div><\/section><\/div>\n","protected":false},"excerpt":{"rendered":"<p>Innan du startar ett SEO-projekt b\u00f6r du g\u00f6ra en revision p\u00e5 din nuvarande webbplats. Detta ger dig mycket snabbt en status p\u00e5 var du \u00e4r, och vart du beh\u00f6ver g\u00e5. <\/p>\n<p>Om det finns n\u00e5gra fel p\u00e5 din webbplats \u00e4r det b\u00e4st att fixa dem innan du b\u00f6rjade ditt SEO-projekt. P\u00e5 STAR kan vi tillhandah\u00e5lla SEO-granskningar, webbplatsgranskningar och flerspr\u00e5kig SEO f\u00f6r att hj\u00e4lpa dig \u00f6ka din globala trafik.<\/p>\n","protected":false},"author":1,"featured_media":104870,"parent":0,"menu_order":0,"comment_status":"closed","ping_status":"closed","template":"","meta":{"footnotes":""},"class_list":["post-120089","page","type-page","status-publish","has-post-thumbnail","hentry"],"_links":{"self":[{"href":"https:\/\/www.star-ts.com\/sv\/wp-json\/wp\/v2\/pages\/120089","targetHints":{"allow":["GET"]}}],"collection":[{"href":"https:\/\/www.star-ts.com\/sv\/wp-json\/wp\/v2\/pages"}],"about":[{"href":"https:\/\/www.star-ts.com\/sv\/wp-json\/wp\/v2\/types\/page"}],"author":[{"embeddable":true,"href":"https:\/\/www.star-ts.com\/sv\/wp-json\/wp\/v2\/users\/1"}],"replies":[{"embeddable":true,"href":"https:\/\/www.star-ts.com\/sv\/wp-json\/wp\/v2\/comments?post=120089"}],"version-history":[{"count":0,"href":"https:\/\/www.star-ts.com\/sv\/wp-json\/wp\/v2\/pages\/120089\/revisions"}],"wp:featuredmedia":[{"embeddable":true,"href":"https:\/\/www.star-ts.com\/sv\/wp-json\/wp\/v2\/media\/104870"}],"wp:attachment":[{"href":"https:\/\/www.star-ts.com\/sv\/wp-json\/wp\/v2\/media?parent=120089"}],"curies":[{"name":"wp","href":"https:\/\/api.w.org\/{rel}","templated":true}]}}