{"id":120088,"date":"2025-11-07T13:06:57","date_gmt":"2025-11-07T13:06:57","guid":{"rendered":"https:\/\/www.star-ts.com\/cloudwords\/"},"modified":"2025-12-08T14:09:49","modified_gmt":"2025-12-08T14:09:49","slug":"cloudwords","status":"publish","type":"page","link":"https:\/\/www.star-ts.com\/sv\/software\/cloudwords\/","title":{"rendered":"Cloudwords"},"content":{"rendered":"<p>\n<style type=\"text\/css\" data-created_by=\"avia_inline_auto\" id=\"style-css-av-knoxqb-206a7304cc3962174ebddc67e98c6b18\">\n.flex_column.av-knoxqb-206a7304cc3962174ebddc67e98c6b18{\nborder-radius:0px 0px 0px 0px;\npadding:0px 0px 0px 0px;\n}\n<\/style>\n<div  class='flex_column av-knoxqb-206a7304cc3962174ebddc67e98c6b18 av_one_full  avia-builder-el-0  el_before_av_image  avia-builder-el-first  first flex_column_div av-zero-column-padding  '     ><section  class='av_textblock_section av-57t50ub-fa94751e5348cc29a7c12db6a168399f '   itemscope=\"itemscope\" itemtype=\"https:\/\/schema.org\/CreativeWork\" ><div class='avia_textblock'  itemprop=\"text\" ><h1>Cloudwords \u00f6vers\u00e4ttning och lokalisering<\/h1>\n<h2>Hantera ert flerspr\u00e5kiga inneh\u00e5ll anpassat f\u00f6r cloudwords<\/h2>\n<p>Professionell spr\u00e5k\u00f6vers\u00e4ttning och lokalisering f\u00f6r Cloudwords-anv\u00e4ndare.<\/p>\n<\/div><\/section><br \/>\n<section  class='av_textblock_section av-4b6n7s3-f7b5cbfed2f1e702ccd906893a0fbda8 '   itemscope=\"itemscope\" itemtype=\"https:\/\/schema.org\/CreativeWork\" ><div class='avia_textblock'  itemprop=\"text\" ><p>Diskutera \u00f6vers\u00e4ttning av ert inneh\u00e5ll f\u00f6r Cloudwords CMS med v\u00e5rt s\u00e4ljteam idag.<\/p>\n<div class=\"btn_left X2\"><a class=\"xtr button translate\" href=\"https:\/\/www.star-ts.com\/sv\/kontakt\/\">Kontakta f\u00f6rs\u00e4ljning<\/a><\/div>\n<\/div><\/section><\/p><\/div>\n<style type=\"text\/css\" data-created_by=\"avia_inline_auto\" id=\"style-css-av-kp3wlbrc-9672269d5758696b84f5669e8ea558d3\">\n.avia-image-container.av-kp3wlbrc-9672269d5758696b84f5669e8ea558d3 img.avia_image{\nbox-shadow:none;\n}\n.avia-image-container.av-kp3wlbrc-9672269d5758696b84f5669e8ea558d3 .av-image-caption-overlay-center{\ncolor:#ffffff;\n}\n<\/style>\n<div  class='avia-image-container av-kp3wlbrc-9672269d5758696b84f5669e8ea558d3 av-styling- avia-align-center  avia-builder-el-3  el_after_av_one_full  el_before_av_one_full '   itemprop=\"image\" itemscope=\"itemscope\" itemtype=\"https:\/\/schema.org\/ImageObject\" ><div class=\"avia-image-container-inner\"><div class=\"avia-image-overlay-wrap\"><img decoding=\"async\" fetchpriority=\"high\" class='wp-image-70423 avia-img-lazy-loading-not-70423 avia_image ' src=\"https:\/\/www.star-ts.com\/wp-content\/uploads\/2016\/08\/cloudwords-logo.png\" alt='Cloudwords logotyp' title=''  height=\"320\" width=\"400\"  itemprop=\"thumbnailUrl\" srcset=\"https:\/\/www.star-ts.com\/wp-content\/uploads\/2016\/08\/cloudwords-logo.png 400w, https:\/\/www.star-ts.com\/wp-content\/uploads\/2016\/08\/cloudwords-logo-80x64.png 80w, https:\/\/www.star-ts.com\/wp-content\/uploads\/2016\/08\/cloudwords-logo-300x240.png 300w\" sizes=\"(max-width: 400px) 100vw, 400px\" \/><\/div><\/div><\/div><\/p>\n<p>\n<style type=\"text\/css\" data-created_by=\"avia_inline_auto\" id=\"style-css-av-3zzr6pv-5796c232a3299f9a0290a27ca2ffa1d5\">\n.flex_column.av-3zzr6pv-5796c232a3299f9a0290a27ca2ffa1d5{\nborder-radius:0px 0px 0px 0px;\npadding:0px 0px 0px 0px;\n}\n<\/style>\n<div  class='flex_column av-3zzr6pv-5796c232a3299f9a0290a27ca2ffa1d5 av_one_full  avia-builder-el-4  el_after_av_image  el_before_av_textblock  first flex_column_div av-zero-column-padding  '     ><section  class='av_textblock_section av-3lx7l8j-165be0d1477b0e56e27b22147217bc72 '   itemscope=\"itemscope\" itemtype=\"https:\/\/schema.org\/CreativeWork\" ><div class='avia_textblock'  itemprop=\"text\" ><h2>Cloudwords \u00f6vers\u00e4ttning<\/h2>\n<h4>Cloudwords CMS<\/h4>\n<p>STAR kan arbeta direkt med cloudwords f\u00f6r att hj\u00e4lpa till att tillhandah\u00e5lla \u00f6ver 200 spr\u00e5k f\u00f6r era projekt.<\/p>\n<\/div><\/section><\/div><section  class='av_textblock_section av-2pnr6bn-4a338f362d44931b207125d45a85f8b6 '   itemscope=\"itemscope\" itemtype=\"https:\/\/schema.org\/CreativeWork\" ><div class='avia_textblock'  itemprop=\"text\" ><h3>Lokalisering f\u00f6r cloudwords<\/h3>\n<p>Sp\u00e5ra era projekt med Cloudwords arbetsfl\u00f6de. STAR hanterar all \u00f6vers\u00e4ttning i bakgrunden.<\/p>\n<\/div><\/section><\/p>\n<\/div><\/div><\/div><!-- close content main div --><\/div><\/div>\n<style type=\"text\/css\" data-created_by=\"avia_inline_auto\" id=\"style-css-av-k0gx2157-307699bb8bdeb8c22c0065ee0c218e70\">\n.avia-section.av-k0gx2157-307699bb8bdeb8c22c0065ee0c218e70{\nbackground-color:#ff7f27;\nbackground-image:unset;\n}\n<\/style>\n<div id='av_section_1'  class='avia-section av-k0gx2157-307699bb8bdeb8c22c0065ee0c218e70 main_color avia-section-default avia-no-border-styling  avia-builder-el-7  el_after_av_textblock  avia-builder-el-last  avia-bg-style-scroll container_wrap sidebar_right'  ><div class='container av-section-cont-open' ><div class='template-page content  av-content-small alpha units'><div class='post-entry post-entry-type-page post-entry-120088'><div class='entry-content-wrapper clearfix'>\n<section  class='av_textblock_section av-zffpn-9b19d1d65eda350fe1fbef528189f03e '   itemscope=\"itemscope\" itemtype=\"https:\/\/schema.org\/CreativeWork\" ><div class='avia_textblock'  itemprop=\"text\" ><h2><span style=\"color: #ffffff;\">B\u00f6rja nu<\/span><\/h2>\n<div  class='avia-button-wrap av-aaau3-e3573e676ea05f5b4bf6cbae59781945-wrap avia-button-left  avia-builder-el-9  avia-builder-el-no-sibling '><a href='https:\/\/www.star-ts.com\/sv\/kontakt\/'  class='avia-button av-aaau3-e3573e676ea05f5b4bf6cbae59781945 av-link-btn avia-icon_select-no avia-size-x-large avia-position-left avia-color-light'   aria-label=\"Kontakta oss\"><span class='avia_iconbox_title' >Kontakta oss<\/span><\/a><\/div>\n<\/div><\/section>\n<\/div><\/div><\/div><!-- close content main div --><\/div><\/div><div id='after_section_1'  class='main_color av_default_container_wrap container_wrap sidebar_right'  ><div class='container av-section-cont-open' ><div class='template-page content  av-content-small alpha units'><div class='post-entry post-entry-type-page post-entry-120088'><div class='entry-content-wrapper clearfix'>\n","protected":false},"excerpt":{"rendered":"<p>\u00d6vers\u00e4tt ert inneh\u00e5ll med CloudWords och STAR:s \u00f6vers\u00e4ttningstj\u00e4nster.<\/p>\n","protected":false},"author":1,"featured_media":70423,"parent":120548,"menu_order":9,"comment_status":"closed","ping_status":"closed","template":"","meta":{"footnotes":""},"class_list":["post-120088","page","type-page","status-publish","has-post-thumbnail","hentry"],"_links":{"self":[{"href":"https:\/\/www.star-ts.com\/sv\/wp-json\/wp\/v2\/pages\/120088","targetHints":{"allow":["GET"]}}],"collection":[{"href":"https:\/\/www.star-ts.com\/sv\/wp-json\/wp\/v2\/pages"}],"about":[{"href":"https:\/\/www.star-ts.com\/sv\/wp-json\/wp\/v2\/types\/page"}],"author":[{"embeddable":true,"href":"https:\/\/www.star-ts.com\/sv\/wp-json\/wp\/v2\/users\/1"}],"replies":[{"embeddable":true,"href":"https:\/\/www.star-ts.com\/sv\/wp-json\/wp\/v2\/comments?post=120088"}],"version-history":[{"count":0,"href":"https:\/\/www.star-ts.com\/sv\/wp-json\/wp\/v2\/pages\/120088\/revisions"}],"up":[{"embeddable":true,"href":"https:\/\/www.star-ts.com\/sv\/wp-json\/wp\/v2\/pages\/120548"}],"wp:featuredmedia":[{"embeddable":true,"href":"https:\/\/www.star-ts.com\/sv\/wp-json\/wp\/v2\/media\/70423"}],"wp:attachment":[{"href":"https:\/\/www.star-ts.com\/sv\/wp-json\/wp\/v2\/media?parent=120088"}],"curies":[{"name":"wp","href":"https:\/\/api.w.org\/{rel}","templated":true}]}}