{"id":120078,"date":"2025-11-07T13:06:49","date_gmt":"2025-11-07T13:06:49","guid":{"rendered":"https:\/\/www.star-ts.com\/alchemer-translation\/"},"modified":"2025-11-07T13:07:14","modified_gmt":"2025-11-07T13:07:14","slug":"alchemer-translation","status":"publish","type":"page","link":"https:\/\/www.star-ts.com\/sv\/alchemer-translation\/","title":{"rendered":"Alchemer \u00f6vers\u00e4ttningstj\u00e4nster | Hur man \u00f6vers\u00e4tter enk\u00e4ter"},"content":{"rendered":"<div id='full_slider_1'  class='avia-fullwidth-slider main_color avia-shadow av-medium-hide av-small-hide av-mini-hide  avia-builder-el-0  el_before_av_one_full  avia-builder-el-first   container_wrap sidebar_right'  ><div  class='avia-slideshow av-24urxg8-4a770b5ab97406d498b78e4706dee896 avia-slideshow-featured av_slideshow_full avia-slide-slider av-medium-hide av-small-hide av-mini-hide av-slideshow-ui av-control-default av-slideshow-manual av-loop-once av-loop-manual-endless av-default-height-applied   avia-slideshow-1' data-slideshow-options=\"{&quot;animation&quot;:&quot;slide&quot;,&quot;autoplay&quot;:false,&quot;loop_autoplay&quot;:&quot;once&quot;,&quot;interval&quot;:5,&quot;loop_manual&quot;:&quot;manual-endless&quot;,&quot;autoplay_stopper&quot;:false,&quot;noNavigation&quot;:false,&quot;bg_slider&quot;:false,&quot;keep_padding&quot;:false,&quot;hoverpause&quot;:false,&quot;show_slide_delay&quot;:0}\"  itemprop=\"image\" itemscope=\"itemscope\" itemtype=\"https:\/\/schema.org\/ImageObject\" ><ul class='avia-slideshow-inner ' style='padding-bottom: 28.666666666667%;'><li  class='avia-slideshow-slide av-24urxg8-4a770b5ab97406d498b78e4706dee896__0  av-single-slide slide-1 slide-odd'><div data-rel='slideshow-1' class='avia-slide-wrap '   ><div class='av-slideshow-caption av-24urxg8-4a770b5ab97406d498b78e4706dee896__0 caption_fullwidth caption_center caption_center_framed caption_framed'><div class=\"container caption_container\"><div class=\"slideshow_caption\"><div class=\"slideshow_inner_caption\"><div class=\"slideshow_align_caption\"><h2 class='avia-caption-title '  itemprop=\"name\" >SurveyGizmo \u00f6vers\u00e4ttningstj\u00e4nster<\/h2><div class='avia-caption-content '  itemprop=\"description\" ><p>\u00d6vers\u00e4tt dina enk\u00e4ter professionellt f\u00f6r h\u00f6gre svarsfrekvens<\/p>\n<\/div><\/div><\/div><\/div><\/div><\/div><img decoding=\"async\" fetchpriority=\"high\" class=\"wp-image-72237 avia-img-lazy-loading-not-72237\"  src=\"https:\/\/www.star-ts.com\/wp-content\/uploads\/2018\/06\/montreal-910653_1920-1500x430.jpg\" width=\"1500\" height=\"430\" title='montreal-910653_1920' alt=''  itemprop=\"thumbnailUrl\"   \/><\/div><\/li><\/ul><\/div><\/div><div id='after_full_slider_1'  class='main_color av_default_container_wrap container_wrap sidebar_right'  ><div class='container av-section-cont-open' ><div class='template-page content  av-content-small alpha units'><div class='post-entry post-entry-type-page post-entry-120078'><div class='entry-content-wrapper clearfix'>\n<p>\n<style type=\"text\/css\" data-created_by=\"avia_inline_auto\" id=\"style-css-av-3ngyig-4b0b536d681ede238c0e79fdabeace69\">\n.flex_column.av-3ngyig-4b0b536d681ede238c0e79fdabeace69{\nborder-radius:0px 0px 0px 0px;\npadding:0px 0px 0px 0px;\n}\n<\/style>\n<div  class='flex_column av-3ngyig-4b0b536d681ede238c0e79fdabeace69 av_one_full  avia-builder-el-1  el_after_av_slideshow_full  el_before_av_one_full  avia-builder-el-first  first flex_column_div av-zero-column-padding  '     ><section  class='av_textblock_section av-weerdk-d8028ff41fdaead318f989d3503d3843 '   itemscope=\"itemscope\" itemtype=\"https:\/\/schema.org\/CreativeWork\" ><div class='avia_textblock'  itemprop=\"text\" ><h1>\u00d6vers\u00e4ttning av Alchemer-enk\u00e4ter<\/h1>\n<p>Att \u00f6vers\u00e4tta dina enk\u00e4ter b\u00f6r vara en enkel uppgift. Processen f\u00f6r att \u00f6vers\u00e4tta Alchemer-enk\u00e4tfiler \u00e4r faktiskt ganska okomplicerad. <\/p>\n<p>Era egna lokala team kan \u00f6vers\u00e4tta era enk\u00e4ter med hj\u00e4lp av sj\u00e4lva plattformen. Alternativt, f\u00f6r professionella resultat, kan ni exportera hela enk\u00e4ttexten till en Excel-fil f\u00f6r \u00f6vers\u00e4ttning. Skicka helt enkelt Excel-filen till er \u00f6vers\u00e4ttningsbyr\u00e5 och importera sedan \u00f6vers\u00e4ttningarna igen efter att \u00f6vers\u00e4ttningen \u00e4r klar.  <\/p>\n<p>Processen \u00e4r fullst\u00e4ndigt dokumenterad p\u00e5 Alchemers webbplats f\u00f6r er att f\u00f6lja:<\/p>\n<ul>\n<li>\u00d6vers\u00e4ttning i sj\u00e4lva systemet:<\/li>\n<li><a href=\"https:\/\/help.alchemer.com\/help\/getting-started-with-survey-translations\" target=\"_blank\" rel=\"noopener\"><strong>https:\/\/help.alchemer.com\/help\/getting-started-with-survey-translations<\/strong><\/a><\/li>\n<\/ul>\n<ul>\n<li>eller s\u00e5 kan ni exportera till Excel, skicka till STAR och \u00e5terimportera efter \u00f6vers\u00e4ttning. (ExportFields) <\/li>\n<li><a href=\"https:\/\/help.alchemer.com\/help\/export-fields-for-translation\" target=\"_blank\" rel=\"noopener\"><strong>https:\/\/help.alchemer.com\/help\/export-fields-for-translation<\/strong><\/a><\/li>\n<\/ul>\n<p>Vi har lokala talare i cirka 70 l\u00e4nder s\u00e5 vi kan hj\u00e4lpa er att leverera era enk\u00e4ter p\u00e5 vilket spr\u00e5k som helst.<\/p>\n<p>Ring oss idag f\u00f6r att diskutera ert n\u00e4sta projekt.<\/p>\n<p><em>*Alchemer \u00e4r det nya namnet f\u00f6r SurveyGizmo.<\/em><\/p>\n<\/div><\/section><\/div><div  class='flex_column av-1ggyf4o-cfbeff7c0b0bde402aa060f28f2f23b1 av_one_full  avia-builder-el-3  el_after_av_one_full  avia-builder-el-last  first flex_column_div  column-top-margin'     ><section  class='av_textblock_section av-19fdwl4-67c531fac9dc4268110ad02adf4be198 '   itemscope=\"itemscope\" itemtype=\"https:\/\/schema.org\/CreativeWork\" ><div class='avia_textblock'  itemprop=\"text\" ><div  class='avia-button-wrap avia-button-center  avia-builder-el-5  avia-builder-el-no-sibling '>\n<style type=\"text\/css\" data-created_by=\"avia_inline_auto\" id=\"style-css-av-tdvfso-dcb40779298a2e32a281d10b68ff3d17\">\n#top #wrap_all .avia-button.av-tdvfso-dcb40779298a2e32a281d10b68ff3d17:hover{\ncolor:white;\ntransition:all 0.4s ease-in-out;\n}\n#top #wrap_all .avia-button.av-tdvfso-dcb40779298a2e32a281d10b68ff3d17:hover .avia-svg-icon svg:first-child{\nfill:white;\nstroke:white;\n}\n<\/style>\n<a href=\"https:\/\/www.star-ts.com\/sv\/kontakt\/\" class=\"avia-color-theme-color avia-font-color-theme-color avia-button avia-button-fullwidth av-tdvfso-dcb40779298a2e32a281d10b68ff3d17 avia-icon_select-no avia-color-theme-color\" title=\"Contact Us\" aria-label=\"Contact Us\"><span class='avia_iconbox_title' >Kontakta oss<\/span><span class='avia_button_background avia-button avia-button-fullwidth avia-color-theme-color-highlight'><\/span><\/a><\/div>\n<\/div><\/section><\/div><\/p>\n","protected":false},"excerpt":{"rendered":"<p>Att \u00f6vers\u00e4tta dina enk\u00e4ter b\u00f6r vara en enkel uppgift. Processen f\u00f6r att \u00f6vers\u00e4tta Alchemer-enk\u00e4tfiler \u00e4r faktiskt ganska okomplicerad. <\/p>\n","protected":false},"author":1,"featured_media":72237,"parent":0,"menu_order":0,"comment_status":"closed","ping_status":"closed","template":"","meta":{"footnotes":""},"class_list":["post-120078","page","type-page","status-publish","has-post-thumbnail","hentry"],"_links":{"self":[{"href":"https:\/\/www.star-ts.com\/sv\/wp-json\/wp\/v2\/pages\/120078","targetHints":{"allow":["GET"]}}],"collection":[{"href":"https:\/\/www.star-ts.com\/sv\/wp-json\/wp\/v2\/pages"}],"about":[{"href":"https:\/\/www.star-ts.com\/sv\/wp-json\/wp\/v2\/types\/page"}],"author":[{"embeddable":true,"href":"https:\/\/www.star-ts.com\/sv\/wp-json\/wp\/v2\/users\/1"}],"replies":[{"embeddable":true,"href":"https:\/\/www.star-ts.com\/sv\/wp-json\/wp\/v2\/comments?post=120078"}],"version-history":[{"count":0,"href":"https:\/\/www.star-ts.com\/sv\/wp-json\/wp\/v2\/pages\/120078\/revisions"}],"wp:featuredmedia":[{"embeddable":true,"href":"https:\/\/www.star-ts.com\/sv\/wp-json\/wp\/v2\/media\/72237"}],"wp:attachment":[{"href":"https:\/\/www.star-ts.com\/sv\/wp-json\/wp\/v2\/media?parent=120078"}],"curies":[{"name":"wp","href":"https:\/\/api.w.org\/{rel}","templated":true}]}}