{"id":120060,"date":"2025-11-07T13:06:36","date_gmt":"2025-11-07T13:06:36","guid":{"rendered":"https:\/\/www.star-ts.com\/about\/key-performance-solutions-limited\/"},"modified":"2025-11-07T13:10:20","modified_gmt":"2025-11-07T13:10:20","slug":"key-performance-solutions-limited","status":"publish","type":"page","link":"https:\/\/www.star-ts.com\/sv\/about\/key-performance-solutions-limited\/","title":{"rendered":"Key performance solutions limited"},"content":{"rendered":"<p>\n<style type=\"text\/css\" data-created_by=\"avia_inline_auto\" id=\"style-css-av-7kvaaj-8d91a9c2430cffd72d91dcfb0a2ea4ba\">\n.flex_column.av-7kvaaj-8d91a9c2430cffd72d91dcfb0a2ea4ba{\nborder-radius:0px 0px 0px 0px;\npadding:0px 0px 0px 0px;\n}\n<\/style>\n<div  class='flex_column av-7kvaaj-8d91a9c2430cffd72d91dcfb0a2ea4ba av_one_full  avia-builder-el-0  el_before_av_one_full  avia-builder-el-first  first flex_column_div av-zero-column-padding  '     ><section  class='av_textblock_section av-3dh5gcb-0730aefb1dbce7c687c00b9a9b977315 '   itemscope=\"itemscope\" itemtype=\"https:\/\/schema.org\/CreativeWork\" ><div class='avia_textblock'  itemprop=\"text\" ><div class=\"posit\">\n<h1>Key performance solutions<br \/>\nt\/a STAR Translation Services<\/h1>\n<\/div>\n<\/div><\/section><br \/>\n<section  class='av_textblock_section av-1mmo4ez-a0e787cfe341df559a98ce1dadf7bceb '   itemscope=\"itemscope\" itemtype=\"https:\/\/schema.org\/CreativeWork\" ><div class='avia_textblock'  itemprop=\"text\" ><h2><strong>F\u00f6retagsinformation<\/strong><\/h2>\n<p><strong>Key Performance Solutions Limited<\/strong>, f\u00f6retagsregistreringsnummer: 358439, tillhandah\u00e5ller \u00f6vers\u00e4ttnings- och flerspr\u00e5kiga informationstj\u00e4nster till f\u00f6retag runt om i v\u00e4rlden.<\/p>\n<p>Key Performance Solutions Ltd \u00e4r ett aktiebolag grundat i Dublin, Irland och registrerat i Irland.<\/p>\n<p>F\u00f6retaget handlar under f\u00f6ljande handelsnamn &#8230;<\/p>\n<p><strong>STAR Translation Services<\/strong> f\u00f6retagsregistreringsnummer 498394 och <strong>STAR Technology Solutions<\/strong> f\u00f6retagsregistreringsnummer 227710.<\/p>\n<p>F\u00f6retaget st\u00f6ds av <a href=\"https:\/\/directory.enterprise-ireland.com\/vendor\/key-performance-solutions-ltd\" target=\"_blank\" rel=\"noopener\">Enterprise Ireland<\/a> och \u00e4r medlem i <a href=\"https:\/\/www.star-group.net\" target=\"_blank\" rel=\"noopener\">STAR Group (STAR AG)<\/a> i Schweiz<\/p>\n<p>Direkt\u00f6rer: <a href=\"https:\/\/www.linkedin.com\/in\/damianscattergood\/\" target=\"_blank\" rel=\"noopener\">Damian scattergood<\/a> och Paul quigley<\/p>\n<p><strong>Grundande:<\/strong><\/p>\n<p>Key Performance Solutions grundades 2002. Startupf\u00f6retaget var kopplat till Enterprise Ireland fr\u00e5n f\u00f6rsta dagen. <\/p>\n<p>F\u00f6retaget gick samman med STAR AG samma \u00e5r och b\u00f6rjade handla som STAR Translation Services kort d\u00e4refter. Sedan dess har f\u00f6retaget vuxit till att bli en ledande leverant\u00f6r av \u00f6vers\u00e4ttningstj\u00e4nster i Irland. <\/p>\n<p>F\u00f6retaget \u00f6vers\u00e4tter till \u00f6ver 200 spr\u00e5k. Det tillhandah\u00e5ller f\u00f6ljande medietj\u00e4nster: <\/p>\n<ul>\n<li>Webbdesign<\/li>\n<li>Webbplats\u00f6vers\u00e4ttning<\/li>\n<li>Flerspr\u00e5kiga SEO-tj\u00e4nster<\/li>\n<li>Dokument\u00f6vers\u00e4ttning<\/li>\n<li>Flerspr\u00e5kiga desktop publishing-tj\u00e4nster<\/li>\n<li>Video\u00f6vers\u00e4ttning och voice-overs<\/li>\n<li>Anpassning av programvara<\/li>\n<\/ul>\n<p><strong>Certifieringar:<\/strong><\/p>\n<p><a href=\"https:\/\/directory.enterprise-ireland.com\/vendor\/key-performance-solutions-ltd\" target=\"_blank\" rel=\"noopener\">Key Performance Solutions Ltd<\/a> \u00e4r certifierat enligt kvalitetsstandarderna <a href=\"https:\/\/www.star-ts.com\/sv\/translation-faq\/vad-innebar-iso-9001-certifiering\/\">ISO 9001<\/a> och <a href=\"https:\/\/www.star-ts.com\/sv\/translation-faq\/vad-innebar-iso-17100-certifiering\/\">ISO 17100<\/a><\/p>\n<\/div><\/section><\/p><\/div><div  class='flex_column av-1kjj7vf-028537725fc0ae383d82bbc87a674ba5 av_one_full  avia-builder-el-3  el_after_av_one_full  avia-builder-el-last  first flex_column_div  column-top-margin'     ><section  class='av_textblock_section av-1252723-9d0f0c717eeebd02b26d428033f7c32a '   itemscope=\"itemscope\" itemtype=\"https:\/\/schema.org\/CreativeWork\" ><div class='avia_textblock'  itemprop=\"text\" ><div  class='avia-button-wrap avia-button-center  avia-builder-el-5  avia-builder-el-no-sibling '>\n<style type=\"text\/css\" data-created_by=\"avia_inline_auto\" id=\"style-css-av-mb87yz-401f46214c4d03a36424a6fd03e4b7ab\">\n#top #wrap_all .avia-button.av-mb87yz-401f46214c4d03a36424a6fd03e4b7ab:hover{\ncolor:white;\ntransition:all 0.4s ease-in-out;\n}\n#top #wrap_all .avia-button.av-mb87yz-401f46214c4d03a36424a6fd03e4b7ab:hover .avia-svg-icon svg:first-child{\nfill:white;\nstroke:white;\n}\n<\/style>\n<a href=\"https:\/\/www.star-ts.com\/sv\/kontakt\/\" class=\"avia-color-theme-color avia-font-color-theme-color avia-button avia-button-fullwidth av-mb87yz-401f46214c4d03a36424a6fd03e4b7ab avia-icon_select-no avia-color-theme-color\" title=\"Contact Us\" aria-label=\"Contact Us\"><span class='avia_iconbox_title' >Kontakta oss<\/span><span class='avia_button_background avia-button avia-button-fullwidth avia-color-theme-color-highlight'><\/span><\/a><\/div>\n<\/div><\/section><\/div><\/p>\n","protected":false},"excerpt":{"rendered":"<p>Key Performance Solutions Limited tillhandah\u00e5ller \u00f6vers\u00e4ttnings- och flerspr\u00e5kiga informationstj\u00e4nster till f\u00f6retag runt om i v\u00e4rlden.<\/p>\n","protected":false},"author":1,"featured_media":0,"parent":63981,"menu_order":16,"comment_status":"closed","ping_status":"open","template":"","meta":{"footnotes":""},"class_list":["post-120060","page","type-page","status-publish","hentry"],"_links":{"self":[{"href":"https:\/\/www.star-ts.com\/sv\/wp-json\/wp\/v2\/pages\/120060","targetHints":{"allow":["GET"]}}],"collection":[{"href":"https:\/\/www.star-ts.com\/sv\/wp-json\/wp\/v2\/pages"}],"about":[{"href":"https:\/\/www.star-ts.com\/sv\/wp-json\/wp\/v2\/types\/page"}],"author":[{"embeddable":true,"href":"https:\/\/www.star-ts.com\/sv\/wp-json\/wp\/v2\/users\/1"}],"replies":[{"embeddable":true,"href":"https:\/\/www.star-ts.com\/sv\/wp-json\/wp\/v2\/comments?post=120060"}],"version-history":[{"count":0,"href":"https:\/\/www.star-ts.com\/sv\/wp-json\/wp\/v2\/pages\/120060\/revisions"}],"up":[{"embeddable":true,"href":"https:\/\/www.star-ts.com\/sv\/wp-json\/wp\/v2\/pages\/63981"}],"wp:attachment":[{"href":"https:\/\/www.star-ts.com\/sv\/wp-json\/wp\/v2\/media?parent=120060"}],"curies":[{"name":"wp","href":"https:\/\/api.w.org\/{rel}","templated":true}]}}