{"id":120040,"date":"2025-11-07T13:06:20","date_gmt":"2025-11-07T13:06:20","guid":{"rendered":"https:\/\/www.star-ts.com\/thank-you\/"},"modified":"2025-11-07T13:06:27","modified_gmt":"2025-11-07T13:06:27","slug":"thank-you","status":"publish","type":"page","link":"https:\/\/www.star-ts.com\/sv\/thank-you\/","title":{"rendered":"Tack"},"content":{"rendered":"<div  class='flex_column av-2vldd25-1cf70c64add91e6659874b2d0eb5b928 av_one_full  avia-builder-el-0  el_before_av_one_full  avia-builder-el-first  first flex_column_div  '     ><section  class='av_textblock_section av-2isukn1-cbf638889cc1025a8ae91d7f00d880aa '   itemscope=\"itemscope\" itemtype=\"https:\/\/schema.org\/CreativeWork\" ><div class='avia_textblock'  itemprop=\"text\" ><div class=\"new-title\">\n<h1>Tack<\/h1>\n<\/div>\n<\/div><\/section><\/div>\n<p><div  class='flex_column av-78yjbx-0699b418233e4e57b2eff42b5c4a435f av_one_full  avia-builder-el-2  el_after_av_one_full  el_before_av_one_full  first flex_column_div  column-top-margin'     ><section  class='av_textblock_section av-1s0ehst-07bed056cdee4e7b4dbcb9a4ab040ad0 '   itemscope=\"itemscope\" itemtype=\"https:\/\/schema.org\/CreativeWork\" ><div class='avia_textblock'  itemprop=\"text\" ><div class=\"ublock\">\n<h3>Er \u00f6vers\u00e4ttningsf\u00f6rfr\u00e5gan<\/h3>\n<p>Vi har mottagit era filer och kommer att kontakta er inom kort.<\/p>\n<p>Om ni beh\u00f6ver ett snabbare svar, v\u00e4nligen ring v\u00e5r f\u00f6rs\u00e4ljningsavdelning direkt p\u00e5 (01) 836 5614<\/p>\n<\/div>\n<\/div><\/section><\/div><div  class='flex_column av-1a51hi5-f6b7abf887754991077335324a189d39 av_one_full  avia-builder-el-4  el_after_av_one_full  avia-builder-el-last  first flex_column_div  column-top-margin'     ><section  class='av_textblock_section av-q87l5p-1553864390730daf6ed0f629f5c50f0e '   itemscope=\"itemscope\" itemtype=\"https:\/\/schema.org\/CreativeWork\" ><div class='avia_textblock'  itemprop=\"text\" ><div class=\"translate\">\n<p><a class=\"button\" href=\"https:\/\/www.star-ts.com\/sv\/translation-faq\/\">L\u00e4s v\u00e5ra vanliga fr\u00e5gor<\/a><\/div>\n<\/div><\/section><\/div><\/p>\n","protected":false},"excerpt":{"rendered":"","protected":false},"author":1,"featured_media":0,"parent":0,"menu_order":0,"comment_status":"open","ping_status":"open","template":"","meta":{"footnotes":""},"class_list":["post-120040","page","type-page","status-publish","hentry"],"_links":{"self":[{"href":"https:\/\/www.star-ts.com\/sv\/wp-json\/wp\/v2\/pages\/120040","targetHints":{"allow":["GET"]}}],"collection":[{"href":"https:\/\/www.star-ts.com\/sv\/wp-json\/wp\/v2\/pages"}],"about":[{"href":"https:\/\/www.star-ts.com\/sv\/wp-json\/wp\/v2\/types\/page"}],"author":[{"embeddable":true,"href":"https:\/\/www.star-ts.com\/sv\/wp-json\/wp\/v2\/users\/1"}],"replies":[{"embeddable":true,"href":"https:\/\/www.star-ts.com\/sv\/wp-json\/wp\/v2\/comments?post=120040"}],"version-history":[{"count":0,"href":"https:\/\/www.star-ts.com\/sv\/wp-json\/wp\/v2\/pages\/120040\/revisions"}],"wp:attachment":[{"href":"https:\/\/www.star-ts.com\/sv\/wp-json\/wp\/v2\/media?parent=120040"}],"curies":[{"name":"wp","href":"https:\/\/api.w.org\/{rel}","templated":true}]}}